{"id":155657,"date":"2022-04-01T12:58:50","date_gmt":"2022-04-01T10:58:50","guid":{"rendered":"https:\/\/www.ikuchyne.sk\/eshop\/?post_type=product&#038;p=155657"},"modified":"2022-04-01T12:58:51","modified_gmt":"2022-04-01T10:58:51","slug":"taburet-modern-barock-storage-75cm-zamat-altrosa-ruzovy","status":"publish","type":"product","link":"https:\/\/www.ikuchyne.sk\/eshop\/produkt\/taburet-modern-barock-storage-75cm-zamat-altrosa-ruzovy\/","title":{"rendered":"Taburet Modern Barock Storage 75cm zamat altrosa ru\u017eov\u00fd"},"content":{"rendered":"<p>Vn\u00fatro taburetu je mo\u017en\u00e9 vyu\u017ei\u0165 ako \u00falo\u017en\u00fd priestor.<br \/>\nSedadlo je odn\u00edmate\u013en\u00e9.<\/p>\n<p><b>Rozmery<\/b> (cca):<br \/>\n75 cm x 44 cm x 75 cm (\u0160xVxH)<\/p>\n<p><strong>Materi\u00e1l:<\/strong><br \/>\nPo\u0165ah: zamat (100% polyester)<\/p>\n<p>ozdobn\u00e9 pre\u0161\u00edvanie | ozdobn\u00e9 gomb\u00edky<\/p>\n<p><strong>Farba:<\/strong> altrosa ru\u017eov\u00e1<br \/>\nChesterfield dizajn<\/p>\n<p>Mo\u017eno pou\u017ei\u0165 aj ako konferen\u010dn\u00fd stol\u00edk.<\/p>\n","protected":false},"excerpt":{"rendered":"<p>Vn\u00fatro taburetu je mo\u017en\u00e9 vyu\u017ei\u0165 ako \u00falo\u017en\u00fd priestor. Sedadlo je odn\u00edmate\u013en\u00e9. Rozmery (cca): 75 cm x 44 cm x 75 cm (\u0160xVxH) Materi\u00e1l: Po\u0165ah: zamat (100% polyester) ozdobn\u00e9 pre\u0161\u00edvanie |<\/p>\n","protected":false},"featured_media":155658,"comment_status":"closed","ping_status":"closed","template":"","meta":[],"product_cat":[936,772,600,935,604],"product_tag":[1080,200],"yoast_head":"<!-- This site is optimized with the Yoast SEO plugin v22.1 - https:\/\/yoast.com\/wordpress\/plugins\/seo\/ -->\n<title>Taburet Modern Barock Storage 75cm zamat altrosa ru\u017eov\u00fd &#187; iKuchyne iSHOP s n\u00e1bytkom<\/title>\n<meta name=\"description\" content=\"K\u00fapte si u n\u00e1s Taburet Modern Barock Storage 75cm zamat altrosa ru\u017eov\u00fd za akciov\u00fa cenu. R\u00fdchle dodanie tovaru, odborn\u00e9 poradenstvo a stovky produktov skladom. Taburet Modern Barock Storage 75cm zamat altrosa ru\u017eov\u00fd sa stane dominantou V\u00e1\u0161ho interi\u00e9ru. Internetov\u00fd obchod ikuchyne! pon\u00faka odber Taburet Modern Barock Storage 75cm zamat altrosa ru\u017eov\u00fd u\u017e od 1 kusu.\" \/>\n<meta name=\"robots\" content=\"index, follow, max-snippet:-1, max-image-preview:large, max-video-preview:-1\" \/>\n<link rel=\"canonical\" href=\"https:\/\/www.ikuchyne.sk\/eshop\/produkt\/taburet-modern-barock-storage-75cm-zamat-altrosa-ruzovy\/\" \/>\n<meta property=\"og:locale\" content=\"sk_SK\" \/>\n<meta property=\"og:type\" content=\"article\" \/>\n<meta property=\"og:title\" content=\"Taburet Modern Barock Storage 75cm zamat altrosa ru\u017eov\u00fd &#187; iKuchyne iSHOP s n\u00e1bytkom\" \/>\n<meta property=\"og:description\" content=\"K\u00fapte si u n\u00e1s Taburet Modern Barock Storage 75cm zamat altrosa ru\u017eov\u00fd za akciov\u00fa cenu. R\u00fdchle dodanie tovaru, odborn\u00e9 poradenstvo a stovky produktov skladom. Taburet Modern Barock Storage 75cm zamat altrosa ru\u017eov\u00fd sa stane dominantou V\u00e1\u0161ho interi\u00e9ru. Internetov\u00fd obchod ikuchyne! pon\u00faka odber Taburet Modern Barock Storage 75cm zamat altrosa ru\u017eov\u00fd u\u017e od 1 kusu.\" \/>\n<meta property=\"og:url\" content=\"https:\/\/www.ikuchyne.sk\/eshop\/produkt\/taburet-modern-barock-storage-75cm-zamat-altrosa-ruzovy\/\" \/>\n<meta property=\"og:site_name\" content=\"iKuchyne iSHOP s n\u00e1bytkom\" \/>\n<meta property=\"article:publisher\" content=\"https:\/\/www.facebook.com\/ikuchyne\/\" \/>\n<meta property=\"article:modified_time\" content=\"2022-04-01T10:58:51+00:00\" \/>\n<meta property=\"og:image\" content=\"https:\/\/www.ikuchyne.sk\/eshop\/wp-content\/uploads\/2022\/03\/Taburet-Modern-Barock-Storage-75cm-zamat-altrosa-40744.jpg\" \/>\n\t<meta property=\"og:image:width\" content=\"800\" \/>\n\t<meta property=\"og:image:height\" content=\"534\" \/>\n\t<meta property=\"og:image:type\" content=\"image\/jpeg\" \/>\n<meta name=\"twitter:card\" content=\"summary_large_image\" \/>\n<meta name=\"twitter:label1\" content=\"Predpokladan\u00fd \u010das \u010d\u00edtania\" \/>\n\t<meta name=\"twitter:data1\" content=\"1 min\u00fata\" \/>\n<script type=\"application\/ld+json\" class=\"yoast-schema-graph\">{\"@context\":\"https:\/\/schema.org\",\"@graph\":[{\"@type\":\"WebPage\",\"@id\":\"https:\/\/www.ikuchyne.sk\/eshop\/produkt\/taburet-modern-barock-storage-75cm-zamat-altrosa-ruzovy\/\",\"url\":\"https:\/\/www.ikuchyne.sk\/eshop\/produkt\/taburet-modern-barock-storage-75cm-zamat-altrosa-ruzovy\/\",\"name\":\"Taburet Modern Barock Storage 75cm zamat altrosa ru\u017eov\u00fd &#187; iKuchyne iSHOP s n\u00e1bytkom\",\"isPartOf\":{\"@id\":\"https:\/\/www.ikuchyne.sk\/eshop\/#website\"},\"datePublished\":\"2022-04-01T10:58:50+00:00\",\"dateModified\":\"2022-04-01T10:58:51+00:00\",\"description\":\"K\u00fapte si u n\u00e1s Taburet Modern Barock Storage 75cm zamat altrosa ru\u017eov\u00fd za akciov\u00fa cenu. R\u00fdchle dodanie tovaru, odborn\u00e9 poradenstvo a stovky produktov skladom. Taburet Modern Barock Storage 75cm zamat altrosa ru\u017eov\u00fd sa stane dominantou V\u00e1\u0161ho interi\u00e9ru. Internetov\u00fd obchod ikuchyne! pon\u00faka odber Taburet Modern Barock Storage 75cm zamat altrosa ru\u017eov\u00fd u\u017e od 1 kusu.\",\"breadcrumb\":{\"@id\":\"https:\/\/www.ikuchyne.sk\/eshop\/produkt\/taburet-modern-barock-storage-75cm-zamat-altrosa-ruzovy\/#breadcrumb\"},\"inLanguage\":\"sk-SK\",\"potentialAction\":[{\"@type\":\"ReadAction\",\"target\":[\"https:\/\/www.ikuchyne.sk\/eshop\/produkt\/taburet-modern-barock-storage-75cm-zamat-altrosa-ruzovy\/\"]}]},{\"@type\":\"BreadcrumbList\",\"@id\":\"https:\/\/www.ikuchyne.sk\/eshop\/produkt\/taburet-modern-barock-storage-75cm-zamat-altrosa-ruzovy\/#breadcrumb\",\"itemListElement\":[{\"@type\":\"ListItem\",\"position\":1,\"name\":\"Home\",\"item\":\"https:\/\/www.ikuchyne.sk\/eshop\/\"},{\"@type\":\"ListItem\",\"position\":2,\"name\":\"Obchod\",\"item\":\"https:\/\/www.ikuchyne.sk\/eshop\/obchod\/\"},{\"@type\":\"ListItem\",\"position\":3,\"name\":\"Taburet Modern Barock Storage 75cm zamat altrosa ru\u017eov\u00fd\"}]},{\"@type\":\"WebSite\",\"@id\":\"https:\/\/www.ikuchyne.sk\/eshop\/#website\",\"url\":\"https:\/\/www.ikuchyne.sk\/eshop\/\",\"name\":\"iKuchyne iSHOP s n\u00e1bytkom\",\"description\":\"Jed\u00e1lensk\u00e9 stoly, stoli\u010dky, n\u00e1bytok, svietidl\u00e1...\",\"publisher\":{\"@id\":\"https:\/\/www.ikuchyne.sk\/eshop\/#organization\"},\"potentialAction\":[{\"@type\":\"SearchAction\",\"target\":{\"@type\":\"EntryPoint\",\"urlTemplate\":\"https:\/\/www.ikuchyne.sk\/eshop\/?s={search_term_string}\"},\"query-input\":\"required name=search_term_string\"}],\"inLanguage\":\"sk-SK\"},{\"@type\":\"Organization\",\"@id\":\"https:\/\/www.ikuchyne.sk\/eshop\/#organization\",\"name\":\"ikuchyne!\",\"url\":\"https:\/\/www.ikuchyne.sk\/eshop\/\",\"logo\":{\"@type\":\"ImageObject\",\"inLanguage\":\"sk-SK\",\"@id\":\"https:\/\/www.ikuchyne.sk\/eshop\/#\/schema\/logo\/image\/\",\"url\":\"https:\/\/www.ikuchyne.sk\/eshop\/wp-content\/uploads\/2017\/04\/ikuchyne-logo.jpg\",\"contentUrl\":\"https:\/\/www.ikuchyne.sk\/eshop\/wp-content\/uploads\/2017\/04\/ikuchyne-logo.jpg\",\"width\":200,\"height\":48,\"caption\":\"ikuchyne!\"},\"image\":{\"@id\":\"https:\/\/www.ikuchyne.sk\/eshop\/#\/schema\/logo\/image\/\"},\"sameAs\":[\"https:\/\/www.facebook.com\/ikuchyne\/\",\"https:\/\/www.instagram.com\/ikuchyne.sk\/\",\"https:\/\/sk.pinterest.com\/ikuchynesk\/\"]}]}<\/script>\n<!-- \/ Yoast SEO plugin. -->","yoast_head_json":{"title":"Taburet Modern Barock Storage 75cm zamat altrosa ru\u017eov\u00fd &#187; iKuchyne iSHOP s n\u00e1bytkom","description":"K\u00fapte si u n\u00e1s Taburet Modern Barock Storage 75cm zamat altrosa ru\u017eov\u00fd za akciov\u00fa cenu. R\u00fdchle dodanie tovaru, odborn\u00e9 poradenstvo a stovky produktov skladom. Taburet Modern Barock Storage 75cm zamat altrosa ru\u017eov\u00fd sa stane dominantou V\u00e1\u0161ho interi\u00e9ru. Internetov\u00fd obchod ikuchyne! pon\u00faka odber Taburet Modern Barock Storage 75cm zamat altrosa ru\u017eov\u00fd u\u017e od 1 kusu.","robots":{"index":"index","follow":"follow","max-snippet":"max-snippet:-1","max-image-preview":"max-image-preview:large","max-video-preview":"max-video-preview:-1"},"canonical":"https:\/\/www.ikuchyne.sk\/eshop\/produkt\/taburet-modern-barock-storage-75cm-zamat-altrosa-ruzovy\/","og_locale":"sk_SK","og_type":"article","og_title":"Taburet Modern Barock Storage 75cm zamat altrosa ru\u017eov\u00fd &#187; iKuchyne iSHOP s n\u00e1bytkom","og_description":"K\u00fapte si u n\u00e1s Taburet Modern Barock Storage 75cm zamat altrosa ru\u017eov\u00fd za akciov\u00fa cenu. R\u00fdchle dodanie tovaru, odborn\u00e9 poradenstvo a stovky produktov skladom. Taburet Modern Barock Storage 75cm zamat altrosa ru\u017eov\u00fd sa stane dominantou V\u00e1\u0161ho interi\u00e9ru. Internetov\u00fd obchod ikuchyne! pon\u00faka odber Taburet Modern Barock Storage 75cm zamat altrosa ru\u017eov\u00fd u\u017e od 1 kusu.","og_url":"https:\/\/www.ikuchyne.sk\/eshop\/produkt\/taburet-modern-barock-storage-75cm-zamat-altrosa-ruzovy\/","og_site_name":"iKuchyne iSHOP s n\u00e1bytkom","article_publisher":"https:\/\/www.facebook.com\/ikuchyne\/","article_modified_time":"2022-04-01T10:58:51+00:00","og_image":[{"width":800,"height":534,"url":"https:\/\/www.ikuchyne.sk\/eshop\/wp-content\/uploads\/2022\/03\/Taburet-Modern-Barock-Storage-75cm-zamat-altrosa-40744.jpg","type":"image\/jpeg"}],"twitter_card":"summary_large_image","twitter_misc":{"Predpokladan\u00fd \u010das \u010d\u00edtania":"1 min\u00fata"},"schema":{"@context":"https:\/\/schema.org","@graph":[{"@type":"WebPage","@id":"https:\/\/www.ikuchyne.sk\/eshop\/produkt\/taburet-modern-barock-storage-75cm-zamat-altrosa-ruzovy\/","url":"https:\/\/www.ikuchyne.sk\/eshop\/produkt\/taburet-modern-barock-storage-75cm-zamat-altrosa-ruzovy\/","name":"Taburet Modern Barock Storage 75cm zamat altrosa ru\u017eov\u00fd &#187; iKuchyne iSHOP s n\u00e1bytkom","isPartOf":{"@id":"https:\/\/www.ikuchyne.sk\/eshop\/#website"},"datePublished":"2022-04-01T10:58:50+00:00","dateModified":"2022-04-01T10:58:51+00:00","description":"K\u00fapte si u n\u00e1s Taburet Modern Barock Storage 75cm zamat altrosa ru\u017eov\u00fd za akciov\u00fa cenu. R\u00fdchle dodanie tovaru, odborn\u00e9 poradenstvo a stovky produktov skladom. Taburet Modern Barock Storage 75cm zamat altrosa ru\u017eov\u00fd sa stane dominantou V\u00e1\u0161ho interi\u00e9ru. Internetov\u00fd obchod ikuchyne! pon\u00faka odber Taburet Modern Barock Storage 75cm zamat altrosa ru\u017eov\u00fd u\u017e od 1 kusu.","breadcrumb":{"@id":"https:\/\/www.ikuchyne.sk\/eshop\/produkt\/taburet-modern-barock-storage-75cm-zamat-altrosa-ruzovy\/#breadcrumb"},"inLanguage":"sk-SK","potentialAction":[{"@type":"ReadAction","target":["https:\/\/www.ikuchyne.sk\/eshop\/produkt\/taburet-modern-barock-storage-75cm-zamat-altrosa-ruzovy\/"]}]},{"@type":"BreadcrumbList","@id":"https:\/\/www.ikuchyne.sk\/eshop\/produkt\/taburet-modern-barock-storage-75cm-zamat-altrosa-ruzovy\/#breadcrumb","itemListElement":[{"@type":"ListItem","position":1,"name":"Home","item":"https:\/\/www.ikuchyne.sk\/eshop\/"},{"@type":"ListItem","position":2,"name":"Obchod","item":"https:\/\/www.ikuchyne.sk\/eshop\/obchod\/"},{"@type":"ListItem","position":3,"name":"Taburet Modern Barock Storage 75cm zamat altrosa ru\u017eov\u00fd"}]},{"@type":"WebSite","@id":"https:\/\/www.ikuchyne.sk\/eshop\/#website","url":"https:\/\/www.ikuchyne.sk\/eshop\/","name":"iKuchyne iSHOP s n\u00e1bytkom","description":"Jed\u00e1lensk\u00e9 stoly, stoli\u010dky, n\u00e1bytok, svietidl\u00e1...","publisher":{"@id":"https:\/\/www.ikuchyne.sk\/eshop\/#organization"},"potentialAction":[{"@type":"SearchAction","target":{"@type":"EntryPoint","urlTemplate":"https:\/\/www.ikuchyne.sk\/eshop\/?s={search_term_string}"},"query-input":"required name=search_term_string"}],"inLanguage":"sk-SK"},{"@type":"Organization","@id":"https:\/\/www.ikuchyne.sk\/eshop\/#organization","name":"ikuchyne!","url":"https:\/\/www.ikuchyne.sk\/eshop\/","logo":{"@type":"ImageObject","inLanguage":"sk-SK","@id":"https:\/\/www.ikuchyne.sk\/eshop\/#\/schema\/logo\/image\/","url":"https:\/\/www.ikuchyne.sk\/eshop\/wp-content\/uploads\/2017\/04\/ikuchyne-logo.jpg","contentUrl":"https:\/\/www.ikuchyne.sk\/eshop\/wp-content\/uploads\/2017\/04\/ikuchyne-logo.jpg","width":200,"height":48,"caption":"ikuchyne!"},"image":{"@id":"https:\/\/www.ikuchyne.sk\/eshop\/#\/schema\/logo\/image\/"},"sameAs":["https:\/\/www.facebook.com\/ikuchyne\/","https:\/\/www.instagram.com\/ikuchyne.sk\/","https:\/\/sk.pinterest.com\/ikuchynesk\/"]}]}},"_links":{"self":[{"href":"https:\/\/www.ikuchyne.sk\/eshop\/wp-json\/wp\/v2\/product\/155657"}],"collection":[{"href":"https:\/\/www.ikuchyne.sk\/eshop\/wp-json\/wp\/v2\/product"}],"about":[{"href":"https:\/\/www.ikuchyne.sk\/eshop\/wp-json\/wp\/v2\/types\/product"}],"replies":[{"embeddable":true,"href":"https:\/\/www.ikuchyne.sk\/eshop\/wp-json\/wp\/v2\/comments?post=155657"}],"wp:featuredmedia":[{"embeddable":true,"href":"https:\/\/www.ikuchyne.sk\/eshop\/wp-json\/wp\/v2\/media\/155658"}],"wp:attachment":[{"href":"https:\/\/www.ikuchyne.sk\/eshop\/wp-json\/wp\/v2\/media?parent=155657"}],"wp:term":[{"taxonomy":"product_cat","embeddable":true,"href":"https:\/\/www.ikuchyne.sk\/eshop\/wp-json\/wp\/v2\/product_cat?post=155657"},{"taxonomy":"product_tag","embeddable":true,"href":"https:\/\/www.ikuchyne.sk\/eshop\/wp-json\/wp\/v2\/product_tag?post=155657"}],"curies":[{"name":"wp","href":"https:\/\/api.w.org\/{rel}","templated":true}]}}