{"id":157588,"date":"2022-09-22T15:57:29","date_gmt":"2022-09-22T13:57:29","guid":{"rendered":"https:\/\/www.ikuchyne.sk\/eshop\/?post_type=product&#038;p=157588"},"modified":"2022-09-22T15:58:33","modified_gmt":"2022-09-22T13:58:33","slug":"rozkladaci-jedalensky-stol-x7-180-240cm-mramor-optik","status":"publish","type":"product","link":"https:\/\/www.ikuchyne.sk\/eshop\/produkt\/rozkladaci-jedalensky-stol-x7-180-240cm-mramor-optik\/","title":{"rendered":"Rozkladac\u00ed jed\u00e1lensk\u00fd st\u00f4l X7 180-240cm mramor optik"},"content":{"rendered":"<p>Dosku stola je mo\u017en\u00e9 pred\u013a\u017ei\u0165 o 60 cm.<\/p>\n<p><b>Rozmery<\/b> (cca):<br \/>\n180 &#8211; 240 cm x 77 cm x 95 cm (\u0160xVxH)<br \/>\nHr\u00fabka dosky stola: 1,4 cm<br \/>\nVzdialenos\u0165 medzi nohami stola: 163 &#8211; 223 cm (W)<br \/>\nVzdialenos\u0165 medzi podlahou a okrajom stola: 75 cm (V)<\/p>\n<p><strong>Materi\u00e1l:<\/strong><br \/>\nStolov\u00e1 doska: keramika, bezpe\u010dnostn\u00e9 sklo<br \/>\nR\u00e1m: kov s pr\u00e1\u0161kov\u00fdm n\u00e1strekom<\/p>\n<p><strong>Farba:<\/strong><br \/>\nStolov\u00e1 doska: vzh\u013ead \u017eulov\u00e9ho mramoru<br \/>\nR\u00e1m: antracit<\/p>\n","protected":false},"excerpt":{"rendered":"<p>Dosku stola je mo\u017en\u00e9 pred\u013a\u017ei\u0165 o 60 cm. Rozmery (cca): 180 &#8211; 240 cm x 77 cm x 95 cm (\u0160xVxH) Hr\u00fabka dosky stola: 1,4 cm Vzdialenos\u0165 medzi nohami stola:<\/p>\n","protected":false},"featured_media":157623,"comment_status":"closed","ping_status":"closed","template":"","meta":[],"product_cat":[298,855,847,846,772,590,287],"product_tag":[317,187,2951],"yoast_head":"<!-- This site is optimized with the Yoast SEO plugin v22.1 - https:\/\/yoast.com\/wordpress\/plugins\/seo\/ -->\n<title>Rozkladac\u00ed jed\u00e1lensk\u00fd st\u00f4l X7 180-240cm mramor optik &#187; iKuchyne iSHOP s n\u00e1bytkom<\/title>\n<meta name=\"description\" content=\"K\u00fapte si u n\u00e1s Rozkladac\u00ed jed\u00e1lensk\u00fd st\u00f4l X7 180-240cm mramor optik za akciov\u00fa cenu. R\u00fdchle dodanie tovaru, odborn\u00e9 poradenstvo a stovky produktov skladom. Rozkladac\u00ed jed\u00e1lensk\u00fd st\u00f4l X7 180-240cm mramor optik sa stane dominantou V\u00e1\u0161ho interi\u00e9ru. Internetov\u00fd obchod ikuchyne! pon\u00faka odber Rozkladac\u00ed jed\u00e1lensk\u00fd st\u00f4l X7 180-240cm mramor optik u\u017e od 1 kusu.\" \/>\n<meta name=\"robots\" content=\"index, follow, max-snippet:-1, max-image-preview:large, max-video-preview:-1\" \/>\n<link rel=\"canonical\" href=\"https:\/\/www.ikuchyne.sk\/eshop\/produkt\/rozkladaci-jedalensky-stol-x7-180-240cm-mramor-optik\/\" \/>\n<meta property=\"og:locale\" content=\"sk_SK\" \/>\n<meta property=\"og:type\" content=\"article\" \/>\n<meta property=\"og:title\" content=\"Rozkladac\u00ed jed\u00e1lensk\u00fd st\u00f4l X7 180-240cm mramor optik &#187; iKuchyne iSHOP s n\u00e1bytkom\" \/>\n<meta property=\"og:description\" content=\"K\u00fapte si u n\u00e1s Rozkladac\u00ed jed\u00e1lensk\u00fd st\u00f4l X7 180-240cm mramor optik za akciov\u00fa cenu. R\u00fdchle dodanie tovaru, odborn\u00e9 poradenstvo a stovky produktov skladom. Rozkladac\u00ed jed\u00e1lensk\u00fd st\u00f4l X7 180-240cm mramor optik sa stane dominantou V\u00e1\u0161ho interi\u00e9ru. Internetov\u00fd obchod ikuchyne! pon\u00faka odber Rozkladac\u00ed jed\u00e1lensk\u00fd st\u00f4l X7 180-240cm mramor optik u\u017e od 1 kusu.\" \/>\n<meta property=\"og:url\" content=\"https:\/\/www.ikuchyne.sk\/eshop\/produkt\/rozkladaci-jedalensky-stol-x7-180-240cm-mramor-optik\/\" \/>\n<meta property=\"og:site_name\" content=\"iKuchyne iSHOP s n\u00e1bytkom\" \/>\n<meta property=\"article:publisher\" content=\"https:\/\/www.facebook.com\/ikuchyne\/\" \/>\n<meta property=\"article:modified_time\" content=\"2022-09-22T13:58:33+00:00\" \/>\n<meta property=\"og:image\" content=\"https:\/\/www.ikuchyne.sk\/eshop\/wp-content\/uploads\/2022\/09\/media_images_org_file0045105.jpg\" \/>\n\t<meta property=\"og:image:width\" content=\"2000\" \/>\n\t<meta property=\"og:image:height\" content=\"1333\" \/>\n\t<meta property=\"og:image:type\" content=\"image\/jpeg\" \/>\n<meta name=\"twitter:card\" content=\"summary_large_image\" \/>\n<meta name=\"twitter:label1\" content=\"Predpokladan\u00fd \u010das \u010d\u00edtania\" \/>\n\t<meta name=\"twitter:data1\" content=\"1 min\u00fata\" \/>\n<script type=\"application\/ld+json\" class=\"yoast-schema-graph\">{\"@context\":\"https:\/\/schema.org\",\"@graph\":[{\"@type\":\"WebPage\",\"@id\":\"https:\/\/www.ikuchyne.sk\/eshop\/produkt\/rozkladaci-jedalensky-stol-x7-180-240cm-mramor-optik\/\",\"url\":\"https:\/\/www.ikuchyne.sk\/eshop\/produkt\/rozkladaci-jedalensky-stol-x7-180-240cm-mramor-optik\/\",\"name\":\"Rozkladac\u00ed jed\u00e1lensk\u00fd st\u00f4l X7 180-240cm mramor optik &#187; iKuchyne iSHOP s n\u00e1bytkom\",\"isPartOf\":{\"@id\":\"https:\/\/www.ikuchyne.sk\/eshop\/#website\"},\"datePublished\":\"2022-09-22T13:57:29+00:00\",\"dateModified\":\"2022-09-22T13:58:33+00:00\",\"description\":\"K\u00fapte si u n\u00e1s Rozkladac\u00ed jed\u00e1lensk\u00fd st\u00f4l X7 180-240cm mramor optik za akciov\u00fa cenu. R\u00fdchle dodanie tovaru, odborn\u00e9 poradenstvo a stovky produktov skladom. Rozkladac\u00ed jed\u00e1lensk\u00fd st\u00f4l X7 180-240cm mramor optik sa stane dominantou V\u00e1\u0161ho interi\u00e9ru. Internetov\u00fd obchod ikuchyne! pon\u00faka odber Rozkladac\u00ed jed\u00e1lensk\u00fd st\u00f4l X7 180-240cm mramor optik u\u017e od 1 kusu.\",\"breadcrumb\":{\"@id\":\"https:\/\/www.ikuchyne.sk\/eshop\/produkt\/rozkladaci-jedalensky-stol-x7-180-240cm-mramor-optik\/#breadcrumb\"},\"inLanguage\":\"sk-SK\",\"potentialAction\":[{\"@type\":\"ReadAction\",\"target\":[\"https:\/\/www.ikuchyne.sk\/eshop\/produkt\/rozkladaci-jedalensky-stol-x7-180-240cm-mramor-optik\/\"]}]},{\"@type\":\"BreadcrumbList\",\"@id\":\"https:\/\/www.ikuchyne.sk\/eshop\/produkt\/rozkladaci-jedalensky-stol-x7-180-240cm-mramor-optik\/#breadcrumb\",\"itemListElement\":[{\"@type\":\"ListItem\",\"position\":1,\"name\":\"Home\",\"item\":\"https:\/\/www.ikuchyne.sk\/eshop\/\"},{\"@type\":\"ListItem\",\"position\":2,\"name\":\"Obchod\",\"item\":\"https:\/\/www.ikuchyne.sk\/eshop\/obchod\/\"},{\"@type\":\"ListItem\",\"position\":3,\"name\":\"Rozkladac\u00ed jed\u00e1lensk\u00fd st\u00f4l X7 180-240cm mramor optik\"}]},{\"@type\":\"WebSite\",\"@id\":\"https:\/\/www.ikuchyne.sk\/eshop\/#website\",\"url\":\"https:\/\/www.ikuchyne.sk\/eshop\/\",\"name\":\"iKuchyne iSHOP s n\u00e1bytkom\",\"description\":\"Jed\u00e1lensk\u00e9 stoly, stoli\u010dky, n\u00e1bytok, svietidl\u00e1...\",\"publisher\":{\"@id\":\"https:\/\/www.ikuchyne.sk\/eshop\/#organization\"},\"potentialAction\":[{\"@type\":\"SearchAction\",\"target\":{\"@type\":\"EntryPoint\",\"urlTemplate\":\"https:\/\/www.ikuchyne.sk\/eshop\/?s={search_term_string}\"},\"query-input\":\"required name=search_term_string\"}],\"inLanguage\":\"sk-SK\"},{\"@type\":\"Organization\",\"@id\":\"https:\/\/www.ikuchyne.sk\/eshop\/#organization\",\"name\":\"ikuchyne!\",\"url\":\"https:\/\/www.ikuchyne.sk\/eshop\/\",\"logo\":{\"@type\":\"ImageObject\",\"inLanguage\":\"sk-SK\",\"@id\":\"https:\/\/www.ikuchyne.sk\/eshop\/#\/schema\/logo\/image\/\",\"url\":\"https:\/\/www.ikuchyne.sk\/eshop\/wp-content\/uploads\/2017\/04\/ikuchyne-logo.jpg\",\"contentUrl\":\"https:\/\/www.ikuchyne.sk\/eshop\/wp-content\/uploads\/2017\/04\/ikuchyne-logo.jpg\",\"width\":200,\"height\":48,\"caption\":\"ikuchyne!\"},\"image\":{\"@id\":\"https:\/\/www.ikuchyne.sk\/eshop\/#\/schema\/logo\/image\/\"},\"sameAs\":[\"https:\/\/www.facebook.com\/ikuchyne\/\",\"https:\/\/www.instagram.com\/ikuchyne.sk\/\",\"https:\/\/sk.pinterest.com\/ikuchynesk\/\"]}]}<\/script>\n<!-- \/ Yoast SEO plugin. -->","yoast_head_json":{"title":"Rozkladac\u00ed jed\u00e1lensk\u00fd st\u00f4l X7 180-240cm mramor optik &#187; iKuchyne iSHOP s n\u00e1bytkom","description":"K\u00fapte si u n\u00e1s Rozkladac\u00ed jed\u00e1lensk\u00fd st\u00f4l X7 180-240cm mramor optik za akciov\u00fa cenu. R\u00fdchle dodanie tovaru, odborn\u00e9 poradenstvo a stovky produktov skladom. Rozkladac\u00ed jed\u00e1lensk\u00fd st\u00f4l X7 180-240cm mramor optik sa stane dominantou V\u00e1\u0161ho interi\u00e9ru. Internetov\u00fd obchod ikuchyne! pon\u00faka odber Rozkladac\u00ed jed\u00e1lensk\u00fd st\u00f4l X7 180-240cm mramor optik u\u017e od 1 kusu.","robots":{"index":"index","follow":"follow","max-snippet":"max-snippet:-1","max-image-preview":"max-image-preview:large","max-video-preview":"max-video-preview:-1"},"canonical":"https:\/\/www.ikuchyne.sk\/eshop\/produkt\/rozkladaci-jedalensky-stol-x7-180-240cm-mramor-optik\/","og_locale":"sk_SK","og_type":"article","og_title":"Rozkladac\u00ed jed\u00e1lensk\u00fd st\u00f4l X7 180-240cm mramor optik &#187; iKuchyne iSHOP s n\u00e1bytkom","og_description":"K\u00fapte si u n\u00e1s Rozkladac\u00ed jed\u00e1lensk\u00fd st\u00f4l X7 180-240cm mramor optik za akciov\u00fa cenu. R\u00fdchle dodanie tovaru, odborn\u00e9 poradenstvo a stovky produktov skladom. Rozkladac\u00ed jed\u00e1lensk\u00fd st\u00f4l X7 180-240cm mramor optik sa stane dominantou V\u00e1\u0161ho interi\u00e9ru. Internetov\u00fd obchod ikuchyne! pon\u00faka odber Rozkladac\u00ed jed\u00e1lensk\u00fd st\u00f4l X7 180-240cm mramor optik u\u017e od 1 kusu.","og_url":"https:\/\/www.ikuchyne.sk\/eshop\/produkt\/rozkladaci-jedalensky-stol-x7-180-240cm-mramor-optik\/","og_site_name":"iKuchyne iSHOP s n\u00e1bytkom","article_publisher":"https:\/\/www.facebook.com\/ikuchyne\/","article_modified_time":"2022-09-22T13:58:33+00:00","og_image":[{"width":2000,"height":1333,"url":"https:\/\/www.ikuchyne.sk\/eshop\/wp-content\/uploads\/2022\/09\/media_images_org_file0045105.jpg","type":"image\/jpeg"}],"twitter_card":"summary_large_image","twitter_misc":{"Predpokladan\u00fd \u010das \u010d\u00edtania":"1 min\u00fata"},"schema":{"@context":"https:\/\/schema.org","@graph":[{"@type":"WebPage","@id":"https:\/\/www.ikuchyne.sk\/eshop\/produkt\/rozkladaci-jedalensky-stol-x7-180-240cm-mramor-optik\/","url":"https:\/\/www.ikuchyne.sk\/eshop\/produkt\/rozkladaci-jedalensky-stol-x7-180-240cm-mramor-optik\/","name":"Rozkladac\u00ed jed\u00e1lensk\u00fd st\u00f4l X7 180-240cm mramor optik &#187; iKuchyne iSHOP s n\u00e1bytkom","isPartOf":{"@id":"https:\/\/www.ikuchyne.sk\/eshop\/#website"},"datePublished":"2022-09-22T13:57:29+00:00","dateModified":"2022-09-22T13:58:33+00:00","description":"K\u00fapte si u n\u00e1s Rozkladac\u00ed jed\u00e1lensk\u00fd st\u00f4l X7 180-240cm mramor optik za akciov\u00fa cenu. R\u00fdchle dodanie tovaru, odborn\u00e9 poradenstvo a stovky produktov skladom. Rozkladac\u00ed jed\u00e1lensk\u00fd st\u00f4l X7 180-240cm mramor optik sa stane dominantou V\u00e1\u0161ho interi\u00e9ru. Internetov\u00fd obchod ikuchyne! pon\u00faka odber Rozkladac\u00ed jed\u00e1lensk\u00fd st\u00f4l X7 180-240cm mramor optik u\u017e od 1 kusu.","breadcrumb":{"@id":"https:\/\/www.ikuchyne.sk\/eshop\/produkt\/rozkladaci-jedalensky-stol-x7-180-240cm-mramor-optik\/#breadcrumb"},"inLanguage":"sk-SK","potentialAction":[{"@type":"ReadAction","target":["https:\/\/www.ikuchyne.sk\/eshop\/produkt\/rozkladaci-jedalensky-stol-x7-180-240cm-mramor-optik\/"]}]},{"@type":"BreadcrumbList","@id":"https:\/\/www.ikuchyne.sk\/eshop\/produkt\/rozkladaci-jedalensky-stol-x7-180-240cm-mramor-optik\/#breadcrumb","itemListElement":[{"@type":"ListItem","position":1,"name":"Home","item":"https:\/\/www.ikuchyne.sk\/eshop\/"},{"@type":"ListItem","position":2,"name":"Obchod","item":"https:\/\/www.ikuchyne.sk\/eshop\/obchod\/"},{"@type":"ListItem","position":3,"name":"Rozkladac\u00ed jed\u00e1lensk\u00fd st\u00f4l X7 180-240cm mramor optik"}]},{"@type":"WebSite","@id":"https:\/\/www.ikuchyne.sk\/eshop\/#website","url":"https:\/\/www.ikuchyne.sk\/eshop\/","name":"iKuchyne iSHOP s n\u00e1bytkom","description":"Jed\u00e1lensk\u00e9 stoly, stoli\u010dky, n\u00e1bytok, svietidl\u00e1...","publisher":{"@id":"https:\/\/www.ikuchyne.sk\/eshop\/#organization"},"potentialAction":[{"@type":"SearchAction","target":{"@type":"EntryPoint","urlTemplate":"https:\/\/www.ikuchyne.sk\/eshop\/?s={search_term_string}"},"query-input":"required name=search_term_string"}],"inLanguage":"sk-SK"},{"@type":"Organization","@id":"https:\/\/www.ikuchyne.sk\/eshop\/#organization","name":"ikuchyne!","url":"https:\/\/www.ikuchyne.sk\/eshop\/","logo":{"@type":"ImageObject","inLanguage":"sk-SK","@id":"https:\/\/www.ikuchyne.sk\/eshop\/#\/schema\/logo\/image\/","url":"https:\/\/www.ikuchyne.sk\/eshop\/wp-content\/uploads\/2017\/04\/ikuchyne-logo.jpg","contentUrl":"https:\/\/www.ikuchyne.sk\/eshop\/wp-content\/uploads\/2017\/04\/ikuchyne-logo.jpg","width":200,"height":48,"caption":"ikuchyne!"},"image":{"@id":"https:\/\/www.ikuchyne.sk\/eshop\/#\/schema\/logo\/image\/"},"sameAs":["https:\/\/www.facebook.com\/ikuchyne\/","https:\/\/www.instagram.com\/ikuchyne.sk\/","https:\/\/sk.pinterest.com\/ikuchynesk\/"]}]}},"_links":{"self":[{"href":"https:\/\/www.ikuchyne.sk\/eshop\/wp-json\/wp\/v2\/product\/157588"}],"collection":[{"href":"https:\/\/www.ikuchyne.sk\/eshop\/wp-json\/wp\/v2\/product"}],"about":[{"href":"https:\/\/www.ikuchyne.sk\/eshop\/wp-json\/wp\/v2\/types\/product"}],"replies":[{"embeddable":true,"href":"https:\/\/www.ikuchyne.sk\/eshop\/wp-json\/wp\/v2\/comments?post=157588"}],"wp:featuredmedia":[{"embeddable":true,"href":"https:\/\/www.ikuchyne.sk\/eshop\/wp-json\/wp\/v2\/media\/157623"}],"wp:attachment":[{"href":"https:\/\/www.ikuchyne.sk\/eshop\/wp-json\/wp\/v2\/media?parent=157588"}],"wp:term":[{"taxonomy":"product_cat","embeddable":true,"href":"https:\/\/www.ikuchyne.sk\/eshop\/wp-json\/wp\/v2\/product_cat?post=157588"},{"taxonomy":"product_tag","embeddable":true,"href":"https:\/\/www.ikuchyne.sk\/eshop\/wp-json\/wp\/v2\/product_tag?post=157588"}],"curies":[{"name":"wp","href":"https:\/\/api.w.org\/{rel}","templated":true}]}}