{"id":157753,"date":"2023-03-14T09:30:19","date_gmt":"2023-03-14T08:30:19","guid":{"rendered":"https:\/\/www.ikuchyne.sk\/eshop\/?post_type=product&#038;p=157753"},"modified":"2024-03-18T21:42:15","modified_gmt":"2024-03-18T20:42:15","slug":"dizajnova-stolicka-loft-tmavosiva-otocna","status":"publish","type":"product","link":"https:\/\/www.ikuchyne.sk\/eshop\/produkt\/dizajnova-stolicka-loft-tmavosiva-otocna\/","title":{"rendered":"Dizajnov\u00e1 Stoli\u010dka Loft tmavosiv\u00e1 oto\u010dn\u00e1 \u00bb"},"content":{"rendered":"<h1>Dizajnov\u00e1 Stoli\u010dka Loft tmavosiv\u00e1 oto\u010dn\u00e1 \u00bb<\/h1>\n<h4><strong>V\u0161eobecn\u00fd popis:<\/strong><\/h4>\n<p>Nad\u010dasov\u00e1 tmavosiv\u00e1 siv\u00e1 jed\u00e1lensk\u00e1 stoli\u010dka Loft &#8211; oto\u010dn\u00e1 s vysoko kvalitn\u00fdm zamatov\u00fdm po\u0165ahom. Sedaciu \u010das\u0165 je mo\u017en\u00e9 oto\u010di\u0165 a\u017e o 180 \u00b0. \u0160tyri stabiln\u00e9 dreven\u00e9 nohy v retro vzh\u013eade zais\u0165uj\u00fa stabiln\u00e9 st\u00e1tie na akomko\u013evek povrchu. Pou\u017eite stoli\u010dku k jed\u00e1lensk\u00e9mu stolu alebo ako konferen\u010dn\u00fa stoli\u010dku!<\/p>\n<p>Nov\u00fd dizajnov\u00fd k\u00fasok vo va\u0161ej jed\u00e1lni. Na tejto nad\u010dasovo dizajnovej stoli\u010dke si m\u00f4\u017eete urobi\u0165 skuto\u010dne pohodlie! Vysoko kvalitn\u00fd zamatov\u00fd po\u0165ah s ozdobn\u00fdm pre\u0161\u00edvan\u00edm vo farebnom preveden\u00ed siv\u00e1 presved\u010d\u00ed skvel\u00fdm pocitom a sedacia \u010das\u0165 stoli\u010dky s polstrovan\u00fdmi podr\u00fa\u010dkami boduje vysok\u00fdm komfortom sedenia. Sedadlo spo\u010d\u00edva na \u0161tyroch stabiln\u00fdch no\u017ei\u010dk\u00e1ch z lakovan\u00e9ho mas\u00edvneho dreva, ktor\u00e9 dod\u00e1vaj\u00fa stoli\u010dke osobit\u00fd retro vzh\u013ead.<\/p>\n<p>T\u00e1to zamatov\u00e1 stoli\u010dka m\u00e1 \u010do pon\u00faknu\u0165! Okrem elegantn\u00e9ho vzh\u013eadu stoli\u010dka zaujme aj \u010fal\u0161ou vlastnos\u0165ou: sedaciu \u010das\u0165 je mo\u017en\u00e9 oto\u010di\u0165 o 180 \u00b0. M\u00f4\u017eete sa teda v sede ot\u00e1\u010da\u0165 okolo v\u0161etk\u00fdch smerov bez toho, aby ste museli h\u00fdba\u0165 stoli\u010dkou. Mimochodom: stoli\u010dku m\u00f4\u017eete nielen pou\u017ei\u0165 k jed\u00e1lensk\u00e9mu stolu, ale svoj\u00edm v\u00fdnimo\u010dn\u00fdm dizajnom posl\u00fa\u017ei aj ako konferen\u010dn\u00e1 stoli\u010dka.<\/p>\n<h4><strong>Detaily produktu:<\/strong><\/h4>\n<p>Zamat je ve\u013emi \u0161peci\u00e1lna po\u0165ahov\u00e1 l\u00e1tka s jedine\u010dn\u00fdmi vlastnos\u0165ami. Jas a intenzita farby sa m\u00f4\u017eu l\u00ed\u0161i\u0165 a na l\u00e1tke je mo\u017en\u00e9 vytv\u00e1ra\u0165 jedine\u010dn\u00e9 vzory &#8211; pod\u013ea toho, v akom smere s\u00fa jemn\u00e9 vl\u00e1kna ma\u013eovan\u00e9 a ako je l\u00e1tka osvetlen\u00e1. V\u00fdsledkom je individu\u00e1lna kompoz\u00edcia farebn\u00fdch odtie\u0148ov a povrchov\u00fdch \u0161trukt\u00far, ktor\u00e9 v\u017edy transformuj\u00fa v\u00e1\u0161 n\u00e1bytok. Stoli\u010dku je mo\u017en\u00e9 \u00fa\u017easne v\u0161estranne kombinova\u0165 s in\u00fdm n\u00e1bytkom. Vhodn\u00e9 bytov\u00e9 doplnky pre kombinovanie interi\u00e9ru s touto jed\u00e1lenskou stoli\u010dkou n\u00e1jdete na na\u0161om e-shope v sekcii Bytov\u00e9 doplnky. Kontaktujte n\u00e1s a my v\u00e1m radi pom\u00f4\u017eeme s v\u00fdberom vhodn\u00fdch dekor\u00e1ci\u00ed do va\u0161ej dom\u00e1cnosti v akomko\u013evek \u0161t\u00fdle.<\/p>\n<p><strong>Podno\u017e stoli\u010dky:<br \/>\n<\/strong>Podno\u017e stoli\u010dky je tvoren\u00e1 \u010diernymi \u00fazkymi kovov\u00fdmi nohami pr\u00edzna\u010dn\u00fdmi pre modern\u00fd \u0161t\u00fdl.<\/p>\n<p><strong>\u010eal\u0161ie inform\u00e1cie:<br \/>\n<\/strong>Vhodne zvolen\u00fd v\u00fdber materi\u00e1lov rob\u00ed z tejto jed\u00e1lenskej stoli\u010dky \u013eahko udr\u017eiavan\u00fd kus n\u00e1bytku s dlhou \u017eivotnos\u0165ou. O\u0161etrujeme vlhkou handri\u010dkou namo\u010denou v mydlovej vode a vysu\u0161\u00edme dosucha.<\/p>\n<p><b>Rozmery<\/b> (cca):<br \/>\n60 cm x 83 cm x 61 cm (\u0160xVxH)<br \/>\nSedadlo: 43 cm x 44 cm (\u0160 x H)<br \/>\nV\u00fd\u0161ka sedadla: 50 cm<br \/>\nmax.nosnos\u0165: 120 kg<br \/>\nSeda\u010dka oto\u010dn\u00e1 a\u017e o 180\u00b0<\/p>\n<p><strong>Materi\u00e1l:<\/strong><br \/>\nPo\u0165ah: zamat (100% polyester)<br \/>\nNohy: kov s pr\u00e1\u0161kov\u00fdm n\u00e1strekom<\/p>\n<p><strong>Farba:<\/strong><br \/>\nObal: tmavosiv\u00fd<br \/>\nNohy: \u010dierne<\/p>\n<p>V pr\u00edpade z\u00e1ujmu o in\u00e9 stoli\u010dky &#8211; jed\u00e1lensk\u00e9, barov\u00e9, kancel\u00e1rske, nav\u0161t\u00edvte sekciu stoli\u010dky na <a href=\"https:\/\/www.ikuchyne.sk\/eshop\/kategoria\/stolicky\/\">www.ikuchyne.sk\/eshop<\/a><br \/>\nV pr\u00edpade z\u00e1ujmu o n\u00e1bytok na mieru n\u00e1s kontaktuje na <a href=\"http:\/\/www.ikuchyne.sk\">www.ikuchyne.sk<\/a><\/p>\n","protected":false},"excerpt":{"rendered":"<p>Dizajnov\u00e1 Stoli\u010dka Loft tmavosiv\u00e1 oto\u010dn\u00e1 \u00bb V\u0161eobecn\u00fd popis: Nad\u010dasov\u00e1 tmavosiv\u00e1 siv\u00e1 jed\u00e1lensk\u00e1 stoli\u010dka Loft &#8211; oto\u010dn\u00e1 s vysoko kvalitn\u00fdm zamatov\u00fdm po\u0165ahom. Sedaciu \u010das\u0165 je mo\u017en\u00e9 oto\u010di\u0165 a\u017e o 180 \u00b0.<\/p>\n","protected":false},"featured_media":157754,"comment_status":"closed","ping_status":"closed","template":"","meta":[],"product_cat":[310,823,826,820,830,772,288],"product_tag":[256,257,348],"yoast_head":"<!-- This site is optimized with the Yoast SEO plugin v22.1 - https:\/\/yoast.com\/wordpress\/plugins\/seo\/ -->\n<title>Dizajnov\u00e1 Stoli\u010dka Loft tmavosiv\u00e1 oto\u010dn\u00e1 \u00bb &#187; iKuchyne iSHOP s n\u00e1bytkom<\/title>\n<meta name=\"description\" content=\"K\u00fapte si u n\u00e1s Dizajnov\u00e1 Stoli\u010dka Loft tmavosiv\u00e1 oto\u010dn\u00e1 \u00bb za akciov\u00fa cenu. R\u00fdchle dodanie tovaru, odborn\u00e9 poradenstvo a stovky produktov skladom. Dizajnov\u00e1 Stoli\u010dka Loft tmavosiv\u00e1 oto\u010dn\u00e1 \u00bb sa stane dominantou V\u00e1\u0161ho interi\u00e9ru. Internetov\u00fd obchod ikuchyne! pon\u00faka odber Dizajnov\u00e1 Stoli\u010dka Loft tmavosiv\u00e1 oto\u010dn\u00e1 \u00bb u\u017e od 1 kusu.\" \/>\n<meta name=\"robots\" content=\"index, follow, max-snippet:-1, max-image-preview:large, max-video-preview:-1\" \/>\n<link rel=\"canonical\" href=\"https:\/\/www.ikuchyne.sk\/eshop\/produkt\/dizajnova-stolicka-loft-tmavosiva-otocna\/\" \/>\n<meta property=\"og:locale\" content=\"sk_SK\" \/>\n<meta property=\"og:type\" content=\"article\" \/>\n<meta property=\"og:title\" content=\"Dizajnov\u00e1 Stoli\u010dka Loft tmavosiv\u00e1 oto\u010dn\u00e1 \u00bb &#187; iKuchyne iSHOP s n\u00e1bytkom\" \/>\n<meta property=\"og:description\" content=\"K\u00fapte si u n\u00e1s Dizajnov\u00e1 Stoli\u010dka Loft tmavosiv\u00e1 oto\u010dn\u00e1 \u00bb za akciov\u00fa cenu. R\u00fdchle dodanie tovaru, odborn\u00e9 poradenstvo a stovky produktov skladom. Dizajnov\u00e1 Stoli\u010dka Loft tmavosiv\u00e1 oto\u010dn\u00e1 \u00bb sa stane dominantou V\u00e1\u0161ho interi\u00e9ru. Internetov\u00fd obchod ikuchyne! pon\u00faka odber Dizajnov\u00e1 Stoli\u010dka Loft tmavosiv\u00e1 oto\u010dn\u00e1 \u00bb u\u017e od 1 kusu.\" \/>\n<meta property=\"og:url\" content=\"https:\/\/www.ikuchyne.sk\/eshop\/produkt\/dizajnova-stolicka-loft-tmavosiva-otocna\/\" \/>\n<meta property=\"og:site_name\" content=\"iKuchyne iSHOP s n\u00e1bytkom\" \/>\n<meta property=\"article:publisher\" content=\"https:\/\/www.facebook.com\/ikuchyne\/\" \/>\n<meta property=\"article:modified_time\" content=\"2024-03-18T20:42:15+00:00\" \/>\n<meta property=\"og:image\" content=\"https:\/\/www.ikuchyne.sk\/eshop\/wp-content\/uploads\/2022\/09\/Design-Stoli\u010dka-Loft-dunkelsiv\u00e1-drehbar-42390.jpg\" \/>\n\t<meta property=\"og:image:width\" content=\"533\" \/>\n\t<meta property=\"og:image:height\" content=\"800\" \/>\n\t<meta property=\"og:image:type\" content=\"image\/jpeg\" \/>\n<meta name=\"twitter:card\" content=\"summary_large_image\" \/>\n<meta name=\"twitter:label1\" content=\"Predpokladan\u00fd \u010das \u010d\u00edtania\" \/>\n\t<meta name=\"twitter:data1\" content=\"1 min\u00fata\" \/>\n<script type=\"application\/ld+json\" class=\"yoast-schema-graph\">{\"@context\":\"https:\/\/schema.org\",\"@graph\":[{\"@type\":\"WebPage\",\"@id\":\"https:\/\/www.ikuchyne.sk\/eshop\/produkt\/dizajnova-stolicka-loft-tmavosiva-otocna\/\",\"url\":\"https:\/\/www.ikuchyne.sk\/eshop\/produkt\/dizajnova-stolicka-loft-tmavosiva-otocna\/\",\"name\":\"Dizajnov\u00e1 Stoli\u010dka Loft tmavosiv\u00e1 oto\u010dn\u00e1 \u00bb &#187; iKuchyne iSHOP s n\u00e1bytkom\",\"isPartOf\":{\"@id\":\"https:\/\/www.ikuchyne.sk\/eshop\/#website\"},\"datePublished\":\"2023-03-14T08:30:19+00:00\",\"dateModified\":\"2024-03-18T20:42:15+00:00\",\"description\":\"K\u00fapte si u n\u00e1s Dizajnov\u00e1 Stoli\u010dka Loft tmavosiv\u00e1 oto\u010dn\u00e1 \u00bb za akciov\u00fa cenu. R\u00fdchle dodanie tovaru, odborn\u00e9 poradenstvo a stovky produktov skladom. Dizajnov\u00e1 Stoli\u010dka Loft tmavosiv\u00e1 oto\u010dn\u00e1 \u00bb sa stane dominantou V\u00e1\u0161ho interi\u00e9ru. Internetov\u00fd obchod ikuchyne! pon\u00faka odber Dizajnov\u00e1 Stoli\u010dka Loft tmavosiv\u00e1 oto\u010dn\u00e1 \u00bb u\u017e od 1 kusu.\",\"breadcrumb\":{\"@id\":\"https:\/\/www.ikuchyne.sk\/eshop\/produkt\/dizajnova-stolicka-loft-tmavosiva-otocna\/#breadcrumb\"},\"inLanguage\":\"sk-SK\",\"potentialAction\":[{\"@type\":\"ReadAction\",\"target\":[\"https:\/\/www.ikuchyne.sk\/eshop\/produkt\/dizajnova-stolicka-loft-tmavosiva-otocna\/\"]}]},{\"@type\":\"BreadcrumbList\",\"@id\":\"https:\/\/www.ikuchyne.sk\/eshop\/produkt\/dizajnova-stolicka-loft-tmavosiva-otocna\/#breadcrumb\",\"itemListElement\":[{\"@type\":\"ListItem\",\"position\":1,\"name\":\"Home\",\"item\":\"https:\/\/www.ikuchyne.sk\/eshop\/\"},{\"@type\":\"ListItem\",\"position\":2,\"name\":\"Obchod\",\"item\":\"https:\/\/www.ikuchyne.sk\/eshop\/obchod\/\"},{\"@type\":\"ListItem\",\"position\":3,\"name\":\"Dizajnov\u00e1 Stoli\u010dka Loft tmavosiv\u00e1 oto\u010dn\u00e1 \u00bb\"}]},{\"@type\":\"WebSite\",\"@id\":\"https:\/\/www.ikuchyne.sk\/eshop\/#website\",\"url\":\"https:\/\/www.ikuchyne.sk\/eshop\/\",\"name\":\"iKuchyne iSHOP s n\u00e1bytkom\",\"description\":\"Jed\u00e1lensk\u00e9 stoly, stoli\u010dky, n\u00e1bytok, svietidl\u00e1...\",\"publisher\":{\"@id\":\"https:\/\/www.ikuchyne.sk\/eshop\/#organization\"},\"potentialAction\":[{\"@type\":\"SearchAction\",\"target\":{\"@type\":\"EntryPoint\",\"urlTemplate\":\"https:\/\/www.ikuchyne.sk\/eshop\/?s={search_term_string}\"},\"query-input\":\"required name=search_term_string\"}],\"inLanguage\":\"sk-SK\"},{\"@type\":\"Organization\",\"@id\":\"https:\/\/www.ikuchyne.sk\/eshop\/#organization\",\"name\":\"ikuchyne!\",\"url\":\"https:\/\/www.ikuchyne.sk\/eshop\/\",\"logo\":{\"@type\":\"ImageObject\",\"inLanguage\":\"sk-SK\",\"@id\":\"https:\/\/www.ikuchyne.sk\/eshop\/#\/schema\/logo\/image\/\",\"url\":\"https:\/\/www.ikuchyne.sk\/eshop\/wp-content\/uploads\/2017\/04\/ikuchyne-logo.jpg\",\"contentUrl\":\"https:\/\/www.ikuchyne.sk\/eshop\/wp-content\/uploads\/2017\/04\/ikuchyne-logo.jpg\",\"width\":200,\"height\":48,\"caption\":\"ikuchyne!\"},\"image\":{\"@id\":\"https:\/\/www.ikuchyne.sk\/eshop\/#\/schema\/logo\/image\/\"},\"sameAs\":[\"https:\/\/www.facebook.com\/ikuchyne\/\",\"https:\/\/www.instagram.com\/ikuchyne.sk\/\",\"https:\/\/sk.pinterest.com\/ikuchynesk\/\"]}]}<\/script>\n<!-- \/ Yoast SEO plugin. -->","yoast_head_json":{"title":"Dizajnov\u00e1 Stoli\u010dka Loft tmavosiv\u00e1 oto\u010dn\u00e1 \u00bb &#187; iKuchyne iSHOP s n\u00e1bytkom","description":"K\u00fapte si u n\u00e1s Dizajnov\u00e1 Stoli\u010dka Loft tmavosiv\u00e1 oto\u010dn\u00e1 \u00bb za akciov\u00fa cenu. R\u00fdchle dodanie tovaru, odborn\u00e9 poradenstvo a stovky produktov skladom. Dizajnov\u00e1 Stoli\u010dka Loft tmavosiv\u00e1 oto\u010dn\u00e1 \u00bb sa stane dominantou V\u00e1\u0161ho interi\u00e9ru. Internetov\u00fd obchod ikuchyne! pon\u00faka odber Dizajnov\u00e1 Stoli\u010dka Loft tmavosiv\u00e1 oto\u010dn\u00e1 \u00bb u\u017e od 1 kusu.","robots":{"index":"index","follow":"follow","max-snippet":"max-snippet:-1","max-image-preview":"max-image-preview:large","max-video-preview":"max-video-preview:-1"},"canonical":"https:\/\/www.ikuchyne.sk\/eshop\/produkt\/dizajnova-stolicka-loft-tmavosiva-otocna\/","og_locale":"sk_SK","og_type":"article","og_title":"Dizajnov\u00e1 Stoli\u010dka Loft tmavosiv\u00e1 oto\u010dn\u00e1 \u00bb &#187; iKuchyne iSHOP s n\u00e1bytkom","og_description":"K\u00fapte si u n\u00e1s Dizajnov\u00e1 Stoli\u010dka Loft tmavosiv\u00e1 oto\u010dn\u00e1 \u00bb za akciov\u00fa cenu. R\u00fdchle dodanie tovaru, odborn\u00e9 poradenstvo a stovky produktov skladom. Dizajnov\u00e1 Stoli\u010dka Loft tmavosiv\u00e1 oto\u010dn\u00e1 \u00bb sa stane dominantou V\u00e1\u0161ho interi\u00e9ru. Internetov\u00fd obchod ikuchyne! pon\u00faka odber Dizajnov\u00e1 Stoli\u010dka Loft tmavosiv\u00e1 oto\u010dn\u00e1 \u00bb u\u017e od 1 kusu.","og_url":"https:\/\/www.ikuchyne.sk\/eshop\/produkt\/dizajnova-stolicka-loft-tmavosiva-otocna\/","og_site_name":"iKuchyne iSHOP s n\u00e1bytkom","article_publisher":"https:\/\/www.facebook.com\/ikuchyne\/","article_modified_time":"2024-03-18T20:42:15+00:00","og_image":[{"width":533,"height":800,"url":"https:\/\/www.ikuchyne.sk\/eshop\/wp-content\/uploads\/2022\/09\/Design-Stoli\u010dka-Loft-dunkelsiv\u00e1-drehbar-42390.jpg","type":"image\/jpeg"}],"twitter_card":"summary_large_image","twitter_misc":{"Predpokladan\u00fd \u010das \u010d\u00edtania":"1 min\u00fata"},"schema":{"@context":"https:\/\/schema.org","@graph":[{"@type":"WebPage","@id":"https:\/\/www.ikuchyne.sk\/eshop\/produkt\/dizajnova-stolicka-loft-tmavosiva-otocna\/","url":"https:\/\/www.ikuchyne.sk\/eshop\/produkt\/dizajnova-stolicka-loft-tmavosiva-otocna\/","name":"Dizajnov\u00e1 Stoli\u010dka Loft tmavosiv\u00e1 oto\u010dn\u00e1 \u00bb &#187; iKuchyne iSHOP s n\u00e1bytkom","isPartOf":{"@id":"https:\/\/www.ikuchyne.sk\/eshop\/#website"},"datePublished":"2023-03-14T08:30:19+00:00","dateModified":"2024-03-18T20:42:15+00:00","description":"K\u00fapte si u n\u00e1s Dizajnov\u00e1 Stoli\u010dka Loft tmavosiv\u00e1 oto\u010dn\u00e1 \u00bb za akciov\u00fa cenu. R\u00fdchle dodanie tovaru, odborn\u00e9 poradenstvo a stovky produktov skladom. Dizajnov\u00e1 Stoli\u010dka Loft tmavosiv\u00e1 oto\u010dn\u00e1 \u00bb sa stane dominantou V\u00e1\u0161ho interi\u00e9ru. Internetov\u00fd obchod ikuchyne! pon\u00faka odber Dizajnov\u00e1 Stoli\u010dka Loft tmavosiv\u00e1 oto\u010dn\u00e1 \u00bb u\u017e od 1 kusu.","breadcrumb":{"@id":"https:\/\/www.ikuchyne.sk\/eshop\/produkt\/dizajnova-stolicka-loft-tmavosiva-otocna\/#breadcrumb"},"inLanguage":"sk-SK","potentialAction":[{"@type":"ReadAction","target":["https:\/\/www.ikuchyne.sk\/eshop\/produkt\/dizajnova-stolicka-loft-tmavosiva-otocna\/"]}]},{"@type":"BreadcrumbList","@id":"https:\/\/www.ikuchyne.sk\/eshop\/produkt\/dizajnova-stolicka-loft-tmavosiva-otocna\/#breadcrumb","itemListElement":[{"@type":"ListItem","position":1,"name":"Home","item":"https:\/\/www.ikuchyne.sk\/eshop\/"},{"@type":"ListItem","position":2,"name":"Obchod","item":"https:\/\/www.ikuchyne.sk\/eshop\/obchod\/"},{"@type":"ListItem","position":3,"name":"Dizajnov\u00e1 Stoli\u010dka Loft tmavosiv\u00e1 oto\u010dn\u00e1 \u00bb"}]},{"@type":"WebSite","@id":"https:\/\/www.ikuchyne.sk\/eshop\/#website","url":"https:\/\/www.ikuchyne.sk\/eshop\/","name":"iKuchyne iSHOP s n\u00e1bytkom","description":"Jed\u00e1lensk\u00e9 stoly, stoli\u010dky, n\u00e1bytok, svietidl\u00e1...","publisher":{"@id":"https:\/\/www.ikuchyne.sk\/eshop\/#organization"},"potentialAction":[{"@type":"SearchAction","target":{"@type":"EntryPoint","urlTemplate":"https:\/\/www.ikuchyne.sk\/eshop\/?s={search_term_string}"},"query-input":"required name=search_term_string"}],"inLanguage":"sk-SK"},{"@type":"Organization","@id":"https:\/\/www.ikuchyne.sk\/eshop\/#organization","name":"ikuchyne!","url":"https:\/\/www.ikuchyne.sk\/eshop\/","logo":{"@type":"ImageObject","inLanguage":"sk-SK","@id":"https:\/\/www.ikuchyne.sk\/eshop\/#\/schema\/logo\/image\/","url":"https:\/\/www.ikuchyne.sk\/eshop\/wp-content\/uploads\/2017\/04\/ikuchyne-logo.jpg","contentUrl":"https:\/\/www.ikuchyne.sk\/eshop\/wp-content\/uploads\/2017\/04\/ikuchyne-logo.jpg","width":200,"height":48,"caption":"ikuchyne!"},"image":{"@id":"https:\/\/www.ikuchyne.sk\/eshop\/#\/schema\/logo\/image\/"},"sameAs":["https:\/\/www.facebook.com\/ikuchyne\/","https:\/\/www.instagram.com\/ikuchyne.sk\/","https:\/\/sk.pinterest.com\/ikuchynesk\/"]}]}},"_links":{"self":[{"href":"https:\/\/www.ikuchyne.sk\/eshop\/wp-json\/wp\/v2\/product\/157753"}],"collection":[{"href":"https:\/\/www.ikuchyne.sk\/eshop\/wp-json\/wp\/v2\/product"}],"about":[{"href":"https:\/\/www.ikuchyne.sk\/eshop\/wp-json\/wp\/v2\/types\/product"}],"replies":[{"embeddable":true,"href":"https:\/\/www.ikuchyne.sk\/eshop\/wp-json\/wp\/v2\/comments?post=157753"}],"wp:featuredmedia":[{"embeddable":true,"href":"https:\/\/www.ikuchyne.sk\/eshop\/wp-json\/wp\/v2\/media\/157754"}],"wp:attachment":[{"href":"https:\/\/www.ikuchyne.sk\/eshop\/wp-json\/wp\/v2\/media?parent=157753"}],"wp:term":[{"taxonomy":"product_cat","embeddable":true,"href":"https:\/\/www.ikuchyne.sk\/eshop\/wp-json\/wp\/v2\/product_cat?post=157753"},{"taxonomy":"product_tag","embeddable":true,"href":"https:\/\/www.ikuchyne.sk\/eshop\/wp-json\/wp\/v2\/product_tag?post=157753"}],"curies":[{"name":"wp","href":"https:\/\/api.w.org\/{rel}","templated":true}]}}