{"id":158310,"date":"2023-10-23T08:52:31","date_gmt":"2023-10-23T06:52:31","guid":{"rendered":"https:\/\/www.ikuchyne.sk\/eshop\/?post_type=product&#038;p=158310"},"modified":"2024-02-20T14:30:28","modified_gmt":"2024-02-20T13:30:28","slug":"jedalensky-stol-modern-barock-180cm-ciernozlata-opal","status":"publish","type":"product","link":"https:\/\/www.ikuchyne.sk\/eshop\/produkt\/jedalensky-stol-modern-barock-180cm-ciernozlata-opal\/","title":{"rendered":"Jed\u00e1lensk\u00fd st\u00f4l Modern Barock 180cm \u010diernozlat\u00e1 Opal  \u00bb"},"content":{"rendered":"<h1>Jed\u00e1lensk\u00fd st\u00f4l Modern Barock 180cm \u010diernozlat\u00e1 Opal \u00bb<\/h1>\n<p><strong>V\u0161eobecn\u00fd opis stola:<br \/>\n<\/strong>Extravagantn\u00fd mramorov\u00fd jed\u00e1lensk\u00fd st\u00f4l Modern Barock 180cm \u010diernozlat\u00e1 Opal je ur\u010den\u00fd pre n\u00e1ro\u010dnej\u0161\u00edch klientov, ktor\u00ed ob\u013eubuj\u00fa honosn\u00fd \u0161t\u00fdl b\u00fdvania. Jeho \u00fachvatn\u00e9 spracovanie in\u0161pirovan\u00e9 dobou, pod\u013ea ktorej nesie aj svoj n\u00e1zov, dod\u00e1 v\u00e1\u0161mu interi\u00e9ru exkluzivitu. Zlat\u00e9 zahnut\u00e9 nohy v symbi\u00f3ze s \u010diernym mramorom p\u00f4sobia pomp\u00e9zne. Povrch tohto jed\u00e1lensk\u00e9ho stola je vyroben\u00fd z dosky z mramoru v \u010diernej farbe. Doska je le\u0161ten\u00e1 a ru\u010dne zdokona\u013eovan\u00e1. V\u010faka jedine\u010dnej kresbe mramoru je ka\u017ed\u00fd st\u00f4l unik\u00e1t a m\u00f4\u017eete sa n\u00edm pop\u00fd\u0161i\u0165 v modernom interi\u00e9ri. Tento jed\u00e1lensk\u00fd st\u00f4l kr\u00e1sne presvetl\u00ed va\u0161u jed\u00e1le\u0148. Unik\u00e1tny dizajn je s\u00edce in\u0161pirovan\u00fd hist\u00f3riou, no prostredn\u00edctvom modern\u00fdch materi\u00e1lov je nad\u010dasov\u00fd.<\/p>\n<p><strong>Povrch stola:<\/strong><br \/>\nPovrch tohto jed\u00e1lensk\u00e9ho stola je vyroben\u00fd z dosky z mramoru v \u010diernej farbe, ktor\u00e1 je le\u0161ten\u00e1 a ru\u010dne zdokona\u013eovan\u00e1.<\/p>\n<p><strong>Podno\u017e stola:<br \/>\n<\/strong>Podno\u017e stola je tvoren\u00e1 elegantne zahnut\u00fdmi nohami v zlatej farbe.<\/p>\n<p><strong>\u010eal\u0161ie inform\u00e1cie:\u00a0<\/strong><br \/>\nV\u010faka jedine\u010dnej kresbe mramoru a ru\u010dn\u00e9mu opracovaniu je ka\u017ed\u00fd st\u00f4l unik\u00e1t.<br \/>\nTento mramorov\u00fd jed\u00e1lensk\u00fd st\u00f4l nie je n\u00e1ro\u010dn\u00fd na \u0161peci\u00e1lnu \u00fadr\u017ebu. V pr\u00edpade potreby posta\u010d\u00ed vlhk\u00e1 bavlnen\u00e1 handri\u010dka.<\/p>\n<p><b>Rozmery (cca): <\/b><b><br \/>\n180cm x 75cm x 90cm (\u0160xVxH)<br \/>\nhr\u00fabka skla: 8 mm<\/b><\/p>\n<p><b>Farba: \u010dierna, zlat\u00e1<br \/>\nMateri\u00e1l: bezpe\u010dnostn\u00e9 sklo, u\u0161\u013eachtil\u00e1 oce\u013e<\/b><\/p>\n","protected":false},"excerpt":{"rendered":"<p>Jed\u00e1lensk\u00fd st\u00f4l Modern Barock 180cm \u010diernozlat\u00e1 Opal \u00bb V\u0161eobecn\u00fd opis stola: Extravagantn\u00fd mramorov\u00fd jed\u00e1lensk\u00fd st\u00f4l Modern Barock 180cm \u010diernozlat\u00e1 Opal je ur\u010den\u00fd pre n\u00e1ro\u010dnej\u0161\u00edch klientov, ktor\u00ed ob\u013eubuj\u00fa honosn\u00fd \u0161t\u00fdl b\u00fdvania.<\/p>\n","protected":false},"featured_media":158311,"comment_status":"closed","ping_status":"closed","template":"","meta":[],"product_cat":[298,854,846,772,859,287],"product_tag":[256,188],"yoast_head":"<!-- This site is optimized with the Yoast SEO plugin v22.1 - https:\/\/yoast.com\/wordpress\/plugins\/seo\/ -->\n<title>Jed\u00e1lensk\u00fd st\u00f4l Modern Barock 180cm \u010diernozlat\u00e1 Opal \u00bb &#187; iKuchyne iSHOP s n\u00e1bytkom<\/title>\n<meta name=\"description\" content=\"K\u00fapte si u n\u00e1s Jed\u00e1lensk\u00fd st\u00f4l Modern Barock 180cm \u010diernozlat\u00e1 Opal \u00bb za akciov\u00fa cenu. R\u00fdchle dodanie tovaru, odborn\u00e9 poradenstvo a stovky produktov skladom. Jed\u00e1lensk\u00fd st\u00f4l Modern Barock 180cm \u010diernozlat\u00e1 Opal \u00bb sa stane dominantou V\u00e1\u0161ho interi\u00e9ru. Internetov\u00fd obchod ikuchyne! pon\u00faka odber Jed\u00e1lensk\u00fd st\u00f4l Modern Barock 180cm \u010diernozlat\u00e1 Opal \u00bb u\u017e od 1 kusu.\" \/>\n<meta name=\"robots\" content=\"index, follow, max-snippet:-1, max-image-preview:large, max-video-preview:-1\" \/>\n<link rel=\"canonical\" href=\"https:\/\/www.ikuchyne.sk\/eshop\/produkt\/jedalensky-stol-modern-barock-180cm-ciernozlata-opal\/\" \/>\n<meta property=\"og:locale\" content=\"sk_SK\" \/>\n<meta property=\"og:type\" content=\"article\" \/>\n<meta property=\"og:title\" content=\"Jed\u00e1lensk\u00fd st\u00f4l Modern Barock 180cm \u010diernozlat\u00e1 Opal \u00bb &#187; iKuchyne iSHOP s n\u00e1bytkom\" \/>\n<meta property=\"og:description\" content=\"K\u00fapte si u n\u00e1s Jed\u00e1lensk\u00fd st\u00f4l Modern Barock 180cm \u010diernozlat\u00e1 Opal \u00bb za akciov\u00fa cenu. R\u00fdchle dodanie tovaru, odborn\u00e9 poradenstvo a stovky produktov skladom. Jed\u00e1lensk\u00fd st\u00f4l Modern Barock 180cm \u010diernozlat\u00e1 Opal \u00bb sa stane dominantou V\u00e1\u0161ho interi\u00e9ru. Internetov\u00fd obchod ikuchyne! pon\u00faka odber Jed\u00e1lensk\u00fd st\u00f4l Modern Barock 180cm \u010diernozlat\u00e1 Opal \u00bb u\u017e od 1 kusu.\" \/>\n<meta property=\"og:url\" content=\"https:\/\/www.ikuchyne.sk\/eshop\/produkt\/jedalensky-stol-modern-barock-180cm-ciernozlata-opal\/\" \/>\n<meta property=\"og:site_name\" content=\"iKuchyne iSHOP s n\u00e1bytkom\" \/>\n<meta property=\"article:publisher\" content=\"https:\/\/www.facebook.com\/ikuchyne\/\" \/>\n<meta property=\"article:modified_time\" content=\"2024-02-20T13:30:28+00:00\" \/>\n<meta property=\"og:image\" content=\"https:\/\/www.ikuchyne.sk\/eshop\/wp-content\/uploads\/2022\/10\/Jed\u00e1lensk\u00fd-st\u00f4l-Modern-Barock-180cm-\u010diernozlat\u00e1-Opal-42309.jpg\" \/>\n\t<meta property=\"og:image:width\" content=\"800\" \/>\n\t<meta property=\"og:image:height\" content=\"533\" \/>\n\t<meta property=\"og:image:type\" content=\"image\/jpeg\" \/>\n<meta name=\"twitter:card\" content=\"summary_large_image\" \/>\n<meta name=\"twitter:label1\" content=\"Predpokladan\u00fd \u010das \u010d\u00edtania\" \/>\n\t<meta name=\"twitter:data1\" content=\"1 min\u00fata\" \/>\n<script type=\"application\/ld+json\" class=\"yoast-schema-graph\">{\"@context\":\"https:\/\/schema.org\",\"@graph\":[{\"@type\":\"WebPage\",\"@id\":\"https:\/\/www.ikuchyne.sk\/eshop\/produkt\/jedalensky-stol-modern-barock-180cm-ciernozlata-opal\/\",\"url\":\"https:\/\/www.ikuchyne.sk\/eshop\/produkt\/jedalensky-stol-modern-barock-180cm-ciernozlata-opal\/\",\"name\":\"Jed\u00e1lensk\u00fd st\u00f4l Modern Barock 180cm \u010diernozlat\u00e1 Opal \u00bb &#187; iKuchyne iSHOP s n\u00e1bytkom\",\"isPartOf\":{\"@id\":\"https:\/\/www.ikuchyne.sk\/eshop\/#website\"},\"datePublished\":\"2023-10-23T06:52:31+00:00\",\"dateModified\":\"2024-02-20T13:30:28+00:00\",\"description\":\"K\u00fapte si u n\u00e1s Jed\u00e1lensk\u00fd st\u00f4l Modern Barock 180cm \u010diernozlat\u00e1 Opal \u00bb za akciov\u00fa cenu. R\u00fdchle dodanie tovaru, odborn\u00e9 poradenstvo a stovky produktov skladom. Jed\u00e1lensk\u00fd st\u00f4l Modern Barock 180cm \u010diernozlat\u00e1 Opal \u00bb sa stane dominantou V\u00e1\u0161ho interi\u00e9ru. Internetov\u00fd obchod ikuchyne! pon\u00faka odber Jed\u00e1lensk\u00fd st\u00f4l Modern Barock 180cm \u010diernozlat\u00e1 Opal \u00bb u\u017e od 1 kusu.\",\"breadcrumb\":{\"@id\":\"https:\/\/www.ikuchyne.sk\/eshop\/produkt\/jedalensky-stol-modern-barock-180cm-ciernozlata-opal\/#breadcrumb\"},\"inLanguage\":\"sk-SK\",\"potentialAction\":[{\"@type\":\"ReadAction\",\"target\":[\"https:\/\/www.ikuchyne.sk\/eshop\/produkt\/jedalensky-stol-modern-barock-180cm-ciernozlata-opal\/\"]}]},{\"@type\":\"BreadcrumbList\",\"@id\":\"https:\/\/www.ikuchyne.sk\/eshop\/produkt\/jedalensky-stol-modern-barock-180cm-ciernozlata-opal\/#breadcrumb\",\"itemListElement\":[{\"@type\":\"ListItem\",\"position\":1,\"name\":\"Home\",\"item\":\"https:\/\/www.ikuchyne.sk\/eshop\/\"},{\"@type\":\"ListItem\",\"position\":2,\"name\":\"Obchod\",\"item\":\"https:\/\/www.ikuchyne.sk\/eshop\/obchod\/\"},{\"@type\":\"ListItem\",\"position\":3,\"name\":\"Jed\u00e1lensk\u00fd st\u00f4l Modern Barock 180cm \u010diernozlat\u00e1 Opal \u00bb\"}]},{\"@type\":\"WebSite\",\"@id\":\"https:\/\/www.ikuchyne.sk\/eshop\/#website\",\"url\":\"https:\/\/www.ikuchyne.sk\/eshop\/\",\"name\":\"iKuchyne iSHOP s n\u00e1bytkom\",\"description\":\"Jed\u00e1lensk\u00e9 stoly, stoli\u010dky, n\u00e1bytok, svietidl\u00e1...\",\"publisher\":{\"@id\":\"https:\/\/www.ikuchyne.sk\/eshop\/#organization\"},\"potentialAction\":[{\"@type\":\"SearchAction\",\"target\":{\"@type\":\"EntryPoint\",\"urlTemplate\":\"https:\/\/www.ikuchyne.sk\/eshop\/?s={search_term_string}\"},\"query-input\":\"required name=search_term_string\"}],\"inLanguage\":\"sk-SK\"},{\"@type\":\"Organization\",\"@id\":\"https:\/\/www.ikuchyne.sk\/eshop\/#organization\",\"name\":\"ikuchyne!\",\"url\":\"https:\/\/www.ikuchyne.sk\/eshop\/\",\"logo\":{\"@type\":\"ImageObject\",\"inLanguage\":\"sk-SK\",\"@id\":\"https:\/\/www.ikuchyne.sk\/eshop\/#\/schema\/logo\/image\/\",\"url\":\"https:\/\/www.ikuchyne.sk\/eshop\/wp-content\/uploads\/2017\/04\/ikuchyne-logo.jpg\",\"contentUrl\":\"https:\/\/www.ikuchyne.sk\/eshop\/wp-content\/uploads\/2017\/04\/ikuchyne-logo.jpg\",\"width\":200,\"height\":48,\"caption\":\"ikuchyne!\"},\"image\":{\"@id\":\"https:\/\/www.ikuchyne.sk\/eshop\/#\/schema\/logo\/image\/\"},\"sameAs\":[\"https:\/\/www.facebook.com\/ikuchyne\/\",\"https:\/\/www.instagram.com\/ikuchyne.sk\/\",\"https:\/\/sk.pinterest.com\/ikuchynesk\/\"]}]}<\/script>\n<!-- \/ Yoast SEO plugin. -->","yoast_head_json":{"title":"Jed\u00e1lensk\u00fd st\u00f4l Modern Barock 180cm \u010diernozlat\u00e1 Opal \u00bb &#187; iKuchyne iSHOP s n\u00e1bytkom","description":"K\u00fapte si u n\u00e1s Jed\u00e1lensk\u00fd st\u00f4l Modern Barock 180cm \u010diernozlat\u00e1 Opal \u00bb za akciov\u00fa cenu. R\u00fdchle dodanie tovaru, odborn\u00e9 poradenstvo a stovky produktov skladom. Jed\u00e1lensk\u00fd st\u00f4l Modern Barock 180cm \u010diernozlat\u00e1 Opal \u00bb sa stane dominantou V\u00e1\u0161ho interi\u00e9ru. Internetov\u00fd obchod ikuchyne! pon\u00faka odber Jed\u00e1lensk\u00fd st\u00f4l Modern Barock 180cm \u010diernozlat\u00e1 Opal \u00bb u\u017e od 1 kusu.","robots":{"index":"index","follow":"follow","max-snippet":"max-snippet:-1","max-image-preview":"max-image-preview:large","max-video-preview":"max-video-preview:-1"},"canonical":"https:\/\/www.ikuchyne.sk\/eshop\/produkt\/jedalensky-stol-modern-barock-180cm-ciernozlata-opal\/","og_locale":"sk_SK","og_type":"article","og_title":"Jed\u00e1lensk\u00fd st\u00f4l Modern Barock 180cm \u010diernozlat\u00e1 Opal \u00bb &#187; iKuchyne iSHOP s n\u00e1bytkom","og_description":"K\u00fapte si u n\u00e1s Jed\u00e1lensk\u00fd st\u00f4l Modern Barock 180cm \u010diernozlat\u00e1 Opal \u00bb za akciov\u00fa cenu. R\u00fdchle dodanie tovaru, odborn\u00e9 poradenstvo a stovky produktov skladom. Jed\u00e1lensk\u00fd st\u00f4l Modern Barock 180cm \u010diernozlat\u00e1 Opal \u00bb sa stane dominantou V\u00e1\u0161ho interi\u00e9ru. Internetov\u00fd obchod ikuchyne! pon\u00faka odber Jed\u00e1lensk\u00fd st\u00f4l Modern Barock 180cm \u010diernozlat\u00e1 Opal \u00bb u\u017e od 1 kusu.","og_url":"https:\/\/www.ikuchyne.sk\/eshop\/produkt\/jedalensky-stol-modern-barock-180cm-ciernozlata-opal\/","og_site_name":"iKuchyne iSHOP s n\u00e1bytkom","article_publisher":"https:\/\/www.facebook.com\/ikuchyne\/","article_modified_time":"2024-02-20T13:30:28+00:00","og_image":[{"width":800,"height":533,"url":"https:\/\/www.ikuchyne.sk\/eshop\/wp-content\/uploads\/2022\/10\/Jed\u00e1lensk\u00fd-st\u00f4l-Modern-Barock-180cm-\u010diernozlat\u00e1-Opal-42309.jpg","type":"image\/jpeg"}],"twitter_card":"summary_large_image","twitter_misc":{"Predpokladan\u00fd \u010das \u010d\u00edtania":"1 min\u00fata"},"schema":{"@context":"https:\/\/schema.org","@graph":[{"@type":"WebPage","@id":"https:\/\/www.ikuchyne.sk\/eshop\/produkt\/jedalensky-stol-modern-barock-180cm-ciernozlata-opal\/","url":"https:\/\/www.ikuchyne.sk\/eshop\/produkt\/jedalensky-stol-modern-barock-180cm-ciernozlata-opal\/","name":"Jed\u00e1lensk\u00fd st\u00f4l Modern Barock 180cm \u010diernozlat\u00e1 Opal \u00bb &#187; iKuchyne iSHOP s n\u00e1bytkom","isPartOf":{"@id":"https:\/\/www.ikuchyne.sk\/eshop\/#website"},"datePublished":"2023-10-23T06:52:31+00:00","dateModified":"2024-02-20T13:30:28+00:00","description":"K\u00fapte si u n\u00e1s Jed\u00e1lensk\u00fd st\u00f4l Modern Barock 180cm \u010diernozlat\u00e1 Opal \u00bb za akciov\u00fa cenu. R\u00fdchle dodanie tovaru, odborn\u00e9 poradenstvo a stovky produktov skladom. Jed\u00e1lensk\u00fd st\u00f4l Modern Barock 180cm \u010diernozlat\u00e1 Opal \u00bb sa stane dominantou V\u00e1\u0161ho interi\u00e9ru. Internetov\u00fd obchod ikuchyne! pon\u00faka odber Jed\u00e1lensk\u00fd st\u00f4l Modern Barock 180cm \u010diernozlat\u00e1 Opal \u00bb u\u017e od 1 kusu.","breadcrumb":{"@id":"https:\/\/www.ikuchyne.sk\/eshop\/produkt\/jedalensky-stol-modern-barock-180cm-ciernozlata-opal\/#breadcrumb"},"inLanguage":"sk-SK","potentialAction":[{"@type":"ReadAction","target":["https:\/\/www.ikuchyne.sk\/eshop\/produkt\/jedalensky-stol-modern-barock-180cm-ciernozlata-opal\/"]}]},{"@type":"BreadcrumbList","@id":"https:\/\/www.ikuchyne.sk\/eshop\/produkt\/jedalensky-stol-modern-barock-180cm-ciernozlata-opal\/#breadcrumb","itemListElement":[{"@type":"ListItem","position":1,"name":"Home","item":"https:\/\/www.ikuchyne.sk\/eshop\/"},{"@type":"ListItem","position":2,"name":"Obchod","item":"https:\/\/www.ikuchyne.sk\/eshop\/obchod\/"},{"@type":"ListItem","position":3,"name":"Jed\u00e1lensk\u00fd st\u00f4l Modern Barock 180cm \u010diernozlat\u00e1 Opal \u00bb"}]},{"@type":"WebSite","@id":"https:\/\/www.ikuchyne.sk\/eshop\/#website","url":"https:\/\/www.ikuchyne.sk\/eshop\/","name":"iKuchyne iSHOP s n\u00e1bytkom","description":"Jed\u00e1lensk\u00e9 stoly, stoli\u010dky, n\u00e1bytok, svietidl\u00e1...","publisher":{"@id":"https:\/\/www.ikuchyne.sk\/eshop\/#organization"},"potentialAction":[{"@type":"SearchAction","target":{"@type":"EntryPoint","urlTemplate":"https:\/\/www.ikuchyne.sk\/eshop\/?s={search_term_string}"},"query-input":"required name=search_term_string"}],"inLanguage":"sk-SK"},{"@type":"Organization","@id":"https:\/\/www.ikuchyne.sk\/eshop\/#organization","name":"ikuchyne!","url":"https:\/\/www.ikuchyne.sk\/eshop\/","logo":{"@type":"ImageObject","inLanguage":"sk-SK","@id":"https:\/\/www.ikuchyne.sk\/eshop\/#\/schema\/logo\/image\/","url":"https:\/\/www.ikuchyne.sk\/eshop\/wp-content\/uploads\/2017\/04\/ikuchyne-logo.jpg","contentUrl":"https:\/\/www.ikuchyne.sk\/eshop\/wp-content\/uploads\/2017\/04\/ikuchyne-logo.jpg","width":200,"height":48,"caption":"ikuchyne!"},"image":{"@id":"https:\/\/www.ikuchyne.sk\/eshop\/#\/schema\/logo\/image\/"},"sameAs":["https:\/\/www.facebook.com\/ikuchyne\/","https:\/\/www.instagram.com\/ikuchyne.sk\/","https:\/\/sk.pinterest.com\/ikuchynesk\/"]}]}},"_links":{"self":[{"href":"https:\/\/www.ikuchyne.sk\/eshop\/wp-json\/wp\/v2\/product\/158310"}],"collection":[{"href":"https:\/\/www.ikuchyne.sk\/eshop\/wp-json\/wp\/v2\/product"}],"about":[{"href":"https:\/\/www.ikuchyne.sk\/eshop\/wp-json\/wp\/v2\/types\/product"}],"replies":[{"embeddable":true,"href":"https:\/\/www.ikuchyne.sk\/eshop\/wp-json\/wp\/v2\/comments?post=158310"}],"wp:featuredmedia":[{"embeddable":true,"href":"https:\/\/www.ikuchyne.sk\/eshop\/wp-json\/wp\/v2\/media\/158311"}],"wp:attachment":[{"href":"https:\/\/www.ikuchyne.sk\/eshop\/wp-json\/wp\/v2\/media?parent=158310"}],"wp:term":[{"taxonomy":"product_cat","embeddable":true,"href":"https:\/\/www.ikuchyne.sk\/eshop\/wp-json\/wp\/v2\/product_cat?post=158310"},{"taxonomy":"product_tag","embeddable":true,"href":"https:\/\/www.ikuchyne.sk\/eshop\/wp-json\/wp\/v2\/product_tag?post=158310"}],"curies":[{"name":"wp","href":"https:\/\/api.w.org\/{rel}","templated":true}]}}