{"id":159685,"date":"2023-02-28T03:34:48","date_gmt":"2023-02-28T02:34:48","guid":{"rendered":"https:\/\/www.ikuchyne.sk\/eshop\/?post_type=product&#038;p=159685"},"modified":"2024-02-19T11:39:32","modified_gmt":"2024-02-19T10:39:32","slug":"jedalensky-stol-genesis-hnedy-200cm-agat-35mm","status":"publish","type":"product","link":"https:\/\/www.ikuchyne.sk\/eshop\/produkt\/jedalensky-stol-genesis-hnedy-200cm-agat-35mm\/","title":{"rendered":"Jed\u00e1lensk\u00fd st\u00f4l Genesis hned\u00fd 200cm ag\u00e1t 35mm \u00bb"},"content":{"rendered":"<h1>Jed\u00e1lensk\u00fd st\u00f4l Genesis hned\u00fd 200cm ag\u00e1t 35mm \u00bb<\/h1>\n<h4><strong>V\u0161eobecn\u00fd popis:<\/strong><\/h4>\n<p>Mas\u00edvny dreven\u00fd jed\u00e1lensk\u00fd st\u00f4l Genesis 200 cm \u2013 35 mm z ak\u00e1cie s hr\u00fabkou 3,5 cm. Robustn\u00e9 ly\u017einy poskytuj\u00fa modern\u00fd vzh\u013ead. St\u00f4l je dostupn\u00fd v r\u00f4znych ve\u013ekostiach. Z\u00edskajte tento p\u00fata\u010d pozornosti vo svojej jed\u00e1lni!<\/p>\n<p>P\u00f4sobiv\u00fd pr\u00edrodn\u00fd produkt. Objavte n\u00e1\u0161 ve\u013ek\u00fd jed\u00e1lensk\u00fd st\u00f4l GENESIS 200 cm s jeho pr\u00edrodnou stolovou doskou! Ako \u0161peci\u00e1lne zv\u00fdraznenie boli okraje stola spracovan\u00e9 tak, aby vznikol p\u00f4vodn\u00fd charakter a prirodzen\u00fd dojem pl\u00e1tu obrovsk\u00e9ho ak\u00e1ciov\u00e9ho stromu. Ako keby ste presne v strede vyrezali ve\u013ek\u00fd strom, aby ste z neho vytvorili horn\u00fa dosku! To umo\u017e\u0148uje \u0161peci\u00e1lny stroj, ktor\u00fd re\u017ee drevo v p\u00f4vodnom stave s k\u00f4rou na po\u017eadovan\u00fa hr\u00fabku.<\/p>\n<p>Dreven\u00fd st\u00f4l sa stane vo va\u0161ej jed\u00e1lni p\u00fata\u010dom pozornosti. A\u017e po dlh\u0161ej f\u00e1ze su\u0161enia je k\u00f4ra odstr\u00e1nen\u00e1 a okraje prebr\u00fasen\u00e9, naolejovan\u00e9 a povrchovo utesnen\u00e9, aby ste si mohli pri jedle pri tomto jed\u00e1lenskom stole vychutna\u0165 bezstarostn\u00e9 chv\u00edle so svojimi priate\u013emi a pr\u00edbuzn\u00fdmi. V kombin\u00e1cii s vysoko kvalitn\u00fdm ly\u017einov\u00fdm r\u00e1mom v priemyselnej \u00faprave sa st\u00f4l stane ide\u00e1lnym miestom pre stretnutia vo va\u0161ej jed\u00e1lni.<\/p>\n<h4><strong>Detaily produktu:<\/strong><\/h4>\n<p>Preto\u017ee sa jedn\u00e1 o pr\u00edrodn\u00fd produkt, ka\u017ed\u00e1 tabu\u013eka je absol\u00fatne jedine\u010dn\u00e1. Nerovnosti, charizmatick\u00e9 uzly, praskliny alebo dokonca rozmerov\u00e9 rozdiely s\u00fa mo\u017en\u00e9 a vytv\u00e1raj\u00fa originalitu a vytv\u00e1raj\u00fa \u010daro mas\u00edvneho dreva. Existuj\u00face trhliny s\u00fa po\u010das procesu v\u00fdroby spojen\u00e9 a stabilizovan\u00e9 spojovac\u00edmi kusmi z rovnak\u00e9ho dreva. Preto m\u00f4\u017eu existova\u0165 farebn\u00e9 odch\u00fdlky. \u017diadny z t\u00fdchto d\u00f4vodov nie je d\u00f4vodom na s\u0165a\u017enos\u0165. Vhodn\u00e9 bytov\u00e9 doplnky pre kombinovanie interi\u00e9ru s t\u00fdmto jed\u00e1lensk\u00fdm stolom n\u00e1jdete na na\u0161om e-shope v sekcii Bytov\u00e9 doplnky. Kontaktujte n\u00e1s a my v\u00e1m radi pom\u00f4\u017eeme s v\u00fdberom vhodn\u00fdch dekor\u00e1ci\u00ed.<\/p>\n<div class=\"electro-description\">\n<p><strong>Povrch stola:<br \/>\n<\/strong>Povrch jed\u00e1lensk\u00e9ho stola tvor\u00ed mas\u00edvne ag\u00e1tov\u00e9 drevo, ktor\u00e9 je olejovan\u00e9. Vysok\u00e1 hr\u00fabka drevenej dosky dotv\u00e1ra typick\u00fd charakter n\u00e1bytku tohto druhu.<\/p>\n<p><strong>Podno\u017e stola:<br \/>\n<\/strong>Podno\u017e stola pozost\u00e1va z pevn\u00e9ho tmav\u00e9ho ly\u017einov\u00e9ho podstavca z u\u0161\u013eachtilej ocele, charakteristick\u00e9ho pre industri\u00e1lny typ n\u00e1bytku.<\/p>\n<p><strong>\u010eal\u0161ie inform\u00e1cie:<br \/>\n<\/strong>Ru\u010dn\u00e9 opracovanie a n\u00e1sledn\u00e9 olejovanie zachov\u00e1vaj\u00fa pr\u00edrodn\u00e9 nerovnosti jed\u00e1lensk\u00e9ho stola a robia z ka\u017ed\u00e9ho kusu unik\u00e1tn\u00fd exempl\u00e1r a m\u00f4\u017eu sa l\u00ed\u0161i\u0165. Doska stola je o\u0161etren\u00e1 \u0161peci\u00e1lnym olejom, aby si drevo \u010do najdlh\u0161ie zachovalo svoje pr\u00edrodn\u00e9 vlastnosti. St\u00f4l preto utierame len\u00a0handri\u010dkou mierne navlh\u010denou v jemnej mydlovej vode. Ag\u00e1tov\u00fd st\u00f4l odpor\u00fa\u010dame ka\u017ed\u00e9 2 mesiace natrie\u0165 pr\u00edpravkami ur\u010den\u00fdmi na olejovan\u00fd mas\u00edvny n\u00e1bytok.<\/p>\n<p><b>Rozmery<\/b> (cca):<br \/>\n200 cm x 76 cm x 100 cm (\u0160xVxH)<br \/>\nHr\u00fabka dosky stola: 35 mm<br \/>\nR\u00e1m: 4 cm x 8 cm (\u0160 x H)<br \/>\nVzdialenos\u0165 medzi podlahou a okrajom stola: 73 cm<\/p>\n<p><strong>Materi\u00e1l:<\/strong><br \/>\nStolov\u00e1 doska: naolejovan\u00e9 ag\u00e1tov\u00e9 mas\u00edvne drevo<br \/>\nR\u00e1m: \u017eelezo s pr\u00e1\u0161kov\u00fdm n\u00e1strekom<\/p>\n<p><strong>Farba:<\/strong><br \/>\nDoska stola: hned\u00e1, mel\u00edrovan\u00e1<br \/>\nR\u00e1m: antracit, priemyseln\u00fd dizajn<\/p>\n<p>Ke\u010f\u017ee ide o pr\u00edrodn\u00fd produkt, m\u00f4\u017eu existova\u0165 odch\u00fdlky vo ve\u013ekosti, farbe a vzore dreva.<\/p>\n<\/div>\n<p>V pr\u00edpade z\u00e1ujmu o in\u00e9 jed\u00e1lensk\u00e9 stoly, nav\u0161t\u00edvte sekciu jed\u00e1lensk\u00e9 stoly na <a href=\"https:\/\/www.ikuchyne.sk\/eshop\/kategoria\/jedalenske-stoly\/\">www.ikuchyne.sk\/eshop<\/a><br \/>\nV pr\u00edpade z\u00e1ujmu o n\u00e1bytok na mieru n\u00e1s kontaktuje na <a href=\"http:\/\/www.ikuchyne.sk\">www.ikuchyne.sk<\/a><\/p>\n<p>&nbsp;<\/p>\n","protected":false},"excerpt":{"rendered":"<p>Jed\u00e1lensk\u00fd st\u00f4l Genesis hned\u00fd 200cm ag\u00e1t 35mm \u00bb V\u0161eobecn\u00fd popis: Mas\u00edvny dreven\u00fd jed\u00e1lensk\u00fd st\u00f4l Genesis 200 cm \u2013 35 mm z ak\u00e1cie s hr\u00fabkou 3,5 cm. Robustn\u00e9 ly\u017einy poskytuj\u00fa modern\u00fd<\/p>\n","protected":false},"featured_media":159686,"comment_status":"closed","ping_status":"closed","template":"","meta":[],"product_cat":[298,855,847,846,772,287],"product_tag":[3070,256,192,261],"yoast_head":"<!-- This site is optimized with the Yoast SEO plugin v22.1 - https:\/\/yoast.com\/wordpress\/plugins\/seo\/ -->\n<title>Jed\u00e1lensk\u00fd st\u00f4l Genesis hned\u00fd 200cm ag\u00e1t 35mm \u00bb &#187; iKuchyne iSHOP s n\u00e1bytkom<\/title>\n<meta name=\"description\" content=\"K\u00fapte si u n\u00e1s Jed\u00e1lensk\u00fd st\u00f4l Genesis hned\u00fd 200cm ag\u00e1t 35mm \u00bb za akciov\u00fa cenu. R\u00fdchle dodanie tovaru, odborn\u00e9 poradenstvo a stovky produktov skladom. Jed\u00e1lensk\u00fd st\u00f4l Genesis hned\u00fd 200cm ag\u00e1t 35mm \u00bb sa stane dominantou V\u00e1\u0161ho interi\u00e9ru. Internetov\u00fd obchod ikuchyne! pon\u00faka odber Jed\u00e1lensk\u00fd st\u00f4l Genesis hned\u00fd 200cm ag\u00e1t 35mm \u00bb u\u017e od 1 kusu.\" \/>\n<meta name=\"robots\" content=\"index, follow, max-snippet:-1, max-image-preview:large, max-video-preview:-1\" \/>\n<link rel=\"canonical\" href=\"https:\/\/www.ikuchyne.sk\/eshop\/produkt\/jedalensky-stol-genesis-hnedy-200cm-agat-35mm\/\" \/>\n<meta property=\"og:locale\" content=\"sk_SK\" \/>\n<meta property=\"og:type\" content=\"article\" \/>\n<meta property=\"og:title\" content=\"Jed\u00e1lensk\u00fd st\u00f4l Genesis hned\u00fd 200cm ag\u00e1t 35mm \u00bb &#187; iKuchyne iSHOP s n\u00e1bytkom\" \/>\n<meta property=\"og:description\" content=\"K\u00fapte si u n\u00e1s Jed\u00e1lensk\u00fd st\u00f4l Genesis hned\u00fd 200cm ag\u00e1t 35mm \u00bb za akciov\u00fa cenu. R\u00fdchle dodanie tovaru, odborn\u00e9 poradenstvo a stovky produktov skladom. Jed\u00e1lensk\u00fd st\u00f4l Genesis hned\u00fd 200cm ag\u00e1t 35mm \u00bb sa stane dominantou V\u00e1\u0161ho interi\u00e9ru. Internetov\u00fd obchod ikuchyne! pon\u00faka odber Jed\u00e1lensk\u00fd st\u00f4l Genesis hned\u00fd 200cm ag\u00e1t 35mm \u00bb u\u017e od 1 kusu.\" \/>\n<meta property=\"og:url\" content=\"https:\/\/www.ikuchyne.sk\/eshop\/produkt\/jedalensky-stol-genesis-hnedy-200cm-agat-35mm\/\" \/>\n<meta property=\"og:site_name\" content=\"iKuchyne iSHOP s n\u00e1bytkom\" \/>\n<meta property=\"article:publisher\" content=\"https:\/\/www.facebook.com\/ikuchyne\/\" \/>\n<meta property=\"article:modified_time\" content=\"2024-02-19T10:39:32+00:00\" \/>\n<meta property=\"og:image\" content=\"https:\/\/www.ikuchyne.sk\/eshop\/wp-content\/uploads\/2023\/01\/Jed\u00e1lensk\u00fd-st\u00f4l-Genesis-hned\u00e1-200cm-ag\u00e1t-35mm-42044.jpg\" \/>\n\t<meta property=\"og:image:width\" content=\"800\" \/>\n\t<meta property=\"og:image:height\" content=\"533\" \/>\n\t<meta property=\"og:image:type\" content=\"image\/jpeg\" \/>\n<meta name=\"twitter:card\" content=\"summary_large_image\" \/>\n<meta name=\"twitter:label1\" content=\"Predpokladan\u00fd \u010das \u010d\u00edtania\" \/>\n\t<meta name=\"twitter:data1\" content=\"1 min\u00fata\" \/>\n<script type=\"application\/ld+json\" class=\"yoast-schema-graph\">{\"@context\":\"https:\/\/schema.org\",\"@graph\":[{\"@type\":\"WebPage\",\"@id\":\"https:\/\/www.ikuchyne.sk\/eshop\/produkt\/jedalensky-stol-genesis-hnedy-200cm-agat-35mm\/\",\"url\":\"https:\/\/www.ikuchyne.sk\/eshop\/produkt\/jedalensky-stol-genesis-hnedy-200cm-agat-35mm\/\",\"name\":\"Jed\u00e1lensk\u00fd st\u00f4l Genesis hned\u00fd 200cm ag\u00e1t 35mm \u00bb &#187; iKuchyne iSHOP s n\u00e1bytkom\",\"isPartOf\":{\"@id\":\"https:\/\/www.ikuchyne.sk\/eshop\/#website\"},\"datePublished\":\"2023-02-28T02:34:48+00:00\",\"dateModified\":\"2024-02-19T10:39:32+00:00\",\"description\":\"K\u00fapte si u n\u00e1s Jed\u00e1lensk\u00fd st\u00f4l Genesis hned\u00fd 200cm ag\u00e1t 35mm \u00bb za akciov\u00fa cenu. R\u00fdchle dodanie tovaru, odborn\u00e9 poradenstvo a stovky produktov skladom. Jed\u00e1lensk\u00fd st\u00f4l Genesis hned\u00fd 200cm ag\u00e1t 35mm \u00bb sa stane dominantou V\u00e1\u0161ho interi\u00e9ru. Internetov\u00fd obchod ikuchyne! pon\u00faka odber Jed\u00e1lensk\u00fd st\u00f4l Genesis hned\u00fd 200cm ag\u00e1t 35mm \u00bb u\u017e od 1 kusu.\",\"breadcrumb\":{\"@id\":\"https:\/\/www.ikuchyne.sk\/eshop\/produkt\/jedalensky-stol-genesis-hnedy-200cm-agat-35mm\/#breadcrumb\"},\"inLanguage\":\"sk-SK\",\"potentialAction\":[{\"@type\":\"ReadAction\",\"target\":[\"https:\/\/www.ikuchyne.sk\/eshop\/produkt\/jedalensky-stol-genesis-hnedy-200cm-agat-35mm\/\"]}]},{\"@type\":\"BreadcrumbList\",\"@id\":\"https:\/\/www.ikuchyne.sk\/eshop\/produkt\/jedalensky-stol-genesis-hnedy-200cm-agat-35mm\/#breadcrumb\",\"itemListElement\":[{\"@type\":\"ListItem\",\"position\":1,\"name\":\"Home\",\"item\":\"https:\/\/www.ikuchyne.sk\/eshop\/\"},{\"@type\":\"ListItem\",\"position\":2,\"name\":\"Obchod\",\"item\":\"https:\/\/www.ikuchyne.sk\/eshop\/obchod\/\"},{\"@type\":\"ListItem\",\"position\":3,\"name\":\"Jed\u00e1lensk\u00fd st\u00f4l Genesis hned\u00fd 200cm ag\u00e1t 35mm \u00bb\"}]},{\"@type\":\"WebSite\",\"@id\":\"https:\/\/www.ikuchyne.sk\/eshop\/#website\",\"url\":\"https:\/\/www.ikuchyne.sk\/eshop\/\",\"name\":\"iKuchyne iSHOP s n\u00e1bytkom\",\"description\":\"Jed\u00e1lensk\u00e9 stoly, stoli\u010dky, n\u00e1bytok, svietidl\u00e1...\",\"publisher\":{\"@id\":\"https:\/\/www.ikuchyne.sk\/eshop\/#organization\"},\"potentialAction\":[{\"@type\":\"SearchAction\",\"target\":{\"@type\":\"EntryPoint\",\"urlTemplate\":\"https:\/\/www.ikuchyne.sk\/eshop\/?s={search_term_string}\"},\"query-input\":\"required name=search_term_string\"}],\"inLanguage\":\"sk-SK\"},{\"@type\":\"Organization\",\"@id\":\"https:\/\/www.ikuchyne.sk\/eshop\/#organization\",\"name\":\"ikuchyne!\",\"url\":\"https:\/\/www.ikuchyne.sk\/eshop\/\",\"logo\":{\"@type\":\"ImageObject\",\"inLanguage\":\"sk-SK\",\"@id\":\"https:\/\/www.ikuchyne.sk\/eshop\/#\/schema\/logo\/image\/\",\"url\":\"https:\/\/www.ikuchyne.sk\/eshop\/wp-content\/uploads\/2017\/04\/ikuchyne-logo.jpg\",\"contentUrl\":\"https:\/\/www.ikuchyne.sk\/eshop\/wp-content\/uploads\/2017\/04\/ikuchyne-logo.jpg\",\"width\":200,\"height\":48,\"caption\":\"ikuchyne!\"},\"image\":{\"@id\":\"https:\/\/www.ikuchyne.sk\/eshop\/#\/schema\/logo\/image\/\"},\"sameAs\":[\"https:\/\/www.facebook.com\/ikuchyne\/\",\"https:\/\/www.instagram.com\/ikuchyne.sk\/\",\"https:\/\/sk.pinterest.com\/ikuchynesk\/\"]}]}<\/script>\n<!-- \/ Yoast SEO plugin. -->","yoast_head_json":{"title":"Jed\u00e1lensk\u00fd st\u00f4l Genesis hned\u00fd 200cm ag\u00e1t 35mm \u00bb &#187; iKuchyne iSHOP s n\u00e1bytkom","description":"K\u00fapte si u n\u00e1s Jed\u00e1lensk\u00fd st\u00f4l Genesis hned\u00fd 200cm ag\u00e1t 35mm \u00bb za akciov\u00fa cenu. R\u00fdchle dodanie tovaru, odborn\u00e9 poradenstvo a stovky produktov skladom. Jed\u00e1lensk\u00fd st\u00f4l Genesis hned\u00fd 200cm ag\u00e1t 35mm \u00bb sa stane dominantou V\u00e1\u0161ho interi\u00e9ru. Internetov\u00fd obchod ikuchyne! pon\u00faka odber Jed\u00e1lensk\u00fd st\u00f4l Genesis hned\u00fd 200cm ag\u00e1t 35mm \u00bb u\u017e od 1 kusu.","robots":{"index":"index","follow":"follow","max-snippet":"max-snippet:-1","max-image-preview":"max-image-preview:large","max-video-preview":"max-video-preview:-1"},"canonical":"https:\/\/www.ikuchyne.sk\/eshop\/produkt\/jedalensky-stol-genesis-hnedy-200cm-agat-35mm\/","og_locale":"sk_SK","og_type":"article","og_title":"Jed\u00e1lensk\u00fd st\u00f4l Genesis hned\u00fd 200cm ag\u00e1t 35mm \u00bb &#187; iKuchyne iSHOP s n\u00e1bytkom","og_description":"K\u00fapte si u n\u00e1s Jed\u00e1lensk\u00fd st\u00f4l Genesis hned\u00fd 200cm ag\u00e1t 35mm \u00bb za akciov\u00fa cenu. R\u00fdchle dodanie tovaru, odborn\u00e9 poradenstvo a stovky produktov skladom. Jed\u00e1lensk\u00fd st\u00f4l Genesis hned\u00fd 200cm ag\u00e1t 35mm \u00bb sa stane dominantou V\u00e1\u0161ho interi\u00e9ru. Internetov\u00fd obchod ikuchyne! pon\u00faka odber Jed\u00e1lensk\u00fd st\u00f4l Genesis hned\u00fd 200cm ag\u00e1t 35mm \u00bb u\u017e od 1 kusu.","og_url":"https:\/\/www.ikuchyne.sk\/eshop\/produkt\/jedalensky-stol-genesis-hnedy-200cm-agat-35mm\/","og_site_name":"iKuchyne iSHOP s n\u00e1bytkom","article_publisher":"https:\/\/www.facebook.com\/ikuchyne\/","article_modified_time":"2024-02-19T10:39:32+00:00","og_image":[{"width":800,"height":533,"url":"https:\/\/www.ikuchyne.sk\/eshop\/wp-content\/uploads\/2023\/01\/Jed\u00e1lensk\u00fd-st\u00f4l-Genesis-hned\u00e1-200cm-ag\u00e1t-35mm-42044.jpg","type":"image\/jpeg"}],"twitter_card":"summary_large_image","twitter_misc":{"Predpokladan\u00fd \u010das \u010d\u00edtania":"1 min\u00fata"},"schema":{"@context":"https:\/\/schema.org","@graph":[{"@type":"WebPage","@id":"https:\/\/www.ikuchyne.sk\/eshop\/produkt\/jedalensky-stol-genesis-hnedy-200cm-agat-35mm\/","url":"https:\/\/www.ikuchyne.sk\/eshop\/produkt\/jedalensky-stol-genesis-hnedy-200cm-agat-35mm\/","name":"Jed\u00e1lensk\u00fd st\u00f4l Genesis hned\u00fd 200cm ag\u00e1t 35mm \u00bb &#187; iKuchyne iSHOP s n\u00e1bytkom","isPartOf":{"@id":"https:\/\/www.ikuchyne.sk\/eshop\/#website"},"datePublished":"2023-02-28T02:34:48+00:00","dateModified":"2024-02-19T10:39:32+00:00","description":"K\u00fapte si u n\u00e1s Jed\u00e1lensk\u00fd st\u00f4l Genesis hned\u00fd 200cm ag\u00e1t 35mm \u00bb za akciov\u00fa cenu. R\u00fdchle dodanie tovaru, odborn\u00e9 poradenstvo a stovky produktov skladom. Jed\u00e1lensk\u00fd st\u00f4l Genesis hned\u00fd 200cm ag\u00e1t 35mm \u00bb sa stane dominantou V\u00e1\u0161ho interi\u00e9ru. Internetov\u00fd obchod ikuchyne! pon\u00faka odber Jed\u00e1lensk\u00fd st\u00f4l Genesis hned\u00fd 200cm ag\u00e1t 35mm \u00bb u\u017e od 1 kusu.","breadcrumb":{"@id":"https:\/\/www.ikuchyne.sk\/eshop\/produkt\/jedalensky-stol-genesis-hnedy-200cm-agat-35mm\/#breadcrumb"},"inLanguage":"sk-SK","potentialAction":[{"@type":"ReadAction","target":["https:\/\/www.ikuchyne.sk\/eshop\/produkt\/jedalensky-stol-genesis-hnedy-200cm-agat-35mm\/"]}]},{"@type":"BreadcrumbList","@id":"https:\/\/www.ikuchyne.sk\/eshop\/produkt\/jedalensky-stol-genesis-hnedy-200cm-agat-35mm\/#breadcrumb","itemListElement":[{"@type":"ListItem","position":1,"name":"Home","item":"https:\/\/www.ikuchyne.sk\/eshop\/"},{"@type":"ListItem","position":2,"name":"Obchod","item":"https:\/\/www.ikuchyne.sk\/eshop\/obchod\/"},{"@type":"ListItem","position":3,"name":"Jed\u00e1lensk\u00fd st\u00f4l Genesis hned\u00fd 200cm ag\u00e1t 35mm \u00bb"}]},{"@type":"WebSite","@id":"https:\/\/www.ikuchyne.sk\/eshop\/#website","url":"https:\/\/www.ikuchyne.sk\/eshop\/","name":"iKuchyne iSHOP s n\u00e1bytkom","description":"Jed\u00e1lensk\u00e9 stoly, stoli\u010dky, n\u00e1bytok, svietidl\u00e1...","publisher":{"@id":"https:\/\/www.ikuchyne.sk\/eshop\/#organization"},"potentialAction":[{"@type":"SearchAction","target":{"@type":"EntryPoint","urlTemplate":"https:\/\/www.ikuchyne.sk\/eshop\/?s={search_term_string}"},"query-input":"required name=search_term_string"}],"inLanguage":"sk-SK"},{"@type":"Organization","@id":"https:\/\/www.ikuchyne.sk\/eshop\/#organization","name":"ikuchyne!","url":"https:\/\/www.ikuchyne.sk\/eshop\/","logo":{"@type":"ImageObject","inLanguage":"sk-SK","@id":"https:\/\/www.ikuchyne.sk\/eshop\/#\/schema\/logo\/image\/","url":"https:\/\/www.ikuchyne.sk\/eshop\/wp-content\/uploads\/2017\/04\/ikuchyne-logo.jpg","contentUrl":"https:\/\/www.ikuchyne.sk\/eshop\/wp-content\/uploads\/2017\/04\/ikuchyne-logo.jpg","width":200,"height":48,"caption":"ikuchyne!"},"image":{"@id":"https:\/\/www.ikuchyne.sk\/eshop\/#\/schema\/logo\/image\/"},"sameAs":["https:\/\/www.facebook.com\/ikuchyne\/","https:\/\/www.instagram.com\/ikuchyne.sk\/","https:\/\/sk.pinterest.com\/ikuchynesk\/"]}]}},"_links":{"self":[{"href":"https:\/\/www.ikuchyne.sk\/eshop\/wp-json\/wp\/v2\/product\/159685"}],"collection":[{"href":"https:\/\/www.ikuchyne.sk\/eshop\/wp-json\/wp\/v2\/product"}],"about":[{"href":"https:\/\/www.ikuchyne.sk\/eshop\/wp-json\/wp\/v2\/types\/product"}],"replies":[{"embeddable":true,"href":"https:\/\/www.ikuchyne.sk\/eshop\/wp-json\/wp\/v2\/comments?post=159685"}],"wp:featuredmedia":[{"embeddable":true,"href":"https:\/\/www.ikuchyne.sk\/eshop\/wp-json\/wp\/v2\/media\/159686"}],"wp:attachment":[{"href":"https:\/\/www.ikuchyne.sk\/eshop\/wp-json\/wp\/v2\/media?parent=159685"}],"wp:term":[{"taxonomy":"product_cat","embeddable":true,"href":"https:\/\/www.ikuchyne.sk\/eshop\/wp-json\/wp\/v2\/product_cat?post=159685"},{"taxonomy":"product_tag","embeddable":true,"href":"https:\/\/www.ikuchyne.sk\/eshop\/wp-json\/wp\/v2\/product_tag?post=159685"}],"curies":[{"name":"wp","href":"https:\/\/api.w.org\/{rel}","templated":true}]}}