{"id":160129,"date":"2024-02-19T12:44:32","date_gmt":"2024-02-19T11:44:32","guid":{"rendered":"https:\/\/www.ikuchyne.sk\/eshop\/?post_type=product&#038;p=160129"},"modified":"2024-02-19T12:44:33","modified_gmt":"2024-02-19T11:44:33","slug":"lavica-genesis-hneda-180cm-agat-35mm","status":"publish","type":"product","link":"https:\/\/www.ikuchyne.sk\/eshop\/produkt\/lavica-genesis-hneda-180cm-agat-35mm\/","title":{"rendered":"Lavica Genesis hned\u00e1 180cm ag\u00e1t 35mm"},"content":{"rendered":"<h1>Lavica Genesis hned\u00e1 160cm ag\u00e1t 35mm \u00bb<\/h1>\n<p><strong>V\u0161eobecn\u00fd opis lavice:<br \/>\n<\/strong>Dreven\u00e1 lavica v industri\u00e1lnom \u0161t\u00fdle sa vynikaj\u00faco hod\u00ed k jed\u00e1lensk\u00e9mu stolu zo s\u00e9rie Genesis vo va\u0161ej kuchyni. Industri\u00e1lny \u0161t\u00fdl b\u00fdvania je charakteristick\u00fd kombin\u00e1ciou kovu a dreva. N\u00e1bytok nezab\u00fada na funk\u010dnos\u0165. Povrch lavice je tvoren\u00fd mas\u00edvnym ag\u00e1tov\u00fdm drevom s kr\u00e1snou kresbou. Ag\u00e1tov\u00e9 drevo je povestn\u00e9 svojimi v\u00fdnimo\u010dn\u00fdmi vlastnos\u0165ami. Ag\u00e1t je tvrd\u00fd a nesmierne odoln\u00fd. V\u00a0Eur\u00f3pe neexistuje drevina, ktor\u00e1 by dok\u00e1zala ag\u00e1tu konkurova\u0165. Drevo je olejovan\u00e9 a \u013eahk\u00e9 na \u00fadr\u017ebu.\u00a0T\u00e1to lavica je typick\u00e1 svojou jednoduchos\u0165ou, \u010dist\u00fdmi l\u00edniami a z\u00e1rove\u0148 praktickou funk\u010dnos\u0165ou.\u00a0Podno\u017e lavice je tvoren\u00e1 pevn\u00fdm ly\u017einov\u00fdm podstavcom zo \u017eeleza, ktor\u00fd je v antracitovej farbe. Ke\u010f\u017ee sa jedn\u00e1 o ru\u010dn\u00fa pr\u00e1cu a pr\u00edrodn\u00fd produkt, m\u00f4\u017ee d\u00f4js\u0165 k miernym farebn\u00fdm nezrovnalostiam a materi\u00e1lov\u00fdm nerovnostiam.<\/p>\n<p><strong>Povrch lavice:<br \/>\n<\/strong>Povrch lavice tvor\u00ed mas\u00edvne ag\u00e1tov\u00e9 drevo, ktor\u00e9 je olejovan\u00e9. Vysok\u00e1 hr\u00fabka drevenej dosky dotv\u00e1ra typick\u00fd charakter n\u00e1bytku tohto druhu.<\/p>\n<p><strong>Podno\u017e lavice:<br \/>\n<\/strong>Podno\u017e lavice pozost\u00e1va z pevn\u00e9ho ly\u017einov\u00e9ho podstavca z u\u0161\u013eachtilej ocele, charakteristick\u00e9ho pre industri\u00e1lny typ n\u00e1bytku.<\/p>\n<p><strong>\u010eal\u0161ie inform\u00e1cie:<br \/>\n<\/strong>Ru\u010dn\u00e9 opracovanie a n\u00e1sledn\u00e9 olejovanie zachov\u00e1vaj\u00fa pr\u00edrodn\u00e9 nerovnosti lavice a robia z ka\u017ed\u00e9ho kusu unik\u00e1tny exempl\u00e1r. M\u00f4\u017eu sa teda l\u00ed\u0161i\u0165. Povrch lavice je o\u0161etren\u00fd \u0161peci\u00e1lnym olejom, aby si drevo \u010do najdlh\u0161ie zachovalo svoje pr\u00edrodn\u00e9 vlastnosti. Preto ju utierame len handri\u010dkou mierne navlh\u010denou v jemnej mydlovej vode. Ag\u00e1tov\u00fa lavicu odpor\u00fa\u010dame ka\u017ed\u00e9 2 mesiace natrie\u0165 pr\u00edpravkami ur\u010den\u00fdmi na olejovan\u00fd mas\u00edvny n\u00e1bytok.<\/p>\n<p><b>Rozmery<\/b> (cca):<br \/>\n180 cm x 46 cm x 40 cm (\u0160xVxH)<br \/>\nHr\u00fabka sedadla: 35 mm<br \/>\nR\u00e1m: 8 cm x 4 cm (\u0160 x H)<br \/>\nmaxim\u00e1lne za\u0165a\u017eenie: cca 220 kg<\/p>\n<p><strong>Materi\u00e1l:<\/strong><br \/>\nSedadlo: olejovan\u00e9 ak\u00e1ciov\u00e9 drevo<br \/>\nR\u00e1m: \u017eelezo<\/p>\n<p><strong>Farba:<\/strong><br \/>\nSedadlo: hned\u00e9, \u017eiarov\u00e9<br \/>\nR\u00e1m: antracit, priemyseln\u00fd dizajn<\/p>\n<p>Ke\u010f\u017ee ide o pr\u00edrodn\u00fd produkt, m\u00f4\u017eu existova\u0165 odch\u00fdlky vo ve\u013ekosti, farbe a vzore dreva.<\/p>\n","protected":false},"excerpt":{"rendered":"<p>Lavica Genesis hned\u00e1 160cm ag\u00e1t 35mm \u00bb V\u0161eobecn\u00fd opis lavice: Dreven\u00e1 lavica v industri\u00e1lnom \u0161t\u00fdle sa vynikaj\u00faco hod\u00ed k jed\u00e1lensk\u00e9mu stolu zo s\u00e9rie Genesis vo va\u0161ej kuchyni. Industri\u00e1lny \u0161t\u00fdl b\u00fdvania<\/p>\n","protected":false},"featured_media":160130,"comment_status":"closed","ping_status":"closed","template":"","meta":[],"product_cat":[750,772,600],"product_tag":[],"yoast_head":"<!-- This site is optimized with the Yoast SEO plugin v22.1 - https:\/\/yoast.com\/wordpress\/plugins\/seo\/ -->\n<title>Lavica Genesis hned\u00e1 180cm ag\u00e1t 35mm &#187; iKuchyne iSHOP s n\u00e1bytkom<\/title>\n<meta name=\"description\" content=\"K\u00fapte si u n\u00e1s Lavica Genesis hned\u00e1 180cm ag\u00e1t 35mm za akciov\u00fa cenu. R\u00fdchle dodanie tovaru, odborn\u00e9 poradenstvo a stovky produktov skladom. Lavica Genesis hned\u00e1 180cm ag\u00e1t 35mm sa stane dominantou V\u00e1\u0161ho interi\u00e9ru. Internetov\u00fd obchod ikuchyne! pon\u00faka odber Lavica Genesis hned\u00e1 180cm ag\u00e1t 35mm u\u017e od 1 kusu.\" \/>\n<meta name=\"robots\" content=\"index, follow, max-snippet:-1, max-image-preview:large, max-video-preview:-1\" \/>\n<link rel=\"canonical\" href=\"https:\/\/www.ikuchyne.sk\/eshop\/produkt\/lavica-genesis-hneda-180cm-agat-35mm\/\" \/>\n<meta property=\"og:locale\" content=\"sk_SK\" \/>\n<meta property=\"og:type\" content=\"article\" \/>\n<meta property=\"og:title\" content=\"Lavica Genesis hned\u00e1 180cm ag\u00e1t 35mm &#187; iKuchyne iSHOP s n\u00e1bytkom\" \/>\n<meta property=\"og:description\" content=\"K\u00fapte si u n\u00e1s Lavica Genesis hned\u00e1 180cm ag\u00e1t 35mm za akciov\u00fa cenu. R\u00fdchle dodanie tovaru, odborn\u00e9 poradenstvo a stovky produktov skladom. Lavica Genesis hned\u00e1 180cm ag\u00e1t 35mm sa stane dominantou V\u00e1\u0161ho interi\u00e9ru. Internetov\u00fd obchod ikuchyne! pon\u00faka odber Lavica Genesis hned\u00e1 180cm ag\u00e1t 35mm u\u017e od 1 kusu.\" \/>\n<meta property=\"og:url\" content=\"https:\/\/www.ikuchyne.sk\/eshop\/produkt\/lavica-genesis-hneda-180cm-agat-35mm\/\" \/>\n<meta property=\"og:site_name\" content=\"iKuchyne iSHOP s n\u00e1bytkom\" \/>\n<meta property=\"article:publisher\" content=\"https:\/\/www.facebook.com\/ikuchyne\/\" \/>\n<meta property=\"article:modified_time\" content=\"2024-02-19T11:44:33+00:00\" \/>\n<meta property=\"og:image\" content=\"https:\/\/www.ikuchyne.sk\/eshop\/wp-content\/uploads\/2023\/03\/Lavica-Genesis-hned\u00e1-180cm-ag\u00e1t-35mm-42056.jpg\" \/>\n\t<meta property=\"og:image:width\" content=\"800\" \/>\n\t<meta property=\"og:image:height\" content=\"533\" \/>\n\t<meta property=\"og:image:type\" content=\"image\/jpeg\" \/>\n<meta name=\"twitter:card\" content=\"summary_large_image\" \/>\n<meta name=\"twitter:label1\" content=\"Predpokladan\u00fd \u010das \u010d\u00edtania\" \/>\n\t<meta name=\"twitter:data1\" content=\"2 min\u00faty\" \/>\n<script type=\"application\/ld+json\" class=\"yoast-schema-graph\">{\"@context\":\"https:\/\/schema.org\",\"@graph\":[{\"@type\":\"WebPage\",\"@id\":\"https:\/\/www.ikuchyne.sk\/eshop\/produkt\/lavica-genesis-hneda-180cm-agat-35mm\/\",\"url\":\"https:\/\/www.ikuchyne.sk\/eshop\/produkt\/lavica-genesis-hneda-180cm-agat-35mm\/\",\"name\":\"Lavica Genesis hned\u00e1 180cm ag\u00e1t 35mm &#187; iKuchyne iSHOP s n\u00e1bytkom\",\"isPartOf\":{\"@id\":\"https:\/\/www.ikuchyne.sk\/eshop\/#website\"},\"datePublished\":\"2024-02-19T11:44:32+00:00\",\"dateModified\":\"2024-02-19T11:44:33+00:00\",\"description\":\"K\u00fapte si u n\u00e1s Lavica Genesis hned\u00e1 180cm ag\u00e1t 35mm za akciov\u00fa cenu. R\u00fdchle dodanie tovaru, odborn\u00e9 poradenstvo a stovky produktov skladom. Lavica Genesis hned\u00e1 180cm ag\u00e1t 35mm sa stane dominantou V\u00e1\u0161ho interi\u00e9ru. Internetov\u00fd obchod ikuchyne! pon\u00faka odber Lavica Genesis hned\u00e1 180cm ag\u00e1t 35mm u\u017e od 1 kusu.\",\"breadcrumb\":{\"@id\":\"https:\/\/www.ikuchyne.sk\/eshop\/produkt\/lavica-genesis-hneda-180cm-agat-35mm\/#breadcrumb\"},\"inLanguage\":\"sk-SK\",\"potentialAction\":[{\"@type\":\"ReadAction\",\"target\":[\"https:\/\/www.ikuchyne.sk\/eshop\/produkt\/lavica-genesis-hneda-180cm-agat-35mm\/\"]}]},{\"@type\":\"BreadcrumbList\",\"@id\":\"https:\/\/www.ikuchyne.sk\/eshop\/produkt\/lavica-genesis-hneda-180cm-agat-35mm\/#breadcrumb\",\"itemListElement\":[{\"@type\":\"ListItem\",\"position\":1,\"name\":\"Home\",\"item\":\"https:\/\/www.ikuchyne.sk\/eshop\/\"},{\"@type\":\"ListItem\",\"position\":2,\"name\":\"Obchod\",\"item\":\"https:\/\/www.ikuchyne.sk\/eshop\/obchod\/\"},{\"@type\":\"ListItem\",\"position\":3,\"name\":\"Lavica Genesis hned\u00e1 180cm ag\u00e1t 35mm\"}]},{\"@type\":\"WebSite\",\"@id\":\"https:\/\/www.ikuchyne.sk\/eshop\/#website\",\"url\":\"https:\/\/www.ikuchyne.sk\/eshop\/\",\"name\":\"iKuchyne iSHOP s n\u00e1bytkom\",\"description\":\"Jed\u00e1lensk\u00e9 stoly, stoli\u010dky, n\u00e1bytok, svietidl\u00e1...\",\"publisher\":{\"@id\":\"https:\/\/www.ikuchyne.sk\/eshop\/#organization\"},\"potentialAction\":[{\"@type\":\"SearchAction\",\"target\":{\"@type\":\"EntryPoint\",\"urlTemplate\":\"https:\/\/www.ikuchyne.sk\/eshop\/?s={search_term_string}\"},\"query-input\":\"required name=search_term_string\"}],\"inLanguage\":\"sk-SK\"},{\"@type\":\"Organization\",\"@id\":\"https:\/\/www.ikuchyne.sk\/eshop\/#organization\",\"name\":\"ikuchyne!\",\"url\":\"https:\/\/www.ikuchyne.sk\/eshop\/\",\"logo\":{\"@type\":\"ImageObject\",\"inLanguage\":\"sk-SK\",\"@id\":\"https:\/\/www.ikuchyne.sk\/eshop\/#\/schema\/logo\/image\/\",\"url\":\"https:\/\/www.ikuchyne.sk\/eshop\/wp-content\/uploads\/2017\/04\/ikuchyne-logo.jpg\",\"contentUrl\":\"https:\/\/www.ikuchyne.sk\/eshop\/wp-content\/uploads\/2017\/04\/ikuchyne-logo.jpg\",\"width\":200,\"height\":48,\"caption\":\"ikuchyne!\"},\"image\":{\"@id\":\"https:\/\/www.ikuchyne.sk\/eshop\/#\/schema\/logo\/image\/\"},\"sameAs\":[\"https:\/\/www.facebook.com\/ikuchyne\/\",\"https:\/\/www.instagram.com\/ikuchyne.sk\/\",\"https:\/\/sk.pinterest.com\/ikuchynesk\/\"]}]}<\/script>\n<!-- \/ Yoast SEO plugin. -->","yoast_head_json":{"title":"Lavica Genesis hned\u00e1 180cm ag\u00e1t 35mm &#187; iKuchyne iSHOP s n\u00e1bytkom","description":"K\u00fapte si u n\u00e1s Lavica Genesis hned\u00e1 180cm ag\u00e1t 35mm za akciov\u00fa cenu. R\u00fdchle dodanie tovaru, odborn\u00e9 poradenstvo a stovky produktov skladom. Lavica Genesis hned\u00e1 180cm ag\u00e1t 35mm sa stane dominantou V\u00e1\u0161ho interi\u00e9ru. Internetov\u00fd obchod ikuchyne! pon\u00faka odber Lavica Genesis hned\u00e1 180cm ag\u00e1t 35mm u\u017e od 1 kusu.","robots":{"index":"index","follow":"follow","max-snippet":"max-snippet:-1","max-image-preview":"max-image-preview:large","max-video-preview":"max-video-preview:-1"},"canonical":"https:\/\/www.ikuchyne.sk\/eshop\/produkt\/lavica-genesis-hneda-180cm-agat-35mm\/","og_locale":"sk_SK","og_type":"article","og_title":"Lavica Genesis hned\u00e1 180cm ag\u00e1t 35mm &#187; iKuchyne iSHOP s n\u00e1bytkom","og_description":"K\u00fapte si u n\u00e1s Lavica Genesis hned\u00e1 180cm ag\u00e1t 35mm za akciov\u00fa cenu. R\u00fdchle dodanie tovaru, odborn\u00e9 poradenstvo a stovky produktov skladom. Lavica Genesis hned\u00e1 180cm ag\u00e1t 35mm sa stane dominantou V\u00e1\u0161ho interi\u00e9ru. Internetov\u00fd obchod ikuchyne! pon\u00faka odber Lavica Genesis hned\u00e1 180cm ag\u00e1t 35mm u\u017e od 1 kusu.","og_url":"https:\/\/www.ikuchyne.sk\/eshop\/produkt\/lavica-genesis-hneda-180cm-agat-35mm\/","og_site_name":"iKuchyne iSHOP s n\u00e1bytkom","article_publisher":"https:\/\/www.facebook.com\/ikuchyne\/","article_modified_time":"2024-02-19T11:44:33+00:00","og_image":[{"width":800,"height":533,"url":"https:\/\/www.ikuchyne.sk\/eshop\/wp-content\/uploads\/2023\/03\/Lavica-Genesis-hned\u00e1-180cm-ag\u00e1t-35mm-42056.jpg","type":"image\/jpeg"}],"twitter_card":"summary_large_image","twitter_misc":{"Predpokladan\u00fd \u010das \u010d\u00edtania":"2 min\u00faty"},"schema":{"@context":"https:\/\/schema.org","@graph":[{"@type":"WebPage","@id":"https:\/\/www.ikuchyne.sk\/eshop\/produkt\/lavica-genesis-hneda-180cm-agat-35mm\/","url":"https:\/\/www.ikuchyne.sk\/eshop\/produkt\/lavica-genesis-hneda-180cm-agat-35mm\/","name":"Lavica Genesis hned\u00e1 180cm ag\u00e1t 35mm &#187; iKuchyne iSHOP s n\u00e1bytkom","isPartOf":{"@id":"https:\/\/www.ikuchyne.sk\/eshop\/#website"},"datePublished":"2024-02-19T11:44:32+00:00","dateModified":"2024-02-19T11:44:33+00:00","description":"K\u00fapte si u n\u00e1s Lavica Genesis hned\u00e1 180cm ag\u00e1t 35mm za akciov\u00fa cenu. R\u00fdchle dodanie tovaru, odborn\u00e9 poradenstvo a stovky produktov skladom. Lavica Genesis hned\u00e1 180cm ag\u00e1t 35mm sa stane dominantou V\u00e1\u0161ho interi\u00e9ru. Internetov\u00fd obchod ikuchyne! pon\u00faka odber Lavica Genesis hned\u00e1 180cm ag\u00e1t 35mm u\u017e od 1 kusu.","breadcrumb":{"@id":"https:\/\/www.ikuchyne.sk\/eshop\/produkt\/lavica-genesis-hneda-180cm-agat-35mm\/#breadcrumb"},"inLanguage":"sk-SK","potentialAction":[{"@type":"ReadAction","target":["https:\/\/www.ikuchyne.sk\/eshop\/produkt\/lavica-genesis-hneda-180cm-agat-35mm\/"]}]},{"@type":"BreadcrumbList","@id":"https:\/\/www.ikuchyne.sk\/eshop\/produkt\/lavica-genesis-hneda-180cm-agat-35mm\/#breadcrumb","itemListElement":[{"@type":"ListItem","position":1,"name":"Home","item":"https:\/\/www.ikuchyne.sk\/eshop\/"},{"@type":"ListItem","position":2,"name":"Obchod","item":"https:\/\/www.ikuchyne.sk\/eshop\/obchod\/"},{"@type":"ListItem","position":3,"name":"Lavica Genesis hned\u00e1 180cm ag\u00e1t 35mm"}]},{"@type":"WebSite","@id":"https:\/\/www.ikuchyne.sk\/eshop\/#website","url":"https:\/\/www.ikuchyne.sk\/eshop\/","name":"iKuchyne iSHOP s n\u00e1bytkom","description":"Jed\u00e1lensk\u00e9 stoly, stoli\u010dky, n\u00e1bytok, svietidl\u00e1...","publisher":{"@id":"https:\/\/www.ikuchyne.sk\/eshop\/#organization"},"potentialAction":[{"@type":"SearchAction","target":{"@type":"EntryPoint","urlTemplate":"https:\/\/www.ikuchyne.sk\/eshop\/?s={search_term_string}"},"query-input":"required name=search_term_string"}],"inLanguage":"sk-SK"},{"@type":"Organization","@id":"https:\/\/www.ikuchyne.sk\/eshop\/#organization","name":"ikuchyne!","url":"https:\/\/www.ikuchyne.sk\/eshop\/","logo":{"@type":"ImageObject","inLanguage":"sk-SK","@id":"https:\/\/www.ikuchyne.sk\/eshop\/#\/schema\/logo\/image\/","url":"https:\/\/www.ikuchyne.sk\/eshop\/wp-content\/uploads\/2017\/04\/ikuchyne-logo.jpg","contentUrl":"https:\/\/www.ikuchyne.sk\/eshop\/wp-content\/uploads\/2017\/04\/ikuchyne-logo.jpg","width":200,"height":48,"caption":"ikuchyne!"},"image":{"@id":"https:\/\/www.ikuchyne.sk\/eshop\/#\/schema\/logo\/image\/"},"sameAs":["https:\/\/www.facebook.com\/ikuchyne\/","https:\/\/www.instagram.com\/ikuchyne.sk\/","https:\/\/sk.pinterest.com\/ikuchynesk\/"]}]}},"_links":{"self":[{"href":"https:\/\/www.ikuchyne.sk\/eshop\/wp-json\/wp\/v2\/product\/160129"}],"collection":[{"href":"https:\/\/www.ikuchyne.sk\/eshop\/wp-json\/wp\/v2\/product"}],"about":[{"href":"https:\/\/www.ikuchyne.sk\/eshop\/wp-json\/wp\/v2\/types\/product"}],"replies":[{"embeddable":true,"href":"https:\/\/www.ikuchyne.sk\/eshop\/wp-json\/wp\/v2\/comments?post=160129"}],"wp:featuredmedia":[{"embeddable":true,"href":"https:\/\/www.ikuchyne.sk\/eshop\/wp-json\/wp\/v2\/media\/160130"}],"wp:attachment":[{"href":"https:\/\/www.ikuchyne.sk\/eshop\/wp-json\/wp\/v2\/media?parent=160129"}],"wp:term":[{"taxonomy":"product_cat","embeddable":true,"href":"https:\/\/www.ikuchyne.sk\/eshop\/wp-json\/wp\/v2\/product_cat?post=160129"},{"taxonomy":"product_tag","embeddable":true,"href":"https:\/\/www.ikuchyne.sk\/eshop\/wp-json\/wp\/v2\/product_tag?post=160129"}],"curies":[{"name":"wp","href":"https:\/\/api.w.org\/{rel}","templated":true}]}}