{"id":162445,"date":"2023-09-20T09:48:20","date_gmt":"2023-09-20T07:48:20","guid":{"rendered":"https:\/\/www.ikuchyne.sk\/eshop\/?post_type=product&#038;p=162445"},"modified":"2023-09-20T09:48:21","modified_gmt":"2023-09-20T07:48:21","slug":"sofa-statement-3-miestna-boucle-beige","status":"publish","type":"product","link":"https:\/\/www.ikuchyne.sk\/eshop\/produkt\/sofa-statement-3-miestna-boucle-beige\/","title":{"rendered":"Sofa Statement 3-miestna boucle beige"},"content":{"rendered":"<p>&#8211; Luxusn\u00fd a elegantn\u00fd dizajn<br \/>\n&#8211; \u010cas\u0165 zn\u00e1mej s\u00e9rie Statement<br \/>\n&#8211; \u010cal\u00fanen\u00e9 tkan\u00fdm bucl\u00e9 (100% polyester)<br \/>\n&#8211; V 77 cm x \u0160 230 cm x H 93 cm<\/p>\n<p>S\u00e9ria Statement holandskej interi\u00e9rovej zna\u010dky BePureHome sa vyzna\u010duje elegantn\u00fdm zaoblen\u00fdm dizajnom a ve\u013emi vysok\u00fdm komfortom sedenia. N\u00e1zov hovor\u00ed za v\u0161etko: prezent\u00e1cia je presne to, \u010do t\u00e1to kolekcia sedadiel rob\u00ed. S\u00e9ria Statement m\u00e1 nekone\u010dn\u00e9 mo\u017enosti kombin\u00e1ci\u00ed, je odoln\u00e1, \u010dist\u00e1 a nad\u010dasov\u00e1!<\/p>\n<p>Materi\u00e1l<br \/>\nStatement je vyroben\u00fd z kombin\u00e1cie mas\u00edvneho dreva [fsc], drevotriesky [fsc], preglejky [fsc], norm\u00e1lnej peny a syntetickej vaty s hustotou 250 g\/m3 a cik-cak pru\u017einy. Seda\u010dka m\u00e1 pru\u017einov\u00e9 jadro Bonell, norm\u00e1lnu penu a syntetick\u00fa v\u00fdpl\u0148 s hustotou 250 g\/m3. Zadn\u00fa stranu tvor\u00ed mix polyuret\u00e1novej peny s hustotou 23 kg\/m3.<\/p>\n<p>Toto vyhl\u00e1senie je \u010dal\u00fanen\u00e9 m\u00e4kk\u00fdm bukl\u00e9 zo 100% polyesteru. Materi\u00e1l l\u00e1tky Colmar boucl\u00e9 reaguje na najnov\u0161\u00ed trend: m\u00e4kk\u00e9 materi\u00e1ly. L\u00e1tka je pohodln\u00e1 a m\u00e1 elegantn\u00fa text\u00faru. Na\u0161a Colmar boucl\u00e9 m\u00e1 hodnotenie Martindale 100 000, \u010do znamen\u00e1, \u017ee l\u00e1tka je vhodn\u00e1 na intenz\u00edvne pou\u017e\u00edvanie. Hust\u00e1 v\u00e4zba zais\u0165uje pevnos\u0165 l\u00e1tky, \u010do znamen\u00e1, \u017ee boucl\u00e9 sa \u013eahko neopotrebuje a neroztrhne. Ka\u017ed\u00e1 farba m\u00e1 tie\u017e vysok\u00fa st\u00e1los\u0165 farieb, ale odpor\u00fa\u010da sa vyh\u00fdba\u0165 sa priamemu slne\u010dn\u00e9mu \u017eiareniu, aby nedoch\u00e1dzalo k farebn\u00fdm posunom.<\/p>\n<p>Rozmery<br \/>\n&#8211; V\u00fd\u0161ka: 77 cm<br \/>\n&#8211; \u0160\u00edrka: 230 cm<br \/>\n&#8211; H\u013abka: 93 cm<br \/>\n&#8211; V\u00fd\u0161ka sedadla: 46 cm<br \/>\n&#8211; \u0160\u00edrka sedadla: 195 cm<br \/>\n&#8211; H\u013abka sedadla: 62 cm<br \/>\n&#8211; V\u00fd\u0161ka operadla: 77\/31 cm<br \/>\n&#8211; V\u00fd\u0161ka lak\u0165ovej opierky: 65 cm<br \/>\n&#8211; \u0160\u00edrka lak\u0165ovej opierky: 17 cm<br \/>\n&#8211; V\u00fd\u0161ka n\u00f4h: 15 cm (breza)<br \/>\n&#8211; Nosnos\u0165: 90 kg na sedadlo<br \/>\n&#8211; Hmotnos\u0165: 63 kg<\/p>\n","protected":false},"excerpt":{"rendered":"<p>&#8211; Luxusn\u00fd a elegantn\u00fd dizajn &#8211; \u010cas\u0165 zn\u00e1mej s\u00e9rie Statement &#8211; \u010cal\u00fanen\u00e9 tkan\u00fdm bucl\u00e9 (100% polyester) &#8211; V 77 cm x \u0160 230 cm x H 93 cm S\u00e9ria Statement<\/p>\n","protected":false},"featured_media":162447,"comment_status":"closed","ping_status":"closed","template":"","meta":[],"product_cat":[1095],"product_tag":[],"yoast_head":"<!-- This site is optimized with the Yoast SEO plugin v22.1 - https:\/\/yoast.com\/wordpress\/plugins\/seo\/ -->\n<title>Sofa Statement 3-miestna boucle beige &#187; iKuchyne iSHOP s n\u00e1bytkom<\/title>\n<meta name=\"description\" content=\"K\u00fapte si u n\u00e1s Sofa Statement 3-miestna boucle beige za akciov\u00fa cenu. R\u00fdchle dodanie tovaru, odborn\u00e9 poradenstvo a stovky produktov skladom. Sofa Statement 3-miestna boucle beige sa stane dominantou V\u00e1\u0161ho interi\u00e9ru. Internetov\u00fd obchod ikuchyne! pon\u00faka odber Sofa Statement 3-miestna boucle beige u\u017e od 1 kusu.\" \/>\n<meta name=\"robots\" content=\"index, follow, max-snippet:-1, max-image-preview:large, max-video-preview:-1\" \/>\n<link rel=\"canonical\" href=\"https:\/\/www.ikuchyne.sk\/eshop\/produkt\/sofa-statement-3-miestna-boucle-beige\/\" \/>\n<meta property=\"og:locale\" content=\"sk_SK\" \/>\n<meta property=\"og:type\" content=\"article\" \/>\n<meta property=\"og:title\" content=\"Sofa Statement 3-miestna boucle beige &#187; iKuchyne iSHOP s n\u00e1bytkom\" \/>\n<meta property=\"og:description\" content=\"K\u00fapte si u n\u00e1s Sofa Statement 3-miestna boucle beige za akciov\u00fa cenu. R\u00fdchle dodanie tovaru, odborn\u00e9 poradenstvo a stovky produktov skladom. Sofa Statement 3-miestna boucle beige sa stane dominantou V\u00e1\u0161ho interi\u00e9ru. Internetov\u00fd obchod ikuchyne! pon\u00faka odber Sofa Statement 3-miestna boucle beige u\u017e od 1 kusu.\" \/>\n<meta property=\"og:url\" content=\"https:\/\/www.ikuchyne.sk\/eshop\/produkt\/sofa-statement-3-miestna-boucle-beige\/\" \/>\n<meta property=\"og:site_name\" content=\"iKuchyne iSHOP s n\u00e1bytkom\" \/>\n<meta property=\"article:publisher\" content=\"https:\/\/www.facebook.com\/ikuchyne\/\" \/>\n<meta property=\"article:modified_time\" content=\"2023-09-20T07:48:21+00:00\" \/>\n<meta property=\"og:image\" content=\"https:\/\/www.ikuchyne.sk\/eshop\/wp-content\/uploads\/2023\/09\/pohovka_statement_3_seater.jpg\" \/>\n\t<meta property=\"og:image:width\" content=\"1349\" \/>\n\t<meta property=\"og:image:height\" content=\"1334\" \/>\n\t<meta property=\"og:image:type\" content=\"image\/jpeg\" \/>\n<meta name=\"twitter:card\" content=\"summary_large_image\" \/>\n<meta name=\"twitter:label1\" content=\"Predpokladan\u00fd \u010das \u010d\u00edtania\" \/>\n\t<meta name=\"twitter:data1\" content=\"2 min\u00faty\" \/>\n<script type=\"application\/ld+json\" class=\"yoast-schema-graph\">{\"@context\":\"https:\/\/schema.org\",\"@graph\":[{\"@type\":\"WebPage\",\"@id\":\"https:\/\/www.ikuchyne.sk\/eshop\/produkt\/sofa-statement-3-miestna-boucle-beige\/\",\"url\":\"https:\/\/www.ikuchyne.sk\/eshop\/produkt\/sofa-statement-3-miestna-boucle-beige\/\",\"name\":\"Sofa Statement 3-miestna boucle beige &#187; iKuchyne iSHOP s n\u00e1bytkom\",\"isPartOf\":{\"@id\":\"https:\/\/www.ikuchyne.sk\/eshop\/#website\"},\"datePublished\":\"2023-09-20T07:48:20+00:00\",\"dateModified\":\"2023-09-20T07:48:21+00:00\",\"description\":\"K\u00fapte si u n\u00e1s Sofa Statement 3-miestna boucle beige za akciov\u00fa cenu. R\u00fdchle dodanie tovaru, odborn\u00e9 poradenstvo a stovky produktov skladom. Sofa Statement 3-miestna boucle beige sa stane dominantou V\u00e1\u0161ho interi\u00e9ru. Internetov\u00fd obchod ikuchyne! pon\u00faka odber Sofa Statement 3-miestna boucle beige u\u017e od 1 kusu.\",\"breadcrumb\":{\"@id\":\"https:\/\/www.ikuchyne.sk\/eshop\/produkt\/sofa-statement-3-miestna-boucle-beige\/#breadcrumb\"},\"inLanguage\":\"sk-SK\",\"potentialAction\":[{\"@type\":\"ReadAction\",\"target\":[\"https:\/\/www.ikuchyne.sk\/eshop\/produkt\/sofa-statement-3-miestna-boucle-beige\/\"]}]},{\"@type\":\"BreadcrumbList\",\"@id\":\"https:\/\/www.ikuchyne.sk\/eshop\/produkt\/sofa-statement-3-miestna-boucle-beige\/#breadcrumb\",\"itemListElement\":[{\"@type\":\"ListItem\",\"position\":1,\"name\":\"Home\",\"item\":\"https:\/\/www.ikuchyne.sk\/eshop\/\"},{\"@type\":\"ListItem\",\"position\":2,\"name\":\"Obchod\",\"item\":\"https:\/\/www.ikuchyne.sk\/eshop\/obchod\/\"},{\"@type\":\"ListItem\",\"position\":3,\"name\":\"Sofa Statement 3-miestna boucle beige\"}]},{\"@type\":\"WebSite\",\"@id\":\"https:\/\/www.ikuchyne.sk\/eshop\/#website\",\"url\":\"https:\/\/www.ikuchyne.sk\/eshop\/\",\"name\":\"iKuchyne iSHOP s n\u00e1bytkom\",\"description\":\"Jed\u00e1lensk\u00e9 stoly, stoli\u010dky, n\u00e1bytok, svietidl\u00e1...\",\"publisher\":{\"@id\":\"https:\/\/www.ikuchyne.sk\/eshop\/#organization\"},\"potentialAction\":[{\"@type\":\"SearchAction\",\"target\":{\"@type\":\"EntryPoint\",\"urlTemplate\":\"https:\/\/www.ikuchyne.sk\/eshop\/?s={search_term_string}\"},\"query-input\":\"required name=search_term_string\"}],\"inLanguage\":\"sk-SK\"},{\"@type\":\"Organization\",\"@id\":\"https:\/\/www.ikuchyne.sk\/eshop\/#organization\",\"name\":\"ikuchyne!\",\"url\":\"https:\/\/www.ikuchyne.sk\/eshop\/\",\"logo\":{\"@type\":\"ImageObject\",\"inLanguage\":\"sk-SK\",\"@id\":\"https:\/\/www.ikuchyne.sk\/eshop\/#\/schema\/logo\/image\/\",\"url\":\"https:\/\/www.ikuchyne.sk\/eshop\/wp-content\/uploads\/2017\/04\/ikuchyne-logo.jpg\",\"contentUrl\":\"https:\/\/www.ikuchyne.sk\/eshop\/wp-content\/uploads\/2017\/04\/ikuchyne-logo.jpg\",\"width\":200,\"height\":48,\"caption\":\"ikuchyne!\"},\"image\":{\"@id\":\"https:\/\/www.ikuchyne.sk\/eshop\/#\/schema\/logo\/image\/\"},\"sameAs\":[\"https:\/\/www.facebook.com\/ikuchyne\/\",\"https:\/\/www.instagram.com\/ikuchyne.sk\/\",\"https:\/\/sk.pinterest.com\/ikuchynesk\/\"]}]}<\/script>\n<!-- \/ Yoast SEO plugin. -->","yoast_head_json":{"title":"Sofa Statement 3-miestna boucle beige &#187; iKuchyne iSHOP s n\u00e1bytkom","description":"K\u00fapte si u n\u00e1s Sofa Statement 3-miestna boucle beige za akciov\u00fa cenu. R\u00fdchle dodanie tovaru, odborn\u00e9 poradenstvo a stovky produktov skladom. Sofa Statement 3-miestna boucle beige sa stane dominantou V\u00e1\u0161ho interi\u00e9ru. Internetov\u00fd obchod ikuchyne! pon\u00faka odber Sofa Statement 3-miestna boucle beige u\u017e od 1 kusu.","robots":{"index":"index","follow":"follow","max-snippet":"max-snippet:-1","max-image-preview":"max-image-preview:large","max-video-preview":"max-video-preview:-1"},"canonical":"https:\/\/www.ikuchyne.sk\/eshop\/produkt\/sofa-statement-3-miestna-boucle-beige\/","og_locale":"sk_SK","og_type":"article","og_title":"Sofa Statement 3-miestna boucle beige &#187; iKuchyne iSHOP s n\u00e1bytkom","og_description":"K\u00fapte si u n\u00e1s Sofa Statement 3-miestna boucle beige za akciov\u00fa cenu. R\u00fdchle dodanie tovaru, odborn\u00e9 poradenstvo a stovky produktov skladom. Sofa Statement 3-miestna boucle beige sa stane dominantou V\u00e1\u0161ho interi\u00e9ru. Internetov\u00fd obchod ikuchyne! pon\u00faka odber Sofa Statement 3-miestna boucle beige u\u017e od 1 kusu.","og_url":"https:\/\/www.ikuchyne.sk\/eshop\/produkt\/sofa-statement-3-miestna-boucle-beige\/","og_site_name":"iKuchyne iSHOP s n\u00e1bytkom","article_publisher":"https:\/\/www.facebook.com\/ikuchyne\/","article_modified_time":"2023-09-20T07:48:21+00:00","og_image":[{"width":1349,"height":1334,"url":"https:\/\/www.ikuchyne.sk\/eshop\/wp-content\/uploads\/2023\/09\/pohovka_statement_3_seater.jpg","type":"image\/jpeg"}],"twitter_card":"summary_large_image","twitter_misc":{"Predpokladan\u00fd \u010das \u010d\u00edtania":"2 min\u00faty"},"schema":{"@context":"https:\/\/schema.org","@graph":[{"@type":"WebPage","@id":"https:\/\/www.ikuchyne.sk\/eshop\/produkt\/sofa-statement-3-miestna-boucle-beige\/","url":"https:\/\/www.ikuchyne.sk\/eshop\/produkt\/sofa-statement-3-miestna-boucle-beige\/","name":"Sofa Statement 3-miestna boucle beige &#187; iKuchyne iSHOP s n\u00e1bytkom","isPartOf":{"@id":"https:\/\/www.ikuchyne.sk\/eshop\/#website"},"datePublished":"2023-09-20T07:48:20+00:00","dateModified":"2023-09-20T07:48:21+00:00","description":"K\u00fapte si u n\u00e1s Sofa Statement 3-miestna boucle beige za akciov\u00fa cenu. R\u00fdchle dodanie tovaru, odborn\u00e9 poradenstvo a stovky produktov skladom. Sofa Statement 3-miestna boucle beige sa stane dominantou V\u00e1\u0161ho interi\u00e9ru. Internetov\u00fd obchod ikuchyne! pon\u00faka odber Sofa Statement 3-miestna boucle beige u\u017e od 1 kusu.","breadcrumb":{"@id":"https:\/\/www.ikuchyne.sk\/eshop\/produkt\/sofa-statement-3-miestna-boucle-beige\/#breadcrumb"},"inLanguage":"sk-SK","potentialAction":[{"@type":"ReadAction","target":["https:\/\/www.ikuchyne.sk\/eshop\/produkt\/sofa-statement-3-miestna-boucle-beige\/"]}]},{"@type":"BreadcrumbList","@id":"https:\/\/www.ikuchyne.sk\/eshop\/produkt\/sofa-statement-3-miestna-boucle-beige\/#breadcrumb","itemListElement":[{"@type":"ListItem","position":1,"name":"Home","item":"https:\/\/www.ikuchyne.sk\/eshop\/"},{"@type":"ListItem","position":2,"name":"Obchod","item":"https:\/\/www.ikuchyne.sk\/eshop\/obchod\/"},{"@type":"ListItem","position":3,"name":"Sofa Statement 3-miestna boucle beige"}]},{"@type":"WebSite","@id":"https:\/\/www.ikuchyne.sk\/eshop\/#website","url":"https:\/\/www.ikuchyne.sk\/eshop\/","name":"iKuchyne iSHOP s n\u00e1bytkom","description":"Jed\u00e1lensk\u00e9 stoly, stoli\u010dky, n\u00e1bytok, svietidl\u00e1...","publisher":{"@id":"https:\/\/www.ikuchyne.sk\/eshop\/#organization"},"potentialAction":[{"@type":"SearchAction","target":{"@type":"EntryPoint","urlTemplate":"https:\/\/www.ikuchyne.sk\/eshop\/?s={search_term_string}"},"query-input":"required name=search_term_string"}],"inLanguage":"sk-SK"},{"@type":"Organization","@id":"https:\/\/www.ikuchyne.sk\/eshop\/#organization","name":"ikuchyne!","url":"https:\/\/www.ikuchyne.sk\/eshop\/","logo":{"@type":"ImageObject","inLanguage":"sk-SK","@id":"https:\/\/www.ikuchyne.sk\/eshop\/#\/schema\/logo\/image\/","url":"https:\/\/www.ikuchyne.sk\/eshop\/wp-content\/uploads\/2017\/04\/ikuchyne-logo.jpg","contentUrl":"https:\/\/www.ikuchyne.sk\/eshop\/wp-content\/uploads\/2017\/04\/ikuchyne-logo.jpg","width":200,"height":48,"caption":"ikuchyne!"},"image":{"@id":"https:\/\/www.ikuchyne.sk\/eshop\/#\/schema\/logo\/image\/"},"sameAs":["https:\/\/www.facebook.com\/ikuchyne\/","https:\/\/www.instagram.com\/ikuchyne.sk\/","https:\/\/sk.pinterest.com\/ikuchynesk\/"]}]}},"_links":{"self":[{"href":"https:\/\/www.ikuchyne.sk\/eshop\/wp-json\/wp\/v2\/product\/162445"}],"collection":[{"href":"https:\/\/www.ikuchyne.sk\/eshop\/wp-json\/wp\/v2\/product"}],"about":[{"href":"https:\/\/www.ikuchyne.sk\/eshop\/wp-json\/wp\/v2\/types\/product"}],"replies":[{"embeddable":true,"href":"https:\/\/www.ikuchyne.sk\/eshop\/wp-json\/wp\/v2\/comments?post=162445"}],"wp:featuredmedia":[{"embeddable":true,"href":"https:\/\/www.ikuchyne.sk\/eshop\/wp-json\/wp\/v2\/media\/162447"}],"wp:attachment":[{"href":"https:\/\/www.ikuchyne.sk\/eshop\/wp-json\/wp\/v2\/media?parent=162445"}],"wp:term":[{"taxonomy":"product_cat","embeddable":true,"href":"https:\/\/www.ikuchyne.sk\/eshop\/wp-json\/wp\/v2\/product_cat?post=162445"},{"taxonomy":"product_tag","embeddable":true,"href":"https:\/\/www.ikuchyne.sk\/eshop\/wp-json\/wp\/v2\/product_tag?post=162445"}],"curies":[{"name":"wp","href":"https:\/\/api.w.org\/{rel}","templated":true}]}}