{"id":163346,"date":"2024-01-08T03:32:42","date_gmt":"2024-01-08T02:32:42","guid":{"rendered":"https:\/\/www.ikuchyne.sk\/eshop\/?post_type=product&#038;p=163346"},"modified":"2024-01-08T03:37:13","modified_gmt":"2024-01-08T02:37:13","slug":"barova-stolicka-papillon-100cm-zamat-siva-otocna","status":"publish","type":"product","link":"https:\/\/www.ikuchyne.sk\/eshop\/produkt\/barova-stolicka-papillon-100cm-zamat-siva-otocna\/","title":{"rendered":"Barov\u00e1 stoli\u010dka Papillon 100cm zamat siv\u00e1 oto\u010dn\u00e1"},"content":{"rendered":"<p>Sedacia \u010das\u0165 je oto\u010dn\u00e1 o 180\u00b0.<\/p>\n<p><strong>Rozmer (cca.):<\/strong><br \/>\n62 cm x 106 cm x 60 cm (\u0160xVxH)<br \/>\nSedadlo: 42 cm x 75 cm x 42 cm (\u0160xVxH)<br \/>\nV\u00fd\u0161ka chrbtovej opierky: 37 cm<br \/>\nV\u00fd\u0161ka lak\u0165ovej opierky: 15 cm<br \/>\nVzdialenos\u0165 medzi podlahou a lak\u0165ovou opierkou: 84 cm<br \/>\nmaxim\u00e1lne za\u0165a\u017eenie: cca 120 kg<\/p>\n<p><strong>Farba:<\/strong><br \/>\nObal: siv\u00e1<br \/>\nR\u00e1m: \u010dierny<\/p>\n<p><strong>Materi\u00e1l:<\/strong><br \/>\nPo\u0165ah: zamat<br \/>\nR\u00e1m: kov s pr\u00e1\u0161kov\u00fdm n\u00e1strekom<br \/>\nPenov\u00e1 v\u00fdpl\u0148<\/p>\n","protected":false},"excerpt":{"rendered":"<p>Sedacia \u010das\u0165 je oto\u010dn\u00e1 o 180\u00b0. Rozmer (cca.): 62 cm x 106 cm x 60 cm (\u0160xVxH) Sedadlo: 42 cm x 75 cm x 42 cm (\u0160xVxH) V\u00fd\u0161ka chrbtovej opierky:<\/p>\n","protected":false},"featured_media":163347,"comment_status":"closed","ping_status":"closed","template":"","meta":[],"product_cat":[311,772,288],"product_tag":[3009,256,3001],"yoast_head":"<!-- This site is optimized with the Yoast SEO plugin v22.1 - https:\/\/yoast.com\/wordpress\/plugins\/seo\/ -->\n<title>Barov\u00e1 stoli\u010dka Papillon 100cm zamat siv\u00e1 oto\u010dn\u00e1 &#187; iKuchyne iSHOP s n\u00e1bytkom<\/title>\n<meta name=\"description\" content=\"K\u00fapte si u n\u00e1s Barov\u00e1 stoli\u010dka Papillon 100cm zamat siv\u00e1 oto\u010dn\u00e1 za akciov\u00fa cenu. R\u00fdchle dodanie tovaru, odborn\u00e9 poradenstvo a stovky produktov skladom. Barov\u00e1 stoli\u010dka Papillon 100cm zamat siv\u00e1 oto\u010dn\u00e1 sa stane dominantou V\u00e1\u0161ho interi\u00e9ru. Internetov\u00fd obchod ikuchyne! pon\u00faka odber Barov\u00e1 stoli\u010dka Papillon 100cm zamat siv\u00e1 oto\u010dn\u00e1 u\u017e od 1 kusu.\" \/>\n<meta name=\"robots\" content=\"index, follow, max-snippet:-1, max-image-preview:large, max-video-preview:-1\" \/>\n<link rel=\"canonical\" href=\"https:\/\/www.ikuchyne.sk\/eshop\/produkt\/barova-stolicka-papillon-100cm-zamat-siva-otocna\/\" \/>\n<meta property=\"og:locale\" content=\"sk_SK\" \/>\n<meta property=\"og:type\" content=\"article\" \/>\n<meta property=\"og:title\" content=\"Barov\u00e1 stoli\u010dka Papillon 100cm zamat siv\u00e1 oto\u010dn\u00e1 &#187; iKuchyne iSHOP s n\u00e1bytkom\" \/>\n<meta property=\"og:description\" content=\"K\u00fapte si u n\u00e1s Barov\u00e1 stoli\u010dka Papillon 100cm zamat siv\u00e1 oto\u010dn\u00e1 za akciov\u00fa cenu. R\u00fdchle dodanie tovaru, odborn\u00e9 poradenstvo a stovky produktov skladom. Barov\u00e1 stoli\u010dka Papillon 100cm zamat siv\u00e1 oto\u010dn\u00e1 sa stane dominantou V\u00e1\u0161ho interi\u00e9ru. Internetov\u00fd obchod ikuchyne! pon\u00faka odber Barov\u00e1 stoli\u010dka Papillon 100cm zamat siv\u00e1 oto\u010dn\u00e1 u\u017e od 1 kusu.\" \/>\n<meta property=\"og:url\" content=\"https:\/\/www.ikuchyne.sk\/eshop\/produkt\/barova-stolicka-papillon-100cm-zamat-siva-otocna\/\" \/>\n<meta property=\"og:site_name\" content=\"iKuchyne iSHOP s n\u00e1bytkom\" \/>\n<meta property=\"article:publisher\" content=\"https:\/\/www.facebook.com\/ikuchyne\/\" \/>\n<meta property=\"article:modified_time\" content=\"2024-01-08T02:37:13+00:00\" \/>\n<meta property=\"og:image\" content=\"https:\/\/www.ikuchyne.sk\/eshop\/wp-content\/uploads\/2023\/11\/Barstuhl-Papillon-100cm-zamat-siv\u00e1-drehbar-43883.jpg\" \/>\n\t<meta property=\"og:image:width\" content=\"800\" \/>\n\t<meta property=\"og:image:height\" content=\"800\" \/>\n\t<meta property=\"og:image:type\" content=\"image\/jpeg\" \/>\n<meta name=\"twitter:card\" content=\"summary_large_image\" \/>\n<script type=\"application\/ld+json\" class=\"yoast-schema-graph\">{\"@context\":\"https:\/\/schema.org\",\"@graph\":[{\"@type\":\"WebPage\",\"@id\":\"https:\/\/www.ikuchyne.sk\/eshop\/produkt\/barova-stolicka-papillon-100cm-zamat-siva-otocna\/\",\"url\":\"https:\/\/www.ikuchyne.sk\/eshop\/produkt\/barova-stolicka-papillon-100cm-zamat-siva-otocna\/\",\"name\":\"Barov\u00e1 stoli\u010dka Papillon 100cm zamat siv\u00e1 oto\u010dn\u00e1 &#187; iKuchyne iSHOP s n\u00e1bytkom\",\"isPartOf\":{\"@id\":\"https:\/\/www.ikuchyne.sk\/eshop\/#website\"},\"datePublished\":\"2024-01-08T02:32:42+00:00\",\"dateModified\":\"2024-01-08T02:37:13+00:00\",\"description\":\"K\u00fapte si u n\u00e1s Barov\u00e1 stoli\u010dka Papillon 100cm zamat siv\u00e1 oto\u010dn\u00e1 za akciov\u00fa cenu. R\u00fdchle dodanie tovaru, odborn\u00e9 poradenstvo a stovky produktov skladom. Barov\u00e1 stoli\u010dka Papillon 100cm zamat siv\u00e1 oto\u010dn\u00e1 sa stane dominantou V\u00e1\u0161ho interi\u00e9ru. Internetov\u00fd obchod ikuchyne! pon\u00faka odber Barov\u00e1 stoli\u010dka Papillon 100cm zamat siv\u00e1 oto\u010dn\u00e1 u\u017e od 1 kusu.\",\"breadcrumb\":{\"@id\":\"https:\/\/www.ikuchyne.sk\/eshop\/produkt\/barova-stolicka-papillon-100cm-zamat-siva-otocna\/#breadcrumb\"},\"inLanguage\":\"sk-SK\",\"potentialAction\":[{\"@type\":\"ReadAction\",\"target\":[\"https:\/\/www.ikuchyne.sk\/eshop\/produkt\/barova-stolicka-papillon-100cm-zamat-siva-otocna\/\"]}]},{\"@type\":\"BreadcrumbList\",\"@id\":\"https:\/\/www.ikuchyne.sk\/eshop\/produkt\/barova-stolicka-papillon-100cm-zamat-siva-otocna\/#breadcrumb\",\"itemListElement\":[{\"@type\":\"ListItem\",\"position\":1,\"name\":\"Home\",\"item\":\"https:\/\/www.ikuchyne.sk\/eshop\/\"},{\"@type\":\"ListItem\",\"position\":2,\"name\":\"Obchod\",\"item\":\"https:\/\/www.ikuchyne.sk\/eshop\/obchod\/\"},{\"@type\":\"ListItem\",\"position\":3,\"name\":\"Barov\u00e1 stoli\u010dka Papillon 100cm zamat siv\u00e1 oto\u010dn\u00e1\"}]},{\"@type\":\"WebSite\",\"@id\":\"https:\/\/www.ikuchyne.sk\/eshop\/#website\",\"url\":\"https:\/\/www.ikuchyne.sk\/eshop\/\",\"name\":\"iKuchyne iSHOP s n\u00e1bytkom\",\"description\":\"Jed\u00e1lensk\u00e9 stoly, stoli\u010dky, n\u00e1bytok, svietidl\u00e1...\",\"publisher\":{\"@id\":\"https:\/\/www.ikuchyne.sk\/eshop\/#organization\"},\"potentialAction\":[{\"@type\":\"SearchAction\",\"target\":{\"@type\":\"EntryPoint\",\"urlTemplate\":\"https:\/\/www.ikuchyne.sk\/eshop\/?s={search_term_string}\"},\"query-input\":\"required name=search_term_string\"}],\"inLanguage\":\"sk-SK\"},{\"@type\":\"Organization\",\"@id\":\"https:\/\/www.ikuchyne.sk\/eshop\/#organization\",\"name\":\"ikuchyne!\",\"url\":\"https:\/\/www.ikuchyne.sk\/eshop\/\",\"logo\":{\"@type\":\"ImageObject\",\"inLanguage\":\"sk-SK\",\"@id\":\"https:\/\/www.ikuchyne.sk\/eshop\/#\/schema\/logo\/image\/\",\"url\":\"https:\/\/www.ikuchyne.sk\/eshop\/wp-content\/uploads\/2017\/04\/ikuchyne-logo.jpg\",\"contentUrl\":\"https:\/\/www.ikuchyne.sk\/eshop\/wp-content\/uploads\/2017\/04\/ikuchyne-logo.jpg\",\"width\":200,\"height\":48,\"caption\":\"ikuchyne!\"},\"image\":{\"@id\":\"https:\/\/www.ikuchyne.sk\/eshop\/#\/schema\/logo\/image\/\"},\"sameAs\":[\"https:\/\/www.facebook.com\/ikuchyne\/\",\"https:\/\/www.instagram.com\/ikuchyne.sk\/\",\"https:\/\/sk.pinterest.com\/ikuchynesk\/\"]}]}<\/script>\n<!-- \/ Yoast SEO plugin. -->","yoast_head_json":{"title":"Barov\u00e1 stoli\u010dka Papillon 100cm zamat siv\u00e1 oto\u010dn\u00e1 &#187; iKuchyne iSHOP s n\u00e1bytkom","description":"K\u00fapte si u n\u00e1s Barov\u00e1 stoli\u010dka Papillon 100cm zamat siv\u00e1 oto\u010dn\u00e1 za akciov\u00fa cenu. R\u00fdchle dodanie tovaru, odborn\u00e9 poradenstvo a stovky produktov skladom. Barov\u00e1 stoli\u010dka Papillon 100cm zamat siv\u00e1 oto\u010dn\u00e1 sa stane dominantou V\u00e1\u0161ho interi\u00e9ru. Internetov\u00fd obchod ikuchyne! pon\u00faka odber Barov\u00e1 stoli\u010dka Papillon 100cm zamat siv\u00e1 oto\u010dn\u00e1 u\u017e od 1 kusu.","robots":{"index":"index","follow":"follow","max-snippet":"max-snippet:-1","max-image-preview":"max-image-preview:large","max-video-preview":"max-video-preview:-1"},"canonical":"https:\/\/www.ikuchyne.sk\/eshop\/produkt\/barova-stolicka-papillon-100cm-zamat-siva-otocna\/","og_locale":"sk_SK","og_type":"article","og_title":"Barov\u00e1 stoli\u010dka Papillon 100cm zamat siv\u00e1 oto\u010dn\u00e1 &#187; iKuchyne iSHOP s n\u00e1bytkom","og_description":"K\u00fapte si u n\u00e1s Barov\u00e1 stoli\u010dka Papillon 100cm zamat siv\u00e1 oto\u010dn\u00e1 za akciov\u00fa cenu. R\u00fdchle dodanie tovaru, odborn\u00e9 poradenstvo a stovky produktov skladom. Barov\u00e1 stoli\u010dka Papillon 100cm zamat siv\u00e1 oto\u010dn\u00e1 sa stane dominantou V\u00e1\u0161ho interi\u00e9ru. Internetov\u00fd obchod ikuchyne! pon\u00faka odber Barov\u00e1 stoli\u010dka Papillon 100cm zamat siv\u00e1 oto\u010dn\u00e1 u\u017e od 1 kusu.","og_url":"https:\/\/www.ikuchyne.sk\/eshop\/produkt\/barova-stolicka-papillon-100cm-zamat-siva-otocna\/","og_site_name":"iKuchyne iSHOP s n\u00e1bytkom","article_publisher":"https:\/\/www.facebook.com\/ikuchyne\/","article_modified_time":"2024-01-08T02:37:13+00:00","og_image":[{"width":800,"height":800,"url":"https:\/\/www.ikuchyne.sk\/eshop\/wp-content\/uploads\/2023\/11\/Barstuhl-Papillon-100cm-zamat-siv\u00e1-drehbar-43883.jpg","type":"image\/jpeg"}],"twitter_card":"summary_large_image","schema":{"@context":"https:\/\/schema.org","@graph":[{"@type":"WebPage","@id":"https:\/\/www.ikuchyne.sk\/eshop\/produkt\/barova-stolicka-papillon-100cm-zamat-siva-otocna\/","url":"https:\/\/www.ikuchyne.sk\/eshop\/produkt\/barova-stolicka-papillon-100cm-zamat-siva-otocna\/","name":"Barov\u00e1 stoli\u010dka Papillon 100cm zamat siv\u00e1 oto\u010dn\u00e1 &#187; iKuchyne iSHOP s n\u00e1bytkom","isPartOf":{"@id":"https:\/\/www.ikuchyne.sk\/eshop\/#website"},"datePublished":"2024-01-08T02:32:42+00:00","dateModified":"2024-01-08T02:37:13+00:00","description":"K\u00fapte si u n\u00e1s Barov\u00e1 stoli\u010dka Papillon 100cm zamat siv\u00e1 oto\u010dn\u00e1 za akciov\u00fa cenu. R\u00fdchle dodanie tovaru, odborn\u00e9 poradenstvo a stovky produktov skladom. Barov\u00e1 stoli\u010dka Papillon 100cm zamat siv\u00e1 oto\u010dn\u00e1 sa stane dominantou V\u00e1\u0161ho interi\u00e9ru. Internetov\u00fd obchod ikuchyne! pon\u00faka odber Barov\u00e1 stoli\u010dka Papillon 100cm zamat siv\u00e1 oto\u010dn\u00e1 u\u017e od 1 kusu.","breadcrumb":{"@id":"https:\/\/www.ikuchyne.sk\/eshop\/produkt\/barova-stolicka-papillon-100cm-zamat-siva-otocna\/#breadcrumb"},"inLanguage":"sk-SK","potentialAction":[{"@type":"ReadAction","target":["https:\/\/www.ikuchyne.sk\/eshop\/produkt\/barova-stolicka-papillon-100cm-zamat-siva-otocna\/"]}]},{"@type":"BreadcrumbList","@id":"https:\/\/www.ikuchyne.sk\/eshop\/produkt\/barova-stolicka-papillon-100cm-zamat-siva-otocna\/#breadcrumb","itemListElement":[{"@type":"ListItem","position":1,"name":"Home","item":"https:\/\/www.ikuchyne.sk\/eshop\/"},{"@type":"ListItem","position":2,"name":"Obchod","item":"https:\/\/www.ikuchyne.sk\/eshop\/obchod\/"},{"@type":"ListItem","position":3,"name":"Barov\u00e1 stoli\u010dka Papillon 100cm zamat siv\u00e1 oto\u010dn\u00e1"}]},{"@type":"WebSite","@id":"https:\/\/www.ikuchyne.sk\/eshop\/#website","url":"https:\/\/www.ikuchyne.sk\/eshop\/","name":"iKuchyne iSHOP s n\u00e1bytkom","description":"Jed\u00e1lensk\u00e9 stoly, stoli\u010dky, n\u00e1bytok, svietidl\u00e1...","publisher":{"@id":"https:\/\/www.ikuchyne.sk\/eshop\/#organization"},"potentialAction":[{"@type":"SearchAction","target":{"@type":"EntryPoint","urlTemplate":"https:\/\/www.ikuchyne.sk\/eshop\/?s={search_term_string}"},"query-input":"required name=search_term_string"}],"inLanguage":"sk-SK"},{"@type":"Organization","@id":"https:\/\/www.ikuchyne.sk\/eshop\/#organization","name":"ikuchyne!","url":"https:\/\/www.ikuchyne.sk\/eshop\/","logo":{"@type":"ImageObject","inLanguage":"sk-SK","@id":"https:\/\/www.ikuchyne.sk\/eshop\/#\/schema\/logo\/image\/","url":"https:\/\/www.ikuchyne.sk\/eshop\/wp-content\/uploads\/2017\/04\/ikuchyne-logo.jpg","contentUrl":"https:\/\/www.ikuchyne.sk\/eshop\/wp-content\/uploads\/2017\/04\/ikuchyne-logo.jpg","width":200,"height":48,"caption":"ikuchyne!"},"image":{"@id":"https:\/\/www.ikuchyne.sk\/eshop\/#\/schema\/logo\/image\/"},"sameAs":["https:\/\/www.facebook.com\/ikuchyne\/","https:\/\/www.instagram.com\/ikuchyne.sk\/","https:\/\/sk.pinterest.com\/ikuchynesk\/"]}]}},"_links":{"self":[{"href":"https:\/\/www.ikuchyne.sk\/eshop\/wp-json\/wp\/v2\/product\/163346"}],"collection":[{"href":"https:\/\/www.ikuchyne.sk\/eshop\/wp-json\/wp\/v2\/product"}],"about":[{"href":"https:\/\/www.ikuchyne.sk\/eshop\/wp-json\/wp\/v2\/types\/product"}],"replies":[{"embeddable":true,"href":"https:\/\/www.ikuchyne.sk\/eshop\/wp-json\/wp\/v2\/comments?post=163346"}],"wp:featuredmedia":[{"embeddable":true,"href":"https:\/\/www.ikuchyne.sk\/eshop\/wp-json\/wp\/v2\/media\/163347"}],"wp:attachment":[{"href":"https:\/\/www.ikuchyne.sk\/eshop\/wp-json\/wp\/v2\/media?parent=163346"}],"wp:term":[{"taxonomy":"product_cat","embeddable":true,"href":"https:\/\/www.ikuchyne.sk\/eshop\/wp-json\/wp\/v2\/product_cat?post=163346"},{"taxonomy":"product_tag","embeddable":true,"href":"https:\/\/www.ikuchyne.sk\/eshop\/wp-json\/wp\/v2\/product_tag?post=163346"}],"curies":[{"name":"wp","href":"https:\/\/api.w.org\/{rel}","templated":true}]}}