{"id":163646,"date":"2024-01-08T02:42:06","date_gmt":"2024-01-08T01:42:06","guid":{"rendered":"https:\/\/www.ikuchyne.sk\/eshop\/?post_type=product&#038;p=163646"},"modified":"2024-03-22T16:26:33","modified_gmt":"2024-03-22T15:26:33","slug":"jedalensky-stol-lagos-120cm-sheesham","status":"publish","type":"product","link":"https:\/\/www.ikuchyne.sk\/eshop\/produkt\/jedalensky-stol-lagos-120cm-sheesham\/","title":{"rendered":"Jed\u00e1lensk\u00fd st\u00f4l Lagos 120cm sheesham \u00bb"},"content":{"rendered":"<h1>Jed\u00e1lensk\u00fd st\u00f4l Lagos 120cm sheesham \u00bb<\/h1>\n<h4><strong>V\u0161eobecn\u00fd popis:<\/strong><\/h4>\n<p>Dreven\u00fd jed\u00e1lensk\u00fd st\u00f4l Lagos 70 x 120 cm vyroben\u00fd z mas\u00edvneho sheeshamov\u00e9ho dreva, ktor\u00e9 je zn\u00e1me po celom svete v\u010faka svojmu p\u00f4sobiv\u00e9mu zrnu. Za tejto jed\u00e1lensk\u00fd st\u00f4l sa m\u00f4\u017eu pohodlne usadi\u0165 4 osoby. Objavte s nami ten prav\u00fd jed\u00e1lensk\u00fd st\u00f4l do va\u0161ej dom\u00e1cnosti.<\/p>\n<p>P\u00fatav\u00fd poh\u013ead vo va\u0161ej jed\u00e1lni. Sheesham je zn\u00e1my svojim p\u00f4sobiv\u00fdm zrnom, v\u010faka ktor\u00e9mu je toto drevo absol\u00fatne jedine\u010dn\u00e9. Strom m\u00f4\u017ee dosiahnu\u0165 v\u00fd\u0161ku 25 metrov a priemer a\u017e 3 metre. Mas\u00edvny jed\u00e1lensk\u00fd st\u00f4l LAGOS vyroben\u00fd z vysoko kvalitn\u00e9ho pr\u00edrodn\u00e9ho sheeshamov\u00e9ho dreva vy\u017earuje jednoduch\u00fa eleganciu a m\u00e1 praktick\u00fa d\u013a\u017eku 120 cm.<\/p>\n<p>Objavte svoje nov\u00e9 ob\u013e\u00faben\u00e9 miesto v dom\u00e1cnosti! Prirodzenos\u0165 a mohutn\u00e9 k\u00fazlo stola s\u00fa kombinovan\u00e9 s puristick\u00fdm dizajnom a zais\u0165uj\u00fa prirodzen\u00fa a jasn\u00fa atmosf\u00e9ru. V\u010faka svojmu rozmeru sa st\u00e1va nov\u00fdm kontaktn\u00fdm miestom pre ka\u017edodenn\u00e9 jedl\u00e1 a pon\u00faka dostatok priestoru pre cel\u00fa va\u0161u rodinu. V\u010faka pr\u00edrodn\u00e9mu drevu m\u00f4\u017ee doch\u00e1dza\u0165 k farebn\u00fdm odch\u00fdlkam a nerovnostiam, ktor\u00e9 robia ka\u017ed\u00fd kus n\u00e1bytku z mas\u00edvneho dreva neomylne jedine\u010dn\u00fdm a dodaj\u00fa v\u00e1\u0161mu bytu n\u00e1dych stredomorsk\u00e9ho vkusu. Tento st\u00f4l m\u00f4\u017eete optim\u00e1lne skombinova\u0165 s ostatn\u00fdm n\u00e1bytkom z kolekcie LAGOS.<\/p>\n<h4><strong>Detaily produktu:<\/strong><\/h4>\n<p>Preto\u017ee sa jedn\u00e1 o pr\u00edrodn\u00fd produkt, ka\u017ed\u00e1 doska stola je absol\u00fatne jedine\u010dn\u00e1. Nerovnosti, charizmatick\u00e9 uzly, praskliny alebo dokonca rozmerov\u00e9 rozdiely s\u00fa mo\u017en\u00e9 a vytv\u00e1raj\u00fa originalitu a vytv\u00e1raj\u00fa \u010daro mas\u00edvneho dreva. Existuj\u00face trhliny s\u00fa po\u010das procesu v\u00fdroby spojen\u00e9 a stabilizovan\u00e9 spojovac\u00edmi kusmi z rovnak\u00e9ho dreva. Preto m\u00f4\u017eu existova\u0165 farebn\u00e9 odch\u00fdlky. \u017diadny z t\u00fdchto d\u00f4vodov nie je d\u00f4vod na reklam\u00e1ciu. Vhodn\u00e9 bytov\u00e9 doplnky pre kombinovanie interi\u00e9ru s t\u00fdmto jed\u00e1lensk\u00fdm stolom n\u00e1jdete na na\u0161om e-shope v sekcii Bytov\u00e9 doplnky. Kontaktujte n\u00e1s a my v\u00e1m radi pom\u00f4\u017eeme s v\u00fdberom vhodn\u00fdch dekor\u00e1ci\u00ed.<\/p>\n<p><strong>Povrch stola:<br \/>\n<\/strong>Povrch jed\u00e1lensk\u00e9ho stola tvor\u00ed vysoko kvalitn\u00e9 sheesham drevo.<\/p>\n<p><strong>Podno\u017e stola:<br \/>\n<\/strong>Podno\u017e stola pozost\u00e1va z klasick\u00fdch dreven\u00fdch n\u00f4h v rovnakej farbe.<\/p>\n<p><strong>\u010eal\u0161ie inform\u00e1cie:<br \/>\n<\/strong>V\u00fdrazn\u00e1 kresba, ktorou\u00a0 je t\u00e1to drevina charakteristick\u00e1 rob\u00ed z ka\u017ed\u00e9ho kusu unik\u00e1t.<br \/>\nNa o\u0161etrovanie pou\u017e\u00edvame bavlnen\u00fa handri\u010dku a na udr\u017eanie svie\u017eeho vzh\u013eadu raz za tri mesiace \u013eanov\u00fd olej alebo vosk. Pou\u017e\u00edvame pr\u00edpravky len na \u00fadr\u017ebu dreva.<\/p>\n<p><b>Rozmery (cca):<br \/>\n<\/b>120 cm x 76 cm x 70 cm (\u0160xVxH)<br \/>\nVonkaj\u0161ia \u0161\u00edrka stola: 97 mm<\/p>\n<p><strong>Farba:<\/strong> pr\u00edrodn\u00e1<\/p>\n<p><strong>Materi\u00e1l:<\/strong> mas\u00edvne drevo, sheesham, zataven\u00e9, lakovan\u00e9<\/p>\n<p>Preto\u017ee je to ru\u010dn\u00e1 pr\u00e1ca a pr\u00edrodn\u00fd produkt, m\u00f4\u017eu existova\u0165 farebn\u00e9 vari\u00e1cie resp. rozdiely povrchov, ktor\u00e9 nie s\u00fa d\u00f4vodom pre reklam\u00e1ciu.<\/p>\n<p>Dodato\u010dn\u00e9 inform\u00e1cie:<\/p>\n<p>V pr\u00edpade z\u00e1ujmu o in\u00e9 stoly ako toaletn\u00e9, p\u00edsacie, konferen\u010dn\u00e9 stol\u00edky \u010di jed\u00e1lensk\u00e9 stoly, nav\u0161t\u00edvte sekciu stoly na <a href=\"https:\/\/www.ikuchyne.sk\/eshop\/kategoria\/stoly\/\">www.ikuchyne.sk\/eshop<\/a><br \/>\nV pr\u00edpade z\u00e1ujmu o n\u00e1bytok na mieru n\u00e1s kontaktuje na <a href=\"http:\/\/www.ikuchyne.sk\">www.ikuchyne.sk<\/a><\/p>\n<p>&nbsp;<\/p>\n<p><b><b><b>\u00a0<\/b><\/b><\/b><\/p>\n","protected":false},"excerpt":{"rendered":"<p>Jed\u00e1lensk\u00fd st\u00f4l Lagos 120cm sheesham \u00bb V\u0161eobecn\u00fd popis: Dreven\u00fd jed\u00e1lensk\u00fd st\u00f4l Lagos 70 x 120 cm vyroben\u00fd z mas\u00edvneho sheeshamov\u00e9ho dreva, ktor\u00e9 je zn\u00e1me po celom svete v\u010faka svojmu p\u00f4sobiv\u00e9mu<\/p>\n","protected":false},"featured_media":163647,"comment_status":"closed","ping_status":"closed","template":"","meta":[],"product_cat":[591,298,852,847,845,849,938,772,935,287],"product_tag":[261],"yoast_head":"<!-- This site is optimized with the Yoast SEO plugin v22.1 - https:\/\/yoast.com\/wordpress\/plugins\/seo\/ -->\n<title>Jed\u00e1lensk\u00fd st\u00f4l Lagos 120cm sheesham \u00bb &#187; iKuchyne iSHOP s n\u00e1bytkom<\/title>\n<meta name=\"description\" content=\"K\u00fapte si u n\u00e1s Jed\u00e1lensk\u00fd st\u00f4l Lagos 120cm sheesham \u00bb za akciov\u00fa cenu. R\u00fdchle dodanie tovaru, odborn\u00e9 poradenstvo a stovky produktov skladom. Jed\u00e1lensk\u00fd st\u00f4l Lagos 120cm sheesham \u00bb sa stane dominantou V\u00e1\u0161ho interi\u00e9ru. Internetov\u00fd obchod ikuchyne! pon\u00faka odber Jed\u00e1lensk\u00fd st\u00f4l Lagos 120cm sheesham \u00bb u\u017e od 1 kusu.\" \/>\n<meta name=\"robots\" content=\"index, follow, max-snippet:-1, max-image-preview:large, max-video-preview:-1\" \/>\n<link rel=\"canonical\" href=\"https:\/\/www.ikuchyne.sk\/eshop\/produkt\/jedalensky-stol-lagos-120cm-sheesham\/\" \/>\n<meta property=\"og:locale\" content=\"sk_SK\" \/>\n<meta property=\"og:type\" content=\"article\" \/>\n<meta property=\"og:title\" content=\"Jed\u00e1lensk\u00fd st\u00f4l Lagos 120cm sheesham \u00bb &#187; iKuchyne iSHOP s n\u00e1bytkom\" \/>\n<meta property=\"og:description\" content=\"K\u00fapte si u n\u00e1s Jed\u00e1lensk\u00fd st\u00f4l Lagos 120cm sheesham \u00bb za akciov\u00fa cenu. R\u00fdchle dodanie tovaru, odborn\u00e9 poradenstvo a stovky produktov skladom. Jed\u00e1lensk\u00fd st\u00f4l Lagos 120cm sheesham \u00bb sa stane dominantou V\u00e1\u0161ho interi\u00e9ru. Internetov\u00fd obchod ikuchyne! pon\u00faka odber Jed\u00e1lensk\u00fd st\u00f4l Lagos 120cm sheesham \u00bb u\u017e od 1 kusu.\" \/>\n<meta property=\"og:url\" content=\"https:\/\/www.ikuchyne.sk\/eshop\/produkt\/jedalensky-stol-lagos-120cm-sheesham\/\" \/>\n<meta property=\"og:site_name\" content=\"iKuchyne iSHOP s n\u00e1bytkom\" \/>\n<meta property=\"article:publisher\" content=\"https:\/\/www.facebook.com\/ikuchyne\/\" \/>\n<meta property=\"article:modified_time\" content=\"2024-03-22T15:26:33+00:00\" \/>\n<meta property=\"og:image\" content=\"https:\/\/www.ikuchyne.sk\/eshop\/wp-content\/uploads\/2023\/12\/Jed\u00e1lensk\u00fd-st\u00f4l-Lagos-120cm-sheesham-44048.jpg\" \/>\n\t<meta property=\"og:image:width\" content=\"800\" \/>\n\t<meta property=\"og:image:height\" content=\"533\" \/>\n\t<meta property=\"og:image:type\" content=\"image\/jpeg\" \/>\n<meta name=\"twitter:card\" content=\"summary_large_image\" \/>\n<meta name=\"twitter:label1\" content=\"Predpokladan\u00fd \u010das \u010d\u00edtania\" \/>\n\t<meta name=\"twitter:data1\" content=\"3 min\u00faty\" \/>\n<script type=\"application\/ld+json\" class=\"yoast-schema-graph\">{\"@context\":\"https:\/\/schema.org\",\"@graph\":[{\"@type\":\"WebPage\",\"@id\":\"https:\/\/www.ikuchyne.sk\/eshop\/produkt\/jedalensky-stol-lagos-120cm-sheesham\/\",\"url\":\"https:\/\/www.ikuchyne.sk\/eshop\/produkt\/jedalensky-stol-lagos-120cm-sheesham\/\",\"name\":\"Jed\u00e1lensk\u00fd st\u00f4l Lagos 120cm sheesham \u00bb &#187; iKuchyne iSHOP s n\u00e1bytkom\",\"isPartOf\":{\"@id\":\"https:\/\/www.ikuchyne.sk\/eshop\/#website\"},\"datePublished\":\"2024-01-08T01:42:06+00:00\",\"dateModified\":\"2024-03-22T15:26:33+00:00\",\"description\":\"K\u00fapte si u n\u00e1s Jed\u00e1lensk\u00fd st\u00f4l Lagos 120cm sheesham \u00bb za akciov\u00fa cenu. R\u00fdchle dodanie tovaru, odborn\u00e9 poradenstvo a stovky produktov skladom. Jed\u00e1lensk\u00fd st\u00f4l Lagos 120cm sheesham \u00bb sa stane dominantou V\u00e1\u0161ho interi\u00e9ru. Internetov\u00fd obchod ikuchyne! pon\u00faka odber Jed\u00e1lensk\u00fd st\u00f4l Lagos 120cm sheesham \u00bb u\u017e od 1 kusu.\",\"breadcrumb\":{\"@id\":\"https:\/\/www.ikuchyne.sk\/eshop\/produkt\/jedalensky-stol-lagos-120cm-sheesham\/#breadcrumb\"},\"inLanguage\":\"sk-SK\",\"potentialAction\":[{\"@type\":\"ReadAction\",\"target\":[\"https:\/\/www.ikuchyne.sk\/eshop\/produkt\/jedalensky-stol-lagos-120cm-sheesham\/\"]}]},{\"@type\":\"BreadcrumbList\",\"@id\":\"https:\/\/www.ikuchyne.sk\/eshop\/produkt\/jedalensky-stol-lagos-120cm-sheesham\/#breadcrumb\",\"itemListElement\":[{\"@type\":\"ListItem\",\"position\":1,\"name\":\"Home\",\"item\":\"https:\/\/www.ikuchyne.sk\/eshop\/\"},{\"@type\":\"ListItem\",\"position\":2,\"name\":\"Obchod\",\"item\":\"https:\/\/www.ikuchyne.sk\/eshop\/obchod\/\"},{\"@type\":\"ListItem\",\"position\":3,\"name\":\"Jed\u00e1lensk\u00fd st\u00f4l Lagos 120cm sheesham \u00bb\"}]},{\"@type\":\"WebSite\",\"@id\":\"https:\/\/www.ikuchyne.sk\/eshop\/#website\",\"url\":\"https:\/\/www.ikuchyne.sk\/eshop\/\",\"name\":\"iKuchyne iSHOP s n\u00e1bytkom\",\"description\":\"Jed\u00e1lensk\u00e9 stoly, stoli\u010dky, n\u00e1bytok, svietidl\u00e1...\",\"publisher\":{\"@id\":\"https:\/\/www.ikuchyne.sk\/eshop\/#organization\"},\"potentialAction\":[{\"@type\":\"SearchAction\",\"target\":{\"@type\":\"EntryPoint\",\"urlTemplate\":\"https:\/\/www.ikuchyne.sk\/eshop\/?s={search_term_string}\"},\"query-input\":\"required name=search_term_string\"}],\"inLanguage\":\"sk-SK\"},{\"@type\":\"Organization\",\"@id\":\"https:\/\/www.ikuchyne.sk\/eshop\/#organization\",\"name\":\"ikuchyne!\",\"url\":\"https:\/\/www.ikuchyne.sk\/eshop\/\",\"logo\":{\"@type\":\"ImageObject\",\"inLanguage\":\"sk-SK\",\"@id\":\"https:\/\/www.ikuchyne.sk\/eshop\/#\/schema\/logo\/image\/\",\"url\":\"https:\/\/www.ikuchyne.sk\/eshop\/wp-content\/uploads\/2017\/04\/ikuchyne-logo.jpg\",\"contentUrl\":\"https:\/\/www.ikuchyne.sk\/eshop\/wp-content\/uploads\/2017\/04\/ikuchyne-logo.jpg\",\"width\":200,\"height\":48,\"caption\":\"ikuchyne!\"},\"image\":{\"@id\":\"https:\/\/www.ikuchyne.sk\/eshop\/#\/schema\/logo\/image\/\"},\"sameAs\":[\"https:\/\/www.facebook.com\/ikuchyne\/\",\"https:\/\/www.instagram.com\/ikuchyne.sk\/\",\"https:\/\/sk.pinterest.com\/ikuchynesk\/\"]}]}<\/script>\n<!-- \/ Yoast SEO plugin. -->","yoast_head_json":{"title":"Jed\u00e1lensk\u00fd st\u00f4l Lagos 120cm sheesham \u00bb &#187; iKuchyne iSHOP s n\u00e1bytkom","description":"K\u00fapte si u n\u00e1s Jed\u00e1lensk\u00fd st\u00f4l Lagos 120cm sheesham \u00bb za akciov\u00fa cenu. R\u00fdchle dodanie tovaru, odborn\u00e9 poradenstvo a stovky produktov skladom. Jed\u00e1lensk\u00fd st\u00f4l Lagos 120cm sheesham \u00bb sa stane dominantou V\u00e1\u0161ho interi\u00e9ru. Internetov\u00fd obchod ikuchyne! pon\u00faka odber Jed\u00e1lensk\u00fd st\u00f4l Lagos 120cm sheesham \u00bb u\u017e od 1 kusu.","robots":{"index":"index","follow":"follow","max-snippet":"max-snippet:-1","max-image-preview":"max-image-preview:large","max-video-preview":"max-video-preview:-1"},"canonical":"https:\/\/www.ikuchyne.sk\/eshop\/produkt\/jedalensky-stol-lagos-120cm-sheesham\/","og_locale":"sk_SK","og_type":"article","og_title":"Jed\u00e1lensk\u00fd st\u00f4l Lagos 120cm sheesham \u00bb &#187; iKuchyne iSHOP s n\u00e1bytkom","og_description":"K\u00fapte si u n\u00e1s Jed\u00e1lensk\u00fd st\u00f4l Lagos 120cm sheesham \u00bb za akciov\u00fa cenu. R\u00fdchle dodanie tovaru, odborn\u00e9 poradenstvo a stovky produktov skladom. Jed\u00e1lensk\u00fd st\u00f4l Lagos 120cm sheesham \u00bb sa stane dominantou V\u00e1\u0161ho interi\u00e9ru. Internetov\u00fd obchod ikuchyne! pon\u00faka odber Jed\u00e1lensk\u00fd st\u00f4l Lagos 120cm sheesham \u00bb u\u017e od 1 kusu.","og_url":"https:\/\/www.ikuchyne.sk\/eshop\/produkt\/jedalensky-stol-lagos-120cm-sheesham\/","og_site_name":"iKuchyne iSHOP s n\u00e1bytkom","article_publisher":"https:\/\/www.facebook.com\/ikuchyne\/","article_modified_time":"2024-03-22T15:26:33+00:00","og_image":[{"width":800,"height":533,"url":"https:\/\/www.ikuchyne.sk\/eshop\/wp-content\/uploads\/2023\/12\/Jed\u00e1lensk\u00fd-st\u00f4l-Lagos-120cm-sheesham-44048.jpg","type":"image\/jpeg"}],"twitter_card":"summary_large_image","twitter_misc":{"Predpokladan\u00fd \u010das \u010d\u00edtania":"3 min\u00faty"},"schema":{"@context":"https:\/\/schema.org","@graph":[{"@type":"WebPage","@id":"https:\/\/www.ikuchyne.sk\/eshop\/produkt\/jedalensky-stol-lagos-120cm-sheesham\/","url":"https:\/\/www.ikuchyne.sk\/eshop\/produkt\/jedalensky-stol-lagos-120cm-sheesham\/","name":"Jed\u00e1lensk\u00fd st\u00f4l Lagos 120cm sheesham \u00bb &#187; iKuchyne iSHOP s n\u00e1bytkom","isPartOf":{"@id":"https:\/\/www.ikuchyne.sk\/eshop\/#website"},"datePublished":"2024-01-08T01:42:06+00:00","dateModified":"2024-03-22T15:26:33+00:00","description":"K\u00fapte si u n\u00e1s Jed\u00e1lensk\u00fd st\u00f4l Lagos 120cm sheesham \u00bb za akciov\u00fa cenu. R\u00fdchle dodanie tovaru, odborn\u00e9 poradenstvo a stovky produktov skladom. Jed\u00e1lensk\u00fd st\u00f4l Lagos 120cm sheesham \u00bb sa stane dominantou V\u00e1\u0161ho interi\u00e9ru. Internetov\u00fd obchod ikuchyne! pon\u00faka odber Jed\u00e1lensk\u00fd st\u00f4l Lagos 120cm sheesham \u00bb u\u017e od 1 kusu.","breadcrumb":{"@id":"https:\/\/www.ikuchyne.sk\/eshop\/produkt\/jedalensky-stol-lagos-120cm-sheesham\/#breadcrumb"},"inLanguage":"sk-SK","potentialAction":[{"@type":"ReadAction","target":["https:\/\/www.ikuchyne.sk\/eshop\/produkt\/jedalensky-stol-lagos-120cm-sheesham\/"]}]},{"@type":"BreadcrumbList","@id":"https:\/\/www.ikuchyne.sk\/eshop\/produkt\/jedalensky-stol-lagos-120cm-sheesham\/#breadcrumb","itemListElement":[{"@type":"ListItem","position":1,"name":"Home","item":"https:\/\/www.ikuchyne.sk\/eshop\/"},{"@type":"ListItem","position":2,"name":"Obchod","item":"https:\/\/www.ikuchyne.sk\/eshop\/obchod\/"},{"@type":"ListItem","position":3,"name":"Jed\u00e1lensk\u00fd st\u00f4l Lagos 120cm sheesham \u00bb"}]},{"@type":"WebSite","@id":"https:\/\/www.ikuchyne.sk\/eshop\/#website","url":"https:\/\/www.ikuchyne.sk\/eshop\/","name":"iKuchyne iSHOP s n\u00e1bytkom","description":"Jed\u00e1lensk\u00e9 stoly, stoli\u010dky, n\u00e1bytok, svietidl\u00e1...","publisher":{"@id":"https:\/\/www.ikuchyne.sk\/eshop\/#organization"},"potentialAction":[{"@type":"SearchAction","target":{"@type":"EntryPoint","urlTemplate":"https:\/\/www.ikuchyne.sk\/eshop\/?s={search_term_string}"},"query-input":"required name=search_term_string"}],"inLanguage":"sk-SK"},{"@type":"Organization","@id":"https:\/\/www.ikuchyne.sk\/eshop\/#organization","name":"ikuchyne!","url":"https:\/\/www.ikuchyne.sk\/eshop\/","logo":{"@type":"ImageObject","inLanguage":"sk-SK","@id":"https:\/\/www.ikuchyne.sk\/eshop\/#\/schema\/logo\/image\/","url":"https:\/\/www.ikuchyne.sk\/eshop\/wp-content\/uploads\/2017\/04\/ikuchyne-logo.jpg","contentUrl":"https:\/\/www.ikuchyne.sk\/eshop\/wp-content\/uploads\/2017\/04\/ikuchyne-logo.jpg","width":200,"height":48,"caption":"ikuchyne!"},"image":{"@id":"https:\/\/www.ikuchyne.sk\/eshop\/#\/schema\/logo\/image\/"},"sameAs":["https:\/\/www.facebook.com\/ikuchyne\/","https:\/\/www.instagram.com\/ikuchyne.sk\/","https:\/\/sk.pinterest.com\/ikuchynesk\/"]}]}},"_links":{"self":[{"href":"https:\/\/www.ikuchyne.sk\/eshop\/wp-json\/wp\/v2\/product\/163646"}],"collection":[{"href":"https:\/\/www.ikuchyne.sk\/eshop\/wp-json\/wp\/v2\/product"}],"about":[{"href":"https:\/\/www.ikuchyne.sk\/eshop\/wp-json\/wp\/v2\/types\/product"}],"replies":[{"embeddable":true,"href":"https:\/\/www.ikuchyne.sk\/eshop\/wp-json\/wp\/v2\/comments?post=163646"}],"wp:featuredmedia":[{"embeddable":true,"href":"https:\/\/www.ikuchyne.sk\/eshop\/wp-json\/wp\/v2\/media\/163647"}],"wp:attachment":[{"href":"https:\/\/www.ikuchyne.sk\/eshop\/wp-json\/wp\/v2\/media?parent=163646"}],"wp:term":[{"taxonomy":"product_cat","embeddable":true,"href":"https:\/\/www.ikuchyne.sk\/eshop\/wp-json\/wp\/v2\/product_cat?post=163646"},{"taxonomy":"product_tag","embeddable":true,"href":"https:\/\/www.ikuchyne.sk\/eshop\/wp-json\/wp\/v2\/product_tag?post=163646"}],"curies":[{"name":"wp","href":"https:\/\/api.w.org\/{rel}","templated":true}]}}