{"id":163777,"date":"2023-12-27T15:05:17","date_gmt":"2023-12-27T14:05:17","guid":{"rendered":"https:\/\/www.ikuchyne.sk\/eshop\/?post_type=product&#038;p=163777"},"modified":"2023-12-27T15:05:18","modified_gmt":"2023-12-27T14:05:18","slug":"tv-stolik-zavesny-mammut-160cm-agat-honey","status":"publish","type":"product","link":"https:\/\/www.ikuchyne.sk\/eshop\/produkt\/tv-stolik-zavesny-mammut-160cm-agat-honey\/","title":{"rendered":"TV-stol\u00edk z\u00e1vesn\u00fd Mammut 160cm ag\u00e1t honey"},"content":{"rendered":"<p>Vyroben\u00e9 z mas\u00edvneho ak\u00e1ciov\u00e9ho dreva s okrajom stromu<br \/>\na prepracovan\u00fd ozdobn\u00fd p\u00e1s.<\/p>\n<p><b>Rozmery<\/b> (cca):<br \/>\n160 cm x 30 cm x 35 cm (\u0160xVxH)<br \/>\nZ\u00e1suvky (3x): 53cm x 14cm (\u0160xV)<br \/>\nOtvoren\u00e1 priehradka (1x): 10 cm (V)<br \/>\nS otvorom na k\u00e1bel na zadnej strane.<\/p>\n<p><strong>Materi\u00e1l:<\/strong><br \/>\nMas\u00edvne drevo, ak\u00e1ciov\u00e9 drevo, lakovan\u00e9<\/p>\n<p><strong>Farba:<\/strong> pr\u00edrodn\u00e1 medov\u00e1 \u00faprava, \u010dierna<\/p>\n","protected":false},"excerpt":{"rendered":"<p>Vyroben\u00e9 z mas\u00edvneho ak\u00e1ciov\u00e9ho dreva s okrajom stromu a prepracovan\u00fd ozdobn\u00fd p\u00e1s. Rozmery (cca): 160 cm x 30 cm x 35 cm (\u0160xVxH) Z\u00e1suvky (3x): 53cm x 14cm (\u0160xV) Otvoren\u00e1<\/p>\n","protected":false},"featured_media":163778,"comment_status":"closed","ping_status":"closed","template":"","meta":[],"product_cat":[293,286,772,295],"product_tag":[],"yoast_head":"<!-- This site is optimized with the Yoast SEO plugin v22.1 - https:\/\/yoast.com\/wordpress\/plugins\/seo\/ -->\n<title>TV-stol\u00edk z\u00e1vesn\u00fd Mammut 160cm ag\u00e1t honey &#187; iKuchyne iSHOP s n\u00e1bytkom<\/title>\n<meta name=\"description\" content=\"K\u00fapte si u n\u00e1s TV-stol\u00edk z\u00e1vesn\u00fd Mammut 160cm ag\u00e1t honey za akciov\u00fa cenu. R\u00fdchle dodanie tovaru, odborn\u00e9 poradenstvo a stovky produktov skladom. TV-stol\u00edk z\u00e1vesn\u00fd Mammut 160cm ag\u00e1t honey sa stane dominantou V\u00e1\u0161ho interi\u00e9ru. Internetov\u00fd obchod ikuchyne! pon\u00faka odber TV-stol\u00edk z\u00e1vesn\u00fd Mammut 160cm ag\u00e1t honey u\u017e od 1 kusu.\" \/>\n<meta name=\"robots\" content=\"index, follow, max-snippet:-1, max-image-preview:large, max-video-preview:-1\" \/>\n<link rel=\"canonical\" href=\"https:\/\/www.ikuchyne.sk\/eshop\/produkt\/tv-stolik-zavesny-mammut-160cm-agat-honey\/\" \/>\n<meta property=\"og:locale\" content=\"sk_SK\" \/>\n<meta property=\"og:type\" content=\"article\" \/>\n<meta property=\"og:title\" content=\"TV-stol\u00edk z\u00e1vesn\u00fd Mammut 160cm ag\u00e1t honey &#187; iKuchyne iSHOP s n\u00e1bytkom\" \/>\n<meta property=\"og:description\" content=\"K\u00fapte si u n\u00e1s TV-stol\u00edk z\u00e1vesn\u00fd Mammut 160cm ag\u00e1t honey za akciov\u00fa cenu. R\u00fdchle dodanie tovaru, odborn\u00e9 poradenstvo a stovky produktov skladom. TV-stol\u00edk z\u00e1vesn\u00fd Mammut 160cm ag\u00e1t honey sa stane dominantou V\u00e1\u0161ho interi\u00e9ru. Internetov\u00fd obchod ikuchyne! pon\u00faka odber TV-stol\u00edk z\u00e1vesn\u00fd Mammut 160cm ag\u00e1t honey u\u017e od 1 kusu.\" \/>\n<meta property=\"og:url\" content=\"https:\/\/www.ikuchyne.sk\/eshop\/produkt\/tv-stolik-zavesny-mammut-160cm-agat-honey\/\" \/>\n<meta property=\"og:site_name\" content=\"iKuchyne iSHOP s n\u00e1bytkom\" \/>\n<meta property=\"article:publisher\" content=\"https:\/\/www.facebook.com\/ikuchyne\/\" \/>\n<meta property=\"article:modified_time\" content=\"2023-12-27T14:05:18+00:00\" \/>\n<meta property=\"og:image\" content=\"https:\/\/www.ikuchyne.sk\/eshop\/wp-content\/uploads\/2023\/12\/TV-stol\u00edk-Mammut-160cm-ag\u00e1t-honey-h\u00e4ngend-43709.jpg\" \/>\n\t<meta property=\"og:image:width\" content=\"800\" \/>\n\t<meta property=\"og:image:height\" content=\"533\" \/>\n\t<meta property=\"og:image:type\" content=\"image\/jpeg\" \/>\n<meta name=\"twitter:card\" content=\"summary_large_image\" \/>\n<script type=\"application\/ld+json\" class=\"yoast-schema-graph\">{\"@context\":\"https:\/\/schema.org\",\"@graph\":[{\"@type\":\"WebPage\",\"@id\":\"https:\/\/www.ikuchyne.sk\/eshop\/produkt\/tv-stolik-zavesny-mammut-160cm-agat-honey\/\",\"url\":\"https:\/\/www.ikuchyne.sk\/eshop\/produkt\/tv-stolik-zavesny-mammut-160cm-agat-honey\/\",\"name\":\"TV-stol\u00edk z\u00e1vesn\u00fd Mammut 160cm ag\u00e1t honey &#187; iKuchyne iSHOP s n\u00e1bytkom\",\"isPartOf\":{\"@id\":\"https:\/\/www.ikuchyne.sk\/eshop\/#website\"},\"datePublished\":\"2023-12-27T14:05:17+00:00\",\"dateModified\":\"2023-12-27T14:05:18+00:00\",\"description\":\"K\u00fapte si u n\u00e1s TV-stol\u00edk z\u00e1vesn\u00fd Mammut 160cm ag\u00e1t honey za akciov\u00fa cenu. R\u00fdchle dodanie tovaru, odborn\u00e9 poradenstvo a stovky produktov skladom. TV-stol\u00edk z\u00e1vesn\u00fd Mammut 160cm ag\u00e1t honey sa stane dominantou V\u00e1\u0161ho interi\u00e9ru. Internetov\u00fd obchod ikuchyne! pon\u00faka odber TV-stol\u00edk z\u00e1vesn\u00fd Mammut 160cm ag\u00e1t honey u\u017e od 1 kusu.\",\"breadcrumb\":{\"@id\":\"https:\/\/www.ikuchyne.sk\/eshop\/produkt\/tv-stolik-zavesny-mammut-160cm-agat-honey\/#breadcrumb\"},\"inLanguage\":\"sk-SK\",\"potentialAction\":[{\"@type\":\"ReadAction\",\"target\":[\"https:\/\/www.ikuchyne.sk\/eshop\/produkt\/tv-stolik-zavesny-mammut-160cm-agat-honey\/\"]}]},{\"@type\":\"BreadcrumbList\",\"@id\":\"https:\/\/www.ikuchyne.sk\/eshop\/produkt\/tv-stolik-zavesny-mammut-160cm-agat-honey\/#breadcrumb\",\"itemListElement\":[{\"@type\":\"ListItem\",\"position\":1,\"name\":\"Home\",\"item\":\"https:\/\/www.ikuchyne.sk\/eshop\/\"},{\"@type\":\"ListItem\",\"position\":2,\"name\":\"Obchod\",\"item\":\"https:\/\/www.ikuchyne.sk\/eshop\/obchod\/\"},{\"@type\":\"ListItem\",\"position\":3,\"name\":\"TV-stol\u00edk z\u00e1vesn\u00fd Mammut 160cm ag\u00e1t honey\"}]},{\"@type\":\"WebSite\",\"@id\":\"https:\/\/www.ikuchyne.sk\/eshop\/#website\",\"url\":\"https:\/\/www.ikuchyne.sk\/eshop\/\",\"name\":\"iKuchyne iSHOP s n\u00e1bytkom\",\"description\":\"Jed\u00e1lensk\u00e9 stoly, stoli\u010dky, n\u00e1bytok, svietidl\u00e1...\",\"publisher\":{\"@id\":\"https:\/\/www.ikuchyne.sk\/eshop\/#organization\"},\"potentialAction\":[{\"@type\":\"SearchAction\",\"target\":{\"@type\":\"EntryPoint\",\"urlTemplate\":\"https:\/\/www.ikuchyne.sk\/eshop\/?s={search_term_string}\"},\"query-input\":\"required name=search_term_string\"}],\"inLanguage\":\"sk-SK\"},{\"@type\":\"Organization\",\"@id\":\"https:\/\/www.ikuchyne.sk\/eshop\/#organization\",\"name\":\"ikuchyne!\",\"url\":\"https:\/\/www.ikuchyne.sk\/eshop\/\",\"logo\":{\"@type\":\"ImageObject\",\"inLanguage\":\"sk-SK\",\"@id\":\"https:\/\/www.ikuchyne.sk\/eshop\/#\/schema\/logo\/image\/\",\"url\":\"https:\/\/www.ikuchyne.sk\/eshop\/wp-content\/uploads\/2017\/04\/ikuchyne-logo.jpg\",\"contentUrl\":\"https:\/\/www.ikuchyne.sk\/eshop\/wp-content\/uploads\/2017\/04\/ikuchyne-logo.jpg\",\"width\":200,\"height\":48,\"caption\":\"ikuchyne!\"},\"image\":{\"@id\":\"https:\/\/www.ikuchyne.sk\/eshop\/#\/schema\/logo\/image\/\"},\"sameAs\":[\"https:\/\/www.facebook.com\/ikuchyne\/\",\"https:\/\/www.instagram.com\/ikuchyne.sk\/\",\"https:\/\/sk.pinterest.com\/ikuchynesk\/\"]}]}<\/script>\n<!-- \/ Yoast SEO plugin. -->","yoast_head_json":{"title":"TV-stol\u00edk z\u00e1vesn\u00fd Mammut 160cm ag\u00e1t honey &#187; iKuchyne iSHOP s n\u00e1bytkom","description":"K\u00fapte si u n\u00e1s TV-stol\u00edk z\u00e1vesn\u00fd Mammut 160cm ag\u00e1t honey za akciov\u00fa cenu. R\u00fdchle dodanie tovaru, odborn\u00e9 poradenstvo a stovky produktov skladom. TV-stol\u00edk z\u00e1vesn\u00fd Mammut 160cm ag\u00e1t honey sa stane dominantou V\u00e1\u0161ho interi\u00e9ru. Internetov\u00fd obchod ikuchyne! pon\u00faka odber TV-stol\u00edk z\u00e1vesn\u00fd Mammut 160cm ag\u00e1t honey u\u017e od 1 kusu.","robots":{"index":"index","follow":"follow","max-snippet":"max-snippet:-1","max-image-preview":"max-image-preview:large","max-video-preview":"max-video-preview:-1"},"canonical":"https:\/\/www.ikuchyne.sk\/eshop\/produkt\/tv-stolik-zavesny-mammut-160cm-agat-honey\/","og_locale":"sk_SK","og_type":"article","og_title":"TV-stol\u00edk z\u00e1vesn\u00fd Mammut 160cm ag\u00e1t honey &#187; iKuchyne iSHOP s n\u00e1bytkom","og_description":"K\u00fapte si u n\u00e1s TV-stol\u00edk z\u00e1vesn\u00fd Mammut 160cm ag\u00e1t honey za akciov\u00fa cenu. R\u00fdchle dodanie tovaru, odborn\u00e9 poradenstvo a stovky produktov skladom. TV-stol\u00edk z\u00e1vesn\u00fd Mammut 160cm ag\u00e1t honey sa stane dominantou V\u00e1\u0161ho interi\u00e9ru. Internetov\u00fd obchod ikuchyne! pon\u00faka odber TV-stol\u00edk z\u00e1vesn\u00fd Mammut 160cm ag\u00e1t honey u\u017e od 1 kusu.","og_url":"https:\/\/www.ikuchyne.sk\/eshop\/produkt\/tv-stolik-zavesny-mammut-160cm-agat-honey\/","og_site_name":"iKuchyne iSHOP s n\u00e1bytkom","article_publisher":"https:\/\/www.facebook.com\/ikuchyne\/","article_modified_time":"2023-12-27T14:05:18+00:00","og_image":[{"width":800,"height":533,"url":"https:\/\/www.ikuchyne.sk\/eshop\/wp-content\/uploads\/2023\/12\/TV-stol\u00edk-Mammut-160cm-ag\u00e1t-honey-h\u00e4ngend-43709.jpg","type":"image\/jpeg"}],"twitter_card":"summary_large_image","schema":{"@context":"https:\/\/schema.org","@graph":[{"@type":"WebPage","@id":"https:\/\/www.ikuchyne.sk\/eshop\/produkt\/tv-stolik-zavesny-mammut-160cm-agat-honey\/","url":"https:\/\/www.ikuchyne.sk\/eshop\/produkt\/tv-stolik-zavesny-mammut-160cm-agat-honey\/","name":"TV-stol\u00edk z\u00e1vesn\u00fd Mammut 160cm ag\u00e1t honey &#187; iKuchyne iSHOP s n\u00e1bytkom","isPartOf":{"@id":"https:\/\/www.ikuchyne.sk\/eshop\/#website"},"datePublished":"2023-12-27T14:05:17+00:00","dateModified":"2023-12-27T14:05:18+00:00","description":"K\u00fapte si u n\u00e1s TV-stol\u00edk z\u00e1vesn\u00fd Mammut 160cm ag\u00e1t honey za akciov\u00fa cenu. R\u00fdchle dodanie tovaru, odborn\u00e9 poradenstvo a stovky produktov skladom. TV-stol\u00edk z\u00e1vesn\u00fd Mammut 160cm ag\u00e1t honey sa stane dominantou V\u00e1\u0161ho interi\u00e9ru. Internetov\u00fd obchod ikuchyne! pon\u00faka odber TV-stol\u00edk z\u00e1vesn\u00fd Mammut 160cm ag\u00e1t honey u\u017e od 1 kusu.","breadcrumb":{"@id":"https:\/\/www.ikuchyne.sk\/eshop\/produkt\/tv-stolik-zavesny-mammut-160cm-agat-honey\/#breadcrumb"},"inLanguage":"sk-SK","potentialAction":[{"@type":"ReadAction","target":["https:\/\/www.ikuchyne.sk\/eshop\/produkt\/tv-stolik-zavesny-mammut-160cm-agat-honey\/"]}]},{"@type":"BreadcrumbList","@id":"https:\/\/www.ikuchyne.sk\/eshop\/produkt\/tv-stolik-zavesny-mammut-160cm-agat-honey\/#breadcrumb","itemListElement":[{"@type":"ListItem","position":1,"name":"Home","item":"https:\/\/www.ikuchyne.sk\/eshop\/"},{"@type":"ListItem","position":2,"name":"Obchod","item":"https:\/\/www.ikuchyne.sk\/eshop\/obchod\/"},{"@type":"ListItem","position":3,"name":"TV-stol\u00edk z\u00e1vesn\u00fd Mammut 160cm ag\u00e1t honey"}]},{"@type":"WebSite","@id":"https:\/\/www.ikuchyne.sk\/eshop\/#website","url":"https:\/\/www.ikuchyne.sk\/eshop\/","name":"iKuchyne iSHOP s n\u00e1bytkom","description":"Jed\u00e1lensk\u00e9 stoly, stoli\u010dky, n\u00e1bytok, svietidl\u00e1...","publisher":{"@id":"https:\/\/www.ikuchyne.sk\/eshop\/#organization"},"potentialAction":[{"@type":"SearchAction","target":{"@type":"EntryPoint","urlTemplate":"https:\/\/www.ikuchyne.sk\/eshop\/?s={search_term_string}"},"query-input":"required name=search_term_string"}],"inLanguage":"sk-SK"},{"@type":"Organization","@id":"https:\/\/www.ikuchyne.sk\/eshop\/#organization","name":"ikuchyne!","url":"https:\/\/www.ikuchyne.sk\/eshop\/","logo":{"@type":"ImageObject","inLanguage":"sk-SK","@id":"https:\/\/www.ikuchyne.sk\/eshop\/#\/schema\/logo\/image\/","url":"https:\/\/www.ikuchyne.sk\/eshop\/wp-content\/uploads\/2017\/04\/ikuchyne-logo.jpg","contentUrl":"https:\/\/www.ikuchyne.sk\/eshop\/wp-content\/uploads\/2017\/04\/ikuchyne-logo.jpg","width":200,"height":48,"caption":"ikuchyne!"},"image":{"@id":"https:\/\/www.ikuchyne.sk\/eshop\/#\/schema\/logo\/image\/"},"sameAs":["https:\/\/www.facebook.com\/ikuchyne\/","https:\/\/www.instagram.com\/ikuchyne.sk\/","https:\/\/sk.pinterest.com\/ikuchynesk\/"]}]}},"_links":{"self":[{"href":"https:\/\/www.ikuchyne.sk\/eshop\/wp-json\/wp\/v2\/product\/163777"}],"collection":[{"href":"https:\/\/www.ikuchyne.sk\/eshop\/wp-json\/wp\/v2\/product"}],"about":[{"href":"https:\/\/www.ikuchyne.sk\/eshop\/wp-json\/wp\/v2\/types\/product"}],"replies":[{"embeddable":true,"href":"https:\/\/www.ikuchyne.sk\/eshop\/wp-json\/wp\/v2\/comments?post=163777"}],"wp:featuredmedia":[{"embeddable":true,"href":"https:\/\/www.ikuchyne.sk\/eshop\/wp-json\/wp\/v2\/media\/163778"}],"wp:attachment":[{"href":"https:\/\/www.ikuchyne.sk\/eshop\/wp-json\/wp\/v2\/media?parent=163777"}],"wp:term":[{"taxonomy":"product_cat","embeddable":true,"href":"https:\/\/www.ikuchyne.sk\/eshop\/wp-json\/wp\/v2\/product_cat?post=163777"},{"taxonomy":"product_tag","embeddable":true,"href":"https:\/\/www.ikuchyne.sk\/eshop\/wp-json\/wp\/v2\/product_tag?post=163777"}],"curies":[{"name":"wp","href":"https:\/\/api.w.org\/{rel}","templated":true}]}}