{"id":167146,"date":"2024-09-11T13:58:20","date_gmt":"2024-09-11T11:58:20","guid":{"rendered":"https:\/\/www.ikuchyne.sk\/eshop\/?post_type=product&#038;p=167146"},"modified":"2024-09-11T14:06:12","modified_gmt":"2024-09-11T12:06:12","slug":"mega-vypredaj-lavica-scarlett-90-cm-zamat-smaragdzelena","status":"publish","type":"product","link":"https:\/\/www.ikuchyne.sk\/eshop\/produkt\/mega-vypredaj-lavica-scarlett-90-cm-zamat-smaragdzelena\/","title":{"rendered":"MEGA V\u00ddPREDAJ &#8211; Lavica Scarlett 90 cm zamat smaragdzelen\u00e1"},"content":{"rendered":"<h1>Lavica Scarlett 90 cm zamat smaragdzelen\u00e1<\/h1>\n<h4><strong>V\u0161eobecn\u00fd popis:<\/strong><\/h4>\n<p>Extravagantn\u00e1 lavica Scarlett 90 cm zamat smaragdzelen\u00e1 s kvalitn\u00fdm zamatov\u00fdm po\u0165ahom v smaragdovo zelenej farbe. Nohy lavice v retro dizajne zdobia zlat\u00e9 \u010diapky. Sedadlo je pohodlne \u010dal\u00fanen\u00e9 a or\u00e1movan\u00e9 lak\u0165ov\u00fdmi opierkami. Elegantn\u00fa lavicu umiestnite do va\u0161ej dom\u00e1cnosti pod\u013ea v\u00e1\u0161ho v\u00fdberu!<\/p>\n<p>Lavica Scarlett 90 cm zamat smaragdzelen\u00e1 s\u013eubuje pohodlie a eleganciu pre v\u00e1\u0161 domov. \u010ci u\u017e na chodbe, v ob\u00fdvacej izbe alebo ako \u0161t\u00fdlov\u00e9 sedenie vo va\u0161ej \u0161atni: lavica zaujme \u0161ikovnou kombin\u00e1ciou dizajnu a pohodlia. Vysoko kvalitn\u00fd zamatov\u00fd po\u0165ah v elegantnej smaragdovo zelenej farbe sa dokonale hod\u00ed k r\u00f4znym \u0161t\u00fdlom zariadenia &#8211; \u010dal\u00fanen\u00fa lavicu \u013eahko skombinujte s individu\u00e1lnym \u0161t\u00fdlom v\u00e1\u0161ho domova. Tmav\u00e9 nohy vyroben\u00e9 z mas\u00edvneho dreva vytv\u00e1raj\u00fa pekn\u00fd kontrast s po\u0165ahom a s\u00fa tie\u017e zdoben\u00e9 zlat\u00fdmi \u010diapkami.<\/p>\n<p>Za\u017eite elegantn\u00fa lavicu &#8211; \u010dal\u00fanen\u00fa a v\u0161estrann\u00fa. Posa\u010fte sa na lavicu, aby ste si zviazali top\u00e1nky, umiestnite ju ako nad\u010dasov\u00fd a z\u00e1rove\u0148 praktick\u00fd dizajnov\u00fd predmet vo svojej ob\u00fdvacej izbe alebo dotvorte sp\u00e1l\u0148u \u010dal\u00fanenou lavi\u010dkou. \u0160t\u00edhla \u010dal\u00fanen\u00e1 lavica je vynikaj\u00facou alternat\u00edvou k rohovej lavici, ktor\u00e1 vy\u017eaduje ve\u013ea priestoru a v\u010faka svojim opierkam na oboch stran\u00e1ch pon\u00faka maxim\u00e1lny komfort sedenia a\u017e pre dve osoby.<\/p>\n<p><strong>Detaily produktu:<\/strong><\/p>\n<p>Zamat je ve\u013emi \u0161peci\u00e1lna po\u0165ahov\u00e1 l\u00e1tka s jedine\u010dn\u00fdmi vlastnos\u0165ami. Jas a intenzita farby sa m\u00f4\u017eu l\u00ed\u0161i\u0165 a na l\u00e1tke je mo\u017en\u00e9 vytv\u00e1ra\u0165 jedine\u010dn\u00e9 vzory &#8211; pod\u013ea toho, v akom smere s\u00fa jemn\u00e9 vl\u00e1kna ma\u013eovan\u00e9 a ako je l\u00e1tka osvetlen\u00e1. V\u00fdsledkom je individu\u00e1lne zlo\u017eenie farebn\u00fdch odtie\u0148ov a povrchov\u00fdch \u0161trukt\u00far, ktor\u00e9 z v\u00e1\u0161ho kusu n\u00e1bytku urobia v\u017edy fascinuj\u00faci poh\u013ead. Vhodn\u00e9 bytov\u00e9 doplnky pre kombinovanie interi\u00e9ru s touto lavicou vo vidieckom \u0161t\u00fdle n\u00e1jdete na na\u0161om e-shope v sekcii Bytov\u00e9 doplnky. Kontaktujte n\u00e1s a my v\u00e1m radi pom\u00f4\u017eeme s v\u00fdberom vhodn\u00fdch dekor\u00e1ci\u00ed a n\u00e1bytku do va\u0161ej dom\u00e1cnosti.<\/p>\n<p><strong>Rozmery (cca):<br \/>\n<\/strong>90 cm x 56 cm x 30 cm (\u0160xVxH)<\/p>\n<p><strong>Materi\u00e1l:<\/strong><br \/>\nPo\u0165ah: zamat (100% polyester)<br \/>\nNohy: mas\u00edvne drevo, lakovan\u00e9<br \/>\nKovov\u00e9 \u010diapky<\/p>\n<p><strong>Farba:<\/strong> zelen\u00e1, \u010dierna, zlat\u00e1<br \/>\nRetro \u0161t\u00fdl<\/p>\n<p><strong>T\u00fato lavicu m\u00f4\u017eete n\u00e1js\u0165 aj v prevedeniach:<\/strong><\/p>\n<ul>\n<li>b\u00e9\u017eov\u00e1, pr\u00edrodn\u00e1<\/li>\n<\/ul>\n<p>Dodato\u010dn\u00e9 inform\u00e1cie:<\/p>\n<p>V pr\u00edpade z\u00e1ujmu o in\u00e9 lavice, seda\u010dky, le\u0148o\u0161ky, taburetky \u010di pohovky, nav\u0161t\u00edvte sekciu sedenie na <a href=\"https:\/\/www.ikuchyne.sk\/eshop\/kategoria\/sedenie\/\">www.ikuchyne.sk\/eshop<\/a><br \/>\nV pr\u00edpade z\u00e1ujmu o n\u00e1bytok na mieru n\u00e1s kontaktuje na <a href=\"http:\/\/www.ikuchyne.sk\">www.ikuchyne.sk<\/a><\/p>\n","protected":false},"excerpt":{"rendered":"<p>Lavica Scarlett 90 cm zamat smaragdzelen\u00e1 V\u0161eobecn\u00fd popis: Extravagantn\u00e1 lavica Scarlett 90 cm zamat smaragdzelen\u00e1 s kvalitn\u00fdm zamatov\u00fdm po\u0165ahom v smaragdovo zelenej farbe. Nohy lavice v retro dizajne zdobia zlat\u00e9<\/p>\n","protected":false},"featured_media":150337,"comment_status":"closed","ping_status":"closed","template":"","meta":[],"product_cat":[3183],"product_tag":[256,263,188],"yoast_head":"<!-- This site is optimized with the Yoast SEO plugin v22.1 - https:\/\/yoast.com\/wordpress\/plugins\/seo\/ -->\n<title>Lavica Scarlett zamat smaragdzelen\u00e1 &#187; iKuchyne iSHOP s n\u00e1bytkom<\/title>\n<meta name=\"description\" content=\"MEGA V\u00ddPREDAJ - Lavica Scarlett 90 cm zamat smaragdzelen\u00e1 r\u00fdchle dodanie, poradenstvo, n\u00e1bytok skladom v Bratislave na ikuchyne.sk - kuchyne na mieru.\" \/>\n<meta name=\"robots\" content=\"index, follow, max-snippet:-1, max-image-preview:large, max-video-preview:-1\" \/>\n<link rel=\"canonical\" href=\"https:\/\/www.ikuchyne.sk\/eshop\/produkt\/mega-vypredaj-lavica-scarlett-90-cm-zamat-smaragdzelena\/\" \/>\n<meta property=\"og:locale\" content=\"sk_SK\" \/>\n<meta property=\"og:type\" content=\"article\" \/>\n<meta property=\"og:title\" content=\"Lavica Scarlett zamat smaragdzelen\u00e1 &#187; iKuchyne iSHOP s n\u00e1bytkom\" \/>\n<meta property=\"og:description\" content=\"MEGA V\u00ddPREDAJ - Lavica Scarlett 90 cm zamat smaragdzelen\u00e1 r\u00fdchle dodanie, poradenstvo, n\u00e1bytok skladom v Bratislave na ikuchyne.sk - kuchyne na mieru.\" \/>\n<meta property=\"og:url\" content=\"https:\/\/www.ikuchyne.sk\/eshop\/produkt\/mega-vypredaj-lavica-scarlett-90-cm-zamat-smaragdzelena\/\" \/>\n<meta property=\"og:site_name\" content=\"iKuchyne iSHOP s n\u00e1bytkom\" \/>\n<meta property=\"article:publisher\" content=\"https:\/\/www.facebook.com\/ikuchyne\/\" \/>\n<meta property=\"article:modified_time\" content=\"2024-09-11T12:06:12+00:00\" \/>\n<meta property=\"og:image\" content=\"https:\/\/www.ikuchyne.sk\/eshop\/wp-content\/uploads\/2021\/03\/Lavica-Scarlett-90cm-zamat-smaragdzelen\u00e1-40406.jpg\" \/>\n\t<meta property=\"og:image:width\" content=\"800\" \/>\n\t<meta property=\"og:image:height\" content=\"533\" \/>\n\t<meta property=\"og:image:type\" content=\"image\/jpeg\" \/>\n<meta name=\"twitter:card\" content=\"summary_large_image\" \/>\n<meta name=\"twitter:label1\" content=\"Predpokladan\u00fd \u010das \u010d\u00edtania\" \/>\n\t<meta name=\"twitter:data1\" content=\"3 min\u00faty\" \/>\n<script type=\"application\/ld+json\" class=\"yoast-schema-graph\">{\"@context\":\"https:\/\/schema.org\",\"@graph\":[{\"@type\":\"WebPage\",\"@id\":\"https:\/\/www.ikuchyne.sk\/eshop\/produkt\/mega-vypredaj-lavica-scarlett-90-cm-zamat-smaragdzelena\/\",\"url\":\"https:\/\/www.ikuchyne.sk\/eshop\/produkt\/mega-vypredaj-lavica-scarlett-90-cm-zamat-smaragdzelena\/\",\"name\":\"Lavica Scarlett zamat smaragdzelen\u00e1 &#187; iKuchyne iSHOP s n\u00e1bytkom\",\"isPartOf\":{\"@id\":\"https:\/\/www.ikuchyne.sk\/eshop\/#website\"},\"datePublished\":\"2024-09-11T11:58:20+00:00\",\"dateModified\":\"2024-09-11T12:06:12+00:00\",\"description\":\"MEGA V\u00ddPREDAJ - Lavica Scarlett 90 cm zamat smaragdzelen\u00e1 r\u00fdchle dodanie, poradenstvo, n\u00e1bytok skladom v Bratislave na ikuchyne.sk - kuchyne na mieru.\",\"breadcrumb\":{\"@id\":\"https:\/\/www.ikuchyne.sk\/eshop\/produkt\/mega-vypredaj-lavica-scarlett-90-cm-zamat-smaragdzelena\/#breadcrumb\"},\"inLanguage\":\"sk-SK\",\"potentialAction\":[{\"@type\":\"ReadAction\",\"target\":[\"https:\/\/www.ikuchyne.sk\/eshop\/produkt\/mega-vypredaj-lavica-scarlett-90-cm-zamat-smaragdzelena\/\"]}]},{\"@type\":\"BreadcrumbList\",\"@id\":\"https:\/\/www.ikuchyne.sk\/eshop\/produkt\/mega-vypredaj-lavica-scarlett-90-cm-zamat-smaragdzelena\/#breadcrumb\",\"itemListElement\":[{\"@type\":\"ListItem\",\"position\":1,\"name\":\"Home\",\"item\":\"https:\/\/www.ikuchyne.sk\/eshop\/\"},{\"@type\":\"ListItem\",\"position\":2,\"name\":\"Obchod\",\"item\":\"https:\/\/www.ikuchyne.sk\/eshop\/obchod\/\"},{\"@type\":\"ListItem\",\"position\":3,\"name\":\"MEGA V\u00ddPREDAJ &#8211; Lavica Scarlett 90 cm zamat smaragdzelen\u00e1\"}]},{\"@type\":\"WebSite\",\"@id\":\"https:\/\/www.ikuchyne.sk\/eshop\/#website\",\"url\":\"https:\/\/www.ikuchyne.sk\/eshop\/\",\"name\":\"iKuchyne iSHOP s n\u00e1bytkom\",\"description\":\"Jed\u00e1lensk\u00e9 stoly, stoli\u010dky, n\u00e1bytok, svietidl\u00e1...\",\"publisher\":{\"@id\":\"https:\/\/www.ikuchyne.sk\/eshop\/#organization\"},\"potentialAction\":[{\"@type\":\"SearchAction\",\"target\":{\"@type\":\"EntryPoint\",\"urlTemplate\":\"https:\/\/www.ikuchyne.sk\/eshop\/?s={search_term_string}\"},\"query-input\":\"required name=search_term_string\"}],\"inLanguage\":\"sk-SK\"},{\"@type\":\"Organization\",\"@id\":\"https:\/\/www.ikuchyne.sk\/eshop\/#organization\",\"name\":\"ikuchyne!\",\"url\":\"https:\/\/www.ikuchyne.sk\/eshop\/\",\"logo\":{\"@type\":\"ImageObject\",\"inLanguage\":\"sk-SK\",\"@id\":\"https:\/\/www.ikuchyne.sk\/eshop\/#\/schema\/logo\/image\/\",\"url\":\"https:\/\/www.ikuchyne.sk\/eshop\/wp-content\/uploads\/2017\/04\/ikuchyne-logo.jpg\",\"contentUrl\":\"https:\/\/www.ikuchyne.sk\/eshop\/wp-content\/uploads\/2017\/04\/ikuchyne-logo.jpg\",\"width\":200,\"height\":48,\"caption\":\"ikuchyne!\"},\"image\":{\"@id\":\"https:\/\/www.ikuchyne.sk\/eshop\/#\/schema\/logo\/image\/\"},\"sameAs\":[\"https:\/\/www.facebook.com\/ikuchyne\/\",\"https:\/\/www.instagram.com\/ikuchyne.sk\/\",\"https:\/\/sk.pinterest.com\/ikuchynesk\/\"]}]}<\/script>\n<!-- \/ Yoast SEO plugin. -->","yoast_head_json":{"title":"Lavica Scarlett zamat smaragdzelen\u00e1 &#187; iKuchyne iSHOP s n\u00e1bytkom","description":"MEGA V\u00ddPREDAJ - Lavica Scarlett 90 cm zamat smaragdzelen\u00e1 r\u00fdchle dodanie, poradenstvo, n\u00e1bytok skladom v Bratislave na ikuchyne.sk - kuchyne na mieru.","robots":{"index":"index","follow":"follow","max-snippet":"max-snippet:-1","max-image-preview":"max-image-preview:large","max-video-preview":"max-video-preview:-1"},"canonical":"https:\/\/www.ikuchyne.sk\/eshop\/produkt\/mega-vypredaj-lavica-scarlett-90-cm-zamat-smaragdzelena\/","og_locale":"sk_SK","og_type":"article","og_title":"Lavica Scarlett zamat smaragdzelen\u00e1 &#187; iKuchyne iSHOP s n\u00e1bytkom","og_description":"MEGA V\u00ddPREDAJ - Lavica Scarlett 90 cm zamat smaragdzelen\u00e1 r\u00fdchle dodanie, poradenstvo, n\u00e1bytok skladom v Bratislave na ikuchyne.sk - kuchyne na mieru.","og_url":"https:\/\/www.ikuchyne.sk\/eshop\/produkt\/mega-vypredaj-lavica-scarlett-90-cm-zamat-smaragdzelena\/","og_site_name":"iKuchyne iSHOP s n\u00e1bytkom","article_publisher":"https:\/\/www.facebook.com\/ikuchyne\/","article_modified_time":"2024-09-11T12:06:12+00:00","og_image":[{"width":800,"height":533,"url":"https:\/\/www.ikuchyne.sk\/eshop\/wp-content\/uploads\/2021\/03\/Lavica-Scarlett-90cm-zamat-smaragdzelen\u00e1-40406.jpg","type":"image\/jpeg"}],"twitter_card":"summary_large_image","twitter_misc":{"Predpokladan\u00fd \u010das \u010d\u00edtania":"3 min\u00faty"},"schema":{"@context":"https:\/\/schema.org","@graph":[{"@type":"WebPage","@id":"https:\/\/www.ikuchyne.sk\/eshop\/produkt\/mega-vypredaj-lavica-scarlett-90-cm-zamat-smaragdzelena\/","url":"https:\/\/www.ikuchyne.sk\/eshop\/produkt\/mega-vypredaj-lavica-scarlett-90-cm-zamat-smaragdzelena\/","name":"Lavica Scarlett zamat smaragdzelen\u00e1 &#187; iKuchyne iSHOP s n\u00e1bytkom","isPartOf":{"@id":"https:\/\/www.ikuchyne.sk\/eshop\/#website"},"datePublished":"2024-09-11T11:58:20+00:00","dateModified":"2024-09-11T12:06:12+00:00","description":"MEGA V\u00ddPREDAJ - Lavica Scarlett 90 cm zamat smaragdzelen\u00e1 r\u00fdchle dodanie, poradenstvo, n\u00e1bytok skladom v Bratislave na ikuchyne.sk - kuchyne na mieru.","breadcrumb":{"@id":"https:\/\/www.ikuchyne.sk\/eshop\/produkt\/mega-vypredaj-lavica-scarlett-90-cm-zamat-smaragdzelena\/#breadcrumb"},"inLanguage":"sk-SK","potentialAction":[{"@type":"ReadAction","target":["https:\/\/www.ikuchyne.sk\/eshop\/produkt\/mega-vypredaj-lavica-scarlett-90-cm-zamat-smaragdzelena\/"]}]},{"@type":"BreadcrumbList","@id":"https:\/\/www.ikuchyne.sk\/eshop\/produkt\/mega-vypredaj-lavica-scarlett-90-cm-zamat-smaragdzelena\/#breadcrumb","itemListElement":[{"@type":"ListItem","position":1,"name":"Home","item":"https:\/\/www.ikuchyne.sk\/eshop\/"},{"@type":"ListItem","position":2,"name":"Obchod","item":"https:\/\/www.ikuchyne.sk\/eshop\/obchod\/"},{"@type":"ListItem","position":3,"name":"MEGA V\u00ddPREDAJ &#8211; Lavica Scarlett 90 cm zamat smaragdzelen\u00e1"}]},{"@type":"WebSite","@id":"https:\/\/www.ikuchyne.sk\/eshop\/#website","url":"https:\/\/www.ikuchyne.sk\/eshop\/","name":"iKuchyne iSHOP s n\u00e1bytkom","description":"Jed\u00e1lensk\u00e9 stoly, stoli\u010dky, n\u00e1bytok, svietidl\u00e1...","publisher":{"@id":"https:\/\/www.ikuchyne.sk\/eshop\/#organization"},"potentialAction":[{"@type":"SearchAction","target":{"@type":"EntryPoint","urlTemplate":"https:\/\/www.ikuchyne.sk\/eshop\/?s={search_term_string}"},"query-input":"required name=search_term_string"}],"inLanguage":"sk-SK"},{"@type":"Organization","@id":"https:\/\/www.ikuchyne.sk\/eshop\/#organization","name":"ikuchyne!","url":"https:\/\/www.ikuchyne.sk\/eshop\/","logo":{"@type":"ImageObject","inLanguage":"sk-SK","@id":"https:\/\/www.ikuchyne.sk\/eshop\/#\/schema\/logo\/image\/","url":"https:\/\/www.ikuchyne.sk\/eshop\/wp-content\/uploads\/2017\/04\/ikuchyne-logo.jpg","contentUrl":"https:\/\/www.ikuchyne.sk\/eshop\/wp-content\/uploads\/2017\/04\/ikuchyne-logo.jpg","width":200,"height":48,"caption":"ikuchyne!"},"image":{"@id":"https:\/\/www.ikuchyne.sk\/eshop\/#\/schema\/logo\/image\/"},"sameAs":["https:\/\/www.facebook.com\/ikuchyne\/","https:\/\/www.instagram.com\/ikuchyne.sk\/","https:\/\/sk.pinterest.com\/ikuchynesk\/"]}]}},"_links":{"self":[{"href":"https:\/\/www.ikuchyne.sk\/eshop\/wp-json\/wp\/v2\/product\/167146"}],"collection":[{"href":"https:\/\/www.ikuchyne.sk\/eshop\/wp-json\/wp\/v2\/product"}],"about":[{"href":"https:\/\/www.ikuchyne.sk\/eshop\/wp-json\/wp\/v2\/types\/product"}],"replies":[{"embeddable":true,"href":"https:\/\/www.ikuchyne.sk\/eshop\/wp-json\/wp\/v2\/comments?post=167146"}],"wp:featuredmedia":[{"embeddable":true,"href":"https:\/\/www.ikuchyne.sk\/eshop\/wp-json\/wp\/v2\/media\/150337"}],"wp:attachment":[{"href":"https:\/\/www.ikuchyne.sk\/eshop\/wp-json\/wp\/v2\/media?parent=167146"}],"wp:term":[{"taxonomy":"product_cat","embeddable":true,"href":"https:\/\/www.ikuchyne.sk\/eshop\/wp-json\/wp\/v2\/product_cat?post=167146"},{"taxonomy":"product_tag","embeddable":true,"href":"https:\/\/www.ikuchyne.sk\/eshop\/wp-json\/wp\/v2\/product_tag?post=167146"}],"curies":[{"name":"wp","href":"https:\/\/api.w.org\/{rel}","templated":true}]}}