{"id":167147,"date":"2024-09-11T14:08:47","date_gmt":"2024-09-11T12:08:47","guid":{"rendered":"https:\/\/www.ikuchyne.sk\/eshop\/?post_type=product&#038;p=167147"},"modified":"2024-09-11T14:12:41","modified_gmt":"2024-09-11T12:12:41","slug":"mega-vypredaj-nocny-stolik-scorpion-40-cm","status":"publish","type":"product","link":"https:\/\/www.ikuchyne.sk\/eshop\/produkt\/mega-vypredaj-nocny-stolik-scorpion-40-cm\/","title":{"rendered":"MEGA V\u00ddPREDAJ &#8211; No\u010dn\u00fd stol\u00edk Scorpion 40 cm"},"content":{"rendered":"<h1>No\u010dn\u00fd stol\u00edk Scorpion 40 cm \u00bb<\/h1>\n<p><strong>V\u0161eobecn\u00fd popis:<\/strong><\/p>\n<p>Elegantn\u00fd no\u010dn\u00fd stol\u00edk Scorpion 40 cm vyroben\u00fd z vysoko kvalitnej pravej dubovej dyhy. \u010cierny kovov\u00fd r\u00e1m pod\u010diarkuje priemyseln\u00fd vzh\u013ead. S ve\u013ek\u00fdm \u00falo\u017en\u00fdm priestorom a priestrann\u00fdmi z\u00e1suvkami pre viac \u00falo\u017en\u00e9ho priestoru. Pou\u017eite pr\u00edru\u010dn\u00fd stol\u00edk ako mimoriadny no\u010dn\u00fd stol\u00edk!<\/p>\n<p>Te\u0161te sa na no\u010dn\u00fd stol\u00edk, ktor\u00fd je mo\u017en\u00e9 kombinova\u0165 mnoh\u00fdmi sp\u00f4sobmi! Kr\u00e1sne zrnit\u00fd divok\u00fd dub sa stret\u00e1va s puristick\u00fdm priemyseln\u00fdm dizajnom. Odkladac\u00ed stol\u00edk zo s\u00e9rie SCORPION je skuto\u010dn\u00fdm univerz\u00e1lnym doplnkom a d\u00e1 sa efekt\u00edvne umiestni\u0165 do ka\u017edej miestnosti. \u010cierny kovov\u00fd r\u00e1m, na rozdiel od dreven\u00fdch prvkov z dyhy z prav\u00e9ho dreva, vytv\u00e1ra harmonick\u00fd industri\u00e1lny vkus, ktor\u00fd p\u00f4sob\u00ed rustik\u00e1lne aj moderne.<\/p>\n<p>Kde by mal by\u0165 umiestnen\u00fd tento no\u010dn\u00fd stol\u00edk? \u010ci u\u017e v ob\u00fdvacej izbe, na chodbe alebo ako neobvykl\u00fd no\u010dn\u00fd stol\u00edk v sp\u00e1lni: kompaktn\u00fd pr\u00edru\u010dn\u00fd stol\u00edk vyrez\u00e1va vynikaj\u00facu postavu v ka\u017edej ob\u00fdvacej izbe. Nie je to v\u0161ak len vzh\u013ead, ktor\u00fd hovor\u00ed s\u00e1m za seba: v\u010faka svojim dvom \u00falo\u017en\u00fdm priestorom a priestrannej z\u00e1suvke je odkladac\u00ed stol\u00edk ide\u00e1lny na skladovanie v\u0161etk\u00fdch druhov \u017eiv\u00fdch a dekorat\u00edvnych predmetov.<\/p>\n<p><strong>Podno\u017e:<\/strong><br \/>\nNo\u010dn\u00fd stol\u00edk je cel\u00fd pokryt\u00fd kovov\u00fdm r\u00e1mom, v\u010faka ktor\u00e9mu m\u00e1 stol\u00edk povestn\u00fd industri\u00e1lny vzh\u013ead. Na spodku podstavy sa nach\u00e1dza dodato\u010dn\u00e1 poli\u010dka pre odkladanie vec\u00ed.<\/p>\n<h4><strong>\u010eal\u0161ie inform\u00e1cie:<\/strong><\/h4>\n<p>Stol\u00edk nie je n\u00e1ro\u010dn\u00fd na \u00fadr\u017ebu &#8211; posta\u010d\u00ed v\u00e1m handri\u010dka s vodou. Ide ru\u010dne vyroben\u00fd produkt. Vhodn\u00e9 bytov\u00e9 doplnky pre kombinovanie interi\u00e9ru s t\u00fdmto no\u010dn\u00fdm stol\u00edkom n\u00e1jdete na na\u0161om e-shope v sekcii Bytov\u00e9 doplnky. Kontaktujte n\u00e1s a my v\u00e1m radi pom\u00f4\u017eeme s v\u00fdberom vhodn\u00fdch dekor\u00e1ci\u00ed.<\/p>\n<p><b>Rozmery<\/b> (cca):<br \/>\n40cm x 50cm x 40cm (\u0160xVxH)<br \/>\n<strong>Z\u00e1suvka:<\/strong> 31cm x 8cm x 29cm (\u0160xVxH)<br \/>\n<strong>Priehradka:<\/strong> 38cm x 26cm x 40cm (\u0160xVxH)<\/p>\n<p><b>Farba:<\/b> pr\u00edrodn\u00e1, \u010dierna<\/p>\n<p><b>Materi\u00e1l:<\/b> dubov\u00e9 drevo (mas\u00edv), kov<\/p>\n<p>Dodato\u010dn\u00e9 inform\u00e1cie:<\/p>\n<p>V pr\u00edpade z\u00e1ujmu o in\u00e9 stoly ako toaletn\u00e9, p\u00edsacie, no\u010dn\u00e9, konferen\u010dn\u00e9 stol\u00edky \u010di jed\u00e1lensk\u00e9 stoly, nav\u0161t\u00edvte sekciu stoly na <a href=\"https:\/\/www.ikuchyne.sk\/eshop\/kategoria\/stoly\/\">www.ikuchyne.sk\/eshop<\/a><br \/>\nV pr\u00edpade z\u00e1ujmu o n\u00e1bytok na mieru n\u00e1s kontaktuje na <a href=\"http:\/\/www.ikuchyne.sk\">www.ikuchyne.sk<\/a><\/p>\n","protected":false},"excerpt":{"rendered":"<p>No\u010dn\u00fd stol\u00edk Scorpion 40 cm \u00bb V\u0161eobecn\u00fd popis: Elegantn\u00fd no\u010dn\u00fd stol\u00edk Scorpion 40 cm vyroben\u00fd z vysoko kvalitnej pravej dubovej dyhy. \u010cierny kovov\u00fd r\u00e1m pod\u010diarkuje priemyseln\u00fd vzh\u013ead. S ve\u013ek\u00fdm \u00falo\u017en\u00fdm<\/p>\n","protected":false},"featured_media":131661,"comment_status":"closed","ping_status":"closed","template":"","meta":[],"product_cat":[3183],"product_tag":[256,261],"yoast_head":"<!-- This site is optimized with the Yoast SEO plugin v22.1 - https:\/\/yoast.com\/wordpress\/plugins\/seo\/ -->\n<title>MEGA V\u00ddPREDAJ - No\u010dn\u00fd stol\u00edk Scorpion 40 cm &#187; iKuchyne iSHOP s n\u00e1bytkom<\/title>\n<meta name=\"description\" content=\"MEGA V\u00ddPREDAJ - No\u010dn\u00fd stol\u00edk Scorpion 40 cm - r\u00fdchle dodanie, poradenstvo, n\u00e1bytok skladom v Bratislave s ikuchyne.sk - kuchyne na mieru.\" \/>\n<meta name=\"robots\" content=\"index, follow, max-snippet:-1, max-image-preview:large, max-video-preview:-1\" \/>\n<link rel=\"canonical\" href=\"https:\/\/www.ikuchyne.sk\/eshop\/produkt\/mega-vypredaj-nocny-stolik-scorpion-40-cm\/\" \/>\n<meta property=\"og:locale\" content=\"sk_SK\" \/>\n<meta property=\"og:type\" content=\"article\" \/>\n<meta property=\"og:title\" content=\"MEGA V\u00ddPREDAJ - No\u010dn\u00fd stol\u00edk Scorpion 40 cm &#187; iKuchyne iSHOP s n\u00e1bytkom\" \/>\n<meta property=\"og:description\" content=\"MEGA V\u00ddPREDAJ - No\u010dn\u00fd stol\u00edk Scorpion 40 cm - r\u00fdchle dodanie, poradenstvo, n\u00e1bytok skladom v Bratislave s ikuchyne.sk - kuchyne na mieru.\" \/>\n<meta property=\"og:url\" content=\"https:\/\/www.ikuchyne.sk\/eshop\/produkt\/mega-vypredaj-nocny-stolik-scorpion-40-cm\/\" \/>\n<meta property=\"og:site_name\" content=\"iKuchyne iSHOP s n\u00e1bytkom\" \/>\n<meta property=\"article:publisher\" content=\"https:\/\/www.facebook.com\/ikuchyne\/\" \/>\n<meta property=\"article:modified_time\" content=\"2024-09-11T12:12:41+00:00\" \/>\n<meta property=\"og:image\" content=\"https:\/\/www.ikuchyne.sk\/eshop\/wp-content\/uploads\/2020\/08\/Konferen\u010dn\u00fd-stol\u00edk-Scorpion-40cm-div\u00fd-dub-39709.jpg\" \/>\n\t<meta property=\"og:image:width\" content=\"800\" \/>\n\t<meta property=\"og:image:height\" content=\"533\" \/>\n\t<meta property=\"og:image:type\" content=\"image\/jpeg\" \/>\n<meta name=\"twitter:card\" content=\"summary_large_image\" \/>\n<meta name=\"twitter:label1\" content=\"Predpokladan\u00fd \u010das \u010d\u00edtania\" \/>\n\t<meta name=\"twitter:data1\" content=\"2 min\u00faty\" \/>\n<script type=\"application\/ld+json\" class=\"yoast-schema-graph\">{\"@context\":\"https:\/\/schema.org\",\"@graph\":[{\"@type\":\"WebPage\",\"@id\":\"https:\/\/www.ikuchyne.sk\/eshop\/produkt\/mega-vypredaj-nocny-stolik-scorpion-40-cm\/\",\"url\":\"https:\/\/www.ikuchyne.sk\/eshop\/produkt\/mega-vypredaj-nocny-stolik-scorpion-40-cm\/\",\"name\":\"MEGA V\u00ddPREDAJ - No\u010dn\u00fd stol\u00edk Scorpion 40 cm &#187; iKuchyne iSHOP s n\u00e1bytkom\",\"isPartOf\":{\"@id\":\"https:\/\/www.ikuchyne.sk\/eshop\/#website\"},\"datePublished\":\"2024-09-11T12:08:47+00:00\",\"dateModified\":\"2024-09-11T12:12:41+00:00\",\"description\":\"MEGA V\u00ddPREDAJ - No\u010dn\u00fd stol\u00edk Scorpion 40 cm - r\u00fdchle dodanie, poradenstvo, n\u00e1bytok skladom v Bratislave s ikuchyne.sk - kuchyne na mieru.\",\"breadcrumb\":{\"@id\":\"https:\/\/www.ikuchyne.sk\/eshop\/produkt\/mega-vypredaj-nocny-stolik-scorpion-40-cm\/#breadcrumb\"},\"inLanguage\":\"sk-SK\",\"potentialAction\":[{\"@type\":\"ReadAction\",\"target\":[\"https:\/\/www.ikuchyne.sk\/eshop\/produkt\/mega-vypredaj-nocny-stolik-scorpion-40-cm\/\"]}]},{\"@type\":\"BreadcrumbList\",\"@id\":\"https:\/\/www.ikuchyne.sk\/eshop\/produkt\/mega-vypredaj-nocny-stolik-scorpion-40-cm\/#breadcrumb\",\"itemListElement\":[{\"@type\":\"ListItem\",\"position\":1,\"name\":\"Home\",\"item\":\"https:\/\/www.ikuchyne.sk\/eshop\/\"},{\"@type\":\"ListItem\",\"position\":2,\"name\":\"Obchod\",\"item\":\"https:\/\/www.ikuchyne.sk\/eshop\/obchod\/\"},{\"@type\":\"ListItem\",\"position\":3,\"name\":\"MEGA V\u00ddPREDAJ &#8211; No\u010dn\u00fd stol\u00edk Scorpion 40 cm\"}]},{\"@type\":\"WebSite\",\"@id\":\"https:\/\/www.ikuchyne.sk\/eshop\/#website\",\"url\":\"https:\/\/www.ikuchyne.sk\/eshop\/\",\"name\":\"iKuchyne iSHOP s n\u00e1bytkom\",\"description\":\"Jed\u00e1lensk\u00e9 stoly, stoli\u010dky, n\u00e1bytok, svietidl\u00e1...\",\"publisher\":{\"@id\":\"https:\/\/www.ikuchyne.sk\/eshop\/#organization\"},\"potentialAction\":[{\"@type\":\"SearchAction\",\"target\":{\"@type\":\"EntryPoint\",\"urlTemplate\":\"https:\/\/www.ikuchyne.sk\/eshop\/?s={search_term_string}\"},\"query-input\":\"required name=search_term_string\"}],\"inLanguage\":\"sk-SK\"},{\"@type\":\"Organization\",\"@id\":\"https:\/\/www.ikuchyne.sk\/eshop\/#organization\",\"name\":\"ikuchyne!\",\"url\":\"https:\/\/www.ikuchyne.sk\/eshop\/\",\"logo\":{\"@type\":\"ImageObject\",\"inLanguage\":\"sk-SK\",\"@id\":\"https:\/\/www.ikuchyne.sk\/eshop\/#\/schema\/logo\/image\/\",\"url\":\"https:\/\/www.ikuchyne.sk\/eshop\/wp-content\/uploads\/2017\/04\/ikuchyne-logo.jpg\",\"contentUrl\":\"https:\/\/www.ikuchyne.sk\/eshop\/wp-content\/uploads\/2017\/04\/ikuchyne-logo.jpg\",\"width\":200,\"height\":48,\"caption\":\"ikuchyne!\"},\"image\":{\"@id\":\"https:\/\/www.ikuchyne.sk\/eshop\/#\/schema\/logo\/image\/\"},\"sameAs\":[\"https:\/\/www.facebook.com\/ikuchyne\/\",\"https:\/\/www.instagram.com\/ikuchyne.sk\/\",\"https:\/\/sk.pinterest.com\/ikuchynesk\/\"]}]}<\/script>\n<!-- \/ Yoast SEO plugin. -->","yoast_head_json":{"title":"MEGA V\u00ddPREDAJ - No\u010dn\u00fd stol\u00edk Scorpion 40 cm &#187; iKuchyne iSHOP s n\u00e1bytkom","description":"MEGA V\u00ddPREDAJ - No\u010dn\u00fd stol\u00edk Scorpion 40 cm - r\u00fdchle dodanie, poradenstvo, n\u00e1bytok skladom v Bratislave s ikuchyne.sk - kuchyne na mieru.","robots":{"index":"index","follow":"follow","max-snippet":"max-snippet:-1","max-image-preview":"max-image-preview:large","max-video-preview":"max-video-preview:-1"},"canonical":"https:\/\/www.ikuchyne.sk\/eshop\/produkt\/mega-vypredaj-nocny-stolik-scorpion-40-cm\/","og_locale":"sk_SK","og_type":"article","og_title":"MEGA V\u00ddPREDAJ - No\u010dn\u00fd stol\u00edk Scorpion 40 cm &#187; iKuchyne iSHOP s n\u00e1bytkom","og_description":"MEGA V\u00ddPREDAJ - No\u010dn\u00fd stol\u00edk Scorpion 40 cm - r\u00fdchle dodanie, poradenstvo, n\u00e1bytok skladom v Bratislave s ikuchyne.sk - kuchyne na mieru.","og_url":"https:\/\/www.ikuchyne.sk\/eshop\/produkt\/mega-vypredaj-nocny-stolik-scorpion-40-cm\/","og_site_name":"iKuchyne iSHOP s n\u00e1bytkom","article_publisher":"https:\/\/www.facebook.com\/ikuchyne\/","article_modified_time":"2024-09-11T12:12:41+00:00","og_image":[{"width":800,"height":533,"url":"https:\/\/www.ikuchyne.sk\/eshop\/wp-content\/uploads\/2020\/08\/Konferen\u010dn\u00fd-stol\u00edk-Scorpion-40cm-div\u00fd-dub-39709.jpg","type":"image\/jpeg"}],"twitter_card":"summary_large_image","twitter_misc":{"Predpokladan\u00fd \u010das \u010d\u00edtania":"2 min\u00faty"},"schema":{"@context":"https:\/\/schema.org","@graph":[{"@type":"WebPage","@id":"https:\/\/www.ikuchyne.sk\/eshop\/produkt\/mega-vypredaj-nocny-stolik-scorpion-40-cm\/","url":"https:\/\/www.ikuchyne.sk\/eshop\/produkt\/mega-vypredaj-nocny-stolik-scorpion-40-cm\/","name":"MEGA V\u00ddPREDAJ - No\u010dn\u00fd stol\u00edk Scorpion 40 cm &#187; iKuchyne iSHOP s n\u00e1bytkom","isPartOf":{"@id":"https:\/\/www.ikuchyne.sk\/eshop\/#website"},"datePublished":"2024-09-11T12:08:47+00:00","dateModified":"2024-09-11T12:12:41+00:00","description":"MEGA V\u00ddPREDAJ - No\u010dn\u00fd stol\u00edk Scorpion 40 cm - r\u00fdchle dodanie, poradenstvo, n\u00e1bytok skladom v Bratislave s ikuchyne.sk - kuchyne na mieru.","breadcrumb":{"@id":"https:\/\/www.ikuchyne.sk\/eshop\/produkt\/mega-vypredaj-nocny-stolik-scorpion-40-cm\/#breadcrumb"},"inLanguage":"sk-SK","potentialAction":[{"@type":"ReadAction","target":["https:\/\/www.ikuchyne.sk\/eshop\/produkt\/mega-vypredaj-nocny-stolik-scorpion-40-cm\/"]}]},{"@type":"BreadcrumbList","@id":"https:\/\/www.ikuchyne.sk\/eshop\/produkt\/mega-vypredaj-nocny-stolik-scorpion-40-cm\/#breadcrumb","itemListElement":[{"@type":"ListItem","position":1,"name":"Home","item":"https:\/\/www.ikuchyne.sk\/eshop\/"},{"@type":"ListItem","position":2,"name":"Obchod","item":"https:\/\/www.ikuchyne.sk\/eshop\/obchod\/"},{"@type":"ListItem","position":3,"name":"MEGA V\u00ddPREDAJ &#8211; No\u010dn\u00fd stol\u00edk Scorpion 40 cm"}]},{"@type":"WebSite","@id":"https:\/\/www.ikuchyne.sk\/eshop\/#website","url":"https:\/\/www.ikuchyne.sk\/eshop\/","name":"iKuchyne iSHOP s n\u00e1bytkom","description":"Jed\u00e1lensk\u00e9 stoly, stoli\u010dky, n\u00e1bytok, svietidl\u00e1...","publisher":{"@id":"https:\/\/www.ikuchyne.sk\/eshop\/#organization"},"potentialAction":[{"@type":"SearchAction","target":{"@type":"EntryPoint","urlTemplate":"https:\/\/www.ikuchyne.sk\/eshop\/?s={search_term_string}"},"query-input":"required name=search_term_string"}],"inLanguage":"sk-SK"},{"@type":"Organization","@id":"https:\/\/www.ikuchyne.sk\/eshop\/#organization","name":"ikuchyne!","url":"https:\/\/www.ikuchyne.sk\/eshop\/","logo":{"@type":"ImageObject","inLanguage":"sk-SK","@id":"https:\/\/www.ikuchyne.sk\/eshop\/#\/schema\/logo\/image\/","url":"https:\/\/www.ikuchyne.sk\/eshop\/wp-content\/uploads\/2017\/04\/ikuchyne-logo.jpg","contentUrl":"https:\/\/www.ikuchyne.sk\/eshop\/wp-content\/uploads\/2017\/04\/ikuchyne-logo.jpg","width":200,"height":48,"caption":"ikuchyne!"},"image":{"@id":"https:\/\/www.ikuchyne.sk\/eshop\/#\/schema\/logo\/image\/"},"sameAs":["https:\/\/www.facebook.com\/ikuchyne\/","https:\/\/www.instagram.com\/ikuchyne.sk\/","https:\/\/sk.pinterest.com\/ikuchynesk\/"]}]}},"_links":{"self":[{"href":"https:\/\/www.ikuchyne.sk\/eshop\/wp-json\/wp\/v2\/product\/167147"}],"collection":[{"href":"https:\/\/www.ikuchyne.sk\/eshop\/wp-json\/wp\/v2\/product"}],"about":[{"href":"https:\/\/www.ikuchyne.sk\/eshop\/wp-json\/wp\/v2\/types\/product"}],"replies":[{"embeddable":true,"href":"https:\/\/www.ikuchyne.sk\/eshop\/wp-json\/wp\/v2\/comments?post=167147"}],"wp:featuredmedia":[{"embeddable":true,"href":"https:\/\/www.ikuchyne.sk\/eshop\/wp-json\/wp\/v2\/media\/131661"}],"wp:attachment":[{"href":"https:\/\/www.ikuchyne.sk\/eshop\/wp-json\/wp\/v2\/media?parent=167147"}],"wp:term":[{"taxonomy":"product_cat","embeddable":true,"href":"https:\/\/www.ikuchyne.sk\/eshop\/wp-json\/wp\/v2\/product_cat?post=167147"},{"taxonomy":"product_tag","embeddable":true,"href":"https:\/\/www.ikuchyne.sk\/eshop\/wp-json\/wp\/v2\/product_tag?post=167147"}],"curies":[{"name":"wp","href":"https:\/\/api.w.org\/{rel}","templated":true}]}}