{"id":167159,"date":"2024-09-11T15:17:16","date_gmt":"2024-09-11T13:17:16","guid":{"rendered":"https:\/\/www.ikuchyne.sk\/eshop\/?post_type=product&#038;p=167159"},"modified":"2024-12-03T07:53:48","modified_gmt":"2024-12-03T06:53:48","slug":"mega-vypredaj-konferencny-stolik-storage-ii-41cm-zlata-biela","status":"publish","type":"product","link":"https:\/\/www.ikuchyne.sk\/eshop\/produkt\/mega-vypredaj-konferencny-stolik-storage-ii-41cm-zlata-biela\/","title":{"rendered":"MEGA V\u00ddPREDAJ &#8211; Konferen\u010dn\u00fd stol\u00edk Storage II 41cm zlat\u00e1 biela"},"content":{"rendered":"<h1>Konferen\u010dn\u00fd stol\u00edk Storage II 41cm zlat\u00e1 biela \u00bb<\/h1>\n<h4><strong>V\u0161eobecn\u00fd popis:<\/strong><\/h4>\n<p>Extravagantn\u00fd konferen\u010dn\u00fd stol\u00edk Storage II 41cm zlat\u00e1 biela v elegantnom zlatom preveden\u00ed. Doska stola sl\u00fa\u017ei ako odn\u00edmate\u013en\u00fd podnos. S dostatkom \u00falo\u017en\u00e9ho priestoru vo vn\u00fatri konferen\u010dn\u00e9ho stol\u00edka. Nenechajte si ujs\u0165 toto ru\u010dne vyroben\u00e9 majstrovsk\u00e9 dielo a n\u00e1jdite mu miesto vo svojej ob\u00fdva\u010dke, ktor\u00e9 si svoj\u00edm vzh\u013eadom ur\u010dite zasl\u00fa\u017ei!<\/p>\n<p>Konferen\u010dn\u00fd stol\u00edk pre neprekonate\u013en\u00fa eleganciu vo va\u0161ej ob\u00fdvacej izbe. Tento konferen\u010dn\u00fd stol\u00edk je bezpochyby mimoriadnym p\u00fata\u010dom pozornosti. P\u00fatav\u00e9 telo bolo vyroben\u00e9 s ve\u013ek\u00fdm d\u00f4razom na detail a vyroben\u00e9 tradi\u010dn\u00fdm sp\u00f4sobom: ka\u017ed\u00e1 vzpera bola starostlivo ru\u010dne ohnut\u00e1 a bol z nej vyroben\u00fd kr\u00e1sny st\u00f4l, ktor\u00fd je v\u017edy jedine\u010dn\u00fd vo va\u0161om prostred\u00ed. Rovnako ako strom formovan\u00fd pr\u00edrodou vy\u017earuje individualitu. Zlat\u00e1 farba sa nan\u00e1\u0161a opatrn\u00fdmi \u0165ahmi \u0161tetca a konferen\u010dn\u00fd stol\u00edk sa tak e\u0161te viac leskne.<\/p>\n<p>Konferen\u010dn\u00fd stol\u00edk, odkladac\u00ed k\u00f4\u0161 a podnos v jednom. \u0160peci\u00e1lnym vrcholom stola je bezpochyby jeho univerz\u00e1lnos\u0165. Do ve\u013ek\u00e9ho bankov\u00e9ho tela m\u00f4\u017eete ulo\u017ei\u0165 deky, vank\u00fa\u0161e alebo \u010dasopisy. Bielu dosku stola je mo\u017en\u00e9 od\u0148a\u0165 a pou\u017ei\u0165 ako elegantn\u00fd podnos. Za\u017eite mno\u017estvo mo\u017enost\u00ed, ktor\u00e9 v\u00e1m konferen\u010dn\u00fd stol\u00edk STORAGE pon\u00faka a z\u00fatulnite svoj domov dizajnov\u00fdm k\u00faskom, ktor\u00fd up\u00fata pozornos\u0165 ka\u017ed\u00e9ho.<\/p>\n<h4><strong>Detaily produktu:<\/strong><\/h4>\n<p>Preto\u017ee je vyroben\u00fd ru\u010dne, ka\u017ed\u00e1 tabu\u013eka je jedine\u010dn\u00e1. M\u00f4\u017eu by\u0165 pr\u00edtomn\u00e9 hr\u010dky a mal\u00e9 \u0161krabance, ktor\u00e9 vytv\u00e1raj\u00fa originalitu a vytv\u00e1raj\u00fa \u010daro ru\u010dne vyr\u00e1ban\u00fdch v\u00fdrobkov. M\u00f4\u017eu sa vyskytn\u00fa\u0165 farebn\u00e9 odch\u00fdlky. \u017diadna z t\u00fdchto skuto\u010dnost\u00ed nie je d\u00f4vodom na reklam\u00e1ciu. Vhodn\u00e9 bytov\u00e9 doplnky len zd\u00f4raznia v\u00fdnimo\u010dn\u00fd a elegantn\u00fd vzh\u013ead tohto konferen\u010dn\u00e9ho stol\u00edka. Pora\u010fte sa s na\u0161imi odborn\u00edkmi, ktor\u00ed v\u00e1m ochotne pom\u00f4\u017eu pri v\u00fdbere spr\u00e1vnych bytov\u00fdch doplnkov do va\u0161ej dom\u00e1cnosti pre kombinovanie s t\u00fdmto konferen\u010dn\u00fdm stol\u00edkom.<\/p>\n<p><strong>Rozmery (cca):<\/strong><br \/>\n41cm x 33cm x 41cm (\u0160xVxH)<br \/>\n<strong>Priemer:<\/strong> 37cm<\/p>\n<p><b>Farba:\u00a0<\/b>biela, zlat\u00e1<br \/>\n<b>Materi\u00e1l: <\/b>kov<\/p>\n<p>Dodato\u010dn\u00e9 inform\u00e1cie:<\/p>\n<p>V pr\u00edpade z\u00e1ujmu o in\u00e9 stoly ako toaletn\u00e9, p\u00edsacie, konferen\u010dn\u00e9 stol\u00edky \u010di jed\u00e1lensk\u00e9 stoly, nav\u0161t\u00edvte sekciu stoly na <a href=\"https:\/\/www.ikuchyne.sk\/eshop\/kategoria\/stoly\/\">www.ikuchyne.sk\/eshop<\/a><br \/>\nV pr\u00edpade z\u00e1ujmu o n\u00e1bytok na mieru n\u00e1s kontaktuje na <a href=\"http:\/\/www.ikuchyne.sk\">www.ikuchyne.sk<\/a><\/p>\n","protected":false},"excerpt":{"rendered":"<p>Konferen\u010dn\u00fd stol\u00edk Storage II 41cm zlat\u00e1 biela \u00bb V\u0161eobecn\u00fd popis: Extravagantn\u00fd konferen\u010dn\u00fd stol\u00edk Storage II 41cm zlat\u00e1 biela v elegantnom zlatom preveden\u00ed. Doska stola sl\u00fa\u017ei ako odn\u00edmate\u013en\u00fd podnos. S dostatkom<\/p>\n","protected":false},"featured_media":147957,"comment_status":"closed","ping_status":"closed","template":"","meta":[],"product_cat":[3183],"product_tag":[562,188],"yoast_head":"<!-- This site is optimized with the Yoast SEO plugin v22.1 - https:\/\/yoast.com\/wordpress\/plugins\/seo\/ -->\n<title>Konferen\u010dn\u00fd stol\u00edk Storage 41cm zlat\u00e1 biela&#187; iKuchyne iSHOP s n\u00e1bytkom<\/title>\n<meta name=\"description\" content=\"MEGA V\u00ddPREDAJ - Konferen\u010dn\u00fd stol\u00edk Storage II 41cm zlat\u00e1 biela - r\u00fdchle dodanie, poradenstvo, n\u00e1bytok skladom v Bratislave s ikuchyne.sk - kuchyne na mieru\" \/>\n<meta name=\"robots\" content=\"index, follow, max-snippet:-1, max-image-preview:large, max-video-preview:-1\" \/>\n<link rel=\"canonical\" href=\"https:\/\/www.ikuchyne.sk\/eshop\/produkt\/mega-vypredaj-konferencny-stolik-storage-ii-41cm-zlata-biela\/\" \/>\n<meta property=\"og:locale\" content=\"sk_SK\" \/>\n<meta property=\"og:type\" content=\"article\" \/>\n<meta property=\"og:title\" content=\"Konferen\u010dn\u00fd stol\u00edk Storage 41cm zlat\u00e1 biela&#187; iKuchyne iSHOP s n\u00e1bytkom\" \/>\n<meta property=\"og:description\" content=\"MEGA V\u00ddPREDAJ - Konferen\u010dn\u00fd stol\u00edk Storage II 41cm zlat\u00e1 biela - r\u00fdchle dodanie, poradenstvo, n\u00e1bytok skladom v Bratislave s ikuchyne.sk - kuchyne na mieru\" \/>\n<meta property=\"og:url\" content=\"https:\/\/www.ikuchyne.sk\/eshop\/produkt\/mega-vypredaj-konferencny-stolik-storage-ii-41cm-zlata-biela\/\" \/>\n<meta property=\"og:site_name\" content=\"iKuchyne iSHOP s n\u00e1bytkom\" \/>\n<meta property=\"article:publisher\" content=\"https:\/\/www.facebook.com\/ikuchyne\/\" \/>\n<meta property=\"article:modified_time\" content=\"2024-12-03T06:53:48+00:00\" \/>\n<meta property=\"og:image\" content=\"https:\/\/www.ikuchyne.sk\/eshop\/wp-content\/uploads\/2020\/11\/Konferen\u010dn\u00fd-stol\u00edk-Storage-II-41cm-zlat\u00e1-biela-40360.jpg\" \/>\n\t<meta property=\"og:image:width\" content=\"800\" \/>\n\t<meta property=\"og:image:height\" content=\"533\" \/>\n\t<meta property=\"og:image:type\" content=\"image\/jpeg\" \/>\n<meta name=\"twitter:card\" content=\"summary_large_image\" \/>\n<meta name=\"twitter:label1\" content=\"Predpokladan\u00fd \u010das \u010d\u00edtania\" \/>\n\t<meta name=\"twitter:data1\" content=\"2 min\u00faty\" \/>\n<script type=\"application\/ld+json\" class=\"yoast-schema-graph\">{\"@context\":\"https:\/\/schema.org\",\"@graph\":[{\"@type\":\"WebPage\",\"@id\":\"https:\/\/www.ikuchyne.sk\/eshop\/produkt\/mega-vypredaj-konferencny-stolik-storage-ii-41cm-zlata-biela\/\",\"url\":\"https:\/\/www.ikuchyne.sk\/eshop\/produkt\/mega-vypredaj-konferencny-stolik-storage-ii-41cm-zlata-biela\/\",\"name\":\"Konferen\u010dn\u00fd stol\u00edk Storage 41cm zlat\u00e1 biela&#187; iKuchyne iSHOP s n\u00e1bytkom\",\"isPartOf\":{\"@id\":\"https:\/\/www.ikuchyne.sk\/eshop\/#website\"},\"datePublished\":\"2024-09-11T13:17:16+00:00\",\"dateModified\":\"2024-12-03T06:53:48+00:00\",\"description\":\"MEGA V\u00ddPREDAJ - Konferen\u010dn\u00fd stol\u00edk Storage II 41cm zlat\u00e1 biela - r\u00fdchle dodanie, poradenstvo, n\u00e1bytok skladom v Bratislave s ikuchyne.sk - kuchyne na mieru\",\"breadcrumb\":{\"@id\":\"https:\/\/www.ikuchyne.sk\/eshop\/produkt\/mega-vypredaj-konferencny-stolik-storage-ii-41cm-zlata-biela\/#breadcrumb\"},\"inLanguage\":\"sk-SK\",\"potentialAction\":[{\"@type\":\"ReadAction\",\"target\":[\"https:\/\/www.ikuchyne.sk\/eshop\/produkt\/mega-vypredaj-konferencny-stolik-storage-ii-41cm-zlata-biela\/\"]}]},{\"@type\":\"BreadcrumbList\",\"@id\":\"https:\/\/www.ikuchyne.sk\/eshop\/produkt\/mega-vypredaj-konferencny-stolik-storage-ii-41cm-zlata-biela\/#breadcrumb\",\"itemListElement\":[{\"@type\":\"ListItem\",\"position\":1,\"name\":\"Home\",\"item\":\"https:\/\/www.ikuchyne.sk\/eshop\/\"},{\"@type\":\"ListItem\",\"position\":2,\"name\":\"Obchod\",\"item\":\"https:\/\/www.ikuchyne.sk\/eshop\/obchod\/\"},{\"@type\":\"ListItem\",\"position\":3,\"name\":\"MEGA V\u00ddPREDAJ &#8211; Konferen\u010dn\u00fd stol\u00edk Storage II 41cm zlat\u00e1 biela\"}]},{\"@type\":\"WebSite\",\"@id\":\"https:\/\/www.ikuchyne.sk\/eshop\/#website\",\"url\":\"https:\/\/www.ikuchyne.sk\/eshop\/\",\"name\":\"iKuchyne iSHOP s n\u00e1bytkom\",\"description\":\"Jed\u00e1lensk\u00e9 stoly, stoli\u010dky, n\u00e1bytok, svietidl\u00e1...\",\"publisher\":{\"@id\":\"https:\/\/www.ikuchyne.sk\/eshop\/#organization\"},\"potentialAction\":[{\"@type\":\"SearchAction\",\"target\":{\"@type\":\"EntryPoint\",\"urlTemplate\":\"https:\/\/www.ikuchyne.sk\/eshop\/?s={search_term_string}\"},\"query-input\":\"required name=search_term_string\"}],\"inLanguage\":\"sk-SK\"},{\"@type\":\"Organization\",\"@id\":\"https:\/\/www.ikuchyne.sk\/eshop\/#organization\",\"name\":\"ikuchyne!\",\"url\":\"https:\/\/www.ikuchyne.sk\/eshop\/\",\"logo\":{\"@type\":\"ImageObject\",\"inLanguage\":\"sk-SK\",\"@id\":\"https:\/\/www.ikuchyne.sk\/eshop\/#\/schema\/logo\/image\/\",\"url\":\"https:\/\/www.ikuchyne.sk\/eshop\/wp-content\/uploads\/2017\/04\/ikuchyne-logo.jpg\",\"contentUrl\":\"https:\/\/www.ikuchyne.sk\/eshop\/wp-content\/uploads\/2017\/04\/ikuchyne-logo.jpg\",\"width\":200,\"height\":48,\"caption\":\"ikuchyne!\"},\"image\":{\"@id\":\"https:\/\/www.ikuchyne.sk\/eshop\/#\/schema\/logo\/image\/\"},\"sameAs\":[\"https:\/\/www.facebook.com\/ikuchyne\/\",\"https:\/\/www.instagram.com\/ikuchyne.sk\/\",\"https:\/\/sk.pinterest.com\/ikuchynesk\/\"]}]}<\/script>\n<!-- \/ Yoast SEO plugin. -->","yoast_head_json":{"title":"Konferen\u010dn\u00fd stol\u00edk Storage 41cm zlat\u00e1 biela&#187; iKuchyne iSHOP s n\u00e1bytkom","description":"MEGA V\u00ddPREDAJ - Konferen\u010dn\u00fd stol\u00edk Storage II 41cm zlat\u00e1 biela - r\u00fdchle dodanie, poradenstvo, n\u00e1bytok skladom v Bratislave s ikuchyne.sk - kuchyne na mieru","robots":{"index":"index","follow":"follow","max-snippet":"max-snippet:-1","max-image-preview":"max-image-preview:large","max-video-preview":"max-video-preview:-1"},"canonical":"https:\/\/www.ikuchyne.sk\/eshop\/produkt\/mega-vypredaj-konferencny-stolik-storage-ii-41cm-zlata-biela\/","og_locale":"sk_SK","og_type":"article","og_title":"Konferen\u010dn\u00fd stol\u00edk Storage 41cm zlat\u00e1 biela&#187; iKuchyne iSHOP s n\u00e1bytkom","og_description":"MEGA V\u00ddPREDAJ - Konferen\u010dn\u00fd stol\u00edk Storage II 41cm zlat\u00e1 biela - r\u00fdchle dodanie, poradenstvo, n\u00e1bytok skladom v Bratislave s ikuchyne.sk - kuchyne na mieru","og_url":"https:\/\/www.ikuchyne.sk\/eshop\/produkt\/mega-vypredaj-konferencny-stolik-storage-ii-41cm-zlata-biela\/","og_site_name":"iKuchyne iSHOP s n\u00e1bytkom","article_publisher":"https:\/\/www.facebook.com\/ikuchyne\/","article_modified_time":"2024-12-03T06:53:48+00:00","og_image":[{"width":800,"height":533,"url":"https:\/\/www.ikuchyne.sk\/eshop\/wp-content\/uploads\/2020\/11\/Konferen\u010dn\u00fd-stol\u00edk-Storage-II-41cm-zlat\u00e1-biela-40360.jpg","type":"image\/jpeg"}],"twitter_card":"summary_large_image","twitter_misc":{"Predpokladan\u00fd \u010das \u010d\u00edtania":"2 min\u00faty"},"schema":{"@context":"https:\/\/schema.org","@graph":[{"@type":"WebPage","@id":"https:\/\/www.ikuchyne.sk\/eshop\/produkt\/mega-vypredaj-konferencny-stolik-storage-ii-41cm-zlata-biela\/","url":"https:\/\/www.ikuchyne.sk\/eshop\/produkt\/mega-vypredaj-konferencny-stolik-storage-ii-41cm-zlata-biela\/","name":"Konferen\u010dn\u00fd stol\u00edk Storage 41cm zlat\u00e1 biela&#187; iKuchyne iSHOP s n\u00e1bytkom","isPartOf":{"@id":"https:\/\/www.ikuchyne.sk\/eshop\/#website"},"datePublished":"2024-09-11T13:17:16+00:00","dateModified":"2024-12-03T06:53:48+00:00","description":"MEGA V\u00ddPREDAJ - Konferen\u010dn\u00fd stol\u00edk Storage II 41cm zlat\u00e1 biela - r\u00fdchle dodanie, poradenstvo, n\u00e1bytok skladom v Bratislave s ikuchyne.sk - kuchyne na mieru","breadcrumb":{"@id":"https:\/\/www.ikuchyne.sk\/eshop\/produkt\/mega-vypredaj-konferencny-stolik-storage-ii-41cm-zlata-biela\/#breadcrumb"},"inLanguage":"sk-SK","potentialAction":[{"@type":"ReadAction","target":["https:\/\/www.ikuchyne.sk\/eshop\/produkt\/mega-vypredaj-konferencny-stolik-storage-ii-41cm-zlata-biela\/"]}]},{"@type":"BreadcrumbList","@id":"https:\/\/www.ikuchyne.sk\/eshop\/produkt\/mega-vypredaj-konferencny-stolik-storage-ii-41cm-zlata-biela\/#breadcrumb","itemListElement":[{"@type":"ListItem","position":1,"name":"Home","item":"https:\/\/www.ikuchyne.sk\/eshop\/"},{"@type":"ListItem","position":2,"name":"Obchod","item":"https:\/\/www.ikuchyne.sk\/eshop\/obchod\/"},{"@type":"ListItem","position":3,"name":"MEGA V\u00ddPREDAJ &#8211; Konferen\u010dn\u00fd stol\u00edk Storage II 41cm zlat\u00e1 biela"}]},{"@type":"WebSite","@id":"https:\/\/www.ikuchyne.sk\/eshop\/#website","url":"https:\/\/www.ikuchyne.sk\/eshop\/","name":"iKuchyne iSHOP s n\u00e1bytkom","description":"Jed\u00e1lensk\u00e9 stoly, stoli\u010dky, n\u00e1bytok, svietidl\u00e1...","publisher":{"@id":"https:\/\/www.ikuchyne.sk\/eshop\/#organization"},"potentialAction":[{"@type":"SearchAction","target":{"@type":"EntryPoint","urlTemplate":"https:\/\/www.ikuchyne.sk\/eshop\/?s={search_term_string}"},"query-input":"required name=search_term_string"}],"inLanguage":"sk-SK"},{"@type":"Organization","@id":"https:\/\/www.ikuchyne.sk\/eshop\/#organization","name":"ikuchyne!","url":"https:\/\/www.ikuchyne.sk\/eshop\/","logo":{"@type":"ImageObject","inLanguage":"sk-SK","@id":"https:\/\/www.ikuchyne.sk\/eshop\/#\/schema\/logo\/image\/","url":"https:\/\/www.ikuchyne.sk\/eshop\/wp-content\/uploads\/2017\/04\/ikuchyne-logo.jpg","contentUrl":"https:\/\/www.ikuchyne.sk\/eshop\/wp-content\/uploads\/2017\/04\/ikuchyne-logo.jpg","width":200,"height":48,"caption":"ikuchyne!"},"image":{"@id":"https:\/\/www.ikuchyne.sk\/eshop\/#\/schema\/logo\/image\/"},"sameAs":["https:\/\/www.facebook.com\/ikuchyne\/","https:\/\/www.instagram.com\/ikuchyne.sk\/","https:\/\/sk.pinterest.com\/ikuchynesk\/"]}]}},"_links":{"self":[{"href":"https:\/\/www.ikuchyne.sk\/eshop\/wp-json\/wp\/v2\/product\/167159"}],"collection":[{"href":"https:\/\/www.ikuchyne.sk\/eshop\/wp-json\/wp\/v2\/product"}],"about":[{"href":"https:\/\/www.ikuchyne.sk\/eshop\/wp-json\/wp\/v2\/types\/product"}],"replies":[{"embeddable":true,"href":"https:\/\/www.ikuchyne.sk\/eshop\/wp-json\/wp\/v2\/comments?post=167159"}],"wp:featuredmedia":[{"embeddable":true,"href":"https:\/\/www.ikuchyne.sk\/eshop\/wp-json\/wp\/v2\/media\/147957"}],"wp:attachment":[{"href":"https:\/\/www.ikuchyne.sk\/eshop\/wp-json\/wp\/v2\/media?parent=167159"}],"wp:term":[{"taxonomy":"product_cat","embeddable":true,"href":"https:\/\/www.ikuchyne.sk\/eshop\/wp-json\/wp\/v2\/product_cat?post=167159"},{"taxonomy":"product_tag","embeddable":true,"href":"https:\/\/www.ikuchyne.sk\/eshop\/wp-json\/wp\/v2\/product_tag?post=167159"}],"curies":[{"name":"wp","href":"https:\/\/api.w.org\/{rel}","templated":true}]}}