{"id":167166,"date":"2024-09-11T15:43:20","date_gmt":"2024-09-11T13:43:20","guid":{"rendered":"https:\/\/www.ikuchyne.sk\/eshop\/?post_type=product&#038;p=167166"},"modified":"2024-09-11T15:44:20","modified_gmt":"2024-09-11T13:44:20","slug":"mega-vypredaj-biela-stolova-lampa-carla-60-cm","status":"publish","type":"product","link":"https:\/\/www.ikuchyne.sk\/eshop\/produkt\/mega-vypredaj-biela-stolova-lampa-carla-60-cm\/","title":{"rendered":"MEGA V\u00ddPREDAJ &#8211; Biela stolov\u00e1 lampa Carla 60 cm"},"content":{"rendered":"<h1>Biela stolov\u00e1 lampa Carla 60 cm<\/h1>\n<p><strong>V\u0161eobecn\u00fd opis stolovej lampy:<\/strong><br \/>\n\u0160t\u00fdlov\u00e1 kovov\u00e1 stolov\u00e1 lampa Carla sa vyr\u00e1ba v\u00a0dvoch farebn\u00fdch prevedeniach. Elegantn\u00e1 biela, \u010di tajomn\u00e1 \u010dierna lampa s\u00fa ide\u00e1lnou vo\u013ebou do moderne zariaden\u00fdch interi\u00e9rov. L\u00e1tkov\u00e9 tienidlo spolu s leskl\u00fdm povrchom lampy tvoria dokonal\u00fd komplet obl\u00fdch tvarov. Ide\u00e1lne miesto pre umiestnenie tejto nad\u010dasovej stolovej lampy je konferen\u010dn\u00fd stol\u00edk pri pohovke alebo v\u00a0sp\u00e1lni na komode.\u00a0Svietidlo je prisp\u00f4soben\u00e9 na \u017eiarovku so z\u00e1vitom E27. Dod\u00e1va sa bez \u017eiarovky.<\/p>\n<p><strong>\u010eal\u0161ie inform\u00e1cie:<br \/>\n<\/strong>V pr\u00edpade zne\u010distenia, pou\u017eite prachovku alebo pr\u00edpravky na \u010distenie svietidiel a m\u00e4kk\u00fa handri\u010dku. Nikdy nemanipulujte so svietidlom pod nap\u00e4t\u00edm.<\/p>\n<p><b>Rozmery stolovej lampy:<br \/>\n<\/b>30 x 60 x 30 cm (\u0160xVxH)<b><br \/>\nrozmer tienidla:<br \/>\n<\/b>30 x 20 x 30 cm (\u0160xVxH)<b><br \/>\n<\/b><\/p>\n<p><strong>Technick\u00e9 parametre:<br \/>\n<\/strong>zdroj: 1 x E27 max. 40W<\/p>\n<p><b>Materi\u00e1l:<\/b>\u00a0pl\u00e1tno, kov<\/p>\n<p><b>Farba:\u00a0<\/b>biela<\/p>\n","protected":false},"excerpt":{"rendered":"<p>Biela stolov\u00e1 lampa Carla 60 cm V\u0161eobecn\u00fd opis stolovej lampy: \u0160t\u00fdlov\u00e1 kovov\u00e1 stolov\u00e1 lampa Carla sa vyr\u00e1ba v\u00a0dvoch farebn\u00fdch prevedeniach. Elegantn\u00e1 biela, \u010di tajomn\u00e1 \u010dierna lampa s\u00fa ide\u00e1lnou vo\u013ebou do<\/p>\n","protected":false},"featured_media":6068,"comment_status":"open","ping_status":"closed","template":"","meta":[],"product_cat":[3183],"product_tag":[],"yoast_head":"<!-- This site is optimized with the Yoast SEO plugin v22.1 - https:\/\/yoast.com\/wordpress\/plugins\/seo\/ -->\n<title>MEGA V\u00ddPREDAJ - Biela stolov\u00e1 lampa Carla 60 cm &#187; iKuchyne iSHOP s n\u00e1bytkom<\/title>\n<meta name=\"description\" content=\"K\u00fapte si u n\u00e1s MEGA V\u00ddPREDAJ - Biela stolov\u00e1 lampa Carla 60 cm za akciov\u00fa cenu. R\u00fdchle dodanie tovaru, odborn\u00e9 poradenstvo a stovky produktov skladom. MEGA V\u00ddPREDAJ - Biela stolov\u00e1 lampa Carla 60 cm sa stane dominantou V\u00e1\u0161ho interi\u00e9ru. Internetov\u00fd obchod ikuchyne! pon\u00faka odber MEGA V\u00ddPREDAJ - Biela stolov\u00e1 lampa Carla 60 cm u\u017e od 1 kusu.\" \/>\n<meta name=\"robots\" content=\"index, follow, max-snippet:-1, max-image-preview:large, max-video-preview:-1\" \/>\n<link rel=\"canonical\" href=\"https:\/\/www.ikuchyne.sk\/eshop\/produkt\/mega-vypredaj-biela-stolova-lampa-carla-60-cm\/\" \/>\n<meta property=\"og:locale\" content=\"sk_SK\" \/>\n<meta property=\"og:type\" content=\"article\" \/>\n<meta property=\"og:title\" content=\"MEGA V\u00ddPREDAJ - Biela stolov\u00e1 lampa Carla 60 cm &#187; iKuchyne iSHOP s n\u00e1bytkom\" \/>\n<meta property=\"og:description\" content=\"K\u00fapte si u n\u00e1s MEGA V\u00ddPREDAJ - Biela stolov\u00e1 lampa Carla 60 cm za akciov\u00fa cenu. R\u00fdchle dodanie tovaru, odborn\u00e9 poradenstvo a stovky produktov skladom. MEGA V\u00ddPREDAJ - Biela stolov\u00e1 lampa Carla 60 cm sa stane dominantou V\u00e1\u0161ho interi\u00e9ru. Internetov\u00fd obchod ikuchyne! pon\u00faka odber MEGA V\u00ddPREDAJ - Biela stolov\u00e1 lampa Carla 60 cm u\u017e od 1 kusu.\" \/>\n<meta property=\"og:url\" content=\"https:\/\/www.ikuchyne.sk\/eshop\/produkt\/mega-vypredaj-biela-stolova-lampa-carla-60-cm\/\" \/>\n<meta property=\"og:site_name\" content=\"iKuchyne iSHOP s n\u00e1bytkom\" \/>\n<meta property=\"article:publisher\" content=\"https:\/\/www.facebook.com\/ikuchyne\/\" \/>\n<meta property=\"article:modified_time\" content=\"2024-09-11T13:44:20+00:00\" \/>\n<meta name=\"twitter:card\" content=\"summary_large_image\" \/>\n<meta name=\"twitter:label1\" content=\"Predpokladan\u00fd \u010das \u010d\u00edtania\" \/>\n\t<meta name=\"twitter:data1\" content=\"1 min\u00fata\" \/>\n<script type=\"application\/ld+json\" class=\"yoast-schema-graph\">{\"@context\":\"https:\/\/schema.org\",\"@graph\":[{\"@type\":\"WebPage\",\"@id\":\"https:\/\/www.ikuchyne.sk\/eshop\/produkt\/mega-vypredaj-biela-stolova-lampa-carla-60-cm\/\",\"url\":\"https:\/\/www.ikuchyne.sk\/eshop\/produkt\/mega-vypredaj-biela-stolova-lampa-carla-60-cm\/\",\"name\":\"MEGA V\u00ddPREDAJ - Biela stolov\u00e1 lampa Carla 60 cm &#187; iKuchyne iSHOP s n\u00e1bytkom\",\"isPartOf\":{\"@id\":\"https:\/\/www.ikuchyne.sk\/eshop\/#website\"},\"datePublished\":\"2024-09-11T13:43:20+00:00\",\"dateModified\":\"2024-09-11T13:44:20+00:00\",\"description\":\"K\u00fapte si u n\u00e1s MEGA V\u00ddPREDAJ - Biela stolov\u00e1 lampa Carla 60 cm za akciov\u00fa cenu. R\u00fdchle dodanie tovaru, odborn\u00e9 poradenstvo a stovky produktov skladom. MEGA V\u00ddPREDAJ - Biela stolov\u00e1 lampa Carla 60 cm sa stane dominantou V\u00e1\u0161ho interi\u00e9ru. Internetov\u00fd obchod ikuchyne! pon\u00faka odber MEGA V\u00ddPREDAJ - Biela stolov\u00e1 lampa Carla 60 cm u\u017e od 1 kusu.\",\"breadcrumb\":{\"@id\":\"https:\/\/www.ikuchyne.sk\/eshop\/produkt\/mega-vypredaj-biela-stolova-lampa-carla-60-cm\/#breadcrumb\"},\"inLanguage\":\"sk-SK\",\"potentialAction\":[{\"@type\":\"ReadAction\",\"target\":[\"https:\/\/www.ikuchyne.sk\/eshop\/produkt\/mega-vypredaj-biela-stolova-lampa-carla-60-cm\/\"]}]},{\"@type\":\"BreadcrumbList\",\"@id\":\"https:\/\/www.ikuchyne.sk\/eshop\/produkt\/mega-vypredaj-biela-stolova-lampa-carla-60-cm\/#breadcrumb\",\"itemListElement\":[{\"@type\":\"ListItem\",\"position\":1,\"name\":\"Home\",\"item\":\"https:\/\/www.ikuchyne.sk\/eshop\/\"},{\"@type\":\"ListItem\",\"position\":2,\"name\":\"Obchod\",\"item\":\"https:\/\/www.ikuchyne.sk\/eshop\/obchod\/\"},{\"@type\":\"ListItem\",\"position\":3,\"name\":\"MEGA V\u00ddPREDAJ &#8211; Biela stolov\u00e1 lampa Carla 60 cm\"}]},{\"@type\":\"WebSite\",\"@id\":\"https:\/\/www.ikuchyne.sk\/eshop\/#website\",\"url\":\"https:\/\/www.ikuchyne.sk\/eshop\/\",\"name\":\"iKuchyne iSHOP s n\u00e1bytkom\",\"description\":\"Jed\u00e1lensk\u00e9 stoly, stoli\u010dky, n\u00e1bytok, svietidl\u00e1...\",\"publisher\":{\"@id\":\"https:\/\/www.ikuchyne.sk\/eshop\/#organization\"},\"potentialAction\":[{\"@type\":\"SearchAction\",\"target\":{\"@type\":\"EntryPoint\",\"urlTemplate\":\"https:\/\/www.ikuchyne.sk\/eshop\/?s={search_term_string}\"},\"query-input\":\"required name=search_term_string\"}],\"inLanguage\":\"sk-SK\"},{\"@type\":\"Organization\",\"@id\":\"https:\/\/www.ikuchyne.sk\/eshop\/#organization\",\"name\":\"ikuchyne!\",\"url\":\"https:\/\/www.ikuchyne.sk\/eshop\/\",\"logo\":{\"@type\":\"ImageObject\",\"inLanguage\":\"sk-SK\",\"@id\":\"https:\/\/www.ikuchyne.sk\/eshop\/#\/schema\/logo\/image\/\",\"url\":\"https:\/\/www.ikuchyne.sk\/eshop\/wp-content\/uploads\/2017\/04\/ikuchyne-logo.jpg\",\"contentUrl\":\"https:\/\/www.ikuchyne.sk\/eshop\/wp-content\/uploads\/2017\/04\/ikuchyne-logo.jpg\",\"width\":200,\"height\":48,\"caption\":\"ikuchyne!\"},\"image\":{\"@id\":\"https:\/\/www.ikuchyne.sk\/eshop\/#\/schema\/logo\/image\/\"},\"sameAs\":[\"https:\/\/www.facebook.com\/ikuchyne\/\",\"https:\/\/www.instagram.com\/ikuchyne.sk\/\",\"https:\/\/sk.pinterest.com\/ikuchynesk\/\"]}]}<\/script>\n<!-- \/ Yoast SEO plugin. -->","yoast_head_json":{"title":"MEGA V\u00ddPREDAJ - Biela stolov\u00e1 lampa Carla 60 cm &#187; iKuchyne iSHOP s n\u00e1bytkom","description":"K\u00fapte si u n\u00e1s MEGA V\u00ddPREDAJ - Biela stolov\u00e1 lampa Carla 60 cm za akciov\u00fa cenu. R\u00fdchle dodanie tovaru, odborn\u00e9 poradenstvo a stovky produktov skladom. MEGA V\u00ddPREDAJ - Biela stolov\u00e1 lampa Carla 60 cm sa stane dominantou V\u00e1\u0161ho interi\u00e9ru. Internetov\u00fd obchod ikuchyne! pon\u00faka odber MEGA V\u00ddPREDAJ - Biela stolov\u00e1 lampa Carla 60 cm u\u017e od 1 kusu.","robots":{"index":"index","follow":"follow","max-snippet":"max-snippet:-1","max-image-preview":"max-image-preview:large","max-video-preview":"max-video-preview:-1"},"canonical":"https:\/\/www.ikuchyne.sk\/eshop\/produkt\/mega-vypredaj-biela-stolova-lampa-carla-60-cm\/","og_locale":"sk_SK","og_type":"article","og_title":"MEGA V\u00ddPREDAJ - Biela stolov\u00e1 lampa Carla 60 cm &#187; iKuchyne iSHOP s n\u00e1bytkom","og_description":"K\u00fapte si u n\u00e1s MEGA V\u00ddPREDAJ - Biela stolov\u00e1 lampa Carla 60 cm za akciov\u00fa cenu. R\u00fdchle dodanie tovaru, odborn\u00e9 poradenstvo a stovky produktov skladom. MEGA V\u00ddPREDAJ - Biela stolov\u00e1 lampa Carla 60 cm sa stane dominantou V\u00e1\u0161ho interi\u00e9ru. Internetov\u00fd obchod ikuchyne! pon\u00faka odber MEGA V\u00ddPREDAJ - Biela stolov\u00e1 lampa Carla 60 cm u\u017e od 1 kusu.","og_url":"https:\/\/www.ikuchyne.sk\/eshop\/produkt\/mega-vypredaj-biela-stolova-lampa-carla-60-cm\/","og_site_name":"iKuchyne iSHOP s n\u00e1bytkom","article_publisher":"https:\/\/www.facebook.com\/ikuchyne\/","article_modified_time":"2024-09-11T13:44:20+00:00","twitter_card":"summary_large_image","twitter_misc":{"Predpokladan\u00fd \u010das \u010d\u00edtania":"1 min\u00fata"},"schema":{"@context":"https:\/\/schema.org","@graph":[{"@type":"WebPage","@id":"https:\/\/www.ikuchyne.sk\/eshop\/produkt\/mega-vypredaj-biela-stolova-lampa-carla-60-cm\/","url":"https:\/\/www.ikuchyne.sk\/eshop\/produkt\/mega-vypredaj-biela-stolova-lampa-carla-60-cm\/","name":"MEGA V\u00ddPREDAJ - Biela stolov\u00e1 lampa Carla 60 cm &#187; iKuchyne iSHOP s n\u00e1bytkom","isPartOf":{"@id":"https:\/\/www.ikuchyne.sk\/eshop\/#website"},"datePublished":"2024-09-11T13:43:20+00:00","dateModified":"2024-09-11T13:44:20+00:00","description":"K\u00fapte si u n\u00e1s MEGA V\u00ddPREDAJ - Biela stolov\u00e1 lampa Carla 60 cm za akciov\u00fa cenu. R\u00fdchle dodanie tovaru, odborn\u00e9 poradenstvo a stovky produktov skladom. MEGA V\u00ddPREDAJ - Biela stolov\u00e1 lampa Carla 60 cm sa stane dominantou V\u00e1\u0161ho interi\u00e9ru. Internetov\u00fd obchod ikuchyne! pon\u00faka odber MEGA V\u00ddPREDAJ - Biela stolov\u00e1 lampa Carla 60 cm u\u017e od 1 kusu.","breadcrumb":{"@id":"https:\/\/www.ikuchyne.sk\/eshop\/produkt\/mega-vypredaj-biela-stolova-lampa-carla-60-cm\/#breadcrumb"},"inLanguage":"sk-SK","potentialAction":[{"@type":"ReadAction","target":["https:\/\/www.ikuchyne.sk\/eshop\/produkt\/mega-vypredaj-biela-stolova-lampa-carla-60-cm\/"]}]},{"@type":"BreadcrumbList","@id":"https:\/\/www.ikuchyne.sk\/eshop\/produkt\/mega-vypredaj-biela-stolova-lampa-carla-60-cm\/#breadcrumb","itemListElement":[{"@type":"ListItem","position":1,"name":"Home","item":"https:\/\/www.ikuchyne.sk\/eshop\/"},{"@type":"ListItem","position":2,"name":"Obchod","item":"https:\/\/www.ikuchyne.sk\/eshop\/obchod\/"},{"@type":"ListItem","position":3,"name":"MEGA V\u00ddPREDAJ &#8211; Biela stolov\u00e1 lampa Carla 60 cm"}]},{"@type":"WebSite","@id":"https:\/\/www.ikuchyne.sk\/eshop\/#website","url":"https:\/\/www.ikuchyne.sk\/eshop\/","name":"iKuchyne iSHOP s n\u00e1bytkom","description":"Jed\u00e1lensk\u00e9 stoly, stoli\u010dky, n\u00e1bytok, svietidl\u00e1...","publisher":{"@id":"https:\/\/www.ikuchyne.sk\/eshop\/#organization"},"potentialAction":[{"@type":"SearchAction","target":{"@type":"EntryPoint","urlTemplate":"https:\/\/www.ikuchyne.sk\/eshop\/?s={search_term_string}"},"query-input":"required name=search_term_string"}],"inLanguage":"sk-SK"},{"@type":"Organization","@id":"https:\/\/www.ikuchyne.sk\/eshop\/#organization","name":"ikuchyne!","url":"https:\/\/www.ikuchyne.sk\/eshop\/","logo":{"@type":"ImageObject","inLanguage":"sk-SK","@id":"https:\/\/www.ikuchyne.sk\/eshop\/#\/schema\/logo\/image\/","url":"https:\/\/www.ikuchyne.sk\/eshop\/wp-content\/uploads\/2017\/04\/ikuchyne-logo.jpg","contentUrl":"https:\/\/www.ikuchyne.sk\/eshop\/wp-content\/uploads\/2017\/04\/ikuchyne-logo.jpg","width":200,"height":48,"caption":"ikuchyne!"},"image":{"@id":"https:\/\/www.ikuchyne.sk\/eshop\/#\/schema\/logo\/image\/"},"sameAs":["https:\/\/www.facebook.com\/ikuchyne\/","https:\/\/www.instagram.com\/ikuchyne.sk\/","https:\/\/sk.pinterest.com\/ikuchynesk\/"]}]}},"_links":{"self":[{"href":"https:\/\/www.ikuchyne.sk\/eshop\/wp-json\/wp\/v2\/product\/167166"}],"collection":[{"href":"https:\/\/www.ikuchyne.sk\/eshop\/wp-json\/wp\/v2\/product"}],"about":[{"href":"https:\/\/www.ikuchyne.sk\/eshop\/wp-json\/wp\/v2\/types\/product"}],"replies":[{"embeddable":true,"href":"https:\/\/www.ikuchyne.sk\/eshop\/wp-json\/wp\/v2\/comments?post=167166"}],"wp:featuredmedia":[{"embeddable":true,"href":"https:\/\/www.ikuchyne.sk\/eshop\/wp-json\/"}],"wp:attachment":[{"href":"https:\/\/www.ikuchyne.sk\/eshop\/wp-json\/wp\/v2\/media?parent=167166"}],"wp:term":[{"taxonomy":"product_cat","embeddable":true,"href":"https:\/\/www.ikuchyne.sk\/eshop\/wp-json\/wp\/v2\/product_cat?post=167166"},{"taxonomy":"product_tag","embeddable":true,"href":"https:\/\/www.ikuchyne.sk\/eshop\/wp-json\/wp\/v2\/product_tag?post=167166"}],"curies":[{"name":"wp","href":"https:\/\/api.w.org\/{rel}","templated":true}]}}