{"id":167179,"date":"2024-09-11T16:06:30","date_gmt":"2024-09-11T14:06:30","guid":{"rendered":"https:\/\/www.ikuchyne.sk\/eshop\/?post_type=product&#038;p=167179"},"modified":"2024-09-11T16:07:25","modified_gmt":"2024-09-11T14:07:25","slug":"mega-vypredaj-stollechte-roots-ii-naplavene-drevo-gestell","status":"publish","type":"product","link":"https:\/\/www.ikuchyne.sk\/eshop\/produkt\/mega-vypredaj-stollechte-roots-ii-naplavene-drevo-gestell\/","title":{"rendered":"MEGA V\u00ddPREDAJ &#8211; st\u00f4llechte Roots II naplaven\u00e9 drevo GESTELL"},"content":{"rendered":"<p>~~~~~~~~~~~~~~~~~~~~~~~~~~~~~~~~~~<br \/>\nLieferung erfolgt OHNE LAMPENSCHIRM<br \/>\n~~~~~~~~~~~~~~~~~~~~~~~~~~~~~~~~~~<\/p>\n<p><b> :<br \/>\n20 x 47 x 21 cm (\u0160xV)<br \/>\ncelkov\u00e1 v\u00fd\u0161ka: 120cm<br \/>\n<b><br \/>\nnaplaven\u00e9 drevo, teakov\u00e9 drevo (TECTONA GRANDIS) Lichtquelle: 1 x E27 max. 60W ~~~~~~~~~~~~~~~~~~~~~~~~~~~~~~~~~~ Passende tienidloe finden Sie in unserem Shop: Stolov\u00e1 lampa Roots siv\u00e1 SCHIRM- 39727 Stolov\u00e1 lampa Roots pr\u00edrodn\u00e1 SCHIRM- 39728 ~~~~~~~~~~~~~~~~~~~~~~~~~~~~~~~~~~<br \/>\n<b>Rozmery<\/b> (cca): ~~~~~~~~~~~~~~~~~~~~~~~~~~~~~~~~~~<br \/>\nLieferung erfolgt OHNE LAMPENSCHIRM<br \/>\n~~~~~~~~~~~~~~~~~~~~~~~~~~~~~~~~~~<\/p>\n<p><b> :<br \/>\n20 x 47 x 21 cm (\u0160xV)<br \/>\ncelkov\u00e1 v\u00fd\u0161ka: 120cm<br \/>\n<b><b>Farba:<\/b> pr\u00edrodn\u00e1<br \/>\n<b>Materi\u00e1l:<\/b> naplaven\u00e9 drevo, teakov\u00e9 drevo (TECTONA GRANDIS) Lichtquelle: 1 x E27 max. 60W ~~~~~~~~~~~~~~~~~~~~~~~~~~~~~~~~~~ Passende tienidloe finden Sie in unserem Shop: Stolov\u00e1 lampa Roots siv\u00e1 SCHIRM- 39727 Stolov\u00e1 lampa Roots pr\u00edrodn\u00e1 SCHIRM- 39728 ~~~~~~~~~~~~~~~~~~~~~~~~~~~~~~~~~~<\/b><\/b><\/b><\/b><\/p>\n","protected":false},"excerpt":{"rendered":"<p>~~~~~~~~~~~~~~~~~~~~~~~~~~~~~~~~~~ Lieferung erfolgt OHNE LAMPENSCHIRM ~~~~~~~~~~~~~~~~~~~~~~~~~~~~~~~~~~ : 20 x 47 x 21 cm (\u0160xV) celkov\u00e1 v\u00fd\u0161ka: 120cm naplaven\u00e9 drevo, teakov\u00e9 drevo (TECTONA GRANDIS) Lichtquelle: 1 x E27 max. 60W ~~~~~~~~~~~~~~~~~~~~~~~~~~~~~~~~~~<\/p>\n","protected":false},"featured_media":158409,"comment_status":"closed","ping_status":"closed","template":"","meta":[],"product_cat":[3183],"product_tag":[261],"yoast_head":"<!-- This site is optimized with the Yoast SEO plugin v22.1 - https:\/\/yoast.com\/wordpress\/plugins\/seo\/ -->\n<title>MEGA V\u00ddPREDAJ - st\u00f4llechte Roots II naplaven\u00e9 drevo GESTELL &#187; iKuchyne iSHOP s n\u00e1bytkom<\/title>\n<meta name=\"description\" content=\"K\u00fapte si u n\u00e1s MEGA V\u00ddPREDAJ - st\u00f4llechte Roots II naplaven\u00e9 drevo GESTELL za akciov\u00fa cenu. R\u00fdchle dodanie tovaru, odborn\u00e9 poradenstvo a stovky produktov skladom. MEGA V\u00ddPREDAJ - st\u00f4llechte Roots II naplaven\u00e9 drevo GESTELL sa stane dominantou V\u00e1\u0161ho interi\u00e9ru. Internetov\u00fd obchod ikuchyne! pon\u00faka odber MEGA V\u00ddPREDAJ - st\u00f4llechte Roots II naplaven\u00e9 drevo GESTELL u\u017e od 1 kusu.\" \/>\n<meta name=\"robots\" content=\"index, follow, max-snippet:-1, max-image-preview:large, max-video-preview:-1\" \/>\n<link rel=\"canonical\" href=\"https:\/\/www.ikuchyne.sk\/eshop\/produkt\/mega-vypredaj-stollechte-roots-ii-naplavene-drevo-gestell\/\" \/>\n<meta property=\"og:locale\" content=\"sk_SK\" \/>\n<meta property=\"og:type\" content=\"article\" \/>\n<meta property=\"og:title\" content=\"MEGA V\u00ddPREDAJ - st\u00f4llechte Roots II naplaven\u00e9 drevo GESTELL &#187; iKuchyne iSHOP s n\u00e1bytkom\" \/>\n<meta property=\"og:description\" content=\"K\u00fapte si u n\u00e1s MEGA V\u00ddPREDAJ - st\u00f4llechte Roots II naplaven\u00e9 drevo GESTELL za akciov\u00fa cenu. R\u00fdchle dodanie tovaru, odborn\u00e9 poradenstvo a stovky produktov skladom. MEGA V\u00ddPREDAJ - st\u00f4llechte Roots II naplaven\u00e9 drevo GESTELL sa stane dominantou V\u00e1\u0161ho interi\u00e9ru. Internetov\u00fd obchod ikuchyne! pon\u00faka odber MEGA V\u00ddPREDAJ - st\u00f4llechte Roots II naplaven\u00e9 drevo GESTELL u\u017e od 1 kusu.\" \/>\n<meta property=\"og:url\" content=\"https:\/\/www.ikuchyne.sk\/eshop\/produkt\/mega-vypredaj-stollechte-roots-ii-naplavene-drevo-gestell\/\" \/>\n<meta property=\"og:site_name\" content=\"iKuchyne iSHOP s n\u00e1bytkom\" \/>\n<meta property=\"article:publisher\" content=\"https:\/\/www.facebook.com\/ikuchyne\/\" \/>\n<meta property=\"article:modified_time\" content=\"2024-09-11T14:07:25+00:00\" \/>\n<meta property=\"og:image\" content=\"https:\/\/www.ikuchyne.sk\/eshop\/wp-content\/uploads\/2022\/10\/st\u00f4llechte-Roots-II-naplaven\u00e9-drevo-GESTELL-42330.jpg\" \/>\n\t<meta property=\"og:image:width\" content=\"800\" \/>\n\t<meta property=\"og:image:height\" content=\"533\" \/>\n\t<meta property=\"og:image:type\" content=\"image\/jpeg\" \/>\n<meta name=\"twitter:card\" content=\"summary_large_image\" \/>\n<meta name=\"twitter:label1\" content=\"Predpokladan\u00fd \u010das \u010d\u00edtania\" \/>\n\t<meta name=\"twitter:data1\" content=\"1 min\u00fata\" \/>\n<script type=\"application\/ld+json\" class=\"yoast-schema-graph\">{\"@context\":\"https:\/\/schema.org\",\"@graph\":[{\"@type\":\"WebPage\",\"@id\":\"https:\/\/www.ikuchyne.sk\/eshop\/produkt\/mega-vypredaj-stollechte-roots-ii-naplavene-drevo-gestell\/\",\"url\":\"https:\/\/www.ikuchyne.sk\/eshop\/produkt\/mega-vypredaj-stollechte-roots-ii-naplavene-drevo-gestell\/\",\"name\":\"MEGA V\u00ddPREDAJ - st\u00f4llechte Roots II naplaven\u00e9 drevo GESTELL &#187; iKuchyne iSHOP s n\u00e1bytkom\",\"isPartOf\":{\"@id\":\"https:\/\/www.ikuchyne.sk\/eshop\/#website\"},\"datePublished\":\"2024-09-11T14:06:30+00:00\",\"dateModified\":\"2024-09-11T14:07:25+00:00\",\"description\":\"K\u00fapte si u n\u00e1s MEGA V\u00ddPREDAJ - st\u00f4llechte Roots II naplaven\u00e9 drevo GESTELL za akciov\u00fa cenu. R\u00fdchle dodanie tovaru, odborn\u00e9 poradenstvo a stovky produktov skladom. MEGA V\u00ddPREDAJ - st\u00f4llechte Roots II naplaven\u00e9 drevo GESTELL sa stane dominantou V\u00e1\u0161ho interi\u00e9ru. Internetov\u00fd obchod ikuchyne! pon\u00faka odber MEGA V\u00ddPREDAJ - st\u00f4llechte Roots II naplaven\u00e9 drevo GESTELL u\u017e od 1 kusu.\",\"breadcrumb\":{\"@id\":\"https:\/\/www.ikuchyne.sk\/eshop\/produkt\/mega-vypredaj-stollechte-roots-ii-naplavene-drevo-gestell\/#breadcrumb\"},\"inLanguage\":\"sk-SK\",\"potentialAction\":[{\"@type\":\"ReadAction\",\"target\":[\"https:\/\/www.ikuchyne.sk\/eshop\/produkt\/mega-vypredaj-stollechte-roots-ii-naplavene-drevo-gestell\/\"]}]},{\"@type\":\"BreadcrumbList\",\"@id\":\"https:\/\/www.ikuchyne.sk\/eshop\/produkt\/mega-vypredaj-stollechte-roots-ii-naplavene-drevo-gestell\/#breadcrumb\",\"itemListElement\":[{\"@type\":\"ListItem\",\"position\":1,\"name\":\"Home\",\"item\":\"https:\/\/www.ikuchyne.sk\/eshop\/\"},{\"@type\":\"ListItem\",\"position\":2,\"name\":\"Obchod\",\"item\":\"https:\/\/www.ikuchyne.sk\/eshop\/obchod\/\"},{\"@type\":\"ListItem\",\"position\":3,\"name\":\"MEGA V\u00ddPREDAJ &#8211; st\u00f4llechte Roots II naplaven\u00e9 drevo GESTELL\"}]},{\"@type\":\"WebSite\",\"@id\":\"https:\/\/www.ikuchyne.sk\/eshop\/#website\",\"url\":\"https:\/\/www.ikuchyne.sk\/eshop\/\",\"name\":\"iKuchyne iSHOP s n\u00e1bytkom\",\"description\":\"Jed\u00e1lensk\u00e9 stoly, stoli\u010dky, n\u00e1bytok, svietidl\u00e1...\",\"publisher\":{\"@id\":\"https:\/\/www.ikuchyne.sk\/eshop\/#organization\"},\"potentialAction\":[{\"@type\":\"SearchAction\",\"target\":{\"@type\":\"EntryPoint\",\"urlTemplate\":\"https:\/\/www.ikuchyne.sk\/eshop\/?s={search_term_string}\"},\"query-input\":\"required name=search_term_string\"}],\"inLanguage\":\"sk-SK\"},{\"@type\":\"Organization\",\"@id\":\"https:\/\/www.ikuchyne.sk\/eshop\/#organization\",\"name\":\"ikuchyne!\",\"url\":\"https:\/\/www.ikuchyne.sk\/eshop\/\",\"logo\":{\"@type\":\"ImageObject\",\"inLanguage\":\"sk-SK\",\"@id\":\"https:\/\/www.ikuchyne.sk\/eshop\/#\/schema\/logo\/image\/\",\"url\":\"https:\/\/www.ikuchyne.sk\/eshop\/wp-content\/uploads\/2017\/04\/ikuchyne-logo.jpg\",\"contentUrl\":\"https:\/\/www.ikuchyne.sk\/eshop\/wp-content\/uploads\/2017\/04\/ikuchyne-logo.jpg\",\"width\":200,\"height\":48,\"caption\":\"ikuchyne!\"},\"image\":{\"@id\":\"https:\/\/www.ikuchyne.sk\/eshop\/#\/schema\/logo\/image\/\"},\"sameAs\":[\"https:\/\/www.facebook.com\/ikuchyne\/\",\"https:\/\/www.instagram.com\/ikuchyne.sk\/\",\"https:\/\/sk.pinterest.com\/ikuchynesk\/\"]}]}<\/script>\n<!-- \/ Yoast SEO plugin. -->","yoast_head_json":{"title":"MEGA V\u00ddPREDAJ - st\u00f4llechte Roots II naplaven\u00e9 drevo GESTELL &#187; iKuchyne iSHOP s n\u00e1bytkom","description":"K\u00fapte si u n\u00e1s MEGA V\u00ddPREDAJ - st\u00f4llechte Roots II naplaven\u00e9 drevo GESTELL za akciov\u00fa cenu. R\u00fdchle dodanie tovaru, odborn\u00e9 poradenstvo a stovky produktov skladom. MEGA V\u00ddPREDAJ - st\u00f4llechte Roots II naplaven\u00e9 drevo GESTELL sa stane dominantou V\u00e1\u0161ho interi\u00e9ru. Internetov\u00fd obchod ikuchyne! pon\u00faka odber MEGA V\u00ddPREDAJ - st\u00f4llechte Roots II naplaven\u00e9 drevo GESTELL u\u017e od 1 kusu.","robots":{"index":"index","follow":"follow","max-snippet":"max-snippet:-1","max-image-preview":"max-image-preview:large","max-video-preview":"max-video-preview:-1"},"canonical":"https:\/\/www.ikuchyne.sk\/eshop\/produkt\/mega-vypredaj-stollechte-roots-ii-naplavene-drevo-gestell\/","og_locale":"sk_SK","og_type":"article","og_title":"MEGA V\u00ddPREDAJ - st\u00f4llechte Roots II naplaven\u00e9 drevo GESTELL &#187; iKuchyne iSHOP s n\u00e1bytkom","og_description":"K\u00fapte si u n\u00e1s MEGA V\u00ddPREDAJ - st\u00f4llechte Roots II naplaven\u00e9 drevo GESTELL za akciov\u00fa cenu. R\u00fdchle dodanie tovaru, odborn\u00e9 poradenstvo a stovky produktov skladom. MEGA V\u00ddPREDAJ - st\u00f4llechte Roots II naplaven\u00e9 drevo GESTELL sa stane dominantou V\u00e1\u0161ho interi\u00e9ru. Internetov\u00fd obchod ikuchyne! pon\u00faka odber MEGA V\u00ddPREDAJ - st\u00f4llechte Roots II naplaven\u00e9 drevo GESTELL u\u017e od 1 kusu.","og_url":"https:\/\/www.ikuchyne.sk\/eshop\/produkt\/mega-vypredaj-stollechte-roots-ii-naplavene-drevo-gestell\/","og_site_name":"iKuchyne iSHOP s n\u00e1bytkom","article_publisher":"https:\/\/www.facebook.com\/ikuchyne\/","article_modified_time":"2024-09-11T14:07:25+00:00","og_image":[{"width":800,"height":533,"url":"https:\/\/www.ikuchyne.sk\/eshop\/wp-content\/uploads\/2022\/10\/st\u00f4llechte-Roots-II-naplaven\u00e9-drevo-GESTELL-42330.jpg","type":"image\/jpeg"}],"twitter_card":"summary_large_image","twitter_misc":{"Predpokladan\u00fd \u010das \u010d\u00edtania":"1 min\u00fata"},"schema":{"@context":"https:\/\/schema.org","@graph":[{"@type":"WebPage","@id":"https:\/\/www.ikuchyne.sk\/eshop\/produkt\/mega-vypredaj-stollechte-roots-ii-naplavene-drevo-gestell\/","url":"https:\/\/www.ikuchyne.sk\/eshop\/produkt\/mega-vypredaj-stollechte-roots-ii-naplavene-drevo-gestell\/","name":"MEGA V\u00ddPREDAJ - st\u00f4llechte Roots II naplaven\u00e9 drevo GESTELL &#187; iKuchyne iSHOP s n\u00e1bytkom","isPartOf":{"@id":"https:\/\/www.ikuchyne.sk\/eshop\/#website"},"datePublished":"2024-09-11T14:06:30+00:00","dateModified":"2024-09-11T14:07:25+00:00","description":"K\u00fapte si u n\u00e1s MEGA V\u00ddPREDAJ - st\u00f4llechte Roots II naplaven\u00e9 drevo GESTELL za akciov\u00fa cenu. R\u00fdchle dodanie tovaru, odborn\u00e9 poradenstvo a stovky produktov skladom. MEGA V\u00ddPREDAJ - st\u00f4llechte Roots II naplaven\u00e9 drevo GESTELL sa stane dominantou V\u00e1\u0161ho interi\u00e9ru. Internetov\u00fd obchod ikuchyne! pon\u00faka odber MEGA V\u00ddPREDAJ - st\u00f4llechte Roots II naplaven\u00e9 drevo GESTELL u\u017e od 1 kusu.","breadcrumb":{"@id":"https:\/\/www.ikuchyne.sk\/eshop\/produkt\/mega-vypredaj-stollechte-roots-ii-naplavene-drevo-gestell\/#breadcrumb"},"inLanguage":"sk-SK","potentialAction":[{"@type":"ReadAction","target":["https:\/\/www.ikuchyne.sk\/eshop\/produkt\/mega-vypredaj-stollechte-roots-ii-naplavene-drevo-gestell\/"]}]},{"@type":"BreadcrumbList","@id":"https:\/\/www.ikuchyne.sk\/eshop\/produkt\/mega-vypredaj-stollechte-roots-ii-naplavene-drevo-gestell\/#breadcrumb","itemListElement":[{"@type":"ListItem","position":1,"name":"Home","item":"https:\/\/www.ikuchyne.sk\/eshop\/"},{"@type":"ListItem","position":2,"name":"Obchod","item":"https:\/\/www.ikuchyne.sk\/eshop\/obchod\/"},{"@type":"ListItem","position":3,"name":"MEGA V\u00ddPREDAJ &#8211; st\u00f4llechte Roots II naplaven\u00e9 drevo GESTELL"}]},{"@type":"WebSite","@id":"https:\/\/www.ikuchyne.sk\/eshop\/#website","url":"https:\/\/www.ikuchyne.sk\/eshop\/","name":"iKuchyne iSHOP s n\u00e1bytkom","description":"Jed\u00e1lensk\u00e9 stoly, stoli\u010dky, n\u00e1bytok, svietidl\u00e1...","publisher":{"@id":"https:\/\/www.ikuchyne.sk\/eshop\/#organization"},"potentialAction":[{"@type":"SearchAction","target":{"@type":"EntryPoint","urlTemplate":"https:\/\/www.ikuchyne.sk\/eshop\/?s={search_term_string}"},"query-input":"required name=search_term_string"}],"inLanguage":"sk-SK"},{"@type":"Organization","@id":"https:\/\/www.ikuchyne.sk\/eshop\/#organization","name":"ikuchyne!","url":"https:\/\/www.ikuchyne.sk\/eshop\/","logo":{"@type":"ImageObject","inLanguage":"sk-SK","@id":"https:\/\/www.ikuchyne.sk\/eshop\/#\/schema\/logo\/image\/","url":"https:\/\/www.ikuchyne.sk\/eshop\/wp-content\/uploads\/2017\/04\/ikuchyne-logo.jpg","contentUrl":"https:\/\/www.ikuchyne.sk\/eshop\/wp-content\/uploads\/2017\/04\/ikuchyne-logo.jpg","width":200,"height":48,"caption":"ikuchyne!"},"image":{"@id":"https:\/\/www.ikuchyne.sk\/eshop\/#\/schema\/logo\/image\/"},"sameAs":["https:\/\/www.facebook.com\/ikuchyne\/","https:\/\/www.instagram.com\/ikuchyne.sk\/","https:\/\/sk.pinterest.com\/ikuchynesk\/"]}]}},"_links":{"self":[{"href":"https:\/\/www.ikuchyne.sk\/eshop\/wp-json\/wp\/v2\/product\/167179"}],"collection":[{"href":"https:\/\/www.ikuchyne.sk\/eshop\/wp-json\/wp\/v2\/product"}],"about":[{"href":"https:\/\/www.ikuchyne.sk\/eshop\/wp-json\/wp\/v2\/types\/product"}],"replies":[{"embeddable":true,"href":"https:\/\/www.ikuchyne.sk\/eshop\/wp-json\/wp\/v2\/comments?post=167179"}],"wp:featuredmedia":[{"embeddable":true,"href":"https:\/\/www.ikuchyne.sk\/eshop\/wp-json\/wp\/v2\/media\/158409"}],"wp:attachment":[{"href":"https:\/\/www.ikuchyne.sk\/eshop\/wp-json\/wp\/v2\/media?parent=167179"}],"wp:term":[{"taxonomy":"product_cat","embeddable":true,"href":"https:\/\/www.ikuchyne.sk\/eshop\/wp-json\/wp\/v2\/product_cat?post=167179"},{"taxonomy":"product_tag","embeddable":true,"href":"https:\/\/www.ikuchyne.sk\/eshop\/wp-json\/wp\/v2\/product_tag?post=167179"}],"curies":[{"name":"wp","href":"https:\/\/api.w.org\/{rel}","templated":true}]}}