{"id":167249,"date":"2024-09-17T10:46:33","date_gmt":"2024-09-17T08:46:33","guid":{"rendered":"https:\/\/www.ikuchyne.sk\/eshop\/?post_type=product&#038;p=167249"},"modified":"2024-09-17T10:48:27","modified_gmt":"2024-09-17T08:48:27","slug":"mega-vypredaj-medeny-konferencny-stolik-marrakesch-o-45-cm","status":"publish","type":"product","link":"https:\/\/www.ikuchyne.sk\/eshop\/produkt\/mega-vypredaj-medeny-konferencny-stolik-marrakesch-o-45-cm\/","title":{"rendered":"MEGA V\u00ddPREDAJ \u2013 Meden\u00fd konferen\u010dn\u00fd stol\u00edk Marrakesch \u00d8 45 cm"},"content":{"rendered":"<h1 class=\"product_title entry-title\">Meden\u00fd konferen\u010dn\u00fd stol\u00edk Marrakesch \u00d8 45 cm<\/h1>\n<p><b><strong>V\u0161eobecn\u00fd opis stol\u00edka:<br \/>\n<\/strong><\/b>Modern\u00fd leskl\u00fd meden\u00fd konferen\u010dn\u00fd stol\u00edk Marrakesch sa bude vyn\u00edma\u0165 v modernom \u0161t\u00fdle b\u00fdvania. Pre tento \u0161t\u00fdl je charakteristick\u00fd minimalizmus a \u010dist\u00e9 l\u00ednie. Povrch stol\u00edka je vyroben\u00fd z kovovej dosky v medenej farbe. T\u00e1to doska je v tvare kruhu s ohrani\u010den\u00fdm a vyv\u00fd\u0161en\u00fdm okrajom, ktor\u00fd zabezpe\u010d\u00ed, \u017ee v\u00e1m ni\u010d zo stol\u00edka nesk\u013azne. Doska je odn\u00edmate\u013en\u00e1 a d\u00e1 sa pou\u017ei\u0165 samostatne ako podnos. Podno\u017e konferen\u010dn\u00e9ho stol\u00edka\u00a0tvoria \u0161tyri \u00fazke kovov\u00e9 nohy, ktor\u00e9 s\u00fa v strede prekr\u00ed\u017een\u00e9. Stojan sa d\u00e1 zlo\u017ei\u0165. Stol\u00edk je jednoduch\u00fd na \u00fadr\u017ebu v\u010faka starostlivo vybran\u00fdm materi\u00e1lom a hladk\u00e9mu povrchu. Tepl\u00e1 meden\u00e1 farba ozvl\u00e1\u0161tni modern\u00fd interi\u00e9r va\u0161ej ob\u00fdva\u010dky.<\/p>\n<p><strong>Povrch stol\u00edka:<br \/>\n<\/strong>Povrch stol\u00edka je vyroben\u00fd z kovovej dosky v medenej farbe, ktor\u00e1 je odn\u00edmate\u013en\u00e1 ako podnos.<\/p>\n<p><strong>Podno\u017e stol\u00edka:<br \/>\n<\/strong>Podno\u017e stol\u00edka tvoria \u0161tyri \u00fazke kovov\u00e9 nohy, ktor\u00e9 s\u00fa v strede prekr\u00ed\u017een\u00e9.<\/p>\n<p><strong>\u010eal\u0161ie inform\u00e1cie:<br \/>\n<\/strong>V\u010faka hladk\u00e9mu povrchu je tento konferen\u010dn\u00fd stol\u00edk nen\u00e1ro\u010dn\u00fd na \u00fadr\u017ebu. Sta\u010d\u00ed ho pretrie\u0165 vlhkou handri\u010dkou namo\u010denou v jemnej mydlovej vode. Nikdy nepou\u017e\u00edvajte \u010distiaci prostriedok obsahuj\u00faci alkohol, chlorid am\u00f3nny alebo riedidlo. Tie\u017e nepou\u017e\u00edvajte utierku z mikrovl\u00e1kna.<\/p>\n<p><b>Rozmery stol\u00edka<\/b>:<br \/>\n\u0160\u00edrka stol\u00edka: 45 cm<br \/>\nD\u013a\u017eka stol\u00edka: 45 cm<br \/>\nV\u00fd\u0161ka stol\u00edka: 54 cm<br \/>\n<strong>Vn\u00fatorn\u00e1 plocha stol\u00edka:<\/strong>\u00a041,5 cm<br \/>\n<strong>Rozmer nohy stol\u00edka<\/strong>: 0, 8 x 0, 8 cm<\/p>\n<p><strong>Tento konferen\u010dn\u00fd stol\u00edk sa vyr\u00e1ba aj v tejto ve\u013ekosti:<\/strong><br \/>\n\u00d8 56 cm<\/p>\n<p><b>Materi\u00e1l:\u00a0<\/b>\u00a0kov<\/p>\n<p><b>Farba:<\/b>\u00a0meden\u00e1<\/p>\n","protected":false},"excerpt":{"rendered":"<p>Meden\u00fd konferen\u010dn\u00fd stol\u00edk Marrakesch \u00d8 45 cm V\u0161eobecn\u00fd opis stol\u00edka: Modern\u00fd leskl\u00fd meden\u00fd konferen\u010dn\u00fd stol\u00edk Marrakesch sa bude vyn\u00edma\u0165 v modernom \u0161t\u00fdle b\u00fdvania. Pre tento \u0161t\u00fdl je charakteristick\u00fd minimalizmus a<\/p>\n","protected":false},"featured_media":70730,"comment_status":"open","ping_status":"closed","template":"","meta":[],"product_cat":[3183],"product_tag":[585],"yoast_head":"<!-- This site is optimized with the Yoast SEO plugin v22.1 - https:\/\/yoast.com\/wordpress\/plugins\/seo\/ -->\n<title>MEGA V\u00ddPREDAJ \u2013 Meden\u00fd konferen\u010dn\u00fd stol\u00edk Marrakesch \u00d8 45 cm &#187; iKuchyne iSHOP s n\u00e1bytkom<\/title>\n<meta name=\"description\" content=\"K\u00fapte si u n\u00e1s MEGA V\u00ddPREDAJ \u2013 Meden\u00fd konferen\u010dn\u00fd stol\u00edk Marrakesch \u00d8 45 cm za akciov\u00fa cenu. R\u00fdchle dodanie tovaru, odborn\u00e9 poradenstvo a stovky produktov skladom. MEGA V\u00ddPREDAJ \u2013 Meden\u00fd konferen\u010dn\u00fd stol\u00edk Marrakesch \u00d8 45 cm sa stane dominantou V\u00e1\u0161ho interi\u00e9ru. Internetov\u00fd obchod ikuchyne! pon\u00faka odber MEGA V\u00ddPREDAJ \u2013 Meden\u00fd konferen\u010dn\u00fd stol\u00edk Marrakesch \u00d8 45 cm u\u017e od 1 kusu.\" \/>\n<meta name=\"robots\" content=\"index, follow, max-snippet:-1, max-image-preview:large, max-video-preview:-1\" \/>\n<link rel=\"canonical\" href=\"https:\/\/www.ikuchyne.sk\/eshop\/produkt\/mega-vypredaj-medeny-konferencny-stolik-marrakesch-o-45-cm\/\" \/>\n<meta property=\"og:locale\" content=\"sk_SK\" \/>\n<meta property=\"og:type\" content=\"article\" \/>\n<meta property=\"og:title\" content=\"MEGA V\u00ddPREDAJ \u2013 Meden\u00fd konferen\u010dn\u00fd stol\u00edk Marrakesch \u00d8 45 cm &#187; iKuchyne iSHOP s n\u00e1bytkom\" \/>\n<meta property=\"og:description\" content=\"K\u00fapte si u n\u00e1s MEGA V\u00ddPREDAJ \u2013 Meden\u00fd konferen\u010dn\u00fd stol\u00edk Marrakesch \u00d8 45 cm za akciov\u00fa cenu. R\u00fdchle dodanie tovaru, odborn\u00e9 poradenstvo a stovky produktov skladom. MEGA V\u00ddPREDAJ \u2013 Meden\u00fd konferen\u010dn\u00fd stol\u00edk Marrakesch \u00d8 45 cm sa stane dominantou V\u00e1\u0161ho interi\u00e9ru. Internetov\u00fd obchod ikuchyne! pon\u00faka odber MEGA V\u00ddPREDAJ \u2013 Meden\u00fd konferen\u010dn\u00fd stol\u00edk Marrakesch \u00d8 45 cm u\u017e od 1 kusu.\" \/>\n<meta property=\"og:url\" content=\"https:\/\/www.ikuchyne.sk\/eshop\/produkt\/mega-vypredaj-medeny-konferencny-stolik-marrakesch-o-45-cm\/\" \/>\n<meta property=\"og:site_name\" content=\"iKuchyne iSHOP s n\u00e1bytkom\" \/>\n<meta property=\"article:publisher\" content=\"https:\/\/www.facebook.com\/ikuchyne\/\" \/>\n<meta property=\"article:modified_time\" content=\"2024-09-17T08:48:27+00:00\" \/>\n<meta property=\"og:image\" content=\"https:\/\/www.ikuchyne.sk\/eshop\/wp-content\/uploads\/2017\/11\/Konferencny-stolik-Marrakesch-med-37960.jpg\" \/>\n\t<meta property=\"og:image:width\" content=\"800\" \/>\n\t<meta property=\"og:image:height\" content=\"533\" \/>\n\t<meta property=\"og:image:type\" content=\"image\/jpeg\" \/>\n<meta name=\"twitter:card\" content=\"summary_large_image\" \/>\n<meta name=\"twitter:label1\" content=\"Predpokladan\u00fd \u010das \u010d\u00edtania\" \/>\n\t<meta name=\"twitter:data1\" content=\"2 min\u00faty\" \/>\n<script type=\"application\/ld+json\" class=\"yoast-schema-graph\">{\"@context\":\"https:\/\/schema.org\",\"@graph\":[{\"@type\":\"WebPage\",\"@id\":\"https:\/\/www.ikuchyne.sk\/eshop\/produkt\/mega-vypredaj-medeny-konferencny-stolik-marrakesch-o-45-cm\/\",\"url\":\"https:\/\/www.ikuchyne.sk\/eshop\/produkt\/mega-vypredaj-medeny-konferencny-stolik-marrakesch-o-45-cm\/\",\"name\":\"MEGA V\u00ddPREDAJ \u2013 Meden\u00fd konferen\u010dn\u00fd stol\u00edk Marrakesch \u00d8 45 cm &#187; iKuchyne iSHOP s n\u00e1bytkom\",\"isPartOf\":{\"@id\":\"https:\/\/www.ikuchyne.sk\/eshop\/#website\"},\"datePublished\":\"2024-09-17T08:46:33+00:00\",\"dateModified\":\"2024-09-17T08:48:27+00:00\",\"description\":\"K\u00fapte si u n\u00e1s MEGA V\u00ddPREDAJ \u2013 Meden\u00fd konferen\u010dn\u00fd stol\u00edk Marrakesch \u00d8 45 cm za akciov\u00fa cenu. R\u00fdchle dodanie tovaru, odborn\u00e9 poradenstvo a stovky produktov skladom. MEGA V\u00ddPREDAJ \u2013 Meden\u00fd konferen\u010dn\u00fd stol\u00edk Marrakesch \u00d8 45 cm sa stane dominantou V\u00e1\u0161ho interi\u00e9ru. Internetov\u00fd obchod ikuchyne! pon\u00faka odber MEGA V\u00ddPREDAJ \u2013 Meden\u00fd konferen\u010dn\u00fd stol\u00edk Marrakesch \u00d8 45 cm u\u017e od 1 kusu.\",\"breadcrumb\":{\"@id\":\"https:\/\/www.ikuchyne.sk\/eshop\/produkt\/mega-vypredaj-medeny-konferencny-stolik-marrakesch-o-45-cm\/#breadcrumb\"},\"inLanguage\":\"sk-SK\",\"potentialAction\":[{\"@type\":\"ReadAction\",\"target\":[\"https:\/\/www.ikuchyne.sk\/eshop\/produkt\/mega-vypredaj-medeny-konferencny-stolik-marrakesch-o-45-cm\/\"]}]},{\"@type\":\"BreadcrumbList\",\"@id\":\"https:\/\/www.ikuchyne.sk\/eshop\/produkt\/mega-vypredaj-medeny-konferencny-stolik-marrakesch-o-45-cm\/#breadcrumb\",\"itemListElement\":[{\"@type\":\"ListItem\",\"position\":1,\"name\":\"Home\",\"item\":\"https:\/\/www.ikuchyne.sk\/eshop\/\"},{\"@type\":\"ListItem\",\"position\":2,\"name\":\"Obchod\",\"item\":\"https:\/\/www.ikuchyne.sk\/eshop\/obchod\/\"},{\"@type\":\"ListItem\",\"position\":3,\"name\":\"MEGA V\u00ddPREDAJ \u2013 Meden\u00fd konferen\u010dn\u00fd stol\u00edk Marrakesch \u00d8 45 cm\"}]},{\"@type\":\"WebSite\",\"@id\":\"https:\/\/www.ikuchyne.sk\/eshop\/#website\",\"url\":\"https:\/\/www.ikuchyne.sk\/eshop\/\",\"name\":\"iKuchyne iSHOP s n\u00e1bytkom\",\"description\":\"Jed\u00e1lensk\u00e9 stoly, stoli\u010dky, n\u00e1bytok, svietidl\u00e1...\",\"publisher\":{\"@id\":\"https:\/\/www.ikuchyne.sk\/eshop\/#organization\"},\"potentialAction\":[{\"@type\":\"SearchAction\",\"target\":{\"@type\":\"EntryPoint\",\"urlTemplate\":\"https:\/\/www.ikuchyne.sk\/eshop\/?s={search_term_string}\"},\"query-input\":\"required name=search_term_string\"}],\"inLanguage\":\"sk-SK\"},{\"@type\":\"Organization\",\"@id\":\"https:\/\/www.ikuchyne.sk\/eshop\/#organization\",\"name\":\"ikuchyne!\",\"url\":\"https:\/\/www.ikuchyne.sk\/eshop\/\",\"logo\":{\"@type\":\"ImageObject\",\"inLanguage\":\"sk-SK\",\"@id\":\"https:\/\/www.ikuchyne.sk\/eshop\/#\/schema\/logo\/image\/\",\"url\":\"https:\/\/www.ikuchyne.sk\/eshop\/wp-content\/uploads\/2017\/04\/ikuchyne-logo.jpg\",\"contentUrl\":\"https:\/\/www.ikuchyne.sk\/eshop\/wp-content\/uploads\/2017\/04\/ikuchyne-logo.jpg\",\"width\":200,\"height\":48,\"caption\":\"ikuchyne!\"},\"image\":{\"@id\":\"https:\/\/www.ikuchyne.sk\/eshop\/#\/schema\/logo\/image\/\"},\"sameAs\":[\"https:\/\/www.facebook.com\/ikuchyne\/\",\"https:\/\/www.instagram.com\/ikuchyne.sk\/\",\"https:\/\/sk.pinterest.com\/ikuchynesk\/\"]}]}<\/script>\n<!-- \/ Yoast SEO plugin. -->","yoast_head_json":{"title":"MEGA V\u00ddPREDAJ \u2013 Meden\u00fd konferen\u010dn\u00fd stol\u00edk Marrakesch \u00d8 45 cm &#187; iKuchyne iSHOP s n\u00e1bytkom","description":"K\u00fapte si u n\u00e1s MEGA V\u00ddPREDAJ \u2013 Meden\u00fd konferen\u010dn\u00fd stol\u00edk Marrakesch \u00d8 45 cm za akciov\u00fa cenu. R\u00fdchle dodanie tovaru, odborn\u00e9 poradenstvo a stovky produktov skladom. MEGA V\u00ddPREDAJ \u2013 Meden\u00fd konferen\u010dn\u00fd stol\u00edk Marrakesch \u00d8 45 cm sa stane dominantou V\u00e1\u0161ho interi\u00e9ru. Internetov\u00fd obchod ikuchyne! pon\u00faka odber MEGA V\u00ddPREDAJ \u2013 Meden\u00fd konferen\u010dn\u00fd stol\u00edk Marrakesch \u00d8 45 cm u\u017e od 1 kusu.","robots":{"index":"index","follow":"follow","max-snippet":"max-snippet:-1","max-image-preview":"max-image-preview:large","max-video-preview":"max-video-preview:-1"},"canonical":"https:\/\/www.ikuchyne.sk\/eshop\/produkt\/mega-vypredaj-medeny-konferencny-stolik-marrakesch-o-45-cm\/","og_locale":"sk_SK","og_type":"article","og_title":"MEGA V\u00ddPREDAJ \u2013 Meden\u00fd konferen\u010dn\u00fd stol\u00edk Marrakesch \u00d8 45 cm &#187; iKuchyne iSHOP s n\u00e1bytkom","og_description":"K\u00fapte si u n\u00e1s MEGA V\u00ddPREDAJ \u2013 Meden\u00fd konferen\u010dn\u00fd stol\u00edk Marrakesch \u00d8 45 cm za akciov\u00fa cenu. R\u00fdchle dodanie tovaru, odborn\u00e9 poradenstvo a stovky produktov skladom. MEGA V\u00ddPREDAJ \u2013 Meden\u00fd konferen\u010dn\u00fd stol\u00edk Marrakesch \u00d8 45 cm sa stane dominantou V\u00e1\u0161ho interi\u00e9ru. Internetov\u00fd obchod ikuchyne! pon\u00faka odber MEGA V\u00ddPREDAJ \u2013 Meden\u00fd konferen\u010dn\u00fd stol\u00edk Marrakesch \u00d8 45 cm u\u017e od 1 kusu.","og_url":"https:\/\/www.ikuchyne.sk\/eshop\/produkt\/mega-vypredaj-medeny-konferencny-stolik-marrakesch-o-45-cm\/","og_site_name":"iKuchyne iSHOP s n\u00e1bytkom","article_publisher":"https:\/\/www.facebook.com\/ikuchyne\/","article_modified_time":"2024-09-17T08:48:27+00:00","og_image":[{"width":800,"height":533,"url":"https:\/\/www.ikuchyne.sk\/eshop\/wp-content\/uploads\/2017\/11\/Konferencny-stolik-Marrakesch-med-37960.jpg","type":"image\/jpeg"}],"twitter_card":"summary_large_image","twitter_misc":{"Predpokladan\u00fd \u010das \u010d\u00edtania":"2 min\u00faty"},"schema":{"@context":"https:\/\/schema.org","@graph":[{"@type":"WebPage","@id":"https:\/\/www.ikuchyne.sk\/eshop\/produkt\/mega-vypredaj-medeny-konferencny-stolik-marrakesch-o-45-cm\/","url":"https:\/\/www.ikuchyne.sk\/eshop\/produkt\/mega-vypredaj-medeny-konferencny-stolik-marrakesch-o-45-cm\/","name":"MEGA V\u00ddPREDAJ \u2013 Meden\u00fd konferen\u010dn\u00fd stol\u00edk Marrakesch \u00d8 45 cm &#187; iKuchyne iSHOP s n\u00e1bytkom","isPartOf":{"@id":"https:\/\/www.ikuchyne.sk\/eshop\/#website"},"datePublished":"2024-09-17T08:46:33+00:00","dateModified":"2024-09-17T08:48:27+00:00","description":"K\u00fapte si u n\u00e1s MEGA V\u00ddPREDAJ \u2013 Meden\u00fd konferen\u010dn\u00fd stol\u00edk Marrakesch \u00d8 45 cm za akciov\u00fa cenu. R\u00fdchle dodanie tovaru, odborn\u00e9 poradenstvo a stovky produktov skladom. MEGA V\u00ddPREDAJ \u2013 Meden\u00fd konferen\u010dn\u00fd stol\u00edk Marrakesch \u00d8 45 cm sa stane dominantou V\u00e1\u0161ho interi\u00e9ru. Internetov\u00fd obchod ikuchyne! pon\u00faka odber MEGA V\u00ddPREDAJ \u2013 Meden\u00fd konferen\u010dn\u00fd stol\u00edk Marrakesch \u00d8 45 cm u\u017e od 1 kusu.","breadcrumb":{"@id":"https:\/\/www.ikuchyne.sk\/eshop\/produkt\/mega-vypredaj-medeny-konferencny-stolik-marrakesch-o-45-cm\/#breadcrumb"},"inLanguage":"sk-SK","potentialAction":[{"@type":"ReadAction","target":["https:\/\/www.ikuchyne.sk\/eshop\/produkt\/mega-vypredaj-medeny-konferencny-stolik-marrakesch-o-45-cm\/"]}]},{"@type":"BreadcrumbList","@id":"https:\/\/www.ikuchyne.sk\/eshop\/produkt\/mega-vypredaj-medeny-konferencny-stolik-marrakesch-o-45-cm\/#breadcrumb","itemListElement":[{"@type":"ListItem","position":1,"name":"Home","item":"https:\/\/www.ikuchyne.sk\/eshop\/"},{"@type":"ListItem","position":2,"name":"Obchod","item":"https:\/\/www.ikuchyne.sk\/eshop\/obchod\/"},{"@type":"ListItem","position":3,"name":"MEGA V\u00ddPREDAJ \u2013 Meden\u00fd konferen\u010dn\u00fd stol\u00edk Marrakesch \u00d8 45 cm"}]},{"@type":"WebSite","@id":"https:\/\/www.ikuchyne.sk\/eshop\/#website","url":"https:\/\/www.ikuchyne.sk\/eshop\/","name":"iKuchyne iSHOP s n\u00e1bytkom","description":"Jed\u00e1lensk\u00e9 stoly, stoli\u010dky, n\u00e1bytok, svietidl\u00e1...","publisher":{"@id":"https:\/\/www.ikuchyne.sk\/eshop\/#organization"},"potentialAction":[{"@type":"SearchAction","target":{"@type":"EntryPoint","urlTemplate":"https:\/\/www.ikuchyne.sk\/eshop\/?s={search_term_string}"},"query-input":"required name=search_term_string"}],"inLanguage":"sk-SK"},{"@type":"Organization","@id":"https:\/\/www.ikuchyne.sk\/eshop\/#organization","name":"ikuchyne!","url":"https:\/\/www.ikuchyne.sk\/eshop\/","logo":{"@type":"ImageObject","inLanguage":"sk-SK","@id":"https:\/\/www.ikuchyne.sk\/eshop\/#\/schema\/logo\/image\/","url":"https:\/\/www.ikuchyne.sk\/eshop\/wp-content\/uploads\/2017\/04\/ikuchyne-logo.jpg","contentUrl":"https:\/\/www.ikuchyne.sk\/eshop\/wp-content\/uploads\/2017\/04\/ikuchyne-logo.jpg","width":200,"height":48,"caption":"ikuchyne!"},"image":{"@id":"https:\/\/www.ikuchyne.sk\/eshop\/#\/schema\/logo\/image\/"},"sameAs":["https:\/\/www.facebook.com\/ikuchyne\/","https:\/\/www.instagram.com\/ikuchyne.sk\/","https:\/\/sk.pinterest.com\/ikuchynesk\/"]}]}},"_links":{"self":[{"href":"https:\/\/www.ikuchyne.sk\/eshop\/wp-json\/wp\/v2\/product\/167249"}],"collection":[{"href":"https:\/\/www.ikuchyne.sk\/eshop\/wp-json\/wp\/v2\/product"}],"about":[{"href":"https:\/\/www.ikuchyne.sk\/eshop\/wp-json\/wp\/v2\/types\/product"}],"replies":[{"embeddable":true,"href":"https:\/\/www.ikuchyne.sk\/eshop\/wp-json\/wp\/v2\/comments?post=167249"}],"wp:featuredmedia":[{"embeddable":true,"href":"https:\/\/www.ikuchyne.sk\/eshop\/wp-json\/wp\/v2\/media\/70730"}],"wp:attachment":[{"href":"https:\/\/www.ikuchyne.sk\/eshop\/wp-json\/wp\/v2\/media?parent=167249"}],"wp:term":[{"taxonomy":"product_cat","embeddable":true,"href":"https:\/\/www.ikuchyne.sk\/eshop\/wp-json\/wp\/v2\/product_cat?post=167249"},{"taxonomy":"product_tag","embeddable":true,"href":"https:\/\/www.ikuchyne.sk\/eshop\/wp-json\/wp\/v2\/product_tag?post=167249"}],"curies":[{"name":"wp","href":"https:\/\/api.w.org\/{rel}","templated":true}]}}