{"id":167254,"date":"2024-09-19T09:15:22","date_gmt":"2024-09-19T07:15:22","guid":{"rendered":"https:\/\/www.ikuchyne.sk\/eshop\/?post_type=product&#038;p=167254"},"modified":"2024-09-19T09:18:30","modified_gmt":"2024-09-19T07:18:30","slug":"mega-vypredaj-regal-na-vino-chateau-64-cm-coffee","status":"publish","type":"product","link":"https:\/\/www.ikuchyne.sk\/eshop\/produkt\/mega-vypredaj-regal-na-vino-chateau-64-cm-coffee\/","title":{"rendered":"MEGA V\u00ddPREDAJ \u2013 Reg\u00e1l na v\u00edno Chateau 64 cm coffee"},"content":{"rendered":"<h1>Reg\u00e1l na v\u00edno Chateau 64 cm coffee<\/h1>\n<p><strong>V\u0161eobecn\u00fd opis reg\u00e1lu:<br \/>\n<\/strong>Dreven\u00fd reg\u00e1l s origin\u00e1lnym dizajnom v tvare sudu s imit\u00e1ciou kovania vnesie originalitu do v\u00e1\u0161ho pr\u00edbytku. Do \u0161tyroch vyrez\u00e1van\u00fdch poli\u010diek je mo\u017en\u00e9 bezpe\u010dne umiestni\u0165 a\u017e 14 flia\u0161. Tento reg\u00e1l je vyroben\u00fd z ru\u010dne opracovan\u00e9ho mas\u00edvu jed\u013eov\u00e9ho dreva, \u010do evokuje vidiecku atmosf\u00e9ru. Preto\u017ee ide o ru\u010dn\u00fa pr\u00e1cu a pr\u00edrodn\u00fd produkt,\u00a0m\u00f4\u017ee to vies\u0165 k farebn\u00fdm odch\u00fdlkam. Otvory, trhliny a hrbole\u00a0podporuj\u00fa staro\u017eitn\u00fd o\u0161\u00fachan\u00fd elegantn\u00fd vzh\u013ead a s\u00fa typick\u00e9 pre t\u00fato s\u00e9riu.<\/p>\n<p><strong>Povrch reg\u00e1lu:<br \/>\n<\/strong>Reg\u00e1l je vyroben\u00fd z mas\u00edvu jed\u013eov\u00e9ho dreva v tmavom odtieni coffee.<\/p>\n<p><b>Rozmery reg\u00e1lu:<\/b><br \/>\n\u0160\u00edrka reg\u00e1lu: 38 cm<br \/>\nD\u013a\u017eka reg\u00e1lu: 40 cm<br \/>\nV\u00fd\u0161ka reg\u00e1lu: 64 cm<\/p>\n<p><strong>Vn\u00fatorn\u00e1 \u010das\u0165:\u00a0<\/strong>34 x 55 x 35 cm (\u0160xVxH)<\/p>\n<p><b>Materi\u00e1l:\u00a0<\/b>drevo (mas\u00edv) &#8211; jed\u013ea<\/p>\n<p><b>Farba:<\/b>\u00a0coffee<\/p>\n<p>Tento reg\u00e1l sa vyr\u00e1ba aj v rozmere:<br \/>\n80 cm<\/p>\n","protected":false},"excerpt":{"rendered":"<p>Reg\u00e1l na v\u00edno Chateau 64 cm coffee V\u0161eobecn\u00fd opis reg\u00e1lu: Dreven\u00fd reg\u00e1l s origin\u00e1lnym dizajnom v tvare sudu s imit\u00e1ciou kovania vnesie originalitu do v\u00e1\u0161ho pr\u00edbytku. Do \u0161tyroch vyrez\u00e1van\u00fdch poli\u010diek<\/p>\n","protected":false},"featured_media":83040,"comment_status":"open","ping_status":"closed","template":"","meta":[],"product_cat":[3183],"product_tag":[206],"yoast_head":"<!-- This site is optimized with the Yoast SEO plugin v22.1 - https:\/\/yoast.com\/wordpress\/plugins\/seo\/ -->\n<title>MEGA V\u00ddPREDAJ \u2013 Reg\u00e1l na v\u00edno Chateau 64 cm coffee &#187; iKuchyne iSHOP s n\u00e1bytkom<\/title>\n<meta name=\"description\" content=\"K\u00fapte si u n\u00e1s MEGA V\u00ddPREDAJ \u2013 Reg\u00e1l na v\u00edno Chateau 64 cm coffee za akciov\u00fa cenu. R\u00fdchle dodanie tovaru, odborn\u00e9 poradenstvo a stovky produktov skladom. MEGA V\u00ddPREDAJ \u2013 Reg\u00e1l na v\u00edno Chateau 64 cm coffee sa stane dominantou V\u00e1\u0161ho interi\u00e9ru. Internetov\u00fd obchod ikuchyne! pon\u00faka odber MEGA V\u00ddPREDAJ \u2013 Reg\u00e1l na v\u00edno Chateau 64 cm coffee u\u017e od 1 kusu.\" \/>\n<meta name=\"robots\" content=\"index, follow, max-snippet:-1, max-image-preview:large, max-video-preview:-1\" \/>\n<link rel=\"canonical\" href=\"https:\/\/www.ikuchyne.sk\/eshop\/produkt\/mega-vypredaj-regal-na-vino-chateau-64-cm-coffee\/\" \/>\n<meta property=\"og:locale\" content=\"sk_SK\" \/>\n<meta property=\"og:type\" content=\"article\" \/>\n<meta property=\"og:title\" content=\"MEGA V\u00ddPREDAJ \u2013 Reg\u00e1l na v\u00edno Chateau 64 cm coffee &#187; iKuchyne iSHOP s n\u00e1bytkom\" \/>\n<meta property=\"og:description\" content=\"K\u00fapte si u n\u00e1s MEGA V\u00ddPREDAJ \u2013 Reg\u00e1l na v\u00edno Chateau 64 cm coffee za akciov\u00fa cenu. R\u00fdchle dodanie tovaru, odborn\u00e9 poradenstvo a stovky produktov skladom. MEGA V\u00ddPREDAJ \u2013 Reg\u00e1l na v\u00edno Chateau 64 cm coffee sa stane dominantou V\u00e1\u0161ho interi\u00e9ru. Internetov\u00fd obchod ikuchyne! pon\u00faka odber MEGA V\u00ddPREDAJ \u2013 Reg\u00e1l na v\u00edno Chateau 64 cm coffee u\u017e od 1 kusu.\" \/>\n<meta property=\"og:url\" content=\"https:\/\/www.ikuchyne.sk\/eshop\/produkt\/mega-vypredaj-regal-na-vino-chateau-64-cm-coffee\/\" \/>\n<meta property=\"og:site_name\" content=\"iKuchyne iSHOP s n\u00e1bytkom\" \/>\n<meta property=\"article:publisher\" content=\"https:\/\/www.facebook.com\/ikuchyne\/\" \/>\n<meta property=\"article:modified_time\" content=\"2024-09-19T07:18:30+00:00\" \/>\n<meta property=\"og:image\" content=\"https:\/\/www.ikuchyne.sk\/eshop\/wp-content\/uploads\/2019\/01\/Regal-na-vino-Chateau-60cm-coffee-38963.jpg\" \/>\n\t<meta property=\"og:image:width\" content=\"800\" \/>\n\t<meta property=\"og:image:height\" content=\"533\" \/>\n\t<meta property=\"og:image:type\" content=\"image\/jpeg\" \/>\n<meta name=\"twitter:card\" content=\"summary_large_image\" \/>\n<meta name=\"twitter:label1\" content=\"Predpokladan\u00fd \u010das \u010d\u00edtania\" \/>\n\t<meta name=\"twitter:data1\" content=\"1 min\u00fata\" \/>\n<script type=\"application\/ld+json\" class=\"yoast-schema-graph\">{\"@context\":\"https:\/\/schema.org\",\"@graph\":[{\"@type\":\"WebPage\",\"@id\":\"https:\/\/www.ikuchyne.sk\/eshop\/produkt\/mega-vypredaj-regal-na-vino-chateau-64-cm-coffee\/\",\"url\":\"https:\/\/www.ikuchyne.sk\/eshop\/produkt\/mega-vypredaj-regal-na-vino-chateau-64-cm-coffee\/\",\"name\":\"MEGA V\u00ddPREDAJ \u2013 Reg\u00e1l na v\u00edno Chateau 64 cm coffee &#187; iKuchyne iSHOP s n\u00e1bytkom\",\"isPartOf\":{\"@id\":\"https:\/\/www.ikuchyne.sk\/eshop\/#website\"},\"datePublished\":\"2024-09-19T07:15:22+00:00\",\"dateModified\":\"2024-09-19T07:18:30+00:00\",\"description\":\"K\u00fapte si u n\u00e1s MEGA V\u00ddPREDAJ \u2013 Reg\u00e1l na v\u00edno Chateau 64 cm coffee za akciov\u00fa cenu. R\u00fdchle dodanie tovaru, odborn\u00e9 poradenstvo a stovky produktov skladom. MEGA V\u00ddPREDAJ \u2013 Reg\u00e1l na v\u00edno Chateau 64 cm coffee sa stane dominantou V\u00e1\u0161ho interi\u00e9ru. Internetov\u00fd obchod ikuchyne! pon\u00faka odber MEGA V\u00ddPREDAJ \u2013 Reg\u00e1l na v\u00edno Chateau 64 cm coffee u\u017e od 1 kusu.\",\"breadcrumb\":{\"@id\":\"https:\/\/www.ikuchyne.sk\/eshop\/produkt\/mega-vypredaj-regal-na-vino-chateau-64-cm-coffee\/#breadcrumb\"},\"inLanguage\":\"sk-SK\",\"potentialAction\":[{\"@type\":\"ReadAction\",\"target\":[\"https:\/\/www.ikuchyne.sk\/eshop\/produkt\/mega-vypredaj-regal-na-vino-chateau-64-cm-coffee\/\"]}]},{\"@type\":\"BreadcrumbList\",\"@id\":\"https:\/\/www.ikuchyne.sk\/eshop\/produkt\/mega-vypredaj-regal-na-vino-chateau-64-cm-coffee\/#breadcrumb\",\"itemListElement\":[{\"@type\":\"ListItem\",\"position\":1,\"name\":\"Home\",\"item\":\"https:\/\/www.ikuchyne.sk\/eshop\/\"},{\"@type\":\"ListItem\",\"position\":2,\"name\":\"Obchod\",\"item\":\"https:\/\/www.ikuchyne.sk\/eshop\/obchod\/\"},{\"@type\":\"ListItem\",\"position\":3,\"name\":\"MEGA V\u00ddPREDAJ \u2013 Reg\u00e1l na v\u00edno Chateau 64 cm coffee\"}]},{\"@type\":\"WebSite\",\"@id\":\"https:\/\/www.ikuchyne.sk\/eshop\/#website\",\"url\":\"https:\/\/www.ikuchyne.sk\/eshop\/\",\"name\":\"iKuchyne iSHOP s n\u00e1bytkom\",\"description\":\"Jed\u00e1lensk\u00e9 stoly, stoli\u010dky, n\u00e1bytok, svietidl\u00e1...\",\"publisher\":{\"@id\":\"https:\/\/www.ikuchyne.sk\/eshop\/#organization\"},\"potentialAction\":[{\"@type\":\"SearchAction\",\"target\":{\"@type\":\"EntryPoint\",\"urlTemplate\":\"https:\/\/www.ikuchyne.sk\/eshop\/?s={search_term_string}\"},\"query-input\":\"required name=search_term_string\"}],\"inLanguage\":\"sk-SK\"},{\"@type\":\"Organization\",\"@id\":\"https:\/\/www.ikuchyne.sk\/eshop\/#organization\",\"name\":\"ikuchyne!\",\"url\":\"https:\/\/www.ikuchyne.sk\/eshop\/\",\"logo\":{\"@type\":\"ImageObject\",\"inLanguage\":\"sk-SK\",\"@id\":\"https:\/\/www.ikuchyne.sk\/eshop\/#\/schema\/logo\/image\/\",\"url\":\"https:\/\/www.ikuchyne.sk\/eshop\/wp-content\/uploads\/2017\/04\/ikuchyne-logo.jpg\",\"contentUrl\":\"https:\/\/www.ikuchyne.sk\/eshop\/wp-content\/uploads\/2017\/04\/ikuchyne-logo.jpg\",\"width\":200,\"height\":48,\"caption\":\"ikuchyne!\"},\"image\":{\"@id\":\"https:\/\/www.ikuchyne.sk\/eshop\/#\/schema\/logo\/image\/\"},\"sameAs\":[\"https:\/\/www.facebook.com\/ikuchyne\/\",\"https:\/\/www.instagram.com\/ikuchyne.sk\/\",\"https:\/\/sk.pinterest.com\/ikuchynesk\/\"]}]}<\/script>\n<!-- \/ Yoast SEO plugin. -->","yoast_head_json":{"title":"MEGA V\u00ddPREDAJ \u2013 Reg\u00e1l na v\u00edno Chateau 64 cm coffee &#187; iKuchyne iSHOP s n\u00e1bytkom","description":"K\u00fapte si u n\u00e1s MEGA V\u00ddPREDAJ \u2013 Reg\u00e1l na v\u00edno Chateau 64 cm coffee za akciov\u00fa cenu. R\u00fdchle dodanie tovaru, odborn\u00e9 poradenstvo a stovky produktov skladom. MEGA V\u00ddPREDAJ \u2013 Reg\u00e1l na v\u00edno Chateau 64 cm coffee sa stane dominantou V\u00e1\u0161ho interi\u00e9ru. Internetov\u00fd obchod ikuchyne! pon\u00faka odber MEGA V\u00ddPREDAJ \u2013 Reg\u00e1l na v\u00edno Chateau 64 cm coffee u\u017e od 1 kusu.","robots":{"index":"index","follow":"follow","max-snippet":"max-snippet:-1","max-image-preview":"max-image-preview:large","max-video-preview":"max-video-preview:-1"},"canonical":"https:\/\/www.ikuchyne.sk\/eshop\/produkt\/mega-vypredaj-regal-na-vino-chateau-64-cm-coffee\/","og_locale":"sk_SK","og_type":"article","og_title":"MEGA V\u00ddPREDAJ \u2013 Reg\u00e1l na v\u00edno Chateau 64 cm coffee &#187; iKuchyne iSHOP s n\u00e1bytkom","og_description":"K\u00fapte si u n\u00e1s MEGA V\u00ddPREDAJ \u2013 Reg\u00e1l na v\u00edno Chateau 64 cm coffee za akciov\u00fa cenu. R\u00fdchle dodanie tovaru, odborn\u00e9 poradenstvo a stovky produktov skladom. MEGA V\u00ddPREDAJ \u2013 Reg\u00e1l na v\u00edno Chateau 64 cm coffee sa stane dominantou V\u00e1\u0161ho interi\u00e9ru. Internetov\u00fd obchod ikuchyne! pon\u00faka odber MEGA V\u00ddPREDAJ \u2013 Reg\u00e1l na v\u00edno Chateau 64 cm coffee u\u017e od 1 kusu.","og_url":"https:\/\/www.ikuchyne.sk\/eshop\/produkt\/mega-vypredaj-regal-na-vino-chateau-64-cm-coffee\/","og_site_name":"iKuchyne iSHOP s n\u00e1bytkom","article_publisher":"https:\/\/www.facebook.com\/ikuchyne\/","article_modified_time":"2024-09-19T07:18:30+00:00","og_image":[{"width":800,"height":533,"url":"https:\/\/www.ikuchyne.sk\/eshop\/wp-content\/uploads\/2019\/01\/Regal-na-vino-Chateau-60cm-coffee-38963.jpg","type":"image\/jpeg"}],"twitter_card":"summary_large_image","twitter_misc":{"Predpokladan\u00fd \u010das \u010d\u00edtania":"1 min\u00fata"},"schema":{"@context":"https:\/\/schema.org","@graph":[{"@type":"WebPage","@id":"https:\/\/www.ikuchyne.sk\/eshop\/produkt\/mega-vypredaj-regal-na-vino-chateau-64-cm-coffee\/","url":"https:\/\/www.ikuchyne.sk\/eshop\/produkt\/mega-vypredaj-regal-na-vino-chateau-64-cm-coffee\/","name":"MEGA V\u00ddPREDAJ \u2013 Reg\u00e1l na v\u00edno Chateau 64 cm coffee &#187; iKuchyne iSHOP s n\u00e1bytkom","isPartOf":{"@id":"https:\/\/www.ikuchyne.sk\/eshop\/#website"},"datePublished":"2024-09-19T07:15:22+00:00","dateModified":"2024-09-19T07:18:30+00:00","description":"K\u00fapte si u n\u00e1s MEGA V\u00ddPREDAJ \u2013 Reg\u00e1l na v\u00edno Chateau 64 cm coffee za akciov\u00fa cenu. R\u00fdchle dodanie tovaru, odborn\u00e9 poradenstvo a stovky produktov skladom. MEGA V\u00ddPREDAJ \u2013 Reg\u00e1l na v\u00edno Chateau 64 cm coffee sa stane dominantou V\u00e1\u0161ho interi\u00e9ru. Internetov\u00fd obchod ikuchyne! pon\u00faka odber MEGA V\u00ddPREDAJ \u2013 Reg\u00e1l na v\u00edno Chateau 64 cm coffee u\u017e od 1 kusu.","breadcrumb":{"@id":"https:\/\/www.ikuchyne.sk\/eshop\/produkt\/mega-vypredaj-regal-na-vino-chateau-64-cm-coffee\/#breadcrumb"},"inLanguage":"sk-SK","potentialAction":[{"@type":"ReadAction","target":["https:\/\/www.ikuchyne.sk\/eshop\/produkt\/mega-vypredaj-regal-na-vino-chateau-64-cm-coffee\/"]}]},{"@type":"BreadcrumbList","@id":"https:\/\/www.ikuchyne.sk\/eshop\/produkt\/mega-vypredaj-regal-na-vino-chateau-64-cm-coffee\/#breadcrumb","itemListElement":[{"@type":"ListItem","position":1,"name":"Home","item":"https:\/\/www.ikuchyne.sk\/eshop\/"},{"@type":"ListItem","position":2,"name":"Obchod","item":"https:\/\/www.ikuchyne.sk\/eshop\/obchod\/"},{"@type":"ListItem","position":3,"name":"MEGA V\u00ddPREDAJ \u2013 Reg\u00e1l na v\u00edno Chateau 64 cm coffee"}]},{"@type":"WebSite","@id":"https:\/\/www.ikuchyne.sk\/eshop\/#website","url":"https:\/\/www.ikuchyne.sk\/eshop\/","name":"iKuchyne iSHOP s n\u00e1bytkom","description":"Jed\u00e1lensk\u00e9 stoly, stoli\u010dky, n\u00e1bytok, svietidl\u00e1...","publisher":{"@id":"https:\/\/www.ikuchyne.sk\/eshop\/#organization"},"potentialAction":[{"@type":"SearchAction","target":{"@type":"EntryPoint","urlTemplate":"https:\/\/www.ikuchyne.sk\/eshop\/?s={search_term_string}"},"query-input":"required name=search_term_string"}],"inLanguage":"sk-SK"},{"@type":"Organization","@id":"https:\/\/www.ikuchyne.sk\/eshop\/#organization","name":"ikuchyne!","url":"https:\/\/www.ikuchyne.sk\/eshop\/","logo":{"@type":"ImageObject","inLanguage":"sk-SK","@id":"https:\/\/www.ikuchyne.sk\/eshop\/#\/schema\/logo\/image\/","url":"https:\/\/www.ikuchyne.sk\/eshop\/wp-content\/uploads\/2017\/04\/ikuchyne-logo.jpg","contentUrl":"https:\/\/www.ikuchyne.sk\/eshop\/wp-content\/uploads\/2017\/04\/ikuchyne-logo.jpg","width":200,"height":48,"caption":"ikuchyne!"},"image":{"@id":"https:\/\/www.ikuchyne.sk\/eshop\/#\/schema\/logo\/image\/"},"sameAs":["https:\/\/www.facebook.com\/ikuchyne\/","https:\/\/www.instagram.com\/ikuchyne.sk\/","https:\/\/sk.pinterest.com\/ikuchynesk\/"]}]}},"_links":{"self":[{"href":"https:\/\/www.ikuchyne.sk\/eshop\/wp-json\/wp\/v2\/product\/167254"}],"collection":[{"href":"https:\/\/www.ikuchyne.sk\/eshop\/wp-json\/wp\/v2\/product"}],"about":[{"href":"https:\/\/www.ikuchyne.sk\/eshop\/wp-json\/wp\/v2\/types\/product"}],"replies":[{"embeddable":true,"href":"https:\/\/www.ikuchyne.sk\/eshop\/wp-json\/wp\/v2\/comments?post=167254"}],"wp:featuredmedia":[{"embeddable":true,"href":"https:\/\/www.ikuchyne.sk\/eshop\/wp-json\/wp\/v2\/media\/83040"}],"wp:attachment":[{"href":"https:\/\/www.ikuchyne.sk\/eshop\/wp-json\/wp\/v2\/media?parent=167254"}],"wp:term":[{"taxonomy":"product_cat","embeddable":true,"href":"https:\/\/www.ikuchyne.sk\/eshop\/wp-json\/wp\/v2\/product_cat?post=167254"},{"taxonomy":"product_tag","embeddable":true,"href":"https:\/\/www.ikuchyne.sk\/eshop\/wp-json\/wp\/v2\/product_tag?post=167254"}],"curies":[{"name":"wp","href":"https:\/\/api.w.org\/{rel}","templated":true}]}}