{"id":167257,"date":"2024-09-19T09:41:58","date_gmt":"2024-09-19T07:41:58","guid":{"rendered":"https:\/\/www.ikuchyne.sk\/eshop\/?post_type=product&#038;p=167257"},"modified":"2024-09-19T09:44:20","modified_gmt":"2024-09-19T07:44:20","slug":"mega-vypredaj-jedalenska-stolicka-milano-sivozelena-zamat","status":"publish","type":"product","link":"https:\/\/www.ikuchyne.sk\/eshop\/produkt\/mega-vypredaj-jedalenska-stolicka-milano-sivozelena-zamat\/","title":{"rendered":"MEGA V\u00ddPREDAJ \u2013 Jed\u00e1lensk\u00e1 stoli\u010dka Milano sivozelen\u00e1 zamat"},"content":{"rendered":"<p>Zamatov\u00fd po\u0165ah bol zu\u0161\u013eachten\u00fd ozdobn\u00fdm pre\u0161\u00edvan\u00edm.<\/p>\n<p><b>Rozmery<\/b> (cca):<br \/>\n59cm x 84cm x 62cm (\u0160xVxH)<\/p>\n<p><strong>Materi\u00e1l:<\/strong><br \/>\nPo\u0165ah: zamat (100% polyester)<br \/>\nNohy: kovov\u00e9, s pr\u00e1\u0161kovou farbou<\/p>\n<p>Ozdobn\u00e9 pre\u0161\u00edvanie<\/p>\n<p><strong>Farba:<\/strong> sivozelen\u00e1, \u010dierna<br \/>\nDizajn Chesterfield<\/p>\n","protected":false},"excerpt":{"rendered":"<p>Zamatov\u00fd po\u0165ah bol zu\u0161\u013eachten\u00fd ozdobn\u00fdm pre\u0161\u00edvan\u00edm. Rozmery (cca): 59cm x 84cm x 62cm (\u0160xVxH) Materi\u00e1l: Po\u0165ah: zamat (100% polyester) Nohy: kovov\u00e9, s pr\u00e1\u0161kovou farbou Ozdobn\u00e9 pre\u0161\u00edvanie Farba: sivozelen\u00e1, \u010dierna Dizajn<\/p>\n","protected":false},"featured_media":152892,"comment_status":"closed","ping_status":"closed","template":"","meta":[],"product_cat":[3183],"product_tag":[256,2968],"yoast_head":"<!-- This site is optimized with the Yoast SEO plugin v22.1 - https:\/\/yoast.com\/wordpress\/plugins\/seo\/ -->\n<title>MEGA V\u00ddPREDAJ \u2013 Jed\u00e1lensk\u00e1 stoli\u010dka Milano sivozelen\u00e1 zamat &#187; iKuchyne iSHOP s n\u00e1bytkom<\/title>\n<meta name=\"description\" content=\"K\u00fapte si u n\u00e1s MEGA V\u00ddPREDAJ \u2013 Jed\u00e1lensk\u00e1 stoli\u010dka Milano sivozelen\u00e1 zamat za akciov\u00fa cenu. R\u00fdchle dodanie tovaru, odborn\u00e9 poradenstvo a stovky produktov skladom. MEGA V\u00ddPREDAJ \u2013 Jed\u00e1lensk\u00e1 stoli\u010dka Milano sivozelen\u00e1 zamat sa stane dominantou V\u00e1\u0161ho interi\u00e9ru. Internetov\u00fd obchod ikuchyne! pon\u00faka odber MEGA V\u00ddPREDAJ \u2013 Jed\u00e1lensk\u00e1 stoli\u010dka Milano sivozelen\u00e1 zamat u\u017e od 1 kusu.\" \/>\n<meta name=\"robots\" content=\"index, follow, max-snippet:-1, max-image-preview:large, max-video-preview:-1\" \/>\n<link rel=\"canonical\" href=\"https:\/\/www.ikuchyne.sk\/eshop\/produkt\/mega-vypredaj-jedalenska-stolicka-milano-sivozelena-zamat\/\" \/>\n<meta property=\"og:locale\" content=\"sk_SK\" \/>\n<meta property=\"og:type\" content=\"article\" \/>\n<meta property=\"og:title\" content=\"MEGA V\u00ddPREDAJ \u2013 Jed\u00e1lensk\u00e1 stoli\u010dka Milano sivozelen\u00e1 zamat &#187; iKuchyne iSHOP s n\u00e1bytkom\" \/>\n<meta property=\"og:description\" content=\"K\u00fapte si u n\u00e1s MEGA V\u00ddPREDAJ \u2013 Jed\u00e1lensk\u00e1 stoli\u010dka Milano sivozelen\u00e1 zamat za akciov\u00fa cenu. R\u00fdchle dodanie tovaru, odborn\u00e9 poradenstvo a stovky produktov skladom. MEGA V\u00ddPREDAJ \u2013 Jed\u00e1lensk\u00e1 stoli\u010dka Milano sivozelen\u00e1 zamat sa stane dominantou V\u00e1\u0161ho interi\u00e9ru. Internetov\u00fd obchod ikuchyne! pon\u00faka odber MEGA V\u00ddPREDAJ \u2013 Jed\u00e1lensk\u00e1 stoli\u010dka Milano sivozelen\u00e1 zamat u\u017e od 1 kusu.\" \/>\n<meta property=\"og:url\" content=\"https:\/\/www.ikuchyne.sk\/eshop\/produkt\/mega-vypredaj-jedalenska-stolicka-milano-sivozelena-zamat\/\" \/>\n<meta property=\"og:site_name\" content=\"iKuchyne iSHOP s n\u00e1bytkom\" \/>\n<meta property=\"article:publisher\" content=\"https:\/\/www.facebook.com\/ikuchyne\/\" \/>\n<meta property=\"article:modified_time\" content=\"2024-09-19T07:44:20+00:00\" \/>\n<meta property=\"og:image\" content=\"https:\/\/www.ikuchyne.sk\/eshop\/wp-content\/uploads\/2021\/06\/Stoli\u010dka-Milano-siv\u00e1zelen\u00e1-zamat-41180.jpg\" \/>\n\t<meta property=\"og:image:width\" content=\"800\" \/>\n\t<meta property=\"og:image:height\" content=\"533\" \/>\n\t<meta property=\"og:image:type\" content=\"image\/jpeg\" \/>\n<meta name=\"twitter:card\" content=\"summary_large_image\" \/>\n<meta name=\"twitter:label1\" content=\"Predpokladan\u00fd \u010das \u010d\u00edtania\" \/>\n\t<meta name=\"twitter:data1\" content=\"1 min\u00fata\" \/>\n<script type=\"application\/ld+json\" class=\"yoast-schema-graph\">{\"@context\":\"https:\/\/schema.org\",\"@graph\":[{\"@type\":\"WebPage\",\"@id\":\"https:\/\/www.ikuchyne.sk\/eshop\/produkt\/mega-vypredaj-jedalenska-stolicka-milano-sivozelena-zamat\/\",\"url\":\"https:\/\/www.ikuchyne.sk\/eshop\/produkt\/mega-vypredaj-jedalenska-stolicka-milano-sivozelena-zamat\/\",\"name\":\"MEGA V\u00ddPREDAJ \u2013 Jed\u00e1lensk\u00e1 stoli\u010dka Milano sivozelen\u00e1 zamat &#187; iKuchyne iSHOP s n\u00e1bytkom\",\"isPartOf\":{\"@id\":\"https:\/\/www.ikuchyne.sk\/eshop\/#website\"},\"datePublished\":\"2024-09-19T07:41:58+00:00\",\"dateModified\":\"2024-09-19T07:44:20+00:00\",\"description\":\"K\u00fapte si u n\u00e1s MEGA V\u00ddPREDAJ \u2013 Jed\u00e1lensk\u00e1 stoli\u010dka Milano sivozelen\u00e1 zamat za akciov\u00fa cenu. R\u00fdchle dodanie tovaru, odborn\u00e9 poradenstvo a stovky produktov skladom. MEGA V\u00ddPREDAJ \u2013 Jed\u00e1lensk\u00e1 stoli\u010dka Milano sivozelen\u00e1 zamat sa stane dominantou V\u00e1\u0161ho interi\u00e9ru. Internetov\u00fd obchod ikuchyne! pon\u00faka odber MEGA V\u00ddPREDAJ \u2013 Jed\u00e1lensk\u00e1 stoli\u010dka Milano sivozelen\u00e1 zamat u\u017e od 1 kusu.\",\"breadcrumb\":{\"@id\":\"https:\/\/www.ikuchyne.sk\/eshop\/produkt\/mega-vypredaj-jedalenska-stolicka-milano-sivozelena-zamat\/#breadcrumb\"},\"inLanguage\":\"sk-SK\",\"potentialAction\":[{\"@type\":\"ReadAction\",\"target\":[\"https:\/\/www.ikuchyne.sk\/eshop\/produkt\/mega-vypredaj-jedalenska-stolicka-milano-sivozelena-zamat\/\"]}]},{\"@type\":\"BreadcrumbList\",\"@id\":\"https:\/\/www.ikuchyne.sk\/eshop\/produkt\/mega-vypredaj-jedalenska-stolicka-milano-sivozelena-zamat\/#breadcrumb\",\"itemListElement\":[{\"@type\":\"ListItem\",\"position\":1,\"name\":\"Home\",\"item\":\"https:\/\/www.ikuchyne.sk\/eshop\/\"},{\"@type\":\"ListItem\",\"position\":2,\"name\":\"Obchod\",\"item\":\"https:\/\/www.ikuchyne.sk\/eshop\/obchod\/\"},{\"@type\":\"ListItem\",\"position\":3,\"name\":\"MEGA V\u00ddPREDAJ \u2013 Jed\u00e1lensk\u00e1 stoli\u010dka Milano sivozelen\u00e1 zamat\"}]},{\"@type\":\"WebSite\",\"@id\":\"https:\/\/www.ikuchyne.sk\/eshop\/#website\",\"url\":\"https:\/\/www.ikuchyne.sk\/eshop\/\",\"name\":\"iKuchyne iSHOP s n\u00e1bytkom\",\"description\":\"Jed\u00e1lensk\u00e9 stoly, stoli\u010dky, n\u00e1bytok, svietidl\u00e1...\",\"publisher\":{\"@id\":\"https:\/\/www.ikuchyne.sk\/eshop\/#organization\"},\"potentialAction\":[{\"@type\":\"SearchAction\",\"target\":{\"@type\":\"EntryPoint\",\"urlTemplate\":\"https:\/\/www.ikuchyne.sk\/eshop\/?s={search_term_string}\"},\"query-input\":\"required name=search_term_string\"}],\"inLanguage\":\"sk-SK\"},{\"@type\":\"Organization\",\"@id\":\"https:\/\/www.ikuchyne.sk\/eshop\/#organization\",\"name\":\"ikuchyne!\",\"url\":\"https:\/\/www.ikuchyne.sk\/eshop\/\",\"logo\":{\"@type\":\"ImageObject\",\"inLanguage\":\"sk-SK\",\"@id\":\"https:\/\/www.ikuchyne.sk\/eshop\/#\/schema\/logo\/image\/\",\"url\":\"https:\/\/www.ikuchyne.sk\/eshop\/wp-content\/uploads\/2017\/04\/ikuchyne-logo.jpg\",\"contentUrl\":\"https:\/\/www.ikuchyne.sk\/eshop\/wp-content\/uploads\/2017\/04\/ikuchyne-logo.jpg\",\"width\":200,\"height\":48,\"caption\":\"ikuchyne!\"},\"image\":{\"@id\":\"https:\/\/www.ikuchyne.sk\/eshop\/#\/schema\/logo\/image\/\"},\"sameAs\":[\"https:\/\/www.facebook.com\/ikuchyne\/\",\"https:\/\/www.instagram.com\/ikuchyne.sk\/\",\"https:\/\/sk.pinterest.com\/ikuchynesk\/\"]}]}<\/script>\n<!-- \/ Yoast SEO plugin. -->","yoast_head_json":{"title":"MEGA V\u00ddPREDAJ \u2013 Jed\u00e1lensk\u00e1 stoli\u010dka Milano sivozelen\u00e1 zamat &#187; iKuchyne iSHOP s n\u00e1bytkom","description":"K\u00fapte si u n\u00e1s MEGA V\u00ddPREDAJ \u2013 Jed\u00e1lensk\u00e1 stoli\u010dka Milano sivozelen\u00e1 zamat za akciov\u00fa cenu. R\u00fdchle dodanie tovaru, odborn\u00e9 poradenstvo a stovky produktov skladom. MEGA V\u00ddPREDAJ \u2013 Jed\u00e1lensk\u00e1 stoli\u010dka Milano sivozelen\u00e1 zamat sa stane dominantou V\u00e1\u0161ho interi\u00e9ru. Internetov\u00fd obchod ikuchyne! pon\u00faka odber MEGA V\u00ddPREDAJ \u2013 Jed\u00e1lensk\u00e1 stoli\u010dka Milano sivozelen\u00e1 zamat u\u017e od 1 kusu.","robots":{"index":"index","follow":"follow","max-snippet":"max-snippet:-1","max-image-preview":"max-image-preview:large","max-video-preview":"max-video-preview:-1"},"canonical":"https:\/\/www.ikuchyne.sk\/eshop\/produkt\/mega-vypredaj-jedalenska-stolicka-milano-sivozelena-zamat\/","og_locale":"sk_SK","og_type":"article","og_title":"MEGA V\u00ddPREDAJ \u2013 Jed\u00e1lensk\u00e1 stoli\u010dka Milano sivozelen\u00e1 zamat &#187; iKuchyne iSHOP s n\u00e1bytkom","og_description":"K\u00fapte si u n\u00e1s MEGA V\u00ddPREDAJ \u2013 Jed\u00e1lensk\u00e1 stoli\u010dka Milano sivozelen\u00e1 zamat za akciov\u00fa cenu. R\u00fdchle dodanie tovaru, odborn\u00e9 poradenstvo a stovky produktov skladom. MEGA V\u00ddPREDAJ \u2013 Jed\u00e1lensk\u00e1 stoli\u010dka Milano sivozelen\u00e1 zamat sa stane dominantou V\u00e1\u0161ho interi\u00e9ru. Internetov\u00fd obchod ikuchyne! pon\u00faka odber MEGA V\u00ddPREDAJ \u2013 Jed\u00e1lensk\u00e1 stoli\u010dka Milano sivozelen\u00e1 zamat u\u017e od 1 kusu.","og_url":"https:\/\/www.ikuchyne.sk\/eshop\/produkt\/mega-vypredaj-jedalenska-stolicka-milano-sivozelena-zamat\/","og_site_name":"iKuchyne iSHOP s n\u00e1bytkom","article_publisher":"https:\/\/www.facebook.com\/ikuchyne\/","article_modified_time":"2024-09-19T07:44:20+00:00","og_image":[{"width":800,"height":533,"url":"https:\/\/www.ikuchyne.sk\/eshop\/wp-content\/uploads\/2021\/06\/Stoli\u010dka-Milano-siv\u00e1zelen\u00e1-zamat-41180.jpg","type":"image\/jpeg"}],"twitter_card":"summary_large_image","twitter_misc":{"Predpokladan\u00fd \u010das \u010d\u00edtania":"1 min\u00fata"},"schema":{"@context":"https:\/\/schema.org","@graph":[{"@type":"WebPage","@id":"https:\/\/www.ikuchyne.sk\/eshop\/produkt\/mega-vypredaj-jedalenska-stolicka-milano-sivozelena-zamat\/","url":"https:\/\/www.ikuchyne.sk\/eshop\/produkt\/mega-vypredaj-jedalenska-stolicka-milano-sivozelena-zamat\/","name":"MEGA V\u00ddPREDAJ \u2013 Jed\u00e1lensk\u00e1 stoli\u010dka Milano sivozelen\u00e1 zamat &#187; iKuchyne iSHOP s n\u00e1bytkom","isPartOf":{"@id":"https:\/\/www.ikuchyne.sk\/eshop\/#website"},"datePublished":"2024-09-19T07:41:58+00:00","dateModified":"2024-09-19T07:44:20+00:00","description":"K\u00fapte si u n\u00e1s MEGA V\u00ddPREDAJ \u2013 Jed\u00e1lensk\u00e1 stoli\u010dka Milano sivozelen\u00e1 zamat za akciov\u00fa cenu. R\u00fdchle dodanie tovaru, odborn\u00e9 poradenstvo a stovky produktov skladom. MEGA V\u00ddPREDAJ \u2013 Jed\u00e1lensk\u00e1 stoli\u010dka Milano sivozelen\u00e1 zamat sa stane dominantou V\u00e1\u0161ho interi\u00e9ru. Internetov\u00fd obchod ikuchyne! pon\u00faka odber MEGA V\u00ddPREDAJ \u2013 Jed\u00e1lensk\u00e1 stoli\u010dka Milano sivozelen\u00e1 zamat u\u017e od 1 kusu.","breadcrumb":{"@id":"https:\/\/www.ikuchyne.sk\/eshop\/produkt\/mega-vypredaj-jedalenska-stolicka-milano-sivozelena-zamat\/#breadcrumb"},"inLanguage":"sk-SK","potentialAction":[{"@type":"ReadAction","target":["https:\/\/www.ikuchyne.sk\/eshop\/produkt\/mega-vypredaj-jedalenska-stolicka-milano-sivozelena-zamat\/"]}]},{"@type":"BreadcrumbList","@id":"https:\/\/www.ikuchyne.sk\/eshop\/produkt\/mega-vypredaj-jedalenska-stolicka-milano-sivozelena-zamat\/#breadcrumb","itemListElement":[{"@type":"ListItem","position":1,"name":"Home","item":"https:\/\/www.ikuchyne.sk\/eshop\/"},{"@type":"ListItem","position":2,"name":"Obchod","item":"https:\/\/www.ikuchyne.sk\/eshop\/obchod\/"},{"@type":"ListItem","position":3,"name":"MEGA V\u00ddPREDAJ \u2013 Jed\u00e1lensk\u00e1 stoli\u010dka Milano sivozelen\u00e1 zamat"}]},{"@type":"WebSite","@id":"https:\/\/www.ikuchyne.sk\/eshop\/#website","url":"https:\/\/www.ikuchyne.sk\/eshop\/","name":"iKuchyne iSHOP s n\u00e1bytkom","description":"Jed\u00e1lensk\u00e9 stoly, stoli\u010dky, n\u00e1bytok, svietidl\u00e1...","publisher":{"@id":"https:\/\/www.ikuchyne.sk\/eshop\/#organization"},"potentialAction":[{"@type":"SearchAction","target":{"@type":"EntryPoint","urlTemplate":"https:\/\/www.ikuchyne.sk\/eshop\/?s={search_term_string}"},"query-input":"required name=search_term_string"}],"inLanguage":"sk-SK"},{"@type":"Organization","@id":"https:\/\/www.ikuchyne.sk\/eshop\/#organization","name":"ikuchyne!","url":"https:\/\/www.ikuchyne.sk\/eshop\/","logo":{"@type":"ImageObject","inLanguage":"sk-SK","@id":"https:\/\/www.ikuchyne.sk\/eshop\/#\/schema\/logo\/image\/","url":"https:\/\/www.ikuchyne.sk\/eshop\/wp-content\/uploads\/2017\/04\/ikuchyne-logo.jpg","contentUrl":"https:\/\/www.ikuchyne.sk\/eshop\/wp-content\/uploads\/2017\/04\/ikuchyne-logo.jpg","width":200,"height":48,"caption":"ikuchyne!"},"image":{"@id":"https:\/\/www.ikuchyne.sk\/eshop\/#\/schema\/logo\/image\/"},"sameAs":["https:\/\/www.facebook.com\/ikuchyne\/","https:\/\/www.instagram.com\/ikuchyne.sk\/","https:\/\/sk.pinterest.com\/ikuchynesk\/"]}]}},"_links":{"self":[{"href":"https:\/\/www.ikuchyne.sk\/eshop\/wp-json\/wp\/v2\/product\/167257"}],"collection":[{"href":"https:\/\/www.ikuchyne.sk\/eshop\/wp-json\/wp\/v2\/product"}],"about":[{"href":"https:\/\/www.ikuchyne.sk\/eshop\/wp-json\/wp\/v2\/types\/product"}],"replies":[{"embeddable":true,"href":"https:\/\/www.ikuchyne.sk\/eshop\/wp-json\/wp\/v2\/comments?post=167257"}],"wp:featuredmedia":[{"embeddable":true,"href":"https:\/\/www.ikuchyne.sk\/eshop\/wp-json\/wp\/v2\/media\/152892"}],"wp:attachment":[{"href":"https:\/\/www.ikuchyne.sk\/eshop\/wp-json\/wp\/v2\/media?parent=167257"}],"wp:term":[{"taxonomy":"product_cat","embeddable":true,"href":"https:\/\/www.ikuchyne.sk\/eshop\/wp-json\/wp\/v2\/product_cat?post=167257"},{"taxonomy":"product_tag","embeddable":true,"href":"https:\/\/www.ikuchyne.sk\/eshop\/wp-json\/wp\/v2\/product_tag?post=167257"}],"curies":[{"name":"wp","href":"https:\/\/api.w.org\/{rel}","templated":true}]}}