{"id":167281,"date":"2024-09-19T11:13:49","date_gmt":"2024-09-19T09:13:49","guid":{"rendered":"https:\/\/www.ikuchyne.sk\/eshop\/?post_type=product&#038;p=167281"},"modified":"2024-09-19T11:14:55","modified_gmt":"2024-09-19T09:14:55","slug":"mega-vypredaj-konferencny-stolik-root-45-cm-teakove-drevo","status":"publish","type":"product","link":"https:\/\/www.ikuchyne.sk\/eshop\/produkt\/mega-vypredaj-konferencny-stolik-root-45-cm-teakove-drevo\/","title":{"rendered":"MEGA V\u00ddPREDAJ \u2013 Konferen\u010dn\u00fd stol\u00edk Root 45 cm teakov\u00e9 drevo"},"content":{"rendered":"<h1>Konferen\u010dn\u00fd stol\u00edk Root 45 cm teakov\u00e9 drevo \u00bb<\/h1>\n<h4><strong>V\u0161eobecn\u00fd popis:<\/strong><\/h4>\n<p>Konferen\u010dn\u00fd stol\u00edk Root 45 cm teakov\u00e9 drevo\u00a0je nepochybne jedine\u010dn\u00fd a dizajnov\u00fd k\u00fasok z mas\u00edvneho teaku. Prvky n\u00f4h vypl\u00fdvaj\u00fa z po\u010detnosti a tvaru jednotliv\u00fdch vetiev. Vyu\u017eite tent jedine\u010dn\u00fd exempl\u00e1r ako stoli\u010dku, pr\u00edru\u010dn\u00fd stol\u00edk alebo konferen\u010dn\u00fd stol\u00edk!<\/p>\n<p>M\u00e1te radi k\u00fazlo origin\u00e1lu, ale vo va\u0161ej ob\u00fdvacej izbe ch\u00fdba doladi\u0165 posledn\u00e9 detaily? M\u00e1te radi modern\u00fd dizajn dreva a m\u00e1te slabos\u0165 pre jednotliv\u00e9 k\u00fasky? Tento konferen\u010dn\u00fd stol\u00edk Root teakov\u00e9 drevo je jedine\u010dn\u00fdm umeleck\u00fdm dielom vyroben\u00fdm z neo\u0161etren\u00fdch kme\u0148ov stromov. Starostliv\u00e1 v\u00fdroba zachov\u00e1va prirodzenos\u0165. Ka\u017ed\u00fd exempl\u00e1r m\u00e1 jednotliv\u00e9 zrnk\u00e1, z\u00e1rezy a mal\u00e9 pr\u00edrodn\u00e9 otvory, ktor\u00e9 z neho robia kvalitn\u00fd jednorazov\u00fd k\u00fasok.<\/p>\n<p>Ka\u017ed\u00fd pr\u00edru\u010dn\u00fd stol\u00edk je nezamenite\u013ene jedine\u010dn\u00fd a multifunk\u010dn\u00fd. \u017diadny z t\u00fdchto stol\u00edkov nie je rovnak\u00fd: \u010ci u\u017e ich pou\u017e\u00edvate ako stoli\u010dku, pr\u00edru\u010dn\u00fd stol\u00edk alebo konferen\u010dn\u00fd stol\u00edk, ka\u017ed\u00fd stol\u00edk rozpr\u00e1va svoj vlastn\u00fd pr\u00edbeh so svoj\u00edm n\u00e1padn\u00fdm zrnom a jedine\u010dn\u00fdm dizajnom. St\u00f4l dosahuje svoju optim\u00e1lnu polohu v\u010faka extravagantnej nohe. V z\u00e1vislosti od tvaru a mno\u017estva jednotliv\u00fdch t\u00edkov\u00fdch kon\u00e1rov sa l\u00ed\u0161i po\u010det ich prvkov, ktor\u00e9 spolo\u010dne zabezpe\u010duj\u00fa stabilitu a dotv\u00e1raj\u00fa individu\u00e1lny dizajn. Pou\u017eitie pr\u00edrodn\u00fdch materi\u00e1lov m\u00f4\u017ee vies\u0165 k farebn\u00fdm a ve\u013ekostn\u00fdm odch\u00fdlkam. Iba tak bude ka\u017ed\u00fd vyroben\u00fd stol\u00edk nepochybne jedine\u010dn\u00fd.<\/p>\n<h4><strong>Detaily produktu:<\/strong><\/h4>\n<p>Pou\u017eitie pr\u00edrodne vypestovan\u00e9ho dreva m\u00f4\u017ee vies\u0165 k rozdielom vo ve\u013ekosti. Ka\u017ed\u00fd vyroben\u00fd stol\u00edk je jedine\u010dn\u00fd. M\u00f4\u017ee by\u0165 pou\u017eit\u00fd ako taburet, stoli\u010dka alebo ako pr\u00edru\u010dn\u00fd stol\u00edk. Po\u010det no\u017ei\u010diek vypl\u00fdva z tvaru a po\u010detnosti kon\u00e1rov. Ru\u010dne vyroben\u00e9. Takmer \u017eiadne in\u00e9 drevo nie je tak\u00e9 odoln\u00e9 vo\u010di poveternostn\u00fdm vplyvom ako teak. Terasov\u00fd a z\u00e1hradn\u00fd n\u00e1bytok z teaku vzdoruje vetru a da\u017e\u010fu bez probl\u00e9mov a starostlivos\u0165 o zlatohned\u00e9 drevo nie je komplikovan\u00e1. Z\u00e1ruka na roky skvelo vyzeraj\u00faceho n\u00e1bytku z mas\u00edvu!<\/p>\n<p><b>Rozme<\/b><strong>ry (cca):<\/strong><br \/>\n30cm x 45cm x 30cm (\u0160xVxH)<\/p>\n<p><b>Farba:<\/b> pr\u00edrodn\u00e1<br \/>\n<b>Materi\u00e1l:<\/b> drevo (mas\u00edv), teakov\u00e9 drevo<\/p>\n<p>Dodato\u010dn\u00e9 inform\u00e1cie:<\/p>\n<p>V pr\u00edpade z\u00e1ujmu o in\u00e9 stoly ako toaletn\u00e9, p\u00edsacie, konferen\u010dn\u00e9 stol\u00edky \u010di jed\u00e1lensk\u00e9 stoly, nav\u0161t\u00edvte sekciu stoly na <a href=\"https:\/\/www.ikuchyne.sk\/eshop\/kategoria\/stoly\/\">www.ikuchyne.sk\/eshop<\/a><br \/>\nV pr\u00edpade z\u00e1ujmu o n\u00e1bytok na mieru n\u00e1s kontaktuje na <a href=\"http:\/\/www.ikuchyne.sk\">www.ikuchyne.sk<\/a><br \/>\n<b><\/b><\/p>\n","protected":false},"excerpt":{"rendered":"<p>Konferen\u010dn\u00fd stol\u00edk Root 45 cm teakov\u00e9 drevo \u00bb V\u0161eobecn\u00fd popis: Konferen\u010dn\u00fd stol\u00edk Root 45 cm teakov\u00e9 drevo\u00a0je nepochybne jedine\u010dn\u00fd a dizajnov\u00fd k\u00fasok z mas\u00edvneho teaku. Prvky n\u00f4h vypl\u00fdvaj\u00fa z po\u010detnosti<\/p>\n","protected":false},"featured_media":113485,"comment_status":"closed","ping_status":"closed","template":"","meta":[],"product_cat":[3183],"product_tag":[261],"yoast_head":"<!-- This site is optimized with the Yoast SEO plugin v22.1 - https:\/\/yoast.com\/wordpress\/plugins\/seo\/ -->\n<title>Konferen\u010dn\u00fd stol\u00edk Root teakov\u00e9 drevo &#187; iKuchyne iSHOP s n\u00e1bytkom<\/title>\n<meta name=\"description\" content=\"MEGA V\u00ddPREDAJ \u2013 Konferen\u010dn\u00fd stol\u00edk Root 45 cm teakov\u00e9 drevo - r\u00fdchle dodanie, poradenstvo, n\u00e1bytok skladom v Bratislave s ikuchyne.sk - kuchyne na mieru.\" \/>\n<meta name=\"robots\" content=\"index, follow, max-snippet:-1, max-image-preview:large, max-video-preview:-1\" \/>\n<link rel=\"canonical\" href=\"https:\/\/www.ikuchyne.sk\/eshop\/produkt\/mega-vypredaj-konferencny-stolik-root-45-cm-teakove-drevo\/\" \/>\n<meta property=\"og:locale\" content=\"sk_SK\" \/>\n<meta property=\"og:type\" content=\"article\" \/>\n<meta property=\"og:title\" content=\"Konferen\u010dn\u00fd stol\u00edk Root teakov\u00e9 drevo &#187; iKuchyne iSHOP s n\u00e1bytkom\" \/>\n<meta property=\"og:description\" content=\"MEGA V\u00ddPREDAJ \u2013 Konferen\u010dn\u00fd stol\u00edk Root 45 cm teakov\u00e9 drevo - r\u00fdchle dodanie, poradenstvo, n\u00e1bytok skladom v Bratislave s ikuchyne.sk - kuchyne na mieru.\" \/>\n<meta property=\"og:url\" content=\"https:\/\/www.ikuchyne.sk\/eshop\/produkt\/mega-vypredaj-konferencny-stolik-root-45-cm-teakove-drevo\/\" \/>\n<meta property=\"og:site_name\" content=\"iKuchyne iSHOP s n\u00e1bytkom\" \/>\n<meta property=\"article:publisher\" content=\"https:\/\/www.facebook.com\/ikuchyne\/\" \/>\n<meta property=\"article:modified_time\" content=\"2024-09-19T09:14:55+00:00\" \/>\n<meta property=\"og:image\" content=\"https:\/\/www.ikuchyne.sk\/eshop\/wp-content\/uploads\/2019\/08\/Konferencny-stolik-Root-45cm-teakove-drevo-37629.jpg\" \/>\n\t<meta property=\"og:image:width\" content=\"800\" \/>\n\t<meta property=\"og:image:height\" content=\"533\" \/>\n\t<meta property=\"og:image:type\" content=\"image\/jpeg\" \/>\n<meta name=\"twitter:card\" content=\"summary_large_image\" \/>\n<meta name=\"twitter:label1\" content=\"Predpokladan\u00fd \u010das \u010d\u00edtania\" \/>\n\t<meta name=\"twitter:data1\" content=\"2 min\u00faty\" \/>\n<script type=\"application\/ld+json\" class=\"yoast-schema-graph\">{\"@context\":\"https:\/\/schema.org\",\"@graph\":[{\"@type\":\"WebPage\",\"@id\":\"https:\/\/www.ikuchyne.sk\/eshop\/produkt\/mega-vypredaj-konferencny-stolik-root-45-cm-teakove-drevo\/\",\"url\":\"https:\/\/www.ikuchyne.sk\/eshop\/produkt\/mega-vypredaj-konferencny-stolik-root-45-cm-teakove-drevo\/\",\"name\":\"Konferen\u010dn\u00fd stol\u00edk Root teakov\u00e9 drevo &#187; iKuchyne iSHOP s n\u00e1bytkom\",\"isPartOf\":{\"@id\":\"https:\/\/www.ikuchyne.sk\/eshop\/#website\"},\"datePublished\":\"2024-09-19T09:13:49+00:00\",\"dateModified\":\"2024-09-19T09:14:55+00:00\",\"description\":\"MEGA V\u00ddPREDAJ \u2013 Konferen\u010dn\u00fd stol\u00edk Root 45 cm teakov\u00e9 drevo - r\u00fdchle dodanie, poradenstvo, n\u00e1bytok skladom v Bratislave s ikuchyne.sk - kuchyne na mieru.\",\"breadcrumb\":{\"@id\":\"https:\/\/www.ikuchyne.sk\/eshop\/produkt\/mega-vypredaj-konferencny-stolik-root-45-cm-teakove-drevo\/#breadcrumb\"},\"inLanguage\":\"sk-SK\",\"potentialAction\":[{\"@type\":\"ReadAction\",\"target\":[\"https:\/\/www.ikuchyne.sk\/eshop\/produkt\/mega-vypredaj-konferencny-stolik-root-45-cm-teakove-drevo\/\"]}]},{\"@type\":\"BreadcrumbList\",\"@id\":\"https:\/\/www.ikuchyne.sk\/eshop\/produkt\/mega-vypredaj-konferencny-stolik-root-45-cm-teakove-drevo\/#breadcrumb\",\"itemListElement\":[{\"@type\":\"ListItem\",\"position\":1,\"name\":\"Home\",\"item\":\"https:\/\/www.ikuchyne.sk\/eshop\/\"},{\"@type\":\"ListItem\",\"position\":2,\"name\":\"Obchod\",\"item\":\"https:\/\/www.ikuchyne.sk\/eshop\/obchod\/\"},{\"@type\":\"ListItem\",\"position\":3,\"name\":\"MEGA V\u00ddPREDAJ \u2013 Konferen\u010dn\u00fd stol\u00edk Root 45 cm teakov\u00e9 drevo\"}]},{\"@type\":\"WebSite\",\"@id\":\"https:\/\/www.ikuchyne.sk\/eshop\/#website\",\"url\":\"https:\/\/www.ikuchyne.sk\/eshop\/\",\"name\":\"iKuchyne iSHOP s n\u00e1bytkom\",\"description\":\"Jed\u00e1lensk\u00e9 stoly, stoli\u010dky, n\u00e1bytok, svietidl\u00e1...\",\"publisher\":{\"@id\":\"https:\/\/www.ikuchyne.sk\/eshop\/#organization\"},\"potentialAction\":[{\"@type\":\"SearchAction\",\"target\":{\"@type\":\"EntryPoint\",\"urlTemplate\":\"https:\/\/www.ikuchyne.sk\/eshop\/?s={search_term_string}\"},\"query-input\":\"required name=search_term_string\"}],\"inLanguage\":\"sk-SK\"},{\"@type\":\"Organization\",\"@id\":\"https:\/\/www.ikuchyne.sk\/eshop\/#organization\",\"name\":\"ikuchyne!\",\"url\":\"https:\/\/www.ikuchyne.sk\/eshop\/\",\"logo\":{\"@type\":\"ImageObject\",\"inLanguage\":\"sk-SK\",\"@id\":\"https:\/\/www.ikuchyne.sk\/eshop\/#\/schema\/logo\/image\/\",\"url\":\"https:\/\/www.ikuchyne.sk\/eshop\/wp-content\/uploads\/2017\/04\/ikuchyne-logo.jpg\",\"contentUrl\":\"https:\/\/www.ikuchyne.sk\/eshop\/wp-content\/uploads\/2017\/04\/ikuchyne-logo.jpg\",\"width\":200,\"height\":48,\"caption\":\"ikuchyne!\"},\"image\":{\"@id\":\"https:\/\/www.ikuchyne.sk\/eshop\/#\/schema\/logo\/image\/\"},\"sameAs\":[\"https:\/\/www.facebook.com\/ikuchyne\/\",\"https:\/\/www.instagram.com\/ikuchyne.sk\/\",\"https:\/\/sk.pinterest.com\/ikuchynesk\/\"]}]}<\/script>\n<!-- \/ Yoast SEO plugin. -->","yoast_head_json":{"title":"Konferen\u010dn\u00fd stol\u00edk Root teakov\u00e9 drevo &#187; iKuchyne iSHOP s n\u00e1bytkom","description":"MEGA V\u00ddPREDAJ \u2013 Konferen\u010dn\u00fd stol\u00edk Root 45 cm teakov\u00e9 drevo - r\u00fdchle dodanie, poradenstvo, n\u00e1bytok skladom v Bratislave s ikuchyne.sk - kuchyne na mieru.","robots":{"index":"index","follow":"follow","max-snippet":"max-snippet:-1","max-image-preview":"max-image-preview:large","max-video-preview":"max-video-preview:-1"},"canonical":"https:\/\/www.ikuchyne.sk\/eshop\/produkt\/mega-vypredaj-konferencny-stolik-root-45-cm-teakove-drevo\/","og_locale":"sk_SK","og_type":"article","og_title":"Konferen\u010dn\u00fd stol\u00edk Root teakov\u00e9 drevo &#187; iKuchyne iSHOP s n\u00e1bytkom","og_description":"MEGA V\u00ddPREDAJ \u2013 Konferen\u010dn\u00fd stol\u00edk Root 45 cm teakov\u00e9 drevo - r\u00fdchle dodanie, poradenstvo, n\u00e1bytok skladom v Bratislave s ikuchyne.sk - kuchyne na mieru.","og_url":"https:\/\/www.ikuchyne.sk\/eshop\/produkt\/mega-vypredaj-konferencny-stolik-root-45-cm-teakove-drevo\/","og_site_name":"iKuchyne iSHOP s n\u00e1bytkom","article_publisher":"https:\/\/www.facebook.com\/ikuchyne\/","article_modified_time":"2024-09-19T09:14:55+00:00","og_image":[{"width":800,"height":533,"url":"https:\/\/www.ikuchyne.sk\/eshop\/wp-content\/uploads\/2019\/08\/Konferencny-stolik-Root-45cm-teakove-drevo-37629.jpg","type":"image\/jpeg"}],"twitter_card":"summary_large_image","twitter_misc":{"Predpokladan\u00fd \u010das \u010d\u00edtania":"2 min\u00faty"},"schema":{"@context":"https:\/\/schema.org","@graph":[{"@type":"WebPage","@id":"https:\/\/www.ikuchyne.sk\/eshop\/produkt\/mega-vypredaj-konferencny-stolik-root-45-cm-teakove-drevo\/","url":"https:\/\/www.ikuchyne.sk\/eshop\/produkt\/mega-vypredaj-konferencny-stolik-root-45-cm-teakove-drevo\/","name":"Konferen\u010dn\u00fd stol\u00edk Root teakov\u00e9 drevo &#187; iKuchyne iSHOP s n\u00e1bytkom","isPartOf":{"@id":"https:\/\/www.ikuchyne.sk\/eshop\/#website"},"datePublished":"2024-09-19T09:13:49+00:00","dateModified":"2024-09-19T09:14:55+00:00","description":"MEGA V\u00ddPREDAJ \u2013 Konferen\u010dn\u00fd stol\u00edk Root 45 cm teakov\u00e9 drevo - r\u00fdchle dodanie, poradenstvo, n\u00e1bytok skladom v Bratislave s ikuchyne.sk - kuchyne na mieru.","breadcrumb":{"@id":"https:\/\/www.ikuchyne.sk\/eshop\/produkt\/mega-vypredaj-konferencny-stolik-root-45-cm-teakove-drevo\/#breadcrumb"},"inLanguage":"sk-SK","potentialAction":[{"@type":"ReadAction","target":["https:\/\/www.ikuchyne.sk\/eshop\/produkt\/mega-vypredaj-konferencny-stolik-root-45-cm-teakove-drevo\/"]}]},{"@type":"BreadcrumbList","@id":"https:\/\/www.ikuchyne.sk\/eshop\/produkt\/mega-vypredaj-konferencny-stolik-root-45-cm-teakove-drevo\/#breadcrumb","itemListElement":[{"@type":"ListItem","position":1,"name":"Home","item":"https:\/\/www.ikuchyne.sk\/eshop\/"},{"@type":"ListItem","position":2,"name":"Obchod","item":"https:\/\/www.ikuchyne.sk\/eshop\/obchod\/"},{"@type":"ListItem","position":3,"name":"MEGA V\u00ddPREDAJ \u2013 Konferen\u010dn\u00fd stol\u00edk Root 45 cm teakov\u00e9 drevo"}]},{"@type":"WebSite","@id":"https:\/\/www.ikuchyne.sk\/eshop\/#website","url":"https:\/\/www.ikuchyne.sk\/eshop\/","name":"iKuchyne iSHOP s n\u00e1bytkom","description":"Jed\u00e1lensk\u00e9 stoly, stoli\u010dky, n\u00e1bytok, svietidl\u00e1...","publisher":{"@id":"https:\/\/www.ikuchyne.sk\/eshop\/#organization"},"potentialAction":[{"@type":"SearchAction","target":{"@type":"EntryPoint","urlTemplate":"https:\/\/www.ikuchyne.sk\/eshop\/?s={search_term_string}"},"query-input":"required name=search_term_string"}],"inLanguage":"sk-SK"},{"@type":"Organization","@id":"https:\/\/www.ikuchyne.sk\/eshop\/#organization","name":"ikuchyne!","url":"https:\/\/www.ikuchyne.sk\/eshop\/","logo":{"@type":"ImageObject","inLanguage":"sk-SK","@id":"https:\/\/www.ikuchyne.sk\/eshop\/#\/schema\/logo\/image\/","url":"https:\/\/www.ikuchyne.sk\/eshop\/wp-content\/uploads\/2017\/04\/ikuchyne-logo.jpg","contentUrl":"https:\/\/www.ikuchyne.sk\/eshop\/wp-content\/uploads\/2017\/04\/ikuchyne-logo.jpg","width":200,"height":48,"caption":"ikuchyne!"},"image":{"@id":"https:\/\/www.ikuchyne.sk\/eshop\/#\/schema\/logo\/image\/"},"sameAs":["https:\/\/www.facebook.com\/ikuchyne\/","https:\/\/www.instagram.com\/ikuchyne.sk\/","https:\/\/sk.pinterest.com\/ikuchynesk\/"]}]}},"_links":{"self":[{"href":"https:\/\/www.ikuchyne.sk\/eshop\/wp-json\/wp\/v2\/product\/167281"}],"collection":[{"href":"https:\/\/www.ikuchyne.sk\/eshop\/wp-json\/wp\/v2\/product"}],"about":[{"href":"https:\/\/www.ikuchyne.sk\/eshop\/wp-json\/wp\/v2\/types\/product"}],"replies":[{"embeddable":true,"href":"https:\/\/www.ikuchyne.sk\/eshop\/wp-json\/wp\/v2\/comments?post=167281"}],"wp:featuredmedia":[{"embeddable":true,"href":"https:\/\/www.ikuchyne.sk\/eshop\/wp-json\/wp\/v2\/media\/113485"}],"wp:attachment":[{"href":"https:\/\/www.ikuchyne.sk\/eshop\/wp-json\/wp\/v2\/media?parent=167281"}],"wp:term":[{"taxonomy":"product_cat","embeddable":true,"href":"https:\/\/www.ikuchyne.sk\/eshop\/wp-json\/wp\/v2\/product_cat?post=167281"},{"taxonomy":"product_tag","embeddable":true,"href":"https:\/\/www.ikuchyne.sk\/eshop\/wp-json\/wp\/v2\/product_tag?post=167281"}],"curies":[{"name":"wp","href":"https:\/\/api.w.org\/{rel}","templated":true}]}}