{"id":167282,"date":"2024-09-19T11:17:02","date_gmt":"2024-09-19T09:17:02","guid":{"rendered":"https:\/\/www.ikuchyne.sk\/eshop\/?post_type=product&#038;p=167282"},"modified":"2024-09-19T11:18:12","modified_gmt":"2024-09-19T09:18:12","slug":"mega-vypredaj-tyrkysove-hojdacie-kreslo-scandinavia-swing","status":"publish","type":"product","link":"https:\/\/www.ikuchyne.sk\/eshop\/produkt\/mega-vypredaj-tyrkysove-hojdacie-kreslo-scandinavia-swing\/","title":{"rendered":"MEGA V\u00ddPREDAJ \u2013 Tyrkysov\u00e9 hojdacie kreslo Scandinavia Swing"},"content":{"rendered":"<h1>Tyrkysov\u00e9 hojdacie kreslo Scandinavia Swing<\/h1>\n<p><strong>V\u0161eobecn\u00fd opis kresla:<br \/>\n<\/strong>Origin\u00e1lne a komfortn\u00e9 tzrkysov\u00e9\u00e9 hojdacie kreslo zaujme nielen dizajnom, ale aj praktickou str\u00e1nkou. Toto modern\u00e9 kreslo s tvarovan\u00fdm operadlom a pohodln\u00fdm \u010dal\u00fanen\u00fdm sed\u00e1kom z pr\u00edjemn\u00e9ho zamatu si ur\u010dite n\u00e1jde miesto vo va\u0161om domove. Podno\u017e kresla tvor\u00ed zlat\u00fd kovov\u00fd stojan na ly\u017ein\u00e1ch, ktor\u00fd efektne dop\u013a\u0148a tyrkysov\u00fa farbu.<\/p>\n<p><strong>Sed\u00e1k kresla:<br \/>\n<\/strong>Ergonomicky tvarovan\u00fd sed\u00e1k s vyv\u00fd\u0161en\u00fdmi okrajmi je \u010dal\u00fanen\u00fd tyrkysov\u00fdm zamatom.<\/p>\n<p><strong>Podno\u017e kresla:<br \/>\n<\/strong>Podno\u017e hojdacieho kresla je tvoren\u00e1 zlat\u00fdm stojanom na ly\u017ein\u00e1ch.<\/p>\n<p><strong>\u010eal\u0161ie inform\u00e1cie:<br \/>\n<\/strong>V pr\u00edpade zne\u010distenia , pou\u017e\u00edvajte iba prostriedky na b\u00e1ze vody, ur\u010dite nepou\u017e\u00edvajte bielidl\u00e1. Ak nepom\u00f4\u017ee vysu\u0161enie suchou handri\u010dkou, naneste mal\u00e9 mno\u017estvo \u010distiaceho prostriedku na zne\u010disten\u00e9 plochy. \u010cakajte 2-3 min\u00faty a z\u013eahka vy\u010distite kr\u00fa\u017eiv\u00fdmi pohybmi, k\u00fdm \u0161kvrna nezmizne. \u0160kvrnu nechajte prirodzene vyschn\u00fa\u0165. Ke\u010f je povrch such\u00fd, vy\u010de\u0161te vlasy jemnou kefkou.<br \/>\nRada star\u00fdch m\u00e1m: so\u013e rozsypte po zamate a opatrne prekefujte.<\/p>\n<p><b>Rozmery kresla:<br \/>\n<\/b>\u0160\u00edrka kresla: 108 cm<br \/>\nV\u00fd\u0161ka kresla: 75 cm<br \/>\nH\u013abka kresla: 99 cm<br \/>\n<strong>Rozmery sedenia:<\/strong>\u00a045 x 45 x 46 cm (\u0160xVxH)<\/p>\n<p><b>Materi\u00e1l: <\/b>zamat, kov<\/p>\n<p><b>Farba:<\/b> tyrkysov\u00e1, zlat\u00e1<\/p>\n","protected":false},"excerpt":{"rendered":"<p>Tyrkysov\u00e9 hojdacie kreslo Scandinavia Swing V\u0161eobecn\u00fd opis kresla: Origin\u00e1lne a komfortn\u00e9 tzrkysov\u00e9\u00e9 hojdacie kreslo zaujme nielen dizajnom, ale aj praktickou str\u00e1nkou. Toto modern\u00e9 kreslo s tvarovan\u00fdm operadlom a pohodln\u00fdm \u010dal\u00fanen\u00fdm<\/p>\n","protected":false},"featured_media":79508,"comment_status":"open","ping_status":"closed","template":"","meta":[],"product_cat":[3183],"product_tag":[1037,1036],"yoast_head":"<!-- This site is optimized with the Yoast SEO plugin v22.1 - https:\/\/yoast.com\/wordpress\/plugins\/seo\/ -->\n<title>MEGA V\u00ddPREDAJ \u2013 Tyrkysov\u00e9 hojdacie kreslo Scandinavia Swing &#187; iKuchyne iSHOP s n\u00e1bytkom<\/title>\n<meta name=\"description\" content=\"K\u00fapte si u n\u00e1s MEGA V\u00ddPREDAJ \u2013 Tyrkysov\u00e9 hojdacie kreslo Scandinavia Swing za akciov\u00fa cenu. R\u00fdchle dodanie tovaru, odborn\u00e9 poradenstvo a stovky produktov skladom. MEGA V\u00ddPREDAJ \u2013 Tyrkysov\u00e9 hojdacie kreslo Scandinavia Swing sa stane dominantou V\u00e1\u0161ho interi\u00e9ru. Internetov\u00fd obchod ikuchyne! pon\u00faka odber MEGA V\u00ddPREDAJ \u2013 Tyrkysov\u00e9 hojdacie kreslo Scandinavia Swing u\u017e od 1 kusu.\" \/>\n<meta name=\"robots\" content=\"index, follow, max-snippet:-1, max-image-preview:large, max-video-preview:-1\" \/>\n<link rel=\"canonical\" href=\"https:\/\/www.ikuchyne.sk\/eshop\/produkt\/mega-vypredaj-tyrkysove-hojdacie-kreslo-scandinavia-swing\/\" \/>\n<meta property=\"og:locale\" content=\"sk_SK\" \/>\n<meta property=\"og:type\" content=\"article\" \/>\n<meta property=\"og:title\" content=\"MEGA V\u00ddPREDAJ \u2013 Tyrkysov\u00e9 hojdacie kreslo Scandinavia Swing &#187; iKuchyne iSHOP s n\u00e1bytkom\" \/>\n<meta property=\"og:description\" content=\"K\u00fapte si u n\u00e1s MEGA V\u00ddPREDAJ \u2013 Tyrkysov\u00e9 hojdacie kreslo Scandinavia Swing za akciov\u00fa cenu. R\u00fdchle dodanie tovaru, odborn\u00e9 poradenstvo a stovky produktov skladom. MEGA V\u00ddPREDAJ \u2013 Tyrkysov\u00e9 hojdacie kreslo Scandinavia Swing sa stane dominantou V\u00e1\u0161ho interi\u00e9ru. Internetov\u00fd obchod ikuchyne! pon\u00faka odber MEGA V\u00ddPREDAJ \u2013 Tyrkysov\u00e9 hojdacie kreslo Scandinavia Swing u\u017e od 1 kusu.\" \/>\n<meta property=\"og:url\" content=\"https:\/\/www.ikuchyne.sk\/eshop\/produkt\/mega-vypredaj-tyrkysove-hojdacie-kreslo-scandinavia-swing\/\" \/>\n<meta property=\"og:site_name\" content=\"iKuchyne iSHOP s n\u00e1bytkom\" \/>\n<meta property=\"article:publisher\" content=\"https:\/\/www.facebook.com\/ikuchyne\/\" \/>\n<meta property=\"article:modified_time\" content=\"2024-09-19T09:18:12+00:00\" \/>\n<meta property=\"og:image\" content=\"https:\/\/www.ikuchyne.sk\/eshop\/wp-content\/uploads\/2018\/09\/Schaukelstuhl-Scandinavia-Swing-smaragdzelena-38573.jpg\" \/>\n\t<meta property=\"og:image:width\" content=\"800\" \/>\n\t<meta property=\"og:image:height\" content=\"533\" \/>\n\t<meta property=\"og:image:type\" content=\"image\/jpeg\" \/>\n<meta name=\"twitter:card\" content=\"summary_large_image\" \/>\n<meta name=\"twitter:label1\" content=\"Predpokladan\u00fd \u010das \u010d\u00edtania\" \/>\n\t<meta name=\"twitter:data1\" content=\"2 min\u00faty\" \/>\n<script type=\"application\/ld+json\" class=\"yoast-schema-graph\">{\"@context\":\"https:\/\/schema.org\",\"@graph\":[{\"@type\":\"WebPage\",\"@id\":\"https:\/\/www.ikuchyne.sk\/eshop\/produkt\/mega-vypredaj-tyrkysove-hojdacie-kreslo-scandinavia-swing\/\",\"url\":\"https:\/\/www.ikuchyne.sk\/eshop\/produkt\/mega-vypredaj-tyrkysove-hojdacie-kreslo-scandinavia-swing\/\",\"name\":\"MEGA V\u00ddPREDAJ \u2013 Tyrkysov\u00e9 hojdacie kreslo Scandinavia Swing &#187; iKuchyne iSHOP s n\u00e1bytkom\",\"isPartOf\":{\"@id\":\"https:\/\/www.ikuchyne.sk\/eshop\/#website\"},\"datePublished\":\"2024-09-19T09:17:02+00:00\",\"dateModified\":\"2024-09-19T09:18:12+00:00\",\"description\":\"K\u00fapte si u n\u00e1s MEGA V\u00ddPREDAJ \u2013 Tyrkysov\u00e9 hojdacie kreslo Scandinavia Swing za akciov\u00fa cenu. R\u00fdchle dodanie tovaru, odborn\u00e9 poradenstvo a stovky produktov skladom. MEGA V\u00ddPREDAJ \u2013 Tyrkysov\u00e9 hojdacie kreslo Scandinavia Swing sa stane dominantou V\u00e1\u0161ho interi\u00e9ru. Internetov\u00fd obchod ikuchyne! pon\u00faka odber MEGA V\u00ddPREDAJ \u2013 Tyrkysov\u00e9 hojdacie kreslo Scandinavia Swing u\u017e od 1 kusu.\",\"breadcrumb\":{\"@id\":\"https:\/\/www.ikuchyne.sk\/eshop\/produkt\/mega-vypredaj-tyrkysove-hojdacie-kreslo-scandinavia-swing\/#breadcrumb\"},\"inLanguage\":\"sk-SK\",\"potentialAction\":[{\"@type\":\"ReadAction\",\"target\":[\"https:\/\/www.ikuchyne.sk\/eshop\/produkt\/mega-vypredaj-tyrkysove-hojdacie-kreslo-scandinavia-swing\/\"]}]},{\"@type\":\"BreadcrumbList\",\"@id\":\"https:\/\/www.ikuchyne.sk\/eshop\/produkt\/mega-vypredaj-tyrkysove-hojdacie-kreslo-scandinavia-swing\/#breadcrumb\",\"itemListElement\":[{\"@type\":\"ListItem\",\"position\":1,\"name\":\"Home\",\"item\":\"https:\/\/www.ikuchyne.sk\/eshop\/\"},{\"@type\":\"ListItem\",\"position\":2,\"name\":\"Obchod\",\"item\":\"https:\/\/www.ikuchyne.sk\/eshop\/obchod\/\"},{\"@type\":\"ListItem\",\"position\":3,\"name\":\"MEGA V\u00ddPREDAJ \u2013 Tyrkysov\u00e9 hojdacie kreslo Scandinavia Swing\"}]},{\"@type\":\"WebSite\",\"@id\":\"https:\/\/www.ikuchyne.sk\/eshop\/#website\",\"url\":\"https:\/\/www.ikuchyne.sk\/eshop\/\",\"name\":\"iKuchyne iSHOP s n\u00e1bytkom\",\"description\":\"Jed\u00e1lensk\u00e9 stoly, stoli\u010dky, n\u00e1bytok, svietidl\u00e1...\",\"publisher\":{\"@id\":\"https:\/\/www.ikuchyne.sk\/eshop\/#organization\"},\"potentialAction\":[{\"@type\":\"SearchAction\",\"target\":{\"@type\":\"EntryPoint\",\"urlTemplate\":\"https:\/\/www.ikuchyne.sk\/eshop\/?s={search_term_string}\"},\"query-input\":\"required name=search_term_string\"}],\"inLanguage\":\"sk-SK\"},{\"@type\":\"Organization\",\"@id\":\"https:\/\/www.ikuchyne.sk\/eshop\/#organization\",\"name\":\"ikuchyne!\",\"url\":\"https:\/\/www.ikuchyne.sk\/eshop\/\",\"logo\":{\"@type\":\"ImageObject\",\"inLanguage\":\"sk-SK\",\"@id\":\"https:\/\/www.ikuchyne.sk\/eshop\/#\/schema\/logo\/image\/\",\"url\":\"https:\/\/www.ikuchyne.sk\/eshop\/wp-content\/uploads\/2017\/04\/ikuchyne-logo.jpg\",\"contentUrl\":\"https:\/\/www.ikuchyne.sk\/eshop\/wp-content\/uploads\/2017\/04\/ikuchyne-logo.jpg\",\"width\":200,\"height\":48,\"caption\":\"ikuchyne!\"},\"image\":{\"@id\":\"https:\/\/www.ikuchyne.sk\/eshop\/#\/schema\/logo\/image\/\"},\"sameAs\":[\"https:\/\/www.facebook.com\/ikuchyne\/\",\"https:\/\/www.instagram.com\/ikuchyne.sk\/\",\"https:\/\/sk.pinterest.com\/ikuchynesk\/\"]}]}<\/script>\n<!-- \/ Yoast SEO plugin. -->","yoast_head_json":{"title":"MEGA V\u00ddPREDAJ \u2013 Tyrkysov\u00e9 hojdacie kreslo Scandinavia Swing &#187; iKuchyne iSHOP s n\u00e1bytkom","description":"K\u00fapte si u n\u00e1s MEGA V\u00ddPREDAJ \u2013 Tyrkysov\u00e9 hojdacie kreslo Scandinavia Swing za akciov\u00fa cenu. R\u00fdchle dodanie tovaru, odborn\u00e9 poradenstvo a stovky produktov skladom. MEGA V\u00ddPREDAJ \u2013 Tyrkysov\u00e9 hojdacie kreslo Scandinavia Swing sa stane dominantou V\u00e1\u0161ho interi\u00e9ru. Internetov\u00fd obchod ikuchyne! pon\u00faka odber MEGA V\u00ddPREDAJ \u2013 Tyrkysov\u00e9 hojdacie kreslo Scandinavia Swing u\u017e od 1 kusu.","robots":{"index":"index","follow":"follow","max-snippet":"max-snippet:-1","max-image-preview":"max-image-preview:large","max-video-preview":"max-video-preview:-1"},"canonical":"https:\/\/www.ikuchyne.sk\/eshop\/produkt\/mega-vypredaj-tyrkysove-hojdacie-kreslo-scandinavia-swing\/","og_locale":"sk_SK","og_type":"article","og_title":"MEGA V\u00ddPREDAJ \u2013 Tyrkysov\u00e9 hojdacie kreslo Scandinavia Swing &#187; iKuchyne iSHOP s n\u00e1bytkom","og_description":"K\u00fapte si u n\u00e1s MEGA V\u00ddPREDAJ \u2013 Tyrkysov\u00e9 hojdacie kreslo Scandinavia Swing za akciov\u00fa cenu. R\u00fdchle dodanie tovaru, odborn\u00e9 poradenstvo a stovky produktov skladom. MEGA V\u00ddPREDAJ \u2013 Tyrkysov\u00e9 hojdacie kreslo Scandinavia Swing sa stane dominantou V\u00e1\u0161ho interi\u00e9ru. Internetov\u00fd obchod ikuchyne! pon\u00faka odber MEGA V\u00ddPREDAJ \u2013 Tyrkysov\u00e9 hojdacie kreslo Scandinavia Swing u\u017e od 1 kusu.","og_url":"https:\/\/www.ikuchyne.sk\/eshop\/produkt\/mega-vypredaj-tyrkysove-hojdacie-kreslo-scandinavia-swing\/","og_site_name":"iKuchyne iSHOP s n\u00e1bytkom","article_publisher":"https:\/\/www.facebook.com\/ikuchyne\/","article_modified_time":"2024-09-19T09:18:12+00:00","og_image":[{"width":800,"height":533,"url":"https:\/\/www.ikuchyne.sk\/eshop\/wp-content\/uploads\/2018\/09\/Schaukelstuhl-Scandinavia-Swing-smaragdzelena-38573.jpg","type":"image\/jpeg"}],"twitter_card":"summary_large_image","twitter_misc":{"Predpokladan\u00fd \u010das \u010d\u00edtania":"2 min\u00faty"},"schema":{"@context":"https:\/\/schema.org","@graph":[{"@type":"WebPage","@id":"https:\/\/www.ikuchyne.sk\/eshop\/produkt\/mega-vypredaj-tyrkysove-hojdacie-kreslo-scandinavia-swing\/","url":"https:\/\/www.ikuchyne.sk\/eshop\/produkt\/mega-vypredaj-tyrkysove-hojdacie-kreslo-scandinavia-swing\/","name":"MEGA V\u00ddPREDAJ \u2013 Tyrkysov\u00e9 hojdacie kreslo Scandinavia Swing &#187; iKuchyne iSHOP s n\u00e1bytkom","isPartOf":{"@id":"https:\/\/www.ikuchyne.sk\/eshop\/#website"},"datePublished":"2024-09-19T09:17:02+00:00","dateModified":"2024-09-19T09:18:12+00:00","description":"K\u00fapte si u n\u00e1s MEGA V\u00ddPREDAJ \u2013 Tyrkysov\u00e9 hojdacie kreslo Scandinavia Swing za akciov\u00fa cenu. R\u00fdchle dodanie tovaru, odborn\u00e9 poradenstvo a stovky produktov skladom. MEGA V\u00ddPREDAJ \u2013 Tyrkysov\u00e9 hojdacie kreslo Scandinavia Swing sa stane dominantou V\u00e1\u0161ho interi\u00e9ru. Internetov\u00fd obchod ikuchyne! pon\u00faka odber MEGA V\u00ddPREDAJ \u2013 Tyrkysov\u00e9 hojdacie kreslo Scandinavia Swing u\u017e od 1 kusu.","breadcrumb":{"@id":"https:\/\/www.ikuchyne.sk\/eshop\/produkt\/mega-vypredaj-tyrkysove-hojdacie-kreslo-scandinavia-swing\/#breadcrumb"},"inLanguage":"sk-SK","potentialAction":[{"@type":"ReadAction","target":["https:\/\/www.ikuchyne.sk\/eshop\/produkt\/mega-vypredaj-tyrkysove-hojdacie-kreslo-scandinavia-swing\/"]}]},{"@type":"BreadcrumbList","@id":"https:\/\/www.ikuchyne.sk\/eshop\/produkt\/mega-vypredaj-tyrkysove-hojdacie-kreslo-scandinavia-swing\/#breadcrumb","itemListElement":[{"@type":"ListItem","position":1,"name":"Home","item":"https:\/\/www.ikuchyne.sk\/eshop\/"},{"@type":"ListItem","position":2,"name":"Obchod","item":"https:\/\/www.ikuchyne.sk\/eshop\/obchod\/"},{"@type":"ListItem","position":3,"name":"MEGA V\u00ddPREDAJ \u2013 Tyrkysov\u00e9 hojdacie kreslo Scandinavia Swing"}]},{"@type":"WebSite","@id":"https:\/\/www.ikuchyne.sk\/eshop\/#website","url":"https:\/\/www.ikuchyne.sk\/eshop\/","name":"iKuchyne iSHOP s n\u00e1bytkom","description":"Jed\u00e1lensk\u00e9 stoly, stoli\u010dky, n\u00e1bytok, svietidl\u00e1...","publisher":{"@id":"https:\/\/www.ikuchyne.sk\/eshop\/#organization"},"potentialAction":[{"@type":"SearchAction","target":{"@type":"EntryPoint","urlTemplate":"https:\/\/www.ikuchyne.sk\/eshop\/?s={search_term_string}"},"query-input":"required name=search_term_string"}],"inLanguage":"sk-SK"},{"@type":"Organization","@id":"https:\/\/www.ikuchyne.sk\/eshop\/#organization","name":"ikuchyne!","url":"https:\/\/www.ikuchyne.sk\/eshop\/","logo":{"@type":"ImageObject","inLanguage":"sk-SK","@id":"https:\/\/www.ikuchyne.sk\/eshop\/#\/schema\/logo\/image\/","url":"https:\/\/www.ikuchyne.sk\/eshop\/wp-content\/uploads\/2017\/04\/ikuchyne-logo.jpg","contentUrl":"https:\/\/www.ikuchyne.sk\/eshop\/wp-content\/uploads\/2017\/04\/ikuchyne-logo.jpg","width":200,"height":48,"caption":"ikuchyne!"},"image":{"@id":"https:\/\/www.ikuchyne.sk\/eshop\/#\/schema\/logo\/image\/"},"sameAs":["https:\/\/www.facebook.com\/ikuchyne\/","https:\/\/www.instagram.com\/ikuchyne.sk\/","https:\/\/sk.pinterest.com\/ikuchynesk\/"]}]}},"_links":{"self":[{"href":"https:\/\/www.ikuchyne.sk\/eshop\/wp-json\/wp\/v2\/product\/167282"}],"collection":[{"href":"https:\/\/www.ikuchyne.sk\/eshop\/wp-json\/wp\/v2\/product"}],"about":[{"href":"https:\/\/www.ikuchyne.sk\/eshop\/wp-json\/wp\/v2\/types\/product"}],"replies":[{"embeddable":true,"href":"https:\/\/www.ikuchyne.sk\/eshop\/wp-json\/wp\/v2\/comments?post=167282"}],"wp:featuredmedia":[{"embeddable":true,"href":"https:\/\/www.ikuchyne.sk\/eshop\/wp-json\/wp\/v2\/media\/79508"}],"wp:attachment":[{"href":"https:\/\/www.ikuchyne.sk\/eshop\/wp-json\/wp\/v2\/media?parent=167282"}],"wp:term":[{"taxonomy":"product_cat","embeddable":true,"href":"https:\/\/www.ikuchyne.sk\/eshop\/wp-json\/wp\/v2\/product_cat?post=167282"},{"taxonomy":"product_tag","embeddable":true,"href":"https:\/\/www.ikuchyne.sk\/eshop\/wp-json\/wp\/v2\/product_tag?post=167282"}],"curies":[{"name":"wp","href":"https:\/\/api.w.org\/{rel}","templated":true}]}}