{"id":167284,"date":"2024-09-19T11:32:24","date_gmt":"2024-09-19T09:32:24","guid":{"rendered":"https:\/\/www.ikuchyne.sk\/eshop\/?post_type=product&#038;p=167284"},"modified":"2024-12-11T09:04:21","modified_gmt":"2024-12-11T08:04:21","slug":"mega-vypredaj-nastenna-policka-hemingway-set-3ks-mango-prirodna","status":"publish","type":"product","link":"https:\/\/www.ikuchyne.sk\/eshop\/produkt\/mega-vypredaj-nastenna-policka-hemingway-set-3ks-mango-prirodna\/","title":{"rendered":"MEGA V\u00ddPREDAJ \u2013 N\u00e1stenn\u00e1 poli\u010dka Hemingway set 3ks Mango pr\u00edrodn\u00e1"},"content":{"rendered":"<p>Drevo\u00a0m\u00e1 mierne hr\u010dky a stopy po p\u00edlen\u00ed.<br \/>\nPolice m\u00f4\u017eu by\u0165 vodorovne alebo zvislo zavesen\u00e9.<\/p>\n<p><b>Rozmery<\/b> (cca):<br \/>\nve\u013ek\u00e1 polica: 94cm x 25cm x 19cm (\u0160xVxH)<br \/>\nmal\u00e9 police: 43cm x 19cm x 19cm (\u0160xVxH)<br \/>\nHr\u00fabka: 20mm<\/p>\n<p><strong>Materi\u00e1l:<\/strong><br \/>\nMas\u00edvne drevo, mangov\u00e9 drevo, lakovan\u00e9<\/p>\n<p><strong>Farba<\/strong>: pr\u00edrodn\u00e1<br \/>\nKa\u017ed\u00e1 polica m\u00e1 jedine\u010dn\u00e9 zrno.<\/p>\n","protected":false},"excerpt":{"rendered":"<p>Drevo\u00a0m\u00e1 mierne hr\u010dky a stopy po p\u00edlen\u00ed. Police m\u00f4\u017eu by\u0165 vodorovne alebo zvislo zavesen\u00e9. Rozmery (cca): ve\u013ek\u00e1 polica: 94cm x 25cm x 19cm (\u0160xVxH) mal\u00e9 police: 43cm x 19cm x<\/p>\n","protected":false},"featured_media":151317,"comment_status":"closed","ping_status":"closed","template":"","meta":[],"product_cat":[3183],"product_tag":[261],"yoast_head":"<!-- This site is optimized with the Yoast SEO plugin v22.1 - https:\/\/yoast.com\/wordpress\/plugins\/seo\/ -->\n<title>MEGA V\u00ddPREDAJ \u2013 N\u00e1stenn\u00e1 poli\u010dka Hemingway set 3ks Mango pr\u00edrodn\u00e1 &#187; iKuchyne iSHOP s n\u00e1bytkom<\/title>\n<meta name=\"description\" content=\"K\u00fapte si u n\u00e1s MEGA V\u00ddPREDAJ \u2013 N\u00e1stenn\u00e1 poli\u010dka Hemingway set 3ks Mango pr\u00edrodn\u00e1 za akciov\u00fa cenu. R\u00fdchle dodanie tovaru, odborn\u00e9 poradenstvo a stovky produktov skladom. MEGA V\u00ddPREDAJ \u2013 N\u00e1stenn\u00e1 poli\u010dka Hemingway set 3ks Mango pr\u00edrodn\u00e1 sa stane dominantou V\u00e1\u0161ho interi\u00e9ru. Internetov\u00fd obchod ikuchyne! pon\u00faka odber MEGA V\u00ddPREDAJ \u2013 N\u00e1stenn\u00e1 poli\u010dka Hemingway set 3ks Mango pr\u00edrodn\u00e1 u\u017e od 1 kusu.\" \/>\n<meta name=\"robots\" content=\"index, follow, max-snippet:-1, max-image-preview:large, max-video-preview:-1\" \/>\n<link rel=\"canonical\" href=\"https:\/\/www.ikuchyne.sk\/eshop\/produkt\/mega-vypredaj-nastenna-policka-hemingway-set-3ks-mango-prirodna\/\" \/>\n<meta property=\"og:locale\" content=\"sk_SK\" \/>\n<meta property=\"og:type\" content=\"article\" \/>\n<meta property=\"og:title\" content=\"MEGA V\u00ddPREDAJ \u2013 N\u00e1stenn\u00e1 poli\u010dka Hemingway set 3ks Mango pr\u00edrodn\u00e1 &#187; iKuchyne iSHOP s n\u00e1bytkom\" \/>\n<meta property=\"og:description\" content=\"K\u00fapte si u n\u00e1s MEGA V\u00ddPREDAJ \u2013 N\u00e1stenn\u00e1 poli\u010dka Hemingway set 3ks Mango pr\u00edrodn\u00e1 za akciov\u00fa cenu. R\u00fdchle dodanie tovaru, odborn\u00e9 poradenstvo a stovky produktov skladom. MEGA V\u00ddPREDAJ \u2013 N\u00e1stenn\u00e1 poli\u010dka Hemingway set 3ks Mango pr\u00edrodn\u00e1 sa stane dominantou V\u00e1\u0161ho interi\u00e9ru. Internetov\u00fd obchod ikuchyne! pon\u00faka odber MEGA V\u00ddPREDAJ \u2013 N\u00e1stenn\u00e1 poli\u010dka Hemingway set 3ks Mango pr\u00edrodn\u00e1 u\u017e od 1 kusu.\" \/>\n<meta property=\"og:url\" content=\"https:\/\/www.ikuchyne.sk\/eshop\/produkt\/mega-vypredaj-nastenna-policka-hemingway-set-3ks-mango-prirodna\/\" \/>\n<meta property=\"og:site_name\" content=\"iKuchyne iSHOP s n\u00e1bytkom\" \/>\n<meta property=\"article:publisher\" content=\"https:\/\/www.facebook.com\/ikuchyne\/\" \/>\n<meta property=\"article:modified_time\" content=\"2024-12-11T08:04:21+00:00\" \/>\n<meta property=\"og:image\" content=\"https:\/\/www.ikuchyne.sk\/eshop\/wp-content\/uploads\/2021\/04\/N\u00e1stenn\u00fd-reg\u00e1l-Hemingway-set-3ks-Mango-pr\u00edrodn\u00e1-41066.jpg\" \/>\n\t<meta property=\"og:image:width\" content=\"800\" \/>\n\t<meta property=\"og:image:height\" content=\"533\" \/>\n\t<meta property=\"og:image:type\" content=\"image\/jpeg\" \/>\n<meta name=\"twitter:card\" content=\"summary_large_image\" \/>\n<meta name=\"twitter:label1\" content=\"Predpokladan\u00fd \u010das \u010d\u00edtania\" \/>\n\t<meta name=\"twitter:data1\" content=\"1 min\u00fata\" \/>\n<script type=\"application\/ld+json\" class=\"yoast-schema-graph\">{\"@context\":\"https:\/\/schema.org\",\"@graph\":[{\"@type\":\"WebPage\",\"@id\":\"https:\/\/www.ikuchyne.sk\/eshop\/produkt\/mega-vypredaj-nastenna-policka-hemingway-set-3ks-mango-prirodna\/\",\"url\":\"https:\/\/www.ikuchyne.sk\/eshop\/produkt\/mega-vypredaj-nastenna-policka-hemingway-set-3ks-mango-prirodna\/\",\"name\":\"MEGA V\u00ddPREDAJ \u2013 N\u00e1stenn\u00e1 poli\u010dka Hemingway set 3ks Mango pr\u00edrodn\u00e1 &#187; iKuchyne iSHOP s n\u00e1bytkom\",\"isPartOf\":{\"@id\":\"https:\/\/www.ikuchyne.sk\/eshop\/#website\"},\"datePublished\":\"2024-09-19T09:32:24+00:00\",\"dateModified\":\"2024-12-11T08:04:21+00:00\",\"description\":\"K\u00fapte si u n\u00e1s MEGA V\u00ddPREDAJ \u2013 N\u00e1stenn\u00e1 poli\u010dka Hemingway set 3ks Mango pr\u00edrodn\u00e1 za akciov\u00fa cenu. R\u00fdchle dodanie tovaru, odborn\u00e9 poradenstvo a stovky produktov skladom. MEGA V\u00ddPREDAJ \u2013 N\u00e1stenn\u00e1 poli\u010dka Hemingway set 3ks Mango pr\u00edrodn\u00e1 sa stane dominantou V\u00e1\u0161ho interi\u00e9ru. Internetov\u00fd obchod ikuchyne! pon\u00faka odber MEGA V\u00ddPREDAJ \u2013 N\u00e1stenn\u00e1 poli\u010dka Hemingway set 3ks Mango pr\u00edrodn\u00e1 u\u017e od 1 kusu.\",\"breadcrumb\":{\"@id\":\"https:\/\/www.ikuchyne.sk\/eshop\/produkt\/mega-vypredaj-nastenna-policka-hemingway-set-3ks-mango-prirodna\/#breadcrumb\"},\"inLanguage\":\"sk-SK\",\"potentialAction\":[{\"@type\":\"ReadAction\",\"target\":[\"https:\/\/www.ikuchyne.sk\/eshop\/produkt\/mega-vypredaj-nastenna-policka-hemingway-set-3ks-mango-prirodna\/\"]}]},{\"@type\":\"BreadcrumbList\",\"@id\":\"https:\/\/www.ikuchyne.sk\/eshop\/produkt\/mega-vypredaj-nastenna-policka-hemingway-set-3ks-mango-prirodna\/#breadcrumb\",\"itemListElement\":[{\"@type\":\"ListItem\",\"position\":1,\"name\":\"Home\",\"item\":\"https:\/\/www.ikuchyne.sk\/eshop\/\"},{\"@type\":\"ListItem\",\"position\":2,\"name\":\"Obchod\",\"item\":\"https:\/\/www.ikuchyne.sk\/eshop\/obchod\/\"},{\"@type\":\"ListItem\",\"position\":3,\"name\":\"MEGA V\u00ddPREDAJ \u2013 N\u00e1stenn\u00e1 poli\u010dka Hemingway set 3ks Mango pr\u00edrodn\u00e1\"}]},{\"@type\":\"WebSite\",\"@id\":\"https:\/\/www.ikuchyne.sk\/eshop\/#website\",\"url\":\"https:\/\/www.ikuchyne.sk\/eshop\/\",\"name\":\"iKuchyne iSHOP s n\u00e1bytkom\",\"description\":\"Jed\u00e1lensk\u00e9 stoly, stoli\u010dky, n\u00e1bytok, svietidl\u00e1...\",\"publisher\":{\"@id\":\"https:\/\/www.ikuchyne.sk\/eshop\/#organization\"},\"potentialAction\":[{\"@type\":\"SearchAction\",\"target\":{\"@type\":\"EntryPoint\",\"urlTemplate\":\"https:\/\/www.ikuchyne.sk\/eshop\/?s={search_term_string}\"},\"query-input\":\"required name=search_term_string\"}],\"inLanguage\":\"sk-SK\"},{\"@type\":\"Organization\",\"@id\":\"https:\/\/www.ikuchyne.sk\/eshop\/#organization\",\"name\":\"ikuchyne!\",\"url\":\"https:\/\/www.ikuchyne.sk\/eshop\/\",\"logo\":{\"@type\":\"ImageObject\",\"inLanguage\":\"sk-SK\",\"@id\":\"https:\/\/www.ikuchyne.sk\/eshop\/#\/schema\/logo\/image\/\",\"url\":\"https:\/\/www.ikuchyne.sk\/eshop\/wp-content\/uploads\/2017\/04\/ikuchyne-logo.jpg\",\"contentUrl\":\"https:\/\/www.ikuchyne.sk\/eshop\/wp-content\/uploads\/2017\/04\/ikuchyne-logo.jpg\",\"width\":200,\"height\":48,\"caption\":\"ikuchyne!\"},\"image\":{\"@id\":\"https:\/\/www.ikuchyne.sk\/eshop\/#\/schema\/logo\/image\/\"},\"sameAs\":[\"https:\/\/www.facebook.com\/ikuchyne\/\",\"https:\/\/www.instagram.com\/ikuchyne.sk\/\",\"https:\/\/sk.pinterest.com\/ikuchynesk\/\"]}]}<\/script>\n<!-- \/ Yoast SEO plugin. -->","yoast_head_json":{"title":"MEGA V\u00ddPREDAJ \u2013 N\u00e1stenn\u00e1 poli\u010dka Hemingway set 3ks Mango pr\u00edrodn\u00e1 &#187; iKuchyne iSHOP s n\u00e1bytkom","description":"K\u00fapte si u n\u00e1s MEGA V\u00ddPREDAJ \u2013 N\u00e1stenn\u00e1 poli\u010dka Hemingway set 3ks Mango pr\u00edrodn\u00e1 za akciov\u00fa cenu. R\u00fdchle dodanie tovaru, odborn\u00e9 poradenstvo a stovky produktov skladom. MEGA V\u00ddPREDAJ \u2013 N\u00e1stenn\u00e1 poli\u010dka Hemingway set 3ks Mango pr\u00edrodn\u00e1 sa stane dominantou V\u00e1\u0161ho interi\u00e9ru. Internetov\u00fd obchod ikuchyne! pon\u00faka odber MEGA V\u00ddPREDAJ \u2013 N\u00e1stenn\u00e1 poli\u010dka Hemingway set 3ks Mango pr\u00edrodn\u00e1 u\u017e od 1 kusu.","robots":{"index":"index","follow":"follow","max-snippet":"max-snippet:-1","max-image-preview":"max-image-preview:large","max-video-preview":"max-video-preview:-1"},"canonical":"https:\/\/www.ikuchyne.sk\/eshop\/produkt\/mega-vypredaj-nastenna-policka-hemingway-set-3ks-mango-prirodna\/","og_locale":"sk_SK","og_type":"article","og_title":"MEGA V\u00ddPREDAJ \u2013 N\u00e1stenn\u00e1 poli\u010dka Hemingway set 3ks Mango pr\u00edrodn\u00e1 &#187; iKuchyne iSHOP s n\u00e1bytkom","og_description":"K\u00fapte si u n\u00e1s MEGA V\u00ddPREDAJ \u2013 N\u00e1stenn\u00e1 poli\u010dka Hemingway set 3ks Mango pr\u00edrodn\u00e1 za akciov\u00fa cenu. R\u00fdchle dodanie tovaru, odborn\u00e9 poradenstvo a stovky produktov skladom. MEGA V\u00ddPREDAJ \u2013 N\u00e1stenn\u00e1 poli\u010dka Hemingway set 3ks Mango pr\u00edrodn\u00e1 sa stane dominantou V\u00e1\u0161ho interi\u00e9ru. Internetov\u00fd obchod ikuchyne! pon\u00faka odber MEGA V\u00ddPREDAJ \u2013 N\u00e1stenn\u00e1 poli\u010dka Hemingway set 3ks Mango pr\u00edrodn\u00e1 u\u017e od 1 kusu.","og_url":"https:\/\/www.ikuchyne.sk\/eshop\/produkt\/mega-vypredaj-nastenna-policka-hemingway-set-3ks-mango-prirodna\/","og_site_name":"iKuchyne iSHOP s n\u00e1bytkom","article_publisher":"https:\/\/www.facebook.com\/ikuchyne\/","article_modified_time":"2024-12-11T08:04:21+00:00","og_image":[{"width":800,"height":533,"url":"https:\/\/www.ikuchyne.sk\/eshop\/wp-content\/uploads\/2021\/04\/N\u00e1stenn\u00fd-reg\u00e1l-Hemingway-set-3ks-Mango-pr\u00edrodn\u00e1-41066.jpg","type":"image\/jpeg"}],"twitter_card":"summary_large_image","twitter_misc":{"Predpokladan\u00fd \u010das \u010d\u00edtania":"1 min\u00fata"},"schema":{"@context":"https:\/\/schema.org","@graph":[{"@type":"WebPage","@id":"https:\/\/www.ikuchyne.sk\/eshop\/produkt\/mega-vypredaj-nastenna-policka-hemingway-set-3ks-mango-prirodna\/","url":"https:\/\/www.ikuchyne.sk\/eshop\/produkt\/mega-vypredaj-nastenna-policka-hemingway-set-3ks-mango-prirodna\/","name":"MEGA V\u00ddPREDAJ \u2013 N\u00e1stenn\u00e1 poli\u010dka Hemingway set 3ks Mango pr\u00edrodn\u00e1 &#187; iKuchyne iSHOP s n\u00e1bytkom","isPartOf":{"@id":"https:\/\/www.ikuchyne.sk\/eshop\/#website"},"datePublished":"2024-09-19T09:32:24+00:00","dateModified":"2024-12-11T08:04:21+00:00","description":"K\u00fapte si u n\u00e1s MEGA V\u00ddPREDAJ \u2013 N\u00e1stenn\u00e1 poli\u010dka Hemingway set 3ks Mango pr\u00edrodn\u00e1 za akciov\u00fa cenu. R\u00fdchle dodanie tovaru, odborn\u00e9 poradenstvo a stovky produktov skladom. MEGA V\u00ddPREDAJ \u2013 N\u00e1stenn\u00e1 poli\u010dka Hemingway set 3ks Mango pr\u00edrodn\u00e1 sa stane dominantou V\u00e1\u0161ho interi\u00e9ru. Internetov\u00fd obchod ikuchyne! pon\u00faka odber MEGA V\u00ddPREDAJ \u2013 N\u00e1stenn\u00e1 poli\u010dka Hemingway set 3ks Mango pr\u00edrodn\u00e1 u\u017e od 1 kusu.","breadcrumb":{"@id":"https:\/\/www.ikuchyne.sk\/eshop\/produkt\/mega-vypredaj-nastenna-policka-hemingway-set-3ks-mango-prirodna\/#breadcrumb"},"inLanguage":"sk-SK","potentialAction":[{"@type":"ReadAction","target":["https:\/\/www.ikuchyne.sk\/eshop\/produkt\/mega-vypredaj-nastenna-policka-hemingway-set-3ks-mango-prirodna\/"]}]},{"@type":"BreadcrumbList","@id":"https:\/\/www.ikuchyne.sk\/eshop\/produkt\/mega-vypredaj-nastenna-policka-hemingway-set-3ks-mango-prirodna\/#breadcrumb","itemListElement":[{"@type":"ListItem","position":1,"name":"Home","item":"https:\/\/www.ikuchyne.sk\/eshop\/"},{"@type":"ListItem","position":2,"name":"Obchod","item":"https:\/\/www.ikuchyne.sk\/eshop\/obchod\/"},{"@type":"ListItem","position":3,"name":"MEGA V\u00ddPREDAJ \u2013 N\u00e1stenn\u00e1 poli\u010dka Hemingway set 3ks Mango pr\u00edrodn\u00e1"}]},{"@type":"WebSite","@id":"https:\/\/www.ikuchyne.sk\/eshop\/#website","url":"https:\/\/www.ikuchyne.sk\/eshop\/","name":"iKuchyne iSHOP s n\u00e1bytkom","description":"Jed\u00e1lensk\u00e9 stoly, stoli\u010dky, n\u00e1bytok, svietidl\u00e1...","publisher":{"@id":"https:\/\/www.ikuchyne.sk\/eshop\/#organization"},"potentialAction":[{"@type":"SearchAction","target":{"@type":"EntryPoint","urlTemplate":"https:\/\/www.ikuchyne.sk\/eshop\/?s={search_term_string}"},"query-input":"required name=search_term_string"}],"inLanguage":"sk-SK"},{"@type":"Organization","@id":"https:\/\/www.ikuchyne.sk\/eshop\/#organization","name":"ikuchyne!","url":"https:\/\/www.ikuchyne.sk\/eshop\/","logo":{"@type":"ImageObject","inLanguage":"sk-SK","@id":"https:\/\/www.ikuchyne.sk\/eshop\/#\/schema\/logo\/image\/","url":"https:\/\/www.ikuchyne.sk\/eshop\/wp-content\/uploads\/2017\/04\/ikuchyne-logo.jpg","contentUrl":"https:\/\/www.ikuchyne.sk\/eshop\/wp-content\/uploads\/2017\/04\/ikuchyne-logo.jpg","width":200,"height":48,"caption":"ikuchyne!"},"image":{"@id":"https:\/\/www.ikuchyne.sk\/eshop\/#\/schema\/logo\/image\/"},"sameAs":["https:\/\/www.facebook.com\/ikuchyne\/","https:\/\/www.instagram.com\/ikuchyne.sk\/","https:\/\/sk.pinterest.com\/ikuchynesk\/"]}]}},"_links":{"self":[{"href":"https:\/\/www.ikuchyne.sk\/eshop\/wp-json\/wp\/v2\/product\/167284"}],"collection":[{"href":"https:\/\/www.ikuchyne.sk\/eshop\/wp-json\/wp\/v2\/product"}],"about":[{"href":"https:\/\/www.ikuchyne.sk\/eshop\/wp-json\/wp\/v2\/types\/product"}],"replies":[{"embeddable":true,"href":"https:\/\/www.ikuchyne.sk\/eshop\/wp-json\/wp\/v2\/comments?post=167284"}],"wp:featuredmedia":[{"embeddable":true,"href":"https:\/\/www.ikuchyne.sk\/eshop\/wp-json\/wp\/v2\/media\/151317"}],"wp:attachment":[{"href":"https:\/\/www.ikuchyne.sk\/eshop\/wp-json\/wp\/v2\/media?parent=167284"}],"wp:term":[{"taxonomy":"product_cat","embeddable":true,"href":"https:\/\/www.ikuchyne.sk\/eshop\/wp-json\/wp\/v2\/product_cat?post=167284"},{"taxonomy":"product_tag","embeddable":true,"href":"https:\/\/www.ikuchyne.sk\/eshop\/wp-json\/wp\/v2\/product_tag?post=167284"}],"curies":[{"name":"wp","href":"https:\/\/api.w.org\/{rel}","templated":true}]}}