{"id":167302,"date":"2024-09-19T12:09:45","date_gmt":"2024-09-19T10:09:45","guid":{"rendered":"https:\/\/www.ikuchyne.sk\/eshop\/?post_type=product&#038;p=167302"},"modified":"2024-09-19T12:10:50","modified_gmt":"2024-09-19T10:10:50","slug":"mega-vypredaj-hneda-jedalenska-stolicka-loft-otocna","status":"publish","type":"product","link":"https:\/\/www.ikuchyne.sk\/eshop\/produkt\/mega-vypredaj-hneda-jedalenska-stolicka-loft-otocna\/","title":{"rendered":"MEGA V\u00ddPREDAJ \u2013 Hned\u00e1 jed\u00e1lensk\u00e1 stoli\u010dka Loft &#8211; oto\u010dn\u00e1"},"content":{"rendered":"<h1>Hned\u00e1 jed\u00e1lensk\u00e1 stoli\u010dka Loft &#8211; oto\u010dn\u00e1 \u00bb<\/h1>\n<h4><strong>V\u0161eobecn\u00fd popis:<\/strong><\/h4>\n<p>Nad\u010dasov\u00e1 hned\u00e1 jed\u00e1lensk\u00e1 stoli\u010dka Loft &#8211; oto\u010dn\u00e1 s vysoko kvalitn\u00fdm zamatov\u00fdm po\u0165ahom. Sedaciu \u010das\u0165 je mo\u017en\u00e9 oto\u010di\u0165 a\u017e o 180 \u00b0. \u0160tyri stabiln\u00e9 dreven\u00e9 nohy v retro vzh\u013eade zais\u0165uj\u00fa stabiln\u00e9 st\u00e1tie na akomko\u013evek povrchu. Pou\u017eite stoli\u010dku k jed\u00e1lensk\u00e9mu stolu alebo ako konferen\u010dn\u00fa stoli\u010dku!<\/p>\n<p>Nov\u00fd dizajnov\u00fd k\u00fasok vo va\u0161ej jed\u00e1lni. Na tejto nad\u010dasovo dizajnovej stoli\u010dke si m\u00f4\u017eete urobi\u0165 skuto\u010dne pohodlie! Vysoko kvalitn\u00fd zamatov\u00fd po\u0165ah s ozdobn\u00fdm pre\u0161\u00edvan\u00edm vo farebnom preveden\u00ed hned\u00e1 presved\u010d\u00ed skvel\u00fdm pocitom a sedacia \u010das\u0165 stoli\u010dky s polstrovan\u00fdmi podr\u00fa\u010dkami boduje vysok\u00fdm komfortom sedenia. Sedadlo spo\u010d\u00edva na \u0161tyroch stabiln\u00fdch no\u017ei\u010dk\u00e1ch z lakovan\u00e9ho mas\u00edvneho dreva, ktor\u00e9 dod\u00e1vaj\u00fa stoli\u010dke osobit\u00fd retro vzh\u013ead.<\/p>\n<p>T\u00e1to zamatov\u00e1 stoli\u010dka m\u00e1 \u010do pon\u00faknu\u0165! Okrem elegantn\u00e9ho vzh\u013eadu stoli\u010dka zaujme aj \u010fal\u0161ou vlastnos\u0165ou: sedaciu \u010das\u0165 je mo\u017en\u00e9 oto\u010di\u0165 o 180 \u00b0. M\u00f4\u017eete sa teda v sede ot\u00e1\u010da\u0165 okolo v\u0161etk\u00fdch smerov bez toho, aby ste museli h\u00fdba\u0165 stoli\u010dkou. Mimochodom: stoli\u010dku m\u00f4\u017eete nielen pou\u017ei\u0165 k jed\u00e1lensk\u00e9mu stolu, ale svoj\u00edm v\u00fdnimo\u010dn\u00fdm dizajnom posl\u00fa\u017ei aj ako konferen\u010dn\u00e1 stoli\u010dka.<\/p>\n<h4><strong>Detaily produktu:<\/strong><\/h4>\n<p>Zamat je ve\u013emi \u0161peci\u00e1lna po\u0165ahov\u00e1 l\u00e1tka s jedine\u010dn\u00fdmi vlastnos\u0165ami. Jas a intenzita farby sa m\u00f4\u017eu l\u00ed\u0161i\u0165 a na l\u00e1tke je mo\u017en\u00e9 vytv\u00e1ra\u0165 jedine\u010dn\u00e9 vzory &#8211; pod\u013ea toho, v akom smere s\u00fa jemn\u00e9 vl\u00e1kna ma\u013eovan\u00e9 a ako je l\u00e1tka osvetlen\u00e1. V\u00fdsledkom je individu\u00e1lna kompoz\u00edcia farebn\u00fdch odtie\u0148ov a povrchov\u00fdch \u0161trukt\u00far, ktor\u00e9 v\u017edy transformuj\u00fa v\u00e1\u0161 n\u00e1bytok. Stoli\u010dku je mo\u017en\u00e9 \u00fa\u017easne v\u0161estranne kombinova\u0165 s in\u00fdm n\u00e1bytkom. Vhodn\u00e9 bytov\u00e9 doplnky pre kombinovanie interi\u00e9ru s touto jed\u00e1lenskou stoli\u010dkou n\u00e1jdete na na\u0161om e-shope v sekcii Bytov\u00e9 doplnky. Kontaktujte n\u00e1s a my v\u00e1m radi pom\u00f4\u017eeme s v\u00fdberom vhodn\u00fdch dekor\u00e1ci\u00ed do va\u0161ej dom\u00e1cnosti v akomko\u013evek \u0161t\u00fdle.<\/p>\n<p><strong>Podno\u017e stoli\u010dky:<br \/>\n<\/strong>Podno\u017e stoli\u010dky je tvoren\u00e1 \u010diernymi \u00fazkymi kovov\u00fdmi nohami pr\u00edzna\u010dn\u00fdmi pre modern\u00fd\/retro \u0161t\u00fdl.<\/p>\n<p><strong>\u010eal\u0161ie inform\u00e1cie:<br \/>\n<\/strong>V\u00fdborn\u00fd materi\u00e1l rob\u00ed z tejto jed\u00e1lenskej stoli\u010dky \u013eahko udr\u017eiavan\u00fd kus n\u00e1bytku s dlhou \u017eivotnos\u0165ou. O\u0161etrujeme vlhkou handri\u010dkou namo\u010denou v mydlovej vode a vysu\u0161\u00edme dosucha.<\/p>\n<p><b>Rozmery<\/b> (cca): 61cm x 81cm x 62cm (\u0160xVxH)<br \/>\nsedenie: 46cm x 49cm x 44cm (\u0160xVxH)<br \/>\nv\u00fd\u0161ka operadla: 39cm<br \/>\n<b>Farba:<\/b> hned\u00e1<br \/>\n<b>Materi\u00e1l:<\/b> zamat<\/p>\n<p>Dodato\u010dn\u00e9 inform\u00e1cie:<\/p>\n<p>V pr\u00edpade z\u00e1ujmu o in\u00e9 stoli\u010dky &#8211; jed\u00e1lensk\u00e9, barov\u00e9, kancel\u00e1rske, nav\u0161t\u00edvte sekciu stoli\u010dky na <a href=\"https:\/\/www.ikuchyne.sk\/eshop\/kategoria\/stolicky\/\">www.ikuchyne.sk\/eshop<\/a><br \/>\nV pr\u00edpade z\u00e1ujmu o n\u00e1bytok na mieru n\u00e1s kontaktuje na <a href=\"http:\/\/www.ikuchyne.sk\">www.ikuchyne.sk<\/a><\/p>\n","protected":false},"excerpt":{"rendered":"<p>Hned\u00e1 jed\u00e1lensk\u00e1 stoli\u010dka Loft &#8211; oto\u010dn\u00e1 \u00bb V\u0161eobecn\u00fd popis: Nad\u010dasov\u00e1 hned\u00e1 jed\u00e1lensk\u00e1 stoli\u010dka Loft &#8211; oto\u010dn\u00e1 s vysoko kvalitn\u00fdm zamatov\u00fdm po\u0165ahom. Sedaciu \u010das\u0165 je mo\u017en\u00e9 oto\u010di\u0165 a\u017e o 180 \u00b0.<\/p>\n","protected":false},"featured_media":130454,"comment_status":"closed","ping_status":"closed","template":"","meta":[],"product_cat":[3183],"product_tag":[2905],"yoast_head":"<!-- This site is optimized with the Yoast SEO plugin v22.1 - https:\/\/yoast.com\/wordpress\/plugins\/seo\/ -->\n<title>MEGA V\u00ddPREDAJ \u2013 Hned\u00e1 jed\u00e1lensk\u00e1 stoli\u010dka Loft - oto\u010dn\u00e1 &#187; iKuchyne iSHOP s n\u00e1bytkom<\/title>\n<meta name=\"description\" content=\"MEGA V\u00ddPREDAJ \u2013 Hned\u00e1 jed\u00e1lensk\u00e1 stoli\u010dka Loft - oto\u010dn\u00e1 - r\u00fdchle dodanie, poradenstvo, n\u00e1bytok skladom v Bratislave s ikuchyne.sk - kuchyne na mieru.\" \/>\n<meta name=\"robots\" content=\"index, follow, max-snippet:-1, max-image-preview:large, max-video-preview:-1\" \/>\n<link rel=\"canonical\" href=\"https:\/\/www.ikuchyne.sk\/eshop\/produkt\/mega-vypredaj-hneda-jedalenska-stolicka-loft-otocna\/\" \/>\n<meta property=\"og:locale\" content=\"sk_SK\" \/>\n<meta property=\"og:type\" content=\"article\" \/>\n<meta property=\"og:title\" content=\"MEGA V\u00ddPREDAJ \u2013 Hned\u00e1 jed\u00e1lensk\u00e1 stoli\u010dka Loft - oto\u010dn\u00e1 &#187; iKuchyne iSHOP s n\u00e1bytkom\" \/>\n<meta property=\"og:description\" content=\"MEGA V\u00ddPREDAJ \u2013 Hned\u00e1 jed\u00e1lensk\u00e1 stoli\u010dka Loft - oto\u010dn\u00e1 - r\u00fdchle dodanie, poradenstvo, n\u00e1bytok skladom v Bratislave s ikuchyne.sk - kuchyne na mieru.\" \/>\n<meta property=\"og:url\" content=\"https:\/\/www.ikuchyne.sk\/eshop\/produkt\/mega-vypredaj-hneda-jedalenska-stolicka-loft-otocna\/\" \/>\n<meta property=\"og:site_name\" content=\"iKuchyne iSHOP s n\u00e1bytkom\" \/>\n<meta property=\"article:publisher\" content=\"https:\/\/www.facebook.com\/ikuchyne\/\" \/>\n<meta property=\"article:modified_time\" content=\"2024-09-19T10:10:50+00:00\" \/>\n<meta property=\"og:image\" content=\"https:\/\/www.ikuchyne.sk\/eshop\/wp-content\/uploads\/2020\/06\/otocna-jedalenska-stolicka.jpg\" \/>\n\t<meta property=\"og:image:width\" content=\"767\" \/>\n\t<meta property=\"og:image:height\" content=\"512\" \/>\n\t<meta property=\"og:image:type\" content=\"image\/jpeg\" \/>\n<meta name=\"twitter:card\" content=\"summary_large_image\" \/>\n<meta name=\"twitter:label1\" content=\"Predpokladan\u00fd \u010das \u010d\u00edtania\" \/>\n\t<meta name=\"twitter:data1\" content=\"3 min\u00faty\" \/>\n<script type=\"application\/ld+json\" class=\"yoast-schema-graph\">{\"@context\":\"https:\/\/schema.org\",\"@graph\":[{\"@type\":\"WebPage\",\"@id\":\"https:\/\/www.ikuchyne.sk\/eshop\/produkt\/mega-vypredaj-hneda-jedalenska-stolicka-loft-otocna\/\",\"url\":\"https:\/\/www.ikuchyne.sk\/eshop\/produkt\/mega-vypredaj-hneda-jedalenska-stolicka-loft-otocna\/\",\"name\":\"MEGA V\u00ddPREDAJ \u2013 Hned\u00e1 jed\u00e1lensk\u00e1 stoli\u010dka Loft - oto\u010dn\u00e1 &#187; iKuchyne iSHOP s n\u00e1bytkom\",\"isPartOf\":{\"@id\":\"https:\/\/www.ikuchyne.sk\/eshop\/#website\"},\"datePublished\":\"2024-09-19T10:09:45+00:00\",\"dateModified\":\"2024-09-19T10:10:50+00:00\",\"description\":\"MEGA V\u00ddPREDAJ \u2013 Hned\u00e1 jed\u00e1lensk\u00e1 stoli\u010dka Loft - oto\u010dn\u00e1 - r\u00fdchle dodanie, poradenstvo, n\u00e1bytok skladom v Bratislave s ikuchyne.sk - kuchyne na mieru.\",\"breadcrumb\":{\"@id\":\"https:\/\/www.ikuchyne.sk\/eshop\/produkt\/mega-vypredaj-hneda-jedalenska-stolicka-loft-otocna\/#breadcrumb\"},\"inLanguage\":\"sk-SK\",\"potentialAction\":[{\"@type\":\"ReadAction\",\"target\":[\"https:\/\/www.ikuchyne.sk\/eshop\/produkt\/mega-vypredaj-hneda-jedalenska-stolicka-loft-otocna\/\"]}]},{\"@type\":\"BreadcrumbList\",\"@id\":\"https:\/\/www.ikuchyne.sk\/eshop\/produkt\/mega-vypredaj-hneda-jedalenska-stolicka-loft-otocna\/#breadcrumb\",\"itemListElement\":[{\"@type\":\"ListItem\",\"position\":1,\"name\":\"Home\",\"item\":\"https:\/\/www.ikuchyne.sk\/eshop\/\"},{\"@type\":\"ListItem\",\"position\":2,\"name\":\"Obchod\",\"item\":\"https:\/\/www.ikuchyne.sk\/eshop\/obchod\/\"},{\"@type\":\"ListItem\",\"position\":3,\"name\":\"MEGA V\u00ddPREDAJ \u2013 Hned\u00e1 jed\u00e1lensk\u00e1 stoli\u010dka Loft &#8211; oto\u010dn\u00e1\"}]},{\"@type\":\"WebSite\",\"@id\":\"https:\/\/www.ikuchyne.sk\/eshop\/#website\",\"url\":\"https:\/\/www.ikuchyne.sk\/eshop\/\",\"name\":\"iKuchyne iSHOP s n\u00e1bytkom\",\"description\":\"Jed\u00e1lensk\u00e9 stoly, stoli\u010dky, n\u00e1bytok, svietidl\u00e1...\",\"publisher\":{\"@id\":\"https:\/\/www.ikuchyne.sk\/eshop\/#organization\"},\"potentialAction\":[{\"@type\":\"SearchAction\",\"target\":{\"@type\":\"EntryPoint\",\"urlTemplate\":\"https:\/\/www.ikuchyne.sk\/eshop\/?s={search_term_string}\"},\"query-input\":\"required name=search_term_string\"}],\"inLanguage\":\"sk-SK\"},{\"@type\":\"Organization\",\"@id\":\"https:\/\/www.ikuchyne.sk\/eshop\/#organization\",\"name\":\"ikuchyne!\",\"url\":\"https:\/\/www.ikuchyne.sk\/eshop\/\",\"logo\":{\"@type\":\"ImageObject\",\"inLanguage\":\"sk-SK\",\"@id\":\"https:\/\/www.ikuchyne.sk\/eshop\/#\/schema\/logo\/image\/\",\"url\":\"https:\/\/www.ikuchyne.sk\/eshop\/wp-content\/uploads\/2017\/04\/ikuchyne-logo.jpg\",\"contentUrl\":\"https:\/\/www.ikuchyne.sk\/eshop\/wp-content\/uploads\/2017\/04\/ikuchyne-logo.jpg\",\"width\":200,\"height\":48,\"caption\":\"ikuchyne!\"},\"image\":{\"@id\":\"https:\/\/www.ikuchyne.sk\/eshop\/#\/schema\/logo\/image\/\"},\"sameAs\":[\"https:\/\/www.facebook.com\/ikuchyne\/\",\"https:\/\/www.instagram.com\/ikuchyne.sk\/\",\"https:\/\/sk.pinterest.com\/ikuchynesk\/\"]}]}<\/script>\n<!-- \/ Yoast SEO plugin. -->","yoast_head_json":{"title":"MEGA V\u00ddPREDAJ \u2013 Hned\u00e1 jed\u00e1lensk\u00e1 stoli\u010dka Loft - oto\u010dn\u00e1 &#187; iKuchyne iSHOP s n\u00e1bytkom","description":"MEGA V\u00ddPREDAJ \u2013 Hned\u00e1 jed\u00e1lensk\u00e1 stoli\u010dka Loft - oto\u010dn\u00e1 - r\u00fdchle dodanie, poradenstvo, n\u00e1bytok skladom v Bratislave s ikuchyne.sk - kuchyne na mieru.","robots":{"index":"index","follow":"follow","max-snippet":"max-snippet:-1","max-image-preview":"max-image-preview:large","max-video-preview":"max-video-preview:-1"},"canonical":"https:\/\/www.ikuchyne.sk\/eshop\/produkt\/mega-vypredaj-hneda-jedalenska-stolicka-loft-otocna\/","og_locale":"sk_SK","og_type":"article","og_title":"MEGA V\u00ddPREDAJ \u2013 Hned\u00e1 jed\u00e1lensk\u00e1 stoli\u010dka Loft - oto\u010dn\u00e1 &#187; iKuchyne iSHOP s n\u00e1bytkom","og_description":"MEGA V\u00ddPREDAJ \u2013 Hned\u00e1 jed\u00e1lensk\u00e1 stoli\u010dka Loft - oto\u010dn\u00e1 - r\u00fdchle dodanie, poradenstvo, n\u00e1bytok skladom v Bratislave s ikuchyne.sk - kuchyne na mieru.","og_url":"https:\/\/www.ikuchyne.sk\/eshop\/produkt\/mega-vypredaj-hneda-jedalenska-stolicka-loft-otocna\/","og_site_name":"iKuchyne iSHOP s n\u00e1bytkom","article_publisher":"https:\/\/www.facebook.com\/ikuchyne\/","article_modified_time":"2024-09-19T10:10:50+00:00","og_image":[{"width":767,"height":512,"url":"https:\/\/www.ikuchyne.sk\/eshop\/wp-content\/uploads\/2020\/06\/otocna-jedalenska-stolicka.jpg","type":"image\/jpeg"}],"twitter_card":"summary_large_image","twitter_misc":{"Predpokladan\u00fd \u010das \u010d\u00edtania":"3 min\u00faty"},"schema":{"@context":"https:\/\/schema.org","@graph":[{"@type":"WebPage","@id":"https:\/\/www.ikuchyne.sk\/eshop\/produkt\/mega-vypredaj-hneda-jedalenska-stolicka-loft-otocna\/","url":"https:\/\/www.ikuchyne.sk\/eshop\/produkt\/mega-vypredaj-hneda-jedalenska-stolicka-loft-otocna\/","name":"MEGA V\u00ddPREDAJ \u2013 Hned\u00e1 jed\u00e1lensk\u00e1 stoli\u010dka Loft - oto\u010dn\u00e1 &#187; iKuchyne iSHOP s n\u00e1bytkom","isPartOf":{"@id":"https:\/\/www.ikuchyne.sk\/eshop\/#website"},"datePublished":"2024-09-19T10:09:45+00:00","dateModified":"2024-09-19T10:10:50+00:00","description":"MEGA V\u00ddPREDAJ \u2013 Hned\u00e1 jed\u00e1lensk\u00e1 stoli\u010dka Loft - oto\u010dn\u00e1 - r\u00fdchle dodanie, poradenstvo, n\u00e1bytok skladom v Bratislave s ikuchyne.sk - kuchyne na mieru.","breadcrumb":{"@id":"https:\/\/www.ikuchyne.sk\/eshop\/produkt\/mega-vypredaj-hneda-jedalenska-stolicka-loft-otocna\/#breadcrumb"},"inLanguage":"sk-SK","potentialAction":[{"@type":"ReadAction","target":["https:\/\/www.ikuchyne.sk\/eshop\/produkt\/mega-vypredaj-hneda-jedalenska-stolicka-loft-otocna\/"]}]},{"@type":"BreadcrumbList","@id":"https:\/\/www.ikuchyne.sk\/eshop\/produkt\/mega-vypredaj-hneda-jedalenska-stolicka-loft-otocna\/#breadcrumb","itemListElement":[{"@type":"ListItem","position":1,"name":"Home","item":"https:\/\/www.ikuchyne.sk\/eshop\/"},{"@type":"ListItem","position":2,"name":"Obchod","item":"https:\/\/www.ikuchyne.sk\/eshop\/obchod\/"},{"@type":"ListItem","position":3,"name":"MEGA V\u00ddPREDAJ \u2013 Hned\u00e1 jed\u00e1lensk\u00e1 stoli\u010dka Loft &#8211; oto\u010dn\u00e1"}]},{"@type":"WebSite","@id":"https:\/\/www.ikuchyne.sk\/eshop\/#website","url":"https:\/\/www.ikuchyne.sk\/eshop\/","name":"iKuchyne iSHOP s n\u00e1bytkom","description":"Jed\u00e1lensk\u00e9 stoly, stoli\u010dky, n\u00e1bytok, svietidl\u00e1...","publisher":{"@id":"https:\/\/www.ikuchyne.sk\/eshop\/#organization"},"potentialAction":[{"@type":"SearchAction","target":{"@type":"EntryPoint","urlTemplate":"https:\/\/www.ikuchyne.sk\/eshop\/?s={search_term_string}"},"query-input":"required name=search_term_string"}],"inLanguage":"sk-SK"},{"@type":"Organization","@id":"https:\/\/www.ikuchyne.sk\/eshop\/#organization","name":"ikuchyne!","url":"https:\/\/www.ikuchyne.sk\/eshop\/","logo":{"@type":"ImageObject","inLanguage":"sk-SK","@id":"https:\/\/www.ikuchyne.sk\/eshop\/#\/schema\/logo\/image\/","url":"https:\/\/www.ikuchyne.sk\/eshop\/wp-content\/uploads\/2017\/04\/ikuchyne-logo.jpg","contentUrl":"https:\/\/www.ikuchyne.sk\/eshop\/wp-content\/uploads\/2017\/04\/ikuchyne-logo.jpg","width":200,"height":48,"caption":"ikuchyne!"},"image":{"@id":"https:\/\/www.ikuchyne.sk\/eshop\/#\/schema\/logo\/image\/"},"sameAs":["https:\/\/www.facebook.com\/ikuchyne\/","https:\/\/www.instagram.com\/ikuchyne.sk\/","https:\/\/sk.pinterest.com\/ikuchynesk\/"]}]}},"_links":{"self":[{"href":"https:\/\/www.ikuchyne.sk\/eshop\/wp-json\/wp\/v2\/product\/167302"}],"collection":[{"href":"https:\/\/www.ikuchyne.sk\/eshop\/wp-json\/wp\/v2\/product"}],"about":[{"href":"https:\/\/www.ikuchyne.sk\/eshop\/wp-json\/wp\/v2\/types\/product"}],"replies":[{"embeddable":true,"href":"https:\/\/www.ikuchyne.sk\/eshop\/wp-json\/wp\/v2\/comments?post=167302"}],"wp:featuredmedia":[{"embeddable":true,"href":"https:\/\/www.ikuchyne.sk\/eshop\/wp-json\/wp\/v2\/media\/130454"}],"wp:attachment":[{"href":"https:\/\/www.ikuchyne.sk\/eshop\/wp-json\/wp\/v2\/media?parent=167302"}],"wp:term":[{"taxonomy":"product_cat","embeddable":true,"href":"https:\/\/www.ikuchyne.sk\/eshop\/wp-json\/wp\/v2\/product_cat?post=167302"},{"taxonomy":"product_tag","embeddable":true,"href":"https:\/\/www.ikuchyne.sk\/eshop\/wp-json\/wp\/v2\/product_tag?post=167302"}],"curies":[{"name":"wp","href":"https:\/\/api.w.org\/{rel}","templated":true}]}}