{"id":167308,"date":"2024-09-19T13:19:21","date_gmt":"2024-09-19T11:19:21","guid":{"rendered":"https:\/\/www.ikuchyne.sk\/eshop\/?post_type=product&#038;p=167308"},"modified":"2025-04-25T23:46:24","modified_gmt":"2025-04-25T21:46:24","slug":"mega-vypredaj-biela-jedalenska-stolicka-scandinavia-retro","status":"publish","type":"product","link":"https:\/\/www.ikuchyne.sk\/eshop\/produkt\/mega-vypredaj-biela-jedalenska-stolicka-scandinavia-retro\/","title":{"rendered":"MEGA V\u00ddPREDAJ \u2013 Biela jed\u00e1lensk\u00e1 stoli\u010dka Scandinavia Retro"},"content":{"rendered":"<h1>Biela jed\u00e1lensk\u00e1 stoli\u010dka Scandinavia Retro \u00bb<\/h1>\n<h4><strong>V\u0161eobecn\u00fd popis:<\/strong><\/h4>\n<p>Modern\u00e1 biela jed\u00e1lensk\u00e1 stoli\u010dka Scandinavia Retro s po\u0165ahom z vysoko kvalitnej syntetickej ko\u017ee. Syntetick\u00e1 ko\u017ea je ve\u013emi odoln\u00e1 a \u013eahko sa o \u0148u star\u00e1. Biely lakovan\u00fd kovov\u00fd r\u00e1m zais\u0165uje bezpe\u010dn\u00e9 st\u00e1tie. Pou\u017eite stoli\u010dku k jed\u00e1lensk\u00e9mu stolu alebo ako konferen\u010dn\u00fa stoli\u010dku!<\/p>\n<p>Modern\u00fd dizajn sp\u013a\u0148a najvy\u0161\u0161iu \u00farove\u0148 komfortu sedenia. T\u00e1to retro dizajnov\u00e1 stoli\u010dka je skuto\u010dnou dizajnovou klasikou, ktor\u00e1 do v\u00e1\u0161ho domova vn\u00e1\u0161a seversk\u00fd \u017eivotn\u00fd \u0161t\u00fdl! Kreslo presved\u010d\u00ed organicky tvarovanou sedacou \u010das\u0165ou a jasn\u00fdmi l\u00edniami. Zais\u0165uje tak \u0161t\u00fdlov\u00e9, ale z\u00e1rove\u0148 jednoduch\u00e9 \u017eivotn\u00e9 prostredie. V\u010faka \u010dal\u00faneniu vyroben\u00e9mu zo syntetickej ko\u017ee pon\u00faka sedadlo obzvl\u00e1\u0161\u0165 vysok\u00fd komfort a zais\u0165uje tak dlh\u00e9 pohodln\u00e9 sedenie.<\/p>\n<p>\u013dahko kombinovate\u013en\u00e1 a mimoriadne univerz\u00e1lna. \u010eal\u0161\u00edm vizu\u00e1lnym vrcholom s\u00fa robustn\u00e9 nohy stoli\u010dky vyroben\u00e9 z vysoko kvalitn\u00e9ho bieleho kovu, ktor\u00e9 s\u00fa so stoli\u010dkou v perfektnej kombin\u00e1cii a dotv\u00e1raj\u00fa \u0161kandin\u00e1vsky vzh\u013ead. V\u010faka svojmu \u0161t\u00fdlov\u00e9mu dizajnu sa stoli\u010dka v retro dizajne dokonale prisp\u00f4sob\u00ed ka\u017ed\u00e9mu prostrediu. M\u00f4\u017eete ju pou\u017ei\u0165 v\u0161ade tam, kde je potrebn\u00e9 pohodln\u00e9 sedenie.<\/p>\n<h4>Dedaily produktu:<\/h4>\n<p>Modern\u00e1 sedacia \u010das\u0165 v organickom tvare s \u010dal\u00fanen\u00edm zo syntetickej ko\u017ee. R\u00e1m vyroben\u00fd z robustn\u00e9ho chr\u00f3mu pre bezpe\u010dn\u00e9 st\u00e1tie. Po\u0165ah zo syntetickej ko\u017ee je obzvl\u00e1\u0161\u0165 \u013eahko udr\u017eiavate\u013en\u00fd a odoln\u00fd. Max. nosnos\u0165: 120 kg. Vhodn\u00e9 bytov\u00e9 doplnky pre kombinovanie interi\u00e9ru s touto jed\u00e1lenskou stoli\u010dkoou n\u00e1jdete na na\u0161om e-shope v sekcii Bytov\u00e9 doplnky. Kontaktujte n\u00e1s a my v\u00e1m radi pom\u00f4\u017eeme s v\u00fdberom vhodn\u00fdch dekor\u00e1ci\u00ed.<\/p>\n<p><strong>Sed\u00e1k stoli\u010dky:<br \/>\n<\/strong>Ergonomicky tvarovan\u00fd sed\u00e1k z umelej ko\u017ee prinesie pohodlie do ka\u017edej jed\u00e1lne alebo kuchyne.<\/p>\n<p><strong>Podno\u017e stoli\u010dky:<br \/>\n<\/strong>Podno\u017e stoli\u010dky je tvoren\u00e1 typick\u00fdmi nohami z bieleho lakovan\u00e9ho kovu v \u0161kandin\u00e1vskom type.<\/p>\n<p><strong>\u010eal\u0161ie inform\u00e1cie:<br \/>\n<\/strong>Vhodne zvolen\u00fd v\u00fdber materi\u00e1lov rob\u00ed z tejto jed\u00e1lenskej stoli\u010dky \u013eahko udr\u017eiavan\u00fd kus n\u00e1bytku s dlhou \u017eivotnos\u0165ou.\u00a0V pr\u00edpade zne\u010distenia, utierame vlhkou handri\u010dkou a vysu\u0161\u00edme.<\/p>\n<p><b>Rozmery stoli\u010dky:<br \/>\n<\/b>\u0160\u00edrka stoli\u010dky: 50 cm<br \/>\nV\u00fd\u0161ka stoli\u010dky: 85 cm<br \/>\nH\u013abka stoli\u010dky: 60 cm<br \/>\n<strong>Rozmery sedenia:<\/strong> 45cm x 50cm x 40cm (\u0160xVxH)<\/p>\n<p><b>Materi\u00e1l: <\/b>umel\u00e1 ko\u017ea, plast,\u00a0lakovan\u00fd kov<\/p>\n<p><b>Farba:<\/b> biela<\/p>\n<p>Dodato\u010dn\u00e9 inform\u00e1cie:<\/p>\n<p>V pr\u00edpade z\u00e1ujmu o in\u00e9 stoli\u010dky &#8211; jed\u00e1lensk\u00e9, barov\u00e9, kancel\u00e1rske, nav\u0161t\u00edvte sekciu stoli\u010dky na <a href=\"https:\/\/www.ikuchyne.sk\/eshop\/kategoria\/stolicky\/\">www.ikuchyne.sk\/eshop<\/a><br \/>\nV pr\u00edpade z\u00e1ujmu o n\u00e1bytok na mieru n\u00e1s kontaktuje na <a href=\"http:\/\/www.ikuchyne.sk\">www.ikuchyne.sk<\/a><\/p>\n","protected":false},"excerpt":{"rendered":"<p>Biela jed\u00e1lensk\u00e1 stoli\u010dka Scandinavia Retro \u00bb V\u0161eobecn\u00fd popis: Modern\u00e1 biela jed\u00e1lensk\u00e1 stoli\u010dka Scandinavia Retro s po\u0165ahom z vysoko kvalitnej syntetickej ko\u017ee. Syntetick\u00e1 ko\u017ea je ve\u013emi odoln\u00e1 a \u013eahko sa o<\/p>\n","protected":false},"featured_media":7899,"comment_status":"open","ping_status":"closed","template":"","meta":[],"product_cat":[3183],"product_tag":[562],"yoast_head":"<!-- This site is optimized with the Yoast SEO plugin v22.1 - https:\/\/yoast.com\/wordpress\/plugins\/seo\/ -->\n<title>Biela jed\u00e1lensk\u00e1 stoli\u010dka Scandinavia Retro &#187; iKuchyne iSHOP s n\u00e1bytkom<\/title>\n<meta name=\"description\" content=\"MEGA V\u00ddPREDAJ \u2013 Biela jed\u00e1lensk\u00e1 stoli\u010dka Scandinavia Retro - r\u00fdchle dodanie, poradenstvo, n\u00e1bytok skladom v Bratislave s ikuchyne.sk - kuchyne na mieru.\" \/>\n<meta name=\"robots\" content=\"index, follow, max-snippet:-1, max-image-preview:large, max-video-preview:-1\" \/>\n<link rel=\"canonical\" href=\"https:\/\/www.ikuchyne.sk\/eshop\/produkt\/mega-vypredaj-biela-jedalenska-stolicka-scandinavia-retro\/\" \/>\n<meta property=\"og:locale\" content=\"sk_SK\" \/>\n<meta property=\"og:type\" content=\"article\" \/>\n<meta property=\"og:title\" content=\"Biela jed\u00e1lensk\u00e1 stoli\u010dka Scandinavia Retro &#187; iKuchyne iSHOP s n\u00e1bytkom\" \/>\n<meta property=\"og:description\" content=\"MEGA V\u00ddPREDAJ \u2013 Biela jed\u00e1lensk\u00e1 stoli\u010dka Scandinavia Retro - r\u00fdchle dodanie, poradenstvo, n\u00e1bytok skladom v Bratislave s ikuchyne.sk - kuchyne na mieru.\" \/>\n<meta property=\"og:url\" content=\"https:\/\/www.ikuchyne.sk\/eshop\/produkt\/mega-vypredaj-biela-jedalenska-stolicka-scandinavia-retro\/\" \/>\n<meta property=\"og:site_name\" content=\"iKuchyne iSHOP s n\u00e1bytkom\" \/>\n<meta property=\"article:publisher\" content=\"https:\/\/www.facebook.com\/ikuchyne\/\" \/>\n<meta property=\"article:modified_time\" content=\"2025-04-25T21:46:24+00:00\" \/>\n<meta property=\"og:image\" content=\"https:\/\/www.ikuchyne.sk\/eshop\/wp-content\/uploads\/2017\/04\/stolicka-v-1-biela-7.jpg\" \/>\n\t<meta property=\"og:image:width\" content=\"800\" \/>\n\t<meta property=\"og:image:height\" content=\"533\" \/>\n\t<meta property=\"og:image:type\" content=\"image\/jpeg\" \/>\n<meta name=\"twitter:card\" content=\"summary_large_image\" \/>\n<meta name=\"twitter:label1\" content=\"Predpokladan\u00fd \u010das \u010d\u00edtania\" \/>\n\t<meta name=\"twitter:data1\" content=\"3 min\u00faty\" \/>\n<script type=\"application\/ld+json\" class=\"yoast-schema-graph\">{\"@context\":\"https:\/\/schema.org\",\"@graph\":[{\"@type\":\"WebPage\",\"@id\":\"https:\/\/www.ikuchyne.sk\/eshop\/produkt\/mega-vypredaj-biela-jedalenska-stolicka-scandinavia-retro\/\",\"url\":\"https:\/\/www.ikuchyne.sk\/eshop\/produkt\/mega-vypredaj-biela-jedalenska-stolicka-scandinavia-retro\/\",\"name\":\"Biela jed\u00e1lensk\u00e1 stoli\u010dka Scandinavia Retro &#187; iKuchyne iSHOP s n\u00e1bytkom\",\"isPartOf\":{\"@id\":\"https:\/\/www.ikuchyne.sk\/eshop\/#website\"},\"datePublished\":\"2024-09-19T11:19:21+00:00\",\"dateModified\":\"2025-04-25T21:46:24+00:00\",\"description\":\"MEGA V\u00ddPREDAJ \u2013 Biela jed\u00e1lensk\u00e1 stoli\u010dka Scandinavia Retro - r\u00fdchle dodanie, poradenstvo, n\u00e1bytok skladom v Bratislave s ikuchyne.sk - kuchyne na mieru.\",\"breadcrumb\":{\"@id\":\"https:\/\/www.ikuchyne.sk\/eshop\/produkt\/mega-vypredaj-biela-jedalenska-stolicka-scandinavia-retro\/#breadcrumb\"},\"inLanguage\":\"sk-SK\",\"potentialAction\":[{\"@type\":\"ReadAction\",\"target\":[\"https:\/\/www.ikuchyne.sk\/eshop\/produkt\/mega-vypredaj-biela-jedalenska-stolicka-scandinavia-retro\/\"]}]},{\"@type\":\"BreadcrumbList\",\"@id\":\"https:\/\/www.ikuchyne.sk\/eshop\/produkt\/mega-vypredaj-biela-jedalenska-stolicka-scandinavia-retro\/#breadcrumb\",\"itemListElement\":[{\"@type\":\"ListItem\",\"position\":1,\"name\":\"Home\",\"item\":\"https:\/\/www.ikuchyne.sk\/eshop\/\"},{\"@type\":\"ListItem\",\"position\":2,\"name\":\"Obchod\",\"item\":\"https:\/\/www.ikuchyne.sk\/eshop\/obchod\/\"},{\"@type\":\"ListItem\",\"position\":3,\"name\":\"MEGA V\u00ddPREDAJ \u2013 Biela jed\u00e1lensk\u00e1 stoli\u010dka Scandinavia Retro\"}]},{\"@type\":\"WebSite\",\"@id\":\"https:\/\/www.ikuchyne.sk\/eshop\/#website\",\"url\":\"https:\/\/www.ikuchyne.sk\/eshop\/\",\"name\":\"iKuchyne iSHOP s n\u00e1bytkom\",\"description\":\"Jed\u00e1lensk\u00e9 stoly, stoli\u010dky, n\u00e1bytok, svietidl\u00e1...\",\"publisher\":{\"@id\":\"https:\/\/www.ikuchyne.sk\/eshop\/#organization\"},\"potentialAction\":[{\"@type\":\"SearchAction\",\"target\":{\"@type\":\"EntryPoint\",\"urlTemplate\":\"https:\/\/www.ikuchyne.sk\/eshop\/?s={search_term_string}\"},\"query-input\":\"required name=search_term_string\"}],\"inLanguage\":\"sk-SK\"},{\"@type\":\"Organization\",\"@id\":\"https:\/\/www.ikuchyne.sk\/eshop\/#organization\",\"name\":\"ikuchyne!\",\"url\":\"https:\/\/www.ikuchyne.sk\/eshop\/\",\"logo\":{\"@type\":\"ImageObject\",\"inLanguage\":\"sk-SK\",\"@id\":\"https:\/\/www.ikuchyne.sk\/eshop\/#\/schema\/logo\/image\/\",\"url\":\"https:\/\/www.ikuchyne.sk\/eshop\/wp-content\/uploads\/2017\/04\/ikuchyne-logo.jpg\",\"contentUrl\":\"https:\/\/www.ikuchyne.sk\/eshop\/wp-content\/uploads\/2017\/04\/ikuchyne-logo.jpg\",\"width\":200,\"height\":48,\"caption\":\"ikuchyne!\"},\"image\":{\"@id\":\"https:\/\/www.ikuchyne.sk\/eshop\/#\/schema\/logo\/image\/\"},\"sameAs\":[\"https:\/\/www.facebook.com\/ikuchyne\/\",\"https:\/\/www.instagram.com\/ikuchyne.sk\/\",\"https:\/\/sk.pinterest.com\/ikuchynesk\/\"]}]}<\/script>\n<!-- \/ Yoast SEO plugin. -->","yoast_head_json":{"title":"Biela jed\u00e1lensk\u00e1 stoli\u010dka Scandinavia Retro &#187; iKuchyne iSHOP s n\u00e1bytkom","description":"MEGA V\u00ddPREDAJ \u2013 Biela jed\u00e1lensk\u00e1 stoli\u010dka Scandinavia Retro - r\u00fdchle dodanie, poradenstvo, n\u00e1bytok skladom v Bratislave s ikuchyne.sk - kuchyne na mieru.","robots":{"index":"index","follow":"follow","max-snippet":"max-snippet:-1","max-image-preview":"max-image-preview:large","max-video-preview":"max-video-preview:-1"},"canonical":"https:\/\/www.ikuchyne.sk\/eshop\/produkt\/mega-vypredaj-biela-jedalenska-stolicka-scandinavia-retro\/","og_locale":"sk_SK","og_type":"article","og_title":"Biela jed\u00e1lensk\u00e1 stoli\u010dka Scandinavia Retro &#187; iKuchyne iSHOP s n\u00e1bytkom","og_description":"MEGA V\u00ddPREDAJ \u2013 Biela jed\u00e1lensk\u00e1 stoli\u010dka Scandinavia Retro - r\u00fdchle dodanie, poradenstvo, n\u00e1bytok skladom v Bratislave s ikuchyne.sk - kuchyne na mieru.","og_url":"https:\/\/www.ikuchyne.sk\/eshop\/produkt\/mega-vypredaj-biela-jedalenska-stolicka-scandinavia-retro\/","og_site_name":"iKuchyne iSHOP s n\u00e1bytkom","article_publisher":"https:\/\/www.facebook.com\/ikuchyne\/","article_modified_time":"2025-04-25T21:46:24+00:00","og_image":[{"width":800,"height":533,"url":"https:\/\/www.ikuchyne.sk\/eshop\/wp-content\/uploads\/2017\/04\/stolicka-v-1-biela-7.jpg","type":"image\/jpeg"}],"twitter_card":"summary_large_image","twitter_misc":{"Predpokladan\u00fd \u010das \u010d\u00edtania":"3 min\u00faty"},"schema":{"@context":"https:\/\/schema.org","@graph":[{"@type":"WebPage","@id":"https:\/\/www.ikuchyne.sk\/eshop\/produkt\/mega-vypredaj-biela-jedalenska-stolicka-scandinavia-retro\/","url":"https:\/\/www.ikuchyne.sk\/eshop\/produkt\/mega-vypredaj-biela-jedalenska-stolicka-scandinavia-retro\/","name":"Biela jed\u00e1lensk\u00e1 stoli\u010dka Scandinavia Retro &#187; iKuchyne iSHOP s n\u00e1bytkom","isPartOf":{"@id":"https:\/\/www.ikuchyne.sk\/eshop\/#website"},"datePublished":"2024-09-19T11:19:21+00:00","dateModified":"2025-04-25T21:46:24+00:00","description":"MEGA V\u00ddPREDAJ \u2013 Biela jed\u00e1lensk\u00e1 stoli\u010dka Scandinavia Retro - r\u00fdchle dodanie, poradenstvo, n\u00e1bytok skladom v Bratislave s ikuchyne.sk - kuchyne na mieru.","breadcrumb":{"@id":"https:\/\/www.ikuchyne.sk\/eshop\/produkt\/mega-vypredaj-biela-jedalenska-stolicka-scandinavia-retro\/#breadcrumb"},"inLanguage":"sk-SK","potentialAction":[{"@type":"ReadAction","target":["https:\/\/www.ikuchyne.sk\/eshop\/produkt\/mega-vypredaj-biela-jedalenska-stolicka-scandinavia-retro\/"]}]},{"@type":"BreadcrumbList","@id":"https:\/\/www.ikuchyne.sk\/eshop\/produkt\/mega-vypredaj-biela-jedalenska-stolicka-scandinavia-retro\/#breadcrumb","itemListElement":[{"@type":"ListItem","position":1,"name":"Home","item":"https:\/\/www.ikuchyne.sk\/eshop\/"},{"@type":"ListItem","position":2,"name":"Obchod","item":"https:\/\/www.ikuchyne.sk\/eshop\/obchod\/"},{"@type":"ListItem","position":3,"name":"MEGA V\u00ddPREDAJ \u2013 Biela jed\u00e1lensk\u00e1 stoli\u010dka Scandinavia Retro"}]},{"@type":"WebSite","@id":"https:\/\/www.ikuchyne.sk\/eshop\/#website","url":"https:\/\/www.ikuchyne.sk\/eshop\/","name":"iKuchyne iSHOP s n\u00e1bytkom","description":"Jed\u00e1lensk\u00e9 stoly, stoli\u010dky, n\u00e1bytok, svietidl\u00e1...","publisher":{"@id":"https:\/\/www.ikuchyne.sk\/eshop\/#organization"},"potentialAction":[{"@type":"SearchAction","target":{"@type":"EntryPoint","urlTemplate":"https:\/\/www.ikuchyne.sk\/eshop\/?s={search_term_string}"},"query-input":"required name=search_term_string"}],"inLanguage":"sk-SK"},{"@type":"Organization","@id":"https:\/\/www.ikuchyne.sk\/eshop\/#organization","name":"ikuchyne!","url":"https:\/\/www.ikuchyne.sk\/eshop\/","logo":{"@type":"ImageObject","inLanguage":"sk-SK","@id":"https:\/\/www.ikuchyne.sk\/eshop\/#\/schema\/logo\/image\/","url":"https:\/\/www.ikuchyne.sk\/eshop\/wp-content\/uploads\/2017\/04\/ikuchyne-logo.jpg","contentUrl":"https:\/\/www.ikuchyne.sk\/eshop\/wp-content\/uploads\/2017\/04\/ikuchyne-logo.jpg","width":200,"height":48,"caption":"ikuchyne!"},"image":{"@id":"https:\/\/www.ikuchyne.sk\/eshop\/#\/schema\/logo\/image\/"},"sameAs":["https:\/\/www.facebook.com\/ikuchyne\/","https:\/\/www.instagram.com\/ikuchyne.sk\/","https:\/\/sk.pinterest.com\/ikuchynesk\/"]}]}},"_links":{"self":[{"href":"https:\/\/www.ikuchyne.sk\/eshop\/wp-json\/wp\/v2\/product\/167308"}],"collection":[{"href":"https:\/\/www.ikuchyne.sk\/eshop\/wp-json\/wp\/v2\/product"}],"about":[{"href":"https:\/\/www.ikuchyne.sk\/eshop\/wp-json\/wp\/v2\/types\/product"}],"replies":[{"embeddable":true,"href":"https:\/\/www.ikuchyne.sk\/eshop\/wp-json\/wp\/v2\/comments?post=167308"}],"wp:featuredmedia":[{"embeddable":true,"href":"https:\/\/www.ikuchyne.sk\/eshop\/wp-json\/wp\/v2\/media\/7899"}],"wp:attachment":[{"href":"https:\/\/www.ikuchyne.sk\/eshop\/wp-json\/wp\/v2\/media?parent=167308"}],"wp:term":[{"taxonomy":"product_cat","embeddable":true,"href":"https:\/\/www.ikuchyne.sk\/eshop\/wp-json\/wp\/v2\/product_cat?post=167308"},{"taxonomy":"product_tag","embeddable":true,"href":"https:\/\/www.ikuchyne.sk\/eshop\/wp-json\/wp\/v2\/product_tag?post=167308"}],"curies":[{"name":"wp","href":"https:\/\/api.w.org\/{rel}","templated":true}]}}