{"id":21606,"date":"2017-11-07T09:48:15","date_gmt":"2017-11-07T08:48:15","guid":{"rendered":"http:\/\/potocan.com\/eshop\/?post_type=product&#038;p=21606"},"modified":"2024-03-10T19:20:14","modified_gmt":"2024-03-10T18:20:14","slug":"siva-jedalenska-stolicka-oxford","status":"publish","type":"product","link":"https:\/\/www.ikuchyne.sk\/eshop\/produkt\/siva-jedalenska-stolicka-oxford\/","title":{"rendered":"Siv\u00e1 jed\u00e1lensk\u00e1 stoli\u010dka Oxford \u00bb"},"content":{"rendered":"<h1>Siv\u00e1 jed\u00e1lensk\u00e1 stoli\u010dka Oxford<\/h1>\n<div class=\"electro-description\">\n<div class=\"electro-description\">\n<p><strong>V\u0161eobecn\u00fd opis stoli\u010dky:<br \/>\n<\/strong>Modern\u00e1 siv\u00e1 jed\u00e1lensk\u00e1 stoli\u010dka s pohodln\u00fdm a m\u00e4kk\u00fdm \u010dal\u00fanen\u00fdm sed\u00e1kom z mikrovl\u00e1kna a kovov\u00fdm ly\u017einov\u00fdm podstavcom si n\u00e1jde miesto aj v industri\u00e1lne ladenom interi\u00e9ri. Zauj\u00edmavo pre\u0161it\u00fd povrch, vkusn\u00e1 farba a tmav\u00fd podstavec robia z tejto stoli\u010dky modern\u00fd kus n\u00e1bytku. Povrch sed\u00e1ka tvor\u00ed mikrovl\u00e1kno v netradi\u010dnej sivej farbe\u00a0 Pre\u0161itie na sed\u00e1ku evokuje vsaden\u00e9 gomb\u00edky, ktor\u00e9 ozvl\u00e1\u0161tnia celkov\u00fd dizajn stoli\u010dky. Podno\u017e jed\u00e1lenskej stoli\u010dky tvor\u00ed \u010dierny kovov\u00fd ly\u017einov\u00fd podstavec. T\u00e1to stoli\u010dka je pohodln\u00e1 a v\u010faka \u0161t\u00fdlov\u00e9mu dizajnu vynikne v ka\u017edej modernej jed\u00e1lni.<\/p>\n<p><strong>Sed\u00e1k stoli\u010dky:<br \/>\n<\/strong>Povrch sed\u00e1ka tvor\u00ed mikrovl\u00e1kno v netradi\u010dnej sivej farbe. Pre\u0161itie na sed\u00e1ku evokuje vsaden\u00e9 gomb\u00edky, ktor\u00e9 ozvl\u00e1\u0161tnia celkov\u00fd dizajn stoli\u010dky.<\/p>\n<p><strong>Podno\u017e stoli\u010dky:<br \/>\n<\/strong>Podno\u017e stoli\u010dky je tvoren\u00e1 \u010diernym kovov\u00fdm ly\u017einov\u00fdm podstavcom pr\u00edzna\u010dn\u00fdm pre industri\u00e1lny \u0161t\u00fdl b\u00fdvania.<\/p>\n<p><strong>\u010eal\u0161ie inform\u00e1cie:<br \/>\n<\/strong>Vhodne zvolen\u00fd v\u00fdber materi\u00e1lov rob\u00ed z tejto jed\u00e1lenskej stoli\u010dky \u013eahko udr\u017eiavan\u00fd kus n\u00e1bytku s dlhou \u017eivotnos\u0165ou. O\u0161etrujeme vlhkou handri\u010dkou namo\u010denou v mydlovej vode a vysu\u0161\u00edme dosucha.<\/p>\n<p><b>Rozmery stoli\u010dky:<br \/>\n<\/b>\u0160\u00edrka stoli\u010dky: 45 cm<br \/>\nV\u00fd\u0161ka stoli\u010dky: 90 cm<br \/>\nH\u013abka stoli\u010dky: 55 cm<br \/>\n<strong>Rozmery sedenia:<\/strong>\u00a040 x 50 x 40 (\u0160xVxH)<br \/>\n<strong>V\u00fd\u0161ka operadla:\u00a0<\/strong>45 cm<\/p>\n<p><b>Materi\u00e1l:<\/b>\u00a0mikrovl\u00e1kno, kov<\/p>\n<p><b>Farba:<\/b>\u00a0siv\u00e1, \u010dierna<\/p>\n<\/div>\n<\/div>\n","protected":false},"excerpt":{"rendered":"<p>Siv\u00e1 jed\u00e1lensk\u00e1 stoli\u010dka Oxford V\u0161eobecn\u00fd opis stoli\u010dky: Modern\u00e1 siv\u00e1 jed\u00e1lensk\u00e1 stoli\u010dka s pohodln\u00fdm a m\u00e4kk\u00fdm \u010dal\u00fanen\u00fdm sed\u00e1kom z mikrovl\u00e1kna a kovov\u00fdm ly\u017einov\u00fdm podstavcom si n\u00e1jde miesto aj v industri\u00e1lne ladenom<\/p>\n","protected":false},"featured_media":21607,"comment_status":"open","ping_status":"closed","template":"","meta":[],"product_cat":[310,823,820,826,828,830],"product_tag":[257],"yoast_head":"<!-- This site is optimized with the Yoast SEO plugin v22.1 - https:\/\/yoast.com\/wordpress\/plugins\/seo\/ -->\n<title>Siv\u00e1 jed\u00e1lensk\u00e1 stoli\u010dka Oxford \u00bb &#187; iKuchyne iSHOP s n\u00e1bytkom<\/title>\n<meta name=\"description\" content=\"K\u00fapte si u n\u00e1s Siv\u00e1 jed\u00e1lensk\u00e1 stoli\u010dka Oxford \u00bb za akciov\u00fa cenu. R\u00fdchle dodanie tovaru, odborn\u00e9 poradenstvo a stovky produktov skladom. Siv\u00e1 jed\u00e1lensk\u00e1 stoli\u010dka Oxford \u00bb sa stane dominantou V\u00e1\u0161ho interi\u00e9ru. Internetov\u00fd obchod ikuchyne! pon\u00faka odber Siv\u00e1 jed\u00e1lensk\u00e1 stoli\u010dka Oxford \u00bb u\u017e od 1 kusu.\" \/>\n<meta name=\"robots\" content=\"index, follow, max-snippet:-1, max-image-preview:large, max-video-preview:-1\" \/>\n<link rel=\"canonical\" href=\"https:\/\/www.ikuchyne.sk\/eshop\/produkt\/siva-jedalenska-stolicka-oxford\/\" \/>\n<meta property=\"og:locale\" content=\"sk_SK\" \/>\n<meta property=\"og:type\" content=\"article\" \/>\n<meta property=\"og:title\" content=\"Siv\u00e1 jed\u00e1lensk\u00e1 stoli\u010dka Oxford \u00bb &#187; iKuchyne iSHOP s n\u00e1bytkom\" \/>\n<meta property=\"og:description\" content=\"K\u00fapte si u n\u00e1s Siv\u00e1 jed\u00e1lensk\u00e1 stoli\u010dka Oxford \u00bb za akciov\u00fa cenu. R\u00fdchle dodanie tovaru, odborn\u00e9 poradenstvo a stovky produktov skladom. Siv\u00e1 jed\u00e1lensk\u00e1 stoli\u010dka Oxford \u00bb sa stane dominantou V\u00e1\u0161ho interi\u00e9ru. Internetov\u00fd obchod ikuchyne! pon\u00faka odber Siv\u00e1 jed\u00e1lensk\u00e1 stoli\u010dka Oxford \u00bb u\u017e od 1 kusu.\" \/>\n<meta property=\"og:url\" content=\"https:\/\/www.ikuchyne.sk\/eshop\/produkt\/siva-jedalenska-stolicka-oxford\/\" \/>\n<meta property=\"og:site_name\" content=\"iKuchyne iSHOP s n\u00e1bytkom\" \/>\n<meta property=\"article:publisher\" content=\"https:\/\/www.facebook.com\/ikuchyne\/\" \/>\n<meta property=\"article:modified_time\" content=\"2024-03-10T18:20:14+00:00\" \/>\n<meta property=\"og:image\" content=\"https:\/\/www.ikuchyne.sk\/eshop\/wp-content\/uploads\/2017\/05\/stolicka-v-1-siva.jpg\" \/>\n\t<meta property=\"og:image:width\" content=\"800\" \/>\n\t<meta property=\"og:image:height\" content=\"533\" \/>\n\t<meta property=\"og:image:type\" content=\"image\/jpeg\" \/>\n<meta name=\"twitter:card\" content=\"summary_large_image\" \/>\n<meta name=\"twitter:label1\" content=\"Predpokladan\u00fd \u010das \u010d\u00edtania\" \/>\n\t<meta name=\"twitter:data1\" content=\"1 min\u00fata\" \/>\n<script type=\"application\/ld+json\" class=\"yoast-schema-graph\">{\"@context\":\"https:\/\/schema.org\",\"@graph\":[{\"@type\":\"WebPage\",\"@id\":\"https:\/\/www.ikuchyne.sk\/eshop\/produkt\/siva-jedalenska-stolicka-oxford\/\",\"url\":\"https:\/\/www.ikuchyne.sk\/eshop\/produkt\/siva-jedalenska-stolicka-oxford\/\",\"name\":\"Siv\u00e1 jed\u00e1lensk\u00e1 stoli\u010dka Oxford \u00bb &#187; iKuchyne iSHOP s n\u00e1bytkom\",\"isPartOf\":{\"@id\":\"https:\/\/www.ikuchyne.sk\/eshop\/#website\"},\"datePublished\":\"2017-11-07T08:48:15+00:00\",\"dateModified\":\"2024-03-10T18:20:14+00:00\",\"description\":\"K\u00fapte si u n\u00e1s Siv\u00e1 jed\u00e1lensk\u00e1 stoli\u010dka Oxford \u00bb za akciov\u00fa cenu. R\u00fdchle dodanie tovaru, odborn\u00e9 poradenstvo a stovky produktov skladom. Siv\u00e1 jed\u00e1lensk\u00e1 stoli\u010dka Oxford \u00bb sa stane dominantou V\u00e1\u0161ho interi\u00e9ru. Internetov\u00fd obchod ikuchyne! pon\u00faka odber Siv\u00e1 jed\u00e1lensk\u00e1 stoli\u010dka Oxford \u00bb u\u017e od 1 kusu.\",\"breadcrumb\":{\"@id\":\"https:\/\/www.ikuchyne.sk\/eshop\/produkt\/siva-jedalenska-stolicka-oxford\/#breadcrumb\"},\"inLanguage\":\"sk-SK\",\"potentialAction\":[{\"@type\":\"ReadAction\",\"target\":[\"https:\/\/www.ikuchyne.sk\/eshop\/produkt\/siva-jedalenska-stolicka-oxford\/\"]}]},{\"@type\":\"BreadcrumbList\",\"@id\":\"https:\/\/www.ikuchyne.sk\/eshop\/produkt\/siva-jedalenska-stolicka-oxford\/#breadcrumb\",\"itemListElement\":[{\"@type\":\"ListItem\",\"position\":1,\"name\":\"Home\",\"item\":\"https:\/\/www.ikuchyne.sk\/eshop\/\"},{\"@type\":\"ListItem\",\"position\":2,\"name\":\"Obchod\",\"item\":\"https:\/\/www.ikuchyne.sk\/eshop\/obchod\/\"},{\"@type\":\"ListItem\",\"position\":3,\"name\":\"Siv\u00e1 jed\u00e1lensk\u00e1 stoli\u010dka Oxford \u00bb\"}]},{\"@type\":\"WebSite\",\"@id\":\"https:\/\/www.ikuchyne.sk\/eshop\/#website\",\"url\":\"https:\/\/www.ikuchyne.sk\/eshop\/\",\"name\":\"iKuchyne iSHOP s n\u00e1bytkom\",\"description\":\"Jed\u00e1lensk\u00e9 stoly, stoli\u010dky, n\u00e1bytok, svietidl\u00e1...\",\"publisher\":{\"@id\":\"https:\/\/www.ikuchyne.sk\/eshop\/#organization\"},\"potentialAction\":[{\"@type\":\"SearchAction\",\"target\":{\"@type\":\"EntryPoint\",\"urlTemplate\":\"https:\/\/www.ikuchyne.sk\/eshop\/?s={search_term_string}\"},\"query-input\":\"required name=search_term_string\"}],\"inLanguage\":\"sk-SK\"},{\"@type\":\"Organization\",\"@id\":\"https:\/\/www.ikuchyne.sk\/eshop\/#organization\",\"name\":\"ikuchyne!\",\"url\":\"https:\/\/www.ikuchyne.sk\/eshop\/\",\"logo\":{\"@type\":\"ImageObject\",\"inLanguage\":\"sk-SK\",\"@id\":\"https:\/\/www.ikuchyne.sk\/eshop\/#\/schema\/logo\/image\/\",\"url\":\"https:\/\/www.ikuchyne.sk\/eshop\/wp-content\/uploads\/2017\/04\/ikuchyne-logo.jpg\",\"contentUrl\":\"https:\/\/www.ikuchyne.sk\/eshop\/wp-content\/uploads\/2017\/04\/ikuchyne-logo.jpg\",\"width\":200,\"height\":48,\"caption\":\"ikuchyne!\"},\"image\":{\"@id\":\"https:\/\/www.ikuchyne.sk\/eshop\/#\/schema\/logo\/image\/\"},\"sameAs\":[\"https:\/\/www.facebook.com\/ikuchyne\/\",\"https:\/\/www.instagram.com\/ikuchyne.sk\/\",\"https:\/\/sk.pinterest.com\/ikuchynesk\/\"]}]}<\/script>\n<!-- \/ Yoast SEO plugin. -->","yoast_head_json":{"title":"Siv\u00e1 jed\u00e1lensk\u00e1 stoli\u010dka Oxford \u00bb &#187; iKuchyne iSHOP s n\u00e1bytkom","description":"K\u00fapte si u n\u00e1s Siv\u00e1 jed\u00e1lensk\u00e1 stoli\u010dka Oxford \u00bb za akciov\u00fa cenu. R\u00fdchle dodanie tovaru, odborn\u00e9 poradenstvo a stovky produktov skladom. Siv\u00e1 jed\u00e1lensk\u00e1 stoli\u010dka Oxford \u00bb sa stane dominantou V\u00e1\u0161ho interi\u00e9ru. Internetov\u00fd obchod ikuchyne! pon\u00faka odber Siv\u00e1 jed\u00e1lensk\u00e1 stoli\u010dka Oxford \u00bb u\u017e od 1 kusu.","robots":{"index":"index","follow":"follow","max-snippet":"max-snippet:-1","max-image-preview":"max-image-preview:large","max-video-preview":"max-video-preview:-1"},"canonical":"https:\/\/www.ikuchyne.sk\/eshop\/produkt\/siva-jedalenska-stolicka-oxford\/","og_locale":"sk_SK","og_type":"article","og_title":"Siv\u00e1 jed\u00e1lensk\u00e1 stoli\u010dka Oxford \u00bb &#187; iKuchyne iSHOP s n\u00e1bytkom","og_description":"K\u00fapte si u n\u00e1s Siv\u00e1 jed\u00e1lensk\u00e1 stoli\u010dka Oxford \u00bb za akciov\u00fa cenu. R\u00fdchle dodanie tovaru, odborn\u00e9 poradenstvo a stovky produktov skladom. Siv\u00e1 jed\u00e1lensk\u00e1 stoli\u010dka Oxford \u00bb sa stane dominantou V\u00e1\u0161ho interi\u00e9ru. Internetov\u00fd obchod ikuchyne! pon\u00faka odber Siv\u00e1 jed\u00e1lensk\u00e1 stoli\u010dka Oxford \u00bb u\u017e od 1 kusu.","og_url":"https:\/\/www.ikuchyne.sk\/eshop\/produkt\/siva-jedalenska-stolicka-oxford\/","og_site_name":"iKuchyne iSHOP s n\u00e1bytkom","article_publisher":"https:\/\/www.facebook.com\/ikuchyne\/","article_modified_time":"2024-03-10T18:20:14+00:00","og_image":[{"width":800,"height":533,"url":"https:\/\/www.ikuchyne.sk\/eshop\/wp-content\/uploads\/2017\/05\/stolicka-v-1-siva.jpg","type":"image\/jpeg"}],"twitter_card":"summary_large_image","twitter_misc":{"Predpokladan\u00fd \u010das \u010d\u00edtania":"1 min\u00fata"},"schema":{"@context":"https:\/\/schema.org","@graph":[{"@type":"WebPage","@id":"https:\/\/www.ikuchyne.sk\/eshop\/produkt\/siva-jedalenska-stolicka-oxford\/","url":"https:\/\/www.ikuchyne.sk\/eshop\/produkt\/siva-jedalenska-stolicka-oxford\/","name":"Siv\u00e1 jed\u00e1lensk\u00e1 stoli\u010dka Oxford \u00bb &#187; iKuchyne iSHOP s n\u00e1bytkom","isPartOf":{"@id":"https:\/\/www.ikuchyne.sk\/eshop\/#website"},"datePublished":"2017-11-07T08:48:15+00:00","dateModified":"2024-03-10T18:20:14+00:00","description":"K\u00fapte si u n\u00e1s Siv\u00e1 jed\u00e1lensk\u00e1 stoli\u010dka Oxford \u00bb za akciov\u00fa cenu. R\u00fdchle dodanie tovaru, odborn\u00e9 poradenstvo a stovky produktov skladom. Siv\u00e1 jed\u00e1lensk\u00e1 stoli\u010dka Oxford \u00bb sa stane dominantou V\u00e1\u0161ho interi\u00e9ru. Internetov\u00fd obchod ikuchyne! pon\u00faka odber Siv\u00e1 jed\u00e1lensk\u00e1 stoli\u010dka Oxford \u00bb u\u017e od 1 kusu.","breadcrumb":{"@id":"https:\/\/www.ikuchyne.sk\/eshop\/produkt\/siva-jedalenska-stolicka-oxford\/#breadcrumb"},"inLanguage":"sk-SK","potentialAction":[{"@type":"ReadAction","target":["https:\/\/www.ikuchyne.sk\/eshop\/produkt\/siva-jedalenska-stolicka-oxford\/"]}]},{"@type":"BreadcrumbList","@id":"https:\/\/www.ikuchyne.sk\/eshop\/produkt\/siva-jedalenska-stolicka-oxford\/#breadcrumb","itemListElement":[{"@type":"ListItem","position":1,"name":"Home","item":"https:\/\/www.ikuchyne.sk\/eshop\/"},{"@type":"ListItem","position":2,"name":"Obchod","item":"https:\/\/www.ikuchyne.sk\/eshop\/obchod\/"},{"@type":"ListItem","position":3,"name":"Siv\u00e1 jed\u00e1lensk\u00e1 stoli\u010dka Oxford \u00bb"}]},{"@type":"WebSite","@id":"https:\/\/www.ikuchyne.sk\/eshop\/#website","url":"https:\/\/www.ikuchyne.sk\/eshop\/","name":"iKuchyne iSHOP s n\u00e1bytkom","description":"Jed\u00e1lensk\u00e9 stoly, stoli\u010dky, n\u00e1bytok, svietidl\u00e1...","publisher":{"@id":"https:\/\/www.ikuchyne.sk\/eshop\/#organization"},"potentialAction":[{"@type":"SearchAction","target":{"@type":"EntryPoint","urlTemplate":"https:\/\/www.ikuchyne.sk\/eshop\/?s={search_term_string}"},"query-input":"required name=search_term_string"}],"inLanguage":"sk-SK"},{"@type":"Organization","@id":"https:\/\/www.ikuchyne.sk\/eshop\/#organization","name":"ikuchyne!","url":"https:\/\/www.ikuchyne.sk\/eshop\/","logo":{"@type":"ImageObject","inLanguage":"sk-SK","@id":"https:\/\/www.ikuchyne.sk\/eshop\/#\/schema\/logo\/image\/","url":"https:\/\/www.ikuchyne.sk\/eshop\/wp-content\/uploads\/2017\/04\/ikuchyne-logo.jpg","contentUrl":"https:\/\/www.ikuchyne.sk\/eshop\/wp-content\/uploads\/2017\/04\/ikuchyne-logo.jpg","width":200,"height":48,"caption":"ikuchyne!"},"image":{"@id":"https:\/\/www.ikuchyne.sk\/eshop\/#\/schema\/logo\/image\/"},"sameAs":["https:\/\/www.facebook.com\/ikuchyne\/","https:\/\/www.instagram.com\/ikuchyne.sk\/","https:\/\/sk.pinterest.com\/ikuchynesk\/"]}]}},"_links":{"self":[{"href":"https:\/\/www.ikuchyne.sk\/eshop\/wp-json\/wp\/v2\/product\/21606"}],"collection":[{"href":"https:\/\/www.ikuchyne.sk\/eshop\/wp-json\/wp\/v2\/product"}],"about":[{"href":"https:\/\/www.ikuchyne.sk\/eshop\/wp-json\/wp\/v2\/types\/product"}],"replies":[{"embeddable":true,"href":"https:\/\/www.ikuchyne.sk\/eshop\/wp-json\/wp\/v2\/comments?post=21606"}],"wp:featuredmedia":[{"embeddable":true,"href":"https:\/\/www.ikuchyne.sk\/eshop\/wp-json\/wp\/v2\/media\/21607"}],"wp:attachment":[{"href":"https:\/\/www.ikuchyne.sk\/eshop\/wp-json\/wp\/v2\/media?parent=21606"}],"wp:term":[{"taxonomy":"product_cat","embeddable":true,"href":"https:\/\/www.ikuchyne.sk\/eshop\/wp-json\/wp\/v2\/product_cat?post=21606"},{"taxonomy":"product_tag","embeddable":true,"href":"https:\/\/www.ikuchyne.sk\/eshop\/wp-json\/wp\/v2\/product_tag?post=21606"}],"curies":[{"name":"wp","href":"https:\/\/api.w.org\/{rel}","templated":true}]}}