{"id":21676,"date":"2017-05-16T10:03:47","date_gmt":"2017-05-16T08:03:47","guid":{"rendered":"http:\/\/potocan.com\/eshop\/?post_type=product&#038;p=21676"},"modified":"2024-03-10T19:20:21","modified_gmt":"2024-03-10T18:20:21","slug":"dreveny-konferencny-stolik-makassar-set-2-ks","status":"publish","type":"product","link":"https:\/\/www.ikuchyne.sk\/eshop\/produkt\/dreveny-konferencny-stolik-makassar-set-2-ks\/","title":{"rendered":"Dreven\u00fd konferen\u010dn\u00fd stol\u00edk Makassar &#8211; set 2 ks \u00bb"},"content":{"rendered":"<h1>Dreven\u00fd konferen\u010dn\u00fd stol\u00edk Makassar &#8211; set 2 ks<\/h1>\n<h4><strong>V\u0161eobecn\u00fd opis stol\u00edka:<\/strong><\/h4>\n<p>Dreven\u00fd konferen\u010dn\u00fd stol\u00edk Makassar &#8211; set 2 ks z vysoko kvalitn\u00e9ho mas\u00edvu sheesham. Tieto konferen\u010dn\u00e9 stol\u00edky vy\u017earuj\u00fa prirodzen\u00fd vzh\u013ead. Sheeshamsk\u00e9 drevo je po celom svete ve\u013emi \u017eiadan\u00e9 pre svoje jedine\u010dn\u00e9 zrno. Za\u017eite v\u0161estrannos\u0165 t\u00fdchto stol\u00edkov u v\u00e1s doma!<\/p>\n<p>Tieto konferen\u010dn\u00e9 stol\u00edky v sade 2 ks bud\u00fa svoj\u00edm vysoko kvalitn\u00fdm sheeshamov\u00fdm drevom p\u00f4sobi\u0165 p\u00f4vabne u v\u00e1s doma. Tieto n\u00e1dhern\u00e9 pr\u00edru\u010dn\u00e9 stol\u00edky s\u00fa rustik\u00e1lne a exkluz\u00edvne. \u00da\u017easn\u00e9 zrno a pr\u00edrodn\u00e9 zn\u00e1mky pou\u017e\u00edvania vy\u017earuj\u00fa vo va\u0161om prostred\u00ed rustik\u00e1lny a stredomorsk\u00fd vkus. Pr\u00edru\u010dn\u00e9 stol\u00edky MAKASSAR vytv\u00e1raj\u00fa v\u010faka puristick\u00e9mu tvaru symbi\u00f3zu medzi praktick\u00fdm n\u00e1bytkom a dokonalou bytovou dekor\u00e1ciou. 2 kocky je mo\u017en\u00e9 umiestni\u0165 kdeko\u013evek, \u010di u\u017e ved\u013ea seba alebo v r\u00f4znych poz\u00edci\u00e1ch &#8211; fant\u00e1zii sa medze neklad\u00fa.<\/p>\n<p>Pr\u00edrodn\u00fd vzh\u013ead zabezpe\u010duje jedine\u010dn\u00e9 zrno sheeshamu. Prirodzenos\u0165 a robustnos\u0165 konferen\u010dn\u00fdch stol\u00edkov sa sp\u00e1ja s puristick\u00fdm dizajnom a zais\u0165uje prirodzen\u00fa a jasn\u00fa atmosf\u00e9ru. Kusy n\u00e1bytku MAKASSAR bud\u00fa odr\u00e1\u017ea\u0165 va\u0161u l\u00e1sku k pr\u00edrode ako n\u00e1dhern\u00e9 umeleck\u00e9 predmety vo va\u0161ich izb\u00e1ch. Vy a va\u0161i priatelia budete ohromen\u00ed stredomorskou atmosf\u00e9rou! Dokonal\u00fa harm\u00f3niu dosiahnete v kombin\u00e1cii so stolom z mas\u00edvneho dreva a zladen\u00fdmi stoli\u010dkami alebo lavicami z n\u00e1bytkovej s\u00e9rie MAKASSAR od Riess-Ambiente.<\/p>\n<p><strong>Povrch stol\u00edka:<br \/>\n<\/strong>Povrch konferen\u010dn\u00e9ho stol\u00edka tvor\u00ed vysoko kvalitn\u00e9 sheesham drevo vo \u0161tvorcovom p\u00f4doryse.<\/p>\n<p><strong>Podno\u017e stola:<br \/>\n<\/strong>Podno\u017e stol\u00edka je tvoren\u00e1 drevom sheesham v tvare \u0161tvorca.<\/p>\n<h4><strong>\u010eal\u0161ie inform\u00e1cie:<\/strong><\/h4>\n<p>Preto\u017ee sa jedn\u00e1 o pr\u00edrodn\u00fd produkt, ka\u017ed\u00e1 k\u00f3pia je \u00faplne jedine\u010dn\u00e1. Nerovnosti, farebn\u00e9 prechody, charizmatick\u00e9 uzly, praskliny alebo dokonca rozmerov\u00e9 rozdiely s\u00fa mo\u017en\u00e9 a vytv\u00e1raj\u00fa originalitu a vytv\u00e1raj\u00fa \u010daro mas\u00edvneho dreva. \u017diadny z t\u00fdchto d\u00f4vodov nie je d\u00f4vod na reklam\u00e1ciu. V\u00fdberom vhodn\u00fdch bytov\u00fdch doplnkov zv\u00fdrazn\u00edte pr\u00edrodn\u00fd vzh\u013ead tohto konferen\u010dn\u00e9ho stol\u00edka v po\u010dte 2ks. Vhodn\u00e9 bytov\u00e9 doplnky a dekor\u00e1cie n\u00e1jdete na na\u0161om e-shope v sekcii Bytov\u00e9 doplnky. Nev\u00e1hajte kontaktova\u0165 na\u0161ich kolegov, ktor\u00ed v\u00e1m s rados\u0165ou pom\u00f4\u017eu pri v\u00fdbere n\u00e1bytku a doplnkov do va\u0161ej dom\u00e1cnosti pre ak\u00fdko\u013evek \u0161t\u00fdl.<\/p>\n<p><b>Rozmery konferen\u010dn\u00fdch stol\u00edkov<\/b>:<\/p>\n<p><strong>V\u00e4\u010d\u0161\u00ed stol\u00edk:<\/strong><br \/>\n\u0160\u00edrka stol\u00edka: 40 cm<br \/>\nD\u013a\u017eka stol\u00edka: 40 cm<br \/>\nV\u00fd\u0161ka stol\u00edka: 40 cm<br \/>\n<strong>Men\u0161\u00ed stol\u00edk:<\/strong><br \/>\n\u0160\u00edrka stol\u00edka: 30 cm<br \/>\nD\u013a\u017eka stol\u00edka: 30 cm<br \/>\nV\u00fd\u0161ka stol\u00edka: 30 cm<\/p>\n<p><b>Materi\u00e1l:\u00a0<\/b>drevo (mas\u00edv), lakovan\u00fd sheesham<\/p>\n<p><b>Farba:<\/b>\u00a0pr\u00edrodn\u00e1<\/p>\n","protected":false},"excerpt":{"rendered":"<p>Dreven\u00fd konferen\u010dn\u00fd stol\u00edk Makassar &#8211; set 2 ks V\u0161eobecn\u00fd opis stol\u00edka: Dreven\u00fd konferen\u010dn\u00fd stol\u00edk Makassar &#8211; set 2 ks z vysoko kvalitn\u00e9ho mas\u00edvu sheesham. Tieto konferen\u010dn\u00e9 stol\u00edky vy\u017earuj\u00fa prirodzen\u00fd vzh\u013ead.<\/p>\n","protected":false},"featured_media":21677,"comment_status":"open","ping_status":"closed","template":"","meta":[],"product_cat":[834,842,304,838,939,836],"product_tag":[261],"yoast_head":"<!-- This site is optimized with the Yoast SEO plugin v22.1 - https:\/\/yoast.com\/wordpress\/plugins\/seo\/ -->\n<title>Dreven\u00fd konferen\u010dn\u00fd stol\u00edk Makassar 2 ks &#187; iKuchyne iSHOP s n\u00e1bytkom<\/title>\n<meta name=\"description\" content=\"Dreven\u00fd konferen\u010dn\u00fd stol\u00edk Makassar 2 ks - r\u00fdchle dodanie, poradenstvo, n\u00e1bytok skladom v Bratislave s ikuchyne.sk - kuchyne na mieru.\" \/>\n<meta name=\"robots\" content=\"index, follow, max-snippet:-1, max-image-preview:large, max-video-preview:-1\" \/>\n<link rel=\"canonical\" href=\"https:\/\/www.ikuchyne.sk\/eshop\/produkt\/dreveny-konferencny-stolik-makassar-set-2-ks\/\" \/>\n<meta property=\"og:locale\" content=\"sk_SK\" \/>\n<meta property=\"og:type\" content=\"article\" \/>\n<meta property=\"og:title\" content=\"Dreven\u00fd konferen\u010dn\u00fd stol\u00edk Makassar 2 ks &#187; iKuchyne iSHOP s n\u00e1bytkom\" \/>\n<meta property=\"og:description\" content=\"Dreven\u00fd konferen\u010dn\u00fd stol\u00edk Makassar 2 ks - r\u00fdchle dodanie, poradenstvo, n\u00e1bytok skladom v Bratislave s ikuchyne.sk - kuchyne na mieru.\" \/>\n<meta property=\"og:url\" content=\"https:\/\/www.ikuchyne.sk\/eshop\/produkt\/dreveny-konferencny-stolik-makassar-set-2-ks\/\" \/>\n<meta property=\"og:site_name\" content=\"iKuchyne iSHOP s n\u00e1bytkom\" \/>\n<meta property=\"article:publisher\" content=\"https:\/\/www.facebook.com\/ikuchyne\/\" \/>\n<meta property=\"article:modified_time\" content=\"2024-03-10T18:20:21+00:00\" \/>\n<meta property=\"og:image\" content=\"https:\/\/www.ikuchyne.sk\/eshop\/wp-content\/uploads\/2017\/05\/konferencny-stolik-makassar-set-2ks-sheesham.jpg\" \/>\n\t<meta property=\"og:image:width\" content=\"800\" \/>\n\t<meta property=\"og:image:height\" content=\"533\" \/>\n\t<meta property=\"og:image:type\" content=\"image\/jpeg\" \/>\n<meta name=\"twitter:card\" content=\"summary_large_image\" \/>\n<meta name=\"twitter:label1\" content=\"Predpokladan\u00fd \u010das \u010d\u00edtania\" \/>\n\t<meta name=\"twitter:data1\" content=\"2 min\u00faty\" \/>\n<script type=\"application\/ld+json\" class=\"yoast-schema-graph\">{\"@context\":\"https:\/\/schema.org\",\"@graph\":[{\"@type\":\"WebPage\",\"@id\":\"https:\/\/www.ikuchyne.sk\/eshop\/produkt\/dreveny-konferencny-stolik-makassar-set-2-ks\/\",\"url\":\"https:\/\/www.ikuchyne.sk\/eshop\/produkt\/dreveny-konferencny-stolik-makassar-set-2-ks\/\",\"name\":\"Dreven\u00fd konferen\u010dn\u00fd stol\u00edk Makassar 2 ks &#187; iKuchyne iSHOP s n\u00e1bytkom\",\"isPartOf\":{\"@id\":\"https:\/\/www.ikuchyne.sk\/eshop\/#website\"},\"datePublished\":\"2017-05-16T08:03:47+00:00\",\"dateModified\":\"2024-03-10T18:20:21+00:00\",\"description\":\"Dreven\u00fd konferen\u010dn\u00fd stol\u00edk Makassar 2 ks - r\u00fdchle dodanie, poradenstvo, n\u00e1bytok skladom v Bratislave s ikuchyne.sk - kuchyne na mieru.\",\"breadcrumb\":{\"@id\":\"https:\/\/www.ikuchyne.sk\/eshop\/produkt\/dreveny-konferencny-stolik-makassar-set-2-ks\/#breadcrumb\"},\"inLanguage\":\"sk-SK\",\"potentialAction\":[{\"@type\":\"ReadAction\",\"target\":[\"https:\/\/www.ikuchyne.sk\/eshop\/produkt\/dreveny-konferencny-stolik-makassar-set-2-ks\/\"]}]},{\"@type\":\"BreadcrumbList\",\"@id\":\"https:\/\/www.ikuchyne.sk\/eshop\/produkt\/dreveny-konferencny-stolik-makassar-set-2-ks\/#breadcrumb\",\"itemListElement\":[{\"@type\":\"ListItem\",\"position\":1,\"name\":\"Home\",\"item\":\"https:\/\/www.ikuchyne.sk\/eshop\/\"},{\"@type\":\"ListItem\",\"position\":2,\"name\":\"Obchod\",\"item\":\"https:\/\/www.ikuchyne.sk\/eshop\/obchod\/\"},{\"@type\":\"ListItem\",\"position\":3,\"name\":\"Dreven\u00fd konferen\u010dn\u00fd stol\u00edk Makassar &#8211; set 2 ks \u00bb\"}]},{\"@type\":\"WebSite\",\"@id\":\"https:\/\/www.ikuchyne.sk\/eshop\/#website\",\"url\":\"https:\/\/www.ikuchyne.sk\/eshop\/\",\"name\":\"iKuchyne iSHOP s n\u00e1bytkom\",\"description\":\"Jed\u00e1lensk\u00e9 stoly, stoli\u010dky, n\u00e1bytok, svietidl\u00e1...\",\"publisher\":{\"@id\":\"https:\/\/www.ikuchyne.sk\/eshop\/#organization\"},\"potentialAction\":[{\"@type\":\"SearchAction\",\"target\":{\"@type\":\"EntryPoint\",\"urlTemplate\":\"https:\/\/www.ikuchyne.sk\/eshop\/?s={search_term_string}\"},\"query-input\":\"required name=search_term_string\"}],\"inLanguage\":\"sk-SK\"},{\"@type\":\"Organization\",\"@id\":\"https:\/\/www.ikuchyne.sk\/eshop\/#organization\",\"name\":\"ikuchyne!\",\"url\":\"https:\/\/www.ikuchyne.sk\/eshop\/\",\"logo\":{\"@type\":\"ImageObject\",\"inLanguage\":\"sk-SK\",\"@id\":\"https:\/\/www.ikuchyne.sk\/eshop\/#\/schema\/logo\/image\/\",\"url\":\"https:\/\/www.ikuchyne.sk\/eshop\/wp-content\/uploads\/2017\/04\/ikuchyne-logo.jpg\",\"contentUrl\":\"https:\/\/www.ikuchyne.sk\/eshop\/wp-content\/uploads\/2017\/04\/ikuchyne-logo.jpg\",\"width\":200,\"height\":48,\"caption\":\"ikuchyne!\"},\"image\":{\"@id\":\"https:\/\/www.ikuchyne.sk\/eshop\/#\/schema\/logo\/image\/\"},\"sameAs\":[\"https:\/\/www.facebook.com\/ikuchyne\/\",\"https:\/\/www.instagram.com\/ikuchyne.sk\/\",\"https:\/\/sk.pinterest.com\/ikuchynesk\/\"]}]}<\/script>\n<!-- \/ Yoast SEO plugin. -->","yoast_head_json":{"title":"Dreven\u00fd konferen\u010dn\u00fd stol\u00edk Makassar 2 ks &#187; iKuchyne iSHOP s n\u00e1bytkom","description":"Dreven\u00fd konferen\u010dn\u00fd stol\u00edk Makassar 2 ks - r\u00fdchle dodanie, poradenstvo, n\u00e1bytok skladom v Bratislave s ikuchyne.sk - kuchyne na mieru.","robots":{"index":"index","follow":"follow","max-snippet":"max-snippet:-1","max-image-preview":"max-image-preview:large","max-video-preview":"max-video-preview:-1"},"canonical":"https:\/\/www.ikuchyne.sk\/eshop\/produkt\/dreveny-konferencny-stolik-makassar-set-2-ks\/","og_locale":"sk_SK","og_type":"article","og_title":"Dreven\u00fd konferen\u010dn\u00fd stol\u00edk Makassar 2 ks &#187; iKuchyne iSHOP s n\u00e1bytkom","og_description":"Dreven\u00fd konferen\u010dn\u00fd stol\u00edk Makassar 2 ks - r\u00fdchle dodanie, poradenstvo, n\u00e1bytok skladom v Bratislave s ikuchyne.sk - kuchyne na mieru.","og_url":"https:\/\/www.ikuchyne.sk\/eshop\/produkt\/dreveny-konferencny-stolik-makassar-set-2-ks\/","og_site_name":"iKuchyne iSHOP s n\u00e1bytkom","article_publisher":"https:\/\/www.facebook.com\/ikuchyne\/","article_modified_time":"2024-03-10T18:20:21+00:00","og_image":[{"width":800,"height":533,"url":"https:\/\/www.ikuchyne.sk\/eshop\/wp-content\/uploads\/2017\/05\/konferencny-stolik-makassar-set-2ks-sheesham.jpg","type":"image\/jpeg"}],"twitter_card":"summary_large_image","twitter_misc":{"Predpokladan\u00fd \u010das \u010d\u00edtania":"2 min\u00faty"},"schema":{"@context":"https:\/\/schema.org","@graph":[{"@type":"WebPage","@id":"https:\/\/www.ikuchyne.sk\/eshop\/produkt\/dreveny-konferencny-stolik-makassar-set-2-ks\/","url":"https:\/\/www.ikuchyne.sk\/eshop\/produkt\/dreveny-konferencny-stolik-makassar-set-2-ks\/","name":"Dreven\u00fd konferen\u010dn\u00fd stol\u00edk Makassar 2 ks &#187; iKuchyne iSHOP s n\u00e1bytkom","isPartOf":{"@id":"https:\/\/www.ikuchyne.sk\/eshop\/#website"},"datePublished":"2017-05-16T08:03:47+00:00","dateModified":"2024-03-10T18:20:21+00:00","description":"Dreven\u00fd konferen\u010dn\u00fd stol\u00edk Makassar 2 ks - r\u00fdchle dodanie, poradenstvo, n\u00e1bytok skladom v Bratislave s ikuchyne.sk - kuchyne na mieru.","breadcrumb":{"@id":"https:\/\/www.ikuchyne.sk\/eshop\/produkt\/dreveny-konferencny-stolik-makassar-set-2-ks\/#breadcrumb"},"inLanguage":"sk-SK","potentialAction":[{"@type":"ReadAction","target":["https:\/\/www.ikuchyne.sk\/eshop\/produkt\/dreveny-konferencny-stolik-makassar-set-2-ks\/"]}]},{"@type":"BreadcrumbList","@id":"https:\/\/www.ikuchyne.sk\/eshop\/produkt\/dreveny-konferencny-stolik-makassar-set-2-ks\/#breadcrumb","itemListElement":[{"@type":"ListItem","position":1,"name":"Home","item":"https:\/\/www.ikuchyne.sk\/eshop\/"},{"@type":"ListItem","position":2,"name":"Obchod","item":"https:\/\/www.ikuchyne.sk\/eshop\/obchod\/"},{"@type":"ListItem","position":3,"name":"Dreven\u00fd konferen\u010dn\u00fd stol\u00edk Makassar &#8211; set 2 ks \u00bb"}]},{"@type":"WebSite","@id":"https:\/\/www.ikuchyne.sk\/eshop\/#website","url":"https:\/\/www.ikuchyne.sk\/eshop\/","name":"iKuchyne iSHOP s n\u00e1bytkom","description":"Jed\u00e1lensk\u00e9 stoly, stoli\u010dky, n\u00e1bytok, svietidl\u00e1...","publisher":{"@id":"https:\/\/www.ikuchyne.sk\/eshop\/#organization"},"potentialAction":[{"@type":"SearchAction","target":{"@type":"EntryPoint","urlTemplate":"https:\/\/www.ikuchyne.sk\/eshop\/?s={search_term_string}"},"query-input":"required name=search_term_string"}],"inLanguage":"sk-SK"},{"@type":"Organization","@id":"https:\/\/www.ikuchyne.sk\/eshop\/#organization","name":"ikuchyne!","url":"https:\/\/www.ikuchyne.sk\/eshop\/","logo":{"@type":"ImageObject","inLanguage":"sk-SK","@id":"https:\/\/www.ikuchyne.sk\/eshop\/#\/schema\/logo\/image\/","url":"https:\/\/www.ikuchyne.sk\/eshop\/wp-content\/uploads\/2017\/04\/ikuchyne-logo.jpg","contentUrl":"https:\/\/www.ikuchyne.sk\/eshop\/wp-content\/uploads\/2017\/04\/ikuchyne-logo.jpg","width":200,"height":48,"caption":"ikuchyne!"},"image":{"@id":"https:\/\/www.ikuchyne.sk\/eshop\/#\/schema\/logo\/image\/"},"sameAs":["https:\/\/www.facebook.com\/ikuchyne\/","https:\/\/www.instagram.com\/ikuchyne.sk\/","https:\/\/sk.pinterest.com\/ikuchynesk\/"]}]}},"_links":{"self":[{"href":"https:\/\/www.ikuchyne.sk\/eshop\/wp-json\/wp\/v2\/product\/21676"}],"collection":[{"href":"https:\/\/www.ikuchyne.sk\/eshop\/wp-json\/wp\/v2\/product"}],"about":[{"href":"https:\/\/www.ikuchyne.sk\/eshop\/wp-json\/wp\/v2\/types\/product"}],"replies":[{"embeddable":true,"href":"https:\/\/www.ikuchyne.sk\/eshop\/wp-json\/wp\/v2\/comments?post=21676"}],"wp:featuredmedia":[{"embeddable":true,"href":"https:\/\/www.ikuchyne.sk\/eshop\/wp-json\/wp\/v2\/media\/21677"}],"wp:attachment":[{"href":"https:\/\/www.ikuchyne.sk\/eshop\/wp-json\/wp\/v2\/media?parent=21676"}],"wp:term":[{"taxonomy":"product_cat","embeddable":true,"href":"https:\/\/www.ikuchyne.sk\/eshop\/wp-json\/wp\/v2\/product_cat?post=21676"},{"taxonomy":"product_tag","embeddable":true,"href":"https:\/\/www.ikuchyne.sk\/eshop\/wp-json\/wp\/v2\/product_tag?post=21676"}],"curies":[{"name":"wp","href":"https:\/\/api.w.org\/{rel}","templated":true}]}}