{"id":21789,"date":"2017-05-16T10:03:57","date_gmt":"2017-05-16T08:03:57","guid":{"rendered":"http:\/\/potocan.com\/eshop\/?post_type=product&#038;p=21789"},"modified":"2024-03-10T19:20:20","modified_gmt":"2024-03-10T18:20:20","slug":"dreveny-bar-makassar-sheesham-40-x-85-cm","status":"publish","type":"product","link":"https:\/\/www.ikuchyne.sk\/eshop\/produkt\/dreveny-bar-makassar-sheesham-40-x-85-cm\/","title":{"rendered":"Dreven\u00fd bar Makassar Sheesham 40 x 85 cm \u00bb"},"content":{"rendered":"<h1>Dreven\u00fd bar Makassar Sheesham 40 x 85 cm<\/h1>\n<p><strong>V\u0161eobecn\u00fd opis baru:<br \/>\n<\/strong>Dreven\u00fd bar zo s\u00e9rie Makassar dokonale predstavuje vidiecky \u0161t\u00fdl a vnesie teplo do v\u00e1\u0161ho pr\u00edbytku. Bar je vzh\u013eadovo kombin\u00e1ciou skrinky a stola v kvalitnom preveden\u00ed. Vidiecku nostalgiu evokuj\u00fa dreven\u00e9 priehradky a \u010dlenit\u00fd priestor. Je vyroben\u00fd z unik\u00e1tneho dreva zvan\u00e9ho sheesham, zn\u00e1mym aj ako indick\u00fd palisander. T\u00e1to drevina patr\u00ed k najkvalitnej\u0161\u00edm drev\u00e1m s najvy\u0161\u0161ou hustotou. Vo vrchnej \u010dasti baru je situovan\u00fd otv\u00e1rac\u00ed priestor s odkladacou plochou. Zatvoren\u00e9 dvierka prid\u00e1vaj\u00fa na kompaktnosti baru ako celku. Po bokoch baru s\u00fa umiestnen\u00e9 \u0161tyri poli\u010dky na poh\u00e1re. Tie p\u00f4sobia nielen esteticky, no s\u00fa aj ve\u013emi praktick\u00e9. Spodn\u00e1 \u010das\u0165 baru je tvoren\u00e1 priehradkami, ktor\u00e9 pon\u00fakaj\u00fa dostatok priestoru, tak\u017ee ka\u017ed\u00e1 f\u013ea\u0161a si n\u00e1jde svoje \u010destn\u00e9 miesto. Podno\u017e stola je tvoren\u00e1 kr\u00e1tkymi dreven\u00fdmi nohami. Tento dreven\u00fd bar vnesie du\u0161u do va\u0161ej ob\u00fdvacej izby.<\/p>\n<p><strong>Povrch baru:<br \/>\n<\/strong>Povrch baru tvor\u00ed vysoko kvalitn\u00e9 sheesham drevo.<\/p>\n<p><strong>Podno\u017e baru:<br \/>\n<\/strong>Podno\u017e baru je tvoren\u00e1 kr\u00e1tkymi dreven\u00fdmi nohami.<\/p>\n<p><strong>\u010eal\u0161ie inform\u00e1cie:<br \/>\n<\/strong>V\u00fdrazn\u00e1 kresba, ktorou\u00a0 je t\u00e1to drevina charakteristick\u00e1 rob\u00ed z ka\u017ed\u00e9ho kusu unik\u00e1t.\u00a0Vzh\u013eadom na to, \u017ee ide o ru\u010dn\u00fa pr\u00e1ca a materi\u00e1l je pr\u00edrodn\u00fd produkt, kone\u010dn\u00fd produkt m\u00f4\u017ee vykazova\u0165 farebn\u00e9 vari\u00e1cie a odch\u00fdlky od vyobrazen\u00e9ho kusu. Na o\u0161etrovanie pou\u017e\u00edvame bavlnen\u00fa handri\u010dku a na udr\u017eanie svie\u017eeho vzh\u013eadu raz za tri mesiace \u013eanov\u00fd olej alebo vosk. Pou\u017e\u00edvame pr\u00edpravky len na \u00fadr\u017ebu dreva.<\/p>\n<p><b>Rozmery baru:<\/b><br \/>\n\u0160\u00edrka baru: 40 cm<br \/>\nD\u013a\u017eka baru: 85 cm<br \/>\nV\u00fd\u0161ka baru: 95 cm<\/p>\n<p><strong>Vn\u00fatorn\u00e1 h\u013abka: <\/strong>33 cm<br \/>\n<strong>Rozmer priehradky:<\/strong> 12 x 12 cm<\/p>\n<p><b>Materi\u00e1l:\u00a0<\/b>drevo (mas\u00edv), lakovan\u00fd sheesham<\/p>\n<p><b>Farba:<\/b>\u00a0pr\u00edrodn\u00e1<\/p>\n","protected":false},"excerpt":{"rendered":"<p>Dreven\u00fd bar Makassar Sheesham 40 x 85 cm V\u0161eobecn\u00fd opis baru: Dreven\u00fd bar zo s\u00e9rie Makassar dokonale predstavuje vidiecky \u0161t\u00fdl a vnesie teplo do v\u00e1\u0161ho pr\u00edbytku. Bar je vzh\u013eadovo kombin\u00e1ciou<\/p>\n","protected":false},"featured_media":21790,"comment_status":"open","ping_status":"closed","template":"","meta":[],"product_cat":[293,939],"product_tag":[261],"yoast_head":"<!-- This site is optimized with the Yoast SEO plugin v22.1 - https:\/\/yoast.com\/wordpress\/plugins\/seo\/ -->\n<title>Dreven\u00fd bar Makassar Sheesham 40 x 85 cm \u00bb &#187; iKuchyne iSHOP s n\u00e1bytkom<\/title>\n<meta name=\"description\" content=\"K\u00fapte si u n\u00e1s Dreven\u00fd bar Makassar Sheesham 40 x 85 cm \u00bb za akciov\u00fa cenu. R\u00fdchle dodanie tovaru, odborn\u00e9 poradenstvo a stovky produktov skladom. Dreven\u00fd bar Makassar Sheesham 40 x 85 cm \u00bb sa stane dominantou V\u00e1\u0161ho interi\u00e9ru. Internetov\u00fd obchod ikuchyne! pon\u00faka odber Dreven\u00fd bar Makassar Sheesham 40 x 85 cm \u00bb u\u017e od 1 kusu.\" \/>\n<meta name=\"robots\" content=\"index, follow, max-snippet:-1, max-image-preview:large, max-video-preview:-1\" \/>\n<link rel=\"canonical\" href=\"https:\/\/www.ikuchyne.sk\/eshop\/produkt\/dreveny-bar-makassar-sheesham-40-x-85-cm\/\" \/>\n<meta property=\"og:locale\" content=\"sk_SK\" \/>\n<meta property=\"og:type\" content=\"article\" \/>\n<meta property=\"og:title\" content=\"Dreven\u00fd bar Makassar Sheesham 40 x 85 cm \u00bb &#187; iKuchyne iSHOP s n\u00e1bytkom\" \/>\n<meta property=\"og:description\" content=\"K\u00fapte si u n\u00e1s Dreven\u00fd bar Makassar Sheesham 40 x 85 cm \u00bb za akciov\u00fa cenu. R\u00fdchle dodanie tovaru, odborn\u00e9 poradenstvo a stovky produktov skladom. Dreven\u00fd bar Makassar Sheesham 40 x 85 cm \u00bb sa stane dominantou V\u00e1\u0161ho interi\u00e9ru. Internetov\u00fd obchod ikuchyne! pon\u00faka odber Dreven\u00fd bar Makassar Sheesham 40 x 85 cm \u00bb u\u017e od 1 kusu.\" \/>\n<meta property=\"og:url\" content=\"https:\/\/www.ikuchyne.sk\/eshop\/produkt\/dreveny-bar-makassar-sheesham-40-x-85-cm\/\" \/>\n<meta property=\"og:site_name\" content=\"iKuchyne iSHOP s n\u00e1bytkom\" \/>\n<meta property=\"article:publisher\" content=\"https:\/\/www.facebook.com\/ikuchyne\/\" \/>\n<meta property=\"article:modified_time\" content=\"2024-03-10T18:20:20+00:00\" \/>\n<meta property=\"og:image\" content=\"https:\/\/www.ikuchyne.sk\/eshop\/wp-content\/uploads\/2017\/05\/Bar-Makassar-sheesham.jpg\" \/>\n\t<meta property=\"og:image:width\" content=\"800\" \/>\n\t<meta property=\"og:image:height\" content=\"533\" \/>\n\t<meta property=\"og:image:type\" content=\"image\/jpeg\" \/>\n<meta name=\"twitter:card\" content=\"summary_large_image\" \/>\n<meta name=\"twitter:label1\" content=\"Predpokladan\u00fd \u010das \u010d\u00edtania\" \/>\n\t<meta name=\"twitter:data1\" content=\"2 min\u00faty\" \/>\n<script type=\"application\/ld+json\" class=\"yoast-schema-graph\">{\"@context\":\"https:\/\/schema.org\",\"@graph\":[{\"@type\":\"WebPage\",\"@id\":\"https:\/\/www.ikuchyne.sk\/eshop\/produkt\/dreveny-bar-makassar-sheesham-40-x-85-cm\/\",\"url\":\"https:\/\/www.ikuchyne.sk\/eshop\/produkt\/dreveny-bar-makassar-sheesham-40-x-85-cm\/\",\"name\":\"Dreven\u00fd bar Makassar Sheesham 40 x 85 cm \u00bb &#187; iKuchyne iSHOP s n\u00e1bytkom\",\"isPartOf\":{\"@id\":\"https:\/\/www.ikuchyne.sk\/eshop\/#website\"},\"datePublished\":\"2017-05-16T08:03:57+00:00\",\"dateModified\":\"2024-03-10T18:20:20+00:00\",\"description\":\"K\u00fapte si u n\u00e1s Dreven\u00fd bar Makassar Sheesham 40 x 85 cm \u00bb za akciov\u00fa cenu. R\u00fdchle dodanie tovaru, odborn\u00e9 poradenstvo a stovky produktov skladom. Dreven\u00fd bar Makassar Sheesham 40 x 85 cm \u00bb sa stane dominantou V\u00e1\u0161ho interi\u00e9ru. Internetov\u00fd obchod ikuchyne! pon\u00faka odber Dreven\u00fd bar Makassar Sheesham 40 x 85 cm \u00bb u\u017e od 1 kusu.\",\"breadcrumb\":{\"@id\":\"https:\/\/www.ikuchyne.sk\/eshop\/produkt\/dreveny-bar-makassar-sheesham-40-x-85-cm\/#breadcrumb\"},\"inLanguage\":\"sk-SK\",\"potentialAction\":[{\"@type\":\"ReadAction\",\"target\":[\"https:\/\/www.ikuchyne.sk\/eshop\/produkt\/dreveny-bar-makassar-sheesham-40-x-85-cm\/\"]}]},{\"@type\":\"BreadcrumbList\",\"@id\":\"https:\/\/www.ikuchyne.sk\/eshop\/produkt\/dreveny-bar-makassar-sheesham-40-x-85-cm\/#breadcrumb\",\"itemListElement\":[{\"@type\":\"ListItem\",\"position\":1,\"name\":\"Home\",\"item\":\"https:\/\/www.ikuchyne.sk\/eshop\/\"},{\"@type\":\"ListItem\",\"position\":2,\"name\":\"Obchod\",\"item\":\"https:\/\/www.ikuchyne.sk\/eshop\/obchod\/\"},{\"@type\":\"ListItem\",\"position\":3,\"name\":\"Dreven\u00fd bar Makassar Sheesham 40 x 85 cm \u00bb\"}]},{\"@type\":\"WebSite\",\"@id\":\"https:\/\/www.ikuchyne.sk\/eshop\/#website\",\"url\":\"https:\/\/www.ikuchyne.sk\/eshop\/\",\"name\":\"iKuchyne iSHOP s n\u00e1bytkom\",\"description\":\"Jed\u00e1lensk\u00e9 stoly, stoli\u010dky, n\u00e1bytok, svietidl\u00e1...\",\"publisher\":{\"@id\":\"https:\/\/www.ikuchyne.sk\/eshop\/#organization\"},\"potentialAction\":[{\"@type\":\"SearchAction\",\"target\":{\"@type\":\"EntryPoint\",\"urlTemplate\":\"https:\/\/www.ikuchyne.sk\/eshop\/?s={search_term_string}\"},\"query-input\":\"required name=search_term_string\"}],\"inLanguage\":\"sk-SK\"},{\"@type\":\"Organization\",\"@id\":\"https:\/\/www.ikuchyne.sk\/eshop\/#organization\",\"name\":\"ikuchyne!\",\"url\":\"https:\/\/www.ikuchyne.sk\/eshop\/\",\"logo\":{\"@type\":\"ImageObject\",\"inLanguage\":\"sk-SK\",\"@id\":\"https:\/\/www.ikuchyne.sk\/eshop\/#\/schema\/logo\/image\/\",\"url\":\"https:\/\/www.ikuchyne.sk\/eshop\/wp-content\/uploads\/2017\/04\/ikuchyne-logo.jpg\",\"contentUrl\":\"https:\/\/www.ikuchyne.sk\/eshop\/wp-content\/uploads\/2017\/04\/ikuchyne-logo.jpg\",\"width\":200,\"height\":48,\"caption\":\"ikuchyne!\"},\"image\":{\"@id\":\"https:\/\/www.ikuchyne.sk\/eshop\/#\/schema\/logo\/image\/\"},\"sameAs\":[\"https:\/\/www.facebook.com\/ikuchyne\/\",\"https:\/\/www.instagram.com\/ikuchyne.sk\/\",\"https:\/\/sk.pinterest.com\/ikuchynesk\/\"]}]}<\/script>\n<!-- \/ Yoast SEO plugin. -->","yoast_head_json":{"title":"Dreven\u00fd bar Makassar Sheesham 40 x 85 cm \u00bb &#187; iKuchyne iSHOP s n\u00e1bytkom","description":"K\u00fapte si u n\u00e1s Dreven\u00fd bar Makassar Sheesham 40 x 85 cm \u00bb za akciov\u00fa cenu. R\u00fdchle dodanie tovaru, odborn\u00e9 poradenstvo a stovky produktov skladom. Dreven\u00fd bar Makassar Sheesham 40 x 85 cm \u00bb sa stane dominantou V\u00e1\u0161ho interi\u00e9ru. Internetov\u00fd obchod ikuchyne! pon\u00faka odber Dreven\u00fd bar Makassar Sheesham 40 x 85 cm \u00bb u\u017e od 1 kusu.","robots":{"index":"index","follow":"follow","max-snippet":"max-snippet:-1","max-image-preview":"max-image-preview:large","max-video-preview":"max-video-preview:-1"},"canonical":"https:\/\/www.ikuchyne.sk\/eshop\/produkt\/dreveny-bar-makassar-sheesham-40-x-85-cm\/","og_locale":"sk_SK","og_type":"article","og_title":"Dreven\u00fd bar Makassar Sheesham 40 x 85 cm \u00bb &#187; iKuchyne iSHOP s n\u00e1bytkom","og_description":"K\u00fapte si u n\u00e1s Dreven\u00fd bar Makassar Sheesham 40 x 85 cm \u00bb za akciov\u00fa cenu. R\u00fdchle dodanie tovaru, odborn\u00e9 poradenstvo a stovky produktov skladom. Dreven\u00fd bar Makassar Sheesham 40 x 85 cm \u00bb sa stane dominantou V\u00e1\u0161ho interi\u00e9ru. Internetov\u00fd obchod ikuchyne! pon\u00faka odber Dreven\u00fd bar Makassar Sheesham 40 x 85 cm \u00bb u\u017e od 1 kusu.","og_url":"https:\/\/www.ikuchyne.sk\/eshop\/produkt\/dreveny-bar-makassar-sheesham-40-x-85-cm\/","og_site_name":"iKuchyne iSHOP s n\u00e1bytkom","article_publisher":"https:\/\/www.facebook.com\/ikuchyne\/","article_modified_time":"2024-03-10T18:20:20+00:00","og_image":[{"width":800,"height":533,"url":"https:\/\/www.ikuchyne.sk\/eshop\/wp-content\/uploads\/2017\/05\/Bar-Makassar-sheesham.jpg","type":"image\/jpeg"}],"twitter_card":"summary_large_image","twitter_misc":{"Predpokladan\u00fd \u010das \u010d\u00edtania":"2 min\u00faty"},"schema":{"@context":"https:\/\/schema.org","@graph":[{"@type":"WebPage","@id":"https:\/\/www.ikuchyne.sk\/eshop\/produkt\/dreveny-bar-makassar-sheesham-40-x-85-cm\/","url":"https:\/\/www.ikuchyne.sk\/eshop\/produkt\/dreveny-bar-makassar-sheesham-40-x-85-cm\/","name":"Dreven\u00fd bar Makassar Sheesham 40 x 85 cm \u00bb &#187; iKuchyne iSHOP s n\u00e1bytkom","isPartOf":{"@id":"https:\/\/www.ikuchyne.sk\/eshop\/#website"},"datePublished":"2017-05-16T08:03:57+00:00","dateModified":"2024-03-10T18:20:20+00:00","description":"K\u00fapte si u n\u00e1s Dreven\u00fd bar Makassar Sheesham 40 x 85 cm \u00bb za akciov\u00fa cenu. R\u00fdchle dodanie tovaru, odborn\u00e9 poradenstvo a stovky produktov skladom. Dreven\u00fd bar Makassar Sheesham 40 x 85 cm \u00bb sa stane dominantou V\u00e1\u0161ho interi\u00e9ru. Internetov\u00fd obchod ikuchyne! pon\u00faka odber Dreven\u00fd bar Makassar Sheesham 40 x 85 cm \u00bb u\u017e od 1 kusu.","breadcrumb":{"@id":"https:\/\/www.ikuchyne.sk\/eshop\/produkt\/dreveny-bar-makassar-sheesham-40-x-85-cm\/#breadcrumb"},"inLanguage":"sk-SK","potentialAction":[{"@type":"ReadAction","target":["https:\/\/www.ikuchyne.sk\/eshop\/produkt\/dreveny-bar-makassar-sheesham-40-x-85-cm\/"]}]},{"@type":"BreadcrumbList","@id":"https:\/\/www.ikuchyne.sk\/eshop\/produkt\/dreveny-bar-makassar-sheesham-40-x-85-cm\/#breadcrumb","itemListElement":[{"@type":"ListItem","position":1,"name":"Home","item":"https:\/\/www.ikuchyne.sk\/eshop\/"},{"@type":"ListItem","position":2,"name":"Obchod","item":"https:\/\/www.ikuchyne.sk\/eshop\/obchod\/"},{"@type":"ListItem","position":3,"name":"Dreven\u00fd bar Makassar Sheesham 40 x 85 cm \u00bb"}]},{"@type":"WebSite","@id":"https:\/\/www.ikuchyne.sk\/eshop\/#website","url":"https:\/\/www.ikuchyne.sk\/eshop\/","name":"iKuchyne iSHOP s n\u00e1bytkom","description":"Jed\u00e1lensk\u00e9 stoly, stoli\u010dky, n\u00e1bytok, svietidl\u00e1...","publisher":{"@id":"https:\/\/www.ikuchyne.sk\/eshop\/#organization"},"potentialAction":[{"@type":"SearchAction","target":{"@type":"EntryPoint","urlTemplate":"https:\/\/www.ikuchyne.sk\/eshop\/?s={search_term_string}"},"query-input":"required name=search_term_string"}],"inLanguage":"sk-SK"},{"@type":"Organization","@id":"https:\/\/www.ikuchyne.sk\/eshop\/#organization","name":"ikuchyne!","url":"https:\/\/www.ikuchyne.sk\/eshop\/","logo":{"@type":"ImageObject","inLanguage":"sk-SK","@id":"https:\/\/www.ikuchyne.sk\/eshop\/#\/schema\/logo\/image\/","url":"https:\/\/www.ikuchyne.sk\/eshop\/wp-content\/uploads\/2017\/04\/ikuchyne-logo.jpg","contentUrl":"https:\/\/www.ikuchyne.sk\/eshop\/wp-content\/uploads\/2017\/04\/ikuchyne-logo.jpg","width":200,"height":48,"caption":"ikuchyne!"},"image":{"@id":"https:\/\/www.ikuchyne.sk\/eshop\/#\/schema\/logo\/image\/"},"sameAs":["https:\/\/www.facebook.com\/ikuchyne\/","https:\/\/www.instagram.com\/ikuchyne.sk\/","https:\/\/sk.pinterest.com\/ikuchynesk\/"]}]}},"_links":{"self":[{"href":"https:\/\/www.ikuchyne.sk\/eshop\/wp-json\/wp\/v2\/product\/21789"}],"collection":[{"href":"https:\/\/www.ikuchyne.sk\/eshop\/wp-json\/wp\/v2\/product"}],"about":[{"href":"https:\/\/www.ikuchyne.sk\/eshop\/wp-json\/wp\/v2\/types\/product"}],"replies":[{"embeddable":true,"href":"https:\/\/www.ikuchyne.sk\/eshop\/wp-json\/wp\/v2\/comments?post=21789"}],"wp:featuredmedia":[{"embeddable":true,"href":"https:\/\/www.ikuchyne.sk\/eshop\/wp-json\/wp\/v2\/media\/21790"}],"wp:attachment":[{"href":"https:\/\/www.ikuchyne.sk\/eshop\/wp-json\/wp\/v2\/media?parent=21789"}],"wp:term":[{"taxonomy":"product_cat","embeddable":true,"href":"https:\/\/www.ikuchyne.sk\/eshop\/wp-json\/wp\/v2\/product_cat?post=21789"},{"taxonomy":"product_tag","embeddable":true,"href":"https:\/\/www.ikuchyne.sk\/eshop\/wp-json\/wp\/v2\/product_tag?post=21789"}],"curies":[{"name":"wp","href":"https:\/\/api.w.org\/{rel}","templated":true}]}}