{"id":21828,"date":"2017-05-16T10:04:00","date_gmt":"2017-05-16T08:04:00","guid":{"rendered":"http:\/\/potocan.com\/eshop\/?post_type=product&#038;p=21828"},"modified":"2018-12-09T23:39:46","modified_gmt":"2018-12-09T22:39:46","slug":"jedalensky-stolik-barracuda-120cm-recyklat-teakove-drevo","status":"publish","type":"product","link":"https:\/\/www.ikuchyne.sk\/eshop\/produkt\/jedalensky-stolik-barracuda-120cm-recyklat-teakove-drevo\/","title":{"rendered":"Dreven\u00fd toaletn\u00fd stol\u00edk Barracuda 40 x 120 cm \u00bb"},"content":{"rendered":"<h1>Dreven\u00fd toaletn\u00fd stol\u00edk Barracuda 40 x 120 cm<\/h1>\n<p><strong>V\u0161eobecn\u00fd opis stol\u00edka:<br \/>\n<\/strong>Tento toaletn\u00fd stol\u00edk patr\u00ed k unik\u00e1tom medzi n\u00e1bytkom. Je vyroben\u00fd z recyklovan\u00e9ho teakov\u00e9ho dreva, ktor\u00e9 je ve\u013emi tvrd\u00e9, no pru\u017en\u00e9. Teakov\u00e9 drevo sa z\u00edskava z\u00a0tropickej dreviny\u00a0<i>Tectona grandis<\/i>.\u00a0Obsahuje ve\u013ea olejnat\u00fdch \u017eiv\u00edc, ktor\u00e9 zachov\u00e1vaj\u00fa jeho stabilitu a odolnos\u0165. Podno\u017e stol\u00edka je tvoren\u00e1 pevn\u00fdm kovov\u00fdm ly\u017einov\u00fdm podstavcom. Povrch toaletn\u00e9ho stol\u00edka je tvoren\u00fd mas\u00edvnym teakov\u00fdm drevom. Medenohned\u00e1 farba m\u00f4\u017ee prech\u00e1dza\u0165 do striebornosivej u\u0161\u013eachtilej patiny. Ve\u013ek\u00fdm plus je, \u017ee recyklovan\u00e9 drevo \u0161etr\u00ed na\u0161e \u017eivotn\u00e9 prostredie. Tento stol\u00edk je typick\u00fd pre svoj exotick\u00fd vzh\u013ead a ur\u010dite ozvl\u00e1\u0161tni ka\u017ed\u00fd interi\u00e9r. Kovov\u00e1 kon\u0161trukcia s chr\u00f3mov\u00fdm leskom umoc\u0148uje modern\u00fd \u0161t\u00fdl. Stol\u00edk je dod\u00e1van\u00fd bez vrchn\u00e9ho skla.<\/p>\n<p><strong>Povrch stol\u00edka:<br \/>\n<\/strong>Povrch toaletn\u00e9ho stol\u00edka je tvoren\u00fd mas\u00edvnym teakov\u00fdm drevom, ktor\u00e9 je mo\u017en\u00e9 prekry\u0165 sklom.<\/p>\n<p><strong>Podno\u017e stol\u00edka:<br \/>\n<\/strong>Podno\u017e stol\u00edka pozost\u00e1va z pevn\u00e9ho leskl\u00e9ho ly\u017einov\u00e9ho kovov\u00e9ho podstavca.<\/p>\n<p><strong>\u010eal\u0161ie inform\u00e1cie:<br \/>\n<\/strong>Ka\u017ed\u00fd stol\u00edk je unik\u00e1t, tak\u017ee jednotliv\u00e9 kusy sa m\u00f4\u017eu od seba mierne l\u00ed\u0161i\u0165. Ne\u010distoty o\u010distite handri\u010dkou a mydlovou vodou s\u00fabe\u017ene s kresbou dreva.<\/p>\n<p><b>Rozmery stol\u00edka<\/b>:<br \/>\n\u0160\u00edrka stol\u00edka: 40 cm<br \/>\nD\u013a\u017eka stol\u00edka: 120 cm<br \/>\nV\u00fd\u0161ka stol\u00edka: 80 cm<\/p>\n<p><b>Materi\u00e1l:\u00a0<\/b>drevo (mas\u00edv) &#8211; recyklovan\u00e9, teakov\u00e9 drevo, kovov\u00e1 podno\u017e<\/p>\n<p><b>Farba:<\/b>\u00a0pr\u00edrodn\u00e1, kov<\/p>\n","protected":false},"excerpt":{"rendered":"<p>Dreven\u00fd toaletn\u00fd stol\u00edk Barracuda 40 x 120 cm V\u0161eobecn\u00fd opis stol\u00edka: Tento toaletn\u00fd stol\u00edk patr\u00ed k unik\u00e1tom medzi n\u00e1bytkom. Je vyroben\u00fd z recyklovan\u00e9ho teakov\u00e9ho dreva, ktor\u00e9 je ve\u013emi tvrd\u00e9, no<\/p>\n","protected":false},"featured_media":21829,"comment_status":"open","ping_status":"closed","template":"","meta":[],"product_cat":[588],"product_tag":[198],"yoast_head":"<!-- This site is optimized with the Yoast SEO plugin v22.1 - https:\/\/yoast.com\/wordpress\/plugins\/seo\/ -->\n<title>Dreven\u00fd toaletn\u00fd stol\u00edk Barracuda 40 x 120 cm \u00bb &#187; iKuchyne iSHOP s n\u00e1bytkom<\/title>\n<meta name=\"description\" content=\"K\u00fapte si u n\u00e1s Dreven\u00fd toaletn\u00fd stol\u00edk Barracuda 40 x 120 cm \u00bb za akciov\u00fa cenu. R\u00fdchle dodanie tovaru, odborn\u00e9 poradenstvo a stovky produktov skladom. Dreven\u00fd toaletn\u00fd stol\u00edk Barracuda 40 x 120 cm \u00bb sa stane dominantou V\u00e1\u0161ho interi\u00e9ru. Internetov\u00fd obchod ikuchyne! pon\u00faka odber Dreven\u00fd toaletn\u00fd stol\u00edk Barracuda 40 x 120 cm \u00bb u\u017e od 1 kusu.\" \/>\n<meta name=\"robots\" content=\"index, follow, max-snippet:-1, max-image-preview:large, max-video-preview:-1\" \/>\n<link rel=\"canonical\" href=\"https:\/\/www.ikuchyne.sk\/eshop\/produkt\/jedalensky-stolik-barracuda-120cm-recyklat-teakove-drevo\/\" \/>\n<meta property=\"og:locale\" content=\"sk_SK\" \/>\n<meta property=\"og:type\" content=\"article\" \/>\n<meta property=\"og:title\" content=\"Dreven\u00fd toaletn\u00fd stol\u00edk Barracuda 40 x 120 cm \u00bb &#187; iKuchyne iSHOP s n\u00e1bytkom\" \/>\n<meta property=\"og:description\" content=\"K\u00fapte si u n\u00e1s Dreven\u00fd toaletn\u00fd stol\u00edk Barracuda 40 x 120 cm \u00bb za akciov\u00fa cenu. R\u00fdchle dodanie tovaru, odborn\u00e9 poradenstvo a stovky produktov skladom. Dreven\u00fd toaletn\u00fd stol\u00edk Barracuda 40 x 120 cm \u00bb sa stane dominantou V\u00e1\u0161ho interi\u00e9ru. Internetov\u00fd obchod ikuchyne! pon\u00faka odber Dreven\u00fd toaletn\u00fd stol\u00edk Barracuda 40 x 120 cm \u00bb u\u017e od 1 kusu.\" \/>\n<meta property=\"og:url\" content=\"https:\/\/www.ikuchyne.sk\/eshop\/produkt\/jedalensky-stolik-barracuda-120cm-recyklat-teakove-drevo\/\" \/>\n<meta property=\"og:site_name\" content=\"iKuchyne iSHOP s n\u00e1bytkom\" \/>\n<meta property=\"article:publisher\" content=\"https:\/\/www.facebook.com\/ikuchyne\/\" \/>\n<meta property=\"article:modified_time\" content=\"2018-12-09T22:39:46+00:00\" \/>\n<meta property=\"og:image\" content=\"https:\/\/www.ikuchyne.sk\/eshop\/wp-content\/uploads\/2017\/05\/jedalensky-stolik-barracuda-120cm-recyklat-teakove-drevo.jpg\" \/>\n\t<meta property=\"og:image:width\" content=\"800\" \/>\n\t<meta property=\"og:image:height\" content=\"533\" \/>\n\t<meta property=\"og:image:type\" content=\"image\/jpeg\" \/>\n<meta name=\"twitter:card\" content=\"summary_large_image\" \/>\n<meta name=\"twitter:label1\" content=\"Predpokladan\u00fd \u010das \u010d\u00edtania\" \/>\n\t<meta name=\"twitter:data1\" content=\"1 min\u00fata\" \/>\n<script type=\"application\/ld+json\" class=\"yoast-schema-graph\">{\"@context\":\"https:\/\/schema.org\",\"@graph\":[{\"@type\":\"WebPage\",\"@id\":\"https:\/\/www.ikuchyne.sk\/eshop\/produkt\/jedalensky-stolik-barracuda-120cm-recyklat-teakove-drevo\/\",\"url\":\"https:\/\/www.ikuchyne.sk\/eshop\/produkt\/jedalensky-stolik-barracuda-120cm-recyklat-teakove-drevo\/\",\"name\":\"Dreven\u00fd toaletn\u00fd stol\u00edk Barracuda 40 x 120 cm \u00bb &#187; iKuchyne iSHOP s n\u00e1bytkom\",\"isPartOf\":{\"@id\":\"https:\/\/www.ikuchyne.sk\/eshop\/#website\"},\"datePublished\":\"2017-05-16T08:04:00+00:00\",\"dateModified\":\"2018-12-09T22:39:46+00:00\",\"description\":\"K\u00fapte si u n\u00e1s Dreven\u00fd toaletn\u00fd stol\u00edk Barracuda 40 x 120 cm \u00bb za akciov\u00fa cenu. R\u00fdchle dodanie tovaru, odborn\u00e9 poradenstvo a stovky produktov skladom. Dreven\u00fd toaletn\u00fd stol\u00edk Barracuda 40 x 120 cm \u00bb sa stane dominantou V\u00e1\u0161ho interi\u00e9ru. Internetov\u00fd obchod ikuchyne! pon\u00faka odber Dreven\u00fd toaletn\u00fd stol\u00edk Barracuda 40 x 120 cm \u00bb u\u017e od 1 kusu.\",\"breadcrumb\":{\"@id\":\"https:\/\/www.ikuchyne.sk\/eshop\/produkt\/jedalensky-stolik-barracuda-120cm-recyklat-teakove-drevo\/#breadcrumb\"},\"inLanguage\":\"sk-SK\",\"potentialAction\":[{\"@type\":\"ReadAction\",\"target\":[\"https:\/\/www.ikuchyne.sk\/eshop\/produkt\/jedalensky-stolik-barracuda-120cm-recyklat-teakove-drevo\/\"]}]},{\"@type\":\"BreadcrumbList\",\"@id\":\"https:\/\/www.ikuchyne.sk\/eshop\/produkt\/jedalensky-stolik-barracuda-120cm-recyklat-teakove-drevo\/#breadcrumb\",\"itemListElement\":[{\"@type\":\"ListItem\",\"position\":1,\"name\":\"Home\",\"item\":\"https:\/\/www.ikuchyne.sk\/eshop\/\"},{\"@type\":\"ListItem\",\"position\":2,\"name\":\"Obchod\",\"item\":\"https:\/\/www.ikuchyne.sk\/eshop\/obchod\/\"},{\"@type\":\"ListItem\",\"position\":3,\"name\":\"Dreven\u00fd toaletn\u00fd stol\u00edk Barracuda 40 x 120 cm \u00bb\"}]},{\"@type\":\"WebSite\",\"@id\":\"https:\/\/www.ikuchyne.sk\/eshop\/#website\",\"url\":\"https:\/\/www.ikuchyne.sk\/eshop\/\",\"name\":\"iKuchyne iSHOP s n\u00e1bytkom\",\"description\":\"Jed\u00e1lensk\u00e9 stoly, stoli\u010dky, n\u00e1bytok, svietidl\u00e1...\",\"publisher\":{\"@id\":\"https:\/\/www.ikuchyne.sk\/eshop\/#organization\"},\"potentialAction\":[{\"@type\":\"SearchAction\",\"target\":{\"@type\":\"EntryPoint\",\"urlTemplate\":\"https:\/\/www.ikuchyne.sk\/eshop\/?s={search_term_string}\"},\"query-input\":\"required name=search_term_string\"}],\"inLanguage\":\"sk-SK\"},{\"@type\":\"Organization\",\"@id\":\"https:\/\/www.ikuchyne.sk\/eshop\/#organization\",\"name\":\"ikuchyne!\",\"url\":\"https:\/\/www.ikuchyne.sk\/eshop\/\",\"logo\":{\"@type\":\"ImageObject\",\"inLanguage\":\"sk-SK\",\"@id\":\"https:\/\/www.ikuchyne.sk\/eshop\/#\/schema\/logo\/image\/\",\"url\":\"https:\/\/www.ikuchyne.sk\/eshop\/wp-content\/uploads\/2017\/04\/ikuchyne-logo.jpg\",\"contentUrl\":\"https:\/\/www.ikuchyne.sk\/eshop\/wp-content\/uploads\/2017\/04\/ikuchyne-logo.jpg\",\"width\":200,\"height\":48,\"caption\":\"ikuchyne!\"},\"image\":{\"@id\":\"https:\/\/www.ikuchyne.sk\/eshop\/#\/schema\/logo\/image\/\"},\"sameAs\":[\"https:\/\/www.facebook.com\/ikuchyne\/\",\"https:\/\/www.instagram.com\/ikuchyne.sk\/\",\"https:\/\/sk.pinterest.com\/ikuchynesk\/\"]}]}<\/script>\n<!-- \/ Yoast SEO plugin. -->","yoast_head_json":{"title":"Dreven\u00fd toaletn\u00fd stol\u00edk Barracuda 40 x 120 cm \u00bb &#187; iKuchyne iSHOP s n\u00e1bytkom","description":"K\u00fapte si u n\u00e1s Dreven\u00fd toaletn\u00fd stol\u00edk Barracuda 40 x 120 cm \u00bb za akciov\u00fa cenu. R\u00fdchle dodanie tovaru, odborn\u00e9 poradenstvo a stovky produktov skladom. Dreven\u00fd toaletn\u00fd stol\u00edk Barracuda 40 x 120 cm \u00bb sa stane dominantou V\u00e1\u0161ho interi\u00e9ru. Internetov\u00fd obchod ikuchyne! pon\u00faka odber Dreven\u00fd toaletn\u00fd stol\u00edk Barracuda 40 x 120 cm \u00bb u\u017e od 1 kusu.","robots":{"index":"index","follow":"follow","max-snippet":"max-snippet:-1","max-image-preview":"max-image-preview:large","max-video-preview":"max-video-preview:-1"},"canonical":"https:\/\/www.ikuchyne.sk\/eshop\/produkt\/jedalensky-stolik-barracuda-120cm-recyklat-teakove-drevo\/","og_locale":"sk_SK","og_type":"article","og_title":"Dreven\u00fd toaletn\u00fd stol\u00edk Barracuda 40 x 120 cm \u00bb &#187; iKuchyne iSHOP s n\u00e1bytkom","og_description":"K\u00fapte si u n\u00e1s Dreven\u00fd toaletn\u00fd stol\u00edk Barracuda 40 x 120 cm \u00bb za akciov\u00fa cenu. R\u00fdchle dodanie tovaru, odborn\u00e9 poradenstvo a stovky produktov skladom. Dreven\u00fd toaletn\u00fd stol\u00edk Barracuda 40 x 120 cm \u00bb sa stane dominantou V\u00e1\u0161ho interi\u00e9ru. Internetov\u00fd obchod ikuchyne! pon\u00faka odber Dreven\u00fd toaletn\u00fd stol\u00edk Barracuda 40 x 120 cm \u00bb u\u017e od 1 kusu.","og_url":"https:\/\/www.ikuchyne.sk\/eshop\/produkt\/jedalensky-stolik-barracuda-120cm-recyklat-teakove-drevo\/","og_site_name":"iKuchyne iSHOP s n\u00e1bytkom","article_publisher":"https:\/\/www.facebook.com\/ikuchyne\/","article_modified_time":"2018-12-09T22:39:46+00:00","og_image":[{"width":800,"height":533,"url":"https:\/\/www.ikuchyne.sk\/eshop\/wp-content\/uploads\/2017\/05\/jedalensky-stolik-barracuda-120cm-recyklat-teakove-drevo.jpg","type":"image\/jpeg"}],"twitter_card":"summary_large_image","twitter_misc":{"Predpokladan\u00fd \u010das \u010d\u00edtania":"1 min\u00fata"},"schema":{"@context":"https:\/\/schema.org","@graph":[{"@type":"WebPage","@id":"https:\/\/www.ikuchyne.sk\/eshop\/produkt\/jedalensky-stolik-barracuda-120cm-recyklat-teakove-drevo\/","url":"https:\/\/www.ikuchyne.sk\/eshop\/produkt\/jedalensky-stolik-barracuda-120cm-recyklat-teakove-drevo\/","name":"Dreven\u00fd toaletn\u00fd stol\u00edk Barracuda 40 x 120 cm \u00bb &#187; iKuchyne iSHOP s n\u00e1bytkom","isPartOf":{"@id":"https:\/\/www.ikuchyne.sk\/eshop\/#website"},"datePublished":"2017-05-16T08:04:00+00:00","dateModified":"2018-12-09T22:39:46+00:00","description":"K\u00fapte si u n\u00e1s Dreven\u00fd toaletn\u00fd stol\u00edk Barracuda 40 x 120 cm \u00bb za akciov\u00fa cenu. R\u00fdchle dodanie tovaru, odborn\u00e9 poradenstvo a stovky produktov skladom. Dreven\u00fd toaletn\u00fd stol\u00edk Barracuda 40 x 120 cm \u00bb sa stane dominantou V\u00e1\u0161ho interi\u00e9ru. Internetov\u00fd obchod ikuchyne! pon\u00faka odber Dreven\u00fd toaletn\u00fd stol\u00edk Barracuda 40 x 120 cm \u00bb u\u017e od 1 kusu.","breadcrumb":{"@id":"https:\/\/www.ikuchyne.sk\/eshop\/produkt\/jedalensky-stolik-barracuda-120cm-recyklat-teakove-drevo\/#breadcrumb"},"inLanguage":"sk-SK","potentialAction":[{"@type":"ReadAction","target":["https:\/\/www.ikuchyne.sk\/eshop\/produkt\/jedalensky-stolik-barracuda-120cm-recyklat-teakove-drevo\/"]}]},{"@type":"BreadcrumbList","@id":"https:\/\/www.ikuchyne.sk\/eshop\/produkt\/jedalensky-stolik-barracuda-120cm-recyklat-teakove-drevo\/#breadcrumb","itemListElement":[{"@type":"ListItem","position":1,"name":"Home","item":"https:\/\/www.ikuchyne.sk\/eshop\/"},{"@type":"ListItem","position":2,"name":"Obchod","item":"https:\/\/www.ikuchyne.sk\/eshop\/obchod\/"},{"@type":"ListItem","position":3,"name":"Dreven\u00fd toaletn\u00fd stol\u00edk Barracuda 40 x 120 cm \u00bb"}]},{"@type":"WebSite","@id":"https:\/\/www.ikuchyne.sk\/eshop\/#website","url":"https:\/\/www.ikuchyne.sk\/eshop\/","name":"iKuchyne iSHOP s n\u00e1bytkom","description":"Jed\u00e1lensk\u00e9 stoly, stoli\u010dky, n\u00e1bytok, svietidl\u00e1...","publisher":{"@id":"https:\/\/www.ikuchyne.sk\/eshop\/#organization"},"potentialAction":[{"@type":"SearchAction","target":{"@type":"EntryPoint","urlTemplate":"https:\/\/www.ikuchyne.sk\/eshop\/?s={search_term_string}"},"query-input":"required name=search_term_string"}],"inLanguage":"sk-SK"},{"@type":"Organization","@id":"https:\/\/www.ikuchyne.sk\/eshop\/#organization","name":"ikuchyne!","url":"https:\/\/www.ikuchyne.sk\/eshop\/","logo":{"@type":"ImageObject","inLanguage":"sk-SK","@id":"https:\/\/www.ikuchyne.sk\/eshop\/#\/schema\/logo\/image\/","url":"https:\/\/www.ikuchyne.sk\/eshop\/wp-content\/uploads\/2017\/04\/ikuchyne-logo.jpg","contentUrl":"https:\/\/www.ikuchyne.sk\/eshop\/wp-content\/uploads\/2017\/04\/ikuchyne-logo.jpg","width":200,"height":48,"caption":"ikuchyne!"},"image":{"@id":"https:\/\/www.ikuchyne.sk\/eshop\/#\/schema\/logo\/image\/"},"sameAs":["https:\/\/www.facebook.com\/ikuchyne\/","https:\/\/www.instagram.com\/ikuchyne.sk\/","https:\/\/sk.pinterest.com\/ikuchynesk\/"]}]}},"_links":{"self":[{"href":"https:\/\/www.ikuchyne.sk\/eshop\/wp-json\/wp\/v2\/product\/21828"}],"collection":[{"href":"https:\/\/www.ikuchyne.sk\/eshop\/wp-json\/wp\/v2\/product"}],"about":[{"href":"https:\/\/www.ikuchyne.sk\/eshop\/wp-json\/wp\/v2\/types\/product"}],"replies":[{"embeddable":true,"href":"https:\/\/www.ikuchyne.sk\/eshop\/wp-json\/wp\/v2\/comments?post=21828"}],"wp:featuredmedia":[{"embeddable":true,"href":"https:\/\/www.ikuchyne.sk\/eshop\/wp-json\/wp\/v2\/media\/21829"}],"wp:attachment":[{"href":"https:\/\/www.ikuchyne.sk\/eshop\/wp-json\/wp\/v2\/media?parent=21828"}],"wp:term":[{"taxonomy":"product_cat","embeddable":true,"href":"https:\/\/www.ikuchyne.sk\/eshop\/wp-json\/wp\/v2\/product_cat?post=21828"},{"taxonomy":"product_tag","embeddable":true,"href":"https:\/\/www.ikuchyne.sk\/eshop\/wp-json\/wp\/v2\/product_tag?post=21828"}],"curies":[{"name":"wp","href":"https:\/\/api.w.org\/{rel}","templated":true}]}}