{"id":29883,"date":"2017-11-09T10:28:34","date_gmt":"2017-11-09T09:28:34","guid":{"rendered":"https:\/\/ikuchyne.sk\/eshop\/?post_type=product&#038;p=29883"},"modified":"2024-03-10T19:20:14","modified_gmt":"2024-03-10T18:20:14","slug":"cierno-siva-zavesna-lampa-levels-100-cm","status":"publish","type":"product","link":"https:\/\/www.ikuchyne.sk\/eshop\/produkt\/cierno-siva-zavesna-lampa-levels-100-cm\/","title":{"rendered":"\u010cierno-siv\u00e1 z\u00e1vesn\u00e1 lampa Levels 100 cm \u00bb"},"content":{"rendered":"<h1 class=\"product_title entry-title\">\u010cierno-siv\u00e1 z\u00e1vesn\u00e1 lampa Levels 100 cm<\/h1>\n<p><strong>V\u0161eobecn\u00fd opis z\u00e1vesnej lampy:<br \/>\n<\/strong>T\u00e1to \u0161irok\u00e1 z\u00e1vesn\u00e1 lampa v modernom \u0161t\u00fdle oslov\u00ed hrou svetiel. Tvor\u00ed ju p\u00e4\u0165 men\u0161\u00edch l\u00e1mp v \u010diernej, svetlosivej a bielej farbe, ktor\u00e9 sa farebne kr\u00e1sne dop\u013a\u0148aj\u00fa. Tienidl\u00e1 s\u00fa vyroben\u00e9 z pl\u00e1tna a s\u00fa individu\u00e1lne a zvislo upevnen\u00e9 na kovovom r\u00e1me. Cel\u00e1 kon\u0161trukcia je zavesen\u00e1 na dvoch \u00fazkych lan\u00e1ch. T\u00e1to nad\u010dasov\u00e1 z\u00e1vesn\u00e1 lampa rozvrhne svetlo na v\u0161etky strany miestnosti. Posta\u010duj\u00faco osvetl\u00ed kuchy\u0148u alebo jed\u00e1le\u0148. Svietidl\u00e1 s\u00fa prisp\u00f4soben\u00e9 na \u017eiarovky so z\u00e1vitom E14. Lampa sa dod\u00e1va bez \u017eiaroviek.<\/p>\n<p><strong>\u010eal\u0161ie inform\u00e1cie:<br \/>\n<\/strong>V pr\u00edpade zne\u010distenia, pou\u017eite prachovku alebo pr\u00edpravky na \u010distenie svietidiel a m\u00e4kk\u00fa handri\u010dku. Nikdy nemanipulujte so svietidlom pod nap\u00e4t\u00edm.<\/p>\n<p><b>Rozmery z\u00e1vesnej lampy:<\/b><br \/>\n<strong>rozmery tienidiel:<br \/>\n<\/strong>2 ks: 15 x 10 cm (\u0160xV),<br \/>\n3 ks: 20 x 20 cm (\u0160xV)<br \/>\n<strong>\u0161\u00edrka lampy:<\/strong>\u00a0100 cm<br \/>\n<strong>celkov\u00e1 v\u00fd\u0161ka:<\/strong>\u00a0115 cm<\/p>\n<p><strong>Technick\u00e9 parametre:<br \/>\n<\/strong>zdroj: 5 x E14 max. 40W<br \/>\nenergetick\u00e1 trieda\u00a0A++ a\u017e E<\/p>\n<p><b>Materi\u00e1l:<\/b>\u00a0pl\u00e1tno, kov<\/p>\n<p><b>Farba:\u00a0<\/b>\u010dierna, svetlosiv\u00e1, biela<\/p>\n","protected":false},"excerpt":{"rendered":"<p>\u010cierno-siv\u00e1 z\u00e1vesn\u00e1 lampa Levels 100 cm V\u0161eobecn\u00fd opis z\u00e1vesnej lampy: T\u00e1to \u0161irok\u00e1 z\u00e1vesn\u00e1 lampa v modernom \u0161t\u00fdle oslov\u00ed hrou svetiel. Tvor\u00ed ju p\u00e4\u0165 men\u0161\u00edch l\u00e1mp v \u010diernej, svetlosivej a bielej<\/p>\n","protected":false},"featured_media":29884,"comment_status":"open","ping_status":"closed","template":"","meta":[],"product_cat":[182,183,885],"product_tag":[256,257,549],"yoast_head":"<!-- This site is optimized with the Yoast SEO plugin v22.1 - https:\/\/yoast.com\/wordpress\/plugins\/seo\/ -->\n<title>\u010cierno-siv\u00e1 z\u00e1vesn\u00e1 lampa Levels 100 cm \u00bb &#187; iKuchyne iSHOP s n\u00e1bytkom<\/title>\n<meta name=\"description\" content=\"K\u00fapte si u n\u00e1s \u010cierno-siv\u00e1 z\u00e1vesn\u00e1 lampa Levels 100 cm \u00bb za akciov\u00fa cenu. R\u00fdchle dodanie tovaru, odborn\u00e9 poradenstvo a stovky produktov skladom. \u010cierno-siv\u00e1 z\u00e1vesn\u00e1 lampa Levels 100 cm \u00bb sa stane dominantou V\u00e1\u0161ho interi\u00e9ru. Internetov\u00fd obchod ikuchyne! pon\u00faka odber \u010cierno-siv\u00e1 z\u00e1vesn\u00e1 lampa Levels 100 cm \u00bb u\u017e od 1 kusu.\" \/>\n<meta name=\"robots\" content=\"index, follow, max-snippet:-1, max-image-preview:large, max-video-preview:-1\" \/>\n<link rel=\"canonical\" href=\"https:\/\/www.ikuchyne.sk\/eshop\/produkt\/cierno-siva-zavesna-lampa-levels-100-cm\/\" \/>\n<meta property=\"og:locale\" content=\"sk_SK\" \/>\n<meta property=\"og:type\" content=\"article\" \/>\n<meta property=\"og:title\" content=\"\u010cierno-siv\u00e1 z\u00e1vesn\u00e1 lampa Levels 100 cm \u00bb &#187; iKuchyne iSHOP s n\u00e1bytkom\" \/>\n<meta property=\"og:description\" content=\"K\u00fapte si u n\u00e1s \u010cierno-siv\u00e1 z\u00e1vesn\u00e1 lampa Levels 100 cm \u00bb za akciov\u00fa cenu. R\u00fdchle dodanie tovaru, odborn\u00e9 poradenstvo a stovky produktov skladom. \u010cierno-siv\u00e1 z\u00e1vesn\u00e1 lampa Levels 100 cm \u00bb sa stane dominantou V\u00e1\u0161ho interi\u00e9ru. Internetov\u00fd obchod ikuchyne! pon\u00faka odber \u010cierno-siv\u00e1 z\u00e1vesn\u00e1 lampa Levels 100 cm \u00bb u\u017e od 1 kusu.\" \/>\n<meta property=\"og:url\" content=\"https:\/\/www.ikuchyne.sk\/eshop\/produkt\/cierno-siva-zavesna-lampa-levels-100-cm\/\" \/>\n<meta property=\"og:site_name\" content=\"iKuchyne iSHOP s n\u00e1bytkom\" \/>\n<meta property=\"article:publisher\" content=\"https:\/\/www.facebook.com\/ikuchyne\/\" \/>\n<meta property=\"article:modified_time\" content=\"2024-03-10T18:20:14+00:00\" \/>\n<meta property=\"og:image\" content=\"https:\/\/www.ikuchyne.sk\/eshop\/wp-content\/uploads\/2017\/07\/Zavesna-lampa-Levels-100cm-hneda-bezova.jpg\" \/>\n\t<meta property=\"og:image:width\" content=\"800\" \/>\n\t<meta property=\"og:image:height\" content=\"533\" \/>\n\t<meta property=\"og:image:type\" content=\"image\/jpeg\" \/>\n<meta name=\"twitter:card\" content=\"summary_large_image\" \/>\n<meta name=\"twitter:label1\" content=\"Predpokladan\u00fd \u010das \u010d\u00edtania\" \/>\n\t<meta name=\"twitter:data1\" content=\"1 min\u00fata\" \/>\n<script type=\"application\/ld+json\" class=\"yoast-schema-graph\">{\"@context\":\"https:\/\/schema.org\",\"@graph\":[{\"@type\":\"WebPage\",\"@id\":\"https:\/\/www.ikuchyne.sk\/eshop\/produkt\/cierno-siva-zavesna-lampa-levels-100-cm\/\",\"url\":\"https:\/\/www.ikuchyne.sk\/eshop\/produkt\/cierno-siva-zavesna-lampa-levels-100-cm\/\",\"name\":\"\u010cierno-siv\u00e1 z\u00e1vesn\u00e1 lampa Levels 100 cm \u00bb &#187; iKuchyne iSHOP s n\u00e1bytkom\",\"isPartOf\":{\"@id\":\"https:\/\/www.ikuchyne.sk\/eshop\/#website\"},\"datePublished\":\"2017-11-09T09:28:34+00:00\",\"dateModified\":\"2024-03-10T18:20:14+00:00\",\"description\":\"K\u00fapte si u n\u00e1s \u010cierno-siv\u00e1 z\u00e1vesn\u00e1 lampa Levels 100 cm \u00bb za akciov\u00fa cenu. R\u00fdchle dodanie tovaru, odborn\u00e9 poradenstvo a stovky produktov skladom. \u010cierno-siv\u00e1 z\u00e1vesn\u00e1 lampa Levels 100 cm \u00bb sa stane dominantou V\u00e1\u0161ho interi\u00e9ru. Internetov\u00fd obchod ikuchyne! pon\u00faka odber \u010cierno-siv\u00e1 z\u00e1vesn\u00e1 lampa Levels 100 cm \u00bb u\u017e od 1 kusu.\",\"breadcrumb\":{\"@id\":\"https:\/\/www.ikuchyne.sk\/eshop\/produkt\/cierno-siva-zavesna-lampa-levels-100-cm\/#breadcrumb\"},\"inLanguage\":\"sk-SK\",\"potentialAction\":[{\"@type\":\"ReadAction\",\"target\":[\"https:\/\/www.ikuchyne.sk\/eshop\/produkt\/cierno-siva-zavesna-lampa-levels-100-cm\/\"]}]},{\"@type\":\"BreadcrumbList\",\"@id\":\"https:\/\/www.ikuchyne.sk\/eshop\/produkt\/cierno-siva-zavesna-lampa-levels-100-cm\/#breadcrumb\",\"itemListElement\":[{\"@type\":\"ListItem\",\"position\":1,\"name\":\"Home\",\"item\":\"https:\/\/www.ikuchyne.sk\/eshop\/\"},{\"@type\":\"ListItem\",\"position\":2,\"name\":\"Obchod\",\"item\":\"https:\/\/www.ikuchyne.sk\/eshop\/obchod\/\"},{\"@type\":\"ListItem\",\"position\":3,\"name\":\"\u010cierno-siv\u00e1 z\u00e1vesn\u00e1 lampa Levels 100 cm \u00bb\"}]},{\"@type\":\"WebSite\",\"@id\":\"https:\/\/www.ikuchyne.sk\/eshop\/#website\",\"url\":\"https:\/\/www.ikuchyne.sk\/eshop\/\",\"name\":\"iKuchyne iSHOP s n\u00e1bytkom\",\"description\":\"Jed\u00e1lensk\u00e9 stoly, stoli\u010dky, n\u00e1bytok, svietidl\u00e1...\",\"publisher\":{\"@id\":\"https:\/\/www.ikuchyne.sk\/eshop\/#organization\"},\"potentialAction\":[{\"@type\":\"SearchAction\",\"target\":{\"@type\":\"EntryPoint\",\"urlTemplate\":\"https:\/\/www.ikuchyne.sk\/eshop\/?s={search_term_string}\"},\"query-input\":\"required name=search_term_string\"}],\"inLanguage\":\"sk-SK\"},{\"@type\":\"Organization\",\"@id\":\"https:\/\/www.ikuchyne.sk\/eshop\/#organization\",\"name\":\"ikuchyne!\",\"url\":\"https:\/\/www.ikuchyne.sk\/eshop\/\",\"logo\":{\"@type\":\"ImageObject\",\"inLanguage\":\"sk-SK\",\"@id\":\"https:\/\/www.ikuchyne.sk\/eshop\/#\/schema\/logo\/image\/\",\"url\":\"https:\/\/www.ikuchyne.sk\/eshop\/wp-content\/uploads\/2017\/04\/ikuchyne-logo.jpg\",\"contentUrl\":\"https:\/\/www.ikuchyne.sk\/eshop\/wp-content\/uploads\/2017\/04\/ikuchyne-logo.jpg\",\"width\":200,\"height\":48,\"caption\":\"ikuchyne!\"},\"image\":{\"@id\":\"https:\/\/www.ikuchyne.sk\/eshop\/#\/schema\/logo\/image\/\"},\"sameAs\":[\"https:\/\/www.facebook.com\/ikuchyne\/\",\"https:\/\/www.instagram.com\/ikuchyne.sk\/\",\"https:\/\/sk.pinterest.com\/ikuchynesk\/\"]}]}<\/script>\n<!-- \/ Yoast SEO plugin. -->","yoast_head_json":{"title":"\u010cierno-siv\u00e1 z\u00e1vesn\u00e1 lampa Levels 100 cm \u00bb &#187; iKuchyne iSHOP s n\u00e1bytkom","description":"K\u00fapte si u n\u00e1s \u010cierno-siv\u00e1 z\u00e1vesn\u00e1 lampa Levels 100 cm \u00bb za akciov\u00fa cenu. R\u00fdchle dodanie tovaru, odborn\u00e9 poradenstvo a stovky produktov skladom. \u010cierno-siv\u00e1 z\u00e1vesn\u00e1 lampa Levels 100 cm \u00bb sa stane dominantou V\u00e1\u0161ho interi\u00e9ru. Internetov\u00fd obchod ikuchyne! pon\u00faka odber \u010cierno-siv\u00e1 z\u00e1vesn\u00e1 lampa Levels 100 cm \u00bb u\u017e od 1 kusu.","robots":{"index":"index","follow":"follow","max-snippet":"max-snippet:-1","max-image-preview":"max-image-preview:large","max-video-preview":"max-video-preview:-1"},"canonical":"https:\/\/www.ikuchyne.sk\/eshop\/produkt\/cierno-siva-zavesna-lampa-levels-100-cm\/","og_locale":"sk_SK","og_type":"article","og_title":"\u010cierno-siv\u00e1 z\u00e1vesn\u00e1 lampa Levels 100 cm \u00bb &#187; iKuchyne iSHOP s n\u00e1bytkom","og_description":"K\u00fapte si u n\u00e1s \u010cierno-siv\u00e1 z\u00e1vesn\u00e1 lampa Levels 100 cm \u00bb za akciov\u00fa cenu. R\u00fdchle dodanie tovaru, odborn\u00e9 poradenstvo a stovky produktov skladom. \u010cierno-siv\u00e1 z\u00e1vesn\u00e1 lampa Levels 100 cm \u00bb sa stane dominantou V\u00e1\u0161ho interi\u00e9ru. Internetov\u00fd obchod ikuchyne! pon\u00faka odber \u010cierno-siv\u00e1 z\u00e1vesn\u00e1 lampa Levels 100 cm \u00bb u\u017e od 1 kusu.","og_url":"https:\/\/www.ikuchyne.sk\/eshop\/produkt\/cierno-siva-zavesna-lampa-levels-100-cm\/","og_site_name":"iKuchyne iSHOP s n\u00e1bytkom","article_publisher":"https:\/\/www.facebook.com\/ikuchyne\/","article_modified_time":"2024-03-10T18:20:14+00:00","og_image":[{"width":800,"height":533,"url":"https:\/\/www.ikuchyne.sk\/eshop\/wp-content\/uploads\/2017\/07\/Zavesna-lampa-Levels-100cm-hneda-bezova.jpg","type":"image\/jpeg"}],"twitter_card":"summary_large_image","twitter_misc":{"Predpokladan\u00fd \u010das \u010d\u00edtania":"1 min\u00fata"},"schema":{"@context":"https:\/\/schema.org","@graph":[{"@type":"WebPage","@id":"https:\/\/www.ikuchyne.sk\/eshop\/produkt\/cierno-siva-zavesna-lampa-levels-100-cm\/","url":"https:\/\/www.ikuchyne.sk\/eshop\/produkt\/cierno-siva-zavesna-lampa-levels-100-cm\/","name":"\u010cierno-siv\u00e1 z\u00e1vesn\u00e1 lampa Levels 100 cm \u00bb &#187; iKuchyne iSHOP s n\u00e1bytkom","isPartOf":{"@id":"https:\/\/www.ikuchyne.sk\/eshop\/#website"},"datePublished":"2017-11-09T09:28:34+00:00","dateModified":"2024-03-10T18:20:14+00:00","description":"K\u00fapte si u n\u00e1s \u010cierno-siv\u00e1 z\u00e1vesn\u00e1 lampa Levels 100 cm \u00bb za akciov\u00fa cenu. R\u00fdchle dodanie tovaru, odborn\u00e9 poradenstvo a stovky produktov skladom. \u010cierno-siv\u00e1 z\u00e1vesn\u00e1 lampa Levels 100 cm \u00bb sa stane dominantou V\u00e1\u0161ho interi\u00e9ru. Internetov\u00fd obchod ikuchyne! pon\u00faka odber \u010cierno-siv\u00e1 z\u00e1vesn\u00e1 lampa Levels 100 cm \u00bb u\u017e od 1 kusu.","breadcrumb":{"@id":"https:\/\/www.ikuchyne.sk\/eshop\/produkt\/cierno-siva-zavesna-lampa-levels-100-cm\/#breadcrumb"},"inLanguage":"sk-SK","potentialAction":[{"@type":"ReadAction","target":["https:\/\/www.ikuchyne.sk\/eshop\/produkt\/cierno-siva-zavesna-lampa-levels-100-cm\/"]}]},{"@type":"BreadcrumbList","@id":"https:\/\/www.ikuchyne.sk\/eshop\/produkt\/cierno-siva-zavesna-lampa-levels-100-cm\/#breadcrumb","itemListElement":[{"@type":"ListItem","position":1,"name":"Home","item":"https:\/\/www.ikuchyne.sk\/eshop\/"},{"@type":"ListItem","position":2,"name":"Obchod","item":"https:\/\/www.ikuchyne.sk\/eshop\/obchod\/"},{"@type":"ListItem","position":3,"name":"\u010cierno-siv\u00e1 z\u00e1vesn\u00e1 lampa Levels 100 cm \u00bb"}]},{"@type":"WebSite","@id":"https:\/\/www.ikuchyne.sk\/eshop\/#website","url":"https:\/\/www.ikuchyne.sk\/eshop\/","name":"iKuchyne iSHOP s n\u00e1bytkom","description":"Jed\u00e1lensk\u00e9 stoly, stoli\u010dky, n\u00e1bytok, svietidl\u00e1...","publisher":{"@id":"https:\/\/www.ikuchyne.sk\/eshop\/#organization"},"potentialAction":[{"@type":"SearchAction","target":{"@type":"EntryPoint","urlTemplate":"https:\/\/www.ikuchyne.sk\/eshop\/?s={search_term_string}"},"query-input":"required name=search_term_string"}],"inLanguage":"sk-SK"},{"@type":"Organization","@id":"https:\/\/www.ikuchyne.sk\/eshop\/#organization","name":"ikuchyne!","url":"https:\/\/www.ikuchyne.sk\/eshop\/","logo":{"@type":"ImageObject","inLanguage":"sk-SK","@id":"https:\/\/www.ikuchyne.sk\/eshop\/#\/schema\/logo\/image\/","url":"https:\/\/www.ikuchyne.sk\/eshop\/wp-content\/uploads\/2017\/04\/ikuchyne-logo.jpg","contentUrl":"https:\/\/www.ikuchyne.sk\/eshop\/wp-content\/uploads\/2017\/04\/ikuchyne-logo.jpg","width":200,"height":48,"caption":"ikuchyne!"},"image":{"@id":"https:\/\/www.ikuchyne.sk\/eshop\/#\/schema\/logo\/image\/"},"sameAs":["https:\/\/www.facebook.com\/ikuchyne\/","https:\/\/www.instagram.com\/ikuchyne.sk\/","https:\/\/sk.pinterest.com\/ikuchynesk\/"]}]}},"_links":{"self":[{"href":"https:\/\/www.ikuchyne.sk\/eshop\/wp-json\/wp\/v2\/product\/29883"}],"collection":[{"href":"https:\/\/www.ikuchyne.sk\/eshop\/wp-json\/wp\/v2\/product"}],"about":[{"href":"https:\/\/www.ikuchyne.sk\/eshop\/wp-json\/wp\/v2\/types\/product"}],"replies":[{"embeddable":true,"href":"https:\/\/www.ikuchyne.sk\/eshop\/wp-json\/wp\/v2\/comments?post=29883"}],"wp:featuredmedia":[{"embeddable":true,"href":"https:\/\/www.ikuchyne.sk\/eshop\/wp-json\/wp\/v2\/media\/29884"}],"wp:attachment":[{"href":"https:\/\/www.ikuchyne.sk\/eshop\/wp-json\/wp\/v2\/media?parent=29883"}],"wp:term":[{"taxonomy":"product_cat","embeddable":true,"href":"https:\/\/www.ikuchyne.sk\/eshop\/wp-json\/wp\/v2\/product_cat?post=29883"},{"taxonomy":"product_tag","embeddable":true,"href":"https:\/\/www.ikuchyne.sk\/eshop\/wp-json\/wp\/v2\/product_tag?post=29883"}],"curies":[{"name":"wp","href":"https:\/\/api.w.org\/{rel}","templated":true}]}}