{"id":30038,"date":"2018-01-16T15:52:49","date_gmt":"2018-01-16T14:52:49","guid":{"rendered":"https:\/\/ikuchyne.sk\/eshop\/?post_type=product&#038;p=30038"},"modified":"2024-01-10T10:56:21","modified_gmt":"2024-01-10T09:56:21","slug":"vankus-rodeo-45x45cm-siva","status":"publish","type":"product","link":"https:\/\/www.ikuchyne.sk\/eshop\/produkt\/vankus-rodeo-45x45cm-siva\/","title":{"rendered":"Vank\u00fa\u0161 Rodeo siv\u00e1 45 x 45 cm"},"content":{"rendered":"<p style=\"text-align: justify;\">V\u00a0modelovej s\u00e9rii <a href=\"https:\/\/ikuchyne.sk\/eshop\/bytove-doplnky\/\">bytov\u00fdch doplnkov<\/a> Rodeo dominuj\u00fa <a href=\"https:\/\/ikuchyne.sk\/eshop\/produkt\/koberec-rodeo-195cm\" class=\"broken_link\">koberce Rodeo<\/a>. Ak si v\u0161ak chcete vytvori\u0165 v\u00fdnimo\u010dn\u00fd k\u00a0pr\u00edrode sa pribli\u017euj\u00faci interi\u00e9r, ku kobercu si dok\u00fapte minim\u00e1lne jeden vank\u00fa\u0161 Rodeo. Ka\u017ed\u00fd kus vyroben\u00fd z\u00a0kravskej ko\u017ee je jedine\u010dn\u00fd, origin\u00e1lny. V\u00a0modelovej s\u00e9rii bytov\u00fdch doplnkov Rodeo s\u00fa aj in\u00e9 vzory (zebra, siv\u00fd k\u00f4\u0148) a\u00a0vyr\u00e1ban\u00e9 s\u00fa aj in\u00e9 <a href=\"https:\/\/ikuchyne.sk\/eshop\/dekoracie-do-bytu\" class=\"broken_link\">dekor\u00e1cie<\/a>, napr\u00edklad prikr\u00fdvky postel\u00ed \u010di mal\u00e9 kober\u010deky k\u00a0posteli alebo pod konferen\u010dn\u00fd stol\u00edk.<\/p>\n<p><strong>\u00dadr\u017eba \u2013 <\/strong>Vank\u00fa\u0161e s\u00fa vyroben\u00e9 z \u010dist\u00e9ho pr\u00edrodn\u00e9ho materi\u00e1lu. Chlpy maj\u00fa prirodzen\u00fa ochranu, tak\u017ee sa m\u00f4\u017eu um\u00fdva\u0165 len navlh\u010denou handri\u010dkou. Prach a\u00a0ne\u010distoty odstr\u00e1nite jemn\u00fdm ponatriasan\u00edm. Vank\u00fa\u0161 nikdy neperte v\u00a0pr\u00e1\u010dke!<br \/>\n<strong>P\u00f4vod &#8211;<\/strong> Nemecko<\/p>\n<p><strong>Materi\u00e1l \u2013 <\/strong>prav\u00e1 kravsk\u00e1 ko\u017ea;<\/p>\n<p><strong>Materi\u00e1lov\u00e9 zlo\u017eenie referen\u010dnej l\u00e1tky \u2013 <\/strong>100-percentn\u00e1 prav\u00e1 ko\u017ea, 100-percentn\u00e1 bavlna;<\/p>\n<p><strong>Farba \u2013 <\/strong>\u00a0sivo-hned\u00e1<\/p>\n<p><strong>Ke\u010f\u017ee je produkt vyr\u00e1ban\u00fd z pravej ko\u017ee, je mo\u017en\u00e9, \u017ee sa jednotliv\u00e9 kusy bud\u00fa od seba l\u00ed\u0161i\u0165.\u00a0<\/strong><\/p>\n","protected":false},"excerpt":{"rendered":"<p>V\u00a0modelovej s\u00e9rii bytov\u00fdch doplnkov Rodeo dominuj\u00fa koberce Rodeo. Ak si v\u0161ak chcete vytvori\u0165 v\u00fdnimo\u010dn\u00fd k\u00a0pr\u00edrode sa pribli\u017euj\u00faci interi\u00e9r, ku kobercu si dok\u00fapte minim\u00e1lne jeden vank\u00fa\u0161 Rodeo. Ka\u017ed\u00fd kus vyroben\u00fd z\u00a0kravskej<\/p>\n","protected":false},"featured_media":30039,"comment_status":"open","ping_status":"closed","template":"","meta":[],"product_cat":[289,319],"product_tag":[257],"yoast_head":"<!-- This site is optimized with the Yoast SEO plugin v22.1 - https:\/\/yoast.com\/wordpress\/plugins\/seo\/ -->\n<title>Vank\u00fa\u0161 Rodeo siv\u00e1 45 x 45 cm &#187; iKuchyne iSHOP s n\u00e1bytkom<\/title>\n<meta name=\"description\" content=\"K\u00fapte si u n\u00e1s Vank\u00fa\u0161 Rodeo siv\u00e1 45 x 45 cm za akciov\u00fa cenu. R\u00fdchle dodanie tovaru, odborn\u00e9 poradenstvo a stovky produktov skladom. Vank\u00fa\u0161 Rodeo siv\u00e1 45 x 45 cm sa stane dominantou V\u00e1\u0161ho interi\u00e9ru. Internetov\u00fd obchod ikuchyne! pon\u00faka odber Vank\u00fa\u0161 Rodeo siv\u00e1 45 x 45 cm u\u017e od 1 kusu.\" \/>\n<meta name=\"robots\" content=\"index, follow, max-snippet:-1, max-image-preview:large, max-video-preview:-1\" \/>\n<link rel=\"canonical\" href=\"https:\/\/www.ikuchyne.sk\/eshop\/produkt\/vankus-rodeo-45x45cm-siva\/\" \/>\n<meta property=\"og:locale\" content=\"sk_SK\" \/>\n<meta property=\"og:type\" content=\"article\" \/>\n<meta property=\"og:title\" content=\"Vank\u00fa\u0161 Rodeo siv\u00e1 45 x 45 cm &#187; iKuchyne iSHOP s n\u00e1bytkom\" \/>\n<meta property=\"og:description\" content=\"K\u00fapte si u n\u00e1s Vank\u00fa\u0161 Rodeo siv\u00e1 45 x 45 cm za akciov\u00fa cenu. R\u00fdchle dodanie tovaru, odborn\u00e9 poradenstvo a stovky produktov skladom. Vank\u00fa\u0161 Rodeo siv\u00e1 45 x 45 cm sa stane dominantou V\u00e1\u0161ho interi\u00e9ru. Internetov\u00fd obchod ikuchyne! pon\u00faka odber Vank\u00fa\u0161 Rodeo siv\u00e1 45 x 45 cm u\u017e od 1 kusu.\" \/>\n<meta property=\"og:url\" content=\"https:\/\/www.ikuchyne.sk\/eshop\/produkt\/vankus-rodeo-45x45cm-siva\/\" \/>\n<meta property=\"og:site_name\" content=\"iKuchyne iSHOP s n\u00e1bytkom\" \/>\n<meta property=\"article:publisher\" content=\"https:\/\/www.facebook.com\/ikuchyne\/\" \/>\n<meta property=\"article:modified_time\" content=\"2024-01-10T09:56:21+00:00\" \/>\n<meta property=\"og:image\" content=\"https:\/\/www.ikuchyne.sk\/eshop\/wp-content\/uploads\/2017\/07\/vankus-rodeo-siva-45-x-45-cm-30038.jpg\" \/>\n\t<meta property=\"og:image:width\" content=\"800\" \/>\n\t<meta property=\"og:image:height\" content=\"533\" \/>\n\t<meta property=\"og:image:type\" content=\"image\/jpeg\" \/>\n<meta name=\"twitter:card\" content=\"summary_large_image\" \/>\n<meta name=\"twitter:label1\" content=\"Predpokladan\u00fd \u010das \u010d\u00edtania\" \/>\n\t<meta name=\"twitter:data1\" content=\"1 min\u00fata\" \/>\n<script type=\"application\/ld+json\" class=\"yoast-schema-graph\">{\"@context\":\"https:\/\/schema.org\",\"@graph\":[{\"@type\":\"WebPage\",\"@id\":\"https:\/\/www.ikuchyne.sk\/eshop\/produkt\/vankus-rodeo-45x45cm-siva\/\",\"url\":\"https:\/\/www.ikuchyne.sk\/eshop\/produkt\/vankus-rodeo-45x45cm-siva\/\",\"name\":\"Vank\u00fa\u0161 Rodeo siv\u00e1 45 x 45 cm &#187; iKuchyne iSHOP s n\u00e1bytkom\",\"isPartOf\":{\"@id\":\"https:\/\/www.ikuchyne.sk\/eshop\/#website\"},\"datePublished\":\"2018-01-16T14:52:49+00:00\",\"dateModified\":\"2024-01-10T09:56:21+00:00\",\"description\":\"K\u00fapte si u n\u00e1s Vank\u00fa\u0161 Rodeo siv\u00e1 45 x 45 cm za akciov\u00fa cenu. R\u00fdchle dodanie tovaru, odborn\u00e9 poradenstvo a stovky produktov skladom. Vank\u00fa\u0161 Rodeo siv\u00e1 45 x 45 cm sa stane dominantou V\u00e1\u0161ho interi\u00e9ru. Internetov\u00fd obchod ikuchyne! pon\u00faka odber Vank\u00fa\u0161 Rodeo siv\u00e1 45 x 45 cm u\u017e od 1 kusu.\",\"breadcrumb\":{\"@id\":\"https:\/\/www.ikuchyne.sk\/eshop\/produkt\/vankus-rodeo-45x45cm-siva\/#breadcrumb\"},\"inLanguage\":\"sk-SK\",\"potentialAction\":[{\"@type\":\"ReadAction\",\"target\":[\"https:\/\/www.ikuchyne.sk\/eshop\/produkt\/vankus-rodeo-45x45cm-siva\/\"]}]},{\"@type\":\"BreadcrumbList\",\"@id\":\"https:\/\/www.ikuchyne.sk\/eshop\/produkt\/vankus-rodeo-45x45cm-siva\/#breadcrumb\",\"itemListElement\":[{\"@type\":\"ListItem\",\"position\":1,\"name\":\"Home\",\"item\":\"https:\/\/www.ikuchyne.sk\/eshop\/\"},{\"@type\":\"ListItem\",\"position\":2,\"name\":\"Obchod\",\"item\":\"https:\/\/www.ikuchyne.sk\/eshop\/obchod\/\"},{\"@type\":\"ListItem\",\"position\":3,\"name\":\"Vank\u00fa\u0161 Rodeo siv\u00e1 45 x 45 cm\"}]},{\"@type\":\"WebSite\",\"@id\":\"https:\/\/www.ikuchyne.sk\/eshop\/#website\",\"url\":\"https:\/\/www.ikuchyne.sk\/eshop\/\",\"name\":\"iKuchyne iSHOP s n\u00e1bytkom\",\"description\":\"Jed\u00e1lensk\u00e9 stoly, stoli\u010dky, n\u00e1bytok, svietidl\u00e1...\",\"publisher\":{\"@id\":\"https:\/\/www.ikuchyne.sk\/eshop\/#organization\"},\"potentialAction\":[{\"@type\":\"SearchAction\",\"target\":{\"@type\":\"EntryPoint\",\"urlTemplate\":\"https:\/\/www.ikuchyne.sk\/eshop\/?s={search_term_string}\"},\"query-input\":\"required name=search_term_string\"}],\"inLanguage\":\"sk-SK\"},{\"@type\":\"Organization\",\"@id\":\"https:\/\/www.ikuchyne.sk\/eshop\/#organization\",\"name\":\"ikuchyne!\",\"url\":\"https:\/\/www.ikuchyne.sk\/eshop\/\",\"logo\":{\"@type\":\"ImageObject\",\"inLanguage\":\"sk-SK\",\"@id\":\"https:\/\/www.ikuchyne.sk\/eshop\/#\/schema\/logo\/image\/\",\"url\":\"https:\/\/www.ikuchyne.sk\/eshop\/wp-content\/uploads\/2017\/04\/ikuchyne-logo.jpg\",\"contentUrl\":\"https:\/\/www.ikuchyne.sk\/eshop\/wp-content\/uploads\/2017\/04\/ikuchyne-logo.jpg\",\"width\":200,\"height\":48,\"caption\":\"ikuchyne!\"},\"image\":{\"@id\":\"https:\/\/www.ikuchyne.sk\/eshop\/#\/schema\/logo\/image\/\"},\"sameAs\":[\"https:\/\/www.facebook.com\/ikuchyne\/\",\"https:\/\/www.instagram.com\/ikuchyne.sk\/\",\"https:\/\/sk.pinterest.com\/ikuchynesk\/\"]}]}<\/script>\n<!-- \/ Yoast SEO plugin. -->","yoast_head_json":{"title":"Vank\u00fa\u0161 Rodeo siv\u00e1 45 x 45 cm &#187; iKuchyne iSHOP s n\u00e1bytkom","description":"K\u00fapte si u n\u00e1s Vank\u00fa\u0161 Rodeo siv\u00e1 45 x 45 cm za akciov\u00fa cenu. R\u00fdchle dodanie tovaru, odborn\u00e9 poradenstvo a stovky produktov skladom. Vank\u00fa\u0161 Rodeo siv\u00e1 45 x 45 cm sa stane dominantou V\u00e1\u0161ho interi\u00e9ru. Internetov\u00fd obchod ikuchyne! pon\u00faka odber Vank\u00fa\u0161 Rodeo siv\u00e1 45 x 45 cm u\u017e od 1 kusu.","robots":{"index":"index","follow":"follow","max-snippet":"max-snippet:-1","max-image-preview":"max-image-preview:large","max-video-preview":"max-video-preview:-1"},"canonical":"https:\/\/www.ikuchyne.sk\/eshop\/produkt\/vankus-rodeo-45x45cm-siva\/","og_locale":"sk_SK","og_type":"article","og_title":"Vank\u00fa\u0161 Rodeo siv\u00e1 45 x 45 cm &#187; iKuchyne iSHOP s n\u00e1bytkom","og_description":"K\u00fapte si u n\u00e1s Vank\u00fa\u0161 Rodeo siv\u00e1 45 x 45 cm za akciov\u00fa cenu. R\u00fdchle dodanie tovaru, odborn\u00e9 poradenstvo a stovky produktov skladom. Vank\u00fa\u0161 Rodeo siv\u00e1 45 x 45 cm sa stane dominantou V\u00e1\u0161ho interi\u00e9ru. Internetov\u00fd obchod ikuchyne! pon\u00faka odber Vank\u00fa\u0161 Rodeo siv\u00e1 45 x 45 cm u\u017e od 1 kusu.","og_url":"https:\/\/www.ikuchyne.sk\/eshop\/produkt\/vankus-rodeo-45x45cm-siva\/","og_site_name":"iKuchyne iSHOP s n\u00e1bytkom","article_publisher":"https:\/\/www.facebook.com\/ikuchyne\/","article_modified_time":"2024-01-10T09:56:21+00:00","og_image":[{"width":800,"height":533,"url":"https:\/\/www.ikuchyne.sk\/eshop\/wp-content\/uploads\/2017\/07\/vankus-rodeo-siva-45-x-45-cm-30038.jpg","type":"image\/jpeg"}],"twitter_card":"summary_large_image","twitter_misc":{"Predpokladan\u00fd \u010das \u010d\u00edtania":"1 min\u00fata"},"schema":{"@context":"https:\/\/schema.org","@graph":[{"@type":"WebPage","@id":"https:\/\/www.ikuchyne.sk\/eshop\/produkt\/vankus-rodeo-45x45cm-siva\/","url":"https:\/\/www.ikuchyne.sk\/eshop\/produkt\/vankus-rodeo-45x45cm-siva\/","name":"Vank\u00fa\u0161 Rodeo siv\u00e1 45 x 45 cm &#187; iKuchyne iSHOP s n\u00e1bytkom","isPartOf":{"@id":"https:\/\/www.ikuchyne.sk\/eshop\/#website"},"datePublished":"2018-01-16T14:52:49+00:00","dateModified":"2024-01-10T09:56:21+00:00","description":"K\u00fapte si u n\u00e1s Vank\u00fa\u0161 Rodeo siv\u00e1 45 x 45 cm za akciov\u00fa cenu. R\u00fdchle dodanie tovaru, odborn\u00e9 poradenstvo a stovky produktov skladom. Vank\u00fa\u0161 Rodeo siv\u00e1 45 x 45 cm sa stane dominantou V\u00e1\u0161ho interi\u00e9ru. Internetov\u00fd obchod ikuchyne! pon\u00faka odber Vank\u00fa\u0161 Rodeo siv\u00e1 45 x 45 cm u\u017e od 1 kusu.","breadcrumb":{"@id":"https:\/\/www.ikuchyne.sk\/eshop\/produkt\/vankus-rodeo-45x45cm-siva\/#breadcrumb"},"inLanguage":"sk-SK","potentialAction":[{"@type":"ReadAction","target":["https:\/\/www.ikuchyne.sk\/eshop\/produkt\/vankus-rodeo-45x45cm-siva\/"]}]},{"@type":"BreadcrumbList","@id":"https:\/\/www.ikuchyne.sk\/eshop\/produkt\/vankus-rodeo-45x45cm-siva\/#breadcrumb","itemListElement":[{"@type":"ListItem","position":1,"name":"Home","item":"https:\/\/www.ikuchyne.sk\/eshop\/"},{"@type":"ListItem","position":2,"name":"Obchod","item":"https:\/\/www.ikuchyne.sk\/eshop\/obchod\/"},{"@type":"ListItem","position":3,"name":"Vank\u00fa\u0161 Rodeo siv\u00e1 45 x 45 cm"}]},{"@type":"WebSite","@id":"https:\/\/www.ikuchyne.sk\/eshop\/#website","url":"https:\/\/www.ikuchyne.sk\/eshop\/","name":"iKuchyne iSHOP s n\u00e1bytkom","description":"Jed\u00e1lensk\u00e9 stoly, stoli\u010dky, n\u00e1bytok, svietidl\u00e1...","publisher":{"@id":"https:\/\/www.ikuchyne.sk\/eshop\/#organization"},"potentialAction":[{"@type":"SearchAction","target":{"@type":"EntryPoint","urlTemplate":"https:\/\/www.ikuchyne.sk\/eshop\/?s={search_term_string}"},"query-input":"required name=search_term_string"}],"inLanguage":"sk-SK"},{"@type":"Organization","@id":"https:\/\/www.ikuchyne.sk\/eshop\/#organization","name":"ikuchyne!","url":"https:\/\/www.ikuchyne.sk\/eshop\/","logo":{"@type":"ImageObject","inLanguage":"sk-SK","@id":"https:\/\/www.ikuchyne.sk\/eshop\/#\/schema\/logo\/image\/","url":"https:\/\/www.ikuchyne.sk\/eshop\/wp-content\/uploads\/2017\/04\/ikuchyne-logo.jpg","contentUrl":"https:\/\/www.ikuchyne.sk\/eshop\/wp-content\/uploads\/2017\/04\/ikuchyne-logo.jpg","width":200,"height":48,"caption":"ikuchyne!"},"image":{"@id":"https:\/\/www.ikuchyne.sk\/eshop\/#\/schema\/logo\/image\/"},"sameAs":["https:\/\/www.facebook.com\/ikuchyne\/","https:\/\/www.instagram.com\/ikuchyne.sk\/","https:\/\/sk.pinterest.com\/ikuchynesk\/"]}]}},"_links":{"self":[{"href":"https:\/\/www.ikuchyne.sk\/eshop\/wp-json\/wp\/v2\/product\/30038"}],"collection":[{"href":"https:\/\/www.ikuchyne.sk\/eshop\/wp-json\/wp\/v2\/product"}],"about":[{"href":"https:\/\/www.ikuchyne.sk\/eshop\/wp-json\/wp\/v2\/types\/product"}],"replies":[{"embeddable":true,"href":"https:\/\/www.ikuchyne.sk\/eshop\/wp-json\/wp\/v2\/comments?post=30038"}],"wp:featuredmedia":[{"embeddable":true,"href":"https:\/\/www.ikuchyne.sk\/eshop\/wp-json\/wp\/v2\/media\/30039"}],"wp:attachment":[{"href":"https:\/\/www.ikuchyne.sk\/eshop\/wp-json\/wp\/v2\/media?parent=30038"}],"wp:term":[{"taxonomy":"product_cat","embeddable":true,"href":"https:\/\/www.ikuchyne.sk\/eshop\/wp-json\/wp\/v2\/product_cat?post=30038"},{"taxonomy":"product_tag","embeddable":true,"href":"https:\/\/www.ikuchyne.sk\/eshop\/wp-json\/wp\/v2\/product_tag?post=30038"}],"curies":[{"name":"wp","href":"https:\/\/api.w.org\/{rel}","templated":true}]}}