{"id":4758,"date":"2017-10-19T15:11:50","date_gmt":"2017-10-19T13:11:50","guid":{"rendered":"http:\/\/potocan.com\/eshop\/produkt\/zavesna-lampa-glow-biela-zlata-70cm\/"},"modified":"2024-03-10T19:20:16","modified_gmt":"2024-03-10T18:20:16","slug":"bielo-zlata-zavesna-lampa-glow-o-70-cm","status":"publish","type":"product","link":"https:\/\/www.ikuchyne.sk\/eshop\/produkt\/bielo-zlata-zavesna-lampa-glow-o-70-cm\/","title":{"rendered":"Bielo-zlat\u00e1 z\u00e1vesn\u00e1 lampa Glow \u00d8 70 cm \u00bb"},"content":{"rendered":"<h1>Bielo-zlat\u00e1 z\u00e1vesn\u00e1 lampa Glow \u00d8 70 cm<\/h1>\n<p><strong>V\u0161eobecn\u00fd opis z\u00e1vesnej lampy:<br \/>\n<\/strong>Nad\u0161enci modern\u00e9ho \u0161t\u00fdlu ur\u010dite ocenia dizajn tejto z\u00e1vesnej lampy. Okr\u00fahle tienidlo je vytvoren\u00e9 zo sklen\u00e9ho vl\u00e1kna, ktor\u00e9 je ve\u013emi pevn\u00e9. Povrch tienidla je hladk\u00fd a v bielej farbe. Vn\u00fatro lampy je v zlatej farbe a povrch je zvr\u00e1snen\u00fd, \u010do vytv\u00e1ra zauj\u00edmav\u00fd detail. Pri rozsvieten\u00ed vynikne jej tepl\u00e1 atmosf\u00e9ra. V\u010faka svojim \u0161tedr\u00fdm rozmerom dostato\u010dne osvetl\u00ed ka\u017ed\u00fd moderne zariaden\u00fd priestor. Svietidlo je prisp\u00f4soben\u00e9 na \u017eiarovku so z\u00e1vitom E27 a dod\u00e1va sa bez \u017eiarovky.<\/p>\n<p><strong>\u010eal\u0161ie inform\u00e1cie:<br \/>\n<\/strong>V pr\u00edpade zne\u010distenia, pou\u017eite prachovku alebo pr\u00edpravky na \u010distenie svietidiel a m\u00e4kk\u00fa handri\u010dku. Nikdy nemanipulujte so svietidlom pod nap\u00e4t\u00edm.<\/p>\n<p><b>Rozmery z\u00e1vesnej lampy:<br \/>\n<\/b><strong>tienidlo:<\/strong>\u00a070 x 30 x 70 cm (\u0160xVxH)<br \/>\n<strong>celkov\u00e1 v\u00fd\u0161ka:<\/strong>\u00a0120 cm<\/p>\n<p><strong>Technick\u00e9 parametre:<br \/>\n<\/strong>zdroj: 1 x E27 max. 60W<\/p>\n<p><b>Materi\u00e1l:<\/b> sklen\u00e9 vl\u00e1kno<\/p>\n<p><b>Farba:<\/b>\u00a0biela, zlat\u00e1<\/p>\n","protected":false},"excerpt":{"rendered":"<p>Bielo-zlat\u00e1 z\u00e1vesn\u00e1 lampa Glow \u00d8 70 cm V\u0161eobecn\u00fd opis z\u00e1vesnej lampy: Nad\u0161enci modern\u00e9ho \u0161t\u00fdlu ur\u010dite ocenia dizajn tejto z\u00e1vesnej lampy. Okr\u00fahle tienidlo je vytvoren\u00e9 zo sklen\u00e9ho vl\u00e1kna, ktor\u00e9 je ve\u013emi<\/p>\n","protected":false},"featured_media":4759,"comment_status":"open","ping_status":"closed","template":"","meta":[],"product_cat":[183,886,888,892],"product_tag":[562,188],"yoast_head":"<!-- This site is optimized with the Yoast SEO plugin v22.1 - https:\/\/yoast.com\/wordpress\/plugins\/seo\/ -->\n<title>Bielo-zlat\u00e1 z\u00e1vesn\u00e1 lampa Glow \u00d8 70 cm \u00bb &#187; iKuchyne iSHOP s n\u00e1bytkom<\/title>\n<meta name=\"description\" content=\"K\u00fapte si u n\u00e1s Bielo-zlat\u00e1 z\u00e1vesn\u00e1 lampa Glow \u00d8 70 cm \u00bb za akciov\u00fa cenu. R\u00fdchle dodanie tovaru, odborn\u00e9 poradenstvo a stovky produktov skladom. Bielo-zlat\u00e1 z\u00e1vesn\u00e1 lampa Glow \u00d8 70 cm \u00bb sa stane dominantou V\u00e1\u0161ho interi\u00e9ru. Internetov\u00fd obchod ikuchyne! pon\u00faka odber Bielo-zlat\u00e1 z\u00e1vesn\u00e1 lampa Glow \u00d8 70 cm \u00bb u\u017e od 1 kusu.\" \/>\n<meta name=\"robots\" content=\"index, follow, max-snippet:-1, max-image-preview:large, max-video-preview:-1\" \/>\n<link rel=\"canonical\" href=\"https:\/\/www.ikuchyne.sk\/eshop\/produkt\/bielo-zlata-zavesna-lampa-glow-o-70-cm\/\" \/>\n<meta property=\"og:locale\" content=\"sk_SK\" \/>\n<meta property=\"og:type\" content=\"article\" \/>\n<meta property=\"og:title\" content=\"Bielo-zlat\u00e1 z\u00e1vesn\u00e1 lampa Glow \u00d8 70 cm \u00bb &#187; iKuchyne iSHOP s n\u00e1bytkom\" \/>\n<meta property=\"og:description\" content=\"K\u00fapte si u n\u00e1s Bielo-zlat\u00e1 z\u00e1vesn\u00e1 lampa Glow \u00d8 70 cm \u00bb za akciov\u00fa cenu. R\u00fdchle dodanie tovaru, odborn\u00e9 poradenstvo a stovky produktov skladom. Bielo-zlat\u00e1 z\u00e1vesn\u00e1 lampa Glow \u00d8 70 cm \u00bb sa stane dominantou V\u00e1\u0161ho interi\u00e9ru. Internetov\u00fd obchod ikuchyne! pon\u00faka odber Bielo-zlat\u00e1 z\u00e1vesn\u00e1 lampa Glow \u00d8 70 cm \u00bb u\u017e od 1 kusu.\" \/>\n<meta property=\"og:url\" content=\"https:\/\/www.ikuchyne.sk\/eshop\/produkt\/bielo-zlata-zavesna-lampa-glow-o-70-cm\/\" \/>\n<meta property=\"og:site_name\" content=\"iKuchyne iSHOP s n\u00e1bytkom\" \/>\n<meta property=\"article:publisher\" content=\"https:\/\/www.facebook.com\/ikuchyne\/\" \/>\n<meta property=\"article:modified_time\" content=\"2024-03-10T18:20:16+00:00\" \/>\n<meta property=\"og:image\" content=\"https:\/\/www.ikuchyne.sk\/eshop\/wp-content\/uploads\/2017\/04\/zavesna-lampa-ador-stout-biela-53.jpg\" \/>\n\t<meta property=\"og:image:width\" content=\"800\" \/>\n\t<meta property=\"og:image:height\" content=\"533\" \/>\n\t<meta property=\"og:image:type\" content=\"image\/jpeg\" \/>\n<meta name=\"twitter:card\" content=\"summary_large_image\" \/>\n<meta name=\"twitter:label1\" content=\"Predpokladan\u00fd \u010das \u010d\u00edtania\" \/>\n\t<meta name=\"twitter:data1\" content=\"1 min\u00fata\" \/>\n<script type=\"application\/ld+json\" class=\"yoast-schema-graph\">{\"@context\":\"https:\/\/schema.org\",\"@graph\":[{\"@type\":\"WebPage\",\"@id\":\"https:\/\/www.ikuchyne.sk\/eshop\/produkt\/bielo-zlata-zavesna-lampa-glow-o-70-cm\/\",\"url\":\"https:\/\/www.ikuchyne.sk\/eshop\/produkt\/bielo-zlata-zavesna-lampa-glow-o-70-cm\/\",\"name\":\"Bielo-zlat\u00e1 z\u00e1vesn\u00e1 lampa Glow \u00d8 70 cm \u00bb &#187; iKuchyne iSHOP s n\u00e1bytkom\",\"isPartOf\":{\"@id\":\"https:\/\/www.ikuchyne.sk\/eshop\/#website\"},\"datePublished\":\"2017-10-19T13:11:50+00:00\",\"dateModified\":\"2024-03-10T18:20:16+00:00\",\"description\":\"K\u00fapte si u n\u00e1s Bielo-zlat\u00e1 z\u00e1vesn\u00e1 lampa Glow \u00d8 70 cm \u00bb za akciov\u00fa cenu. R\u00fdchle dodanie tovaru, odborn\u00e9 poradenstvo a stovky produktov skladom. Bielo-zlat\u00e1 z\u00e1vesn\u00e1 lampa Glow \u00d8 70 cm \u00bb sa stane dominantou V\u00e1\u0161ho interi\u00e9ru. Internetov\u00fd obchod ikuchyne! pon\u00faka odber Bielo-zlat\u00e1 z\u00e1vesn\u00e1 lampa Glow \u00d8 70 cm \u00bb u\u017e od 1 kusu.\",\"breadcrumb\":{\"@id\":\"https:\/\/www.ikuchyne.sk\/eshop\/produkt\/bielo-zlata-zavesna-lampa-glow-o-70-cm\/#breadcrumb\"},\"inLanguage\":\"sk-SK\",\"potentialAction\":[{\"@type\":\"ReadAction\",\"target\":[\"https:\/\/www.ikuchyne.sk\/eshop\/produkt\/bielo-zlata-zavesna-lampa-glow-o-70-cm\/\"]}]},{\"@type\":\"BreadcrumbList\",\"@id\":\"https:\/\/www.ikuchyne.sk\/eshop\/produkt\/bielo-zlata-zavesna-lampa-glow-o-70-cm\/#breadcrumb\",\"itemListElement\":[{\"@type\":\"ListItem\",\"position\":1,\"name\":\"Home\",\"item\":\"https:\/\/www.ikuchyne.sk\/eshop\/\"},{\"@type\":\"ListItem\",\"position\":2,\"name\":\"Obchod\",\"item\":\"https:\/\/www.ikuchyne.sk\/eshop\/obchod\/\"},{\"@type\":\"ListItem\",\"position\":3,\"name\":\"Bielo-zlat\u00e1 z\u00e1vesn\u00e1 lampa Glow \u00d8 70 cm \u00bb\"}]},{\"@type\":\"WebSite\",\"@id\":\"https:\/\/www.ikuchyne.sk\/eshop\/#website\",\"url\":\"https:\/\/www.ikuchyne.sk\/eshop\/\",\"name\":\"iKuchyne iSHOP s n\u00e1bytkom\",\"description\":\"Jed\u00e1lensk\u00e9 stoly, stoli\u010dky, n\u00e1bytok, svietidl\u00e1...\",\"publisher\":{\"@id\":\"https:\/\/www.ikuchyne.sk\/eshop\/#organization\"},\"potentialAction\":[{\"@type\":\"SearchAction\",\"target\":{\"@type\":\"EntryPoint\",\"urlTemplate\":\"https:\/\/www.ikuchyne.sk\/eshop\/?s={search_term_string}\"},\"query-input\":\"required name=search_term_string\"}],\"inLanguage\":\"sk-SK\"},{\"@type\":\"Organization\",\"@id\":\"https:\/\/www.ikuchyne.sk\/eshop\/#organization\",\"name\":\"ikuchyne!\",\"url\":\"https:\/\/www.ikuchyne.sk\/eshop\/\",\"logo\":{\"@type\":\"ImageObject\",\"inLanguage\":\"sk-SK\",\"@id\":\"https:\/\/www.ikuchyne.sk\/eshop\/#\/schema\/logo\/image\/\",\"url\":\"https:\/\/www.ikuchyne.sk\/eshop\/wp-content\/uploads\/2017\/04\/ikuchyne-logo.jpg\",\"contentUrl\":\"https:\/\/www.ikuchyne.sk\/eshop\/wp-content\/uploads\/2017\/04\/ikuchyne-logo.jpg\",\"width\":200,\"height\":48,\"caption\":\"ikuchyne!\"},\"image\":{\"@id\":\"https:\/\/www.ikuchyne.sk\/eshop\/#\/schema\/logo\/image\/\"},\"sameAs\":[\"https:\/\/www.facebook.com\/ikuchyne\/\",\"https:\/\/www.instagram.com\/ikuchyne.sk\/\",\"https:\/\/sk.pinterest.com\/ikuchynesk\/\"]}]}<\/script>\n<!-- \/ Yoast SEO plugin. -->","yoast_head_json":{"title":"Bielo-zlat\u00e1 z\u00e1vesn\u00e1 lampa Glow \u00d8 70 cm \u00bb &#187; iKuchyne iSHOP s n\u00e1bytkom","description":"K\u00fapte si u n\u00e1s Bielo-zlat\u00e1 z\u00e1vesn\u00e1 lampa Glow \u00d8 70 cm \u00bb za akciov\u00fa cenu. R\u00fdchle dodanie tovaru, odborn\u00e9 poradenstvo a stovky produktov skladom. Bielo-zlat\u00e1 z\u00e1vesn\u00e1 lampa Glow \u00d8 70 cm \u00bb sa stane dominantou V\u00e1\u0161ho interi\u00e9ru. Internetov\u00fd obchod ikuchyne! pon\u00faka odber Bielo-zlat\u00e1 z\u00e1vesn\u00e1 lampa Glow \u00d8 70 cm \u00bb u\u017e od 1 kusu.","robots":{"index":"index","follow":"follow","max-snippet":"max-snippet:-1","max-image-preview":"max-image-preview:large","max-video-preview":"max-video-preview:-1"},"canonical":"https:\/\/www.ikuchyne.sk\/eshop\/produkt\/bielo-zlata-zavesna-lampa-glow-o-70-cm\/","og_locale":"sk_SK","og_type":"article","og_title":"Bielo-zlat\u00e1 z\u00e1vesn\u00e1 lampa Glow \u00d8 70 cm \u00bb &#187; iKuchyne iSHOP s n\u00e1bytkom","og_description":"K\u00fapte si u n\u00e1s Bielo-zlat\u00e1 z\u00e1vesn\u00e1 lampa Glow \u00d8 70 cm \u00bb za akciov\u00fa cenu. R\u00fdchle dodanie tovaru, odborn\u00e9 poradenstvo a stovky produktov skladom. Bielo-zlat\u00e1 z\u00e1vesn\u00e1 lampa Glow \u00d8 70 cm \u00bb sa stane dominantou V\u00e1\u0161ho interi\u00e9ru. Internetov\u00fd obchod ikuchyne! pon\u00faka odber Bielo-zlat\u00e1 z\u00e1vesn\u00e1 lampa Glow \u00d8 70 cm \u00bb u\u017e od 1 kusu.","og_url":"https:\/\/www.ikuchyne.sk\/eshop\/produkt\/bielo-zlata-zavesna-lampa-glow-o-70-cm\/","og_site_name":"iKuchyne iSHOP s n\u00e1bytkom","article_publisher":"https:\/\/www.facebook.com\/ikuchyne\/","article_modified_time":"2024-03-10T18:20:16+00:00","og_image":[{"width":800,"height":533,"url":"https:\/\/www.ikuchyne.sk\/eshop\/wp-content\/uploads\/2017\/04\/zavesna-lampa-ador-stout-biela-53.jpg","type":"image\/jpeg"}],"twitter_card":"summary_large_image","twitter_misc":{"Predpokladan\u00fd \u010das \u010d\u00edtania":"1 min\u00fata"},"schema":{"@context":"https:\/\/schema.org","@graph":[{"@type":"WebPage","@id":"https:\/\/www.ikuchyne.sk\/eshop\/produkt\/bielo-zlata-zavesna-lampa-glow-o-70-cm\/","url":"https:\/\/www.ikuchyne.sk\/eshop\/produkt\/bielo-zlata-zavesna-lampa-glow-o-70-cm\/","name":"Bielo-zlat\u00e1 z\u00e1vesn\u00e1 lampa Glow \u00d8 70 cm \u00bb &#187; iKuchyne iSHOP s n\u00e1bytkom","isPartOf":{"@id":"https:\/\/www.ikuchyne.sk\/eshop\/#website"},"datePublished":"2017-10-19T13:11:50+00:00","dateModified":"2024-03-10T18:20:16+00:00","description":"K\u00fapte si u n\u00e1s Bielo-zlat\u00e1 z\u00e1vesn\u00e1 lampa Glow \u00d8 70 cm \u00bb za akciov\u00fa cenu. R\u00fdchle dodanie tovaru, odborn\u00e9 poradenstvo a stovky produktov skladom. Bielo-zlat\u00e1 z\u00e1vesn\u00e1 lampa Glow \u00d8 70 cm \u00bb sa stane dominantou V\u00e1\u0161ho interi\u00e9ru. Internetov\u00fd obchod ikuchyne! pon\u00faka odber Bielo-zlat\u00e1 z\u00e1vesn\u00e1 lampa Glow \u00d8 70 cm \u00bb u\u017e od 1 kusu.","breadcrumb":{"@id":"https:\/\/www.ikuchyne.sk\/eshop\/produkt\/bielo-zlata-zavesna-lampa-glow-o-70-cm\/#breadcrumb"},"inLanguage":"sk-SK","potentialAction":[{"@type":"ReadAction","target":["https:\/\/www.ikuchyne.sk\/eshop\/produkt\/bielo-zlata-zavesna-lampa-glow-o-70-cm\/"]}]},{"@type":"BreadcrumbList","@id":"https:\/\/www.ikuchyne.sk\/eshop\/produkt\/bielo-zlata-zavesna-lampa-glow-o-70-cm\/#breadcrumb","itemListElement":[{"@type":"ListItem","position":1,"name":"Home","item":"https:\/\/www.ikuchyne.sk\/eshop\/"},{"@type":"ListItem","position":2,"name":"Obchod","item":"https:\/\/www.ikuchyne.sk\/eshop\/obchod\/"},{"@type":"ListItem","position":3,"name":"Bielo-zlat\u00e1 z\u00e1vesn\u00e1 lampa Glow \u00d8 70 cm \u00bb"}]},{"@type":"WebSite","@id":"https:\/\/www.ikuchyne.sk\/eshop\/#website","url":"https:\/\/www.ikuchyne.sk\/eshop\/","name":"iKuchyne iSHOP s n\u00e1bytkom","description":"Jed\u00e1lensk\u00e9 stoly, stoli\u010dky, n\u00e1bytok, svietidl\u00e1...","publisher":{"@id":"https:\/\/www.ikuchyne.sk\/eshop\/#organization"},"potentialAction":[{"@type":"SearchAction","target":{"@type":"EntryPoint","urlTemplate":"https:\/\/www.ikuchyne.sk\/eshop\/?s={search_term_string}"},"query-input":"required name=search_term_string"}],"inLanguage":"sk-SK"},{"@type":"Organization","@id":"https:\/\/www.ikuchyne.sk\/eshop\/#organization","name":"ikuchyne!","url":"https:\/\/www.ikuchyne.sk\/eshop\/","logo":{"@type":"ImageObject","inLanguage":"sk-SK","@id":"https:\/\/www.ikuchyne.sk\/eshop\/#\/schema\/logo\/image\/","url":"https:\/\/www.ikuchyne.sk\/eshop\/wp-content\/uploads\/2017\/04\/ikuchyne-logo.jpg","contentUrl":"https:\/\/www.ikuchyne.sk\/eshop\/wp-content\/uploads\/2017\/04\/ikuchyne-logo.jpg","width":200,"height":48,"caption":"ikuchyne!"},"image":{"@id":"https:\/\/www.ikuchyne.sk\/eshop\/#\/schema\/logo\/image\/"},"sameAs":["https:\/\/www.facebook.com\/ikuchyne\/","https:\/\/www.instagram.com\/ikuchyne.sk\/","https:\/\/sk.pinterest.com\/ikuchynesk\/"]}]}},"_links":{"self":[{"href":"https:\/\/www.ikuchyne.sk\/eshop\/wp-json\/wp\/v2\/product\/4758"}],"collection":[{"href":"https:\/\/www.ikuchyne.sk\/eshop\/wp-json\/wp\/v2\/product"}],"about":[{"href":"https:\/\/www.ikuchyne.sk\/eshop\/wp-json\/wp\/v2\/types\/product"}],"replies":[{"embeddable":true,"href":"https:\/\/www.ikuchyne.sk\/eshop\/wp-json\/wp\/v2\/comments?post=4758"}],"wp:featuredmedia":[{"embeddable":true,"href":"https:\/\/www.ikuchyne.sk\/eshop\/wp-json\/wp\/v2\/media\/4759"}],"wp:attachment":[{"href":"https:\/\/www.ikuchyne.sk\/eshop\/wp-json\/wp\/v2\/media?parent=4758"}],"wp:term":[{"taxonomy":"product_cat","embeddable":true,"href":"https:\/\/www.ikuchyne.sk\/eshop\/wp-json\/wp\/v2\/product_cat?post=4758"},{"taxonomy":"product_tag","embeddable":true,"href":"https:\/\/www.ikuchyne.sk\/eshop\/wp-json\/wp\/v2\/product_tag?post=4758"}],"curies":[{"name":"wp","href":"https:\/\/api.w.org\/{rel}","templated":true}]}}