{"id":5081,"date":"2017-04-25T15:16:13","date_gmt":"2017-04-25T13:16:13","guid":{"rendered":"http:\/\/potocan.com\/eshop\/produkt\/zavesna-lampa-studio-3-ciernozlata\/"},"modified":"2024-03-10T13:07:35","modified_gmt":"2024-03-10T12:07:35","slug":"zavesna-lampa-studio-3-ciernozlata","status":"publish","type":"product","link":"https:\/\/www.ikuchyne.sk\/eshop\/produkt\/zavesna-lampa-studio-3-ciernozlata\/","title":{"rendered":"\u010cierno-zlat\u00e1 z\u00e1vesn\u00e1 lampa Studio 3 \u00bb"},"content":{"rendered":"<h1>\u010cierno-zlat\u00e1 z\u00e1vesn\u00e1 lampa Studio 3<\/h1>\n<div class=\"electro-description\">\n<p><strong>V\u0161eobecn\u00fd opis z\u00e1vesnej lampy:<br \/>\n<\/strong>Netradi\u010dn\u00fd a modern\u00fd set troch z\u00e1vesn\u00fdch l\u00e1mp zaujme na prv\u00fd poh\u013ead. Ide o okr\u00fahle lampy v \u0161t\u00fdle hollywoodskych \u0161t\u00fadi\u00ed. Ka\u017ed\u00e1 z l\u00e1mp je v \u010diernej farbe so zlatou vn\u00fatornou stranou. Okr\u00fahle tienidlo s priestrann\u00fdm vn\u00fatrom nech\u00e1va vynikn\u00fa\u0165 odhalen\u00fa \u017eiarovku. Tento detail roz\u017eiari dizajn cel\u00e9ho svietidla. Tento set je posta\u010duj\u00faci na osvetlenie jed\u00e1lensk\u00e9ho stola., ako aj celej jed\u00e1lne \u010di kuchyne. Vynikaj\u00faco zapadne do moderne koncipovan\u00e9ho interi\u00e9ru. Lampy s\u00fa vyroben\u00e9 z kovu, ktor\u00fd je lakovan\u00fd. Svietidl\u00e1 s\u00fa prisp\u00f4soben\u00e9 na \u017eiarovku so z\u00e1vitom E27 a dod\u00e1vaj\u00fa sa bez \u017eiaroviek.<\/p>\n<p><strong>\u010eal\u0161ie inform\u00e1cie:<br \/>\n<\/strong>V pr\u00edpade zne\u010distenia, pou\u017eite prachovku alebo pr\u00edpravky na \u010distenie svietidiel a m\u00e4kk\u00fa handri\u010dku. Nikdy nemanipulujte so svietidlom pod nap\u00e4t\u00edm.<\/p>\n<p><b>Rozmery z\u00e1vesnej lampy<\/b>\u00a0(cca): 110 x 140 cm (\u0160xV)<br \/>\n<strong>v\u00fd\u0161ka:<\/strong>\u00a035 cm<br \/>\n<strong>celkov\u00fd priemer:<\/strong>\u00a055 cm<br \/>\n<strong>celkov\u00e1 v\u00fd\u0161ka:<\/strong>\u00a0110 cm<\/p>\n<p><strong>Technick\u00e9 parametre:<br \/>\n<\/strong>zdroj: 3 x E27 max. 60W<br \/>\n(energetick\u00e1 trieda\u00a0A++ a\u017e E)<\/p>\n<p><b>Materi\u00e1l:<\/b>\u00a0kov, lak<\/p>\n<p><b>Farba:<\/b>\u00a0\u010dierna, zlat\u00e1<\/p>\n<\/div>\n","protected":false},"excerpt":{"rendered":"<p>\u010cierno-zlat\u00e1 z\u00e1vesn\u00e1 lampa Studio 3 V\u0161eobecn\u00fd opis z\u00e1vesnej lampy: Netradi\u010dn\u00fd a modern\u00fd set troch z\u00e1vesn\u00fdch l\u00e1mp zaujme na prv\u00fd poh\u013ead. Ide o okr\u00fahle lampy v \u0161t\u00fdle hollywoodskych \u0161t\u00fadi\u00ed. Ka\u017ed\u00e1 z<\/p>\n","protected":false},"featured_media":5082,"comment_status":"open","ping_status":"closed","template":"","meta":[],"product_cat":[893,183,886,888],"product_tag":[264],"yoast_head":"<!-- This site is optimized with the Yoast SEO plugin v22.1 - https:\/\/yoast.com\/wordpress\/plugins\/seo\/ -->\n<title>\u010cierno-zlat\u00e1 z\u00e1vesn\u00e1 lampa Studio 3 \u00bb &#187; iKuchyne iSHOP s n\u00e1bytkom<\/title>\n<meta name=\"description\" content=\"K\u00fapte si u n\u00e1s \u010cierno-zlat\u00e1 z\u00e1vesn\u00e1 lampa Studio 3 \u00bb za akciov\u00fa cenu. R\u00fdchle dodanie tovaru, odborn\u00e9 poradenstvo a stovky produktov skladom. \u010cierno-zlat\u00e1 z\u00e1vesn\u00e1 lampa Studio 3 \u00bb sa stane dominantou V\u00e1\u0161ho interi\u00e9ru. Internetov\u00fd obchod ikuchyne! pon\u00faka odber \u010cierno-zlat\u00e1 z\u00e1vesn\u00e1 lampa Studio 3 \u00bb u\u017e od 1 kusu.\" \/>\n<meta name=\"robots\" content=\"index, follow, max-snippet:-1, max-image-preview:large, max-video-preview:-1\" \/>\n<link rel=\"canonical\" href=\"https:\/\/www.ikuchyne.sk\/eshop\/produkt\/zavesna-lampa-studio-3-ciernozlata\/\" \/>\n<meta property=\"og:locale\" content=\"sk_SK\" \/>\n<meta property=\"og:type\" content=\"article\" \/>\n<meta property=\"og:title\" content=\"\u010cierno-zlat\u00e1 z\u00e1vesn\u00e1 lampa Studio 3 \u00bb &#187; iKuchyne iSHOP s n\u00e1bytkom\" \/>\n<meta property=\"og:description\" content=\"K\u00fapte si u n\u00e1s \u010cierno-zlat\u00e1 z\u00e1vesn\u00e1 lampa Studio 3 \u00bb za akciov\u00fa cenu. R\u00fdchle dodanie tovaru, odborn\u00e9 poradenstvo a stovky produktov skladom. \u010cierno-zlat\u00e1 z\u00e1vesn\u00e1 lampa Studio 3 \u00bb sa stane dominantou V\u00e1\u0161ho interi\u00e9ru. Internetov\u00fd obchod ikuchyne! pon\u00faka odber \u010cierno-zlat\u00e1 z\u00e1vesn\u00e1 lampa Studio 3 \u00bb u\u017e od 1 kusu.\" \/>\n<meta property=\"og:url\" content=\"https:\/\/www.ikuchyne.sk\/eshop\/produkt\/zavesna-lampa-studio-3-ciernozlata\/\" \/>\n<meta property=\"og:site_name\" content=\"iKuchyne iSHOP s n\u00e1bytkom\" \/>\n<meta property=\"article:publisher\" content=\"https:\/\/www.facebook.com\/ikuchyne\/\" \/>\n<meta property=\"article:modified_time\" content=\"2024-03-10T12:07:35+00:00\" \/>\n<meta property=\"og:image\" content=\"https:\/\/www.ikuchyne.sk\/eshop\/wp-content\/uploads\/2017\/04\/zavesna-lampa-studio-3-ciernozlata-7.jpg\" \/>\n\t<meta property=\"og:image:width\" content=\"800\" \/>\n\t<meta property=\"og:image:height\" content=\"533\" \/>\n\t<meta property=\"og:image:type\" content=\"image\/jpeg\" \/>\n<meta name=\"twitter:card\" content=\"summary_large_image\" \/>\n<meta name=\"twitter:label1\" content=\"Predpokladan\u00fd \u010das \u010d\u00edtania\" \/>\n\t<meta name=\"twitter:data1\" content=\"2 min\u00faty\" \/>\n<script type=\"application\/ld+json\" class=\"yoast-schema-graph\">{\"@context\":\"https:\/\/schema.org\",\"@graph\":[{\"@type\":\"WebPage\",\"@id\":\"https:\/\/www.ikuchyne.sk\/eshop\/produkt\/zavesna-lampa-studio-3-ciernozlata\/\",\"url\":\"https:\/\/www.ikuchyne.sk\/eshop\/produkt\/zavesna-lampa-studio-3-ciernozlata\/\",\"name\":\"\u010cierno-zlat\u00e1 z\u00e1vesn\u00e1 lampa Studio 3 \u00bb &#187; iKuchyne iSHOP s n\u00e1bytkom\",\"isPartOf\":{\"@id\":\"https:\/\/www.ikuchyne.sk\/eshop\/#website\"},\"datePublished\":\"2017-04-25T13:16:13+00:00\",\"dateModified\":\"2024-03-10T12:07:35+00:00\",\"description\":\"K\u00fapte si u n\u00e1s \u010cierno-zlat\u00e1 z\u00e1vesn\u00e1 lampa Studio 3 \u00bb za akciov\u00fa cenu. R\u00fdchle dodanie tovaru, odborn\u00e9 poradenstvo a stovky produktov skladom. \u010cierno-zlat\u00e1 z\u00e1vesn\u00e1 lampa Studio 3 \u00bb sa stane dominantou V\u00e1\u0161ho interi\u00e9ru. Internetov\u00fd obchod ikuchyne! pon\u00faka odber \u010cierno-zlat\u00e1 z\u00e1vesn\u00e1 lampa Studio 3 \u00bb u\u017e od 1 kusu.\",\"breadcrumb\":{\"@id\":\"https:\/\/www.ikuchyne.sk\/eshop\/produkt\/zavesna-lampa-studio-3-ciernozlata\/#breadcrumb\"},\"inLanguage\":\"sk-SK\",\"potentialAction\":[{\"@type\":\"ReadAction\",\"target\":[\"https:\/\/www.ikuchyne.sk\/eshop\/produkt\/zavesna-lampa-studio-3-ciernozlata\/\"]}]},{\"@type\":\"BreadcrumbList\",\"@id\":\"https:\/\/www.ikuchyne.sk\/eshop\/produkt\/zavesna-lampa-studio-3-ciernozlata\/#breadcrumb\",\"itemListElement\":[{\"@type\":\"ListItem\",\"position\":1,\"name\":\"Home\",\"item\":\"https:\/\/www.ikuchyne.sk\/eshop\/\"},{\"@type\":\"ListItem\",\"position\":2,\"name\":\"Obchod\",\"item\":\"https:\/\/www.ikuchyne.sk\/eshop\/obchod\/\"},{\"@type\":\"ListItem\",\"position\":3,\"name\":\"\u010cierno-zlat\u00e1 z\u00e1vesn\u00e1 lampa Studio 3 \u00bb\"}]},{\"@type\":\"WebSite\",\"@id\":\"https:\/\/www.ikuchyne.sk\/eshop\/#website\",\"url\":\"https:\/\/www.ikuchyne.sk\/eshop\/\",\"name\":\"iKuchyne iSHOP s n\u00e1bytkom\",\"description\":\"Jed\u00e1lensk\u00e9 stoly, stoli\u010dky, n\u00e1bytok, svietidl\u00e1...\",\"publisher\":{\"@id\":\"https:\/\/www.ikuchyne.sk\/eshop\/#organization\"},\"potentialAction\":[{\"@type\":\"SearchAction\",\"target\":{\"@type\":\"EntryPoint\",\"urlTemplate\":\"https:\/\/www.ikuchyne.sk\/eshop\/?s={search_term_string}\"},\"query-input\":\"required name=search_term_string\"}],\"inLanguage\":\"sk-SK\"},{\"@type\":\"Organization\",\"@id\":\"https:\/\/www.ikuchyne.sk\/eshop\/#organization\",\"name\":\"ikuchyne!\",\"url\":\"https:\/\/www.ikuchyne.sk\/eshop\/\",\"logo\":{\"@type\":\"ImageObject\",\"inLanguage\":\"sk-SK\",\"@id\":\"https:\/\/www.ikuchyne.sk\/eshop\/#\/schema\/logo\/image\/\",\"url\":\"https:\/\/www.ikuchyne.sk\/eshop\/wp-content\/uploads\/2017\/04\/ikuchyne-logo.jpg\",\"contentUrl\":\"https:\/\/www.ikuchyne.sk\/eshop\/wp-content\/uploads\/2017\/04\/ikuchyne-logo.jpg\",\"width\":200,\"height\":48,\"caption\":\"ikuchyne!\"},\"image\":{\"@id\":\"https:\/\/www.ikuchyne.sk\/eshop\/#\/schema\/logo\/image\/\"},\"sameAs\":[\"https:\/\/www.facebook.com\/ikuchyne\/\",\"https:\/\/www.instagram.com\/ikuchyne.sk\/\",\"https:\/\/sk.pinterest.com\/ikuchynesk\/\"]}]}<\/script>\n<!-- \/ Yoast SEO plugin. -->","yoast_head_json":{"title":"\u010cierno-zlat\u00e1 z\u00e1vesn\u00e1 lampa Studio 3 \u00bb &#187; iKuchyne iSHOP s n\u00e1bytkom","description":"K\u00fapte si u n\u00e1s \u010cierno-zlat\u00e1 z\u00e1vesn\u00e1 lampa Studio 3 \u00bb za akciov\u00fa cenu. R\u00fdchle dodanie tovaru, odborn\u00e9 poradenstvo a stovky produktov skladom. \u010cierno-zlat\u00e1 z\u00e1vesn\u00e1 lampa Studio 3 \u00bb sa stane dominantou V\u00e1\u0161ho interi\u00e9ru. Internetov\u00fd obchod ikuchyne! pon\u00faka odber \u010cierno-zlat\u00e1 z\u00e1vesn\u00e1 lampa Studio 3 \u00bb u\u017e od 1 kusu.","robots":{"index":"index","follow":"follow","max-snippet":"max-snippet:-1","max-image-preview":"max-image-preview:large","max-video-preview":"max-video-preview:-1"},"canonical":"https:\/\/www.ikuchyne.sk\/eshop\/produkt\/zavesna-lampa-studio-3-ciernozlata\/","og_locale":"sk_SK","og_type":"article","og_title":"\u010cierno-zlat\u00e1 z\u00e1vesn\u00e1 lampa Studio 3 \u00bb &#187; iKuchyne iSHOP s n\u00e1bytkom","og_description":"K\u00fapte si u n\u00e1s \u010cierno-zlat\u00e1 z\u00e1vesn\u00e1 lampa Studio 3 \u00bb za akciov\u00fa cenu. R\u00fdchle dodanie tovaru, odborn\u00e9 poradenstvo a stovky produktov skladom. \u010cierno-zlat\u00e1 z\u00e1vesn\u00e1 lampa Studio 3 \u00bb sa stane dominantou V\u00e1\u0161ho interi\u00e9ru. Internetov\u00fd obchod ikuchyne! pon\u00faka odber \u010cierno-zlat\u00e1 z\u00e1vesn\u00e1 lampa Studio 3 \u00bb u\u017e od 1 kusu.","og_url":"https:\/\/www.ikuchyne.sk\/eshop\/produkt\/zavesna-lampa-studio-3-ciernozlata\/","og_site_name":"iKuchyne iSHOP s n\u00e1bytkom","article_publisher":"https:\/\/www.facebook.com\/ikuchyne\/","article_modified_time":"2024-03-10T12:07:35+00:00","og_image":[{"width":800,"height":533,"url":"https:\/\/www.ikuchyne.sk\/eshop\/wp-content\/uploads\/2017\/04\/zavesna-lampa-studio-3-ciernozlata-7.jpg","type":"image\/jpeg"}],"twitter_card":"summary_large_image","twitter_misc":{"Predpokladan\u00fd \u010das \u010d\u00edtania":"2 min\u00faty"},"schema":{"@context":"https:\/\/schema.org","@graph":[{"@type":"WebPage","@id":"https:\/\/www.ikuchyne.sk\/eshop\/produkt\/zavesna-lampa-studio-3-ciernozlata\/","url":"https:\/\/www.ikuchyne.sk\/eshop\/produkt\/zavesna-lampa-studio-3-ciernozlata\/","name":"\u010cierno-zlat\u00e1 z\u00e1vesn\u00e1 lampa Studio 3 \u00bb &#187; iKuchyne iSHOP s n\u00e1bytkom","isPartOf":{"@id":"https:\/\/www.ikuchyne.sk\/eshop\/#website"},"datePublished":"2017-04-25T13:16:13+00:00","dateModified":"2024-03-10T12:07:35+00:00","description":"K\u00fapte si u n\u00e1s \u010cierno-zlat\u00e1 z\u00e1vesn\u00e1 lampa Studio 3 \u00bb za akciov\u00fa cenu. R\u00fdchle dodanie tovaru, odborn\u00e9 poradenstvo a stovky produktov skladom. \u010cierno-zlat\u00e1 z\u00e1vesn\u00e1 lampa Studio 3 \u00bb sa stane dominantou V\u00e1\u0161ho interi\u00e9ru. Internetov\u00fd obchod ikuchyne! pon\u00faka odber \u010cierno-zlat\u00e1 z\u00e1vesn\u00e1 lampa Studio 3 \u00bb u\u017e od 1 kusu.","breadcrumb":{"@id":"https:\/\/www.ikuchyne.sk\/eshop\/produkt\/zavesna-lampa-studio-3-ciernozlata\/#breadcrumb"},"inLanguage":"sk-SK","potentialAction":[{"@type":"ReadAction","target":["https:\/\/www.ikuchyne.sk\/eshop\/produkt\/zavesna-lampa-studio-3-ciernozlata\/"]}]},{"@type":"BreadcrumbList","@id":"https:\/\/www.ikuchyne.sk\/eshop\/produkt\/zavesna-lampa-studio-3-ciernozlata\/#breadcrumb","itemListElement":[{"@type":"ListItem","position":1,"name":"Home","item":"https:\/\/www.ikuchyne.sk\/eshop\/"},{"@type":"ListItem","position":2,"name":"Obchod","item":"https:\/\/www.ikuchyne.sk\/eshop\/obchod\/"},{"@type":"ListItem","position":3,"name":"\u010cierno-zlat\u00e1 z\u00e1vesn\u00e1 lampa Studio 3 \u00bb"}]},{"@type":"WebSite","@id":"https:\/\/www.ikuchyne.sk\/eshop\/#website","url":"https:\/\/www.ikuchyne.sk\/eshop\/","name":"iKuchyne iSHOP s n\u00e1bytkom","description":"Jed\u00e1lensk\u00e9 stoly, stoli\u010dky, n\u00e1bytok, svietidl\u00e1...","publisher":{"@id":"https:\/\/www.ikuchyne.sk\/eshop\/#organization"},"potentialAction":[{"@type":"SearchAction","target":{"@type":"EntryPoint","urlTemplate":"https:\/\/www.ikuchyne.sk\/eshop\/?s={search_term_string}"},"query-input":"required name=search_term_string"}],"inLanguage":"sk-SK"},{"@type":"Organization","@id":"https:\/\/www.ikuchyne.sk\/eshop\/#organization","name":"ikuchyne!","url":"https:\/\/www.ikuchyne.sk\/eshop\/","logo":{"@type":"ImageObject","inLanguage":"sk-SK","@id":"https:\/\/www.ikuchyne.sk\/eshop\/#\/schema\/logo\/image\/","url":"https:\/\/www.ikuchyne.sk\/eshop\/wp-content\/uploads\/2017\/04\/ikuchyne-logo.jpg","contentUrl":"https:\/\/www.ikuchyne.sk\/eshop\/wp-content\/uploads\/2017\/04\/ikuchyne-logo.jpg","width":200,"height":48,"caption":"ikuchyne!"},"image":{"@id":"https:\/\/www.ikuchyne.sk\/eshop\/#\/schema\/logo\/image\/"},"sameAs":["https:\/\/www.facebook.com\/ikuchyne\/","https:\/\/www.instagram.com\/ikuchyne.sk\/","https:\/\/sk.pinterest.com\/ikuchynesk\/"]}]}},"_links":{"self":[{"href":"https:\/\/www.ikuchyne.sk\/eshop\/wp-json\/wp\/v2\/product\/5081"}],"collection":[{"href":"https:\/\/www.ikuchyne.sk\/eshop\/wp-json\/wp\/v2\/product"}],"about":[{"href":"https:\/\/www.ikuchyne.sk\/eshop\/wp-json\/wp\/v2\/types\/product"}],"replies":[{"embeddable":true,"href":"https:\/\/www.ikuchyne.sk\/eshop\/wp-json\/wp\/v2\/comments?post=5081"}],"wp:featuredmedia":[{"embeddable":true,"href":"https:\/\/www.ikuchyne.sk\/eshop\/wp-json\/wp\/v2\/media\/5082"}],"wp:attachment":[{"href":"https:\/\/www.ikuchyne.sk\/eshop\/wp-json\/wp\/v2\/media?parent=5081"}],"wp:term":[{"taxonomy":"product_cat","embeddable":true,"href":"https:\/\/www.ikuchyne.sk\/eshop\/wp-json\/wp\/v2\/product_cat?post=5081"},{"taxonomy":"product_tag","embeddable":true,"href":"https:\/\/www.ikuchyne.sk\/eshop\/wp-json\/wp\/v2\/product_tag?post=5081"}],"curies":[{"name":"wp","href":"https:\/\/api.w.org\/{rel}","templated":true}]}}