{"id":5291,"date":"2017-11-10T08:54:00","date_gmt":"2017-11-10T07:54:00","guid":{"rendered":"http:\/\/potocan.com\/eshop\/produkt\/stojanova-lampa-naplavene-drevo-rousilique-bezova\/"},"modified":"2024-03-10T19:20:13","modified_gmt":"2024-03-10T18:20:13","slug":"stojanova-lampa-z-naplaveneho-dreva-rousilique-175-cm","status":"publish","type":"product","link":"https:\/\/www.ikuchyne.sk\/eshop\/produkt\/stojanova-lampa-z-naplaveneho-dreva-rousilique-175-cm\/","title":{"rendered":"Stojanov\u00e1 lampa z naplaven\u00e9ho dreva Rousilique 175 cm \u00bb"},"content":{"rendered":"<h1>Stojanov\u00e1 lampa z naplaven\u00e9ho dreva Rousilique 175 cm<\/h1>\n<p><strong>V\u0161eobecn\u00fd opis stojanovej lampy:<br \/>\n<\/strong>Kr\u00e1sna vysok\u00e1 stojanov\u00e1 lampa je vytvoren\u00e1 z naplaven\u00e9ho dreva. Pom\u00f4\u017ee v\u00e1m ozvl\u00e1\u0161tni\u0165 a z\u00fatulni\u0165 v\u00e1\u0161 domov. Ka\u017ed\u00fd pou\u017eit\u00fd kus dreva je v\u00a0tomto pr\u00edpade unik\u00e1t tak, ako ho stvorila pr\u00edroda a ako ho opracovali pr\u00edrodn\u00e9 \u017eivly. Stojan je vytvoren\u00fd mas\u00edvom svetl\u00e9ho naplaven\u00e9ho dreva. Okr\u00fahle tienidlo je z \u013eanovej tkaniny v b\u00e9\u017eovej farbe. Stojanov\u00e1 lampa z naplaven\u00e9ho dreva umiestnen\u00e1 v\u00a0ob\u00fdvacej izbe s\u00a0dominanciou dreven\u00e9ho n\u00e1bytku bude vytv\u00e1ra\u0165 jedine\u010dn\u00fa kombin\u00e1ciu p\u00f4vabu a\u00a0vkusu. Svietidlo je prisp\u00f4soben\u00e9 na \u017eiarovku so z\u00e1vitom E27.\u00a0Dod\u00e1va sa bez \u017eiarovky.<\/p>\n<p><strong>\u010eal\u0161ie inform\u00e1cie:<br \/>\n<\/strong>V pr\u00edpade zne\u010distenia, pou\u017eite prachovku alebo pr\u00edpravky na \u010distenie svietidiel a m\u00e4kk\u00fa handri\u010dku. Nikdy nemanipulujte so svietidlom pod nap\u00e4t\u00edm.<\/p>\n<p><b>Rozmery stojanovej lampy<\/b>\u00a0(cca):<br \/>\n<strong>V\u00fd\u0161ka lampy:<\/strong> 175 cm<br \/>\n<strong>Priemer tienidla:<\/strong> 50-55 cm<br \/>\n<strong>V\u00fd\u0161ka tienidla:<\/strong> 35 cm<\/p>\n<p><strong>Technick\u00e9 parametre:<br \/>\n<\/strong>zdroj: 1 x E27 max. 60W<br \/>\n(energetick\u00e1 trieda\u00a0A++ a\u017e E)<\/p>\n<p><b>Materi\u00e1l:<\/b>\u00a0\u013eanov\u00e1 tkanina, naplaven\u00e9 drevo<\/p>\n<p><b>Farba:<\/b>\u00a0b\u00e9\u017eov\u00e1, pr\u00edrodn\u00e1<\/p>\n","protected":false},"excerpt":{"rendered":"<p>Stojanov\u00e1 lampa z naplaven\u00e9ho dreva Rousilique 175 cm V\u0161eobecn\u00fd opis stojanovej lampy: Kr\u00e1sna vysok\u00e1 stojanov\u00e1 lampa je vytvoren\u00e1 z naplaven\u00e9ho dreva. Pom\u00f4\u017ee v\u00e1m ozvl\u00e1\u0161tni\u0165 a z\u00fatulni\u0165 v\u00e1\u0161 domov. Ka\u017ed\u00fd pou\u017eit\u00fd<\/p>\n","protected":false},"featured_media":5292,"comment_status":"open","ping_status":"closed","template":"","meta":[],"product_cat":[937,185],"product_tag":[259],"yoast_head":"<!-- This site is optimized with the Yoast SEO plugin v22.1 - https:\/\/yoast.com\/wordpress\/plugins\/seo\/ -->\n<title>Stojanov\u00e1 lampa z naplaven\u00e9ho dreva Rousilique 175 cm \u00bb &#187; iKuchyne iSHOP s n\u00e1bytkom<\/title>\n<meta name=\"description\" content=\"K\u00fapte si u n\u00e1s Stojanov\u00e1 lampa z naplaven\u00e9ho dreva Rousilique 175 cm \u00bb za akciov\u00fa cenu. R\u00fdchle dodanie tovaru, odborn\u00e9 poradenstvo a stovky produktov skladom. Stojanov\u00e1 lampa z naplaven\u00e9ho dreva Rousilique 175 cm \u00bb sa stane dominantou V\u00e1\u0161ho interi\u00e9ru. Internetov\u00fd obchod ikuchyne! pon\u00faka odber Stojanov\u00e1 lampa z naplaven\u00e9ho dreva Rousilique 175 cm \u00bb u\u017e od 1 kusu.\" \/>\n<meta name=\"robots\" content=\"index, follow, max-snippet:-1, max-image-preview:large, max-video-preview:-1\" \/>\n<link rel=\"canonical\" href=\"https:\/\/www.ikuchyne.sk\/eshop\/produkt\/stojanova-lampa-z-naplaveneho-dreva-rousilique-175-cm\/\" \/>\n<meta property=\"og:locale\" content=\"sk_SK\" \/>\n<meta property=\"og:type\" content=\"article\" \/>\n<meta property=\"og:title\" content=\"Stojanov\u00e1 lampa z naplaven\u00e9ho dreva Rousilique 175 cm \u00bb &#187; iKuchyne iSHOP s n\u00e1bytkom\" \/>\n<meta property=\"og:description\" content=\"K\u00fapte si u n\u00e1s Stojanov\u00e1 lampa z naplaven\u00e9ho dreva Rousilique 175 cm \u00bb za akciov\u00fa cenu. R\u00fdchle dodanie tovaru, odborn\u00e9 poradenstvo a stovky produktov skladom. Stojanov\u00e1 lampa z naplaven\u00e9ho dreva Rousilique 175 cm \u00bb sa stane dominantou V\u00e1\u0161ho interi\u00e9ru. Internetov\u00fd obchod ikuchyne! pon\u00faka odber Stojanov\u00e1 lampa z naplaven\u00e9ho dreva Rousilique 175 cm \u00bb u\u017e od 1 kusu.\" \/>\n<meta property=\"og:url\" content=\"https:\/\/www.ikuchyne.sk\/eshop\/produkt\/stojanova-lampa-z-naplaveneho-dreva-rousilique-175-cm\/\" \/>\n<meta property=\"og:site_name\" content=\"iKuchyne iSHOP s n\u00e1bytkom\" \/>\n<meta property=\"article:publisher\" content=\"https:\/\/www.facebook.com\/ikuchyne\/\" \/>\n<meta property=\"article:modified_time\" content=\"2024-03-10T18:20:13+00:00\" \/>\n<meta property=\"og:image\" content=\"https:\/\/www.ikuchyne.sk\/eshop\/wp-content\/uploads\/2017\/04\/stojanova-lampa-forma-bezova.jpg\" \/>\n\t<meta property=\"og:image:width\" content=\"800\" \/>\n\t<meta property=\"og:image:height\" content=\"533\" \/>\n\t<meta property=\"og:image:type\" content=\"image\/jpeg\" \/>\n<meta name=\"twitter:card\" content=\"summary_large_image\" \/>\n<meta name=\"twitter:label1\" content=\"Predpokladan\u00fd \u010das \u010d\u00edtania\" \/>\n\t<meta name=\"twitter:data1\" content=\"1 min\u00fata\" \/>\n<script type=\"application\/ld+json\" class=\"yoast-schema-graph\">{\"@context\":\"https:\/\/schema.org\",\"@graph\":[{\"@type\":\"WebPage\",\"@id\":\"https:\/\/www.ikuchyne.sk\/eshop\/produkt\/stojanova-lampa-z-naplaveneho-dreva-rousilique-175-cm\/\",\"url\":\"https:\/\/www.ikuchyne.sk\/eshop\/produkt\/stojanova-lampa-z-naplaveneho-dreva-rousilique-175-cm\/\",\"name\":\"Stojanov\u00e1 lampa z naplaven\u00e9ho dreva Rousilique 175 cm \u00bb &#187; iKuchyne iSHOP s n\u00e1bytkom\",\"isPartOf\":{\"@id\":\"https:\/\/www.ikuchyne.sk\/eshop\/#website\"},\"datePublished\":\"2017-11-10T07:54:00+00:00\",\"dateModified\":\"2024-03-10T18:20:13+00:00\",\"description\":\"K\u00fapte si u n\u00e1s Stojanov\u00e1 lampa z naplaven\u00e9ho dreva Rousilique 175 cm \u00bb za akciov\u00fa cenu. R\u00fdchle dodanie tovaru, odborn\u00e9 poradenstvo a stovky produktov skladom. Stojanov\u00e1 lampa z naplaven\u00e9ho dreva Rousilique 175 cm \u00bb sa stane dominantou V\u00e1\u0161ho interi\u00e9ru. Internetov\u00fd obchod ikuchyne! pon\u00faka odber Stojanov\u00e1 lampa z naplaven\u00e9ho dreva Rousilique 175 cm \u00bb u\u017e od 1 kusu.\",\"breadcrumb\":{\"@id\":\"https:\/\/www.ikuchyne.sk\/eshop\/produkt\/stojanova-lampa-z-naplaveneho-dreva-rousilique-175-cm\/#breadcrumb\"},\"inLanguage\":\"sk-SK\",\"potentialAction\":[{\"@type\":\"ReadAction\",\"target\":[\"https:\/\/www.ikuchyne.sk\/eshop\/produkt\/stojanova-lampa-z-naplaveneho-dreva-rousilique-175-cm\/\"]}]},{\"@type\":\"BreadcrumbList\",\"@id\":\"https:\/\/www.ikuchyne.sk\/eshop\/produkt\/stojanova-lampa-z-naplaveneho-dreva-rousilique-175-cm\/#breadcrumb\",\"itemListElement\":[{\"@type\":\"ListItem\",\"position\":1,\"name\":\"Home\",\"item\":\"https:\/\/www.ikuchyne.sk\/eshop\/\"},{\"@type\":\"ListItem\",\"position\":2,\"name\":\"Obchod\",\"item\":\"https:\/\/www.ikuchyne.sk\/eshop\/obchod\/\"},{\"@type\":\"ListItem\",\"position\":3,\"name\":\"Stojanov\u00e1 lampa z naplaven\u00e9ho dreva Rousilique 175 cm \u00bb\"}]},{\"@type\":\"WebSite\",\"@id\":\"https:\/\/www.ikuchyne.sk\/eshop\/#website\",\"url\":\"https:\/\/www.ikuchyne.sk\/eshop\/\",\"name\":\"iKuchyne iSHOP s n\u00e1bytkom\",\"description\":\"Jed\u00e1lensk\u00e9 stoly, stoli\u010dky, n\u00e1bytok, svietidl\u00e1...\",\"publisher\":{\"@id\":\"https:\/\/www.ikuchyne.sk\/eshop\/#organization\"},\"potentialAction\":[{\"@type\":\"SearchAction\",\"target\":{\"@type\":\"EntryPoint\",\"urlTemplate\":\"https:\/\/www.ikuchyne.sk\/eshop\/?s={search_term_string}\"},\"query-input\":\"required name=search_term_string\"}],\"inLanguage\":\"sk-SK\"},{\"@type\":\"Organization\",\"@id\":\"https:\/\/www.ikuchyne.sk\/eshop\/#organization\",\"name\":\"ikuchyne!\",\"url\":\"https:\/\/www.ikuchyne.sk\/eshop\/\",\"logo\":{\"@type\":\"ImageObject\",\"inLanguage\":\"sk-SK\",\"@id\":\"https:\/\/www.ikuchyne.sk\/eshop\/#\/schema\/logo\/image\/\",\"url\":\"https:\/\/www.ikuchyne.sk\/eshop\/wp-content\/uploads\/2017\/04\/ikuchyne-logo.jpg\",\"contentUrl\":\"https:\/\/www.ikuchyne.sk\/eshop\/wp-content\/uploads\/2017\/04\/ikuchyne-logo.jpg\",\"width\":200,\"height\":48,\"caption\":\"ikuchyne!\"},\"image\":{\"@id\":\"https:\/\/www.ikuchyne.sk\/eshop\/#\/schema\/logo\/image\/\"},\"sameAs\":[\"https:\/\/www.facebook.com\/ikuchyne\/\",\"https:\/\/www.instagram.com\/ikuchyne.sk\/\",\"https:\/\/sk.pinterest.com\/ikuchynesk\/\"]}]}<\/script>\n<!-- \/ Yoast SEO plugin. -->","yoast_head_json":{"title":"Stojanov\u00e1 lampa z naplaven\u00e9ho dreva Rousilique 175 cm \u00bb &#187; iKuchyne iSHOP s n\u00e1bytkom","description":"K\u00fapte si u n\u00e1s Stojanov\u00e1 lampa z naplaven\u00e9ho dreva Rousilique 175 cm \u00bb za akciov\u00fa cenu. R\u00fdchle dodanie tovaru, odborn\u00e9 poradenstvo a stovky produktov skladom. Stojanov\u00e1 lampa z naplaven\u00e9ho dreva Rousilique 175 cm \u00bb sa stane dominantou V\u00e1\u0161ho interi\u00e9ru. Internetov\u00fd obchod ikuchyne! pon\u00faka odber Stojanov\u00e1 lampa z naplaven\u00e9ho dreva Rousilique 175 cm \u00bb u\u017e od 1 kusu.","robots":{"index":"index","follow":"follow","max-snippet":"max-snippet:-1","max-image-preview":"max-image-preview:large","max-video-preview":"max-video-preview:-1"},"canonical":"https:\/\/www.ikuchyne.sk\/eshop\/produkt\/stojanova-lampa-z-naplaveneho-dreva-rousilique-175-cm\/","og_locale":"sk_SK","og_type":"article","og_title":"Stojanov\u00e1 lampa z naplaven\u00e9ho dreva Rousilique 175 cm \u00bb &#187; iKuchyne iSHOP s n\u00e1bytkom","og_description":"K\u00fapte si u n\u00e1s Stojanov\u00e1 lampa z naplaven\u00e9ho dreva Rousilique 175 cm \u00bb za akciov\u00fa cenu. R\u00fdchle dodanie tovaru, odborn\u00e9 poradenstvo a stovky produktov skladom. Stojanov\u00e1 lampa z naplaven\u00e9ho dreva Rousilique 175 cm \u00bb sa stane dominantou V\u00e1\u0161ho interi\u00e9ru. Internetov\u00fd obchod ikuchyne! pon\u00faka odber Stojanov\u00e1 lampa z naplaven\u00e9ho dreva Rousilique 175 cm \u00bb u\u017e od 1 kusu.","og_url":"https:\/\/www.ikuchyne.sk\/eshop\/produkt\/stojanova-lampa-z-naplaveneho-dreva-rousilique-175-cm\/","og_site_name":"iKuchyne iSHOP s n\u00e1bytkom","article_publisher":"https:\/\/www.facebook.com\/ikuchyne\/","article_modified_time":"2024-03-10T18:20:13+00:00","og_image":[{"width":800,"height":533,"url":"https:\/\/www.ikuchyne.sk\/eshop\/wp-content\/uploads\/2017\/04\/stojanova-lampa-forma-bezova.jpg","type":"image\/jpeg"}],"twitter_card":"summary_large_image","twitter_misc":{"Predpokladan\u00fd \u010das \u010d\u00edtania":"1 min\u00fata"},"schema":{"@context":"https:\/\/schema.org","@graph":[{"@type":"WebPage","@id":"https:\/\/www.ikuchyne.sk\/eshop\/produkt\/stojanova-lampa-z-naplaveneho-dreva-rousilique-175-cm\/","url":"https:\/\/www.ikuchyne.sk\/eshop\/produkt\/stojanova-lampa-z-naplaveneho-dreva-rousilique-175-cm\/","name":"Stojanov\u00e1 lampa z naplaven\u00e9ho dreva Rousilique 175 cm \u00bb &#187; iKuchyne iSHOP s n\u00e1bytkom","isPartOf":{"@id":"https:\/\/www.ikuchyne.sk\/eshop\/#website"},"datePublished":"2017-11-10T07:54:00+00:00","dateModified":"2024-03-10T18:20:13+00:00","description":"K\u00fapte si u n\u00e1s Stojanov\u00e1 lampa z naplaven\u00e9ho dreva Rousilique 175 cm \u00bb za akciov\u00fa cenu. R\u00fdchle dodanie tovaru, odborn\u00e9 poradenstvo a stovky produktov skladom. Stojanov\u00e1 lampa z naplaven\u00e9ho dreva Rousilique 175 cm \u00bb sa stane dominantou V\u00e1\u0161ho interi\u00e9ru. Internetov\u00fd obchod ikuchyne! pon\u00faka odber Stojanov\u00e1 lampa z naplaven\u00e9ho dreva Rousilique 175 cm \u00bb u\u017e od 1 kusu.","breadcrumb":{"@id":"https:\/\/www.ikuchyne.sk\/eshop\/produkt\/stojanova-lampa-z-naplaveneho-dreva-rousilique-175-cm\/#breadcrumb"},"inLanguage":"sk-SK","potentialAction":[{"@type":"ReadAction","target":["https:\/\/www.ikuchyne.sk\/eshop\/produkt\/stojanova-lampa-z-naplaveneho-dreva-rousilique-175-cm\/"]}]},{"@type":"BreadcrumbList","@id":"https:\/\/www.ikuchyne.sk\/eshop\/produkt\/stojanova-lampa-z-naplaveneho-dreva-rousilique-175-cm\/#breadcrumb","itemListElement":[{"@type":"ListItem","position":1,"name":"Home","item":"https:\/\/www.ikuchyne.sk\/eshop\/"},{"@type":"ListItem","position":2,"name":"Obchod","item":"https:\/\/www.ikuchyne.sk\/eshop\/obchod\/"},{"@type":"ListItem","position":3,"name":"Stojanov\u00e1 lampa z naplaven\u00e9ho dreva Rousilique 175 cm \u00bb"}]},{"@type":"WebSite","@id":"https:\/\/www.ikuchyne.sk\/eshop\/#website","url":"https:\/\/www.ikuchyne.sk\/eshop\/","name":"iKuchyne iSHOP s n\u00e1bytkom","description":"Jed\u00e1lensk\u00e9 stoly, stoli\u010dky, n\u00e1bytok, svietidl\u00e1...","publisher":{"@id":"https:\/\/www.ikuchyne.sk\/eshop\/#organization"},"potentialAction":[{"@type":"SearchAction","target":{"@type":"EntryPoint","urlTemplate":"https:\/\/www.ikuchyne.sk\/eshop\/?s={search_term_string}"},"query-input":"required name=search_term_string"}],"inLanguage":"sk-SK"},{"@type":"Organization","@id":"https:\/\/www.ikuchyne.sk\/eshop\/#organization","name":"ikuchyne!","url":"https:\/\/www.ikuchyne.sk\/eshop\/","logo":{"@type":"ImageObject","inLanguage":"sk-SK","@id":"https:\/\/www.ikuchyne.sk\/eshop\/#\/schema\/logo\/image\/","url":"https:\/\/www.ikuchyne.sk\/eshop\/wp-content\/uploads\/2017\/04\/ikuchyne-logo.jpg","contentUrl":"https:\/\/www.ikuchyne.sk\/eshop\/wp-content\/uploads\/2017\/04\/ikuchyne-logo.jpg","width":200,"height":48,"caption":"ikuchyne!"},"image":{"@id":"https:\/\/www.ikuchyne.sk\/eshop\/#\/schema\/logo\/image\/"},"sameAs":["https:\/\/www.facebook.com\/ikuchyne\/","https:\/\/www.instagram.com\/ikuchyne.sk\/","https:\/\/sk.pinterest.com\/ikuchynesk\/"]}]}},"_links":{"self":[{"href":"https:\/\/www.ikuchyne.sk\/eshop\/wp-json\/wp\/v2\/product\/5291"}],"collection":[{"href":"https:\/\/www.ikuchyne.sk\/eshop\/wp-json\/wp\/v2\/product"}],"about":[{"href":"https:\/\/www.ikuchyne.sk\/eshop\/wp-json\/wp\/v2\/types\/product"}],"replies":[{"embeddable":true,"href":"https:\/\/www.ikuchyne.sk\/eshop\/wp-json\/wp\/v2\/comments?post=5291"}],"wp:featuredmedia":[{"embeddable":true,"href":"https:\/\/www.ikuchyne.sk\/eshop\/wp-json\/wp\/v2\/media\/5292"}],"wp:attachment":[{"href":"https:\/\/www.ikuchyne.sk\/eshop\/wp-json\/wp\/v2\/media?parent=5291"}],"wp:term":[{"taxonomy":"product_cat","embeddable":true,"href":"https:\/\/www.ikuchyne.sk\/eshop\/wp-json\/wp\/v2\/product_cat?post=5291"},{"taxonomy":"product_tag","embeddable":true,"href":"https:\/\/www.ikuchyne.sk\/eshop\/wp-json\/wp\/v2\/product_tag?post=5291"}],"curies":[{"name":"wp","href":"https:\/\/api.w.org\/{rel}","templated":true}]}}