{"id":5353,"date":"2018-01-19T11:13:07","date_gmt":"2018-01-19T10:13:07","guid":{"rendered":"http:\/\/potocan.com\/eshop\/produkt\/stojanova-lampa-big-bow-cierna-ausziehb-platno\/"},"modified":"2024-03-10T19:20:11","modified_gmt":"2024-03-10T18:20:11","slug":"cierna-stojanova-lampa-big-bow","status":"publish","type":"product","link":"https:\/\/www.ikuchyne.sk\/eshop\/produkt\/cierna-stojanova-lampa-big-bow\/","title":{"rendered":"\u010cierna stojanov\u00e1 lampa Big Bow \u00bb"},"content":{"rendered":"<h1>\u010cierna stojanov\u00e1 lampa Big Bow<\/h1>\n<p><strong>V\u0161eobecn\u00fd opis stojanovej lampy:<br \/>\n<\/strong>Vysok\u00e1 stojanov\u00e1 lampa \u00faplne zmen\u00ed rozmer vn\u00edmania va\u0161ej miestnosti. Svoj\u00edm premyslen\u00fdm dizajnom p\u00f4sob\u00ed ve\u013emi efektne. \u010cierne pl\u00e1ten\u00e9 tienidlo je upevnen\u00e9 na vysokej kovovej nohe, ktor\u00e1 vytv\u00e1ra obl\u00fak. T\u00e1to \u0161t\u00edhla noha je v\u00fd\u0161kovo nastavite\u013en\u00e1, tak\u017ee si m\u00f4\u017eete regulova\u0165 uhol plochy, ktor\u00fa chcete prioritne osvetli\u0165. Ohnut\u00e1 stojanov\u00e1 lampa vynikne v ka\u017edom moderne zariadenom interi\u00e9ri. Svietidlo je prisp\u00f4soben\u00e9 na \u017eiarovku so z\u00e1vitom E27.\u00a0Dod\u00e1va sa bez \u017eiarovky.<\/p>\n<p><strong>\u010eal\u0161ie inform\u00e1cie:<br \/>\n<\/strong>V pr\u00edpade zne\u010distenia, pou\u017eite prachovku alebo pr\u00edpravky na \u010distenie svietidiel a m\u00e4kk\u00fa handri\u010dku. Nikdy nemanipulujte so svietidlom pod nap\u00e4t\u00edm.<\/p>\n<p><b>Rozmery stojanovej lampy<\/b> (cca):<br \/>\n180 cm x 200 cm (\u0160xV)<br \/>\n<strong>priemer nohy:<\/strong> 38 cm<br \/>\n<strong>v\u00fd\u0161ka tienidla:<\/strong> 22 cm<\/p>\n<p><strong>Technick\u00e9 parametre:<br \/>\n<\/strong>zdroj: 1 x E27 max. 60W<br \/>\n(energetick\u00e1 trieda\u00a0A++ a\u017e E)<\/p>\n<p><b>Materi\u00e1l: <\/b>pl\u00e1tno, kov<\/p>\n<p><b>Farba: <\/b>\u010dierna, kovov\u00e1<\/p>\n","protected":false},"excerpt":{"rendered":"<p>\u010cierna stojanov\u00e1 lampa Big Bow V\u0161eobecn\u00fd opis stojanovej lampy: Vysok\u00e1 stojanov\u00e1 lampa \u00faplne zmen\u00ed rozmer vn\u00edmania va\u0161ej miestnosti. Svoj\u00edm premyslen\u00fdm dizajnom p\u00f4sob\u00ed ve\u013emi efektne. \u010cierne pl\u00e1ten\u00e9 tienidlo je upevnen\u00e9 na<\/p>\n","protected":false},"featured_media":5354,"comment_status":"open","ping_status":"closed","template":"","meta":[],"product_cat":[185],"product_tag":[256],"yoast_head":"<!-- This site is optimized with the Yoast SEO plugin v22.1 - https:\/\/yoast.com\/wordpress\/plugins\/seo\/ -->\n<title>\u010cierna stojanov\u00e1 lampa Big Bow \u00bb &#187; iKuchyne iSHOP s n\u00e1bytkom<\/title>\n<meta name=\"description\" content=\"K\u00fapte si u n\u00e1s \u010cierna stojanov\u00e1 lampa Big Bow \u00bb za akciov\u00fa cenu. R\u00fdchle dodanie tovaru, odborn\u00e9 poradenstvo a stovky produktov skladom. \u010cierna stojanov\u00e1 lampa Big Bow \u00bb sa stane dominantou V\u00e1\u0161ho interi\u00e9ru. Internetov\u00fd obchod ikuchyne! pon\u00faka odber \u010cierna stojanov\u00e1 lampa Big Bow \u00bb u\u017e od 1 kusu.\" \/>\n<meta name=\"robots\" content=\"index, follow, max-snippet:-1, max-image-preview:large, max-video-preview:-1\" \/>\n<link rel=\"canonical\" href=\"https:\/\/www.ikuchyne.sk\/eshop\/produkt\/cierna-stojanova-lampa-big-bow\/\" \/>\n<meta property=\"og:locale\" content=\"sk_SK\" \/>\n<meta property=\"og:type\" content=\"article\" \/>\n<meta property=\"og:title\" content=\"\u010cierna stojanov\u00e1 lampa Big Bow \u00bb &#187; iKuchyne iSHOP s n\u00e1bytkom\" \/>\n<meta property=\"og:description\" content=\"K\u00fapte si u n\u00e1s \u010cierna stojanov\u00e1 lampa Big Bow \u00bb za akciov\u00fa cenu. R\u00fdchle dodanie tovaru, odborn\u00e9 poradenstvo a stovky produktov skladom. \u010cierna stojanov\u00e1 lampa Big Bow \u00bb sa stane dominantou V\u00e1\u0161ho interi\u00e9ru. Internetov\u00fd obchod ikuchyne! pon\u00faka odber \u010cierna stojanov\u00e1 lampa Big Bow \u00bb u\u017e od 1 kusu.\" \/>\n<meta property=\"og:url\" content=\"https:\/\/www.ikuchyne.sk\/eshop\/produkt\/cierna-stojanova-lampa-big-bow\/\" \/>\n<meta property=\"og:site_name\" content=\"iKuchyne iSHOP s n\u00e1bytkom\" \/>\n<meta property=\"article:publisher\" content=\"https:\/\/www.facebook.com\/ikuchyne\/\" \/>\n<meta property=\"article:modified_time\" content=\"2024-03-10T18:20:11+00:00\" \/>\n<meta property=\"og:image\" content=\"https:\/\/www.ikuchyne.sk\/eshop\/wp-content\/uploads\/2017\/04\/stojanova-lampa-forma-cierna-17.jpg\" \/>\n\t<meta property=\"og:image:width\" content=\"800\" \/>\n\t<meta property=\"og:image:height\" content=\"533\" \/>\n\t<meta property=\"og:image:type\" content=\"image\/jpeg\" \/>\n<meta name=\"twitter:card\" content=\"summary_large_image\" \/>\n<meta name=\"twitter:label1\" content=\"Predpokladan\u00fd \u010das \u010d\u00edtania\" \/>\n\t<meta name=\"twitter:data1\" content=\"1 min\u00fata\" \/>\n<script type=\"application\/ld+json\" class=\"yoast-schema-graph\">{\"@context\":\"https:\/\/schema.org\",\"@graph\":[{\"@type\":\"WebPage\",\"@id\":\"https:\/\/www.ikuchyne.sk\/eshop\/produkt\/cierna-stojanova-lampa-big-bow\/\",\"url\":\"https:\/\/www.ikuchyne.sk\/eshop\/produkt\/cierna-stojanova-lampa-big-bow\/\",\"name\":\"\u010cierna stojanov\u00e1 lampa Big Bow \u00bb &#187; iKuchyne iSHOP s n\u00e1bytkom\",\"isPartOf\":{\"@id\":\"https:\/\/www.ikuchyne.sk\/eshop\/#website\"},\"datePublished\":\"2018-01-19T10:13:07+00:00\",\"dateModified\":\"2024-03-10T18:20:11+00:00\",\"description\":\"K\u00fapte si u n\u00e1s \u010cierna stojanov\u00e1 lampa Big Bow \u00bb za akciov\u00fa cenu. R\u00fdchle dodanie tovaru, odborn\u00e9 poradenstvo a stovky produktov skladom. \u010cierna stojanov\u00e1 lampa Big Bow \u00bb sa stane dominantou V\u00e1\u0161ho interi\u00e9ru. Internetov\u00fd obchod ikuchyne! pon\u00faka odber \u010cierna stojanov\u00e1 lampa Big Bow \u00bb u\u017e od 1 kusu.\",\"breadcrumb\":{\"@id\":\"https:\/\/www.ikuchyne.sk\/eshop\/produkt\/cierna-stojanova-lampa-big-bow\/#breadcrumb\"},\"inLanguage\":\"sk-SK\",\"potentialAction\":[{\"@type\":\"ReadAction\",\"target\":[\"https:\/\/www.ikuchyne.sk\/eshop\/produkt\/cierna-stojanova-lampa-big-bow\/\"]}]},{\"@type\":\"BreadcrumbList\",\"@id\":\"https:\/\/www.ikuchyne.sk\/eshop\/produkt\/cierna-stojanova-lampa-big-bow\/#breadcrumb\",\"itemListElement\":[{\"@type\":\"ListItem\",\"position\":1,\"name\":\"Home\",\"item\":\"https:\/\/www.ikuchyne.sk\/eshop\/\"},{\"@type\":\"ListItem\",\"position\":2,\"name\":\"Obchod\",\"item\":\"https:\/\/www.ikuchyne.sk\/eshop\/obchod\/\"},{\"@type\":\"ListItem\",\"position\":3,\"name\":\"\u010cierna stojanov\u00e1 lampa Big Bow \u00bb\"}]},{\"@type\":\"WebSite\",\"@id\":\"https:\/\/www.ikuchyne.sk\/eshop\/#website\",\"url\":\"https:\/\/www.ikuchyne.sk\/eshop\/\",\"name\":\"iKuchyne iSHOP s n\u00e1bytkom\",\"description\":\"Jed\u00e1lensk\u00e9 stoly, stoli\u010dky, n\u00e1bytok, svietidl\u00e1...\",\"publisher\":{\"@id\":\"https:\/\/www.ikuchyne.sk\/eshop\/#organization\"},\"potentialAction\":[{\"@type\":\"SearchAction\",\"target\":{\"@type\":\"EntryPoint\",\"urlTemplate\":\"https:\/\/www.ikuchyne.sk\/eshop\/?s={search_term_string}\"},\"query-input\":\"required name=search_term_string\"}],\"inLanguage\":\"sk-SK\"},{\"@type\":\"Organization\",\"@id\":\"https:\/\/www.ikuchyne.sk\/eshop\/#organization\",\"name\":\"ikuchyne!\",\"url\":\"https:\/\/www.ikuchyne.sk\/eshop\/\",\"logo\":{\"@type\":\"ImageObject\",\"inLanguage\":\"sk-SK\",\"@id\":\"https:\/\/www.ikuchyne.sk\/eshop\/#\/schema\/logo\/image\/\",\"url\":\"https:\/\/www.ikuchyne.sk\/eshop\/wp-content\/uploads\/2017\/04\/ikuchyne-logo.jpg\",\"contentUrl\":\"https:\/\/www.ikuchyne.sk\/eshop\/wp-content\/uploads\/2017\/04\/ikuchyne-logo.jpg\",\"width\":200,\"height\":48,\"caption\":\"ikuchyne!\"},\"image\":{\"@id\":\"https:\/\/www.ikuchyne.sk\/eshop\/#\/schema\/logo\/image\/\"},\"sameAs\":[\"https:\/\/www.facebook.com\/ikuchyne\/\",\"https:\/\/www.instagram.com\/ikuchyne.sk\/\",\"https:\/\/sk.pinterest.com\/ikuchynesk\/\"]}]}<\/script>\n<!-- \/ Yoast SEO plugin. -->","yoast_head_json":{"title":"\u010cierna stojanov\u00e1 lampa Big Bow \u00bb &#187; iKuchyne iSHOP s n\u00e1bytkom","description":"K\u00fapte si u n\u00e1s \u010cierna stojanov\u00e1 lampa Big Bow \u00bb za akciov\u00fa cenu. R\u00fdchle dodanie tovaru, odborn\u00e9 poradenstvo a stovky produktov skladom. \u010cierna stojanov\u00e1 lampa Big Bow \u00bb sa stane dominantou V\u00e1\u0161ho interi\u00e9ru. Internetov\u00fd obchod ikuchyne! pon\u00faka odber \u010cierna stojanov\u00e1 lampa Big Bow \u00bb u\u017e od 1 kusu.","robots":{"index":"index","follow":"follow","max-snippet":"max-snippet:-1","max-image-preview":"max-image-preview:large","max-video-preview":"max-video-preview:-1"},"canonical":"https:\/\/www.ikuchyne.sk\/eshop\/produkt\/cierna-stojanova-lampa-big-bow\/","og_locale":"sk_SK","og_type":"article","og_title":"\u010cierna stojanov\u00e1 lampa Big Bow \u00bb &#187; iKuchyne iSHOP s n\u00e1bytkom","og_description":"K\u00fapte si u n\u00e1s \u010cierna stojanov\u00e1 lampa Big Bow \u00bb za akciov\u00fa cenu. R\u00fdchle dodanie tovaru, odborn\u00e9 poradenstvo a stovky produktov skladom. \u010cierna stojanov\u00e1 lampa Big Bow \u00bb sa stane dominantou V\u00e1\u0161ho interi\u00e9ru. Internetov\u00fd obchod ikuchyne! pon\u00faka odber \u010cierna stojanov\u00e1 lampa Big Bow \u00bb u\u017e od 1 kusu.","og_url":"https:\/\/www.ikuchyne.sk\/eshop\/produkt\/cierna-stojanova-lampa-big-bow\/","og_site_name":"iKuchyne iSHOP s n\u00e1bytkom","article_publisher":"https:\/\/www.facebook.com\/ikuchyne\/","article_modified_time":"2024-03-10T18:20:11+00:00","og_image":[{"width":800,"height":533,"url":"https:\/\/www.ikuchyne.sk\/eshop\/wp-content\/uploads\/2017\/04\/stojanova-lampa-forma-cierna-17.jpg","type":"image\/jpeg"}],"twitter_card":"summary_large_image","twitter_misc":{"Predpokladan\u00fd \u010das \u010d\u00edtania":"1 min\u00fata"},"schema":{"@context":"https:\/\/schema.org","@graph":[{"@type":"WebPage","@id":"https:\/\/www.ikuchyne.sk\/eshop\/produkt\/cierna-stojanova-lampa-big-bow\/","url":"https:\/\/www.ikuchyne.sk\/eshop\/produkt\/cierna-stojanova-lampa-big-bow\/","name":"\u010cierna stojanov\u00e1 lampa Big Bow \u00bb &#187; iKuchyne iSHOP s n\u00e1bytkom","isPartOf":{"@id":"https:\/\/www.ikuchyne.sk\/eshop\/#website"},"datePublished":"2018-01-19T10:13:07+00:00","dateModified":"2024-03-10T18:20:11+00:00","description":"K\u00fapte si u n\u00e1s \u010cierna stojanov\u00e1 lampa Big Bow \u00bb za akciov\u00fa cenu. R\u00fdchle dodanie tovaru, odborn\u00e9 poradenstvo a stovky produktov skladom. \u010cierna stojanov\u00e1 lampa Big Bow \u00bb sa stane dominantou V\u00e1\u0161ho interi\u00e9ru. Internetov\u00fd obchod ikuchyne! pon\u00faka odber \u010cierna stojanov\u00e1 lampa Big Bow \u00bb u\u017e od 1 kusu.","breadcrumb":{"@id":"https:\/\/www.ikuchyne.sk\/eshop\/produkt\/cierna-stojanova-lampa-big-bow\/#breadcrumb"},"inLanguage":"sk-SK","potentialAction":[{"@type":"ReadAction","target":["https:\/\/www.ikuchyne.sk\/eshop\/produkt\/cierna-stojanova-lampa-big-bow\/"]}]},{"@type":"BreadcrumbList","@id":"https:\/\/www.ikuchyne.sk\/eshop\/produkt\/cierna-stojanova-lampa-big-bow\/#breadcrumb","itemListElement":[{"@type":"ListItem","position":1,"name":"Home","item":"https:\/\/www.ikuchyne.sk\/eshop\/"},{"@type":"ListItem","position":2,"name":"Obchod","item":"https:\/\/www.ikuchyne.sk\/eshop\/obchod\/"},{"@type":"ListItem","position":3,"name":"\u010cierna stojanov\u00e1 lampa Big Bow \u00bb"}]},{"@type":"WebSite","@id":"https:\/\/www.ikuchyne.sk\/eshop\/#website","url":"https:\/\/www.ikuchyne.sk\/eshop\/","name":"iKuchyne iSHOP s n\u00e1bytkom","description":"Jed\u00e1lensk\u00e9 stoly, stoli\u010dky, n\u00e1bytok, svietidl\u00e1...","publisher":{"@id":"https:\/\/www.ikuchyne.sk\/eshop\/#organization"},"potentialAction":[{"@type":"SearchAction","target":{"@type":"EntryPoint","urlTemplate":"https:\/\/www.ikuchyne.sk\/eshop\/?s={search_term_string}"},"query-input":"required name=search_term_string"}],"inLanguage":"sk-SK"},{"@type":"Organization","@id":"https:\/\/www.ikuchyne.sk\/eshop\/#organization","name":"ikuchyne!","url":"https:\/\/www.ikuchyne.sk\/eshop\/","logo":{"@type":"ImageObject","inLanguage":"sk-SK","@id":"https:\/\/www.ikuchyne.sk\/eshop\/#\/schema\/logo\/image\/","url":"https:\/\/www.ikuchyne.sk\/eshop\/wp-content\/uploads\/2017\/04\/ikuchyne-logo.jpg","contentUrl":"https:\/\/www.ikuchyne.sk\/eshop\/wp-content\/uploads\/2017\/04\/ikuchyne-logo.jpg","width":200,"height":48,"caption":"ikuchyne!"},"image":{"@id":"https:\/\/www.ikuchyne.sk\/eshop\/#\/schema\/logo\/image\/"},"sameAs":["https:\/\/www.facebook.com\/ikuchyne\/","https:\/\/www.instagram.com\/ikuchyne.sk\/","https:\/\/sk.pinterest.com\/ikuchynesk\/"]}]}},"_links":{"self":[{"href":"https:\/\/www.ikuchyne.sk\/eshop\/wp-json\/wp\/v2\/product\/5353"}],"collection":[{"href":"https:\/\/www.ikuchyne.sk\/eshop\/wp-json\/wp\/v2\/product"}],"about":[{"href":"https:\/\/www.ikuchyne.sk\/eshop\/wp-json\/wp\/v2\/types\/product"}],"replies":[{"embeddable":true,"href":"https:\/\/www.ikuchyne.sk\/eshop\/wp-json\/wp\/v2\/comments?post=5353"}],"wp:featuredmedia":[{"embeddable":true,"href":"https:\/\/www.ikuchyne.sk\/eshop\/wp-json\/wp\/v2\/media\/5354"}],"wp:attachment":[{"href":"https:\/\/www.ikuchyne.sk\/eshop\/wp-json\/wp\/v2\/media?parent=5353"}],"wp:term":[{"taxonomy":"product_cat","embeddable":true,"href":"https:\/\/www.ikuchyne.sk\/eshop\/wp-json\/wp\/v2\/product_cat?post=5353"},{"taxonomy":"product_tag","embeddable":true,"href":"https:\/\/www.ikuchyne.sk\/eshop\/wp-json\/wp\/v2\/product_tag?post=5353"}],"curies":[{"name":"wp","href":"https:\/\/api.w.org\/{rel}","templated":true}]}}