{"id":5928,"date":"2017-04-25T15:24:13","date_gmt":"2017-04-25T13:24:13","guid":{"rendered":"http:\/\/potocan.com\/eshop\/produkt\/stolova-lampa-naplavene-drevo-cycle\/"},"modified":"2017-11-10T10:23:31","modified_gmt":"2017-11-10T09:23:31","slug":"stolova-lampa-naplavene-drevo-cycle","status":"publish","type":"product","link":"https:\/\/www.ikuchyne.sk\/eshop\/produkt\/stolova-lampa-naplavene-drevo-cycle\/","title":{"rendered":"Stolov\u00e1 lampa &#8211; naplaven\u00e9 drevo Cycle"},"content":{"rendered":"<p style=\"text-align: justify;\">Medzi lampami, ktor\u00e9 ako dekora\u010dn\u00fd materi\u00e1l pou\u017e\u00edvaj\u00fa naplaven\u00e9 drevo, je stolov\u00e1 lampa Cycle jedine\u010dn\u00fd unik\u00e1t. V\u00e4\u010d\u0161ina l\u00e1mp tohto typu vyu\u017e\u00edva naplaven\u00e9 drevo v\u00a0podobe r\u00f4zne dlh\u00fdch a\u00a0hrub\u00fdch pali\u010diek ulo\u017een\u00fdch okolo stredovej vodiacej kovovej r\u00farky. \u201eArchitekti\u201c lampy Cykle vytvorili nie\u010do v\u00fdnimo\u010dn\u00e9 \u2013 jeden mohutn\u00fd kus naplaven\u00e9ho teakov\u00e9ho dreva v tvare kruhu je s\u00fa\u010das\u0165ou kon\u0161trukcie lampy. Ma\u0165 tak\u00fa jedine\u010dnos\u0165 v\u00a0<a href=\"https:\/\/ikuchyne.sk\/eshop\/nabytok\/\">ob\u00fdvacej<\/a> izbe je isto snom ka\u017ed\u00e9ho bytov\u00e9ho est\u00e9ta.<\/p>\n<p style=\"text-align: justify;\"><strong>Sveteln\u00fd zdroj\u00a0\u00a0\u00a0\u00a0\u00a0\u00a0\u00a0\u00a0\u00a0\u00a0\u00a0\u00a0\u00a0 <\/strong>1 x E14, max. 40 W<br \/>\n<strong>Energetick\u00e1 trieda \u00a0 \u00a0<\/strong> A ++ a\u017e E<br \/>\n\u017diarovka 1 kus, nie je s\u00fa\u010das\u0165ou dod\u00e1vky<br \/>\n<strong>\u00dadr\u017eba\u00a0\u00a0\u00a0\u00a0\u00a0\u00a0\u00a0\u00a0\u00a0 <\/strong>pod\u013ea n\u00e1vodu v\u00fdrobcu, pl\u00e1tno a\u00a0podstavec metli\u010dkou na prach, teakov\u00e9 drevo s\u00a0pou\u017eit\u00edm \u0161peci\u00e1lnych pr\u00edpravkou rady TEAK.<br \/>\n<strong>Mont\u00e1\u017e\u00a0\u00a0\u00a0\u00a0\u00a0\u00a0\u00a0\u00a0 <\/strong>v\u00a0demontovanom stave v\u00a0jednej krabici<br \/>\n<strong>P\u00f4vod\u00a0\u00a0\u00a0\u00a0\u00a0\u00a0\u00a0\u00a0\u00a0\u00a0\u00a0 <\/strong>Nemecko<\/p>\n<p>&nbsp;<\/p>\n","protected":false},"excerpt":{"rendered":"<p>Medzi lampami, ktor\u00e9 ako dekora\u010dn\u00fd materi\u00e1l pou\u017e\u00edvaj\u00fa naplaven\u00e9 drevo, je stolov\u00e1 lampa Cycle jedine\u010dn\u00fd unik\u00e1t. V\u00e4\u010d\u0161ina l\u00e1mp tohto typu vyu\u017e\u00edva naplaven\u00e9 drevo v\u00a0podobe r\u00f4zne dlh\u00fdch a\u00a0hrub\u00fdch pali\u010diek ulo\u017een\u00fdch okolo stredovej<\/p>\n","protected":false},"featured_media":5929,"comment_status":"open","ping_status":"closed","template":"","meta":[],"product_cat":[937,184],"product_tag":[187,255,752,198],"yoast_head":"<!-- This site is optimized with the Yoast SEO plugin v22.1 - https:\/\/yoast.com\/wordpress\/plugins\/seo\/ -->\n<title>Stolov\u00e1 lampa - naplaven\u00e9 drevo Cycle &#187; iKuchyne iSHOP s n\u00e1bytkom<\/title>\n<meta name=\"description\" content=\"K\u00fapte si u n\u00e1s Stolov\u00e1 lampa - naplaven\u00e9 drevo Cycle za akciov\u00fa cenu. R\u00fdchle dodanie tovaru, odborn\u00e9 poradenstvo a stovky produktov skladom. Stolov\u00e1 lampa - naplaven\u00e9 drevo Cycle sa stane dominantou V\u00e1\u0161ho interi\u00e9ru. Internetov\u00fd obchod ikuchyne! pon\u00faka odber Stolov\u00e1 lampa - naplaven\u00e9 drevo Cycle u\u017e od 1 kusu.\" \/>\n<meta name=\"robots\" content=\"index, follow, max-snippet:-1, max-image-preview:large, max-video-preview:-1\" \/>\n<link rel=\"canonical\" href=\"https:\/\/www.ikuchyne.sk\/eshop\/produkt\/stolova-lampa-naplavene-drevo-cycle\/\" \/>\n<meta property=\"og:locale\" content=\"sk_SK\" \/>\n<meta property=\"og:type\" content=\"article\" \/>\n<meta property=\"og:title\" content=\"Stolov\u00e1 lampa - naplaven\u00e9 drevo Cycle &#187; iKuchyne iSHOP s n\u00e1bytkom\" \/>\n<meta property=\"og:description\" content=\"K\u00fapte si u n\u00e1s Stolov\u00e1 lampa - naplaven\u00e9 drevo Cycle za akciov\u00fa cenu. R\u00fdchle dodanie tovaru, odborn\u00e9 poradenstvo a stovky produktov skladom. Stolov\u00e1 lampa - naplaven\u00e9 drevo Cycle sa stane dominantou V\u00e1\u0161ho interi\u00e9ru. Internetov\u00fd obchod ikuchyne! pon\u00faka odber Stolov\u00e1 lampa - naplaven\u00e9 drevo Cycle u\u017e od 1 kusu.\" \/>\n<meta property=\"og:url\" content=\"https:\/\/www.ikuchyne.sk\/eshop\/produkt\/stolova-lampa-naplavene-drevo-cycle\/\" \/>\n<meta property=\"og:site_name\" content=\"iKuchyne iSHOP s n\u00e1bytkom\" \/>\n<meta property=\"article:publisher\" content=\"https:\/\/www.facebook.com\/ikuchyne\/\" \/>\n<meta property=\"article:modified_time\" content=\"2017-11-10T09:23:31+00:00\" \/>\n<meta property=\"og:image\" content=\"https:\/\/www.ikuchyne.sk\/eshop\/wp-content\/uploads\/2017\/04\/stolova-lampa-naplavene-drevo-cycle-5928.jpg\" \/>\n\t<meta property=\"og:image:width\" content=\"800\" \/>\n\t<meta property=\"og:image:height\" content=\"533\" \/>\n\t<meta property=\"og:image:type\" content=\"image\/jpeg\" \/>\n<meta name=\"twitter:card\" content=\"summary_large_image\" \/>\n<meta name=\"twitter:label1\" content=\"Predpokladan\u00fd \u010das \u010d\u00edtania\" \/>\n\t<meta name=\"twitter:data1\" content=\"1 min\u00fata\" \/>\n<script type=\"application\/ld+json\" class=\"yoast-schema-graph\">{\"@context\":\"https:\/\/schema.org\",\"@graph\":[{\"@type\":\"WebPage\",\"@id\":\"https:\/\/www.ikuchyne.sk\/eshop\/produkt\/stolova-lampa-naplavene-drevo-cycle\/\",\"url\":\"https:\/\/www.ikuchyne.sk\/eshop\/produkt\/stolova-lampa-naplavene-drevo-cycle\/\",\"name\":\"Stolov\u00e1 lampa - naplaven\u00e9 drevo Cycle &#187; iKuchyne iSHOP s n\u00e1bytkom\",\"isPartOf\":{\"@id\":\"https:\/\/www.ikuchyne.sk\/eshop\/#website\"},\"datePublished\":\"2017-04-25T13:24:13+00:00\",\"dateModified\":\"2017-11-10T09:23:31+00:00\",\"description\":\"K\u00fapte si u n\u00e1s Stolov\u00e1 lampa - naplaven\u00e9 drevo Cycle za akciov\u00fa cenu. R\u00fdchle dodanie tovaru, odborn\u00e9 poradenstvo a stovky produktov skladom. Stolov\u00e1 lampa - naplaven\u00e9 drevo Cycle sa stane dominantou V\u00e1\u0161ho interi\u00e9ru. Internetov\u00fd obchod ikuchyne! pon\u00faka odber Stolov\u00e1 lampa - naplaven\u00e9 drevo Cycle u\u017e od 1 kusu.\",\"breadcrumb\":{\"@id\":\"https:\/\/www.ikuchyne.sk\/eshop\/produkt\/stolova-lampa-naplavene-drevo-cycle\/#breadcrumb\"},\"inLanguage\":\"sk-SK\",\"potentialAction\":[{\"@type\":\"ReadAction\",\"target\":[\"https:\/\/www.ikuchyne.sk\/eshop\/produkt\/stolova-lampa-naplavene-drevo-cycle\/\"]}]},{\"@type\":\"BreadcrumbList\",\"@id\":\"https:\/\/www.ikuchyne.sk\/eshop\/produkt\/stolova-lampa-naplavene-drevo-cycle\/#breadcrumb\",\"itemListElement\":[{\"@type\":\"ListItem\",\"position\":1,\"name\":\"Home\",\"item\":\"https:\/\/www.ikuchyne.sk\/eshop\/\"},{\"@type\":\"ListItem\",\"position\":2,\"name\":\"Obchod\",\"item\":\"https:\/\/www.ikuchyne.sk\/eshop\/obchod\/\"},{\"@type\":\"ListItem\",\"position\":3,\"name\":\"Stolov\u00e1 lampa &#8211; naplaven\u00e9 drevo Cycle\"}]},{\"@type\":\"WebSite\",\"@id\":\"https:\/\/www.ikuchyne.sk\/eshop\/#website\",\"url\":\"https:\/\/www.ikuchyne.sk\/eshop\/\",\"name\":\"iKuchyne iSHOP s n\u00e1bytkom\",\"description\":\"Jed\u00e1lensk\u00e9 stoly, stoli\u010dky, n\u00e1bytok, svietidl\u00e1...\",\"publisher\":{\"@id\":\"https:\/\/www.ikuchyne.sk\/eshop\/#organization\"},\"potentialAction\":[{\"@type\":\"SearchAction\",\"target\":{\"@type\":\"EntryPoint\",\"urlTemplate\":\"https:\/\/www.ikuchyne.sk\/eshop\/?s={search_term_string}\"},\"query-input\":\"required name=search_term_string\"}],\"inLanguage\":\"sk-SK\"},{\"@type\":\"Organization\",\"@id\":\"https:\/\/www.ikuchyne.sk\/eshop\/#organization\",\"name\":\"ikuchyne!\",\"url\":\"https:\/\/www.ikuchyne.sk\/eshop\/\",\"logo\":{\"@type\":\"ImageObject\",\"inLanguage\":\"sk-SK\",\"@id\":\"https:\/\/www.ikuchyne.sk\/eshop\/#\/schema\/logo\/image\/\",\"url\":\"https:\/\/www.ikuchyne.sk\/eshop\/wp-content\/uploads\/2017\/04\/ikuchyne-logo.jpg\",\"contentUrl\":\"https:\/\/www.ikuchyne.sk\/eshop\/wp-content\/uploads\/2017\/04\/ikuchyne-logo.jpg\",\"width\":200,\"height\":48,\"caption\":\"ikuchyne!\"},\"image\":{\"@id\":\"https:\/\/www.ikuchyne.sk\/eshop\/#\/schema\/logo\/image\/\"},\"sameAs\":[\"https:\/\/www.facebook.com\/ikuchyne\/\",\"https:\/\/www.instagram.com\/ikuchyne.sk\/\",\"https:\/\/sk.pinterest.com\/ikuchynesk\/\"]}]}<\/script>\n<!-- \/ Yoast SEO plugin. -->","yoast_head_json":{"title":"Stolov\u00e1 lampa - naplaven\u00e9 drevo Cycle &#187; iKuchyne iSHOP s n\u00e1bytkom","description":"K\u00fapte si u n\u00e1s Stolov\u00e1 lampa - naplaven\u00e9 drevo Cycle za akciov\u00fa cenu. R\u00fdchle dodanie tovaru, odborn\u00e9 poradenstvo a stovky produktov skladom. Stolov\u00e1 lampa - naplaven\u00e9 drevo Cycle sa stane dominantou V\u00e1\u0161ho interi\u00e9ru. Internetov\u00fd obchod ikuchyne! pon\u00faka odber Stolov\u00e1 lampa - naplaven\u00e9 drevo Cycle u\u017e od 1 kusu.","robots":{"index":"index","follow":"follow","max-snippet":"max-snippet:-1","max-image-preview":"max-image-preview:large","max-video-preview":"max-video-preview:-1"},"canonical":"https:\/\/www.ikuchyne.sk\/eshop\/produkt\/stolova-lampa-naplavene-drevo-cycle\/","og_locale":"sk_SK","og_type":"article","og_title":"Stolov\u00e1 lampa - naplaven\u00e9 drevo Cycle &#187; iKuchyne iSHOP s n\u00e1bytkom","og_description":"K\u00fapte si u n\u00e1s Stolov\u00e1 lampa - naplaven\u00e9 drevo Cycle za akciov\u00fa cenu. R\u00fdchle dodanie tovaru, odborn\u00e9 poradenstvo a stovky produktov skladom. Stolov\u00e1 lampa - naplaven\u00e9 drevo Cycle sa stane dominantou V\u00e1\u0161ho interi\u00e9ru. Internetov\u00fd obchod ikuchyne! pon\u00faka odber Stolov\u00e1 lampa - naplaven\u00e9 drevo Cycle u\u017e od 1 kusu.","og_url":"https:\/\/www.ikuchyne.sk\/eshop\/produkt\/stolova-lampa-naplavene-drevo-cycle\/","og_site_name":"iKuchyne iSHOP s n\u00e1bytkom","article_publisher":"https:\/\/www.facebook.com\/ikuchyne\/","article_modified_time":"2017-11-10T09:23:31+00:00","og_image":[{"width":800,"height":533,"url":"https:\/\/www.ikuchyne.sk\/eshop\/wp-content\/uploads\/2017\/04\/stolova-lampa-naplavene-drevo-cycle-5928.jpg","type":"image\/jpeg"}],"twitter_card":"summary_large_image","twitter_misc":{"Predpokladan\u00fd \u010das \u010d\u00edtania":"1 min\u00fata"},"schema":{"@context":"https:\/\/schema.org","@graph":[{"@type":"WebPage","@id":"https:\/\/www.ikuchyne.sk\/eshop\/produkt\/stolova-lampa-naplavene-drevo-cycle\/","url":"https:\/\/www.ikuchyne.sk\/eshop\/produkt\/stolova-lampa-naplavene-drevo-cycle\/","name":"Stolov\u00e1 lampa - naplaven\u00e9 drevo Cycle &#187; iKuchyne iSHOP s n\u00e1bytkom","isPartOf":{"@id":"https:\/\/www.ikuchyne.sk\/eshop\/#website"},"datePublished":"2017-04-25T13:24:13+00:00","dateModified":"2017-11-10T09:23:31+00:00","description":"K\u00fapte si u n\u00e1s Stolov\u00e1 lampa - naplaven\u00e9 drevo Cycle za akciov\u00fa cenu. R\u00fdchle dodanie tovaru, odborn\u00e9 poradenstvo a stovky produktov skladom. Stolov\u00e1 lampa - naplaven\u00e9 drevo Cycle sa stane dominantou V\u00e1\u0161ho interi\u00e9ru. Internetov\u00fd obchod ikuchyne! pon\u00faka odber Stolov\u00e1 lampa - naplaven\u00e9 drevo Cycle u\u017e od 1 kusu.","breadcrumb":{"@id":"https:\/\/www.ikuchyne.sk\/eshop\/produkt\/stolova-lampa-naplavene-drevo-cycle\/#breadcrumb"},"inLanguage":"sk-SK","potentialAction":[{"@type":"ReadAction","target":["https:\/\/www.ikuchyne.sk\/eshop\/produkt\/stolova-lampa-naplavene-drevo-cycle\/"]}]},{"@type":"BreadcrumbList","@id":"https:\/\/www.ikuchyne.sk\/eshop\/produkt\/stolova-lampa-naplavene-drevo-cycle\/#breadcrumb","itemListElement":[{"@type":"ListItem","position":1,"name":"Home","item":"https:\/\/www.ikuchyne.sk\/eshop\/"},{"@type":"ListItem","position":2,"name":"Obchod","item":"https:\/\/www.ikuchyne.sk\/eshop\/obchod\/"},{"@type":"ListItem","position":3,"name":"Stolov\u00e1 lampa &#8211; naplaven\u00e9 drevo Cycle"}]},{"@type":"WebSite","@id":"https:\/\/www.ikuchyne.sk\/eshop\/#website","url":"https:\/\/www.ikuchyne.sk\/eshop\/","name":"iKuchyne iSHOP s n\u00e1bytkom","description":"Jed\u00e1lensk\u00e9 stoly, stoli\u010dky, n\u00e1bytok, svietidl\u00e1...","publisher":{"@id":"https:\/\/www.ikuchyne.sk\/eshop\/#organization"},"potentialAction":[{"@type":"SearchAction","target":{"@type":"EntryPoint","urlTemplate":"https:\/\/www.ikuchyne.sk\/eshop\/?s={search_term_string}"},"query-input":"required name=search_term_string"}],"inLanguage":"sk-SK"},{"@type":"Organization","@id":"https:\/\/www.ikuchyne.sk\/eshop\/#organization","name":"ikuchyne!","url":"https:\/\/www.ikuchyne.sk\/eshop\/","logo":{"@type":"ImageObject","inLanguage":"sk-SK","@id":"https:\/\/www.ikuchyne.sk\/eshop\/#\/schema\/logo\/image\/","url":"https:\/\/www.ikuchyne.sk\/eshop\/wp-content\/uploads\/2017\/04\/ikuchyne-logo.jpg","contentUrl":"https:\/\/www.ikuchyne.sk\/eshop\/wp-content\/uploads\/2017\/04\/ikuchyne-logo.jpg","width":200,"height":48,"caption":"ikuchyne!"},"image":{"@id":"https:\/\/www.ikuchyne.sk\/eshop\/#\/schema\/logo\/image\/"},"sameAs":["https:\/\/www.facebook.com\/ikuchyne\/","https:\/\/www.instagram.com\/ikuchyne.sk\/","https:\/\/sk.pinterest.com\/ikuchynesk\/"]}]}},"_links":{"self":[{"href":"https:\/\/www.ikuchyne.sk\/eshop\/wp-json\/wp\/v2\/product\/5928"}],"collection":[{"href":"https:\/\/www.ikuchyne.sk\/eshop\/wp-json\/wp\/v2\/product"}],"about":[{"href":"https:\/\/www.ikuchyne.sk\/eshop\/wp-json\/wp\/v2\/types\/product"}],"replies":[{"embeddable":true,"href":"https:\/\/www.ikuchyne.sk\/eshop\/wp-json\/wp\/v2\/comments?post=5928"}],"wp:featuredmedia":[{"embeddable":true,"href":"https:\/\/www.ikuchyne.sk\/eshop\/wp-json\/wp\/v2\/media\/5929"}],"wp:attachment":[{"href":"https:\/\/www.ikuchyne.sk\/eshop\/wp-json\/wp\/v2\/media?parent=5928"}],"wp:term":[{"taxonomy":"product_cat","embeddable":true,"href":"https:\/\/www.ikuchyne.sk\/eshop\/wp-json\/wp\/v2\/product_cat?post=5928"},{"taxonomy":"product_tag","embeddable":true,"href":"https:\/\/www.ikuchyne.sk\/eshop\/wp-json\/wp\/v2\/product_tag?post=5928"}],"curies":[{"name":"wp","href":"https:\/\/api.w.org\/{rel}","templated":true}]}}