{"id":6223,"date":"2017-04-25T15:27:07","date_gmt":"2017-04-25T13:27:07","guid":{"rendered":"http:\/\/potocan.com\/eshop\/produkt\/stolova-lampa-naplavene-drevo-euphoria-sivahneda\/"},"modified":"2024-03-07T07:55:18","modified_gmt":"2024-03-07T06:55:18","slug":"stolova-lampa-naplavene-drevo-euphoria-sivahneda","status":"publish","type":"product","link":"https:\/\/www.ikuchyne.sk\/eshop\/produkt\/stolova-lampa-naplavene-drevo-euphoria-sivahneda\/","title":{"rendered":"Sivohned\u00e1 stolov\u00e1 lampa Euphoria \u00bb"},"content":{"rendered":"<h1>Sivohned\u00e1 stolov\u00e1 lampa Euphoria<\/h1>\n<p><strong>V\u0161eobecn\u00fd opis stolovej lampy:<br \/>\n<\/strong>Kr\u00e1sna stolov\u00e1 lampa je vytvoren\u00e1 z naplaven\u00e9ho dreva. Pom\u00f4\u017ee v\u00e1m ozvl\u00e1\u0161tni\u0165 a z\u00fatulni\u0165 v\u00e1\u0161 domov. Ka\u017ed\u00fd pou\u017eit\u00fd kus dreva je v\u00a0tomto pr\u00edpade unik\u00e1t tak, ako ho stvorila pr\u00edroda a ako ho opracovali pr\u00edrodn\u00e9 \u017eivly. Podlhovast\u00e9 tienidlo je z pl\u00e1tna v sivohnedej farbe. Z \u010dierneho podstavca vyrast\u00e1 ty\u010d, na ktorej je umiestnen\u00e1 \u017eiarovka. Dookola s\u00fa umiestnen\u00e9 kon\u00e1re z naplaven\u00e9ho dreva. Svietidlo je prisp\u00f4soben\u00e9 na \u017eiarovku so z\u00e1vitom E14.\u00a0Dod\u00e1va sa bez \u017eiarovky.\u00a0V\u010faka pou\u017eit\u00e9mu materi\u00e1lu je ka\u017ed\u00fd kus unik\u00e1tny.\u00a0Vzh\u013eadom k tomu, \u017ee ide o ru\u010dn\u00fa pr\u00e1cu a materi\u00e1l je pr\u00edrodn\u00fd produkt, kone\u010dn\u00fd produkt m\u00f4\u017ee vykazova\u0165 rozmerov\u00e9 a farebn\u00e9 vari\u00e1cie a odch\u00fdlky od vyobrazen\u00e9ho kusu.<\/p>\n<p><strong>\u010eal\u0161ie inform\u00e1cie:<br \/>\n<\/strong>V pr\u00edpade zne\u010distenia, pou\u017eite prachovku alebo pr\u00edpravky na \u010distenie svietidiel a m\u00e4kk\u00fa handri\u010dku. Nikdy nemanipulujte so svietidlom pod nap\u00e4t\u00edm.<\/p>\n<p><b>Rozmery stolovej lampy<\/b>\u00a0(cca):<br \/>\n15cm x 45cm (\u0160xV)<br \/>\n<strong>rozmer tienidla:<\/strong> 15 x 20 x 15 cm (\u0160xVxH)<br \/>\n<strong>rozmer nohy:<\/strong> 12 x 2 x 12 cm (\u0160xVxH)<br \/>\n<strong>celkov\u00e1 v\u00fd\u0161ka:<\/strong> 145 cm<\/p>\n<p><strong>Technick\u00e9 parametre:<br \/>\n<\/strong>zdroj: 1 x E14 max. 60W<br \/>\n(energetick\u00e1 trieda\u00a0A++ a\u017e E)<\/p>\n<p><b>Materi\u00e1l:<\/b>\u00a0pl\u00e1tno, naplaven\u00e9 drevo<\/p>\n<p><b>Farba:<\/b>\u00a0sivohned\u00e1, pr\u00edrodn\u00e1, \u010dierna<\/p>\n","protected":false},"excerpt":{"rendered":"<p>Sivohned\u00e1 stolov\u00e1 lampa Euphoria V\u0161eobecn\u00fd opis stolovej lampy: Kr\u00e1sna stolov\u00e1 lampa je vytvoren\u00e1 z naplaven\u00e9ho dreva. Pom\u00f4\u017ee v\u00e1m ozvl\u00e1\u0161tni\u0165 a z\u00fatulni\u0165 v\u00e1\u0161 domov. Ka\u017ed\u00fd pou\u017eit\u00fd kus dreva je v\u00a0tomto pr\u00edpade<\/p>\n","protected":false},"featured_media":6224,"comment_status":"open","ping_status":"closed","template":"","meta":[],"product_cat":[937,184],"product_tag":[256,752,265],"yoast_head":"<!-- This site is optimized with the Yoast SEO plugin v22.1 - https:\/\/yoast.com\/wordpress\/plugins\/seo\/ -->\n<title>Sivohned\u00e1 stolov\u00e1 lampa Euphoria \u00bb &#187; iKuchyne iSHOP s n\u00e1bytkom<\/title>\n<meta name=\"description\" content=\"K\u00fapte si u n\u00e1s Sivohned\u00e1 stolov\u00e1 lampa Euphoria \u00bb za akciov\u00fa cenu. R\u00fdchle dodanie tovaru, odborn\u00e9 poradenstvo a stovky produktov skladom. Sivohned\u00e1 stolov\u00e1 lampa Euphoria \u00bb sa stane dominantou V\u00e1\u0161ho interi\u00e9ru. Internetov\u00fd obchod ikuchyne! pon\u00faka odber Sivohned\u00e1 stolov\u00e1 lampa Euphoria \u00bb u\u017e od 1 kusu.\" \/>\n<meta name=\"robots\" content=\"index, follow, max-snippet:-1, max-image-preview:large, max-video-preview:-1\" \/>\n<link rel=\"canonical\" href=\"https:\/\/www.ikuchyne.sk\/eshop\/?post_type=product&p=6223\" \/>\n<meta property=\"og:locale\" content=\"sk_SK\" \/>\n<meta property=\"og:type\" content=\"article\" \/>\n<meta property=\"og:title\" content=\"Sivohned\u00e1 stolov\u00e1 lampa Euphoria \u00bb &#187; iKuchyne iSHOP s n\u00e1bytkom\" \/>\n<meta property=\"og:description\" content=\"K\u00fapte si u n\u00e1s Sivohned\u00e1 stolov\u00e1 lampa Euphoria \u00bb za akciov\u00fa cenu. R\u00fdchle dodanie tovaru, odborn\u00e9 poradenstvo a stovky produktov skladom. Sivohned\u00e1 stolov\u00e1 lampa Euphoria \u00bb sa stane dominantou V\u00e1\u0161ho interi\u00e9ru. Internetov\u00fd obchod ikuchyne! pon\u00faka odber Sivohned\u00e1 stolov\u00e1 lampa Euphoria \u00bb u\u017e od 1 kusu.\" \/>\n<meta property=\"og:url\" content=\"https:\/\/www.ikuchyne.sk\/eshop\/?post_type=product&amp;p=6223\" \/>\n<meta property=\"og:site_name\" content=\"iKuchyne iSHOP s n\u00e1bytkom\" \/>\n<meta property=\"article:publisher\" content=\"https:\/\/www.facebook.com\/ikuchyne\/\" \/>\n<meta property=\"article:modified_time\" content=\"2024-03-07T06:55:18+00:00\" \/>\n<meta property=\"og:image\" content=\"https:\/\/www.ikuchyne.sk\/eshop\/wp-content\/uploads\/2017\/04\/stolova-lampa-naplavene-drevo-euphoria-sivahneda-7.jpg\" \/>\n\t<meta property=\"og:image:width\" content=\"800\" \/>\n\t<meta property=\"og:image:height\" content=\"533\" \/>\n\t<meta property=\"og:image:type\" content=\"image\/jpeg\" \/>\n<meta name=\"twitter:card\" content=\"summary_large_image\" \/>\n<meta name=\"twitter:label1\" content=\"Predpokladan\u00fd \u010das \u010d\u00edtania\" \/>\n\t<meta name=\"twitter:data1\" content=\"1 min\u00fata\" \/>\n<script type=\"application\/ld+json\" class=\"yoast-schema-graph\">{\"@context\":\"https:\/\/schema.org\",\"@graph\":[{\"@type\":\"WebPage\",\"@id\":\"https:\/\/www.ikuchyne.sk\/eshop\/?post_type=product&p=6223\",\"url\":\"https:\/\/www.ikuchyne.sk\/eshop\/?post_type=product&p=6223\",\"name\":\"Sivohned\u00e1 stolov\u00e1 lampa Euphoria \u00bb &#187; iKuchyne iSHOP s n\u00e1bytkom\",\"isPartOf\":{\"@id\":\"https:\/\/www.ikuchyne.sk\/eshop\/#website\"},\"datePublished\":\"2017-04-25T13:27:07+00:00\",\"dateModified\":\"2024-03-07T06:55:18+00:00\",\"description\":\"K\u00fapte si u n\u00e1s Sivohned\u00e1 stolov\u00e1 lampa Euphoria \u00bb za akciov\u00fa cenu. R\u00fdchle dodanie tovaru, odborn\u00e9 poradenstvo a stovky produktov skladom. Sivohned\u00e1 stolov\u00e1 lampa Euphoria \u00bb sa stane dominantou V\u00e1\u0161ho interi\u00e9ru. Internetov\u00fd obchod ikuchyne! pon\u00faka odber Sivohned\u00e1 stolov\u00e1 lampa Euphoria \u00bb u\u017e od 1 kusu.\",\"breadcrumb\":{\"@id\":\"https:\/\/www.ikuchyne.sk\/eshop\/?post_type=product&p=6223#breadcrumb\"},\"inLanguage\":\"sk-SK\",\"potentialAction\":[{\"@type\":\"ReadAction\",\"target\":[\"https:\/\/www.ikuchyne.sk\/eshop\/?post_type=product&p=6223\"]}]},{\"@type\":\"BreadcrumbList\",\"@id\":\"https:\/\/www.ikuchyne.sk\/eshop\/?post_type=product&p=6223#breadcrumb\",\"itemListElement\":[{\"@type\":\"ListItem\",\"position\":1,\"name\":\"Home\",\"item\":\"https:\/\/www.ikuchyne.sk\/eshop\/\"},{\"@type\":\"ListItem\",\"position\":2,\"name\":\"Obchod\",\"item\":\"https:\/\/www.ikuchyne.sk\/eshop\/obchod\/\"},{\"@type\":\"ListItem\",\"position\":3,\"name\":\"Sivohned\u00e1 stolov\u00e1 lampa Euphoria \u00bb\"}]},{\"@type\":\"WebSite\",\"@id\":\"https:\/\/www.ikuchyne.sk\/eshop\/#website\",\"url\":\"https:\/\/www.ikuchyne.sk\/eshop\/\",\"name\":\"iKuchyne iSHOP s n\u00e1bytkom\",\"description\":\"Jed\u00e1lensk\u00e9 stoly, stoli\u010dky, n\u00e1bytok, svietidl\u00e1...\",\"publisher\":{\"@id\":\"https:\/\/www.ikuchyne.sk\/eshop\/#organization\"},\"potentialAction\":[{\"@type\":\"SearchAction\",\"target\":{\"@type\":\"EntryPoint\",\"urlTemplate\":\"https:\/\/www.ikuchyne.sk\/eshop\/?s={search_term_string}\"},\"query-input\":\"required name=search_term_string\"}],\"inLanguage\":\"sk-SK\"},{\"@type\":\"Organization\",\"@id\":\"https:\/\/www.ikuchyne.sk\/eshop\/#organization\",\"name\":\"ikuchyne!\",\"url\":\"https:\/\/www.ikuchyne.sk\/eshop\/\",\"logo\":{\"@type\":\"ImageObject\",\"inLanguage\":\"sk-SK\",\"@id\":\"https:\/\/www.ikuchyne.sk\/eshop\/#\/schema\/logo\/image\/\",\"url\":\"https:\/\/www.ikuchyne.sk\/eshop\/wp-content\/uploads\/2017\/04\/ikuchyne-logo.jpg\",\"contentUrl\":\"https:\/\/www.ikuchyne.sk\/eshop\/wp-content\/uploads\/2017\/04\/ikuchyne-logo.jpg\",\"width\":200,\"height\":48,\"caption\":\"ikuchyne!\"},\"image\":{\"@id\":\"https:\/\/www.ikuchyne.sk\/eshop\/#\/schema\/logo\/image\/\"},\"sameAs\":[\"https:\/\/www.facebook.com\/ikuchyne\/\",\"https:\/\/www.instagram.com\/ikuchyne.sk\/\",\"https:\/\/sk.pinterest.com\/ikuchynesk\/\"]}]}<\/script>\n<!-- \/ Yoast SEO plugin. -->","yoast_head_json":{"title":"Sivohned\u00e1 stolov\u00e1 lampa Euphoria \u00bb &#187; iKuchyne iSHOP s n\u00e1bytkom","description":"K\u00fapte si u n\u00e1s Sivohned\u00e1 stolov\u00e1 lampa Euphoria \u00bb za akciov\u00fa cenu. R\u00fdchle dodanie tovaru, odborn\u00e9 poradenstvo a stovky produktov skladom. Sivohned\u00e1 stolov\u00e1 lampa Euphoria \u00bb sa stane dominantou V\u00e1\u0161ho interi\u00e9ru. Internetov\u00fd obchod ikuchyne! pon\u00faka odber Sivohned\u00e1 stolov\u00e1 lampa Euphoria \u00bb u\u017e od 1 kusu.","robots":{"index":"index","follow":"follow","max-snippet":"max-snippet:-1","max-image-preview":"max-image-preview:large","max-video-preview":"max-video-preview:-1"},"canonical":"https:\/\/www.ikuchyne.sk\/eshop\/?post_type=product&p=6223","og_locale":"sk_SK","og_type":"article","og_title":"Sivohned\u00e1 stolov\u00e1 lampa Euphoria \u00bb &#187; iKuchyne iSHOP s n\u00e1bytkom","og_description":"K\u00fapte si u n\u00e1s Sivohned\u00e1 stolov\u00e1 lampa Euphoria \u00bb za akciov\u00fa cenu. R\u00fdchle dodanie tovaru, odborn\u00e9 poradenstvo a stovky produktov skladom. Sivohned\u00e1 stolov\u00e1 lampa Euphoria \u00bb sa stane dominantou V\u00e1\u0161ho interi\u00e9ru. Internetov\u00fd obchod ikuchyne! pon\u00faka odber Sivohned\u00e1 stolov\u00e1 lampa Euphoria \u00bb u\u017e od 1 kusu.","og_url":"https:\/\/www.ikuchyne.sk\/eshop\/?post_type=product&p=6223","og_site_name":"iKuchyne iSHOP s n\u00e1bytkom","article_publisher":"https:\/\/www.facebook.com\/ikuchyne\/","article_modified_time":"2024-03-07T06:55:18+00:00","og_image":[{"width":800,"height":533,"url":"https:\/\/www.ikuchyne.sk\/eshop\/wp-content\/uploads\/2017\/04\/stolova-lampa-naplavene-drevo-euphoria-sivahneda-7.jpg","type":"image\/jpeg"}],"twitter_card":"summary_large_image","twitter_misc":{"Predpokladan\u00fd \u010das \u010d\u00edtania":"1 min\u00fata"},"schema":{"@context":"https:\/\/schema.org","@graph":[{"@type":"WebPage","@id":"https:\/\/www.ikuchyne.sk\/eshop\/?post_type=product&p=6223","url":"https:\/\/www.ikuchyne.sk\/eshop\/?post_type=product&p=6223","name":"Sivohned\u00e1 stolov\u00e1 lampa Euphoria \u00bb &#187; iKuchyne iSHOP s n\u00e1bytkom","isPartOf":{"@id":"https:\/\/www.ikuchyne.sk\/eshop\/#website"},"datePublished":"2017-04-25T13:27:07+00:00","dateModified":"2024-03-07T06:55:18+00:00","description":"K\u00fapte si u n\u00e1s Sivohned\u00e1 stolov\u00e1 lampa Euphoria \u00bb za akciov\u00fa cenu. R\u00fdchle dodanie tovaru, odborn\u00e9 poradenstvo a stovky produktov skladom. Sivohned\u00e1 stolov\u00e1 lampa Euphoria \u00bb sa stane dominantou V\u00e1\u0161ho interi\u00e9ru. Internetov\u00fd obchod ikuchyne! pon\u00faka odber Sivohned\u00e1 stolov\u00e1 lampa Euphoria \u00bb u\u017e od 1 kusu.","breadcrumb":{"@id":"https:\/\/www.ikuchyne.sk\/eshop\/?post_type=product&p=6223#breadcrumb"},"inLanguage":"sk-SK","potentialAction":[{"@type":"ReadAction","target":["https:\/\/www.ikuchyne.sk\/eshop\/?post_type=product&p=6223"]}]},{"@type":"BreadcrumbList","@id":"https:\/\/www.ikuchyne.sk\/eshop\/?post_type=product&p=6223#breadcrumb","itemListElement":[{"@type":"ListItem","position":1,"name":"Home","item":"https:\/\/www.ikuchyne.sk\/eshop\/"},{"@type":"ListItem","position":2,"name":"Obchod","item":"https:\/\/www.ikuchyne.sk\/eshop\/obchod\/"},{"@type":"ListItem","position":3,"name":"Sivohned\u00e1 stolov\u00e1 lampa Euphoria \u00bb"}]},{"@type":"WebSite","@id":"https:\/\/www.ikuchyne.sk\/eshop\/#website","url":"https:\/\/www.ikuchyne.sk\/eshop\/","name":"iKuchyne iSHOP s n\u00e1bytkom","description":"Jed\u00e1lensk\u00e9 stoly, stoli\u010dky, n\u00e1bytok, svietidl\u00e1...","publisher":{"@id":"https:\/\/www.ikuchyne.sk\/eshop\/#organization"},"potentialAction":[{"@type":"SearchAction","target":{"@type":"EntryPoint","urlTemplate":"https:\/\/www.ikuchyne.sk\/eshop\/?s={search_term_string}"},"query-input":"required name=search_term_string"}],"inLanguage":"sk-SK"},{"@type":"Organization","@id":"https:\/\/www.ikuchyne.sk\/eshop\/#organization","name":"ikuchyne!","url":"https:\/\/www.ikuchyne.sk\/eshop\/","logo":{"@type":"ImageObject","inLanguage":"sk-SK","@id":"https:\/\/www.ikuchyne.sk\/eshop\/#\/schema\/logo\/image\/","url":"https:\/\/www.ikuchyne.sk\/eshop\/wp-content\/uploads\/2017\/04\/ikuchyne-logo.jpg","contentUrl":"https:\/\/www.ikuchyne.sk\/eshop\/wp-content\/uploads\/2017\/04\/ikuchyne-logo.jpg","width":200,"height":48,"caption":"ikuchyne!"},"image":{"@id":"https:\/\/www.ikuchyne.sk\/eshop\/#\/schema\/logo\/image\/"},"sameAs":["https:\/\/www.facebook.com\/ikuchyne\/","https:\/\/www.instagram.com\/ikuchyne.sk\/","https:\/\/sk.pinterest.com\/ikuchynesk\/"]}]}},"_links":{"self":[{"href":"https:\/\/www.ikuchyne.sk\/eshop\/wp-json\/wp\/v2\/product\/6223"}],"collection":[{"href":"https:\/\/www.ikuchyne.sk\/eshop\/wp-json\/wp\/v2\/product"}],"about":[{"href":"https:\/\/www.ikuchyne.sk\/eshop\/wp-json\/wp\/v2\/types\/product"}],"replies":[{"embeddable":true,"href":"https:\/\/www.ikuchyne.sk\/eshop\/wp-json\/wp\/v2\/comments?post=6223"}],"wp:featuredmedia":[{"embeddable":true,"href":"https:\/\/www.ikuchyne.sk\/eshop\/wp-json\/wp\/v2\/media\/6224"}],"wp:attachment":[{"href":"https:\/\/www.ikuchyne.sk\/eshop\/wp-json\/wp\/v2\/media?parent=6223"}],"wp:term":[{"taxonomy":"product_cat","embeddable":true,"href":"https:\/\/www.ikuchyne.sk\/eshop\/wp-json\/wp\/v2\/product_cat?post=6223"},{"taxonomy":"product_tag","embeddable":true,"href":"https:\/\/www.ikuchyne.sk\/eshop\/wp-json\/wp\/v2\/product_tag?post=6223"}],"curies":[{"name":"wp","href":"https:\/\/api.w.org\/{rel}","templated":true}]}}