{"id":64646,"date":"2017-09-26T11:09:28","date_gmt":"2017-09-26T09:09:28","guid":{"rendered":"https:\/\/ikuchyne.sk\/eshop\/?post_type=product&#038;p=64646"},"modified":"2024-03-10T19:20:19","modified_gmt":"2024-03-10T18:20:19","slug":"tv-stolik-z-recyklovaneho-dreva-jakarta-40-x-150-cm","status":"publish","type":"product","link":"https:\/\/www.ikuchyne.sk\/eshop\/produkt\/tv-stolik-z-recyklovaneho-dreva-jakarta-40-x-150-cm\/","title":{"rendered":"Tv stol\u00edk z recyklovan\u00e9ho dreva Jakarta 40 x 150 cm \u00bb"},"content":{"rendered":"<h1>Tv stol\u00edk z recyklovan\u00e9ho dreva Jakarta 40 x 150 cm<\/h1>\n<p><strong>V\u0161eobecn\u00fd opis Tv stol\u00edka:<br \/>\n<\/strong>Tv stol\u00edk je tvoren\u00fd origin\u00e1lnym teakov\u00fdm drevom a je s\u00fa\u010das\u0165ou s\u00e9rie n\u00e1bytku z recyklovan\u00e9ho dreva, Jakarta. Na prv\u00fd poh\u013ead up\u00fata jeho nev\u0161ednou farebnos\u0165ou. Pozost\u00e1va z vrchnej dosky, na ktor\u00fa umiestnime telev\u00edzor, otvorenej \u010dasti a zatvorenej \u010dasti. Povrch Tv stol\u00edka je z unik\u00e1tneho\u00a0recyklovan\u00e9ho teakov\u00e9ho dreva, ktor\u00e9 je ve\u013emi tvrd\u00e9, no pru\u017en\u00e9. Teakov\u00e9 drevo sa z\u00edskava z\u00a0tropickej dreviny\u00a0<i>Tectona grandis<\/i>.\u00a0Obsahuje ve\u013ea olejnat\u00fdch \u017eiv\u00edc, ktor\u00e9 zachov\u00e1vaj\u00fa jeho stabilitu a odolnos\u0165. Toto drevo je viacfarebn\u00e9.\u00a0Pod doskou Tv stol\u00edka sa v strede nach\u00e1dzaj\u00fa dve priehradky, pod ktor\u00fdmi je umiestnen\u00e1 z\u00e1suvka s kruhovou \u00fachytkou. Po oboch stran\u00e1ch s\u00fa umiestnen\u00e9 dvierka, pod ktor\u00fdmi n\u00e1jdeme odkladac\u00ed priestor. Podno\u017e Tv stol\u00edka je tvoren\u00e1 \u0161tyrmi kr\u00e1tkymi nohami. Ve\u013ek\u00fdm plus je, \u017ee recyklovan\u00e9 drevo \u0161etr\u00ed na\u0161e \u017eivotn\u00e9 prostredie. Tento Tv stol\u00edk je typick\u00fd pre svoj exotick\u00fd vzh\u013ead, no je aj ve\u013emi praktick\u00fd. Spolo\u010dne s ostatn\u00fdmi kusmi n\u00e1bytku zo s\u00e9rie Jakarta vytvor\u00edte il\u00faziu \u010falekej exotiky priamo u v\u00e1s doma. Tie si m\u00f4\u017eete zak\u00fapi\u0165 v na\u0161om eshope ikuchyne.sk.<\/p>\n<p><strong>Povrch Tv stol\u00edka:<br \/>\n<\/strong>Povrch Tv stol\u00edka je z unik\u00e1tneho\u00a0recyklovan\u00e9ho teakov\u00e9ho dreva, ktor\u00e9 je ve\u013emi tvrd\u00e9, no pru\u017en\u00e9.<\/p>\n<p><strong>Podno\u017e\u00a0 Tv stol\u00edka:<br \/>\n<\/strong>Podno\u017e Tv stol\u00edka je tvoren\u00e1 \u0161tyrmi kr\u00e1tkymi nohami.<strong><br \/>\n<\/strong><\/p>\n<p><strong>\u010eal\u0161ie inform\u00e1cie:<br \/>\n<\/strong>V\u00fdrazn\u00e1 kresba, ktorou\u00a0 je t\u00e1to drevina charakteristick\u00e1 rob\u00ed z ka\u017ed\u00e9ho kusu unik\u00e1t. Tv stol\u00edk o\u0161etrujeme vlhkou handri\u010dkou namo\u010denou v mydlovej vode s\u00fabe\u017ene s kresbou dreva. Dvakr\u00e1t ro\u010dne odpor\u00fa\u010dame\u00a0 Tv stol\u00edk o\u0161etri\u0165 teakov\u00fdm olejom.<\/p>\n<p><b>Rozmery Tv stol\u00edka:<\/b><br \/>\n\u0160\u00edrka stol\u00edka: 40 cm<br \/>\nD\u013a\u017eka stol\u00edka: 150 cm<br \/>\nV\u00fd\u0161ka stol\u00edka: 50 cm<\/p>\n<p><b>Farba:<\/b> viacfarebn\u00e1<\/p>\n<p><b>Materi\u00e1l:<\/b> drevo (mas\u00edv) &#8211; recyklovan\u00e9 teakov\u00e9 drevo<\/p>\n","protected":false},"excerpt":{"rendered":"<p>Tv stol\u00edk z recyklovan\u00e9ho dreva Jakarta 40 x 150 cm V\u0161eobecn\u00fd opis Tv stol\u00edka: Tv stol\u00edk je tvoren\u00fd origin\u00e1lnym teakov\u00fdm drevom a je s\u00fa\u010das\u0165ou s\u00e9rie n\u00e1bytku z recyklovan\u00e9ho dreva, Jakarta.<\/p>\n","protected":false},"featured_media":64647,"comment_status":"open","ping_status":"closed","template":"","meta":[],"product_cat":[295],"product_tag":[643],"yoast_head":"<!-- This site is optimized with the Yoast SEO plugin v22.1 - https:\/\/yoast.com\/wordpress\/plugins\/seo\/ -->\n<title>Tv stol\u00edk z recyklovan\u00e9ho dreva Jakarta 40 x 150 cm \u00bb &#187; iKuchyne iSHOP s n\u00e1bytkom<\/title>\n<meta name=\"description\" content=\"K\u00fapte si u n\u00e1s Tv stol\u00edk z recyklovan\u00e9ho dreva Jakarta 40 x 150 cm \u00bb za akciov\u00fa cenu. R\u00fdchle dodanie tovaru, odborn\u00e9 poradenstvo a stovky produktov skladom. Tv stol\u00edk z recyklovan\u00e9ho dreva Jakarta 40 x 150 cm \u00bb sa stane dominantou V\u00e1\u0161ho interi\u00e9ru. Internetov\u00fd obchod ikuchyne! pon\u00faka odber Tv stol\u00edk z recyklovan\u00e9ho dreva Jakarta 40 x 150 cm \u00bb u\u017e od 1 kusu.\" \/>\n<meta name=\"robots\" content=\"index, follow, max-snippet:-1, max-image-preview:large, max-video-preview:-1\" \/>\n<link rel=\"canonical\" href=\"https:\/\/www.ikuchyne.sk\/eshop\/produkt\/tv-stolik-z-recyklovaneho-dreva-jakarta-40-x-150-cm\/\" \/>\n<meta property=\"og:locale\" content=\"sk_SK\" \/>\n<meta property=\"og:type\" content=\"article\" \/>\n<meta property=\"og:title\" content=\"Tv stol\u00edk z recyklovan\u00e9ho dreva Jakarta 40 x 150 cm \u00bb &#187; iKuchyne iSHOP s n\u00e1bytkom\" \/>\n<meta property=\"og:description\" content=\"K\u00fapte si u n\u00e1s Tv stol\u00edk z recyklovan\u00e9ho dreva Jakarta 40 x 150 cm \u00bb za akciov\u00fa cenu. R\u00fdchle dodanie tovaru, odborn\u00e9 poradenstvo a stovky produktov skladom. Tv stol\u00edk z recyklovan\u00e9ho dreva Jakarta 40 x 150 cm \u00bb sa stane dominantou V\u00e1\u0161ho interi\u00e9ru. Internetov\u00fd obchod ikuchyne! pon\u00faka odber Tv stol\u00edk z recyklovan\u00e9ho dreva Jakarta 40 x 150 cm \u00bb u\u017e od 1 kusu.\" \/>\n<meta property=\"og:url\" content=\"https:\/\/www.ikuchyne.sk\/eshop\/produkt\/tv-stolik-z-recyklovaneho-dreva-jakarta-40-x-150-cm\/\" \/>\n<meta property=\"og:site_name\" content=\"iKuchyne iSHOP s n\u00e1bytkom\" \/>\n<meta property=\"article:publisher\" content=\"https:\/\/www.facebook.com\/ikuchyne\/\" \/>\n<meta property=\"article:modified_time\" content=\"2024-03-10T18:20:19+00:00\" \/>\n<meta property=\"og:image\" content=\"https:\/\/www.ikuchyne.sk\/eshop\/wp-content\/uploads\/2017\/07\/TV-stolik-Jakarta-150cm--recyklovane-drevo.jpg\" \/>\n\t<meta property=\"og:image:width\" content=\"800\" \/>\n\t<meta property=\"og:image:height\" content=\"533\" \/>\n\t<meta property=\"og:image:type\" content=\"image\/jpeg\" \/>\n<meta name=\"twitter:card\" content=\"summary_large_image\" \/>\n<meta name=\"twitter:label1\" content=\"Predpokladan\u00fd \u010das \u010d\u00edtania\" \/>\n\t<meta name=\"twitter:data1\" content=\"2 min\u00faty\" \/>\n<script type=\"application\/ld+json\" class=\"yoast-schema-graph\">{\"@context\":\"https:\/\/schema.org\",\"@graph\":[{\"@type\":\"WebPage\",\"@id\":\"https:\/\/www.ikuchyne.sk\/eshop\/produkt\/tv-stolik-z-recyklovaneho-dreva-jakarta-40-x-150-cm\/\",\"url\":\"https:\/\/www.ikuchyne.sk\/eshop\/produkt\/tv-stolik-z-recyklovaneho-dreva-jakarta-40-x-150-cm\/\",\"name\":\"Tv stol\u00edk z recyklovan\u00e9ho dreva Jakarta 40 x 150 cm \u00bb &#187; iKuchyne iSHOP s n\u00e1bytkom\",\"isPartOf\":{\"@id\":\"https:\/\/www.ikuchyne.sk\/eshop\/#website\"},\"datePublished\":\"2017-09-26T09:09:28+00:00\",\"dateModified\":\"2024-03-10T18:20:19+00:00\",\"description\":\"K\u00fapte si u n\u00e1s Tv stol\u00edk z recyklovan\u00e9ho dreva Jakarta 40 x 150 cm \u00bb za akciov\u00fa cenu. R\u00fdchle dodanie tovaru, odborn\u00e9 poradenstvo a stovky produktov skladom. Tv stol\u00edk z recyklovan\u00e9ho dreva Jakarta 40 x 150 cm \u00bb sa stane dominantou V\u00e1\u0161ho interi\u00e9ru. Internetov\u00fd obchod ikuchyne! pon\u00faka odber Tv stol\u00edk z recyklovan\u00e9ho dreva Jakarta 40 x 150 cm \u00bb u\u017e od 1 kusu.\",\"breadcrumb\":{\"@id\":\"https:\/\/www.ikuchyne.sk\/eshop\/produkt\/tv-stolik-z-recyklovaneho-dreva-jakarta-40-x-150-cm\/#breadcrumb\"},\"inLanguage\":\"sk-SK\",\"potentialAction\":[{\"@type\":\"ReadAction\",\"target\":[\"https:\/\/www.ikuchyne.sk\/eshop\/produkt\/tv-stolik-z-recyklovaneho-dreva-jakarta-40-x-150-cm\/\"]}]},{\"@type\":\"BreadcrumbList\",\"@id\":\"https:\/\/www.ikuchyne.sk\/eshop\/produkt\/tv-stolik-z-recyklovaneho-dreva-jakarta-40-x-150-cm\/#breadcrumb\",\"itemListElement\":[{\"@type\":\"ListItem\",\"position\":1,\"name\":\"Home\",\"item\":\"https:\/\/www.ikuchyne.sk\/eshop\/\"},{\"@type\":\"ListItem\",\"position\":2,\"name\":\"Obchod\",\"item\":\"https:\/\/www.ikuchyne.sk\/eshop\/obchod\/\"},{\"@type\":\"ListItem\",\"position\":3,\"name\":\"Tv stol\u00edk z recyklovan\u00e9ho dreva Jakarta 40 x 150 cm \u00bb\"}]},{\"@type\":\"WebSite\",\"@id\":\"https:\/\/www.ikuchyne.sk\/eshop\/#website\",\"url\":\"https:\/\/www.ikuchyne.sk\/eshop\/\",\"name\":\"iKuchyne iSHOP s n\u00e1bytkom\",\"description\":\"Jed\u00e1lensk\u00e9 stoly, stoli\u010dky, n\u00e1bytok, svietidl\u00e1...\",\"publisher\":{\"@id\":\"https:\/\/www.ikuchyne.sk\/eshop\/#organization\"},\"potentialAction\":[{\"@type\":\"SearchAction\",\"target\":{\"@type\":\"EntryPoint\",\"urlTemplate\":\"https:\/\/www.ikuchyne.sk\/eshop\/?s={search_term_string}\"},\"query-input\":\"required name=search_term_string\"}],\"inLanguage\":\"sk-SK\"},{\"@type\":\"Organization\",\"@id\":\"https:\/\/www.ikuchyne.sk\/eshop\/#organization\",\"name\":\"ikuchyne!\",\"url\":\"https:\/\/www.ikuchyne.sk\/eshop\/\",\"logo\":{\"@type\":\"ImageObject\",\"inLanguage\":\"sk-SK\",\"@id\":\"https:\/\/www.ikuchyne.sk\/eshop\/#\/schema\/logo\/image\/\",\"url\":\"https:\/\/www.ikuchyne.sk\/eshop\/wp-content\/uploads\/2017\/04\/ikuchyne-logo.jpg\",\"contentUrl\":\"https:\/\/www.ikuchyne.sk\/eshop\/wp-content\/uploads\/2017\/04\/ikuchyne-logo.jpg\",\"width\":200,\"height\":48,\"caption\":\"ikuchyne!\"},\"image\":{\"@id\":\"https:\/\/www.ikuchyne.sk\/eshop\/#\/schema\/logo\/image\/\"},\"sameAs\":[\"https:\/\/www.facebook.com\/ikuchyne\/\",\"https:\/\/www.instagram.com\/ikuchyne.sk\/\",\"https:\/\/sk.pinterest.com\/ikuchynesk\/\"]}]}<\/script>\n<!-- \/ Yoast SEO plugin. -->","yoast_head_json":{"title":"Tv stol\u00edk z recyklovan\u00e9ho dreva Jakarta 40 x 150 cm \u00bb &#187; iKuchyne iSHOP s n\u00e1bytkom","description":"K\u00fapte si u n\u00e1s Tv stol\u00edk z recyklovan\u00e9ho dreva Jakarta 40 x 150 cm \u00bb za akciov\u00fa cenu. R\u00fdchle dodanie tovaru, odborn\u00e9 poradenstvo a stovky produktov skladom. Tv stol\u00edk z recyklovan\u00e9ho dreva Jakarta 40 x 150 cm \u00bb sa stane dominantou V\u00e1\u0161ho interi\u00e9ru. Internetov\u00fd obchod ikuchyne! pon\u00faka odber Tv stol\u00edk z recyklovan\u00e9ho dreva Jakarta 40 x 150 cm \u00bb u\u017e od 1 kusu.","robots":{"index":"index","follow":"follow","max-snippet":"max-snippet:-1","max-image-preview":"max-image-preview:large","max-video-preview":"max-video-preview:-1"},"canonical":"https:\/\/www.ikuchyne.sk\/eshop\/produkt\/tv-stolik-z-recyklovaneho-dreva-jakarta-40-x-150-cm\/","og_locale":"sk_SK","og_type":"article","og_title":"Tv stol\u00edk z recyklovan\u00e9ho dreva Jakarta 40 x 150 cm \u00bb &#187; iKuchyne iSHOP s n\u00e1bytkom","og_description":"K\u00fapte si u n\u00e1s Tv stol\u00edk z recyklovan\u00e9ho dreva Jakarta 40 x 150 cm \u00bb za akciov\u00fa cenu. R\u00fdchle dodanie tovaru, odborn\u00e9 poradenstvo a stovky produktov skladom. Tv stol\u00edk z recyklovan\u00e9ho dreva Jakarta 40 x 150 cm \u00bb sa stane dominantou V\u00e1\u0161ho interi\u00e9ru. Internetov\u00fd obchod ikuchyne! pon\u00faka odber Tv stol\u00edk z recyklovan\u00e9ho dreva Jakarta 40 x 150 cm \u00bb u\u017e od 1 kusu.","og_url":"https:\/\/www.ikuchyne.sk\/eshop\/produkt\/tv-stolik-z-recyklovaneho-dreva-jakarta-40-x-150-cm\/","og_site_name":"iKuchyne iSHOP s n\u00e1bytkom","article_publisher":"https:\/\/www.facebook.com\/ikuchyne\/","article_modified_time":"2024-03-10T18:20:19+00:00","og_image":[{"width":800,"height":533,"url":"https:\/\/www.ikuchyne.sk\/eshop\/wp-content\/uploads\/2017\/07\/TV-stolik-Jakarta-150cm--recyklovane-drevo.jpg","type":"image\/jpeg"}],"twitter_card":"summary_large_image","twitter_misc":{"Predpokladan\u00fd \u010das \u010d\u00edtania":"2 min\u00faty"},"schema":{"@context":"https:\/\/schema.org","@graph":[{"@type":"WebPage","@id":"https:\/\/www.ikuchyne.sk\/eshop\/produkt\/tv-stolik-z-recyklovaneho-dreva-jakarta-40-x-150-cm\/","url":"https:\/\/www.ikuchyne.sk\/eshop\/produkt\/tv-stolik-z-recyklovaneho-dreva-jakarta-40-x-150-cm\/","name":"Tv stol\u00edk z recyklovan\u00e9ho dreva Jakarta 40 x 150 cm \u00bb &#187; iKuchyne iSHOP s n\u00e1bytkom","isPartOf":{"@id":"https:\/\/www.ikuchyne.sk\/eshop\/#website"},"datePublished":"2017-09-26T09:09:28+00:00","dateModified":"2024-03-10T18:20:19+00:00","description":"K\u00fapte si u n\u00e1s Tv stol\u00edk z recyklovan\u00e9ho dreva Jakarta 40 x 150 cm \u00bb za akciov\u00fa cenu. R\u00fdchle dodanie tovaru, odborn\u00e9 poradenstvo a stovky produktov skladom. Tv stol\u00edk z recyklovan\u00e9ho dreva Jakarta 40 x 150 cm \u00bb sa stane dominantou V\u00e1\u0161ho interi\u00e9ru. Internetov\u00fd obchod ikuchyne! pon\u00faka odber Tv stol\u00edk z recyklovan\u00e9ho dreva Jakarta 40 x 150 cm \u00bb u\u017e od 1 kusu.","breadcrumb":{"@id":"https:\/\/www.ikuchyne.sk\/eshop\/produkt\/tv-stolik-z-recyklovaneho-dreva-jakarta-40-x-150-cm\/#breadcrumb"},"inLanguage":"sk-SK","potentialAction":[{"@type":"ReadAction","target":["https:\/\/www.ikuchyne.sk\/eshop\/produkt\/tv-stolik-z-recyklovaneho-dreva-jakarta-40-x-150-cm\/"]}]},{"@type":"BreadcrumbList","@id":"https:\/\/www.ikuchyne.sk\/eshop\/produkt\/tv-stolik-z-recyklovaneho-dreva-jakarta-40-x-150-cm\/#breadcrumb","itemListElement":[{"@type":"ListItem","position":1,"name":"Home","item":"https:\/\/www.ikuchyne.sk\/eshop\/"},{"@type":"ListItem","position":2,"name":"Obchod","item":"https:\/\/www.ikuchyne.sk\/eshop\/obchod\/"},{"@type":"ListItem","position":3,"name":"Tv stol\u00edk z recyklovan\u00e9ho dreva Jakarta 40 x 150 cm \u00bb"}]},{"@type":"WebSite","@id":"https:\/\/www.ikuchyne.sk\/eshop\/#website","url":"https:\/\/www.ikuchyne.sk\/eshop\/","name":"iKuchyne iSHOP s n\u00e1bytkom","description":"Jed\u00e1lensk\u00e9 stoly, stoli\u010dky, n\u00e1bytok, svietidl\u00e1...","publisher":{"@id":"https:\/\/www.ikuchyne.sk\/eshop\/#organization"},"potentialAction":[{"@type":"SearchAction","target":{"@type":"EntryPoint","urlTemplate":"https:\/\/www.ikuchyne.sk\/eshop\/?s={search_term_string}"},"query-input":"required name=search_term_string"}],"inLanguage":"sk-SK"},{"@type":"Organization","@id":"https:\/\/www.ikuchyne.sk\/eshop\/#organization","name":"ikuchyne!","url":"https:\/\/www.ikuchyne.sk\/eshop\/","logo":{"@type":"ImageObject","inLanguage":"sk-SK","@id":"https:\/\/www.ikuchyne.sk\/eshop\/#\/schema\/logo\/image\/","url":"https:\/\/www.ikuchyne.sk\/eshop\/wp-content\/uploads\/2017\/04\/ikuchyne-logo.jpg","contentUrl":"https:\/\/www.ikuchyne.sk\/eshop\/wp-content\/uploads\/2017\/04\/ikuchyne-logo.jpg","width":200,"height":48,"caption":"ikuchyne!"},"image":{"@id":"https:\/\/www.ikuchyne.sk\/eshop\/#\/schema\/logo\/image\/"},"sameAs":["https:\/\/www.facebook.com\/ikuchyne\/","https:\/\/www.instagram.com\/ikuchyne.sk\/","https:\/\/sk.pinterest.com\/ikuchynesk\/"]}]}},"_links":{"self":[{"href":"https:\/\/www.ikuchyne.sk\/eshop\/wp-json\/wp\/v2\/product\/64646"}],"collection":[{"href":"https:\/\/www.ikuchyne.sk\/eshop\/wp-json\/wp\/v2\/product"}],"about":[{"href":"https:\/\/www.ikuchyne.sk\/eshop\/wp-json\/wp\/v2\/types\/product"}],"replies":[{"embeddable":true,"href":"https:\/\/www.ikuchyne.sk\/eshop\/wp-json\/wp\/v2\/comments?post=64646"}],"wp:featuredmedia":[{"embeddable":true,"href":"https:\/\/www.ikuchyne.sk\/eshop\/wp-json\/wp\/v2\/media\/64647"}],"wp:attachment":[{"href":"https:\/\/www.ikuchyne.sk\/eshop\/wp-json\/wp\/v2\/media?parent=64646"}],"wp:term":[{"taxonomy":"product_cat","embeddable":true,"href":"https:\/\/www.ikuchyne.sk\/eshop\/wp-json\/wp\/v2\/product_cat?post=64646"},{"taxonomy":"product_tag","embeddable":true,"href":"https:\/\/www.ikuchyne.sk\/eshop\/wp-json\/wp\/v2\/product_tag?post=64646"}],"curies":[{"name":"wp","href":"https:\/\/api.w.org\/{rel}","templated":true}]}}