{"id":67467,"date":"2017-11-09T10:54:46","date_gmt":"2017-11-09T09:54:46","guid":{"rendered":"https:\/\/ikuchyne.sk\/eshop\/?post_type=product&#038;p=67467"},"modified":"2024-09-19T09:37:34","modified_gmt":"2024-09-19T07:37:34","slug":"hneda-jedalenska-stolicka-genua","status":"publish","type":"product","link":"https:\/\/www.ikuchyne.sk\/eshop\/produkt\/hneda-jedalenska-stolicka-genua\/","title":{"rendered":"Hned\u00e1 jed\u00e1lensk\u00e1 stoli\u010dka Genua \u00bb"},"content":{"rendered":"<h1>Hned\u00e1 jed\u00e1lensk\u00e1 stoli\u010dka Genua \u00bb<\/h1>\n<h4><strong>V\u0161eobecn\u00fd popis:<\/strong><\/h4>\n<p>Elegantn\u00e1 hned\u00e1 jed\u00e1lensk\u00e1 stoli\u010dka Genua navrhnut\u00e1 v koloni\u00e1lnom \u0161t\u00fdle. Kvalitn\u00fd po\u0165ah z mikrovl\u00e1kna je skuto\u010dn\u00fdm p\u00fata\u010dom pozornosti. Nohy z mas\u00edvneho dreva zais\u0165uj\u00fa pevn\u00e9 st\u00e1tie na akomko\u013evek povrchu. Dajte svojej jed\u00e1lni \u0161t\u00fdlov\u00fd vzh\u013ead!<\/p>\n<p>Nechajte sa unies\u0165 elegantn\u00fdm koloni\u00e1lnym \u0161t\u00fdlom. T\u00e1to koloni\u00e1lna stoli\u010dka GENUA s po\u0165ahom z mikrovl\u00e1kna zaujme neprekonate\u013en\u00fdm elegantn\u00fdm dizajnom. Stoli\u010dka pon\u00faka dokonal\u00fa symbi\u00f3zu elegantn\u00e9ho vidieckeho \u0161t\u00fdlu klasickej koloni\u00e1lnej stoli\u010dky a pohodlie modernej stoli\u010dky. V\u010faka dreven\u00e9mu r\u00e1mu a pohodln\u00e9mu \u010dal\u00faneniu sa t\u00e1to jed\u00e1lensk\u00e1 stoli\u010dka \u010doskoro stane skuto\u010dnou dizajnovou klasikou s vysok\u00fdm kultov\u00fdm faktorom!<\/p>\n<p>Te\u0161te sa na najvy\u0161\u0161iu \u00farove\u0148 komfortu sedenia. Vrcholom stoli\u010dky je kvalitn\u00fd po\u0165ah z proti\u0161mykov\u00e9ho tmavohned\u00e9ho mikrovl\u00e1kna a pevn\u00e9 dvojit\u00e9 \u0161vy. T\u00e1to stoli\u010dka okoren\u00ed ka\u017ed\u00e9 dom\u00e1ce prostredie! \u010ci u\u017e pri jed\u00e1lenskom stole doma alebo v konferen\u010dnej miestnosti, nad\u010dasov\u00e1 dizajnov\u00e1 stoli\u010dka bude in\u0161pirova\u0165 v\u00e1s a predov\u0161etk\u00fdm va\u0161ich priate\u013eov a zn\u00e1mych \u010di obchodn\u00fdch partnerov.<\/p>\n<h4><strong>Detaily produktu:<\/strong><\/h4>\n<p>Po\u0165ah tejto stoli\u010dky je vyroben\u00fd z odoln\u00e9ho mikrovl\u00e1kna. Tkaniny z mikrovl\u00e1kien s\u00fa ve\u013emi m\u00e4kk\u00e9 a mimoriadne tvarovo st\u00e1le. Po\u0165ah r\u00fdchlo schne, ve\u013emi dobre sa \u010dist\u00ed. Stoli\u010dku je mo\u017en\u00e9 \u00fa\u017easne v\u0161estranne kombinova\u0165 s in\u00fdm n\u00e1bytkom. Vhodn\u00e9 bytov\u00e9 doplnky pre kombinovanie interi\u00e9ru s touto jed\u00e1lenskou stoli\u010dkou n\u00e1jdete na na\u0161om e-shope v sekcii Bytov\u00e9 doplnky. Kontaktujte n\u00e1s a my v\u00e1m radi pom\u00f4\u017eeme s v\u00fdberom vhodn\u00fdch dekor\u00e1ci\u00ed do va\u0161ej dom\u00e1cnosti v akomko\u013evek \u0161t\u00fdle.<\/p>\n<p><strong>Sed\u00e1k stoli\u010dky:<br \/>\n<\/strong>Mohutnej\u0161\u00ed sed\u00e1k je potiahnut\u00fd mikrovl\u00e1knom v hnedej farbe v odtieni light coffee s Vintage Lookom. Pohodln\u00e9 sedenie je zaru\u010den\u00e9 hrubou vrstvou \u010dal\u00fanenia.<\/p>\n<p><strong>Podno\u017e stoli\u010dky:<br \/>\n<\/strong>Klasick\u00e9 nohy z tmav\u00e9ho dreva v pr\u00edrodnej farbe robia stoli\u010dku stabilnou a zv\u00fdraz\u0148uj\u00fa jej \u0161t\u00fdl.<\/p>\n<p><strong>\u010eal\u0161ie inform\u00e1cie:<br \/>\n<\/strong>Kvalitn\u00e9 spracovanie \u010dal\u00fanenia, komfortn\u00e9 sedenie a nen\u00e1ro\u010dnos\u0165 na \u00fadr\u017ebu tvoria z tejto stoli\u010dky jedine\u010dn\u00fd kus n\u00e1bytku , ktor\u00fd zapadne do vidieckeho \u0161t\u00fdlu. O\u0161etrujeme vlhkou handri\u010dkou a vysu\u0161\u00edme dosucha.<\/p>\n<p><b>Rozmery stoli\u010dky:<br \/>\n\u0160\u00edrka stoli\u010dky:\u00a0<\/b>40 cm<b><br \/>\nV\u00fd\u0161ka stoli\u010dky: <\/b>90 cm<b><br \/>\nH\u013abka stoli\u010dky:\u00a0<\/b>55 cm<\/p>\n<p><b>Materi\u00e1l:<\/b>\u00a0mikrovl\u00e1kno, drevo<\/p>\n<p><b>Farba:<\/b>\u00a0 light coffee (Vintage Look), pr\u00edrodn\u00e1<\/p>\n<p>Dodato\u010dn\u00e9 inform\u00e1cie:<\/p>\n<p>V pr\u00edpade z\u00e1ujmu o in\u00e9 stoli\u010dky &#8211; jed\u00e1lensk\u00e9, barov\u00e9, kancel\u00e1rske, nav\u0161t\u00edvte sekciu stoli\u010dky na <a href=\"https:\/\/www.ikuchyne.sk\/eshop\/kategoria\/stolicky\/\">www.ikuchyne.sk\/eshop<\/a><br \/>\nV pr\u00edpade z\u00e1ujmu o n\u00e1bytok na mieru n\u00e1s kontaktuje na <a href=\"http:\/\/www.ikuchyne.sk\">www.ikuchyne.sk<\/a><\/p>\n","protected":false},"excerpt":{"rendered":"<p>Hned\u00e1 jed\u00e1lensk\u00e1 stoli\u010dka Genua \u00bb V\u0161eobecn\u00fd popis: Elegantn\u00e1 hned\u00e1 jed\u00e1lensk\u00e1 stoli\u010dka Genua navrhnut\u00e1 v koloni\u00e1lnom \u0161t\u00fdle. Kvalitn\u00fd po\u0165ah z mikrovl\u00e1kna je skuto\u010dn\u00fdm p\u00fata\u010dom pozornosti. Nohy z mas\u00edvneho dreva zais\u0165uj\u00fa pevn\u00e9<\/p>\n","protected":false},"featured_media":67468,"comment_status":"open","ping_status":"closed","template":"","meta":[],"product_cat":[288,310,823,827,829,821],"product_tag":[341],"yoast_head":"<!-- This site is optimized with the Yoast SEO plugin v22.1 - https:\/\/yoast.com\/wordpress\/plugins\/seo\/ -->\n<title>Hned\u00e1 jed\u00e1lensk\u00e1 stoli\u010dka Genua \u00bb &#187; iKuchyne iSHOP s n\u00e1bytkom<\/title>\n<meta name=\"description\" content=\"Hned\u00e1 jed\u00e1lensk\u00e1 stoli\u010dka Genua - r\u00fdchle dodanie, poradenstvo, n\u00e1bytok skladom v Bratislave s ikuchyne.sk - kuchyne na mieru.\" \/>\n<meta name=\"robots\" content=\"index, follow, max-snippet:-1, max-image-preview:large, max-video-preview:-1\" \/>\n<link rel=\"canonical\" href=\"https:\/\/www.ikuchyne.sk\/eshop\/produkt\/hneda-jedalenska-stolicka-genua\/\" \/>\n<meta property=\"og:locale\" content=\"sk_SK\" \/>\n<meta property=\"og:type\" content=\"article\" \/>\n<meta property=\"og:title\" content=\"Hned\u00e1 jed\u00e1lensk\u00e1 stoli\u010dka Genua \u00bb &#187; iKuchyne iSHOP s n\u00e1bytkom\" \/>\n<meta property=\"og:description\" content=\"Hned\u00e1 jed\u00e1lensk\u00e1 stoli\u010dka Genua - r\u00fdchle dodanie, poradenstvo, n\u00e1bytok skladom v Bratislave s ikuchyne.sk - kuchyne na mieru.\" \/>\n<meta property=\"og:url\" content=\"https:\/\/www.ikuchyne.sk\/eshop\/produkt\/hneda-jedalenska-stolicka-genua\/\" \/>\n<meta property=\"og:site_name\" content=\"iKuchyne iSHOP s n\u00e1bytkom\" \/>\n<meta property=\"article:publisher\" content=\"https:\/\/www.facebook.com\/ikuchyne\/\" \/>\n<meta property=\"article:modified_time\" content=\"2024-09-19T07:37:34+00:00\" \/>\n<meta property=\"og:image\" content=\"https:\/\/www.ikuchyne.sk\/eshop\/wp-content\/uploads\/2017\/09\/Stolicka-Genua-light-coffee-Vintage-Look.jpg\" \/>\n\t<meta property=\"og:image:width\" content=\"800\" \/>\n\t<meta property=\"og:image:height\" content=\"533\" \/>\n\t<meta property=\"og:image:type\" content=\"image\/jpeg\" \/>\n<meta name=\"twitter:card\" content=\"summary_large_image\" \/>\n<meta name=\"twitter:label1\" content=\"Predpokladan\u00fd \u010das \u010d\u00edtania\" \/>\n\t<meta name=\"twitter:data1\" content=\"2 min\u00faty\" \/>\n<script type=\"application\/ld+json\" class=\"yoast-schema-graph\">{\"@context\":\"https:\/\/schema.org\",\"@graph\":[{\"@type\":\"WebPage\",\"@id\":\"https:\/\/www.ikuchyne.sk\/eshop\/produkt\/hneda-jedalenska-stolicka-genua\/\",\"url\":\"https:\/\/www.ikuchyne.sk\/eshop\/produkt\/hneda-jedalenska-stolicka-genua\/\",\"name\":\"Hned\u00e1 jed\u00e1lensk\u00e1 stoli\u010dka Genua \u00bb &#187; iKuchyne iSHOP s n\u00e1bytkom\",\"isPartOf\":{\"@id\":\"https:\/\/www.ikuchyne.sk\/eshop\/#website\"},\"datePublished\":\"2017-11-09T09:54:46+00:00\",\"dateModified\":\"2024-09-19T07:37:34+00:00\",\"description\":\"Hned\u00e1 jed\u00e1lensk\u00e1 stoli\u010dka Genua - r\u00fdchle dodanie, poradenstvo, n\u00e1bytok skladom v Bratislave s ikuchyne.sk - kuchyne na mieru.\",\"breadcrumb\":{\"@id\":\"https:\/\/www.ikuchyne.sk\/eshop\/produkt\/hneda-jedalenska-stolicka-genua\/#breadcrumb\"},\"inLanguage\":\"sk-SK\",\"potentialAction\":[{\"@type\":\"ReadAction\",\"target\":[\"https:\/\/www.ikuchyne.sk\/eshop\/produkt\/hneda-jedalenska-stolicka-genua\/\"]}]},{\"@type\":\"BreadcrumbList\",\"@id\":\"https:\/\/www.ikuchyne.sk\/eshop\/produkt\/hneda-jedalenska-stolicka-genua\/#breadcrumb\",\"itemListElement\":[{\"@type\":\"ListItem\",\"position\":1,\"name\":\"Home\",\"item\":\"https:\/\/www.ikuchyne.sk\/eshop\/\"},{\"@type\":\"ListItem\",\"position\":2,\"name\":\"Obchod\",\"item\":\"https:\/\/www.ikuchyne.sk\/eshop\/obchod\/\"},{\"@type\":\"ListItem\",\"position\":3,\"name\":\"Hned\u00e1 jed\u00e1lensk\u00e1 stoli\u010dka Genua \u00bb\"}]},{\"@type\":\"WebSite\",\"@id\":\"https:\/\/www.ikuchyne.sk\/eshop\/#website\",\"url\":\"https:\/\/www.ikuchyne.sk\/eshop\/\",\"name\":\"iKuchyne iSHOP s n\u00e1bytkom\",\"description\":\"Jed\u00e1lensk\u00e9 stoly, stoli\u010dky, n\u00e1bytok, svietidl\u00e1...\",\"publisher\":{\"@id\":\"https:\/\/www.ikuchyne.sk\/eshop\/#organization\"},\"potentialAction\":[{\"@type\":\"SearchAction\",\"target\":{\"@type\":\"EntryPoint\",\"urlTemplate\":\"https:\/\/www.ikuchyne.sk\/eshop\/?s={search_term_string}\"},\"query-input\":\"required name=search_term_string\"}],\"inLanguage\":\"sk-SK\"},{\"@type\":\"Organization\",\"@id\":\"https:\/\/www.ikuchyne.sk\/eshop\/#organization\",\"name\":\"ikuchyne!\",\"url\":\"https:\/\/www.ikuchyne.sk\/eshop\/\",\"logo\":{\"@type\":\"ImageObject\",\"inLanguage\":\"sk-SK\",\"@id\":\"https:\/\/www.ikuchyne.sk\/eshop\/#\/schema\/logo\/image\/\",\"url\":\"https:\/\/www.ikuchyne.sk\/eshop\/wp-content\/uploads\/2017\/04\/ikuchyne-logo.jpg\",\"contentUrl\":\"https:\/\/www.ikuchyne.sk\/eshop\/wp-content\/uploads\/2017\/04\/ikuchyne-logo.jpg\",\"width\":200,\"height\":48,\"caption\":\"ikuchyne!\"},\"image\":{\"@id\":\"https:\/\/www.ikuchyne.sk\/eshop\/#\/schema\/logo\/image\/\"},\"sameAs\":[\"https:\/\/www.facebook.com\/ikuchyne\/\",\"https:\/\/www.instagram.com\/ikuchyne.sk\/\",\"https:\/\/sk.pinterest.com\/ikuchynesk\/\"]}]}<\/script>\n<!-- \/ Yoast SEO plugin. -->","yoast_head_json":{"title":"Hned\u00e1 jed\u00e1lensk\u00e1 stoli\u010dka Genua \u00bb &#187; iKuchyne iSHOP s n\u00e1bytkom","description":"Hned\u00e1 jed\u00e1lensk\u00e1 stoli\u010dka Genua - r\u00fdchle dodanie, poradenstvo, n\u00e1bytok skladom v Bratislave s ikuchyne.sk - kuchyne na mieru.","robots":{"index":"index","follow":"follow","max-snippet":"max-snippet:-1","max-image-preview":"max-image-preview:large","max-video-preview":"max-video-preview:-1"},"canonical":"https:\/\/www.ikuchyne.sk\/eshop\/produkt\/hneda-jedalenska-stolicka-genua\/","og_locale":"sk_SK","og_type":"article","og_title":"Hned\u00e1 jed\u00e1lensk\u00e1 stoli\u010dka Genua \u00bb &#187; iKuchyne iSHOP s n\u00e1bytkom","og_description":"Hned\u00e1 jed\u00e1lensk\u00e1 stoli\u010dka Genua - r\u00fdchle dodanie, poradenstvo, n\u00e1bytok skladom v Bratislave s ikuchyne.sk - kuchyne na mieru.","og_url":"https:\/\/www.ikuchyne.sk\/eshop\/produkt\/hneda-jedalenska-stolicka-genua\/","og_site_name":"iKuchyne iSHOP s n\u00e1bytkom","article_publisher":"https:\/\/www.facebook.com\/ikuchyne\/","article_modified_time":"2024-09-19T07:37:34+00:00","og_image":[{"width":800,"height":533,"url":"https:\/\/www.ikuchyne.sk\/eshop\/wp-content\/uploads\/2017\/09\/Stolicka-Genua-light-coffee-Vintage-Look.jpg","type":"image\/jpeg"}],"twitter_card":"summary_large_image","twitter_misc":{"Predpokladan\u00fd \u010das \u010d\u00edtania":"2 min\u00faty"},"schema":{"@context":"https:\/\/schema.org","@graph":[{"@type":"WebPage","@id":"https:\/\/www.ikuchyne.sk\/eshop\/produkt\/hneda-jedalenska-stolicka-genua\/","url":"https:\/\/www.ikuchyne.sk\/eshop\/produkt\/hneda-jedalenska-stolicka-genua\/","name":"Hned\u00e1 jed\u00e1lensk\u00e1 stoli\u010dka Genua \u00bb &#187; iKuchyne iSHOP s n\u00e1bytkom","isPartOf":{"@id":"https:\/\/www.ikuchyne.sk\/eshop\/#website"},"datePublished":"2017-11-09T09:54:46+00:00","dateModified":"2024-09-19T07:37:34+00:00","description":"Hned\u00e1 jed\u00e1lensk\u00e1 stoli\u010dka Genua - r\u00fdchle dodanie, poradenstvo, n\u00e1bytok skladom v Bratislave s ikuchyne.sk - kuchyne na mieru.","breadcrumb":{"@id":"https:\/\/www.ikuchyne.sk\/eshop\/produkt\/hneda-jedalenska-stolicka-genua\/#breadcrumb"},"inLanguage":"sk-SK","potentialAction":[{"@type":"ReadAction","target":["https:\/\/www.ikuchyne.sk\/eshop\/produkt\/hneda-jedalenska-stolicka-genua\/"]}]},{"@type":"BreadcrumbList","@id":"https:\/\/www.ikuchyne.sk\/eshop\/produkt\/hneda-jedalenska-stolicka-genua\/#breadcrumb","itemListElement":[{"@type":"ListItem","position":1,"name":"Home","item":"https:\/\/www.ikuchyne.sk\/eshop\/"},{"@type":"ListItem","position":2,"name":"Obchod","item":"https:\/\/www.ikuchyne.sk\/eshop\/obchod\/"},{"@type":"ListItem","position":3,"name":"Hned\u00e1 jed\u00e1lensk\u00e1 stoli\u010dka Genua \u00bb"}]},{"@type":"WebSite","@id":"https:\/\/www.ikuchyne.sk\/eshop\/#website","url":"https:\/\/www.ikuchyne.sk\/eshop\/","name":"iKuchyne iSHOP s n\u00e1bytkom","description":"Jed\u00e1lensk\u00e9 stoly, stoli\u010dky, n\u00e1bytok, svietidl\u00e1...","publisher":{"@id":"https:\/\/www.ikuchyne.sk\/eshop\/#organization"},"potentialAction":[{"@type":"SearchAction","target":{"@type":"EntryPoint","urlTemplate":"https:\/\/www.ikuchyne.sk\/eshop\/?s={search_term_string}"},"query-input":"required name=search_term_string"}],"inLanguage":"sk-SK"},{"@type":"Organization","@id":"https:\/\/www.ikuchyne.sk\/eshop\/#organization","name":"ikuchyne!","url":"https:\/\/www.ikuchyne.sk\/eshop\/","logo":{"@type":"ImageObject","inLanguage":"sk-SK","@id":"https:\/\/www.ikuchyne.sk\/eshop\/#\/schema\/logo\/image\/","url":"https:\/\/www.ikuchyne.sk\/eshop\/wp-content\/uploads\/2017\/04\/ikuchyne-logo.jpg","contentUrl":"https:\/\/www.ikuchyne.sk\/eshop\/wp-content\/uploads\/2017\/04\/ikuchyne-logo.jpg","width":200,"height":48,"caption":"ikuchyne!"},"image":{"@id":"https:\/\/www.ikuchyne.sk\/eshop\/#\/schema\/logo\/image\/"},"sameAs":["https:\/\/www.facebook.com\/ikuchyne\/","https:\/\/www.instagram.com\/ikuchyne.sk\/","https:\/\/sk.pinterest.com\/ikuchynesk\/"]}]}},"_links":{"self":[{"href":"https:\/\/www.ikuchyne.sk\/eshop\/wp-json\/wp\/v2\/product\/67467"}],"collection":[{"href":"https:\/\/www.ikuchyne.sk\/eshop\/wp-json\/wp\/v2\/product"}],"about":[{"href":"https:\/\/www.ikuchyne.sk\/eshop\/wp-json\/wp\/v2\/types\/product"}],"replies":[{"embeddable":true,"href":"https:\/\/www.ikuchyne.sk\/eshop\/wp-json\/wp\/v2\/comments?post=67467"}],"wp:featuredmedia":[{"embeddable":true,"href":"https:\/\/www.ikuchyne.sk\/eshop\/wp-json\/wp\/v2\/media\/67468"}],"wp:attachment":[{"href":"https:\/\/www.ikuchyne.sk\/eshop\/wp-json\/wp\/v2\/media?parent=67467"}],"wp:term":[{"taxonomy":"product_cat","embeddable":true,"href":"https:\/\/www.ikuchyne.sk\/eshop\/wp-json\/wp\/v2\/product_cat?post=67467"},{"taxonomy":"product_tag","embeddable":true,"href":"https:\/\/www.ikuchyne.sk\/eshop\/wp-json\/wp\/v2\/product_tag?post=67467"}],"curies":[{"name":"wp","href":"https:\/\/api.w.org\/{rel}","templated":true}]}}