{"id":70025,"date":"2017-11-14T14:29:53","date_gmt":"2017-11-14T13:29:53","guid":{"rendered":"https:\/\/ikuchyne.sk\/eshop\/?post_type=product&#038;p=70025"},"modified":"2024-03-10T19:20:12","modified_gmt":"2024-03-10T18:20:12","slug":"limetkova-lavica-scandinavia-57-x-116-cm","status":"publish","type":"product","link":"https:\/\/www.ikuchyne.sk\/eshop\/produkt\/limetkova-lavica-scandinavia-57-x-116-cm\/","title":{"rendered":"Limetkov\u00e1 lavica Scandinavia 57 x 116 cm \u00bb"},"content":{"rendered":"<h1>Limetkov\u00e1 lavica Scandinavia 57 x 116 cm<\/h1>\n<p><strong>V\u0161eobecn\u00fd opis lavice:<\/strong><br \/>\nLavica minimalistick\u00e9ho dizajnu z pr\u00edrodn\u00fdch materi\u00e1lov sa hod\u00ed do \u0161kandin\u00e1vsky laden\u00e9ho interi\u00e9ru. Povrch lavice je \u010dal\u00fanen\u00fd pr\u00edjemnou a odolnou vrecovinou v limetkovej farbe. Podno\u017e lavice je tvoren\u00e1 \u00fazkymi nohami z bukov\u00e9ho dreva, ktor\u00e9 s\u00fa pr\u00edzna\u010dn\u00e9 pre seversk\u00fd \u0161t\u00fdl b\u00fdvania. Zv\u00fd\u0161en\u00fd komfort prid\u00e1va \u010dal\u00fanenie opierok r\u00fak a chrbta. Zauj\u00edmav\u00fdm detailom s\u00fa v\u0161it\u00e9 gomb\u00edky do \u010dasti operadla\u00a0 v \u0161t\u00fdle Chesterfield. Lavicu je mo\u017en\u00e9 umiestni\u0165 do ob\u00fdva\u010dky, ale aj do kuchyne.<\/p>\n<p><strong>Povrch lavice:<\/strong><br \/>\nPovrch lavice pozost\u00e1va z pr\u00edjemnej a odolnej vrecoviny v pastelovej limetkovej farbe.<\/p>\n<p><strong>Podno\u017e lavice:<\/strong><br \/>\nPodno\u017e lavice je tvoren\u00e1 \u00fazkymi bukov\u00fdmi nohami.<\/p>\n<p><strong>\u010eal\u0161ie inform\u00e1cie:<br \/>\n<\/strong>V pr\u00edpade zne\u010distenia o\u0161etrujeme bavlnenou handri\u010dkou navlh\u010denou v jemnej mydlovej vode.<\/p>\n<p><b>Rozmery<\/b>:<br \/>\n\u0160\u00edrka lavice: 57 cm<br \/>\nD\u013a\u017eka lavice: 116 cm<br \/>\nV\u00fd\u0161ka lavice: 80 cm<br \/>\n<strong>Rozmery sedenia:<\/strong>\u00a0103 x 46 x 40 cm (\u0160xVxH)<br \/>\n<strong>V\u00fd\u0161ka opierky chrbta:<\/strong>\u00a034 cm<br \/>\n<strong>V\u00fd\u0161ka lak\u0165ovej opierky:<\/strong> 17 cm<\/p>\n<p><b>Materi\u00e1l:<\/b>\u00a0vrecovina, bukov\u00e9 drevo<\/p>\n<p><b>Farba:<\/b>\u00a0limetkov\u00e1<\/p>\n","protected":false},"excerpt":{"rendered":"<p>Limetkov\u00e1 lavica Scandinavia 57 x 116 cm V\u0161eobecn\u00fd opis lavice: Lavica minimalistick\u00e9ho dizajnu z pr\u00edrodn\u00fdch materi\u00e1lov sa hod\u00ed do \u0161kandin\u00e1vsky laden\u00e9ho interi\u00e9ru. Povrch lavice je \u010dal\u00fanen\u00fd pr\u00edjemnou a odolnou vrecovinou<\/p>\n","protected":false},"featured_media":70026,"comment_status":"open","ping_status":"closed","template":"","meta":[],"product_cat":[750,940],"product_tag":[225],"yoast_head":"<!-- This site is optimized with the Yoast SEO plugin v22.1 - https:\/\/yoast.com\/wordpress\/plugins\/seo\/ -->\n<title>Limetkov\u00e1 lavica Scandinavia 57 x 116 cm \u00bb &#187; iKuchyne iSHOP s n\u00e1bytkom<\/title>\n<meta name=\"description\" content=\"K\u00fapte si u n\u00e1s Limetkov\u00e1 lavica Scandinavia 57 x 116 cm \u00bb za akciov\u00fa cenu. R\u00fdchle dodanie tovaru, odborn\u00e9 poradenstvo a stovky produktov skladom. Limetkov\u00e1 lavica Scandinavia 57 x 116 cm \u00bb sa stane dominantou V\u00e1\u0161ho interi\u00e9ru. Internetov\u00fd obchod ikuchyne! pon\u00faka odber Limetkov\u00e1 lavica Scandinavia 57 x 116 cm \u00bb u\u017e od 1 kusu.\" \/>\n<meta name=\"robots\" content=\"index, follow, max-snippet:-1, max-image-preview:large, max-video-preview:-1\" \/>\n<link rel=\"canonical\" href=\"https:\/\/www.ikuchyne.sk\/eshop\/produkt\/limetkova-lavica-scandinavia-57-x-116-cm\/\" \/>\n<meta property=\"og:locale\" content=\"sk_SK\" \/>\n<meta property=\"og:type\" content=\"article\" \/>\n<meta property=\"og:title\" content=\"Limetkov\u00e1 lavica Scandinavia 57 x 116 cm \u00bb &#187; iKuchyne iSHOP s n\u00e1bytkom\" \/>\n<meta property=\"og:description\" content=\"K\u00fapte si u n\u00e1s Limetkov\u00e1 lavica Scandinavia 57 x 116 cm \u00bb za akciov\u00fa cenu. R\u00fdchle dodanie tovaru, odborn\u00e9 poradenstvo a stovky produktov skladom. Limetkov\u00e1 lavica Scandinavia 57 x 116 cm \u00bb sa stane dominantou V\u00e1\u0161ho interi\u00e9ru. Internetov\u00fd obchod ikuchyne! pon\u00faka odber Limetkov\u00e1 lavica Scandinavia 57 x 116 cm \u00bb u\u017e od 1 kusu.\" \/>\n<meta property=\"og:url\" content=\"https:\/\/www.ikuchyne.sk\/eshop\/produkt\/limetkova-lavica-scandinavia-57-x-116-cm\/\" \/>\n<meta property=\"og:site_name\" content=\"iKuchyne iSHOP s n\u00e1bytkom\" \/>\n<meta property=\"article:publisher\" content=\"https:\/\/www.facebook.com\/ikuchyne\/\" \/>\n<meta property=\"article:modified_time\" content=\"2024-03-10T18:20:12+00:00\" \/>\n<meta property=\"og:image\" content=\"https:\/\/www.ikuchyne.sk\/eshop\/wp-content\/uploads\/2017\/11\/Lavica-Scandinavia-Armlehne-limetkova-buk.jpg\" \/>\n\t<meta property=\"og:image:width\" content=\"800\" \/>\n\t<meta property=\"og:image:height\" content=\"533\" \/>\n\t<meta property=\"og:image:type\" content=\"image\/jpeg\" \/>\n<meta name=\"twitter:card\" content=\"summary_large_image\" \/>\n<meta name=\"twitter:label1\" content=\"Predpokladan\u00fd \u010das \u010d\u00edtania\" \/>\n\t<meta name=\"twitter:data1\" content=\"1 min\u00fata\" \/>\n<script type=\"application\/ld+json\" class=\"yoast-schema-graph\">{\"@context\":\"https:\/\/schema.org\",\"@graph\":[{\"@type\":\"WebPage\",\"@id\":\"https:\/\/www.ikuchyne.sk\/eshop\/produkt\/limetkova-lavica-scandinavia-57-x-116-cm\/\",\"url\":\"https:\/\/www.ikuchyne.sk\/eshop\/produkt\/limetkova-lavica-scandinavia-57-x-116-cm\/\",\"name\":\"Limetkov\u00e1 lavica Scandinavia 57 x 116 cm \u00bb &#187; iKuchyne iSHOP s n\u00e1bytkom\",\"isPartOf\":{\"@id\":\"https:\/\/www.ikuchyne.sk\/eshop\/#website\"},\"datePublished\":\"2017-11-14T13:29:53+00:00\",\"dateModified\":\"2024-03-10T18:20:12+00:00\",\"description\":\"K\u00fapte si u n\u00e1s Limetkov\u00e1 lavica Scandinavia 57 x 116 cm \u00bb za akciov\u00fa cenu. R\u00fdchle dodanie tovaru, odborn\u00e9 poradenstvo a stovky produktov skladom. Limetkov\u00e1 lavica Scandinavia 57 x 116 cm \u00bb sa stane dominantou V\u00e1\u0161ho interi\u00e9ru. Internetov\u00fd obchod ikuchyne! pon\u00faka odber Limetkov\u00e1 lavica Scandinavia 57 x 116 cm \u00bb u\u017e od 1 kusu.\",\"breadcrumb\":{\"@id\":\"https:\/\/www.ikuchyne.sk\/eshop\/produkt\/limetkova-lavica-scandinavia-57-x-116-cm\/#breadcrumb\"},\"inLanguage\":\"sk-SK\",\"potentialAction\":[{\"@type\":\"ReadAction\",\"target\":[\"https:\/\/www.ikuchyne.sk\/eshop\/produkt\/limetkova-lavica-scandinavia-57-x-116-cm\/\"]}]},{\"@type\":\"BreadcrumbList\",\"@id\":\"https:\/\/www.ikuchyne.sk\/eshop\/produkt\/limetkova-lavica-scandinavia-57-x-116-cm\/#breadcrumb\",\"itemListElement\":[{\"@type\":\"ListItem\",\"position\":1,\"name\":\"Home\",\"item\":\"https:\/\/www.ikuchyne.sk\/eshop\/\"},{\"@type\":\"ListItem\",\"position\":2,\"name\":\"Obchod\",\"item\":\"https:\/\/www.ikuchyne.sk\/eshop\/obchod\/\"},{\"@type\":\"ListItem\",\"position\":3,\"name\":\"Limetkov\u00e1 lavica Scandinavia 57 x 116 cm \u00bb\"}]},{\"@type\":\"WebSite\",\"@id\":\"https:\/\/www.ikuchyne.sk\/eshop\/#website\",\"url\":\"https:\/\/www.ikuchyne.sk\/eshop\/\",\"name\":\"iKuchyne iSHOP s n\u00e1bytkom\",\"description\":\"Jed\u00e1lensk\u00e9 stoly, stoli\u010dky, n\u00e1bytok, svietidl\u00e1...\",\"publisher\":{\"@id\":\"https:\/\/www.ikuchyne.sk\/eshop\/#organization\"},\"potentialAction\":[{\"@type\":\"SearchAction\",\"target\":{\"@type\":\"EntryPoint\",\"urlTemplate\":\"https:\/\/www.ikuchyne.sk\/eshop\/?s={search_term_string}\"},\"query-input\":\"required name=search_term_string\"}],\"inLanguage\":\"sk-SK\"},{\"@type\":\"Organization\",\"@id\":\"https:\/\/www.ikuchyne.sk\/eshop\/#organization\",\"name\":\"ikuchyne!\",\"url\":\"https:\/\/www.ikuchyne.sk\/eshop\/\",\"logo\":{\"@type\":\"ImageObject\",\"inLanguage\":\"sk-SK\",\"@id\":\"https:\/\/www.ikuchyne.sk\/eshop\/#\/schema\/logo\/image\/\",\"url\":\"https:\/\/www.ikuchyne.sk\/eshop\/wp-content\/uploads\/2017\/04\/ikuchyne-logo.jpg\",\"contentUrl\":\"https:\/\/www.ikuchyne.sk\/eshop\/wp-content\/uploads\/2017\/04\/ikuchyne-logo.jpg\",\"width\":200,\"height\":48,\"caption\":\"ikuchyne!\"},\"image\":{\"@id\":\"https:\/\/www.ikuchyne.sk\/eshop\/#\/schema\/logo\/image\/\"},\"sameAs\":[\"https:\/\/www.facebook.com\/ikuchyne\/\",\"https:\/\/www.instagram.com\/ikuchyne.sk\/\",\"https:\/\/sk.pinterest.com\/ikuchynesk\/\"]}]}<\/script>\n<!-- \/ Yoast SEO plugin. -->","yoast_head_json":{"title":"Limetkov\u00e1 lavica Scandinavia 57 x 116 cm \u00bb &#187; iKuchyne iSHOP s n\u00e1bytkom","description":"K\u00fapte si u n\u00e1s Limetkov\u00e1 lavica Scandinavia 57 x 116 cm \u00bb za akciov\u00fa cenu. R\u00fdchle dodanie tovaru, odborn\u00e9 poradenstvo a stovky produktov skladom. Limetkov\u00e1 lavica Scandinavia 57 x 116 cm \u00bb sa stane dominantou V\u00e1\u0161ho interi\u00e9ru. Internetov\u00fd obchod ikuchyne! pon\u00faka odber Limetkov\u00e1 lavica Scandinavia 57 x 116 cm \u00bb u\u017e od 1 kusu.","robots":{"index":"index","follow":"follow","max-snippet":"max-snippet:-1","max-image-preview":"max-image-preview:large","max-video-preview":"max-video-preview:-1"},"canonical":"https:\/\/www.ikuchyne.sk\/eshop\/produkt\/limetkova-lavica-scandinavia-57-x-116-cm\/","og_locale":"sk_SK","og_type":"article","og_title":"Limetkov\u00e1 lavica Scandinavia 57 x 116 cm \u00bb &#187; iKuchyne iSHOP s n\u00e1bytkom","og_description":"K\u00fapte si u n\u00e1s Limetkov\u00e1 lavica Scandinavia 57 x 116 cm \u00bb za akciov\u00fa cenu. R\u00fdchle dodanie tovaru, odborn\u00e9 poradenstvo a stovky produktov skladom. Limetkov\u00e1 lavica Scandinavia 57 x 116 cm \u00bb sa stane dominantou V\u00e1\u0161ho interi\u00e9ru. Internetov\u00fd obchod ikuchyne! pon\u00faka odber Limetkov\u00e1 lavica Scandinavia 57 x 116 cm \u00bb u\u017e od 1 kusu.","og_url":"https:\/\/www.ikuchyne.sk\/eshop\/produkt\/limetkova-lavica-scandinavia-57-x-116-cm\/","og_site_name":"iKuchyne iSHOP s n\u00e1bytkom","article_publisher":"https:\/\/www.facebook.com\/ikuchyne\/","article_modified_time":"2024-03-10T18:20:12+00:00","og_image":[{"width":800,"height":533,"url":"https:\/\/www.ikuchyne.sk\/eshop\/wp-content\/uploads\/2017\/11\/Lavica-Scandinavia-Armlehne-limetkova-buk.jpg","type":"image\/jpeg"}],"twitter_card":"summary_large_image","twitter_misc":{"Predpokladan\u00fd \u010das \u010d\u00edtania":"1 min\u00fata"},"schema":{"@context":"https:\/\/schema.org","@graph":[{"@type":"WebPage","@id":"https:\/\/www.ikuchyne.sk\/eshop\/produkt\/limetkova-lavica-scandinavia-57-x-116-cm\/","url":"https:\/\/www.ikuchyne.sk\/eshop\/produkt\/limetkova-lavica-scandinavia-57-x-116-cm\/","name":"Limetkov\u00e1 lavica Scandinavia 57 x 116 cm \u00bb &#187; iKuchyne iSHOP s n\u00e1bytkom","isPartOf":{"@id":"https:\/\/www.ikuchyne.sk\/eshop\/#website"},"datePublished":"2017-11-14T13:29:53+00:00","dateModified":"2024-03-10T18:20:12+00:00","description":"K\u00fapte si u n\u00e1s Limetkov\u00e1 lavica Scandinavia 57 x 116 cm \u00bb za akciov\u00fa cenu. R\u00fdchle dodanie tovaru, odborn\u00e9 poradenstvo a stovky produktov skladom. Limetkov\u00e1 lavica Scandinavia 57 x 116 cm \u00bb sa stane dominantou V\u00e1\u0161ho interi\u00e9ru. Internetov\u00fd obchod ikuchyne! pon\u00faka odber Limetkov\u00e1 lavica Scandinavia 57 x 116 cm \u00bb u\u017e od 1 kusu.","breadcrumb":{"@id":"https:\/\/www.ikuchyne.sk\/eshop\/produkt\/limetkova-lavica-scandinavia-57-x-116-cm\/#breadcrumb"},"inLanguage":"sk-SK","potentialAction":[{"@type":"ReadAction","target":["https:\/\/www.ikuchyne.sk\/eshop\/produkt\/limetkova-lavica-scandinavia-57-x-116-cm\/"]}]},{"@type":"BreadcrumbList","@id":"https:\/\/www.ikuchyne.sk\/eshop\/produkt\/limetkova-lavica-scandinavia-57-x-116-cm\/#breadcrumb","itemListElement":[{"@type":"ListItem","position":1,"name":"Home","item":"https:\/\/www.ikuchyne.sk\/eshop\/"},{"@type":"ListItem","position":2,"name":"Obchod","item":"https:\/\/www.ikuchyne.sk\/eshop\/obchod\/"},{"@type":"ListItem","position":3,"name":"Limetkov\u00e1 lavica Scandinavia 57 x 116 cm \u00bb"}]},{"@type":"WebSite","@id":"https:\/\/www.ikuchyne.sk\/eshop\/#website","url":"https:\/\/www.ikuchyne.sk\/eshop\/","name":"iKuchyne iSHOP s n\u00e1bytkom","description":"Jed\u00e1lensk\u00e9 stoly, stoli\u010dky, n\u00e1bytok, svietidl\u00e1...","publisher":{"@id":"https:\/\/www.ikuchyne.sk\/eshop\/#organization"},"potentialAction":[{"@type":"SearchAction","target":{"@type":"EntryPoint","urlTemplate":"https:\/\/www.ikuchyne.sk\/eshop\/?s={search_term_string}"},"query-input":"required name=search_term_string"}],"inLanguage":"sk-SK"},{"@type":"Organization","@id":"https:\/\/www.ikuchyne.sk\/eshop\/#organization","name":"ikuchyne!","url":"https:\/\/www.ikuchyne.sk\/eshop\/","logo":{"@type":"ImageObject","inLanguage":"sk-SK","@id":"https:\/\/www.ikuchyne.sk\/eshop\/#\/schema\/logo\/image\/","url":"https:\/\/www.ikuchyne.sk\/eshop\/wp-content\/uploads\/2017\/04\/ikuchyne-logo.jpg","contentUrl":"https:\/\/www.ikuchyne.sk\/eshop\/wp-content\/uploads\/2017\/04\/ikuchyne-logo.jpg","width":200,"height":48,"caption":"ikuchyne!"},"image":{"@id":"https:\/\/www.ikuchyne.sk\/eshop\/#\/schema\/logo\/image\/"},"sameAs":["https:\/\/www.facebook.com\/ikuchyne\/","https:\/\/www.instagram.com\/ikuchyne.sk\/","https:\/\/sk.pinterest.com\/ikuchynesk\/"]}]}},"_links":{"self":[{"href":"https:\/\/www.ikuchyne.sk\/eshop\/wp-json\/wp\/v2\/product\/70025"}],"collection":[{"href":"https:\/\/www.ikuchyne.sk\/eshop\/wp-json\/wp\/v2\/product"}],"about":[{"href":"https:\/\/www.ikuchyne.sk\/eshop\/wp-json\/wp\/v2\/types\/product"}],"replies":[{"embeddable":true,"href":"https:\/\/www.ikuchyne.sk\/eshop\/wp-json\/wp\/v2\/comments?post=70025"}],"wp:featuredmedia":[{"embeddable":true,"href":"https:\/\/www.ikuchyne.sk\/eshop\/wp-json\/wp\/v2\/media\/70026"}],"wp:attachment":[{"href":"https:\/\/www.ikuchyne.sk\/eshop\/wp-json\/wp\/v2\/media?parent=70025"}],"wp:term":[{"taxonomy":"product_cat","embeddable":true,"href":"https:\/\/www.ikuchyne.sk\/eshop\/wp-json\/wp\/v2\/product_cat?post=70025"},{"taxonomy":"product_tag","embeddable":true,"href":"https:\/\/www.ikuchyne.sk\/eshop\/wp-json\/wp\/v2\/product_tag?post=70025"}],"curies":[{"name":"wp","href":"https:\/\/api.w.org\/{rel}","templated":true}]}}