{"id":70895,"date":"2018-01-10T15:48:53","date_gmt":"2018-01-10T14:48:53","guid":{"rendered":"https:\/\/ikuchyne.sk\/eshop\/?post_type=product&#038;p=70895"},"modified":"2024-01-12T08:49:25","modified_gmt":"2024-01-12T07:49:25","slug":"konferencny-stolik-noble-zeleny-mramor-zlata","status":"publish","type":"product","link":"https:\/\/www.ikuchyne.sk\/eshop\/produkt\/konferencny-stolik-noble-zeleny-mramor-zlata\/","title":{"rendered":"Zelen\u00fd mramorov\u00fd konferen\u010dn\u00fd stol\u00edk Noble\u00a0\u00d8 32 cm \u00bb"},"content":{"rendered":"<h1>Zelen\u00fd mramorov\u00fd konferen\u010dn\u00fd stol\u00edk Noble\u00a0\u00d8 32 cm<\/h1>\n<div class=\"electro-description\">\n<p><b><strong>V\u0161eobecn\u00fd opis stol\u00edka:<br \/>\n<\/strong><\/b>Vzh\u013eadovo atypick\u00fd mramorov\u00fd konferen\u010dn\u00fd stol\u00edk so zlatou podno\u017eou je skuto\u010dn\u00fd skvost medzi stol\u00edkmi. Predstavuje modern\u00fd \u0161t\u00fdl b\u00fdvania. Pre tento \u0161t\u00fdl je charakteristick\u00e1 hravos\u0165 a pestros\u0165 materi\u00e1lov. Povrch stol\u00edka je vyroben\u00fd z kr\u00e1snej zelenej mramorovej dosky, ktor\u00e1 je le\u0161ten\u00e1 a ru\u010dne zdokona\u013eovan\u00e1. T\u00e1to doska je odn\u00edmate\u013en\u00e1 a d\u00e1 sa pou\u017ei\u0165 samostatne ako podnos, \u010do je ve\u013emi praktick\u00e9. Podno\u017e konferen\u010dn\u00e9ho stol\u00edka tvor\u00ed kovov\u00fd stojan zo \u0161tyroch tenk\u00fdch n\u00f4h v zlatej farbe, ktor\u00e9 s\u00fa na zemi prekr\u00ed\u017een\u00e9. Stol\u00edk je jednoduch\u00fd na \u00fadr\u017ebu v\u010faka hladk\u00e9mu povrchu.\u00a0V\u010faka jedine\u010dnej kresbe mramoru je ka\u017ed\u00fd stol\u00edk unik\u00e1t a m\u00f4\u017eete sa n\u00edm pop\u00fd\u0161i\u0165 v modernom interi\u00e9ri.<\/p>\n<div class=\"electro-description\">\n<p><strong>Povrch stol\u00edka:<\/strong><br \/>\nPovrch stol\u00edka je vyroben\u00fd z kr\u00e1snej zelenej mramorovej dosky, ktor\u00e1 je le\u0161ten\u00e1 a ru\u010dne zdokona\u013eovan\u00e1.<\/p>\n<p><strong>Podno\u017e stol\u00edka:<br \/>\n<\/strong>Podno\u017e konferen\u010dn\u00e9ho stol\u00edka tvor\u00ed kovov\u00fd stojan zo \u0161tyroch tenk\u00fdch n\u00f4h v zlatej farbe, ktor\u00e9 s\u00fa na zemi prekr\u00ed\u017een\u00e9.<\/p>\n<p><strong>\u010eal\u0161ie inform\u00e1cie:<br \/>\n<\/strong>V\u010faka hladk\u00e9mu povrchu je tento konferen\u010dn\u00fd stol\u00edk nen\u00e1ro\u010dn\u00fd na \u00fadr\u017ebu. Sta\u010d\u00ed ho pretrie\u0165 vlhkou handri\u010dkou namo\u010denou v jemnej mydlovej vode. Nikdy nepou\u017e\u00edvajte \u010distiaci prostriedok obsahuj\u00faci alkohol, chlorid am\u00f3nny alebo riedidlo. Tie\u017e nepou\u017e\u00edvajte utierku z mikrovl\u00e1kna.<\/p>\n<p><b>Rozmery stol\u00edka<\/b>:<br \/>\n\u0160\u00edrka stol\u00edka: 35 cm<br \/>\nD\u013a\u017eka stol\u00edka: 35 cm<br \/>\nV\u00fd\u0161ka stol\u00edka: 61 cm<br \/>\nPriemer stol\u00edka: 32 cm<br \/>\n<strong>Rozmer nohy stola:<\/strong>\u00a01 x 1 cm (\u0160xH)<br \/>\n<strong>Hr\u00fabka dosky stola:<\/strong>\u00a015 mm<\/p>\n<p><strong>Tento stol\u00edk sa vyr\u00e1ba aj v tejto ve\u013ekosti:<\/strong><br \/>\n\u00d8 36 cm<\/p>\n<p><b>Materi\u00e1l:\u00a0<\/b>mramor,\u00a0kov<\/p>\n<p><b>Farba:<\/b>\u00a0zelen\u00e1, zlat\u00e1<\/p>\n<\/div>\n<\/div>\n","protected":false},"excerpt":{"rendered":"<p>Zelen\u00fd mramorov\u00fd konferen\u010dn\u00fd stol\u00edk Noble\u00a0\u00d8 32 cm V\u0161eobecn\u00fd opis stol\u00edka: Vzh\u013eadovo atypick\u00fd mramorov\u00fd konferen\u010dn\u00fd stol\u00edk so zlatou podno\u017eou je skuto\u010dn\u00fd skvost medzi stol\u00edkmi. Predstavuje modern\u00fd \u0161t\u00fdl b\u00fdvania. Pre tento \u0161t\u00fdl<\/p>\n","protected":false},"featured_media":70896,"comment_status":"open","ping_status":"closed","template":"","meta":[],"product_cat":[304,839,836,841],"product_tag":[263],"yoast_head":"<!-- This site is optimized with the Yoast SEO plugin v22.1 - https:\/\/yoast.com\/wordpress\/plugins\/seo\/ -->\n<title>Zelen\u00fd mramorov\u00fd konferen\u010dn\u00fd stol\u00edk Noble\u00a0\u00d8 32 cm \u00bb &#187; iKuchyne iSHOP s n\u00e1bytkom<\/title>\n<meta name=\"description\" content=\"K\u00fapte si u n\u00e1s Zelen\u00fd mramorov\u00fd konferen\u010dn\u00fd stol\u00edk Noble\u00a0\u00d8 32 cm \u00bb za akciov\u00fa cenu. R\u00fdchle dodanie tovaru, odborn\u00e9 poradenstvo a stovky produktov skladom. Zelen\u00fd mramorov\u00fd konferen\u010dn\u00fd stol\u00edk Noble\u00a0\u00d8 32 cm \u00bb sa stane dominantou V\u00e1\u0161ho interi\u00e9ru. Internetov\u00fd obchod ikuchyne! pon\u00faka odber Zelen\u00fd mramorov\u00fd konferen\u010dn\u00fd stol\u00edk Noble\u00a0\u00d8 32 cm \u00bb u\u017e od 1 kusu.\" \/>\n<meta name=\"robots\" content=\"index, follow, max-snippet:-1, max-image-preview:large, max-video-preview:-1\" \/>\n<link rel=\"canonical\" href=\"https:\/\/www.ikuchyne.sk\/eshop\/produkt\/konferencny-stolik-noble-zeleny-mramor-zlata\/\" \/>\n<meta property=\"og:locale\" content=\"sk_SK\" \/>\n<meta property=\"og:type\" content=\"article\" \/>\n<meta property=\"og:title\" content=\"Zelen\u00fd mramorov\u00fd konferen\u010dn\u00fd stol\u00edk Noble\u00a0\u00d8 32 cm \u00bb &#187; iKuchyne iSHOP s n\u00e1bytkom\" \/>\n<meta property=\"og:description\" content=\"K\u00fapte si u n\u00e1s Zelen\u00fd mramorov\u00fd konferen\u010dn\u00fd stol\u00edk Noble\u00a0\u00d8 32 cm \u00bb za akciov\u00fa cenu. R\u00fdchle dodanie tovaru, odborn\u00e9 poradenstvo a stovky produktov skladom. Zelen\u00fd mramorov\u00fd konferen\u010dn\u00fd stol\u00edk Noble\u00a0\u00d8 32 cm \u00bb sa stane dominantou V\u00e1\u0161ho interi\u00e9ru. Internetov\u00fd obchod ikuchyne! pon\u00faka odber Zelen\u00fd mramorov\u00fd konferen\u010dn\u00fd stol\u00edk Noble\u00a0\u00d8 32 cm \u00bb u\u017e od 1 kusu.\" \/>\n<meta property=\"og:url\" content=\"https:\/\/www.ikuchyne.sk\/eshop\/produkt\/konferencny-stolik-noble-zeleny-mramor-zlata\/\" \/>\n<meta property=\"og:site_name\" content=\"iKuchyne iSHOP s n\u00e1bytkom\" \/>\n<meta property=\"article:publisher\" content=\"https:\/\/www.facebook.com\/ikuchyne\/\" \/>\n<meta property=\"article:modified_time\" content=\"2024-01-12T07:49:25+00:00\" \/>\n<meta property=\"og:image\" content=\"https:\/\/www.ikuchyne.sk\/eshop\/wp-content\/uploads\/2017\/12\/Konferencny-stolik-Noble-zelena-mramor-zlata-38014.jpg\" \/>\n\t<meta property=\"og:image:width\" content=\"800\" \/>\n\t<meta property=\"og:image:height\" content=\"533\" \/>\n\t<meta property=\"og:image:type\" content=\"image\/jpeg\" \/>\n<meta name=\"twitter:card\" content=\"summary_large_image\" \/>\n<meta name=\"twitter:label1\" content=\"Predpokladan\u00fd \u010das \u010d\u00edtania\" \/>\n\t<meta name=\"twitter:data1\" content=\"2 min\u00faty\" \/>\n<script type=\"application\/ld+json\" class=\"yoast-schema-graph\">{\"@context\":\"https:\/\/schema.org\",\"@graph\":[{\"@type\":\"WebPage\",\"@id\":\"https:\/\/www.ikuchyne.sk\/eshop\/produkt\/konferencny-stolik-noble-zeleny-mramor-zlata\/\",\"url\":\"https:\/\/www.ikuchyne.sk\/eshop\/produkt\/konferencny-stolik-noble-zeleny-mramor-zlata\/\",\"name\":\"Zelen\u00fd mramorov\u00fd konferen\u010dn\u00fd stol\u00edk Noble\u00a0\u00d8 32 cm \u00bb &#187; iKuchyne iSHOP s n\u00e1bytkom\",\"isPartOf\":{\"@id\":\"https:\/\/www.ikuchyne.sk\/eshop\/#website\"},\"datePublished\":\"2018-01-10T14:48:53+00:00\",\"dateModified\":\"2024-01-12T07:49:25+00:00\",\"description\":\"K\u00fapte si u n\u00e1s Zelen\u00fd mramorov\u00fd konferen\u010dn\u00fd stol\u00edk Noble\u00a0\u00d8 32 cm \u00bb za akciov\u00fa cenu. R\u00fdchle dodanie tovaru, odborn\u00e9 poradenstvo a stovky produktov skladom. Zelen\u00fd mramorov\u00fd konferen\u010dn\u00fd stol\u00edk Noble\u00a0\u00d8 32 cm \u00bb sa stane dominantou V\u00e1\u0161ho interi\u00e9ru. Internetov\u00fd obchod ikuchyne! pon\u00faka odber Zelen\u00fd mramorov\u00fd konferen\u010dn\u00fd stol\u00edk Noble\u00a0\u00d8 32 cm \u00bb u\u017e od 1 kusu.\",\"breadcrumb\":{\"@id\":\"https:\/\/www.ikuchyne.sk\/eshop\/produkt\/konferencny-stolik-noble-zeleny-mramor-zlata\/#breadcrumb\"},\"inLanguage\":\"sk-SK\",\"potentialAction\":[{\"@type\":\"ReadAction\",\"target\":[\"https:\/\/www.ikuchyne.sk\/eshop\/produkt\/konferencny-stolik-noble-zeleny-mramor-zlata\/\"]}]},{\"@type\":\"BreadcrumbList\",\"@id\":\"https:\/\/www.ikuchyne.sk\/eshop\/produkt\/konferencny-stolik-noble-zeleny-mramor-zlata\/#breadcrumb\",\"itemListElement\":[{\"@type\":\"ListItem\",\"position\":1,\"name\":\"Home\",\"item\":\"https:\/\/www.ikuchyne.sk\/eshop\/\"},{\"@type\":\"ListItem\",\"position\":2,\"name\":\"Obchod\",\"item\":\"https:\/\/www.ikuchyne.sk\/eshop\/obchod\/\"},{\"@type\":\"ListItem\",\"position\":3,\"name\":\"Zelen\u00fd mramorov\u00fd konferen\u010dn\u00fd stol\u00edk Noble\u00a0\u00d8 32 cm \u00bb\"}]},{\"@type\":\"WebSite\",\"@id\":\"https:\/\/www.ikuchyne.sk\/eshop\/#website\",\"url\":\"https:\/\/www.ikuchyne.sk\/eshop\/\",\"name\":\"iKuchyne iSHOP s n\u00e1bytkom\",\"description\":\"Jed\u00e1lensk\u00e9 stoly, stoli\u010dky, n\u00e1bytok, svietidl\u00e1...\",\"publisher\":{\"@id\":\"https:\/\/www.ikuchyne.sk\/eshop\/#organization\"},\"potentialAction\":[{\"@type\":\"SearchAction\",\"target\":{\"@type\":\"EntryPoint\",\"urlTemplate\":\"https:\/\/www.ikuchyne.sk\/eshop\/?s={search_term_string}\"},\"query-input\":\"required name=search_term_string\"}],\"inLanguage\":\"sk-SK\"},{\"@type\":\"Organization\",\"@id\":\"https:\/\/www.ikuchyne.sk\/eshop\/#organization\",\"name\":\"ikuchyne!\",\"url\":\"https:\/\/www.ikuchyne.sk\/eshop\/\",\"logo\":{\"@type\":\"ImageObject\",\"inLanguage\":\"sk-SK\",\"@id\":\"https:\/\/www.ikuchyne.sk\/eshop\/#\/schema\/logo\/image\/\",\"url\":\"https:\/\/www.ikuchyne.sk\/eshop\/wp-content\/uploads\/2017\/04\/ikuchyne-logo.jpg\",\"contentUrl\":\"https:\/\/www.ikuchyne.sk\/eshop\/wp-content\/uploads\/2017\/04\/ikuchyne-logo.jpg\",\"width\":200,\"height\":48,\"caption\":\"ikuchyne!\"},\"image\":{\"@id\":\"https:\/\/www.ikuchyne.sk\/eshop\/#\/schema\/logo\/image\/\"},\"sameAs\":[\"https:\/\/www.facebook.com\/ikuchyne\/\",\"https:\/\/www.instagram.com\/ikuchyne.sk\/\",\"https:\/\/sk.pinterest.com\/ikuchynesk\/\"]}]}<\/script>\n<!-- \/ Yoast SEO plugin. -->","yoast_head_json":{"title":"Zelen\u00fd mramorov\u00fd konferen\u010dn\u00fd stol\u00edk Noble\u00a0\u00d8 32 cm \u00bb &#187; iKuchyne iSHOP s n\u00e1bytkom","description":"K\u00fapte si u n\u00e1s Zelen\u00fd mramorov\u00fd konferen\u010dn\u00fd stol\u00edk Noble\u00a0\u00d8 32 cm \u00bb za akciov\u00fa cenu. R\u00fdchle dodanie tovaru, odborn\u00e9 poradenstvo a stovky produktov skladom. Zelen\u00fd mramorov\u00fd konferen\u010dn\u00fd stol\u00edk Noble\u00a0\u00d8 32 cm \u00bb sa stane dominantou V\u00e1\u0161ho interi\u00e9ru. Internetov\u00fd obchod ikuchyne! pon\u00faka odber Zelen\u00fd mramorov\u00fd konferen\u010dn\u00fd stol\u00edk Noble\u00a0\u00d8 32 cm \u00bb u\u017e od 1 kusu.","robots":{"index":"index","follow":"follow","max-snippet":"max-snippet:-1","max-image-preview":"max-image-preview:large","max-video-preview":"max-video-preview:-1"},"canonical":"https:\/\/www.ikuchyne.sk\/eshop\/produkt\/konferencny-stolik-noble-zeleny-mramor-zlata\/","og_locale":"sk_SK","og_type":"article","og_title":"Zelen\u00fd mramorov\u00fd konferen\u010dn\u00fd stol\u00edk Noble\u00a0\u00d8 32 cm \u00bb &#187; iKuchyne iSHOP s n\u00e1bytkom","og_description":"K\u00fapte si u n\u00e1s Zelen\u00fd mramorov\u00fd konferen\u010dn\u00fd stol\u00edk Noble\u00a0\u00d8 32 cm \u00bb za akciov\u00fa cenu. R\u00fdchle dodanie tovaru, odborn\u00e9 poradenstvo a stovky produktov skladom. Zelen\u00fd mramorov\u00fd konferen\u010dn\u00fd stol\u00edk Noble\u00a0\u00d8 32 cm \u00bb sa stane dominantou V\u00e1\u0161ho interi\u00e9ru. Internetov\u00fd obchod ikuchyne! pon\u00faka odber Zelen\u00fd mramorov\u00fd konferen\u010dn\u00fd stol\u00edk Noble\u00a0\u00d8 32 cm \u00bb u\u017e od 1 kusu.","og_url":"https:\/\/www.ikuchyne.sk\/eshop\/produkt\/konferencny-stolik-noble-zeleny-mramor-zlata\/","og_site_name":"iKuchyne iSHOP s n\u00e1bytkom","article_publisher":"https:\/\/www.facebook.com\/ikuchyne\/","article_modified_time":"2024-01-12T07:49:25+00:00","og_image":[{"width":800,"height":533,"url":"https:\/\/www.ikuchyne.sk\/eshop\/wp-content\/uploads\/2017\/12\/Konferencny-stolik-Noble-zelena-mramor-zlata-38014.jpg","type":"image\/jpeg"}],"twitter_card":"summary_large_image","twitter_misc":{"Predpokladan\u00fd \u010das \u010d\u00edtania":"2 min\u00faty"},"schema":{"@context":"https:\/\/schema.org","@graph":[{"@type":"WebPage","@id":"https:\/\/www.ikuchyne.sk\/eshop\/produkt\/konferencny-stolik-noble-zeleny-mramor-zlata\/","url":"https:\/\/www.ikuchyne.sk\/eshop\/produkt\/konferencny-stolik-noble-zeleny-mramor-zlata\/","name":"Zelen\u00fd mramorov\u00fd konferen\u010dn\u00fd stol\u00edk Noble\u00a0\u00d8 32 cm \u00bb &#187; iKuchyne iSHOP s n\u00e1bytkom","isPartOf":{"@id":"https:\/\/www.ikuchyne.sk\/eshop\/#website"},"datePublished":"2018-01-10T14:48:53+00:00","dateModified":"2024-01-12T07:49:25+00:00","description":"K\u00fapte si u n\u00e1s Zelen\u00fd mramorov\u00fd konferen\u010dn\u00fd stol\u00edk Noble\u00a0\u00d8 32 cm \u00bb za akciov\u00fa cenu. R\u00fdchle dodanie tovaru, odborn\u00e9 poradenstvo a stovky produktov skladom. Zelen\u00fd mramorov\u00fd konferen\u010dn\u00fd stol\u00edk Noble\u00a0\u00d8 32 cm \u00bb sa stane dominantou V\u00e1\u0161ho interi\u00e9ru. Internetov\u00fd obchod ikuchyne! pon\u00faka odber Zelen\u00fd mramorov\u00fd konferen\u010dn\u00fd stol\u00edk Noble\u00a0\u00d8 32 cm \u00bb u\u017e od 1 kusu.","breadcrumb":{"@id":"https:\/\/www.ikuchyne.sk\/eshop\/produkt\/konferencny-stolik-noble-zeleny-mramor-zlata\/#breadcrumb"},"inLanguage":"sk-SK","potentialAction":[{"@type":"ReadAction","target":["https:\/\/www.ikuchyne.sk\/eshop\/produkt\/konferencny-stolik-noble-zeleny-mramor-zlata\/"]}]},{"@type":"BreadcrumbList","@id":"https:\/\/www.ikuchyne.sk\/eshop\/produkt\/konferencny-stolik-noble-zeleny-mramor-zlata\/#breadcrumb","itemListElement":[{"@type":"ListItem","position":1,"name":"Home","item":"https:\/\/www.ikuchyne.sk\/eshop\/"},{"@type":"ListItem","position":2,"name":"Obchod","item":"https:\/\/www.ikuchyne.sk\/eshop\/obchod\/"},{"@type":"ListItem","position":3,"name":"Zelen\u00fd mramorov\u00fd konferen\u010dn\u00fd stol\u00edk Noble\u00a0\u00d8 32 cm \u00bb"}]},{"@type":"WebSite","@id":"https:\/\/www.ikuchyne.sk\/eshop\/#website","url":"https:\/\/www.ikuchyne.sk\/eshop\/","name":"iKuchyne iSHOP s n\u00e1bytkom","description":"Jed\u00e1lensk\u00e9 stoly, stoli\u010dky, n\u00e1bytok, svietidl\u00e1...","publisher":{"@id":"https:\/\/www.ikuchyne.sk\/eshop\/#organization"},"potentialAction":[{"@type":"SearchAction","target":{"@type":"EntryPoint","urlTemplate":"https:\/\/www.ikuchyne.sk\/eshop\/?s={search_term_string}"},"query-input":"required name=search_term_string"}],"inLanguage":"sk-SK"},{"@type":"Organization","@id":"https:\/\/www.ikuchyne.sk\/eshop\/#organization","name":"ikuchyne!","url":"https:\/\/www.ikuchyne.sk\/eshop\/","logo":{"@type":"ImageObject","inLanguage":"sk-SK","@id":"https:\/\/www.ikuchyne.sk\/eshop\/#\/schema\/logo\/image\/","url":"https:\/\/www.ikuchyne.sk\/eshop\/wp-content\/uploads\/2017\/04\/ikuchyne-logo.jpg","contentUrl":"https:\/\/www.ikuchyne.sk\/eshop\/wp-content\/uploads\/2017\/04\/ikuchyne-logo.jpg","width":200,"height":48,"caption":"ikuchyne!"},"image":{"@id":"https:\/\/www.ikuchyne.sk\/eshop\/#\/schema\/logo\/image\/"},"sameAs":["https:\/\/www.facebook.com\/ikuchyne\/","https:\/\/www.instagram.com\/ikuchyne.sk\/","https:\/\/sk.pinterest.com\/ikuchynesk\/"]}]}},"_links":{"self":[{"href":"https:\/\/www.ikuchyne.sk\/eshop\/wp-json\/wp\/v2\/product\/70895"}],"collection":[{"href":"https:\/\/www.ikuchyne.sk\/eshop\/wp-json\/wp\/v2\/product"}],"about":[{"href":"https:\/\/www.ikuchyne.sk\/eshop\/wp-json\/wp\/v2\/types\/product"}],"replies":[{"embeddable":true,"href":"https:\/\/www.ikuchyne.sk\/eshop\/wp-json\/wp\/v2\/comments?post=70895"}],"wp:featuredmedia":[{"embeddable":true,"href":"https:\/\/www.ikuchyne.sk\/eshop\/wp-json\/wp\/v2\/media\/70896"}],"wp:attachment":[{"href":"https:\/\/www.ikuchyne.sk\/eshop\/wp-json\/wp\/v2\/media?parent=70895"}],"wp:term":[{"taxonomy":"product_cat","embeddable":true,"href":"https:\/\/www.ikuchyne.sk\/eshop\/wp-json\/wp\/v2\/product_cat?post=70895"},{"taxonomy":"product_tag","embeddable":true,"href":"https:\/\/www.ikuchyne.sk\/eshop\/wp-json\/wp\/v2\/product_tag?post=70895"}],"curies":[{"name":"wp","href":"https:\/\/api.w.org\/{rel}","templated":true}]}}