{"id":70913,"date":"2017-12-15T14:17:18","date_gmt":"2017-12-15T13:17:18","guid":{"rendered":"https:\/\/ikuchyne.sk\/eshop\/?post_type=product&#038;p=70913"},"modified":"2024-03-10T19:20:11","modified_gmt":"2024-03-10T18:20:11","slug":"strieborny-mramorovy-konferencny-stolik-noble-o-60-cm","status":"publish","type":"product","link":"https:\/\/www.ikuchyne.sk\/eshop\/produkt\/strieborny-mramorovy-konferencny-stolik-noble-o-60-cm\/","title":{"rendered":"Strieborn\u00fd mramorov\u00fd konferen\u010dn\u00fd stol\u00edk Noble \u00d8 60 cm \u00bb"},"content":{"rendered":"<h1>Strieborn\u00fd mramorov\u00fd konferen\u010dn\u00fd stol\u00edk Noble \u00d8 60 cm \u00bb<\/h1>\n<h4><strong>V\u0161eobecn\u00fd popis:<\/strong><\/h4>\n<p>O\u010daruj\u00faci Strieborn\u00fd mramorov\u00fd konferen\u010dn\u00fd stol\u00edk Noble \u00d8 60 cm s odn\u00edmate\u013enou mramorovou doskou. Kr\u00e1sny vzh\u013ead stolovej dosky je v\u017edy jedine\u010dn\u00fd. Strieborn\u00fd r\u00e1m je mo\u017en\u00e9 pre \u00fasporu miesta sklopi\u0165. Doprajte si s origin\u00e1lnym k\u00faskom skuto\u010dne jedine\u010dn\u00fd k\u00fasok do svojho domova!<\/p>\n<p>Najkvalitnej\u0161ie materi\u00e1ly v perfektnom dizajne. Absol\u00fatnym p\u00fata\u010dom pozornosti tohto extravagantn\u00e9ho konferen\u010dn\u00e9ho stol\u00edka je bezpochyby okr\u00fahla doska stola zo \u0161ed\u00e9ho mramoru prech\u00e1dzaj\u00faca do strieborn\u00fdch odtie\u0148ov. Mramor, ktor\u00fd je starostlivo vyle\u0161ten\u00fd, \u017eiari ako \u017eiadny in\u00fd pr\u00edrodn\u00fd produkt a odha\u013euje svoje individu\u00e1lne zrno, ktor\u00e9 vzniklo po\u010das tis\u00edcro\u010d\u00ed geologick\u00fdch procesov. Zd\u00e1 sa, \u017ee po\u010detn\u00e9 jemn\u00e9 \u0161ed\u00e9 nuansy mramoru sa navz\u00e1jom prel\u00ednaj\u00fa ako jemn\u00e9 vlny a v\u00fdsledkom je jedine\u010dn\u00fd vzor, \u200b\u200bktor\u00fd rob\u00ed ka\u017ed\u00fd pr\u00edru\u010dn\u00fd stol\u00edk jedine\u010dn\u00fdm.<\/p>\n<p>Tento Strieborn\u00fd mramorov\u00fd konferen\u010dn\u00fd stol\u00edk Noble \u00d8 60 cm sa vyzna\u010duje \u0161t\u00fdlovou \u013eahkos\u0165ou. Okr\u00fahly mramorov\u00fd disk, ktor\u00fd mo\u017eno po vybrat\u00ed tie\u017e \u00fa\u017easne pou\u017ei\u0165 ako podnos, nesie kovov\u00fd r\u00e1m v striebornom vzh\u013eade. Kombin\u00e1cia ru\u010dne vyrobenej kamennej dosky a jemn\u00e9ho r\u00e1mu sp\u00f4sobuje, \u017ee st\u00f4l vyzer\u00e1 p\u00f4sobivo. Ka\u017ed\u00fd st\u00f4l in\u0161piruje ve\u013emi individu\u00e1lnou farebnou kresbou a autentick\u00fdmi kamenn\u00fdmi prvkami, ako s\u00fa mal\u00e9 hr\u010dky alebo inkl\u00fazie &#8211; te\u0161te sa na jedine\u010dn\u00fd k\u00fasok vo va\u0161ej dom\u00e1cnosti!<\/p>\n<h4><strong>Detaily produktu:<\/strong><\/h4>\n<p>Jedine\u010dn\u00fd vzh\u013ead mramoru rob\u00ed zo stola \u00fa\u017easn\u00fd jedine\u010dn\u00fd k\u00fasok. Vrch je odn\u00edmate\u013en\u00fd a r\u00e1m je mo\u017en\u00e9 sklopi\u0165. Ve\u013ea odtie\u0148ov \u0161edej vytv\u00e1ra vzru\u0161uj\u00faci strieborno-\u0161ed\u00fd vzor. Vhodn\u00e9 bytov\u00e9 doplnky pre kombinovanie interi\u00e9ru s t\u00fdmto konferen\u010dn\u00fdm stol\u00edkom n\u00e1jdete na na\u0161om e-shope v sekcii Bytov\u00e9 doplnky. Kontaktujte n\u00e1s a my v\u00e1m radi pom\u00f4\u017eeme s v\u00fdberom vhodn\u00fdch dekor\u00e1ci\u00ed. V\u010faka hladk\u00e9mu povrchu je tento konferen\u010dn\u00fd stol\u00edk nen\u00e1ro\u010dn\u00fd na \u00fadr\u017ebu. Sta\u010d\u00ed ho pretrie\u0165 vlhkou handri\u010dkou namo\u010denou v jemnej mydlovej vode. Nikdy nepou\u017e\u00edvajte \u010distiaci prostriedok obsahuj\u00faci alkohol, chlorid am\u00f3nny alebo riedidlo. Tie\u017e nepou\u017e\u00edvajte utierku z mikrovl\u00e1kna.<\/p>\n<p><b>Rozmery stol\u00edka<\/b>:<br \/>\n\u0160\u00edrka stol\u00edka: 62 cm<br \/>\nD\u013a\u017eka stol\u00edka: 62 cm<br \/>\nV\u00fd\u0161ka stol\u00edka: 33 cm<br \/>\nPriemer stol\u00edka: 60 cm<br \/>\n<strong>Rozmer nohy stol\u00edka:<\/strong>\u00a01 x 1 cm (\u0160xH)<br \/>\n<strong>Hr\u00fabka dosky stol\u00edka:<\/strong>\u00a015 mm<\/p>\n<p><b>Materi\u00e1l:\u00a0<\/b>mramor,\u00a0kov<\/p>\n<p><b>Farba:<\/b>\u00a0siv\u00e1, strieborn\u00e1<\/p>\n<p><strong>Tento konferen\u010dn\u00fd stol\u00edk m\u00f4\u017eete n\u00e1js\u0165 aj v t\u00fdchto farebn\u00fdch prevedeniach:<\/strong><\/p>\n<ul>\n<li>modro-zlat\u00fd ach\u00e1t<\/li>\n<li>biely strieborn\u00fd<\/li>\n<\/ul>\n<p>Dodato\u010dn\u00e9 inform\u00e1cie:<\/p>\n<p>V pr\u00edpade z\u00e1ujmu o in\u00e9 stoly ako toaletn\u00e9, p\u00edsacie, konferen\u010dn\u00e9 stol\u00edky \u010di jed\u00e1lensk\u00e9 stoly, nav\u0161t\u00edvte sekciu stoly na <a href=\"https:\/\/www.ikuchyne.sk\/eshop\/kategoria\/stoly\/\">www.ikuchyne.sk\/eshop<\/a><br \/>\nV pr\u00edpade z\u00e1ujmu o n\u00e1bytok na mieru n\u00e1s kontaktuje na <a href=\"http:\/\/www.ikuchyne.sk\">www.ikuchyne.sk<\/a><\/p>\n","protected":false},"excerpt":{"rendered":"<p>Strieborn\u00fd mramorov\u00fd konferen\u010dn\u00fd stol\u00edk Noble \u00d8 60 cm \u00bb V\u0161eobecn\u00fd popis: O\u010daruj\u00faci Strieborn\u00fd mramorov\u00fd konferen\u010dn\u00fd stol\u00edk Noble \u00d8 60 cm s odn\u00edmate\u013enou mramorovou doskou. Kr\u00e1sny vzh\u013ead stolovej dosky je v\u017edy<\/p>\n","protected":false},"featured_media":70914,"comment_status":"open","ping_status":"closed","template":"","meta":[],"product_cat":[304,841],"product_tag":[257],"yoast_head":"<!-- This site is optimized with the Yoast SEO plugin v22.1 - https:\/\/yoast.com\/wordpress\/plugins\/seo\/ -->\n<title>Strieborn\u00fd konferen\u010dn\u00fd stol\u00edk Noble 60 cm &#187; iKuchyne iSHOP s n\u00e1bytkom<\/title>\n<meta name=\"description\" content=\"Strieborn\u00fd mramorov\u00fd konferen\u010dn\u00fd stol\u00edk Noble \u00d8 60 cm \u00bb r\u00fdchle dodanie, poradenstvo, n\u00e1bytok skladom, ktor\u00e1 bude dominantou dom\u00e1cnosti.\" \/>\n<meta name=\"robots\" content=\"index, follow, max-snippet:-1, max-image-preview:large, max-video-preview:-1\" \/>\n<link rel=\"canonical\" href=\"https:\/\/www.ikuchyne.sk\/eshop\/produkt\/strieborny-mramorovy-konferencny-stolik-noble-o-60-cm\/\" \/>\n<meta property=\"og:locale\" content=\"sk_SK\" \/>\n<meta property=\"og:type\" content=\"article\" \/>\n<meta property=\"og:title\" content=\"Strieborn\u00fd konferen\u010dn\u00fd stol\u00edk Noble 60 cm &#187; iKuchyne iSHOP s n\u00e1bytkom\" \/>\n<meta property=\"og:description\" content=\"Strieborn\u00fd mramorov\u00fd konferen\u010dn\u00fd stol\u00edk Noble \u00d8 60 cm \u00bb r\u00fdchle dodanie, poradenstvo, n\u00e1bytok skladom, ktor\u00e1 bude dominantou dom\u00e1cnosti.\" \/>\n<meta property=\"og:url\" content=\"https:\/\/www.ikuchyne.sk\/eshop\/produkt\/strieborny-mramorovy-konferencny-stolik-noble-o-60-cm\/\" \/>\n<meta property=\"og:site_name\" content=\"iKuchyne iSHOP s n\u00e1bytkom\" \/>\n<meta property=\"article:publisher\" content=\"https:\/\/www.facebook.com\/ikuchyne\/\" \/>\n<meta property=\"article:modified_time\" content=\"2024-03-10T18:20:11+00:00\" \/>\n<meta property=\"og:image\" content=\"https:\/\/www.ikuchyne.sk\/eshop\/wp-content\/uploads\/2017\/12\/Konferencny-stolik-Noble-siva-mramor-strieborna-38011.jpg\" \/>\n\t<meta property=\"og:image:width\" content=\"800\" \/>\n\t<meta property=\"og:image:height\" content=\"533\" \/>\n\t<meta property=\"og:image:type\" content=\"image\/jpeg\" \/>\n<meta name=\"twitter:card\" content=\"summary_large_image\" \/>\n<meta name=\"twitter:label1\" content=\"Predpokladan\u00fd \u010das \u010d\u00edtania\" \/>\n\t<meta name=\"twitter:data1\" content=\"2 min\u00faty\" \/>\n<script type=\"application\/ld+json\" class=\"yoast-schema-graph\">{\"@context\":\"https:\/\/schema.org\",\"@graph\":[{\"@type\":\"WebPage\",\"@id\":\"https:\/\/www.ikuchyne.sk\/eshop\/produkt\/strieborny-mramorovy-konferencny-stolik-noble-o-60-cm\/\",\"url\":\"https:\/\/www.ikuchyne.sk\/eshop\/produkt\/strieborny-mramorovy-konferencny-stolik-noble-o-60-cm\/\",\"name\":\"Strieborn\u00fd konferen\u010dn\u00fd stol\u00edk Noble 60 cm &#187; iKuchyne iSHOP s n\u00e1bytkom\",\"isPartOf\":{\"@id\":\"https:\/\/www.ikuchyne.sk\/eshop\/#website\"},\"datePublished\":\"2017-12-15T13:17:18+00:00\",\"dateModified\":\"2024-03-10T18:20:11+00:00\",\"description\":\"Strieborn\u00fd mramorov\u00fd konferen\u010dn\u00fd stol\u00edk Noble \u00d8 60 cm \u00bb r\u00fdchle dodanie, poradenstvo, n\u00e1bytok skladom, ktor\u00e1 bude dominantou dom\u00e1cnosti.\",\"breadcrumb\":{\"@id\":\"https:\/\/www.ikuchyne.sk\/eshop\/produkt\/strieborny-mramorovy-konferencny-stolik-noble-o-60-cm\/#breadcrumb\"},\"inLanguage\":\"sk-SK\",\"potentialAction\":[{\"@type\":\"ReadAction\",\"target\":[\"https:\/\/www.ikuchyne.sk\/eshop\/produkt\/strieborny-mramorovy-konferencny-stolik-noble-o-60-cm\/\"]}]},{\"@type\":\"BreadcrumbList\",\"@id\":\"https:\/\/www.ikuchyne.sk\/eshop\/produkt\/strieborny-mramorovy-konferencny-stolik-noble-o-60-cm\/#breadcrumb\",\"itemListElement\":[{\"@type\":\"ListItem\",\"position\":1,\"name\":\"Home\",\"item\":\"https:\/\/www.ikuchyne.sk\/eshop\/\"},{\"@type\":\"ListItem\",\"position\":2,\"name\":\"Obchod\",\"item\":\"https:\/\/www.ikuchyne.sk\/eshop\/obchod\/\"},{\"@type\":\"ListItem\",\"position\":3,\"name\":\"Strieborn\u00fd mramorov\u00fd konferen\u010dn\u00fd stol\u00edk Noble \u00d8 60 cm \u00bb\"}]},{\"@type\":\"WebSite\",\"@id\":\"https:\/\/www.ikuchyne.sk\/eshop\/#website\",\"url\":\"https:\/\/www.ikuchyne.sk\/eshop\/\",\"name\":\"iKuchyne iSHOP s n\u00e1bytkom\",\"description\":\"Jed\u00e1lensk\u00e9 stoly, stoli\u010dky, n\u00e1bytok, svietidl\u00e1...\",\"publisher\":{\"@id\":\"https:\/\/www.ikuchyne.sk\/eshop\/#organization\"},\"potentialAction\":[{\"@type\":\"SearchAction\",\"target\":{\"@type\":\"EntryPoint\",\"urlTemplate\":\"https:\/\/www.ikuchyne.sk\/eshop\/?s={search_term_string}\"},\"query-input\":\"required name=search_term_string\"}],\"inLanguage\":\"sk-SK\"},{\"@type\":\"Organization\",\"@id\":\"https:\/\/www.ikuchyne.sk\/eshop\/#organization\",\"name\":\"ikuchyne!\",\"url\":\"https:\/\/www.ikuchyne.sk\/eshop\/\",\"logo\":{\"@type\":\"ImageObject\",\"inLanguage\":\"sk-SK\",\"@id\":\"https:\/\/www.ikuchyne.sk\/eshop\/#\/schema\/logo\/image\/\",\"url\":\"https:\/\/www.ikuchyne.sk\/eshop\/wp-content\/uploads\/2017\/04\/ikuchyne-logo.jpg\",\"contentUrl\":\"https:\/\/www.ikuchyne.sk\/eshop\/wp-content\/uploads\/2017\/04\/ikuchyne-logo.jpg\",\"width\":200,\"height\":48,\"caption\":\"ikuchyne!\"},\"image\":{\"@id\":\"https:\/\/www.ikuchyne.sk\/eshop\/#\/schema\/logo\/image\/\"},\"sameAs\":[\"https:\/\/www.facebook.com\/ikuchyne\/\",\"https:\/\/www.instagram.com\/ikuchyne.sk\/\",\"https:\/\/sk.pinterest.com\/ikuchynesk\/\"]}]}<\/script>\n<!-- \/ Yoast SEO plugin. -->","yoast_head_json":{"title":"Strieborn\u00fd konferen\u010dn\u00fd stol\u00edk Noble 60 cm &#187; iKuchyne iSHOP s n\u00e1bytkom","description":"Strieborn\u00fd mramorov\u00fd konferen\u010dn\u00fd stol\u00edk Noble \u00d8 60 cm \u00bb r\u00fdchle dodanie, poradenstvo, n\u00e1bytok skladom, ktor\u00e1 bude dominantou dom\u00e1cnosti.","robots":{"index":"index","follow":"follow","max-snippet":"max-snippet:-1","max-image-preview":"max-image-preview:large","max-video-preview":"max-video-preview:-1"},"canonical":"https:\/\/www.ikuchyne.sk\/eshop\/produkt\/strieborny-mramorovy-konferencny-stolik-noble-o-60-cm\/","og_locale":"sk_SK","og_type":"article","og_title":"Strieborn\u00fd konferen\u010dn\u00fd stol\u00edk Noble 60 cm &#187; iKuchyne iSHOP s n\u00e1bytkom","og_description":"Strieborn\u00fd mramorov\u00fd konferen\u010dn\u00fd stol\u00edk Noble \u00d8 60 cm \u00bb r\u00fdchle dodanie, poradenstvo, n\u00e1bytok skladom, ktor\u00e1 bude dominantou dom\u00e1cnosti.","og_url":"https:\/\/www.ikuchyne.sk\/eshop\/produkt\/strieborny-mramorovy-konferencny-stolik-noble-o-60-cm\/","og_site_name":"iKuchyne iSHOP s n\u00e1bytkom","article_publisher":"https:\/\/www.facebook.com\/ikuchyne\/","article_modified_time":"2024-03-10T18:20:11+00:00","og_image":[{"width":800,"height":533,"url":"https:\/\/www.ikuchyne.sk\/eshop\/wp-content\/uploads\/2017\/12\/Konferencny-stolik-Noble-siva-mramor-strieborna-38011.jpg","type":"image\/jpeg"}],"twitter_card":"summary_large_image","twitter_misc":{"Predpokladan\u00fd \u010das \u010d\u00edtania":"2 min\u00faty"},"schema":{"@context":"https:\/\/schema.org","@graph":[{"@type":"WebPage","@id":"https:\/\/www.ikuchyne.sk\/eshop\/produkt\/strieborny-mramorovy-konferencny-stolik-noble-o-60-cm\/","url":"https:\/\/www.ikuchyne.sk\/eshop\/produkt\/strieborny-mramorovy-konferencny-stolik-noble-o-60-cm\/","name":"Strieborn\u00fd konferen\u010dn\u00fd stol\u00edk Noble 60 cm &#187; iKuchyne iSHOP s n\u00e1bytkom","isPartOf":{"@id":"https:\/\/www.ikuchyne.sk\/eshop\/#website"},"datePublished":"2017-12-15T13:17:18+00:00","dateModified":"2024-03-10T18:20:11+00:00","description":"Strieborn\u00fd mramorov\u00fd konferen\u010dn\u00fd stol\u00edk Noble \u00d8 60 cm \u00bb r\u00fdchle dodanie, poradenstvo, n\u00e1bytok skladom, ktor\u00e1 bude dominantou dom\u00e1cnosti.","breadcrumb":{"@id":"https:\/\/www.ikuchyne.sk\/eshop\/produkt\/strieborny-mramorovy-konferencny-stolik-noble-o-60-cm\/#breadcrumb"},"inLanguage":"sk-SK","potentialAction":[{"@type":"ReadAction","target":["https:\/\/www.ikuchyne.sk\/eshop\/produkt\/strieborny-mramorovy-konferencny-stolik-noble-o-60-cm\/"]}]},{"@type":"BreadcrumbList","@id":"https:\/\/www.ikuchyne.sk\/eshop\/produkt\/strieborny-mramorovy-konferencny-stolik-noble-o-60-cm\/#breadcrumb","itemListElement":[{"@type":"ListItem","position":1,"name":"Home","item":"https:\/\/www.ikuchyne.sk\/eshop\/"},{"@type":"ListItem","position":2,"name":"Obchod","item":"https:\/\/www.ikuchyne.sk\/eshop\/obchod\/"},{"@type":"ListItem","position":3,"name":"Strieborn\u00fd mramorov\u00fd konferen\u010dn\u00fd stol\u00edk Noble \u00d8 60 cm \u00bb"}]},{"@type":"WebSite","@id":"https:\/\/www.ikuchyne.sk\/eshop\/#website","url":"https:\/\/www.ikuchyne.sk\/eshop\/","name":"iKuchyne iSHOP s n\u00e1bytkom","description":"Jed\u00e1lensk\u00e9 stoly, stoli\u010dky, n\u00e1bytok, svietidl\u00e1...","publisher":{"@id":"https:\/\/www.ikuchyne.sk\/eshop\/#organization"},"potentialAction":[{"@type":"SearchAction","target":{"@type":"EntryPoint","urlTemplate":"https:\/\/www.ikuchyne.sk\/eshop\/?s={search_term_string}"},"query-input":"required name=search_term_string"}],"inLanguage":"sk-SK"},{"@type":"Organization","@id":"https:\/\/www.ikuchyne.sk\/eshop\/#organization","name":"ikuchyne!","url":"https:\/\/www.ikuchyne.sk\/eshop\/","logo":{"@type":"ImageObject","inLanguage":"sk-SK","@id":"https:\/\/www.ikuchyne.sk\/eshop\/#\/schema\/logo\/image\/","url":"https:\/\/www.ikuchyne.sk\/eshop\/wp-content\/uploads\/2017\/04\/ikuchyne-logo.jpg","contentUrl":"https:\/\/www.ikuchyne.sk\/eshop\/wp-content\/uploads\/2017\/04\/ikuchyne-logo.jpg","width":200,"height":48,"caption":"ikuchyne!"},"image":{"@id":"https:\/\/www.ikuchyne.sk\/eshop\/#\/schema\/logo\/image\/"},"sameAs":["https:\/\/www.facebook.com\/ikuchyne\/","https:\/\/www.instagram.com\/ikuchyne.sk\/","https:\/\/sk.pinterest.com\/ikuchynesk\/"]}]}},"_links":{"self":[{"href":"https:\/\/www.ikuchyne.sk\/eshop\/wp-json\/wp\/v2\/product\/70913"}],"collection":[{"href":"https:\/\/www.ikuchyne.sk\/eshop\/wp-json\/wp\/v2\/product"}],"about":[{"href":"https:\/\/www.ikuchyne.sk\/eshop\/wp-json\/wp\/v2\/types\/product"}],"replies":[{"embeddable":true,"href":"https:\/\/www.ikuchyne.sk\/eshop\/wp-json\/wp\/v2\/comments?post=70913"}],"wp:featuredmedia":[{"embeddable":true,"href":"https:\/\/www.ikuchyne.sk\/eshop\/wp-json\/wp\/v2\/media\/70914"}],"wp:attachment":[{"href":"https:\/\/www.ikuchyne.sk\/eshop\/wp-json\/wp\/v2\/media?parent=70913"}],"wp:term":[{"taxonomy":"product_cat","embeddable":true,"href":"https:\/\/www.ikuchyne.sk\/eshop\/wp-json\/wp\/v2\/product_cat?post=70913"},{"taxonomy":"product_tag","embeddable":true,"href":"https:\/\/www.ikuchyne.sk\/eshop\/wp-json\/wp\/v2\/product_tag?post=70913"}],"curies":[{"name":"wp","href":"https:\/\/api.w.org\/{rel}","templated":true}]}}