{"id":71880,"date":"2018-02-07T13:57:22","date_gmt":"2018-02-07T12:57:22","guid":{"rendered":"https:\/\/ikuchyne.sk\/eshop\/?post_type=product&#038;p=71880"},"modified":"2024-03-10T19:20:10","modified_gmt":"2024-03-10T18:20:10","slug":"hneda-barova-stolicka-portland","status":"publish","type":"product","link":"https:\/\/www.ikuchyne.sk\/eshop\/produkt\/hneda-barova-stolicka-portland\/","title":{"rendered":"Hned\u00e1 barov\u00e1 stoli\u010dka Portland \u00bb"},"content":{"rendered":"<h1>Hned\u00e1 barov\u00e1 stoli\u010dka Portland<\/h1>\n<p><strong>V\u0161eobecn\u00fd opis stoli\u010dky:<br \/>\n<\/strong>\u0160t\u00fdlov\u00e1 barov\u00e1 stoli\u010dka s n\u00edzkym operadlom a \u010dal\u00fanen\u00fdm sed\u00e1kom sa hod\u00ed nielen do modern\u00e9ho, ale aj do industri\u00e1lne laden\u00e9ho interi\u00e9ru. T\u00e1to stoli\u010dka m\u00f4\u017ee doplni\u0165 v\u00e1\u0161 barov\u00fd st\u00f4l alebo ju m\u00f4\u017eete umiestni\u0165 ku kuchynsk\u00e9mu ostrov\u010deku. Vonkaj\u0161ia strana ostrova je ide\u00e1lnym miestom pre umiestnenie barov\u00fdch stoli\u010diek. Sed\u00e1k je detailne pre\u0161it\u00fd a \u010dal\u00fanen\u00fd hned\u00fdm mikrovl\u00e1knom. Kovov\u00fa podno\u017e tvor\u00ed\u00a0jedna mas\u00edvna noha v strede stoli\u010dky, ktor\u00e1 je \u010diernej farby. Jej v\u00fd\u0161ka sa d\u00e1 regulova\u0165. Ve\u013emi praktick\u00fdm detailom je opierka na nohy v dolnej \u010dasti stoli\u010dky. T\u00e1to barov\u00e1 stoli\u010dka sa stane ve\u013emi vkusn\u00fdm doplnkom vo va\u0161ej dom\u00e1cnosti.<\/p>\n<p><strong>Sed\u00e1k stoli\u010dky:<br \/>\n<\/strong>M\u00e4kk\u00fd \u010dal\u00fanen\u00fd sed\u00e1k je z pre\u0161it\u00e9ho hned\u00e9ho mikrovl\u00e1kna.<\/p>\n<p><strong>Podno\u017e stoli\u010dky:<br \/>\n<\/strong>Podno\u017e stoli\u010dky\u00a0tvor\u00ed \u010dierna mas\u00edvna noha v strede stoli\u010dky, ktorej v\u00fd\u0161ka sa d\u00e1 regulova\u0165. V jej dolnej \u010dasti sa nach\u00e1dza opierka na nohy.<\/p>\n<p><strong>\u010eal\u0161ie inform\u00e1cie:<br \/>\n<\/strong>V pr\u00edpade zne\u010distenia \u010derstv\u00e9 \u0161kvrny odstra\u0148ujte ihne\u010f za pomoci navlh\u010denej utierky vo vode a potom d\u00f4kladne vysu\u0161te suchou utierkou.<\/p>\n<p><b>Rozmery stoli\u010dky:<br \/>\n<\/b>\u0160\u00edrka stoli\u010dky: 42 cm<br \/>\nV\u00fd\u0161ka stoli\u010dky: 88 &#8211; 109 cm<br \/>\nH\u013abka stoli\u010dky: 49 cm<br \/>\n<strong>Rozmery sedenia:<\/strong>\u00a042 x 64 &#8211; 85 x 36 cm (\u0160xVxH)<br \/>\n<strong>V\u00fd\u0161ka opierky chrbta:<\/strong> 27 cm<\/p>\n<p><b>Materi\u00e1l: <\/b>mikrovl\u00e1kno<b>,<\/b>\u00a0kov<\/p>\n<p><b>Farba:<\/b>\u00a0hned\u00e1 vintage, \u010dierna<\/p>\n","protected":false},"excerpt":{"rendered":"<p>Hned\u00e1 barov\u00e1 stoli\u010dka Portland V\u0161eobecn\u00fd opis stoli\u010dky: \u0160t\u00fdlov\u00e1 barov\u00e1 stoli\u010dka s n\u00edzkym operadlom a \u010dal\u00fanen\u00fdm sed\u00e1kom sa hod\u00ed nielen do modern\u00e9ho, ale aj do industri\u00e1lne laden\u00e9ho interi\u00e9ru. T\u00e1to stoli\u010dka m\u00f4\u017ee<\/p>\n","protected":false},"featured_media":71881,"comment_status":"open","ping_status":"closed","template":"","meta":[],"product_cat":[288,311],"product_tag":[277],"yoast_head":"<!-- This site is optimized with the Yoast SEO plugin v22.1 - https:\/\/yoast.com\/wordpress\/plugins\/seo\/ -->\n<title>Hned\u00e1 barov\u00e1 stoli\u010dka Portland \u00bb &#187; iKuchyne iSHOP s n\u00e1bytkom<\/title>\n<meta name=\"description\" content=\"K\u00fapte si u n\u00e1s Hned\u00e1 barov\u00e1 stoli\u010dka Portland \u00bb za akciov\u00fa cenu. R\u00fdchle dodanie tovaru, odborn\u00e9 poradenstvo a stovky produktov skladom. Hned\u00e1 barov\u00e1 stoli\u010dka Portland \u00bb sa stane dominantou V\u00e1\u0161ho interi\u00e9ru. Internetov\u00fd obchod ikuchyne! pon\u00faka odber Hned\u00e1 barov\u00e1 stoli\u010dka Portland \u00bb u\u017e od 1 kusu.\" \/>\n<meta name=\"robots\" content=\"index, follow, max-snippet:-1, max-image-preview:large, max-video-preview:-1\" \/>\n<link rel=\"canonical\" href=\"https:\/\/www.ikuchyne.sk\/eshop\/produkt\/hneda-barova-stolicka-portland\/\" \/>\n<meta property=\"og:locale\" content=\"sk_SK\" \/>\n<meta property=\"og:type\" content=\"article\" \/>\n<meta property=\"og:title\" content=\"Hned\u00e1 barov\u00e1 stoli\u010dka Portland \u00bb &#187; iKuchyne iSHOP s n\u00e1bytkom\" \/>\n<meta property=\"og:description\" content=\"K\u00fapte si u n\u00e1s Hned\u00e1 barov\u00e1 stoli\u010dka Portland \u00bb za akciov\u00fa cenu. R\u00fdchle dodanie tovaru, odborn\u00e9 poradenstvo a stovky produktov skladom. Hned\u00e1 barov\u00e1 stoli\u010dka Portland \u00bb sa stane dominantou V\u00e1\u0161ho interi\u00e9ru. Internetov\u00fd obchod ikuchyne! pon\u00faka odber Hned\u00e1 barov\u00e1 stoli\u010dka Portland \u00bb u\u017e od 1 kusu.\" \/>\n<meta property=\"og:url\" content=\"https:\/\/www.ikuchyne.sk\/eshop\/produkt\/hneda-barova-stolicka-portland\/\" \/>\n<meta property=\"og:site_name\" content=\"iKuchyne iSHOP s n\u00e1bytkom\" \/>\n<meta property=\"article:publisher\" content=\"https:\/\/www.facebook.com\/ikuchyne\/\" \/>\n<meta property=\"article:modified_time\" content=\"2024-03-10T18:20:10+00:00\" \/>\n<meta property=\"og:image\" content=\"https:\/\/www.ikuchyne.sk\/eshop\/wp-content\/uploads\/2018\/02\/Barova-stolicka-Portland-vintage-hneda-38456.jpg\" \/>\n\t<meta property=\"og:image:width\" content=\"800\" \/>\n\t<meta property=\"og:image:height\" content=\"533\" \/>\n\t<meta property=\"og:image:type\" content=\"image\/jpeg\" \/>\n<meta name=\"twitter:card\" content=\"summary_large_image\" \/>\n<meta name=\"twitter:label1\" content=\"Predpokladan\u00fd \u010das \u010d\u00edtania\" \/>\n\t<meta name=\"twitter:data1\" content=\"1 min\u00fata\" \/>\n<script type=\"application\/ld+json\" class=\"yoast-schema-graph\">{\"@context\":\"https:\/\/schema.org\",\"@graph\":[{\"@type\":\"WebPage\",\"@id\":\"https:\/\/www.ikuchyne.sk\/eshop\/produkt\/hneda-barova-stolicka-portland\/\",\"url\":\"https:\/\/www.ikuchyne.sk\/eshop\/produkt\/hneda-barova-stolicka-portland\/\",\"name\":\"Hned\u00e1 barov\u00e1 stoli\u010dka Portland \u00bb &#187; iKuchyne iSHOP s n\u00e1bytkom\",\"isPartOf\":{\"@id\":\"https:\/\/www.ikuchyne.sk\/eshop\/#website\"},\"datePublished\":\"2018-02-07T12:57:22+00:00\",\"dateModified\":\"2024-03-10T18:20:10+00:00\",\"description\":\"K\u00fapte si u n\u00e1s Hned\u00e1 barov\u00e1 stoli\u010dka Portland \u00bb za akciov\u00fa cenu. R\u00fdchle dodanie tovaru, odborn\u00e9 poradenstvo a stovky produktov skladom. Hned\u00e1 barov\u00e1 stoli\u010dka Portland \u00bb sa stane dominantou V\u00e1\u0161ho interi\u00e9ru. Internetov\u00fd obchod ikuchyne! pon\u00faka odber Hned\u00e1 barov\u00e1 stoli\u010dka Portland \u00bb u\u017e od 1 kusu.\",\"breadcrumb\":{\"@id\":\"https:\/\/www.ikuchyne.sk\/eshop\/produkt\/hneda-barova-stolicka-portland\/#breadcrumb\"},\"inLanguage\":\"sk-SK\",\"potentialAction\":[{\"@type\":\"ReadAction\",\"target\":[\"https:\/\/www.ikuchyne.sk\/eshop\/produkt\/hneda-barova-stolicka-portland\/\"]}]},{\"@type\":\"BreadcrumbList\",\"@id\":\"https:\/\/www.ikuchyne.sk\/eshop\/produkt\/hneda-barova-stolicka-portland\/#breadcrumb\",\"itemListElement\":[{\"@type\":\"ListItem\",\"position\":1,\"name\":\"Home\",\"item\":\"https:\/\/www.ikuchyne.sk\/eshop\/\"},{\"@type\":\"ListItem\",\"position\":2,\"name\":\"Obchod\",\"item\":\"https:\/\/www.ikuchyne.sk\/eshop\/obchod\/\"},{\"@type\":\"ListItem\",\"position\":3,\"name\":\"Hned\u00e1 barov\u00e1 stoli\u010dka Portland \u00bb\"}]},{\"@type\":\"WebSite\",\"@id\":\"https:\/\/www.ikuchyne.sk\/eshop\/#website\",\"url\":\"https:\/\/www.ikuchyne.sk\/eshop\/\",\"name\":\"iKuchyne iSHOP s n\u00e1bytkom\",\"description\":\"Jed\u00e1lensk\u00e9 stoly, stoli\u010dky, n\u00e1bytok, svietidl\u00e1...\",\"publisher\":{\"@id\":\"https:\/\/www.ikuchyne.sk\/eshop\/#organization\"},\"potentialAction\":[{\"@type\":\"SearchAction\",\"target\":{\"@type\":\"EntryPoint\",\"urlTemplate\":\"https:\/\/www.ikuchyne.sk\/eshop\/?s={search_term_string}\"},\"query-input\":\"required name=search_term_string\"}],\"inLanguage\":\"sk-SK\"},{\"@type\":\"Organization\",\"@id\":\"https:\/\/www.ikuchyne.sk\/eshop\/#organization\",\"name\":\"ikuchyne!\",\"url\":\"https:\/\/www.ikuchyne.sk\/eshop\/\",\"logo\":{\"@type\":\"ImageObject\",\"inLanguage\":\"sk-SK\",\"@id\":\"https:\/\/www.ikuchyne.sk\/eshop\/#\/schema\/logo\/image\/\",\"url\":\"https:\/\/www.ikuchyne.sk\/eshop\/wp-content\/uploads\/2017\/04\/ikuchyne-logo.jpg\",\"contentUrl\":\"https:\/\/www.ikuchyne.sk\/eshop\/wp-content\/uploads\/2017\/04\/ikuchyne-logo.jpg\",\"width\":200,\"height\":48,\"caption\":\"ikuchyne!\"},\"image\":{\"@id\":\"https:\/\/www.ikuchyne.sk\/eshop\/#\/schema\/logo\/image\/\"},\"sameAs\":[\"https:\/\/www.facebook.com\/ikuchyne\/\",\"https:\/\/www.instagram.com\/ikuchyne.sk\/\",\"https:\/\/sk.pinterest.com\/ikuchynesk\/\"]}]}<\/script>\n<!-- \/ Yoast SEO plugin. -->","yoast_head_json":{"title":"Hned\u00e1 barov\u00e1 stoli\u010dka Portland \u00bb &#187; iKuchyne iSHOP s n\u00e1bytkom","description":"K\u00fapte si u n\u00e1s Hned\u00e1 barov\u00e1 stoli\u010dka Portland \u00bb za akciov\u00fa cenu. R\u00fdchle dodanie tovaru, odborn\u00e9 poradenstvo a stovky produktov skladom. Hned\u00e1 barov\u00e1 stoli\u010dka Portland \u00bb sa stane dominantou V\u00e1\u0161ho interi\u00e9ru. Internetov\u00fd obchod ikuchyne! pon\u00faka odber Hned\u00e1 barov\u00e1 stoli\u010dka Portland \u00bb u\u017e od 1 kusu.","robots":{"index":"index","follow":"follow","max-snippet":"max-snippet:-1","max-image-preview":"max-image-preview:large","max-video-preview":"max-video-preview:-1"},"canonical":"https:\/\/www.ikuchyne.sk\/eshop\/produkt\/hneda-barova-stolicka-portland\/","og_locale":"sk_SK","og_type":"article","og_title":"Hned\u00e1 barov\u00e1 stoli\u010dka Portland \u00bb &#187; iKuchyne iSHOP s n\u00e1bytkom","og_description":"K\u00fapte si u n\u00e1s Hned\u00e1 barov\u00e1 stoli\u010dka Portland \u00bb za akciov\u00fa cenu. R\u00fdchle dodanie tovaru, odborn\u00e9 poradenstvo a stovky produktov skladom. Hned\u00e1 barov\u00e1 stoli\u010dka Portland \u00bb sa stane dominantou V\u00e1\u0161ho interi\u00e9ru. Internetov\u00fd obchod ikuchyne! pon\u00faka odber Hned\u00e1 barov\u00e1 stoli\u010dka Portland \u00bb u\u017e od 1 kusu.","og_url":"https:\/\/www.ikuchyne.sk\/eshop\/produkt\/hneda-barova-stolicka-portland\/","og_site_name":"iKuchyne iSHOP s n\u00e1bytkom","article_publisher":"https:\/\/www.facebook.com\/ikuchyne\/","article_modified_time":"2024-03-10T18:20:10+00:00","og_image":[{"width":800,"height":533,"url":"https:\/\/www.ikuchyne.sk\/eshop\/wp-content\/uploads\/2018\/02\/Barova-stolicka-Portland-vintage-hneda-38456.jpg","type":"image\/jpeg"}],"twitter_card":"summary_large_image","twitter_misc":{"Predpokladan\u00fd \u010das \u010d\u00edtania":"1 min\u00fata"},"schema":{"@context":"https:\/\/schema.org","@graph":[{"@type":"WebPage","@id":"https:\/\/www.ikuchyne.sk\/eshop\/produkt\/hneda-barova-stolicka-portland\/","url":"https:\/\/www.ikuchyne.sk\/eshop\/produkt\/hneda-barova-stolicka-portland\/","name":"Hned\u00e1 barov\u00e1 stoli\u010dka Portland \u00bb &#187; iKuchyne iSHOP s n\u00e1bytkom","isPartOf":{"@id":"https:\/\/www.ikuchyne.sk\/eshop\/#website"},"datePublished":"2018-02-07T12:57:22+00:00","dateModified":"2024-03-10T18:20:10+00:00","description":"K\u00fapte si u n\u00e1s Hned\u00e1 barov\u00e1 stoli\u010dka Portland \u00bb za akciov\u00fa cenu. R\u00fdchle dodanie tovaru, odborn\u00e9 poradenstvo a stovky produktov skladom. Hned\u00e1 barov\u00e1 stoli\u010dka Portland \u00bb sa stane dominantou V\u00e1\u0161ho interi\u00e9ru. Internetov\u00fd obchod ikuchyne! pon\u00faka odber Hned\u00e1 barov\u00e1 stoli\u010dka Portland \u00bb u\u017e od 1 kusu.","breadcrumb":{"@id":"https:\/\/www.ikuchyne.sk\/eshop\/produkt\/hneda-barova-stolicka-portland\/#breadcrumb"},"inLanguage":"sk-SK","potentialAction":[{"@type":"ReadAction","target":["https:\/\/www.ikuchyne.sk\/eshop\/produkt\/hneda-barova-stolicka-portland\/"]}]},{"@type":"BreadcrumbList","@id":"https:\/\/www.ikuchyne.sk\/eshop\/produkt\/hneda-barova-stolicka-portland\/#breadcrumb","itemListElement":[{"@type":"ListItem","position":1,"name":"Home","item":"https:\/\/www.ikuchyne.sk\/eshop\/"},{"@type":"ListItem","position":2,"name":"Obchod","item":"https:\/\/www.ikuchyne.sk\/eshop\/obchod\/"},{"@type":"ListItem","position":3,"name":"Hned\u00e1 barov\u00e1 stoli\u010dka Portland \u00bb"}]},{"@type":"WebSite","@id":"https:\/\/www.ikuchyne.sk\/eshop\/#website","url":"https:\/\/www.ikuchyne.sk\/eshop\/","name":"iKuchyne iSHOP s n\u00e1bytkom","description":"Jed\u00e1lensk\u00e9 stoly, stoli\u010dky, n\u00e1bytok, svietidl\u00e1...","publisher":{"@id":"https:\/\/www.ikuchyne.sk\/eshop\/#organization"},"potentialAction":[{"@type":"SearchAction","target":{"@type":"EntryPoint","urlTemplate":"https:\/\/www.ikuchyne.sk\/eshop\/?s={search_term_string}"},"query-input":"required name=search_term_string"}],"inLanguage":"sk-SK"},{"@type":"Organization","@id":"https:\/\/www.ikuchyne.sk\/eshop\/#organization","name":"ikuchyne!","url":"https:\/\/www.ikuchyne.sk\/eshop\/","logo":{"@type":"ImageObject","inLanguage":"sk-SK","@id":"https:\/\/www.ikuchyne.sk\/eshop\/#\/schema\/logo\/image\/","url":"https:\/\/www.ikuchyne.sk\/eshop\/wp-content\/uploads\/2017\/04\/ikuchyne-logo.jpg","contentUrl":"https:\/\/www.ikuchyne.sk\/eshop\/wp-content\/uploads\/2017\/04\/ikuchyne-logo.jpg","width":200,"height":48,"caption":"ikuchyne!"},"image":{"@id":"https:\/\/www.ikuchyne.sk\/eshop\/#\/schema\/logo\/image\/"},"sameAs":["https:\/\/www.facebook.com\/ikuchyne\/","https:\/\/www.instagram.com\/ikuchyne.sk\/","https:\/\/sk.pinterest.com\/ikuchynesk\/"]}]}},"_links":{"self":[{"href":"https:\/\/www.ikuchyne.sk\/eshop\/wp-json\/wp\/v2\/product\/71880"}],"collection":[{"href":"https:\/\/www.ikuchyne.sk\/eshop\/wp-json\/wp\/v2\/product"}],"about":[{"href":"https:\/\/www.ikuchyne.sk\/eshop\/wp-json\/wp\/v2\/types\/product"}],"replies":[{"embeddable":true,"href":"https:\/\/www.ikuchyne.sk\/eshop\/wp-json\/wp\/v2\/comments?post=71880"}],"wp:featuredmedia":[{"embeddable":true,"href":"https:\/\/www.ikuchyne.sk\/eshop\/wp-json\/wp\/v2\/media\/71881"}],"wp:attachment":[{"href":"https:\/\/www.ikuchyne.sk\/eshop\/wp-json\/wp\/v2\/media?parent=71880"}],"wp:term":[{"taxonomy":"product_cat","embeddable":true,"href":"https:\/\/www.ikuchyne.sk\/eshop\/wp-json\/wp\/v2\/product_cat?post=71880"},{"taxonomy":"product_tag","embeddable":true,"href":"https:\/\/www.ikuchyne.sk\/eshop\/wp-json\/wp\/v2\/product_tag?post=71880"}],"curies":[{"name":"wp","href":"https:\/\/api.w.org\/{rel}","templated":true}]}}