{"id":76004,"date":"2018-05-02T16:38:03","date_gmt":"2018-05-02T14:38:03","guid":{"rendered":"https:\/\/ikuchyne.sk\/eshop\/?post_type=product&#038;p=76004"},"modified":"2024-03-10T19:20:07","modified_gmt":"2024-03-10T18:20:07","slug":"strieborny-konferencny-stolik-hammerschlag-optik-o-80-cm","status":"publish","type":"product","link":"https:\/\/www.ikuchyne.sk\/eshop\/produkt\/strieborny-konferencny-stolik-hammerschlag-optik-o-80-cm\/","title":{"rendered":"Strieborn\u00fd konferen\u010dn\u00fd stol\u00edk Hammerschlag-Optik \u00d8 80 cm \u00bb"},"content":{"rendered":"<h1>Strieborn\u00fd konferen\u010dn\u00fd stol\u00edk Hammerschlag-Optik\u00a0\u00d8 80 cm<\/h1>\n<p><strong>V\u0161eobecn\u00fd opis stol\u00edka:<\/strong><br \/>\nStrieborn\u00fd konferen\u010dn\u00fd stol\u00edk v modernom \u0161t\u00fdle bude sp\u013a\u0148a\u0165 va\u0161e predstavy o miernej extravagancii. N\u00e1padn\u00e1 strieborn\u00e1 farba a avantgardn\u00fd obl\u00fd dizajn sa bud\u00fa skvelo vyn\u00edma\u0165 v s\u00fa\u010dasnom interi\u00e9ri. Konferen\u010dn\u00fd stol\u00edk je vyhotoven\u00fd zo zliatiny kovu a hlin\u00edka v okr\u00fahlom tvare. Po celom obvode stol\u00edka sa nach\u00e1dza jemn\u00fd 3D vzor. Vrchn\u00e1 doska je ploch\u00e1 a do povrchu m\u00e1 vtla\u010den\u00fd vzor, ktor\u00fd nar\u00fa\u0161a jednoliatu l\u00edniu. Z praktick\u00e9ho h\u013eadiska tento vzor prin\u00e1\u0161a v\u00fdhodu pri stabilite polo\u017een\u00fdch predmetov, preto\u017ee sa nebud\u00fa k\u013aza\u0165. Cel\u00fd stol\u00edk je v striebornej farbe, preto je \u013eahko kombinovate\u013en\u00fd s r\u00f4znymi farbami ostatn\u00fdch kusov n\u00e1bytku a stien va\u0161ej ob\u00fdvacej izby.<\/p>\n<p><strong>Povrch stol\u00edka:<br \/>\n<\/strong>Konferen\u010dn\u00fd stol\u00edk je vytvoren\u00fd zo zliatiny hlin\u00edka a kovu. Povrch stol\u00edka je strieborn\u00fd s vtla\u010den\u00fdm 3D vzorom. Obl\u00fd tvar pret\u00edna rovn\u00e1 doska.<\/p>\n<p><strong>Podno\u017e stol\u00edka:<\/strong><br \/>\nKe\u010f\u017ee sa jedn\u00e1 o celistv\u00fd kus n\u00e1bytku, podno\u017e stol\u00edka je tvoren\u00e1 rovnak\u00fdm materi\u00e1lom, teda zliatinou kovu a hlin\u00edka pokrytou striebornou farbou.<\/p>\n<p><strong>\u010eal\u0161ie inform\u00e1cie:<br \/>\n<\/strong>Ide o ru\u010dn\u00fa pr\u00e1cu, mal\u00e9 nezrovnalosti s\u00fa mo\u017en\u00e9 a ka\u017ed\u00fd kus je unik\u00e1t.<\/p>\n<p><b>Rozmery stol\u00edka:<br \/>\n\u0160\u00edrka stol\u00edka:<\/b> 80\u00a0cm<b><br \/>\nD\u013a\u017eka stol\u00edka: <\/b>80\u00a0cm<b><br \/>\n<\/b><b>V\u00fd\u0161ka stol\u00edka:\u00a0<\/b>30\u00a0cm<\/p>\n<p><b>Materi\u00e1l:\u00a0<\/b>zliatina &#8211; hlin\u00edk, kov<\/p>\n<p><b>Farba:<\/b>\u00a0strieborn\u00e1<\/p>\n<p>&nbsp;<\/p>\n","protected":false},"excerpt":{"rendered":"<p>Strieborn\u00fd konferen\u010dn\u00fd stol\u00edk Hammerschlag-Optik\u00a0\u00d8 80 cm V\u0161eobecn\u00fd opis stol\u00edka: Strieborn\u00fd konferen\u010dn\u00fd stol\u00edk v modernom \u0161t\u00fdle bude sp\u013a\u0148a\u0165 va\u0161e predstavy o miernej extravagancii. N\u00e1padn\u00e1 strieborn\u00e1 farba a avantgardn\u00fd obl\u00fd dizajn sa<\/p>\n","protected":false},"featured_media":76005,"comment_status":"open","ping_status":"closed","template":"","meta":[],"product_cat":[304,841,843],"product_tag":[610],"yoast_head":"<!-- This site is optimized with the Yoast SEO plugin v22.1 - https:\/\/yoast.com\/wordpress\/plugins\/seo\/ -->\n<title>Strieborn\u00fd konferen\u010dn\u00fd stol\u00edk Hammerschlag-Optik \u00d8 80 cm \u00bb &#187; iKuchyne iSHOP s n\u00e1bytkom<\/title>\n<meta name=\"description\" content=\"K\u00fapte si u n\u00e1s Strieborn\u00fd konferen\u010dn\u00fd stol\u00edk Hammerschlag-Optik \u00d8 80 cm \u00bb za akciov\u00fa cenu. R\u00fdchle dodanie tovaru, odborn\u00e9 poradenstvo a stovky produktov skladom. Strieborn\u00fd konferen\u010dn\u00fd stol\u00edk Hammerschlag-Optik \u00d8 80 cm \u00bb sa stane dominantou V\u00e1\u0161ho interi\u00e9ru. Internetov\u00fd obchod ikuchyne! pon\u00faka odber Strieborn\u00fd konferen\u010dn\u00fd stol\u00edk Hammerschlag-Optik \u00d8 80 cm \u00bb u\u017e od 1 kusu.\" \/>\n<meta name=\"robots\" content=\"index, follow, max-snippet:-1, max-image-preview:large, max-video-preview:-1\" \/>\n<link rel=\"canonical\" href=\"https:\/\/www.ikuchyne.sk\/eshop\/produkt\/strieborny-konferencny-stolik-hammerschlag-optik-o-80-cm\/\" \/>\n<meta property=\"og:locale\" content=\"sk_SK\" \/>\n<meta property=\"og:type\" content=\"article\" \/>\n<meta property=\"og:title\" content=\"Strieborn\u00fd konferen\u010dn\u00fd stol\u00edk Hammerschlag-Optik \u00d8 80 cm \u00bb &#187; iKuchyne iSHOP s n\u00e1bytkom\" \/>\n<meta property=\"og:description\" content=\"K\u00fapte si u n\u00e1s Strieborn\u00fd konferen\u010dn\u00fd stol\u00edk Hammerschlag-Optik \u00d8 80 cm \u00bb za akciov\u00fa cenu. R\u00fdchle dodanie tovaru, odborn\u00e9 poradenstvo a stovky produktov skladom. Strieborn\u00fd konferen\u010dn\u00fd stol\u00edk Hammerschlag-Optik \u00d8 80 cm \u00bb sa stane dominantou V\u00e1\u0161ho interi\u00e9ru. Internetov\u00fd obchod ikuchyne! pon\u00faka odber Strieborn\u00fd konferen\u010dn\u00fd stol\u00edk Hammerschlag-Optik \u00d8 80 cm \u00bb u\u017e od 1 kusu.\" \/>\n<meta property=\"og:url\" content=\"https:\/\/www.ikuchyne.sk\/eshop\/produkt\/strieborny-konferencny-stolik-hammerschlag-optik-o-80-cm\/\" \/>\n<meta property=\"og:site_name\" content=\"iKuchyne iSHOP s n\u00e1bytkom\" \/>\n<meta property=\"article:publisher\" content=\"https:\/\/www.facebook.com\/ikuchyne\/\" \/>\n<meta property=\"article:modified_time\" content=\"2024-03-10T18:20:07+00:00\" \/>\n<meta property=\"og:image\" content=\"https:\/\/www.ikuchyne.sk\/eshop\/wp-content\/uploads\/2018\/04\/Konferencny-stolik-Hammerschlag-Optik-80cm-strieborna-38396.jpg\" \/>\n\t<meta property=\"og:image:width\" content=\"800\" \/>\n\t<meta property=\"og:image:height\" content=\"533\" \/>\n\t<meta property=\"og:image:type\" content=\"image\/jpeg\" \/>\n<meta name=\"twitter:card\" content=\"summary_large_image\" \/>\n<meta name=\"twitter:label1\" content=\"Predpokladan\u00fd \u010das \u010d\u00edtania\" \/>\n\t<meta name=\"twitter:data1\" content=\"1 min\u00fata\" \/>\n<script type=\"application\/ld+json\" class=\"yoast-schema-graph\">{\"@context\":\"https:\/\/schema.org\",\"@graph\":[{\"@type\":\"WebPage\",\"@id\":\"https:\/\/www.ikuchyne.sk\/eshop\/produkt\/strieborny-konferencny-stolik-hammerschlag-optik-o-80-cm\/\",\"url\":\"https:\/\/www.ikuchyne.sk\/eshop\/produkt\/strieborny-konferencny-stolik-hammerschlag-optik-o-80-cm\/\",\"name\":\"Strieborn\u00fd konferen\u010dn\u00fd stol\u00edk Hammerschlag-Optik \u00d8 80 cm \u00bb &#187; iKuchyne iSHOP s n\u00e1bytkom\",\"isPartOf\":{\"@id\":\"https:\/\/www.ikuchyne.sk\/eshop\/#website\"},\"datePublished\":\"2018-05-02T14:38:03+00:00\",\"dateModified\":\"2024-03-10T18:20:07+00:00\",\"description\":\"K\u00fapte si u n\u00e1s Strieborn\u00fd konferen\u010dn\u00fd stol\u00edk Hammerschlag-Optik \u00d8 80 cm \u00bb za akciov\u00fa cenu. R\u00fdchle dodanie tovaru, odborn\u00e9 poradenstvo a stovky produktov skladom. Strieborn\u00fd konferen\u010dn\u00fd stol\u00edk Hammerschlag-Optik \u00d8 80 cm \u00bb sa stane dominantou V\u00e1\u0161ho interi\u00e9ru. Internetov\u00fd obchod ikuchyne! pon\u00faka odber Strieborn\u00fd konferen\u010dn\u00fd stol\u00edk Hammerschlag-Optik \u00d8 80 cm \u00bb u\u017e od 1 kusu.\",\"breadcrumb\":{\"@id\":\"https:\/\/www.ikuchyne.sk\/eshop\/produkt\/strieborny-konferencny-stolik-hammerschlag-optik-o-80-cm\/#breadcrumb\"},\"inLanguage\":\"sk-SK\",\"potentialAction\":[{\"@type\":\"ReadAction\",\"target\":[\"https:\/\/www.ikuchyne.sk\/eshop\/produkt\/strieborny-konferencny-stolik-hammerschlag-optik-o-80-cm\/\"]}]},{\"@type\":\"BreadcrumbList\",\"@id\":\"https:\/\/www.ikuchyne.sk\/eshop\/produkt\/strieborny-konferencny-stolik-hammerschlag-optik-o-80-cm\/#breadcrumb\",\"itemListElement\":[{\"@type\":\"ListItem\",\"position\":1,\"name\":\"Home\",\"item\":\"https:\/\/www.ikuchyne.sk\/eshop\/\"},{\"@type\":\"ListItem\",\"position\":2,\"name\":\"Obchod\",\"item\":\"https:\/\/www.ikuchyne.sk\/eshop\/obchod\/\"},{\"@type\":\"ListItem\",\"position\":3,\"name\":\"Strieborn\u00fd konferen\u010dn\u00fd stol\u00edk Hammerschlag-Optik \u00d8 80 cm \u00bb\"}]},{\"@type\":\"WebSite\",\"@id\":\"https:\/\/www.ikuchyne.sk\/eshop\/#website\",\"url\":\"https:\/\/www.ikuchyne.sk\/eshop\/\",\"name\":\"iKuchyne iSHOP s n\u00e1bytkom\",\"description\":\"Jed\u00e1lensk\u00e9 stoly, stoli\u010dky, n\u00e1bytok, svietidl\u00e1...\",\"publisher\":{\"@id\":\"https:\/\/www.ikuchyne.sk\/eshop\/#organization\"},\"potentialAction\":[{\"@type\":\"SearchAction\",\"target\":{\"@type\":\"EntryPoint\",\"urlTemplate\":\"https:\/\/www.ikuchyne.sk\/eshop\/?s={search_term_string}\"},\"query-input\":\"required name=search_term_string\"}],\"inLanguage\":\"sk-SK\"},{\"@type\":\"Organization\",\"@id\":\"https:\/\/www.ikuchyne.sk\/eshop\/#organization\",\"name\":\"ikuchyne!\",\"url\":\"https:\/\/www.ikuchyne.sk\/eshop\/\",\"logo\":{\"@type\":\"ImageObject\",\"inLanguage\":\"sk-SK\",\"@id\":\"https:\/\/www.ikuchyne.sk\/eshop\/#\/schema\/logo\/image\/\",\"url\":\"https:\/\/www.ikuchyne.sk\/eshop\/wp-content\/uploads\/2017\/04\/ikuchyne-logo.jpg\",\"contentUrl\":\"https:\/\/www.ikuchyne.sk\/eshop\/wp-content\/uploads\/2017\/04\/ikuchyne-logo.jpg\",\"width\":200,\"height\":48,\"caption\":\"ikuchyne!\"},\"image\":{\"@id\":\"https:\/\/www.ikuchyne.sk\/eshop\/#\/schema\/logo\/image\/\"},\"sameAs\":[\"https:\/\/www.facebook.com\/ikuchyne\/\",\"https:\/\/www.instagram.com\/ikuchyne.sk\/\",\"https:\/\/sk.pinterest.com\/ikuchynesk\/\"]}]}<\/script>\n<!-- \/ Yoast SEO plugin. -->","yoast_head_json":{"title":"Strieborn\u00fd konferen\u010dn\u00fd stol\u00edk Hammerschlag-Optik \u00d8 80 cm \u00bb &#187; iKuchyne iSHOP s n\u00e1bytkom","description":"K\u00fapte si u n\u00e1s Strieborn\u00fd konferen\u010dn\u00fd stol\u00edk Hammerschlag-Optik \u00d8 80 cm \u00bb za akciov\u00fa cenu. R\u00fdchle dodanie tovaru, odborn\u00e9 poradenstvo a stovky produktov skladom. Strieborn\u00fd konferen\u010dn\u00fd stol\u00edk Hammerschlag-Optik \u00d8 80 cm \u00bb sa stane dominantou V\u00e1\u0161ho interi\u00e9ru. Internetov\u00fd obchod ikuchyne! pon\u00faka odber Strieborn\u00fd konferen\u010dn\u00fd stol\u00edk Hammerschlag-Optik \u00d8 80 cm \u00bb u\u017e od 1 kusu.","robots":{"index":"index","follow":"follow","max-snippet":"max-snippet:-1","max-image-preview":"max-image-preview:large","max-video-preview":"max-video-preview:-1"},"canonical":"https:\/\/www.ikuchyne.sk\/eshop\/produkt\/strieborny-konferencny-stolik-hammerschlag-optik-o-80-cm\/","og_locale":"sk_SK","og_type":"article","og_title":"Strieborn\u00fd konferen\u010dn\u00fd stol\u00edk Hammerschlag-Optik \u00d8 80 cm \u00bb &#187; iKuchyne iSHOP s n\u00e1bytkom","og_description":"K\u00fapte si u n\u00e1s Strieborn\u00fd konferen\u010dn\u00fd stol\u00edk Hammerschlag-Optik \u00d8 80 cm \u00bb za akciov\u00fa cenu. R\u00fdchle dodanie tovaru, odborn\u00e9 poradenstvo a stovky produktov skladom. Strieborn\u00fd konferen\u010dn\u00fd stol\u00edk Hammerschlag-Optik \u00d8 80 cm \u00bb sa stane dominantou V\u00e1\u0161ho interi\u00e9ru. Internetov\u00fd obchod ikuchyne! pon\u00faka odber Strieborn\u00fd konferen\u010dn\u00fd stol\u00edk Hammerschlag-Optik \u00d8 80 cm \u00bb u\u017e od 1 kusu.","og_url":"https:\/\/www.ikuchyne.sk\/eshop\/produkt\/strieborny-konferencny-stolik-hammerschlag-optik-o-80-cm\/","og_site_name":"iKuchyne iSHOP s n\u00e1bytkom","article_publisher":"https:\/\/www.facebook.com\/ikuchyne\/","article_modified_time":"2024-03-10T18:20:07+00:00","og_image":[{"width":800,"height":533,"url":"https:\/\/www.ikuchyne.sk\/eshop\/wp-content\/uploads\/2018\/04\/Konferencny-stolik-Hammerschlag-Optik-80cm-strieborna-38396.jpg","type":"image\/jpeg"}],"twitter_card":"summary_large_image","twitter_misc":{"Predpokladan\u00fd \u010das \u010d\u00edtania":"1 min\u00fata"},"schema":{"@context":"https:\/\/schema.org","@graph":[{"@type":"WebPage","@id":"https:\/\/www.ikuchyne.sk\/eshop\/produkt\/strieborny-konferencny-stolik-hammerschlag-optik-o-80-cm\/","url":"https:\/\/www.ikuchyne.sk\/eshop\/produkt\/strieborny-konferencny-stolik-hammerschlag-optik-o-80-cm\/","name":"Strieborn\u00fd konferen\u010dn\u00fd stol\u00edk Hammerschlag-Optik \u00d8 80 cm \u00bb &#187; iKuchyne iSHOP s n\u00e1bytkom","isPartOf":{"@id":"https:\/\/www.ikuchyne.sk\/eshop\/#website"},"datePublished":"2018-05-02T14:38:03+00:00","dateModified":"2024-03-10T18:20:07+00:00","description":"K\u00fapte si u n\u00e1s Strieborn\u00fd konferen\u010dn\u00fd stol\u00edk Hammerschlag-Optik \u00d8 80 cm \u00bb za akciov\u00fa cenu. R\u00fdchle dodanie tovaru, odborn\u00e9 poradenstvo a stovky produktov skladom. Strieborn\u00fd konferen\u010dn\u00fd stol\u00edk Hammerschlag-Optik \u00d8 80 cm \u00bb sa stane dominantou V\u00e1\u0161ho interi\u00e9ru. Internetov\u00fd obchod ikuchyne! pon\u00faka odber Strieborn\u00fd konferen\u010dn\u00fd stol\u00edk Hammerschlag-Optik \u00d8 80 cm \u00bb u\u017e od 1 kusu.","breadcrumb":{"@id":"https:\/\/www.ikuchyne.sk\/eshop\/produkt\/strieborny-konferencny-stolik-hammerschlag-optik-o-80-cm\/#breadcrumb"},"inLanguage":"sk-SK","potentialAction":[{"@type":"ReadAction","target":["https:\/\/www.ikuchyne.sk\/eshop\/produkt\/strieborny-konferencny-stolik-hammerschlag-optik-o-80-cm\/"]}]},{"@type":"BreadcrumbList","@id":"https:\/\/www.ikuchyne.sk\/eshop\/produkt\/strieborny-konferencny-stolik-hammerschlag-optik-o-80-cm\/#breadcrumb","itemListElement":[{"@type":"ListItem","position":1,"name":"Home","item":"https:\/\/www.ikuchyne.sk\/eshop\/"},{"@type":"ListItem","position":2,"name":"Obchod","item":"https:\/\/www.ikuchyne.sk\/eshop\/obchod\/"},{"@type":"ListItem","position":3,"name":"Strieborn\u00fd konferen\u010dn\u00fd stol\u00edk Hammerschlag-Optik \u00d8 80 cm \u00bb"}]},{"@type":"WebSite","@id":"https:\/\/www.ikuchyne.sk\/eshop\/#website","url":"https:\/\/www.ikuchyne.sk\/eshop\/","name":"iKuchyne iSHOP s n\u00e1bytkom","description":"Jed\u00e1lensk\u00e9 stoly, stoli\u010dky, n\u00e1bytok, svietidl\u00e1...","publisher":{"@id":"https:\/\/www.ikuchyne.sk\/eshop\/#organization"},"potentialAction":[{"@type":"SearchAction","target":{"@type":"EntryPoint","urlTemplate":"https:\/\/www.ikuchyne.sk\/eshop\/?s={search_term_string}"},"query-input":"required name=search_term_string"}],"inLanguage":"sk-SK"},{"@type":"Organization","@id":"https:\/\/www.ikuchyne.sk\/eshop\/#organization","name":"ikuchyne!","url":"https:\/\/www.ikuchyne.sk\/eshop\/","logo":{"@type":"ImageObject","inLanguage":"sk-SK","@id":"https:\/\/www.ikuchyne.sk\/eshop\/#\/schema\/logo\/image\/","url":"https:\/\/www.ikuchyne.sk\/eshop\/wp-content\/uploads\/2017\/04\/ikuchyne-logo.jpg","contentUrl":"https:\/\/www.ikuchyne.sk\/eshop\/wp-content\/uploads\/2017\/04\/ikuchyne-logo.jpg","width":200,"height":48,"caption":"ikuchyne!"},"image":{"@id":"https:\/\/www.ikuchyne.sk\/eshop\/#\/schema\/logo\/image\/"},"sameAs":["https:\/\/www.facebook.com\/ikuchyne\/","https:\/\/www.instagram.com\/ikuchyne.sk\/","https:\/\/sk.pinterest.com\/ikuchynesk\/"]}]}},"_links":{"self":[{"href":"https:\/\/www.ikuchyne.sk\/eshop\/wp-json\/wp\/v2\/product\/76004"}],"collection":[{"href":"https:\/\/www.ikuchyne.sk\/eshop\/wp-json\/wp\/v2\/product"}],"about":[{"href":"https:\/\/www.ikuchyne.sk\/eshop\/wp-json\/wp\/v2\/types\/product"}],"replies":[{"embeddable":true,"href":"https:\/\/www.ikuchyne.sk\/eshop\/wp-json\/wp\/v2\/comments?post=76004"}],"wp:featuredmedia":[{"embeddable":true,"href":"https:\/\/www.ikuchyne.sk\/eshop\/wp-json\/wp\/v2\/media\/76005"}],"wp:attachment":[{"href":"https:\/\/www.ikuchyne.sk\/eshop\/wp-json\/wp\/v2\/media?parent=76004"}],"wp:term":[{"taxonomy":"product_cat","embeddable":true,"href":"https:\/\/www.ikuchyne.sk\/eshop\/wp-json\/wp\/v2\/product_cat?post=76004"},{"taxonomy":"product_tag","embeddable":true,"href":"https:\/\/www.ikuchyne.sk\/eshop\/wp-json\/wp\/v2\/product_tag?post=76004"}],"curies":[{"name":"wp","href":"https:\/\/api.w.org\/{rel}","templated":true}]}}