{"id":7609,"date":"2017-04-25T16:08:35","date_gmt":"2017-04-25T14:08:35","guid":{"rendered":"http:\/\/potocan.com\/eshop\/produkt\/stolicka-lagos-sheesham\/"},"modified":"2024-01-25T08:14:42","modified_gmt":"2024-01-25T07:14:42","slug":"stolicka-lagos-sheesham","status":"publish","type":"product","link":"https:\/\/www.ikuchyne.sk\/eshop\/produkt\/stolicka-lagos-sheesham\/","title":{"rendered":"Dreven\u00e1 jed\u00e1lensk\u00e1 stoli\u010dka Lagos \u00bb"},"content":{"rendered":"<h1>Dreven\u00e1 jed\u00e1lensk\u00e1 stoli\u010dka Lagos<\/h1>\n<div class=\"electro-description\">\n<div class=\"electro-description\">\n<p><strong>V\u0161eobecn\u00fd opis stoli\u010dky:<br \/>\n<\/strong>Dreven\u00e1 jed\u00e1lensk\u00e1 stoli\u010dka zo s\u00e9rie Lagos je ako stvoren\u00e1 pre vidiecky \u0161t\u00fdl. Stoli\u010dka je\u00a0 je vytvoren\u00e1 z kvalitn\u00e9ho a origin\u00e1lneho dreva sheesham.\u00a0T\u00e1to drevina patr\u00ed k najkvalitnej\u0161\u00edm drev\u00e1m s najvy\u0161\u0161ou hustotou. Sed\u00e1k tejto stoli\u010dky je tvoren\u00fd mas\u00edvom spom\u00ednan\u00e9ho dreva sheesham. Podno\u017e stoli\u010dky tvoria klasick\u00e9 pr\u00edrodn\u00e9 dreven\u00e9 nohy. T\u00e1to jed\u00e1lensk\u00e1 stoli\u010dka svoj\u00edm nevtierav\u00fdm dizajnom perfektne dopln\u00ed mas\u00edvny dreven\u00fd jed\u00e1lensk\u00fd st\u00f4l zo s\u00e9rie Lagos.<\/p>\n<p><strong>Sed\u00e1k stoli\u010dky:<br \/>\n<\/strong>Sed\u00e1k tejto stoli\u010dky tvor\u00ed mas\u00edv\u00a0 kvalitn\u00e9ho a origin\u00e1lneho dreva sheesham.<\/p>\n<p><strong>Podno\u017e stoli\u010dky:<br \/>\n<\/strong>Klasick\u00e9 nohy z dreva v pr\u00edrodnej farbe robia stoli\u010dku stabilnou a zv\u00fdraz\u0148uj\u00fa jej \u0161t\u00fdl.<\/p>\n<p><strong>\u010eal\u0161ie inform\u00e1cie:<br \/>\n<\/strong>Kvalitn\u00e9 spracovanie a nen\u00e1ro\u010dnos\u0165 na \u00fadr\u017ebu tvoria z tejto stoli\u010dky jedine\u010dn\u00fd kus dreven\u00e9ho n\u00e1bytku , ktor\u00fd zapadne do vidieckeho \u0161t\u00fdlu. O\u0161etrujeme vlhkou bavlnenou handri\u010dkou.<\/p>\n<p><b>Rozmery stoli\u010dky:<br \/>\n\u0160\u00edrka stoli\u010dky:\u00a0<\/b>45 cm<b><br \/>\nV\u00fd\u0161ka stoli\u010dky: <\/b>90 cm<b><br \/>\nH\u013abka stoli\u010dky: <\/b>45\u00a0cm<\/p>\n<p><b>Materi\u00e1l:<\/b>\u00a0drevo (mas\u00edv), sheesham, ochrann\u00fd lak<\/p>\n<p><b>Farba:<\/b>\u00a0pr\u00edrodn\u00e1<\/p>\n<\/div>\n<\/div>\n<p>&nbsp;<\/p>\n","protected":false},"excerpt":{"rendered":"<p>Dreven\u00e1 jed\u00e1lensk\u00e1 stoli\u010dka Lagos V\u0161eobecn\u00fd opis stoli\u010dky: Dreven\u00e1 jed\u00e1lensk\u00e1 stoli\u010dka zo s\u00e9rie Lagos je ako stvoren\u00e1 pre vidiecky \u0161t\u00fdl. Stoli\u010dka je\u00a0 je vytvoren\u00e1 z kvalitn\u00e9ho a origin\u00e1lneho dreva sheesham.\u00a0T\u00e1to drevina<\/p>\n","protected":false},"featured_media":7610,"comment_status":"open","ping_status":"closed","template":"","meta":[],"product_cat":[938,310,824,829,821],"product_tag":[261],"yoast_head":"<!-- This site is optimized with the Yoast SEO plugin v22.1 - https:\/\/yoast.com\/wordpress\/plugins\/seo\/ -->\n<title>Dreven\u00e1 jed\u00e1lensk\u00e1 stoli\u010dka Lagos \u00bb &#187; iKuchyne iSHOP s n\u00e1bytkom<\/title>\n<meta name=\"description\" content=\"K\u00fapte si u n\u00e1s Dreven\u00e1 jed\u00e1lensk\u00e1 stoli\u010dka Lagos \u00bb za akciov\u00fa cenu. R\u00fdchle dodanie tovaru, odborn\u00e9 poradenstvo a stovky produktov skladom. Dreven\u00e1 jed\u00e1lensk\u00e1 stoli\u010dka Lagos \u00bb sa stane dominantou V\u00e1\u0161ho interi\u00e9ru. Internetov\u00fd obchod ikuchyne! pon\u00faka odber Dreven\u00e1 jed\u00e1lensk\u00e1 stoli\u010dka Lagos \u00bb u\u017e od 1 kusu.\" \/>\n<meta name=\"robots\" content=\"index, follow, max-snippet:-1, max-image-preview:large, max-video-preview:-1\" \/>\n<link rel=\"canonical\" href=\"https:\/\/www.ikuchyne.sk\/eshop\/produkt\/stolicka-lagos-sheesham\/\" \/>\n<meta property=\"og:locale\" content=\"sk_SK\" \/>\n<meta property=\"og:type\" content=\"article\" \/>\n<meta property=\"og:title\" content=\"Dreven\u00e1 jed\u00e1lensk\u00e1 stoli\u010dka Lagos \u00bb &#187; iKuchyne iSHOP s n\u00e1bytkom\" \/>\n<meta property=\"og:description\" content=\"K\u00fapte si u n\u00e1s Dreven\u00e1 jed\u00e1lensk\u00e1 stoli\u010dka Lagos \u00bb za akciov\u00fa cenu. R\u00fdchle dodanie tovaru, odborn\u00e9 poradenstvo a stovky produktov skladom. Dreven\u00e1 jed\u00e1lensk\u00e1 stoli\u010dka Lagos \u00bb sa stane dominantou V\u00e1\u0161ho interi\u00e9ru. Internetov\u00fd obchod ikuchyne! pon\u00faka odber Dreven\u00e1 jed\u00e1lensk\u00e1 stoli\u010dka Lagos \u00bb u\u017e od 1 kusu.\" \/>\n<meta property=\"og:url\" content=\"https:\/\/www.ikuchyne.sk\/eshop\/produkt\/stolicka-lagos-sheesham\/\" \/>\n<meta property=\"og:site_name\" content=\"iKuchyne iSHOP s n\u00e1bytkom\" \/>\n<meta property=\"article:publisher\" content=\"https:\/\/www.facebook.com\/ikuchyne\/\" \/>\n<meta property=\"article:modified_time\" content=\"2024-01-25T07:14:42+00:00\" \/>\n<meta property=\"og:image\" content=\"https:\/\/www.ikuchyne.sk\/eshop\/wp-content\/uploads\/2017\/04\/stolicka-lagos-sheesham.jpg\" \/>\n\t<meta property=\"og:image:width\" content=\"800\" \/>\n\t<meta property=\"og:image:height\" content=\"533\" \/>\n\t<meta property=\"og:image:type\" content=\"image\/jpeg\" \/>\n<meta name=\"twitter:card\" content=\"summary_large_image\" \/>\n<meta name=\"twitter:label1\" content=\"Predpokladan\u00fd \u010das \u010d\u00edtania\" \/>\n\t<meta name=\"twitter:data1\" content=\"1 min\u00fata\" \/>\n<script type=\"application\/ld+json\" class=\"yoast-schema-graph\">{\"@context\":\"https:\/\/schema.org\",\"@graph\":[{\"@type\":\"WebPage\",\"@id\":\"https:\/\/www.ikuchyne.sk\/eshop\/produkt\/stolicka-lagos-sheesham\/\",\"url\":\"https:\/\/www.ikuchyne.sk\/eshop\/produkt\/stolicka-lagos-sheesham\/\",\"name\":\"Dreven\u00e1 jed\u00e1lensk\u00e1 stoli\u010dka Lagos \u00bb &#187; iKuchyne iSHOP s n\u00e1bytkom\",\"isPartOf\":{\"@id\":\"https:\/\/www.ikuchyne.sk\/eshop\/#website\"},\"datePublished\":\"2017-04-25T14:08:35+00:00\",\"dateModified\":\"2024-01-25T07:14:42+00:00\",\"description\":\"K\u00fapte si u n\u00e1s Dreven\u00e1 jed\u00e1lensk\u00e1 stoli\u010dka Lagos \u00bb za akciov\u00fa cenu. R\u00fdchle dodanie tovaru, odborn\u00e9 poradenstvo a stovky produktov skladom. Dreven\u00e1 jed\u00e1lensk\u00e1 stoli\u010dka Lagos \u00bb sa stane dominantou V\u00e1\u0161ho interi\u00e9ru. Internetov\u00fd obchod ikuchyne! pon\u00faka odber Dreven\u00e1 jed\u00e1lensk\u00e1 stoli\u010dka Lagos \u00bb u\u017e od 1 kusu.\",\"breadcrumb\":{\"@id\":\"https:\/\/www.ikuchyne.sk\/eshop\/produkt\/stolicka-lagos-sheesham\/#breadcrumb\"},\"inLanguage\":\"sk-SK\",\"potentialAction\":[{\"@type\":\"ReadAction\",\"target\":[\"https:\/\/www.ikuchyne.sk\/eshop\/produkt\/stolicka-lagos-sheesham\/\"]}]},{\"@type\":\"BreadcrumbList\",\"@id\":\"https:\/\/www.ikuchyne.sk\/eshop\/produkt\/stolicka-lagos-sheesham\/#breadcrumb\",\"itemListElement\":[{\"@type\":\"ListItem\",\"position\":1,\"name\":\"Home\",\"item\":\"https:\/\/www.ikuchyne.sk\/eshop\/\"},{\"@type\":\"ListItem\",\"position\":2,\"name\":\"Obchod\",\"item\":\"https:\/\/www.ikuchyne.sk\/eshop\/obchod\/\"},{\"@type\":\"ListItem\",\"position\":3,\"name\":\"Dreven\u00e1 jed\u00e1lensk\u00e1 stoli\u010dka Lagos \u00bb\"}]},{\"@type\":\"WebSite\",\"@id\":\"https:\/\/www.ikuchyne.sk\/eshop\/#website\",\"url\":\"https:\/\/www.ikuchyne.sk\/eshop\/\",\"name\":\"iKuchyne iSHOP s n\u00e1bytkom\",\"description\":\"Jed\u00e1lensk\u00e9 stoly, stoli\u010dky, n\u00e1bytok, svietidl\u00e1...\",\"publisher\":{\"@id\":\"https:\/\/www.ikuchyne.sk\/eshop\/#organization\"},\"potentialAction\":[{\"@type\":\"SearchAction\",\"target\":{\"@type\":\"EntryPoint\",\"urlTemplate\":\"https:\/\/www.ikuchyne.sk\/eshop\/?s={search_term_string}\"},\"query-input\":\"required name=search_term_string\"}],\"inLanguage\":\"sk-SK\"},{\"@type\":\"Organization\",\"@id\":\"https:\/\/www.ikuchyne.sk\/eshop\/#organization\",\"name\":\"ikuchyne!\",\"url\":\"https:\/\/www.ikuchyne.sk\/eshop\/\",\"logo\":{\"@type\":\"ImageObject\",\"inLanguage\":\"sk-SK\",\"@id\":\"https:\/\/www.ikuchyne.sk\/eshop\/#\/schema\/logo\/image\/\",\"url\":\"https:\/\/www.ikuchyne.sk\/eshop\/wp-content\/uploads\/2017\/04\/ikuchyne-logo.jpg\",\"contentUrl\":\"https:\/\/www.ikuchyne.sk\/eshop\/wp-content\/uploads\/2017\/04\/ikuchyne-logo.jpg\",\"width\":200,\"height\":48,\"caption\":\"ikuchyne!\"},\"image\":{\"@id\":\"https:\/\/www.ikuchyne.sk\/eshop\/#\/schema\/logo\/image\/\"},\"sameAs\":[\"https:\/\/www.facebook.com\/ikuchyne\/\",\"https:\/\/www.instagram.com\/ikuchyne.sk\/\",\"https:\/\/sk.pinterest.com\/ikuchynesk\/\"]}]}<\/script>\n<!-- \/ Yoast SEO plugin. -->","yoast_head_json":{"title":"Dreven\u00e1 jed\u00e1lensk\u00e1 stoli\u010dka Lagos \u00bb &#187; iKuchyne iSHOP s n\u00e1bytkom","description":"K\u00fapte si u n\u00e1s Dreven\u00e1 jed\u00e1lensk\u00e1 stoli\u010dka Lagos \u00bb za akciov\u00fa cenu. R\u00fdchle dodanie tovaru, odborn\u00e9 poradenstvo a stovky produktov skladom. Dreven\u00e1 jed\u00e1lensk\u00e1 stoli\u010dka Lagos \u00bb sa stane dominantou V\u00e1\u0161ho interi\u00e9ru. Internetov\u00fd obchod ikuchyne! pon\u00faka odber Dreven\u00e1 jed\u00e1lensk\u00e1 stoli\u010dka Lagos \u00bb u\u017e od 1 kusu.","robots":{"index":"index","follow":"follow","max-snippet":"max-snippet:-1","max-image-preview":"max-image-preview:large","max-video-preview":"max-video-preview:-1"},"canonical":"https:\/\/www.ikuchyne.sk\/eshop\/produkt\/stolicka-lagos-sheesham\/","og_locale":"sk_SK","og_type":"article","og_title":"Dreven\u00e1 jed\u00e1lensk\u00e1 stoli\u010dka Lagos \u00bb &#187; iKuchyne iSHOP s n\u00e1bytkom","og_description":"K\u00fapte si u n\u00e1s Dreven\u00e1 jed\u00e1lensk\u00e1 stoli\u010dka Lagos \u00bb za akciov\u00fa cenu. R\u00fdchle dodanie tovaru, odborn\u00e9 poradenstvo a stovky produktov skladom. Dreven\u00e1 jed\u00e1lensk\u00e1 stoli\u010dka Lagos \u00bb sa stane dominantou V\u00e1\u0161ho interi\u00e9ru. Internetov\u00fd obchod ikuchyne! pon\u00faka odber Dreven\u00e1 jed\u00e1lensk\u00e1 stoli\u010dka Lagos \u00bb u\u017e od 1 kusu.","og_url":"https:\/\/www.ikuchyne.sk\/eshop\/produkt\/stolicka-lagos-sheesham\/","og_site_name":"iKuchyne iSHOP s n\u00e1bytkom","article_publisher":"https:\/\/www.facebook.com\/ikuchyne\/","article_modified_time":"2024-01-25T07:14:42+00:00","og_image":[{"width":800,"height":533,"url":"https:\/\/www.ikuchyne.sk\/eshop\/wp-content\/uploads\/2017\/04\/stolicka-lagos-sheesham.jpg","type":"image\/jpeg"}],"twitter_card":"summary_large_image","twitter_misc":{"Predpokladan\u00fd \u010das \u010d\u00edtania":"1 min\u00fata"},"schema":{"@context":"https:\/\/schema.org","@graph":[{"@type":"WebPage","@id":"https:\/\/www.ikuchyne.sk\/eshop\/produkt\/stolicka-lagos-sheesham\/","url":"https:\/\/www.ikuchyne.sk\/eshop\/produkt\/stolicka-lagos-sheesham\/","name":"Dreven\u00e1 jed\u00e1lensk\u00e1 stoli\u010dka Lagos \u00bb &#187; iKuchyne iSHOP s n\u00e1bytkom","isPartOf":{"@id":"https:\/\/www.ikuchyne.sk\/eshop\/#website"},"datePublished":"2017-04-25T14:08:35+00:00","dateModified":"2024-01-25T07:14:42+00:00","description":"K\u00fapte si u n\u00e1s Dreven\u00e1 jed\u00e1lensk\u00e1 stoli\u010dka Lagos \u00bb za akciov\u00fa cenu. R\u00fdchle dodanie tovaru, odborn\u00e9 poradenstvo a stovky produktov skladom. Dreven\u00e1 jed\u00e1lensk\u00e1 stoli\u010dka Lagos \u00bb sa stane dominantou V\u00e1\u0161ho interi\u00e9ru. Internetov\u00fd obchod ikuchyne! pon\u00faka odber Dreven\u00e1 jed\u00e1lensk\u00e1 stoli\u010dka Lagos \u00bb u\u017e od 1 kusu.","breadcrumb":{"@id":"https:\/\/www.ikuchyne.sk\/eshop\/produkt\/stolicka-lagos-sheesham\/#breadcrumb"},"inLanguage":"sk-SK","potentialAction":[{"@type":"ReadAction","target":["https:\/\/www.ikuchyne.sk\/eshop\/produkt\/stolicka-lagos-sheesham\/"]}]},{"@type":"BreadcrumbList","@id":"https:\/\/www.ikuchyne.sk\/eshop\/produkt\/stolicka-lagos-sheesham\/#breadcrumb","itemListElement":[{"@type":"ListItem","position":1,"name":"Home","item":"https:\/\/www.ikuchyne.sk\/eshop\/"},{"@type":"ListItem","position":2,"name":"Obchod","item":"https:\/\/www.ikuchyne.sk\/eshop\/obchod\/"},{"@type":"ListItem","position":3,"name":"Dreven\u00e1 jed\u00e1lensk\u00e1 stoli\u010dka Lagos \u00bb"}]},{"@type":"WebSite","@id":"https:\/\/www.ikuchyne.sk\/eshop\/#website","url":"https:\/\/www.ikuchyne.sk\/eshop\/","name":"iKuchyne iSHOP s n\u00e1bytkom","description":"Jed\u00e1lensk\u00e9 stoly, stoli\u010dky, n\u00e1bytok, svietidl\u00e1...","publisher":{"@id":"https:\/\/www.ikuchyne.sk\/eshop\/#organization"},"potentialAction":[{"@type":"SearchAction","target":{"@type":"EntryPoint","urlTemplate":"https:\/\/www.ikuchyne.sk\/eshop\/?s={search_term_string}"},"query-input":"required name=search_term_string"}],"inLanguage":"sk-SK"},{"@type":"Organization","@id":"https:\/\/www.ikuchyne.sk\/eshop\/#organization","name":"ikuchyne!","url":"https:\/\/www.ikuchyne.sk\/eshop\/","logo":{"@type":"ImageObject","inLanguage":"sk-SK","@id":"https:\/\/www.ikuchyne.sk\/eshop\/#\/schema\/logo\/image\/","url":"https:\/\/www.ikuchyne.sk\/eshop\/wp-content\/uploads\/2017\/04\/ikuchyne-logo.jpg","contentUrl":"https:\/\/www.ikuchyne.sk\/eshop\/wp-content\/uploads\/2017\/04\/ikuchyne-logo.jpg","width":200,"height":48,"caption":"ikuchyne!"},"image":{"@id":"https:\/\/www.ikuchyne.sk\/eshop\/#\/schema\/logo\/image\/"},"sameAs":["https:\/\/www.facebook.com\/ikuchyne\/","https:\/\/www.instagram.com\/ikuchyne.sk\/","https:\/\/sk.pinterest.com\/ikuchynesk\/"]}]}},"_links":{"self":[{"href":"https:\/\/www.ikuchyne.sk\/eshop\/wp-json\/wp\/v2\/product\/7609"}],"collection":[{"href":"https:\/\/www.ikuchyne.sk\/eshop\/wp-json\/wp\/v2\/product"}],"about":[{"href":"https:\/\/www.ikuchyne.sk\/eshop\/wp-json\/wp\/v2\/types\/product"}],"replies":[{"embeddable":true,"href":"https:\/\/www.ikuchyne.sk\/eshop\/wp-json\/wp\/v2\/comments?post=7609"}],"wp:featuredmedia":[{"embeddable":true,"href":"https:\/\/www.ikuchyne.sk\/eshop\/wp-json\/wp\/v2\/media\/7610"}],"wp:attachment":[{"href":"https:\/\/www.ikuchyne.sk\/eshop\/wp-json\/wp\/v2\/media?parent=7609"}],"wp:term":[{"taxonomy":"product_cat","embeddable":true,"href":"https:\/\/www.ikuchyne.sk\/eshop\/wp-json\/wp\/v2\/product_cat?post=7609"},{"taxonomy":"product_tag","embeddable":true,"href":"https:\/\/www.ikuchyne.sk\/eshop\/wp-json\/wp\/v2\/product_tag?post=7609"}],"curies":[{"name":"wp","href":"https:\/\/api.w.org\/{rel}","templated":true}]}}