{"id":77016,"date":"2018-05-25T10:16:18","date_gmt":"2018-05-25T08:16:18","guid":{"rendered":"https:\/\/ikuchyne.sk\/eshop\/?post_type=product&#038;p=77016"},"modified":"2024-03-10T19:20:06","modified_gmt":"2024-03-10T18:20:06","slug":"komoda-mammut-42-x-135-cm","status":"publish","type":"product","link":"https:\/\/www.ikuchyne.sk\/eshop\/produkt\/komoda-mammut-42-x-135-cm\/","title":{"rendered":"Komoda Mammut 42 x 135 cm \u00bb"},"content":{"rendered":"<h1>Komoda Mammut 42 x 135 cm \u00bb<\/h1>\n<h4><strong>V\u0161eobecn\u00fd popis:<\/strong><\/h4>\n<p>Priestrann\u00e1 komoda Mammut 42 x 135 cm s povrchom v povrchovej \u00faprave u\u0161\u013eachtil\u00e9ho medu. Po\u010detn\u00e9 priehradky a z\u00e1suvky pon\u00fakaj\u00fa va\u0161im ob\u00fdvac\u00edm potreb\u00e1m dostatok priestoru. Odoln\u00e9 ak\u00e1ciov\u00e9 drevo bolo starostlivo nalakovan\u00e9 a t\u00fdm dodato\u010dne chr\u00e1nen\u00e9. Doprajte si pr\u00edrodn\u00fa eleganciu s t\u00fdmto pr\u00edborn\u00edkom a komodou v jednom!<\/p>\n<p>Pr\u00edborn\u00edk pre prirodzen\u00fa \u017eivotn\u00fa atmosf\u00e9ru. Objavte n\u00e1\u0161 mimoriadny pr\u00edborn\u00edk MAMMUT s povrchovou \u00fapravou z u\u0161\u013eachtil\u00e9ho medu! Jeho materi\u00e1l bol vyroben\u00fd pomocou \u0161peci\u00e1lne vyvinut\u00e9ho stroja, ktor\u00fd re\u017ee drevo v p\u00f4vodnom stave s k\u00f4rou na po\u017eadovan\u00fa hr\u00fabku. A\u017e po dlh\u0161ej f\u00e1ze su\u0161enia je potom mo\u017en\u00e9 v zlo\u017eitom procese najsk\u00f4r odstr\u00e1ni\u0165 k\u00f4ru a potom sa okraje tak jemne prebr\u00fasia, natr\u00fa a povrchovo utesnia. Podopieraj\u00fa ho dve pevn\u00e9 chr\u00f3movan\u00e9 ly\u017einy.<\/p>\n<p>M\u00f4\u017eete te\u0161i\u0165 na dostatok \u00falo\u017en\u00e9ho priestoru!<br \/>\nT\u00e1to komoda m\u00e1 celkovo \u0161tyri priehradky na dvere a dve z\u00e1suvky: d\u00e1 sa do nich \u0161t\u00fdlovo ulo\u017ei\u0165 ka\u017edodenn\u00fd riad. Horn\u00e1 doska pr\u00edborn\u00edka tie\u017e pon\u00faka dostatok priestoru na vlo\u017eenie jedn\u00e9ho alebo druh\u00e9ho dekora\u010dn\u00e9ho predmetu do svetiel reflektorov, predn\u00e1 strana bola vyroben\u00e1 z jedn\u00e9ho kusu zlo\u017eitou manu\u00e1lnou pr\u00e1cou.<\/p>\n<h4><strong>Detaily produktu:<\/strong><\/h4>\n<p>Preto\u017ee sa jedn\u00e1 o pr\u00edrodn\u00fd produkt, ka\u017ed\u00e1 k\u00f3pia je \u00faplne jedine\u010dn\u00e1. Nerovnosti, charizmatick\u00e9 uzly, praskliny alebo dokonca rozmerov\u00e9 rozdiely s\u00fa mo\u017en\u00e9 a vytv\u00e1raj\u00fa originalitu a vytv\u00e1raj\u00fa \u010daro mas\u00edvneho dreva. Okrem toho m\u00f4\u017eu existova\u0165 farebn\u00e9 odch\u00fdlky. T\u00fato komodu je mo\u017en\u00e9 \u00fa\u017easne v\u0161estranne kombinova\u0165 s in\u00fdm n\u00e1bytkom. Vhodn\u00e9 bytov\u00e9 doplnky pre kombinovanie interi\u00e9ru s touto komodou n\u00e1jdete na na\u0161om e-shope v sekcii Bytov\u00e9 doplnky. Kontaktujte n\u00e1s a my v\u00e1m radi pom\u00f4\u017eeme s v\u00fdberom vhodn\u00fdch dekor\u00e1ci\u00ed a n\u00e1bytku do va\u0161ej dom\u00e1cnosti v akomko\u013evek \u0161t\u00fdle pre ka\u017ed\u00fa va\u0161u miestnos\u0165 u v\u00e1s doma.<\/p>\n<p><b>Rozmery komody:<\/b><br \/>\n\u0160\u00edrka komody: 42 cm<br \/>\nD\u013a\u017eka komody: 135 cm<br \/>\nV\u00fd\u0161ka komody: 88 cm<\/p>\n<p><strong>Rozmery z\u00e1suvky:\u00a0<\/strong>37 x 11 x 32 cm (\u0160xVxH)<br \/>\n<strong>V\u00fd\u0161ka nohy:<\/strong> 12 cm<\/p>\n<p><b>Materi\u00e1l:\u00a0<\/b>drevo (mas\u00edv) &#8211; lakovan\u00fd ag\u00e1t, u\u0161\u013eachtil\u00e1 oce\u013e<\/p>\n<p><b>Farba:<\/b>\u00a0pr\u00edrodn\u00e1<\/p>\n<p>V pr\u00edpade z\u00e1ujmu o in\u00fd n\u00e1bytok ako TV stol\u00edk, komodu, reg\u00e1l \u010di skrine, nav\u0161t\u00edvte sekciu n\u00e1bytok na <a href=\"https:\/\/www.ikuchyne.sk\/eshop\/kategoria\/nabytok\/\">www.ikuchyne.sk\/eshop<\/a><br \/>\nV pr\u00edpade z\u00e1ujmu o n\u00e1bytok na mieru n\u00e1s kontaktuje na <a href=\"http:\/\/www.ikuchyne.sk\">www.ikuchyne.sk<\/a><\/p>\n","protected":false},"excerpt":{"rendered":"<p>Komoda Mammut 42 x 135 cm \u00bb V\u0161eobecn\u00fd popis: Priestrann\u00e1 komoda Mammut 42 x 135 cm s povrchom v povrchovej \u00faprave u\u0161\u013eachtil\u00e9ho medu. Po\u010detn\u00e9 priehradky a z\u00e1suvky pon\u00fakaj\u00fa va\u0161im ob\u00fdvac\u00edm<\/p>\n","protected":false},"featured_media":77017,"comment_status":"open","ping_status":"closed","template":"","meta":[],"product_cat":[286,293],"product_tag":[261],"yoast_head":"<!-- This site is optimized with the Yoast SEO plugin v22.1 - https:\/\/yoast.com\/wordpress\/plugins\/seo\/ -->\n<title>Komoda Mammut 42 x 135 cm \u00bb &#187; iKuchyne iSHOP s n\u00e1bytkom<\/title>\n<meta name=\"description\" content=\"Komoda Mammut 42 x 135 cm \u00bb - r\u00fdchle dodanie, poradenstvo, n\u00e1bytok skladom v Bratislave s ikuchyne.sk - kuchyne na mieru.\" \/>\n<meta name=\"robots\" content=\"index, follow, max-snippet:-1, max-image-preview:large, max-video-preview:-1\" \/>\n<link rel=\"canonical\" href=\"https:\/\/www.ikuchyne.sk\/eshop\/produkt\/komoda-mammut-42-x-135-cm\/\" \/>\n<meta property=\"og:locale\" content=\"sk_SK\" \/>\n<meta property=\"og:type\" content=\"article\" \/>\n<meta property=\"og:title\" content=\"Komoda Mammut 42 x 135 cm \u00bb &#187; iKuchyne iSHOP s n\u00e1bytkom\" \/>\n<meta property=\"og:description\" content=\"Komoda Mammut 42 x 135 cm \u00bb - r\u00fdchle dodanie, poradenstvo, n\u00e1bytok skladom v Bratislave s ikuchyne.sk - kuchyne na mieru.\" \/>\n<meta property=\"og:url\" content=\"https:\/\/www.ikuchyne.sk\/eshop\/produkt\/komoda-mammut-42-x-135-cm\/\" \/>\n<meta property=\"og:site_name\" content=\"iKuchyne iSHOP s n\u00e1bytkom\" \/>\n<meta property=\"article:publisher\" content=\"https:\/\/www.facebook.com\/ikuchyne\/\" \/>\n<meta property=\"article:modified_time\" content=\"2024-03-10T18:20:06+00:00\" \/>\n<meta property=\"og:image\" content=\"https:\/\/www.ikuchyne.sk\/eshop\/wp-content\/uploads\/2018\/05\/Pribornik-Mammut-135cm-agat-38473.jpg\" \/>\n\t<meta property=\"og:image:width\" content=\"800\" \/>\n\t<meta property=\"og:image:height\" content=\"533\" \/>\n\t<meta property=\"og:image:type\" content=\"image\/jpeg\" \/>\n<meta name=\"twitter:card\" content=\"summary_large_image\" \/>\n<meta name=\"twitter:label1\" content=\"Predpokladan\u00fd \u010das \u010d\u00edtania\" \/>\n\t<meta name=\"twitter:data1\" content=\"2 min\u00faty\" \/>\n<script type=\"application\/ld+json\" class=\"yoast-schema-graph\">{\"@context\":\"https:\/\/schema.org\",\"@graph\":[{\"@type\":\"WebPage\",\"@id\":\"https:\/\/www.ikuchyne.sk\/eshop\/produkt\/komoda-mammut-42-x-135-cm\/\",\"url\":\"https:\/\/www.ikuchyne.sk\/eshop\/produkt\/komoda-mammut-42-x-135-cm\/\",\"name\":\"Komoda Mammut 42 x 135 cm \u00bb &#187; iKuchyne iSHOP s n\u00e1bytkom\",\"isPartOf\":{\"@id\":\"https:\/\/www.ikuchyne.sk\/eshop\/#website\"},\"datePublished\":\"2018-05-25T08:16:18+00:00\",\"dateModified\":\"2024-03-10T18:20:06+00:00\",\"description\":\"Komoda Mammut 42 x 135 cm \u00bb - r\u00fdchle dodanie, poradenstvo, n\u00e1bytok skladom v Bratislave s ikuchyne.sk - kuchyne na mieru.\",\"breadcrumb\":{\"@id\":\"https:\/\/www.ikuchyne.sk\/eshop\/produkt\/komoda-mammut-42-x-135-cm\/#breadcrumb\"},\"inLanguage\":\"sk-SK\",\"potentialAction\":[{\"@type\":\"ReadAction\",\"target\":[\"https:\/\/www.ikuchyne.sk\/eshop\/produkt\/komoda-mammut-42-x-135-cm\/\"]}]},{\"@type\":\"BreadcrumbList\",\"@id\":\"https:\/\/www.ikuchyne.sk\/eshop\/produkt\/komoda-mammut-42-x-135-cm\/#breadcrumb\",\"itemListElement\":[{\"@type\":\"ListItem\",\"position\":1,\"name\":\"Home\",\"item\":\"https:\/\/www.ikuchyne.sk\/eshop\/\"},{\"@type\":\"ListItem\",\"position\":2,\"name\":\"Obchod\",\"item\":\"https:\/\/www.ikuchyne.sk\/eshop\/obchod\/\"},{\"@type\":\"ListItem\",\"position\":3,\"name\":\"Komoda Mammut 42 x 135 cm \u00bb\"}]},{\"@type\":\"WebSite\",\"@id\":\"https:\/\/www.ikuchyne.sk\/eshop\/#website\",\"url\":\"https:\/\/www.ikuchyne.sk\/eshop\/\",\"name\":\"iKuchyne iSHOP s n\u00e1bytkom\",\"description\":\"Jed\u00e1lensk\u00e9 stoly, stoli\u010dky, n\u00e1bytok, svietidl\u00e1...\",\"publisher\":{\"@id\":\"https:\/\/www.ikuchyne.sk\/eshop\/#organization\"},\"potentialAction\":[{\"@type\":\"SearchAction\",\"target\":{\"@type\":\"EntryPoint\",\"urlTemplate\":\"https:\/\/www.ikuchyne.sk\/eshop\/?s={search_term_string}\"},\"query-input\":\"required name=search_term_string\"}],\"inLanguage\":\"sk-SK\"},{\"@type\":\"Organization\",\"@id\":\"https:\/\/www.ikuchyne.sk\/eshop\/#organization\",\"name\":\"ikuchyne!\",\"url\":\"https:\/\/www.ikuchyne.sk\/eshop\/\",\"logo\":{\"@type\":\"ImageObject\",\"inLanguage\":\"sk-SK\",\"@id\":\"https:\/\/www.ikuchyne.sk\/eshop\/#\/schema\/logo\/image\/\",\"url\":\"https:\/\/www.ikuchyne.sk\/eshop\/wp-content\/uploads\/2017\/04\/ikuchyne-logo.jpg\",\"contentUrl\":\"https:\/\/www.ikuchyne.sk\/eshop\/wp-content\/uploads\/2017\/04\/ikuchyne-logo.jpg\",\"width\":200,\"height\":48,\"caption\":\"ikuchyne!\"},\"image\":{\"@id\":\"https:\/\/www.ikuchyne.sk\/eshop\/#\/schema\/logo\/image\/\"},\"sameAs\":[\"https:\/\/www.facebook.com\/ikuchyne\/\",\"https:\/\/www.instagram.com\/ikuchyne.sk\/\",\"https:\/\/sk.pinterest.com\/ikuchynesk\/\"]}]}<\/script>\n<!-- \/ Yoast SEO plugin. -->","yoast_head_json":{"title":"Komoda Mammut 42 x 135 cm \u00bb &#187; iKuchyne iSHOP s n\u00e1bytkom","description":"Komoda Mammut 42 x 135 cm \u00bb - r\u00fdchle dodanie, poradenstvo, n\u00e1bytok skladom v Bratislave s ikuchyne.sk - kuchyne na mieru.","robots":{"index":"index","follow":"follow","max-snippet":"max-snippet:-1","max-image-preview":"max-image-preview:large","max-video-preview":"max-video-preview:-1"},"canonical":"https:\/\/www.ikuchyne.sk\/eshop\/produkt\/komoda-mammut-42-x-135-cm\/","og_locale":"sk_SK","og_type":"article","og_title":"Komoda Mammut 42 x 135 cm \u00bb &#187; iKuchyne iSHOP s n\u00e1bytkom","og_description":"Komoda Mammut 42 x 135 cm \u00bb - r\u00fdchle dodanie, poradenstvo, n\u00e1bytok skladom v Bratislave s ikuchyne.sk - kuchyne na mieru.","og_url":"https:\/\/www.ikuchyne.sk\/eshop\/produkt\/komoda-mammut-42-x-135-cm\/","og_site_name":"iKuchyne iSHOP s n\u00e1bytkom","article_publisher":"https:\/\/www.facebook.com\/ikuchyne\/","article_modified_time":"2024-03-10T18:20:06+00:00","og_image":[{"width":800,"height":533,"url":"https:\/\/www.ikuchyne.sk\/eshop\/wp-content\/uploads\/2018\/05\/Pribornik-Mammut-135cm-agat-38473.jpg","type":"image\/jpeg"}],"twitter_card":"summary_large_image","twitter_misc":{"Predpokladan\u00fd \u010das \u010d\u00edtania":"2 min\u00faty"},"schema":{"@context":"https:\/\/schema.org","@graph":[{"@type":"WebPage","@id":"https:\/\/www.ikuchyne.sk\/eshop\/produkt\/komoda-mammut-42-x-135-cm\/","url":"https:\/\/www.ikuchyne.sk\/eshop\/produkt\/komoda-mammut-42-x-135-cm\/","name":"Komoda Mammut 42 x 135 cm \u00bb &#187; iKuchyne iSHOP s n\u00e1bytkom","isPartOf":{"@id":"https:\/\/www.ikuchyne.sk\/eshop\/#website"},"datePublished":"2018-05-25T08:16:18+00:00","dateModified":"2024-03-10T18:20:06+00:00","description":"Komoda Mammut 42 x 135 cm \u00bb - r\u00fdchle dodanie, poradenstvo, n\u00e1bytok skladom v Bratislave s ikuchyne.sk - kuchyne na mieru.","breadcrumb":{"@id":"https:\/\/www.ikuchyne.sk\/eshop\/produkt\/komoda-mammut-42-x-135-cm\/#breadcrumb"},"inLanguage":"sk-SK","potentialAction":[{"@type":"ReadAction","target":["https:\/\/www.ikuchyne.sk\/eshop\/produkt\/komoda-mammut-42-x-135-cm\/"]}]},{"@type":"BreadcrumbList","@id":"https:\/\/www.ikuchyne.sk\/eshop\/produkt\/komoda-mammut-42-x-135-cm\/#breadcrumb","itemListElement":[{"@type":"ListItem","position":1,"name":"Home","item":"https:\/\/www.ikuchyne.sk\/eshop\/"},{"@type":"ListItem","position":2,"name":"Obchod","item":"https:\/\/www.ikuchyne.sk\/eshop\/obchod\/"},{"@type":"ListItem","position":3,"name":"Komoda Mammut 42 x 135 cm \u00bb"}]},{"@type":"WebSite","@id":"https:\/\/www.ikuchyne.sk\/eshop\/#website","url":"https:\/\/www.ikuchyne.sk\/eshop\/","name":"iKuchyne iSHOP s n\u00e1bytkom","description":"Jed\u00e1lensk\u00e9 stoly, stoli\u010dky, n\u00e1bytok, svietidl\u00e1...","publisher":{"@id":"https:\/\/www.ikuchyne.sk\/eshop\/#organization"},"potentialAction":[{"@type":"SearchAction","target":{"@type":"EntryPoint","urlTemplate":"https:\/\/www.ikuchyne.sk\/eshop\/?s={search_term_string}"},"query-input":"required name=search_term_string"}],"inLanguage":"sk-SK"},{"@type":"Organization","@id":"https:\/\/www.ikuchyne.sk\/eshop\/#organization","name":"ikuchyne!","url":"https:\/\/www.ikuchyne.sk\/eshop\/","logo":{"@type":"ImageObject","inLanguage":"sk-SK","@id":"https:\/\/www.ikuchyne.sk\/eshop\/#\/schema\/logo\/image\/","url":"https:\/\/www.ikuchyne.sk\/eshop\/wp-content\/uploads\/2017\/04\/ikuchyne-logo.jpg","contentUrl":"https:\/\/www.ikuchyne.sk\/eshop\/wp-content\/uploads\/2017\/04\/ikuchyne-logo.jpg","width":200,"height":48,"caption":"ikuchyne!"},"image":{"@id":"https:\/\/www.ikuchyne.sk\/eshop\/#\/schema\/logo\/image\/"},"sameAs":["https:\/\/www.facebook.com\/ikuchyne\/","https:\/\/www.instagram.com\/ikuchyne.sk\/","https:\/\/sk.pinterest.com\/ikuchynesk\/"]}]}},"_links":{"self":[{"href":"https:\/\/www.ikuchyne.sk\/eshop\/wp-json\/wp\/v2\/product\/77016"}],"collection":[{"href":"https:\/\/www.ikuchyne.sk\/eshop\/wp-json\/wp\/v2\/product"}],"about":[{"href":"https:\/\/www.ikuchyne.sk\/eshop\/wp-json\/wp\/v2\/types\/product"}],"replies":[{"embeddable":true,"href":"https:\/\/www.ikuchyne.sk\/eshop\/wp-json\/wp\/v2\/comments?post=77016"}],"wp:featuredmedia":[{"embeddable":true,"href":"https:\/\/www.ikuchyne.sk\/eshop\/wp-json\/wp\/v2\/media\/77017"}],"wp:attachment":[{"href":"https:\/\/www.ikuchyne.sk\/eshop\/wp-json\/wp\/v2\/media?parent=77016"}],"wp:term":[{"taxonomy":"product_cat","embeddable":true,"href":"https:\/\/www.ikuchyne.sk\/eshop\/wp-json\/wp\/v2\/product_cat?post=77016"},{"taxonomy":"product_tag","embeddable":true,"href":"https:\/\/www.ikuchyne.sk\/eshop\/wp-json\/wp\/v2\/product_tag?post=77016"}],"curies":[{"name":"wp","href":"https:\/\/api.w.org\/{rel}","templated":true}]}}