{"id":7721,"date":"2017-04-25T16:09:40","date_gmt":"2017-04-25T14:09:40","guid":{"rendered":"http:\/\/potocan.com\/eshop\/produkt\/stolicka-modern-barock-m-armlehne\/"},"modified":"2024-03-10T19:20:27","modified_gmt":"2024-03-10T18:20:27","slug":"cierna-jedalenska-stolicka-s-podrucou-modern-barock","status":"publish","type":"product","link":"https:\/\/www.ikuchyne.sk\/eshop\/produkt\/cierna-jedalenska-stolicka-s-podrucou-modern-barock\/","title":{"rendered":"\u010cierna jed\u00e1lensk\u00e1 stoli\u010dka s podru\u010dou Modern Barock \u00bb"},"content":{"rendered":"<h1>\u010cierna jed\u00e1lensk\u00e1 stoli\u010dka s podru\u010dou Modern Barock<\/h1>\n<div class=\"electro-description\">\n<div class=\"electro-description\">\n<p><strong>V\u0161eobecn\u00fd opis stoli\u010dky:<\/strong><strong><br \/>\n<\/strong>Extravagantn\u00e1 \u010dierna jed\u00e1lensk\u00e1 stoli\u010dka s pohodln\u00fdm \u010dal\u00fanen\u00fdm sed\u00e1kom zo zamatu, lak\u0165ovou opierkou a kovov\u00fdmi nohami je ur\u010den\u00e1 pre n\u00e1ro\u010dnej\u0161ieho klienta. T\u00e1to modern\u00e1 stoli\u010dka reprezentuje honosn\u00fd \u0161t\u00fdl b\u00fdvania a dod\u00e1 v\u00e1\u0161mu interi\u00e9ru exkluzivitu. Povrch sed\u00e1ka tvor\u00ed m\u00e4kk\u00fd zamat v \u010diernej farbe. Na operadle stoli\u010dky s\u00fa umiestnen\u00e9 gomb\u00edky. Podno\u017e jed\u00e1lenskej stoli\u010dky tvoria elegantn\u00e9 strieborn\u00e9 kovov\u00e9 nohy. Pomp\u00e9zny a origin\u00e1lny dizajn sa in\u0161piroval hist\u00f3riou, no stoli\u010dka je vyroben\u00e1 v nad\u010dasovom dizajne.<\/p>\n<p><strong>Sed\u00e1k stoli\u010dky:<\/strong><br \/>\nPovrch sed\u00e1ka tejto jed\u00e1lenskej stoli\u010dky tvor\u00ed m\u00e4kk\u00fd zamat v \u010diernej farbe.<\/p>\n<p><strong>Podno\u017e stoli\u010dky:<br \/>\n<\/strong>Podno\u017e jed\u00e1lenskej stoli\u010dky tvoria \u0161t\u00edhle elegantn\u00e9 strieborn\u00e9 nohy\u00a0z le\u0161tenej u\u0161\u013eachtilej ocele.<\/p>\n<p><strong>\u010eal\u0161ie inform\u00e1cie:<\/strong><br \/>\nV pr\u00edpade zne\u010distenia , pou\u017e\u00edvajte iba prostriedky na b\u00e1ze vody, ur\u010dite nepou\u017e\u00edvajte bielidl\u00e1. Ak nepom\u00f4\u017ee vysu\u0161enie suchou handri\u010dkou, naneste mal\u00e9 mno\u017estvo \u010distiaceho prostriedku na zne\u010disten\u00e9 plochy. \u010cakajte 2-3 min\u00faty a z\u013eahka vy\u010distite kr\u00fa\u017eiv\u00fdmi pohybmi, k\u00fdm \u0161kvrna nezmizne. \u0160kvrnu nechajte prirodzene vyschn\u00fa\u0165. Ke\u010f je povrch such\u00fd, vy\u010de\u0161te vlasy jemnou kefkou.<br \/>\nRada star\u00fdch m\u00e1m: so\u013e rozsypte po zamate a opatrne prekefujte.<strong><br \/>\n<\/strong><\/p>\n<p><b>Rozmery stoli\u010dky:<br \/>\n<\/b>\u0160\u00edrka stoli\u010dky: 65 cm<br \/>\nV\u00fd\u0161ka stoli\u010dky: 90 cm<br \/>\nH\u013abka stoli\u010dky: 65 cm<br \/>\n<strong>Rozmery sedenia:<\/strong>\u00a055 x 45 x 45 (\u0160xVxH)<br \/>\n<strong>V\u00fd\u0161ka operadla:<\/strong>\u00a045 cm<br \/>\n<strong>V\u00fd\u0161ka lak\u0165ovej opierky:<\/strong>\u00a020 cm<\/p>\n<p><b>Materi\u00e1l:<\/b>\u00a0zamat,\u00a0le\u0161ten\u00e1 u\u0161\u013eachtil\u00e1 oce\u013e<\/p>\n<p><b>Farba:<\/b>\u00a0\u010dierna, strieborn\u00e1<\/p>\n<\/div>\n<\/div>\n","protected":false},"excerpt":{"rendered":"<p>\u010cierna jed\u00e1lensk\u00e1 stoli\u010dka s podru\u010dou Modern Barock V\u0161eobecn\u00fd opis stoli\u010dky: Extravagantn\u00e1 \u010dierna jed\u00e1lensk\u00e1 stoli\u010dka s pohodln\u00fdm \u010dal\u00fanen\u00fdm sed\u00e1kom zo zamatu, lak\u0165ovou opierkou a kovov\u00fdmi nohami je ur\u010den\u00e1 pre n\u00e1ro\u010dnej\u0161ieho klienta.<\/p>\n","protected":false},"featured_media":7722,"comment_status":"open","ping_status":"closed","template":"","meta":[],"product_cat":[288,310,823,826,830],"product_tag":[239],"yoast_head":"<!-- This site is optimized with the Yoast SEO plugin v22.1 - https:\/\/yoast.com\/wordpress\/plugins\/seo\/ -->\n<title>\u010cierna jed\u00e1lensk\u00e1 stoli\u010dka s podru\u010dou Modern Barock \u00bb &#187; iKuchyne iSHOP s n\u00e1bytkom<\/title>\n<meta name=\"description\" content=\"K\u00fapte si u n\u00e1s \u010cierna jed\u00e1lensk\u00e1 stoli\u010dka s podru\u010dou Modern Barock \u00bb za akciov\u00fa cenu. R\u00fdchle dodanie tovaru, odborn\u00e9 poradenstvo a stovky produktov skladom. \u010cierna jed\u00e1lensk\u00e1 stoli\u010dka s podru\u010dou Modern Barock \u00bb sa stane dominantou V\u00e1\u0161ho interi\u00e9ru. Internetov\u00fd obchod ikuchyne! pon\u00faka odber \u010cierna jed\u00e1lensk\u00e1 stoli\u010dka s podru\u010dou Modern Barock \u00bb u\u017e od 1 kusu.\" \/>\n<meta name=\"robots\" content=\"index, follow, max-snippet:-1, max-image-preview:large, max-video-preview:-1\" \/>\n<link rel=\"canonical\" href=\"https:\/\/www.ikuchyne.sk\/eshop\/produkt\/cierna-jedalenska-stolicka-s-podrucou-modern-barock\/\" \/>\n<meta property=\"og:locale\" content=\"sk_SK\" \/>\n<meta property=\"og:type\" content=\"article\" \/>\n<meta property=\"og:title\" content=\"\u010cierna jed\u00e1lensk\u00e1 stoli\u010dka s podru\u010dou Modern Barock \u00bb &#187; iKuchyne iSHOP s n\u00e1bytkom\" \/>\n<meta property=\"og:description\" content=\"K\u00fapte si u n\u00e1s \u010cierna jed\u00e1lensk\u00e1 stoli\u010dka s podru\u010dou Modern Barock \u00bb za akciov\u00fa cenu. R\u00fdchle dodanie tovaru, odborn\u00e9 poradenstvo a stovky produktov skladom. \u010cierna jed\u00e1lensk\u00e1 stoli\u010dka s podru\u010dou Modern Barock \u00bb sa stane dominantou V\u00e1\u0161ho interi\u00e9ru. Internetov\u00fd obchod ikuchyne! pon\u00faka odber \u010cierna jed\u00e1lensk\u00e1 stoli\u010dka s podru\u010dou Modern Barock \u00bb u\u017e od 1 kusu.\" \/>\n<meta property=\"og:url\" content=\"https:\/\/www.ikuchyne.sk\/eshop\/produkt\/cierna-jedalenska-stolicka-s-podrucou-modern-barock\/\" \/>\n<meta property=\"og:site_name\" content=\"iKuchyne iSHOP s n\u00e1bytkom\" \/>\n<meta property=\"article:publisher\" content=\"https:\/\/www.facebook.com\/ikuchyne\/\" \/>\n<meta property=\"article:modified_time\" content=\"2024-03-10T18:20:27+00:00\" \/>\n<meta property=\"og:image\" content=\"https:\/\/www.ikuchyne.sk\/eshop\/wp-content\/uploads\/2017\/04\/Stolicka-Modern-Barock-m.-Armlehne.jpg\" \/>\n\t<meta property=\"og:image:width\" content=\"800\" \/>\n\t<meta property=\"og:image:height\" content=\"533\" \/>\n\t<meta property=\"og:image:type\" content=\"image\/jpeg\" \/>\n<meta name=\"twitter:card\" content=\"summary_large_image\" \/>\n<meta name=\"twitter:label1\" content=\"Predpokladan\u00fd \u010das \u010d\u00edtania\" \/>\n\t<meta name=\"twitter:data1\" content=\"1 min\u00fata\" \/>\n<script type=\"application\/ld+json\" class=\"yoast-schema-graph\">{\"@context\":\"https:\/\/schema.org\",\"@graph\":[{\"@type\":\"WebPage\",\"@id\":\"https:\/\/www.ikuchyne.sk\/eshop\/produkt\/cierna-jedalenska-stolicka-s-podrucou-modern-barock\/\",\"url\":\"https:\/\/www.ikuchyne.sk\/eshop\/produkt\/cierna-jedalenska-stolicka-s-podrucou-modern-barock\/\",\"name\":\"\u010cierna jed\u00e1lensk\u00e1 stoli\u010dka s podru\u010dou Modern Barock \u00bb &#187; iKuchyne iSHOP s n\u00e1bytkom\",\"isPartOf\":{\"@id\":\"https:\/\/www.ikuchyne.sk\/eshop\/#website\"},\"datePublished\":\"2017-04-25T14:09:40+00:00\",\"dateModified\":\"2024-03-10T18:20:27+00:00\",\"description\":\"K\u00fapte si u n\u00e1s \u010cierna jed\u00e1lensk\u00e1 stoli\u010dka s podru\u010dou Modern Barock \u00bb za akciov\u00fa cenu. R\u00fdchle dodanie tovaru, odborn\u00e9 poradenstvo a stovky produktov skladom. \u010cierna jed\u00e1lensk\u00e1 stoli\u010dka s podru\u010dou Modern Barock \u00bb sa stane dominantou V\u00e1\u0161ho interi\u00e9ru. Internetov\u00fd obchod ikuchyne! pon\u00faka odber \u010cierna jed\u00e1lensk\u00e1 stoli\u010dka s podru\u010dou Modern Barock \u00bb u\u017e od 1 kusu.\",\"breadcrumb\":{\"@id\":\"https:\/\/www.ikuchyne.sk\/eshop\/produkt\/cierna-jedalenska-stolicka-s-podrucou-modern-barock\/#breadcrumb\"},\"inLanguage\":\"sk-SK\",\"potentialAction\":[{\"@type\":\"ReadAction\",\"target\":[\"https:\/\/www.ikuchyne.sk\/eshop\/produkt\/cierna-jedalenska-stolicka-s-podrucou-modern-barock\/\"]}]},{\"@type\":\"BreadcrumbList\",\"@id\":\"https:\/\/www.ikuchyne.sk\/eshop\/produkt\/cierna-jedalenska-stolicka-s-podrucou-modern-barock\/#breadcrumb\",\"itemListElement\":[{\"@type\":\"ListItem\",\"position\":1,\"name\":\"Home\",\"item\":\"https:\/\/www.ikuchyne.sk\/eshop\/\"},{\"@type\":\"ListItem\",\"position\":2,\"name\":\"Obchod\",\"item\":\"https:\/\/www.ikuchyne.sk\/eshop\/obchod\/\"},{\"@type\":\"ListItem\",\"position\":3,\"name\":\"\u010cierna jed\u00e1lensk\u00e1 stoli\u010dka s podru\u010dou Modern Barock \u00bb\"}]},{\"@type\":\"WebSite\",\"@id\":\"https:\/\/www.ikuchyne.sk\/eshop\/#website\",\"url\":\"https:\/\/www.ikuchyne.sk\/eshop\/\",\"name\":\"iKuchyne iSHOP s n\u00e1bytkom\",\"description\":\"Jed\u00e1lensk\u00e9 stoly, stoli\u010dky, n\u00e1bytok, svietidl\u00e1...\",\"publisher\":{\"@id\":\"https:\/\/www.ikuchyne.sk\/eshop\/#organization\"},\"potentialAction\":[{\"@type\":\"SearchAction\",\"target\":{\"@type\":\"EntryPoint\",\"urlTemplate\":\"https:\/\/www.ikuchyne.sk\/eshop\/?s={search_term_string}\"},\"query-input\":\"required name=search_term_string\"}],\"inLanguage\":\"sk-SK\"},{\"@type\":\"Organization\",\"@id\":\"https:\/\/www.ikuchyne.sk\/eshop\/#organization\",\"name\":\"ikuchyne!\",\"url\":\"https:\/\/www.ikuchyne.sk\/eshop\/\",\"logo\":{\"@type\":\"ImageObject\",\"inLanguage\":\"sk-SK\",\"@id\":\"https:\/\/www.ikuchyne.sk\/eshop\/#\/schema\/logo\/image\/\",\"url\":\"https:\/\/www.ikuchyne.sk\/eshop\/wp-content\/uploads\/2017\/04\/ikuchyne-logo.jpg\",\"contentUrl\":\"https:\/\/www.ikuchyne.sk\/eshop\/wp-content\/uploads\/2017\/04\/ikuchyne-logo.jpg\",\"width\":200,\"height\":48,\"caption\":\"ikuchyne!\"},\"image\":{\"@id\":\"https:\/\/www.ikuchyne.sk\/eshop\/#\/schema\/logo\/image\/\"},\"sameAs\":[\"https:\/\/www.facebook.com\/ikuchyne\/\",\"https:\/\/www.instagram.com\/ikuchyne.sk\/\",\"https:\/\/sk.pinterest.com\/ikuchynesk\/\"]}]}<\/script>\n<!-- \/ Yoast SEO plugin. -->","yoast_head_json":{"title":"\u010cierna jed\u00e1lensk\u00e1 stoli\u010dka s podru\u010dou Modern Barock \u00bb &#187; iKuchyne iSHOP s n\u00e1bytkom","description":"K\u00fapte si u n\u00e1s \u010cierna jed\u00e1lensk\u00e1 stoli\u010dka s podru\u010dou Modern Barock \u00bb za akciov\u00fa cenu. R\u00fdchle dodanie tovaru, odborn\u00e9 poradenstvo a stovky produktov skladom. \u010cierna jed\u00e1lensk\u00e1 stoli\u010dka s podru\u010dou Modern Barock \u00bb sa stane dominantou V\u00e1\u0161ho interi\u00e9ru. Internetov\u00fd obchod ikuchyne! pon\u00faka odber \u010cierna jed\u00e1lensk\u00e1 stoli\u010dka s podru\u010dou Modern Barock \u00bb u\u017e od 1 kusu.","robots":{"index":"index","follow":"follow","max-snippet":"max-snippet:-1","max-image-preview":"max-image-preview:large","max-video-preview":"max-video-preview:-1"},"canonical":"https:\/\/www.ikuchyne.sk\/eshop\/produkt\/cierna-jedalenska-stolicka-s-podrucou-modern-barock\/","og_locale":"sk_SK","og_type":"article","og_title":"\u010cierna jed\u00e1lensk\u00e1 stoli\u010dka s podru\u010dou Modern Barock \u00bb &#187; iKuchyne iSHOP s n\u00e1bytkom","og_description":"K\u00fapte si u n\u00e1s \u010cierna jed\u00e1lensk\u00e1 stoli\u010dka s podru\u010dou Modern Barock \u00bb za akciov\u00fa cenu. R\u00fdchle dodanie tovaru, odborn\u00e9 poradenstvo a stovky produktov skladom. \u010cierna jed\u00e1lensk\u00e1 stoli\u010dka s podru\u010dou Modern Barock \u00bb sa stane dominantou V\u00e1\u0161ho interi\u00e9ru. Internetov\u00fd obchod ikuchyne! pon\u00faka odber \u010cierna jed\u00e1lensk\u00e1 stoli\u010dka s podru\u010dou Modern Barock \u00bb u\u017e od 1 kusu.","og_url":"https:\/\/www.ikuchyne.sk\/eshop\/produkt\/cierna-jedalenska-stolicka-s-podrucou-modern-barock\/","og_site_name":"iKuchyne iSHOP s n\u00e1bytkom","article_publisher":"https:\/\/www.facebook.com\/ikuchyne\/","article_modified_time":"2024-03-10T18:20:27+00:00","og_image":[{"width":800,"height":533,"url":"https:\/\/www.ikuchyne.sk\/eshop\/wp-content\/uploads\/2017\/04\/Stolicka-Modern-Barock-m.-Armlehne.jpg","type":"image\/jpeg"}],"twitter_card":"summary_large_image","twitter_misc":{"Predpokladan\u00fd \u010das \u010d\u00edtania":"1 min\u00fata"},"schema":{"@context":"https:\/\/schema.org","@graph":[{"@type":"WebPage","@id":"https:\/\/www.ikuchyne.sk\/eshop\/produkt\/cierna-jedalenska-stolicka-s-podrucou-modern-barock\/","url":"https:\/\/www.ikuchyne.sk\/eshop\/produkt\/cierna-jedalenska-stolicka-s-podrucou-modern-barock\/","name":"\u010cierna jed\u00e1lensk\u00e1 stoli\u010dka s podru\u010dou Modern Barock \u00bb &#187; iKuchyne iSHOP s n\u00e1bytkom","isPartOf":{"@id":"https:\/\/www.ikuchyne.sk\/eshop\/#website"},"datePublished":"2017-04-25T14:09:40+00:00","dateModified":"2024-03-10T18:20:27+00:00","description":"K\u00fapte si u n\u00e1s \u010cierna jed\u00e1lensk\u00e1 stoli\u010dka s podru\u010dou Modern Barock \u00bb za akciov\u00fa cenu. R\u00fdchle dodanie tovaru, odborn\u00e9 poradenstvo a stovky produktov skladom. \u010cierna jed\u00e1lensk\u00e1 stoli\u010dka s podru\u010dou Modern Barock \u00bb sa stane dominantou V\u00e1\u0161ho interi\u00e9ru. Internetov\u00fd obchod ikuchyne! pon\u00faka odber \u010cierna jed\u00e1lensk\u00e1 stoli\u010dka s podru\u010dou Modern Barock \u00bb u\u017e od 1 kusu.","breadcrumb":{"@id":"https:\/\/www.ikuchyne.sk\/eshop\/produkt\/cierna-jedalenska-stolicka-s-podrucou-modern-barock\/#breadcrumb"},"inLanguage":"sk-SK","potentialAction":[{"@type":"ReadAction","target":["https:\/\/www.ikuchyne.sk\/eshop\/produkt\/cierna-jedalenska-stolicka-s-podrucou-modern-barock\/"]}]},{"@type":"BreadcrumbList","@id":"https:\/\/www.ikuchyne.sk\/eshop\/produkt\/cierna-jedalenska-stolicka-s-podrucou-modern-barock\/#breadcrumb","itemListElement":[{"@type":"ListItem","position":1,"name":"Home","item":"https:\/\/www.ikuchyne.sk\/eshop\/"},{"@type":"ListItem","position":2,"name":"Obchod","item":"https:\/\/www.ikuchyne.sk\/eshop\/obchod\/"},{"@type":"ListItem","position":3,"name":"\u010cierna jed\u00e1lensk\u00e1 stoli\u010dka s podru\u010dou Modern Barock \u00bb"}]},{"@type":"WebSite","@id":"https:\/\/www.ikuchyne.sk\/eshop\/#website","url":"https:\/\/www.ikuchyne.sk\/eshop\/","name":"iKuchyne iSHOP s n\u00e1bytkom","description":"Jed\u00e1lensk\u00e9 stoly, stoli\u010dky, n\u00e1bytok, svietidl\u00e1...","publisher":{"@id":"https:\/\/www.ikuchyne.sk\/eshop\/#organization"},"potentialAction":[{"@type":"SearchAction","target":{"@type":"EntryPoint","urlTemplate":"https:\/\/www.ikuchyne.sk\/eshop\/?s={search_term_string}"},"query-input":"required name=search_term_string"}],"inLanguage":"sk-SK"},{"@type":"Organization","@id":"https:\/\/www.ikuchyne.sk\/eshop\/#organization","name":"ikuchyne!","url":"https:\/\/www.ikuchyne.sk\/eshop\/","logo":{"@type":"ImageObject","inLanguage":"sk-SK","@id":"https:\/\/www.ikuchyne.sk\/eshop\/#\/schema\/logo\/image\/","url":"https:\/\/www.ikuchyne.sk\/eshop\/wp-content\/uploads\/2017\/04\/ikuchyne-logo.jpg","contentUrl":"https:\/\/www.ikuchyne.sk\/eshop\/wp-content\/uploads\/2017\/04\/ikuchyne-logo.jpg","width":200,"height":48,"caption":"ikuchyne!"},"image":{"@id":"https:\/\/www.ikuchyne.sk\/eshop\/#\/schema\/logo\/image\/"},"sameAs":["https:\/\/www.facebook.com\/ikuchyne\/","https:\/\/www.instagram.com\/ikuchyne.sk\/","https:\/\/sk.pinterest.com\/ikuchynesk\/"]}]}},"_links":{"self":[{"href":"https:\/\/www.ikuchyne.sk\/eshop\/wp-json\/wp\/v2\/product\/7721"}],"collection":[{"href":"https:\/\/www.ikuchyne.sk\/eshop\/wp-json\/wp\/v2\/product"}],"about":[{"href":"https:\/\/www.ikuchyne.sk\/eshop\/wp-json\/wp\/v2\/types\/product"}],"replies":[{"embeddable":true,"href":"https:\/\/www.ikuchyne.sk\/eshop\/wp-json\/wp\/v2\/comments?post=7721"}],"wp:featuredmedia":[{"embeddable":true,"href":"https:\/\/www.ikuchyne.sk\/eshop\/wp-json\/wp\/v2\/media\/7722"}],"wp:attachment":[{"href":"https:\/\/www.ikuchyne.sk\/eshop\/wp-json\/wp\/v2\/media?parent=7721"}],"wp:term":[{"taxonomy":"product_cat","embeddable":true,"href":"https:\/\/www.ikuchyne.sk\/eshop\/wp-json\/wp\/v2\/product_cat?post=7721"},{"taxonomy":"product_tag","embeddable":true,"href":"https:\/\/www.ikuchyne.sk\/eshop\/wp-json\/wp\/v2\/product_tag?post=7721"}],"curies":[{"name":"wp","href":"https:\/\/api.w.org\/{rel}","templated":true}]}}