{"id":77523,"date":"2019-08-05T13:26:50","date_gmt":"2019-08-05T11:26:50","guid":{"rendered":"https:\/\/ikuchyne.sk\/eshop\/?post_type=product&#038;p=77523"},"modified":"2024-02-20T23:49:00","modified_gmt":"2024-02-20T22:49:00","slug":"jedalensky-stol-mystic-200cm","status":"publish","type":"product","link":"https:\/\/www.ikuchyne.sk\/eshop\/produkt\/jedalensky-stol-mystic-200cm\/","title":{"rendered":"Jed\u00e1lensk\u00fd st\u00f4l Mystic 200cm \u00bb"},"content":{"rendered":"<h1>Jed\u00e1lensk\u00fd st\u00f4l Mystic 200cm \u00bb<\/h1>\n<h4><strong>V\u0161eobecn\u00fd popis:<\/strong><\/h4>\n<p>Prirodzene kr\u00e1sny jed\u00e1lensk\u00fd st\u00f4l Mystic 200cm bol vyroben\u00fd z lakovan\u00e9ho ak\u00e1ciov\u00e9ho dreva v pr\u00edrodnom vzh\u013eade. Ku\u017ee\u013eovit\u00fd tvar n\u00f4h vy\u017earuje n\u00e1dych retra. Dodajte svojej jed\u00e1lni nov\u00fd, elegantn\u00fd vzh\u013ead!<\/p>\n<p>Elegantn\u00fd jed\u00e1lensk\u00fd st\u00f4l z kr\u00e1sneho ag\u00e1tov\u00e9ho dreva. Ka\u017ed\u00e9 posedenie, \u010di u\u017e vo dvojici alebo ve\u010der s priate\u013emi, za t\u00fdmto stolom si u\u017eijete! N\u00e1\u0161 jed\u00e1lensk\u00fd st\u00f4l MYSTIC bol vyroben\u00fd v\u00fdhradne z vysoko kvalitn\u00e9ho ag\u00e1tov\u00e9ho dreva. Toto kvalitn\u00e9 drevo in\u0161piruje \u0161peci\u00e1lnym zrnom, v\u010faka ktor\u00e9mu je drevo l\u00e1kadlom. Taktie\u017e je zd\u00f4raznen\u00e9 lakovan\u00edm a to mu dod\u00e1va obzvl\u00e1\u0161\u0165 pekn\u00fd pr\u00edrodn\u00fd vzh\u013ead.<\/p>\n<p>Ka\u017ed\u00e1 ve\u010dera za t\u00fdmto stolom sa stane z\u00e1\u017eitkom. Bez oh\u013eadu na to, \u010di to bud\u00fa ra\u0148ajky alebo ve\u010dera s priate\u013emi, v\u00e1m tento st\u00f4l posl\u00fa\u017ei pr\u00e1ve na tak\u00e9to chv\u00edle. Pru\u017en\u00e9 drevo in\u0161piruje nielen svoj\u00edm mimoriadnym vzh\u013eadom, ale aj zamatovo hrejiv\u00fdm povrchu. Aby ste dodato\u010dne zv\u00fdraznili kr\u00e1su stola, odpor\u00fa\u010dame ho skombinova\u0165 s ladiacim pr\u00edborn\u00edkom alebo komodou z rovnomennej s\u00e9rie.<\/p>\n<h4><strong>Detaily produktu:<\/strong><\/h4>\n<p>Ak\u00e1ciov\u00e9 drevo je jedn\u00fdm z najtvrd\u0161\u00edch drev\u00edn na svete. Preto\u017ee sa jedn\u00e1 o pr\u00edrodn\u00fd produkt, ka\u017ed\u00e1 doska je absol\u00fatne jedine\u010dn\u00e1. Nerovnosti, charizmatick\u00e9 uzly, praskliny alebo dokonca rozmerov\u00e9 rozdiely s\u00fa mo\u017en\u00e9 a vytv\u00e1raj\u00fa originalitu a vytv\u00e1raj\u00fa \u010daro mas\u00edvneho dreva. Existuj\u00face trhliny s\u00fa po\u010das procesu v\u00fdroby spojen\u00e9 a stabilizovan\u00e9 spojovac\u00edmi kusmi z rovnak\u00e9ho dreva. Preto m\u00f4\u017eu existova\u0165 farebn\u00e9 odch\u00fdlky. \u017diadny z t\u00fdchto d\u00f4vodov nie je d\u00f4vodom na s\u0165a\u017enos\u0165. Vhodn\u00e9 bytov\u00e9 doplnky pre kombinovanie interi\u00e9ru s t\u00fdmto jed\u00e1lensk\u00fdm stolom n\u00e1jdete na na\u0161om e-shope v sekcii Bytov\u00e9 doplnky. Kontaktujte n\u00e1s a my v\u00e1m radi pom\u00f4\u017eeme s v\u00fdberom vhodn\u00fdch dekor\u00e1ci\u00ed.<\/p>\n<p><b>Rozmery<\/b> (cca): 200cm x 75cm x 100cm (\u0160xVxH)<br \/>\nhr\u00fabka dosky stola: 20mm<br \/>\n<b>Farba:<\/b> pr\u00edrodn\u00e1<br \/>\n<b>Materi\u00e1l:<\/b> drevo (mas\u00edv), ag\u00e1t, lak<br \/>\nRu\u010dn\u00e1 pr\u00e1ca.<\/p>\n<p>Dodato\u010dn\u00e9 inform\u00e1cie:<\/p>\n<p>V pr\u00edpade z\u00e1ujmu o in\u00e9 jed\u00e1lensk\u00e9 stoly, nav\u0161t\u00edvte sekciu jed\u00e1lensk\u00e9 stoly na <a href=\"https:\/\/www.ikuchyne.sk\/eshop\/kategoria\/jedalenske-stoly\/\">www.ikuchyne.sk\/eshop<\/a><br \/>\nV pr\u00edpade z\u00e1ujmu o n\u00e1bytok na mieru n\u00e1s kontaktuje na <a href=\"http:\/\/www.ikuchyne.sk\">www.ikuchyne.sk<\/a><\/p>\n","protected":false},"excerpt":{"rendered":"<p>&nbsp;<\/p>\n<div id=\"mouseposition-extension-element-full-container\" style=\"font-weight: 400;\">\n<div id=\"mouseposition-extension-element-rect-display\" style=\"font-size: 12px; cursor: default; color: #000000; font-family: 'Helvetica Neue', Helvetica, Arial, sans-serif; width: 0px; height: 0px;\">\n<pre style=\"text-align: center; color: #000000; min-width: 42px; min-height: 12px;\"><\/pre>\n<\/div>\n<pre id=\"mouseposition-extension-element-coordinate-display\" style=\"background: #ffffff; font-size: 12px; line-height: 14px; border-width: 1px; border-color: #222222 black #333333; border-style: solid; padding: 3px; color: #222222; cursor: default; font-family: 'Helvetica Neue', Helvetica, Arial, sans-serif;\"><\/pre>\n<\/div>\n","protected":false},"featured_media":77524,"comment_status":"open","ping_status":"closed","template":"","meta":[],"product_cat":[287,591,298,852,846,844,849,845],"product_tag":[261],"yoast_head":"<!-- This site is optimized with the Yoast SEO plugin v22.1 - https:\/\/yoast.com\/wordpress\/plugins\/seo\/ -->\n<title>Jed\u00e1lensk\u00fd st\u00f4l Mystic 200cm \u00bb &#187; iKuchyne iSHOP s n\u00e1bytkom<\/title>\n<meta name=\"description\" content=\"Jed\u00e1lensk\u00fd st\u00f4l Mystic 200cm \u00bb - r\u00fdchle dodanie, poradenstvo, n\u00e1bytok skladom v Bratislave s ikuchyne.sk - kuchyne na mieru.\" \/>\n<meta name=\"robots\" content=\"index, follow, max-snippet:-1, max-image-preview:large, max-video-preview:-1\" \/>\n<link rel=\"canonical\" href=\"https:\/\/www.ikuchyne.sk\/eshop\/produkt\/jedalensky-stol-mystic-200cm\/\" \/>\n<meta property=\"og:locale\" content=\"sk_SK\" \/>\n<meta property=\"og:type\" content=\"article\" \/>\n<meta property=\"og:title\" content=\"Jed\u00e1lensk\u00fd st\u00f4l Mystic 200cm \u00bb &#187; iKuchyne iSHOP s n\u00e1bytkom\" \/>\n<meta property=\"og:description\" content=\"Jed\u00e1lensk\u00fd st\u00f4l Mystic 200cm \u00bb - r\u00fdchle dodanie, poradenstvo, n\u00e1bytok skladom v Bratislave s ikuchyne.sk - kuchyne na mieru.\" \/>\n<meta property=\"og:url\" content=\"https:\/\/www.ikuchyne.sk\/eshop\/produkt\/jedalensky-stol-mystic-200cm\/\" \/>\n<meta property=\"og:site_name\" content=\"iKuchyne iSHOP s n\u00e1bytkom\" \/>\n<meta property=\"article:publisher\" content=\"https:\/\/www.facebook.com\/ikuchyne\/\" \/>\n<meta property=\"article:modified_time\" content=\"2024-02-20T22:49:00+00:00\" \/>\n<meta property=\"og:image\" content=\"https:\/\/www.ikuchyne.sk\/eshop\/wp-content\/uploads\/2018\/06\/Jedalensky-stol-Mystic-200cm-agat-38419.jpg\" \/>\n\t<meta property=\"og:image:width\" content=\"800\" \/>\n\t<meta property=\"og:image:height\" content=\"533\" \/>\n\t<meta property=\"og:image:type\" content=\"image\/jpeg\" \/>\n<meta name=\"twitter:card\" content=\"summary_large_image\" \/>\n<meta name=\"twitter:label1\" content=\"Predpokladan\u00fd \u010das \u010d\u00edtania\" \/>\n\t<meta name=\"twitter:data1\" content=\"2 min\u00faty\" \/>\n<script type=\"application\/ld+json\" class=\"yoast-schema-graph\">{\"@context\":\"https:\/\/schema.org\",\"@graph\":[{\"@type\":\"WebPage\",\"@id\":\"https:\/\/www.ikuchyne.sk\/eshop\/produkt\/jedalensky-stol-mystic-200cm\/\",\"url\":\"https:\/\/www.ikuchyne.sk\/eshop\/produkt\/jedalensky-stol-mystic-200cm\/\",\"name\":\"Jed\u00e1lensk\u00fd st\u00f4l Mystic 200cm \u00bb &#187; iKuchyne iSHOP s n\u00e1bytkom\",\"isPartOf\":{\"@id\":\"https:\/\/www.ikuchyne.sk\/eshop\/#website\"},\"datePublished\":\"2019-08-05T11:26:50+00:00\",\"dateModified\":\"2024-02-20T22:49:00+00:00\",\"description\":\"Jed\u00e1lensk\u00fd st\u00f4l Mystic 200cm \u00bb - r\u00fdchle dodanie, poradenstvo, n\u00e1bytok skladom v Bratislave s ikuchyne.sk - kuchyne na mieru.\",\"breadcrumb\":{\"@id\":\"https:\/\/www.ikuchyne.sk\/eshop\/produkt\/jedalensky-stol-mystic-200cm\/#breadcrumb\"},\"inLanguage\":\"sk-SK\",\"potentialAction\":[{\"@type\":\"ReadAction\",\"target\":[\"https:\/\/www.ikuchyne.sk\/eshop\/produkt\/jedalensky-stol-mystic-200cm\/\"]}]},{\"@type\":\"BreadcrumbList\",\"@id\":\"https:\/\/www.ikuchyne.sk\/eshop\/produkt\/jedalensky-stol-mystic-200cm\/#breadcrumb\",\"itemListElement\":[{\"@type\":\"ListItem\",\"position\":1,\"name\":\"Home\",\"item\":\"https:\/\/www.ikuchyne.sk\/eshop\/\"},{\"@type\":\"ListItem\",\"position\":2,\"name\":\"Obchod\",\"item\":\"https:\/\/www.ikuchyne.sk\/eshop\/obchod\/\"},{\"@type\":\"ListItem\",\"position\":3,\"name\":\"Jed\u00e1lensk\u00fd st\u00f4l Mystic 200cm \u00bb\"}]},{\"@type\":\"WebSite\",\"@id\":\"https:\/\/www.ikuchyne.sk\/eshop\/#website\",\"url\":\"https:\/\/www.ikuchyne.sk\/eshop\/\",\"name\":\"iKuchyne iSHOP s n\u00e1bytkom\",\"description\":\"Jed\u00e1lensk\u00e9 stoly, stoli\u010dky, n\u00e1bytok, svietidl\u00e1...\",\"publisher\":{\"@id\":\"https:\/\/www.ikuchyne.sk\/eshop\/#organization\"},\"potentialAction\":[{\"@type\":\"SearchAction\",\"target\":{\"@type\":\"EntryPoint\",\"urlTemplate\":\"https:\/\/www.ikuchyne.sk\/eshop\/?s={search_term_string}\"},\"query-input\":\"required name=search_term_string\"}],\"inLanguage\":\"sk-SK\"},{\"@type\":\"Organization\",\"@id\":\"https:\/\/www.ikuchyne.sk\/eshop\/#organization\",\"name\":\"ikuchyne!\",\"url\":\"https:\/\/www.ikuchyne.sk\/eshop\/\",\"logo\":{\"@type\":\"ImageObject\",\"inLanguage\":\"sk-SK\",\"@id\":\"https:\/\/www.ikuchyne.sk\/eshop\/#\/schema\/logo\/image\/\",\"url\":\"https:\/\/www.ikuchyne.sk\/eshop\/wp-content\/uploads\/2017\/04\/ikuchyne-logo.jpg\",\"contentUrl\":\"https:\/\/www.ikuchyne.sk\/eshop\/wp-content\/uploads\/2017\/04\/ikuchyne-logo.jpg\",\"width\":200,\"height\":48,\"caption\":\"ikuchyne!\"},\"image\":{\"@id\":\"https:\/\/www.ikuchyne.sk\/eshop\/#\/schema\/logo\/image\/\"},\"sameAs\":[\"https:\/\/www.facebook.com\/ikuchyne\/\",\"https:\/\/www.instagram.com\/ikuchyne.sk\/\",\"https:\/\/sk.pinterest.com\/ikuchynesk\/\"]}]}<\/script>\n<!-- \/ Yoast SEO plugin. -->","yoast_head_json":{"title":"Jed\u00e1lensk\u00fd st\u00f4l Mystic 200cm \u00bb &#187; iKuchyne iSHOP s n\u00e1bytkom","description":"Jed\u00e1lensk\u00fd st\u00f4l Mystic 200cm \u00bb - r\u00fdchle dodanie, poradenstvo, n\u00e1bytok skladom v Bratislave s ikuchyne.sk - kuchyne na mieru.","robots":{"index":"index","follow":"follow","max-snippet":"max-snippet:-1","max-image-preview":"max-image-preview:large","max-video-preview":"max-video-preview:-1"},"canonical":"https:\/\/www.ikuchyne.sk\/eshop\/produkt\/jedalensky-stol-mystic-200cm\/","og_locale":"sk_SK","og_type":"article","og_title":"Jed\u00e1lensk\u00fd st\u00f4l Mystic 200cm \u00bb &#187; iKuchyne iSHOP s n\u00e1bytkom","og_description":"Jed\u00e1lensk\u00fd st\u00f4l Mystic 200cm \u00bb - r\u00fdchle dodanie, poradenstvo, n\u00e1bytok skladom v Bratislave s ikuchyne.sk - kuchyne na mieru.","og_url":"https:\/\/www.ikuchyne.sk\/eshop\/produkt\/jedalensky-stol-mystic-200cm\/","og_site_name":"iKuchyne iSHOP s n\u00e1bytkom","article_publisher":"https:\/\/www.facebook.com\/ikuchyne\/","article_modified_time":"2024-02-20T22:49:00+00:00","og_image":[{"width":800,"height":533,"url":"https:\/\/www.ikuchyne.sk\/eshop\/wp-content\/uploads\/2018\/06\/Jedalensky-stol-Mystic-200cm-agat-38419.jpg","type":"image\/jpeg"}],"twitter_card":"summary_large_image","twitter_misc":{"Predpokladan\u00fd \u010das \u010d\u00edtania":"2 min\u00faty"},"schema":{"@context":"https:\/\/schema.org","@graph":[{"@type":"WebPage","@id":"https:\/\/www.ikuchyne.sk\/eshop\/produkt\/jedalensky-stol-mystic-200cm\/","url":"https:\/\/www.ikuchyne.sk\/eshop\/produkt\/jedalensky-stol-mystic-200cm\/","name":"Jed\u00e1lensk\u00fd st\u00f4l Mystic 200cm \u00bb &#187; iKuchyne iSHOP s n\u00e1bytkom","isPartOf":{"@id":"https:\/\/www.ikuchyne.sk\/eshop\/#website"},"datePublished":"2019-08-05T11:26:50+00:00","dateModified":"2024-02-20T22:49:00+00:00","description":"Jed\u00e1lensk\u00fd st\u00f4l Mystic 200cm \u00bb - r\u00fdchle dodanie, poradenstvo, n\u00e1bytok skladom v Bratislave s ikuchyne.sk - kuchyne na mieru.","breadcrumb":{"@id":"https:\/\/www.ikuchyne.sk\/eshop\/produkt\/jedalensky-stol-mystic-200cm\/#breadcrumb"},"inLanguage":"sk-SK","potentialAction":[{"@type":"ReadAction","target":["https:\/\/www.ikuchyne.sk\/eshop\/produkt\/jedalensky-stol-mystic-200cm\/"]}]},{"@type":"BreadcrumbList","@id":"https:\/\/www.ikuchyne.sk\/eshop\/produkt\/jedalensky-stol-mystic-200cm\/#breadcrumb","itemListElement":[{"@type":"ListItem","position":1,"name":"Home","item":"https:\/\/www.ikuchyne.sk\/eshop\/"},{"@type":"ListItem","position":2,"name":"Obchod","item":"https:\/\/www.ikuchyne.sk\/eshop\/obchod\/"},{"@type":"ListItem","position":3,"name":"Jed\u00e1lensk\u00fd st\u00f4l Mystic 200cm \u00bb"}]},{"@type":"WebSite","@id":"https:\/\/www.ikuchyne.sk\/eshop\/#website","url":"https:\/\/www.ikuchyne.sk\/eshop\/","name":"iKuchyne iSHOP s n\u00e1bytkom","description":"Jed\u00e1lensk\u00e9 stoly, stoli\u010dky, n\u00e1bytok, svietidl\u00e1...","publisher":{"@id":"https:\/\/www.ikuchyne.sk\/eshop\/#organization"},"potentialAction":[{"@type":"SearchAction","target":{"@type":"EntryPoint","urlTemplate":"https:\/\/www.ikuchyne.sk\/eshop\/?s={search_term_string}"},"query-input":"required name=search_term_string"}],"inLanguage":"sk-SK"},{"@type":"Organization","@id":"https:\/\/www.ikuchyne.sk\/eshop\/#organization","name":"ikuchyne!","url":"https:\/\/www.ikuchyne.sk\/eshop\/","logo":{"@type":"ImageObject","inLanguage":"sk-SK","@id":"https:\/\/www.ikuchyne.sk\/eshop\/#\/schema\/logo\/image\/","url":"https:\/\/www.ikuchyne.sk\/eshop\/wp-content\/uploads\/2017\/04\/ikuchyne-logo.jpg","contentUrl":"https:\/\/www.ikuchyne.sk\/eshop\/wp-content\/uploads\/2017\/04\/ikuchyne-logo.jpg","width":200,"height":48,"caption":"ikuchyne!"},"image":{"@id":"https:\/\/www.ikuchyne.sk\/eshop\/#\/schema\/logo\/image\/"},"sameAs":["https:\/\/www.facebook.com\/ikuchyne\/","https:\/\/www.instagram.com\/ikuchyne.sk\/","https:\/\/sk.pinterest.com\/ikuchynesk\/"]}]}},"_links":{"self":[{"href":"https:\/\/www.ikuchyne.sk\/eshop\/wp-json\/wp\/v2\/product\/77523"}],"collection":[{"href":"https:\/\/www.ikuchyne.sk\/eshop\/wp-json\/wp\/v2\/product"}],"about":[{"href":"https:\/\/www.ikuchyne.sk\/eshop\/wp-json\/wp\/v2\/types\/product"}],"replies":[{"embeddable":true,"href":"https:\/\/www.ikuchyne.sk\/eshop\/wp-json\/wp\/v2\/comments?post=77523"}],"wp:featuredmedia":[{"embeddable":true,"href":"https:\/\/www.ikuchyne.sk\/eshop\/wp-json\/wp\/v2\/media\/77524"}],"wp:attachment":[{"href":"https:\/\/www.ikuchyne.sk\/eshop\/wp-json\/wp\/v2\/media?parent=77523"}],"wp:term":[{"taxonomy":"product_cat","embeddable":true,"href":"https:\/\/www.ikuchyne.sk\/eshop\/wp-json\/wp\/v2\/product_cat?post=77523"},{"taxonomy":"product_tag","embeddable":true,"href":"https:\/\/www.ikuchyne.sk\/eshop\/wp-json\/wp\/v2\/product_tag?post=77523"}],"curies":[{"name":"wp","href":"https:\/\/api.w.org\/{rel}","templated":true}]}}