{"id":77537,"date":"2018-06-12T12:05:06","date_gmt":"2018-06-12T10:05:06","guid":{"rendered":"https:\/\/ikuchyne.sk\/eshop\/?post_type=product&#038;p=77537"},"modified":"2024-03-10T19:20:05","modified_gmt":"2024-03-10T18:20:05","slug":"dreveny-konferencny-stolik-fusion-set-3-ks","status":"publish","type":"product","link":"https:\/\/www.ikuchyne.sk\/eshop\/produkt\/dreveny-konferencny-stolik-fusion-set-3-ks\/","title":{"rendered":"Dreven\u00fd konferen\u010dn\u00fd stol\u00edk Fusion set 3 ks \u00bb"},"content":{"rendered":"<h1>Dreven\u00fd konferen\u010dn\u00fd stol\u00edk Fusion set 3 ks<\/h1>\n<p><b><strong>V\u0161eobecn\u00fd opis stol\u00edka:<br \/>\n<\/strong><\/b>Tento set konferen\u010dn\u00fdch stol\u00edkov v geometrickej postupnosti\u00a0ozvl\u00e1\u0161tni va\u0161u ob\u00fdvaciu izbu a dod\u00e1 jej in\u00fd rozmer. Dreven\u00e9 konferen\u010dn\u00e9 stol\u00edky m\u00f4\u017eete variova\u0165 pod\u013ea va\u0161ich predst\u00e1v. M\u00f4\u017eete ich zasun\u00fa\u0165 pod ten najv\u00e4\u010d\u0161\u00ed alebo ich postupne zoradi\u0165 od najv\u00e4\u010d\u0161ieho po najmen\u0161\u00ed. Kr\u00e1sne dreven\u00e9 konferen\u010dn\u00e9 stol\u00edky s\u00fa vyroben\u00e9 v industri\u00e1lnom \u0161t\u00fdle. Ka\u017ed\u00fd konferen\u010dn\u00fd stol\u00edk pozost\u00e1va z kombin\u00e1cie dreva a kovu, typickej pre industri\u00e1lny \u0161t\u00fdl. Tento \u0161t\u00fdl sa vyzna\u010duje kovov\u00fdmi prvkami, nedokonal\u00fdm povrchom a mas\u00edvn\u00fdm vzh\u013eadom n\u00e1bytku. Podno\u017e stol\u00edka pozost\u00e1va z pevnej kovovej kon\u0161trukcie v tvare vrchnej dosky. Povrch konferen\u010dn\u00e9ho stol\u00edka je z netradi\u010dn\u00e9ho dreva sheesham, inak indick\u00fd palisander. Tento druh dreva je zn\u00e1my pre svoju vysok\u00fa hustotu a kvalitu. Tento stol\u00edk je zauj\u00edmav\u00fd svoj\u00edm geometrick\u00fdm vzorom a \u010dist\u00fdmi l\u00edniami<\/p>\n<p><strong>Povrch stol\u00edka:<br \/>\n<\/strong>Povrch konferen\u010dn\u00e9ho stol\u00edka je z netradi\u010dn\u00e9ho dreva sheesham, inak indick\u00fd palisander. Tento druh dreva je zn\u00e1my pre svoju vysok\u00fa hustotu a kvalitu. <strong><br \/>\n<\/strong><\/p>\n<p><strong>Podno\u017e stol\u00edka:<br \/>\n<\/strong>Podno\u017e stol\u00edka pozost\u00e1va z pevnej kovovej kon\u0161trukcie v tvare vrchnej dosky.<\/p>\n<p><strong>\u010eal\u0161ie inform\u00e1cie:<br \/>\n<\/strong>Ka\u017ed\u00fd stol\u00edk je unik\u00e1t, tak\u017ee jednotliv\u00e9 kusy sa m\u00f4\u017eu od seba mierne l\u00ed\u0161i\u0165.\u00a0 Originalita dreva je sp\u00f4soben\u00e1 \u0161irokou \u0161k\u00e1lou farieb a kresieb. Pr\u00edpadn\u00e9 zne\u010distenie o\u0161etrujeme vlhkou bavlnenou handri\u010dkou.<\/p>\n<p><b>Rozmery stol\u00edka<\/b>:<br \/>\n<strong>Stol\u00edk L:<\/strong><br \/>\n\u0160\u00edrka stol\u00edka: 40 cm<br \/>\nD\u013a\u017eka stol\u00edka: 40 cm<br \/>\nV\u00fd\u0161ka stol\u00edka: 42 cm<br \/>\n<strong>Stol\u00edk M:<\/strong><br \/>\n\u0160\u00edrka stol\u00edka: 35 cm<br \/>\nD\u013a\u017eka stol\u00edka: 35 cm<br \/>\nV\u00fd\u0161ka stol\u00edka: 40 cm<br \/>\n<strong>Stol\u00edk S:<\/strong><br \/>\n\u0160\u00edrka stol\u00edka: 30 cm<br \/>\nD\u013a\u017eka stol\u00edka: 30 cm<br \/>\nV\u00fd\u0161ka stol\u00edka: 36 cm<\/p>\n<p><strong>Rozmer nohy stol\u00edka: <\/strong>1,5 x 1,5 cm<\/p>\n<p><b>Materi\u00e1l:\u00a0\u00a0<\/b>drevo (mas\u00edv) \u2013 sheesham, kovov\u00fd stojan<\/p>\n<p><b>Farba:<\/b>\u00a0pr\u00edrodn\u00e1, kov<\/p>\n<p>&nbsp;<\/p>\n","protected":false},"excerpt":{"rendered":"<p>Dreven\u00fd konferen\u010dn\u00fd stol\u00edk Fusion set 3 ks V\u0161eobecn\u00fd opis stol\u00edka: Tento set konferen\u010dn\u00fdch stol\u00edkov v geometrickej postupnosti\u00a0ozvl\u00e1\u0161tni va\u0161u ob\u00fdvaciu izbu a dod\u00e1 jej in\u00fd rozmer. Dreven\u00e9 konferen\u010dn\u00e9 stol\u00edky m\u00f4\u017eete variova\u0165<\/p>\n","protected":false},"featured_media":77538,"comment_status":"open","ping_status":"closed","template":"","meta":[],"product_cat":[832,842,304,837,836],"product_tag":[261],"yoast_head":"<!-- This site is optimized with the Yoast SEO plugin v22.1 - https:\/\/yoast.com\/wordpress\/plugins\/seo\/ -->\n<title>Dreven\u00fd konferen\u010dn\u00fd stol\u00edk Fusion set 3 ks \u00bb &#187; iKuchyne iSHOP s n\u00e1bytkom<\/title>\n<meta name=\"description\" content=\"K\u00fapte si u n\u00e1s Dreven\u00fd konferen\u010dn\u00fd stol\u00edk Fusion set 3 ks \u00bb za akciov\u00fa cenu. R\u00fdchle dodanie tovaru, odborn\u00e9 poradenstvo a stovky produktov skladom. Dreven\u00fd konferen\u010dn\u00fd stol\u00edk Fusion set 3 ks \u00bb sa stane dominantou V\u00e1\u0161ho interi\u00e9ru. Internetov\u00fd obchod ikuchyne! pon\u00faka odber Dreven\u00fd konferen\u010dn\u00fd stol\u00edk Fusion set 3 ks \u00bb u\u017e od 1 kusu.\" \/>\n<meta name=\"robots\" content=\"index, follow, max-snippet:-1, max-image-preview:large, max-video-preview:-1\" \/>\n<link rel=\"canonical\" href=\"https:\/\/www.ikuchyne.sk\/eshop\/produkt\/dreveny-konferencny-stolik-fusion-set-3-ks\/\" \/>\n<meta property=\"og:locale\" content=\"sk_SK\" \/>\n<meta property=\"og:type\" content=\"article\" \/>\n<meta property=\"og:title\" content=\"Dreven\u00fd konferen\u010dn\u00fd stol\u00edk Fusion set 3 ks \u00bb &#187; iKuchyne iSHOP s n\u00e1bytkom\" \/>\n<meta property=\"og:description\" content=\"K\u00fapte si u n\u00e1s Dreven\u00fd konferen\u010dn\u00fd stol\u00edk Fusion set 3 ks \u00bb za akciov\u00fa cenu. R\u00fdchle dodanie tovaru, odborn\u00e9 poradenstvo a stovky produktov skladom. Dreven\u00fd konferen\u010dn\u00fd stol\u00edk Fusion set 3 ks \u00bb sa stane dominantou V\u00e1\u0161ho interi\u00e9ru. Internetov\u00fd obchod ikuchyne! pon\u00faka odber Dreven\u00fd konferen\u010dn\u00fd stol\u00edk Fusion set 3 ks \u00bb u\u017e od 1 kusu.\" \/>\n<meta property=\"og:url\" content=\"https:\/\/www.ikuchyne.sk\/eshop\/produkt\/dreveny-konferencny-stolik-fusion-set-3-ks\/\" \/>\n<meta property=\"og:site_name\" content=\"iKuchyne iSHOP s n\u00e1bytkom\" \/>\n<meta property=\"article:publisher\" content=\"https:\/\/www.facebook.com\/ikuchyne\/\" \/>\n<meta property=\"article:modified_time\" content=\"2024-03-10T18:20:05+00:00\" \/>\n<meta property=\"og:image\" content=\"https:\/\/www.ikuchyne.sk\/eshop\/wp-content\/uploads\/2018\/06\/Konferencny-stolik-Fusion-set-3ks-sheesham-38605.jpg\" \/>\n\t<meta property=\"og:image:width\" content=\"800\" \/>\n\t<meta property=\"og:image:height\" content=\"533\" \/>\n\t<meta property=\"og:image:type\" content=\"image\/jpeg\" \/>\n<meta name=\"twitter:card\" content=\"summary_large_image\" \/>\n<meta name=\"twitter:label1\" content=\"Predpokladan\u00fd \u010das \u010d\u00edtania\" \/>\n\t<meta name=\"twitter:data1\" content=\"2 min\u00faty\" \/>\n<script type=\"application\/ld+json\" class=\"yoast-schema-graph\">{\"@context\":\"https:\/\/schema.org\",\"@graph\":[{\"@type\":\"WebPage\",\"@id\":\"https:\/\/www.ikuchyne.sk\/eshop\/produkt\/dreveny-konferencny-stolik-fusion-set-3-ks\/\",\"url\":\"https:\/\/www.ikuchyne.sk\/eshop\/produkt\/dreveny-konferencny-stolik-fusion-set-3-ks\/\",\"name\":\"Dreven\u00fd konferen\u010dn\u00fd stol\u00edk Fusion set 3 ks \u00bb &#187; iKuchyne iSHOP s n\u00e1bytkom\",\"isPartOf\":{\"@id\":\"https:\/\/www.ikuchyne.sk\/eshop\/#website\"},\"datePublished\":\"2018-06-12T10:05:06+00:00\",\"dateModified\":\"2024-03-10T18:20:05+00:00\",\"description\":\"K\u00fapte si u n\u00e1s Dreven\u00fd konferen\u010dn\u00fd stol\u00edk Fusion set 3 ks \u00bb za akciov\u00fa cenu. R\u00fdchle dodanie tovaru, odborn\u00e9 poradenstvo a stovky produktov skladom. Dreven\u00fd konferen\u010dn\u00fd stol\u00edk Fusion set 3 ks \u00bb sa stane dominantou V\u00e1\u0161ho interi\u00e9ru. Internetov\u00fd obchod ikuchyne! pon\u00faka odber Dreven\u00fd konferen\u010dn\u00fd stol\u00edk Fusion set 3 ks \u00bb u\u017e od 1 kusu.\",\"breadcrumb\":{\"@id\":\"https:\/\/www.ikuchyne.sk\/eshop\/produkt\/dreveny-konferencny-stolik-fusion-set-3-ks\/#breadcrumb\"},\"inLanguage\":\"sk-SK\",\"potentialAction\":[{\"@type\":\"ReadAction\",\"target\":[\"https:\/\/www.ikuchyne.sk\/eshop\/produkt\/dreveny-konferencny-stolik-fusion-set-3-ks\/\"]}]},{\"@type\":\"BreadcrumbList\",\"@id\":\"https:\/\/www.ikuchyne.sk\/eshop\/produkt\/dreveny-konferencny-stolik-fusion-set-3-ks\/#breadcrumb\",\"itemListElement\":[{\"@type\":\"ListItem\",\"position\":1,\"name\":\"Home\",\"item\":\"https:\/\/www.ikuchyne.sk\/eshop\/\"},{\"@type\":\"ListItem\",\"position\":2,\"name\":\"Obchod\",\"item\":\"https:\/\/www.ikuchyne.sk\/eshop\/obchod\/\"},{\"@type\":\"ListItem\",\"position\":3,\"name\":\"Dreven\u00fd konferen\u010dn\u00fd stol\u00edk Fusion set 3 ks \u00bb\"}]},{\"@type\":\"WebSite\",\"@id\":\"https:\/\/www.ikuchyne.sk\/eshop\/#website\",\"url\":\"https:\/\/www.ikuchyne.sk\/eshop\/\",\"name\":\"iKuchyne iSHOP s n\u00e1bytkom\",\"description\":\"Jed\u00e1lensk\u00e9 stoly, stoli\u010dky, n\u00e1bytok, svietidl\u00e1...\",\"publisher\":{\"@id\":\"https:\/\/www.ikuchyne.sk\/eshop\/#organization\"},\"potentialAction\":[{\"@type\":\"SearchAction\",\"target\":{\"@type\":\"EntryPoint\",\"urlTemplate\":\"https:\/\/www.ikuchyne.sk\/eshop\/?s={search_term_string}\"},\"query-input\":\"required name=search_term_string\"}],\"inLanguage\":\"sk-SK\"},{\"@type\":\"Organization\",\"@id\":\"https:\/\/www.ikuchyne.sk\/eshop\/#organization\",\"name\":\"ikuchyne!\",\"url\":\"https:\/\/www.ikuchyne.sk\/eshop\/\",\"logo\":{\"@type\":\"ImageObject\",\"inLanguage\":\"sk-SK\",\"@id\":\"https:\/\/www.ikuchyne.sk\/eshop\/#\/schema\/logo\/image\/\",\"url\":\"https:\/\/www.ikuchyne.sk\/eshop\/wp-content\/uploads\/2017\/04\/ikuchyne-logo.jpg\",\"contentUrl\":\"https:\/\/www.ikuchyne.sk\/eshop\/wp-content\/uploads\/2017\/04\/ikuchyne-logo.jpg\",\"width\":200,\"height\":48,\"caption\":\"ikuchyne!\"},\"image\":{\"@id\":\"https:\/\/www.ikuchyne.sk\/eshop\/#\/schema\/logo\/image\/\"},\"sameAs\":[\"https:\/\/www.facebook.com\/ikuchyne\/\",\"https:\/\/www.instagram.com\/ikuchyne.sk\/\",\"https:\/\/sk.pinterest.com\/ikuchynesk\/\"]}]}<\/script>\n<!-- \/ Yoast SEO plugin. -->","yoast_head_json":{"title":"Dreven\u00fd konferen\u010dn\u00fd stol\u00edk Fusion set 3 ks \u00bb &#187; iKuchyne iSHOP s n\u00e1bytkom","description":"K\u00fapte si u n\u00e1s Dreven\u00fd konferen\u010dn\u00fd stol\u00edk Fusion set 3 ks \u00bb za akciov\u00fa cenu. R\u00fdchle dodanie tovaru, odborn\u00e9 poradenstvo a stovky produktov skladom. Dreven\u00fd konferen\u010dn\u00fd stol\u00edk Fusion set 3 ks \u00bb sa stane dominantou V\u00e1\u0161ho interi\u00e9ru. Internetov\u00fd obchod ikuchyne! pon\u00faka odber Dreven\u00fd konferen\u010dn\u00fd stol\u00edk Fusion set 3 ks \u00bb u\u017e od 1 kusu.","robots":{"index":"index","follow":"follow","max-snippet":"max-snippet:-1","max-image-preview":"max-image-preview:large","max-video-preview":"max-video-preview:-1"},"canonical":"https:\/\/www.ikuchyne.sk\/eshop\/produkt\/dreveny-konferencny-stolik-fusion-set-3-ks\/","og_locale":"sk_SK","og_type":"article","og_title":"Dreven\u00fd konferen\u010dn\u00fd stol\u00edk Fusion set 3 ks \u00bb &#187; iKuchyne iSHOP s n\u00e1bytkom","og_description":"K\u00fapte si u n\u00e1s Dreven\u00fd konferen\u010dn\u00fd stol\u00edk Fusion set 3 ks \u00bb za akciov\u00fa cenu. R\u00fdchle dodanie tovaru, odborn\u00e9 poradenstvo a stovky produktov skladom. Dreven\u00fd konferen\u010dn\u00fd stol\u00edk Fusion set 3 ks \u00bb sa stane dominantou V\u00e1\u0161ho interi\u00e9ru. Internetov\u00fd obchod ikuchyne! pon\u00faka odber Dreven\u00fd konferen\u010dn\u00fd stol\u00edk Fusion set 3 ks \u00bb u\u017e od 1 kusu.","og_url":"https:\/\/www.ikuchyne.sk\/eshop\/produkt\/dreveny-konferencny-stolik-fusion-set-3-ks\/","og_site_name":"iKuchyne iSHOP s n\u00e1bytkom","article_publisher":"https:\/\/www.facebook.com\/ikuchyne\/","article_modified_time":"2024-03-10T18:20:05+00:00","og_image":[{"width":800,"height":533,"url":"https:\/\/www.ikuchyne.sk\/eshop\/wp-content\/uploads\/2018\/06\/Konferencny-stolik-Fusion-set-3ks-sheesham-38605.jpg","type":"image\/jpeg"}],"twitter_card":"summary_large_image","twitter_misc":{"Predpokladan\u00fd \u010das \u010d\u00edtania":"2 min\u00faty"},"schema":{"@context":"https:\/\/schema.org","@graph":[{"@type":"WebPage","@id":"https:\/\/www.ikuchyne.sk\/eshop\/produkt\/dreveny-konferencny-stolik-fusion-set-3-ks\/","url":"https:\/\/www.ikuchyne.sk\/eshop\/produkt\/dreveny-konferencny-stolik-fusion-set-3-ks\/","name":"Dreven\u00fd konferen\u010dn\u00fd stol\u00edk Fusion set 3 ks \u00bb &#187; iKuchyne iSHOP s n\u00e1bytkom","isPartOf":{"@id":"https:\/\/www.ikuchyne.sk\/eshop\/#website"},"datePublished":"2018-06-12T10:05:06+00:00","dateModified":"2024-03-10T18:20:05+00:00","description":"K\u00fapte si u n\u00e1s Dreven\u00fd konferen\u010dn\u00fd stol\u00edk Fusion set 3 ks \u00bb za akciov\u00fa cenu. R\u00fdchle dodanie tovaru, odborn\u00e9 poradenstvo a stovky produktov skladom. Dreven\u00fd konferen\u010dn\u00fd stol\u00edk Fusion set 3 ks \u00bb sa stane dominantou V\u00e1\u0161ho interi\u00e9ru. Internetov\u00fd obchod ikuchyne! pon\u00faka odber Dreven\u00fd konferen\u010dn\u00fd stol\u00edk Fusion set 3 ks \u00bb u\u017e od 1 kusu.","breadcrumb":{"@id":"https:\/\/www.ikuchyne.sk\/eshop\/produkt\/dreveny-konferencny-stolik-fusion-set-3-ks\/#breadcrumb"},"inLanguage":"sk-SK","potentialAction":[{"@type":"ReadAction","target":["https:\/\/www.ikuchyne.sk\/eshop\/produkt\/dreveny-konferencny-stolik-fusion-set-3-ks\/"]}]},{"@type":"BreadcrumbList","@id":"https:\/\/www.ikuchyne.sk\/eshop\/produkt\/dreveny-konferencny-stolik-fusion-set-3-ks\/#breadcrumb","itemListElement":[{"@type":"ListItem","position":1,"name":"Home","item":"https:\/\/www.ikuchyne.sk\/eshop\/"},{"@type":"ListItem","position":2,"name":"Obchod","item":"https:\/\/www.ikuchyne.sk\/eshop\/obchod\/"},{"@type":"ListItem","position":3,"name":"Dreven\u00fd konferen\u010dn\u00fd stol\u00edk Fusion set 3 ks \u00bb"}]},{"@type":"WebSite","@id":"https:\/\/www.ikuchyne.sk\/eshop\/#website","url":"https:\/\/www.ikuchyne.sk\/eshop\/","name":"iKuchyne iSHOP s n\u00e1bytkom","description":"Jed\u00e1lensk\u00e9 stoly, stoli\u010dky, n\u00e1bytok, svietidl\u00e1...","publisher":{"@id":"https:\/\/www.ikuchyne.sk\/eshop\/#organization"},"potentialAction":[{"@type":"SearchAction","target":{"@type":"EntryPoint","urlTemplate":"https:\/\/www.ikuchyne.sk\/eshop\/?s={search_term_string}"},"query-input":"required name=search_term_string"}],"inLanguage":"sk-SK"},{"@type":"Organization","@id":"https:\/\/www.ikuchyne.sk\/eshop\/#organization","name":"ikuchyne!","url":"https:\/\/www.ikuchyne.sk\/eshop\/","logo":{"@type":"ImageObject","inLanguage":"sk-SK","@id":"https:\/\/www.ikuchyne.sk\/eshop\/#\/schema\/logo\/image\/","url":"https:\/\/www.ikuchyne.sk\/eshop\/wp-content\/uploads\/2017\/04\/ikuchyne-logo.jpg","contentUrl":"https:\/\/www.ikuchyne.sk\/eshop\/wp-content\/uploads\/2017\/04\/ikuchyne-logo.jpg","width":200,"height":48,"caption":"ikuchyne!"},"image":{"@id":"https:\/\/www.ikuchyne.sk\/eshop\/#\/schema\/logo\/image\/"},"sameAs":["https:\/\/www.facebook.com\/ikuchyne\/","https:\/\/www.instagram.com\/ikuchyne.sk\/","https:\/\/sk.pinterest.com\/ikuchynesk\/"]}]}},"_links":{"self":[{"href":"https:\/\/www.ikuchyne.sk\/eshop\/wp-json\/wp\/v2\/product\/77537"}],"collection":[{"href":"https:\/\/www.ikuchyne.sk\/eshop\/wp-json\/wp\/v2\/product"}],"about":[{"href":"https:\/\/www.ikuchyne.sk\/eshop\/wp-json\/wp\/v2\/types\/product"}],"replies":[{"embeddable":true,"href":"https:\/\/www.ikuchyne.sk\/eshop\/wp-json\/wp\/v2\/comments?post=77537"}],"wp:featuredmedia":[{"embeddable":true,"href":"https:\/\/www.ikuchyne.sk\/eshop\/wp-json\/wp\/v2\/media\/77538"}],"wp:attachment":[{"href":"https:\/\/www.ikuchyne.sk\/eshop\/wp-json\/wp\/v2\/media?parent=77537"}],"wp:term":[{"taxonomy":"product_cat","embeddable":true,"href":"https:\/\/www.ikuchyne.sk\/eshop\/wp-json\/wp\/v2\/product_cat?post=77537"},{"taxonomy":"product_tag","embeddable":true,"href":"https:\/\/www.ikuchyne.sk\/eshop\/wp-json\/wp\/v2\/product_tag?post=77537"}],"curies":[{"name":"wp","href":"https:\/\/api.w.org\/{rel}","templated":true}]}}