{"id":77628,"date":"2018-11-09T14:17:32","date_gmt":"2018-11-09T13:17:32","guid":{"rendered":"https:\/\/ikuchyne.sk\/eshop\/?post_type=product&#038;p=77628"},"modified":"2024-03-10T19:20:01","modified_gmt":"2024-03-10T18:20:01","slug":"dreveny-jedalensky-stol-mammut-x-97-106-x-240-cm-60-mm","status":"publish","type":"product","link":"https:\/\/www.ikuchyne.sk\/eshop\/produkt\/dreveny-jedalensky-stol-mammut-x-97-106-x-240-cm-60-mm\/","title":{"rendered":"Dreven\u00fd jed\u00e1lensk\u00fd st\u00f4l Mammut X 97 &#8211; 106 x 240 cm \u2013 60 mm\u00a0\u00bb"},"content":{"rendered":"<h1 class=\"product_title entry-title\">Dreven\u00fd jed\u00e1lensk\u00fd st\u00f4l Mammut X 97 &#8211; 106 x 240 cm \u2013 60 mm<\/h1>\n<p><strong>V\u0161eobecn\u00fd opis stola:<br \/>\n<\/strong>Dreven\u00fd jed\u00e1lensk\u00fd st\u00f4l v industri\u00e1lnom \u0161t\u00fdle sa v\u010faka starostlivo vybran\u00fdm materi\u00e1lom stane dominantn\u00fdm prvkom va\u0161ej kuchyne. Podno\u017e stola je tvoren\u00e1 pevn\u00fdm kovov\u00fdm podstavcom v tvare X, \u010do umoc\u0148uje priemyseln\u00fd dizajn stola. Povrch jed\u00e1lensk\u00e9ho stola je tvoren\u00fd mas\u00edvnym ag\u00e1tov\u00fdm drevom, ktor\u00e9 je lakovan\u00e9 a \u013eahk\u00e9 na \u00fadr\u017ebu. Doska stola m\u00e1 nepravideln\u00fd a neopracovan\u00fd tvar, ktor\u00fd je \u017eiad\u00faci. Tento st\u00f4l je typick\u00fd svojou strohos\u0165ou, mas\u00edvnos\u0165ou a z\u00e1rove\u0148 praktickou funk\u010dnos\u0165ou.<\/p>\n<p><strong>Povrch stola:<br \/>\n<\/strong>Povrch jed\u00e1lensk\u00e9ho stola tvor\u00ed mas\u00edvne ag\u00e1tov\u00e9 drevo, ktor\u00e9 je lakovan\u00e9. Vysok\u00e1 hr\u00fabka drevenej dosky dotv\u00e1ra typick\u00fd charakter n\u00e1bytku tohto druhu.<\/p>\n<p><strong>Podno\u017e stola:<br \/>\n<\/strong>Podno\u017e stola pozost\u00e1va z pevn\u00e9ho kovov\u00e9ho podstavca v tvare X, typick\u00e9ho pre industri\u00e1lny typ n\u00e1bytku.<\/p>\n<p><strong>\u010eal\u0161ie inform\u00e1cie:<br \/>\n<\/strong>Ka\u017ed\u00fd st\u00f4l je unik\u00e1t, tak\u017ee jednotliv\u00e9 kusy sa m\u00f4\u017eu od seba mierne l\u00ed\u0161i\u0165.<br \/>\nKombin\u00e1cia kovu a dreva rob\u00ed z tohto stola nosn\u00fd prvok industri\u00e1lneho \u0161t\u00fdlu v ka\u017edej modernej dom\u00e1cnosti. Povrch stola v pr\u00edpade ne\u010dist\u00f4t o\u0161etrujte vlhkou bavlnenou handri\u010dkou namo\u010denou v mydlovej vode s smere kresby dreva.<\/p>\n<p><b>Rozmery<\/b>:<br \/>\n\u0160\u00edrka stola: 97 &#8211; 106 cm<br \/>\nD\u013a\u017eka stola: 240 cm<br \/>\nV\u00fd\u0161ka stola: 77 cm<br \/>\n<strong>Nohy stola:<\/strong>\u00a010 cm x 10 cm<br \/>\n<strong>Hr\u00fabka dosky:<\/strong>\u00a060 mm<\/p>\n<p><strong>Tento st\u00f4l sa vyr\u00e1ba aj v t\u00fdchto ve\u013ekostiach:<br \/>\n<\/strong>103 x 200 cm \u2013 60 mm<br \/>\n97 &#8211; 106 x 300 cm \u2013 60 mm<\/p>\n<p><b>Materi\u00e1l:\u00a0<\/b>drevo (mas\u00edv), lakovan\u00fd ag\u00e1t, kov<\/p>\n<p><b>Farba:<\/b>\u00a0pr\u00edrodn\u00e1, kov v Industrial Looku<\/p>\n","protected":false},"excerpt":{"rendered":"<p>240cm x 77cm x 97-106cm (\u0160xVxH)<\/p>\n<p>nohy stola: 10cm x 10cm (\u0160xH)<br \/>\nHr\u00fabka dosky: 60mm<br \/>\n<b>Farba:<\/b> pr\u00edrodn\u00e1<br \/>\n<b>Materi\u00e1l:<\/b> drevo (mas\u00edv), ag\u00e1t, lak<\/p>\n","protected":false},"featured_media":77629,"comment_status":"open","ping_status":"closed","template":"","meta":[],"product_cat":[298,847],"product_tag":[261],"yoast_head":"<!-- This site is optimized with the Yoast SEO plugin v22.1 - https:\/\/yoast.com\/wordpress\/plugins\/seo\/ -->\n<title>Dreven\u00fd jed\u00e1lensk\u00fd st\u00f4l Mammut X 97 - 106 x 240 cm \u2013 60 mm\u00a0\u00bb &#187; iKuchyne iSHOP s n\u00e1bytkom<\/title>\n<meta name=\"description\" content=\"K\u00fapte si u n\u00e1s Dreven\u00fd jed\u00e1lensk\u00fd st\u00f4l Mammut X 97 - 106 x 240 cm \u2013 60 mm\u00a0\u00bb za akciov\u00fa cenu. R\u00fdchle dodanie tovaru, odborn\u00e9 poradenstvo a stovky produktov skladom. Dreven\u00fd jed\u00e1lensk\u00fd st\u00f4l Mammut X 97 - 106 x 240 cm \u2013 60 mm\u00a0\u00bb sa stane dominantou V\u00e1\u0161ho interi\u00e9ru. Internetov\u00fd obchod ikuchyne! pon\u00faka odber Dreven\u00fd jed\u00e1lensk\u00fd st\u00f4l Mammut X 97 - 106 x 240 cm \u2013 60 mm\u00a0\u00bb u\u017e od 1 kusu.\" \/>\n<meta name=\"robots\" content=\"index, follow, max-snippet:-1, max-image-preview:large, max-video-preview:-1\" \/>\n<link rel=\"canonical\" href=\"https:\/\/www.ikuchyne.sk\/eshop\/produkt\/dreveny-jedalensky-stol-mammut-x-97-106-x-240-cm-60-mm\/\" \/>\n<meta property=\"og:locale\" content=\"sk_SK\" \/>\n<meta property=\"og:type\" content=\"article\" \/>\n<meta property=\"og:title\" content=\"Dreven\u00fd jed\u00e1lensk\u00fd st\u00f4l Mammut X 97 - 106 x 240 cm \u2013 60 mm\u00a0\u00bb &#187; iKuchyne iSHOP s n\u00e1bytkom\" \/>\n<meta property=\"og:description\" content=\"K\u00fapte si u n\u00e1s Dreven\u00fd jed\u00e1lensk\u00fd st\u00f4l Mammut X 97 - 106 x 240 cm \u2013 60 mm\u00a0\u00bb za akciov\u00fa cenu. R\u00fdchle dodanie tovaru, odborn\u00e9 poradenstvo a stovky produktov skladom. Dreven\u00fd jed\u00e1lensk\u00fd st\u00f4l Mammut X 97 - 106 x 240 cm \u2013 60 mm\u00a0\u00bb sa stane dominantou V\u00e1\u0161ho interi\u00e9ru. Internetov\u00fd obchod ikuchyne! pon\u00faka odber Dreven\u00fd jed\u00e1lensk\u00fd st\u00f4l Mammut X 97 - 106 x 240 cm \u2013 60 mm\u00a0\u00bb u\u017e od 1 kusu.\" \/>\n<meta property=\"og:url\" content=\"https:\/\/www.ikuchyne.sk\/eshop\/produkt\/dreveny-jedalensky-stol-mammut-x-97-106-x-240-cm-60-mm\/\" \/>\n<meta property=\"og:site_name\" content=\"iKuchyne iSHOP s n\u00e1bytkom\" \/>\n<meta property=\"article:publisher\" content=\"https:\/\/www.facebook.com\/ikuchyne\/\" \/>\n<meta property=\"article:modified_time\" content=\"2024-03-10T18:20:01+00:00\" \/>\n<meta property=\"og:image\" content=\"https:\/\/www.ikuchyne.sk\/eshop\/wp-content\/uploads\/2018\/06\/Jedalensky-stol-Mammut-X-240cm-agat-60mm-38350.jpg\" \/>\n\t<meta property=\"og:image:width\" content=\"800\" \/>\n\t<meta property=\"og:image:height\" content=\"533\" \/>\n\t<meta property=\"og:image:type\" content=\"image\/jpeg\" \/>\n<meta name=\"twitter:card\" content=\"summary_large_image\" \/>\n<meta name=\"twitter:label1\" content=\"Predpokladan\u00fd \u010das \u010d\u00edtania\" \/>\n\t<meta name=\"twitter:data1\" content=\"1 min\u00fata\" \/>\n<script type=\"application\/ld+json\" class=\"yoast-schema-graph\">{\"@context\":\"https:\/\/schema.org\",\"@graph\":[{\"@type\":\"WebPage\",\"@id\":\"https:\/\/www.ikuchyne.sk\/eshop\/produkt\/dreveny-jedalensky-stol-mammut-x-97-106-x-240-cm-60-mm\/\",\"url\":\"https:\/\/www.ikuchyne.sk\/eshop\/produkt\/dreveny-jedalensky-stol-mammut-x-97-106-x-240-cm-60-mm\/\",\"name\":\"Dreven\u00fd jed\u00e1lensk\u00fd st\u00f4l Mammut X 97 - 106 x 240 cm \u2013 60 mm\u00a0\u00bb &#187; iKuchyne iSHOP s n\u00e1bytkom\",\"isPartOf\":{\"@id\":\"https:\/\/www.ikuchyne.sk\/eshop\/#website\"},\"datePublished\":\"2018-11-09T13:17:32+00:00\",\"dateModified\":\"2024-03-10T18:20:01+00:00\",\"description\":\"K\u00fapte si u n\u00e1s Dreven\u00fd jed\u00e1lensk\u00fd st\u00f4l Mammut X 97 - 106 x 240 cm \u2013 60 mm\u00a0\u00bb za akciov\u00fa cenu. R\u00fdchle dodanie tovaru, odborn\u00e9 poradenstvo a stovky produktov skladom. Dreven\u00fd jed\u00e1lensk\u00fd st\u00f4l Mammut X 97 - 106 x 240 cm \u2013 60 mm\u00a0\u00bb sa stane dominantou V\u00e1\u0161ho interi\u00e9ru. Internetov\u00fd obchod ikuchyne! pon\u00faka odber Dreven\u00fd jed\u00e1lensk\u00fd st\u00f4l Mammut X 97 - 106 x 240 cm \u2013 60 mm\u00a0\u00bb u\u017e od 1 kusu.\",\"breadcrumb\":{\"@id\":\"https:\/\/www.ikuchyne.sk\/eshop\/produkt\/dreveny-jedalensky-stol-mammut-x-97-106-x-240-cm-60-mm\/#breadcrumb\"},\"inLanguage\":\"sk-SK\",\"potentialAction\":[{\"@type\":\"ReadAction\",\"target\":[\"https:\/\/www.ikuchyne.sk\/eshop\/produkt\/dreveny-jedalensky-stol-mammut-x-97-106-x-240-cm-60-mm\/\"]}]},{\"@type\":\"BreadcrumbList\",\"@id\":\"https:\/\/www.ikuchyne.sk\/eshop\/produkt\/dreveny-jedalensky-stol-mammut-x-97-106-x-240-cm-60-mm\/#breadcrumb\",\"itemListElement\":[{\"@type\":\"ListItem\",\"position\":1,\"name\":\"Home\",\"item\":\"https:\/\/www.ikuchyne.sk\/eshop\/\"},{\"@type\":\"ListItem\",\"position\":2,\"name\":\"Obchod\",\"item\":\"https:\/\/www.ikuchyne.sk\/eshop\/obchod\/\"},{\"@type\":\"ListItem\",\"position\":3,\"name\":\"Dreven\u00fd jed\u00e1lensk\u00fd st\u00f4l Mammut X 97 &#8211; 106 x 240 cm \u2013 60 mm\u00a0\u00bb\"}]},{\"@type\":\"WebSite\",\"@id\":\"https:\/\/www.ikuchyne.sk\/eshop\/#website\",\"url\":\"https:\/\/www.ikuchyne.sk\/eshop\/\",\"name\":\"iKuchyne iSHOP s n\u00e1bytkom\",\"description\":\"Jed\u00e1lensk\u00e9 stoly, stoli\u010dky, n\u00e1bytok, svietidl\u00e1...\",\"publisher\":{\"@id\":\"https:\/\/www.ikuchyne.sk\/eshop\/#organization\"},\"potentialAction\":[{\"@type\":\"SearchAction\",\"target\":{\"@type\":\"EntryPoint\",\"urlTemplate\":\"https:\/\/www.ikuchyne.sk\/eshop\/?s={search_term_string}\"},\"query-input\":\"required name=search_term_string\"}],\"inLanguage\":\"sk-SK\"},{\"@type\":\"Organization\",\"@id\":\"https:\/\/www.ikuchyne.sk\/eshop\/#organization\",\"name\":\"ikuchyne!\",\"url\":\"https:\/\/www.ikuchyne.sk\/eshop\/\",\"logo\":{\"@type\":\"ImageObject\",\"inLanguage\":\"sk-SK\",\"@id\":\"https:\/\/www.ikuchyne.sk\/eshop\/#\/schema\/logo\/image\/\",\"url\":\"https:\/\/www.ikuchyne.sk\/eshop\/wp-content\/uploads\/2017\/04\/ikuchyne-logo.jpg\",\"contentUrl\":\"https:\/\/www.ikuchyne.sk\/eshop\/wp-content\/uploads\/2017\/04\/ikuchyne-logo.jpg\",\"width\":200,\"height\":48,\"caption\":\"ikuchyne!\"},\"image\":{\"@id\":\"https:\/\/www.ikuchyne.sk\/eshop\/#\/schema\/logo\/image\/\"},\"sameAs\":[\"https:\/\/www.facebook.com\/ikuchyne\/\",\"https:\/\/www.instagram.com\/ikuchyne.sk\/\",\"https:\/\/sk.pinterest.com\/ikuchynesk\/\"]}]}<\/script>\n<!-- \/ Yoast SEO plugin. -->","yoast_head_json":{"title":"Dreven\u00fd jed\u00e1lensk\u00fd st\u00f4l Mammut X 97 - 106 x 240 cm \u2013 60 mm\u00a0\u00bb &#187; iKuchyne iSHOP s n\u00e1bytkom","description":"K\u00fapte si u n\u00e1s Dreven\u00fd jed\u00e1lensk\u00fd st\u00f4l Mammut X 97 - 106 x 240 cm \u2013 60 mm\u00a0\u00bb za akciov\u00fa cenu. R\u00fdchle dodanie tovaru, odborn\u00e9 poradenstvo a stovky produktov skladom. Dreven\u00fd jed\u00e1lensk\u00fd st\u00f4l Mammut X 97 - 106 x 240 cm \u2013 60 mm\u00a0\u00bb sa stane dominantou V\u00e1\u0161ho interi\u00e9ru. Internetov\u00fd obchod ikuchyne! pon\u00faka odber Dreven\u00fd jed\u00e1lensk\u00fd st\u00f4l Mammut X 97 - 106 x 240 cm \u2013 60 mm\u00a0\u00bb u\u017e od 1 kusu.","robots":{"index":"index","follow":"follow","max-snippet":"max-snippet:-1","max-image-preview":"max-image-preview:large","max-video-preview":"max-video-preview:-1"},"canonical":"https:\/\/www.ikuchyne.sk\/eshop\/produkt\/dreveny-jedalensky-stol-mammut-x-97-106-x-240-cm-60-mm\/","og_locale":"sk_SK","og_type":"article","og_title":"Dreven\u00fd jed\u00e1lensk\u00fd st\u00f4l Mammut X 97 - 106 x 240 cm \u2013 60 mm\u00a0\u00bb &#187; iKuchyne iSHOP s n\u00e1bytkom","og_description":"K\u00fapte si u n\u00e1s Dreven\u00fd jed\u00e1lensk\u00fd st\u00f4l Mammut X 97 - 106 x 240 cm \u2013 60 mm\u00a0\u00bb za akciov\u00fa cenu. R\u00fdchle dodanie tovaru, odborn\u00e9 poradenstvo a stovky produktov skladom. Dreven\u00fd jed\u00e1lensk\u00fd st\u00f4l Mammut X 97 - 106 x 240 cm \u2013 60 mm\u00a0\u00bb sa stane dominantou V\u00e1\u0161ho interi\u00e9ru. Internetov\u00fd obchod ikuchyne! pon\u00faka odber Dreven\u00fd jed\u00e1lensk\u00fd st\u00f4l Mammut X 97 - 106 x 240 cm \u2013 60 mm\u00a0\u00bb u\u017e od 1 kusu.","og_url":"https:\/\/www.ikuchyne.sk\/eshop\/produkt\/dreveny-jedalensky-stol-mammut-x-97-106-x-240-cm-60-mm\/","og_site_name":"iKuchyne iSHOP s n\u00e1bytkom","article_publisher":"https:\/\/www.facebook.com\/ikuchyne\/","article_modified_time":"2024-03-10T18:20:01+00:00","og_image":[{"width":800,"height":533,"url":"https:\/\/www.ikuchyne.sk\/eshop\/wp-content\/uploads\/2018\/06\/Jedalensky-stol-Mammut-X-240cm-agat-60mm-38350.jpg","type":"image\/jpeg"}],"twitter_card":"summary_large_image","twitter_misc":{"Predpokladan\u00fd \u010das \u010d\u00edtania":"1 min\u00fata"},"schema":{"@context":"https:\/\/schema.org","@graph":[{"@type":"WebPage","@id":"https:\/\/www.ikuchyne.sk\/eshop\/produkt\/dreveny-jedalensky-stol-mammut-x-97-106-x-240-cm-60-mm\/","url":"https:\/\/www.ikuchyne.sk\/eshop\/produkt\/dreveny-jedalensky-stol-mammut-x-97-106-x-240-cm-60-mm\/","name":"Dreven\u00fd jed\u00e1lensk\u00fd st\u00f4l Mammut X 97 - 106 x 240 cm \u2013 60 mm\u00a0\u00bb &#187; iKuchyne iSHOP s n\u00e1bytkom","isPartOf":{"@id":"https:\/\/www.ikuchyne.sk\/eshop\/#website"},"datePublished":"2018-11-09T13:17:32+00:00","dateModified":"2024-03-10T18:20:01+00:00","description":"K\u00fapte si u n\u00e1s Dreven\u00fd jed\u00e1lensk\u00fd st\u00f4l Mammut X 97 - 106 x 240 cm \u2013 60 mm\u00a0\u00bb za akciov\u00fa cenu. R\u00fdchle dodanie tovaru, odborn\u00e9 poradenstvo a stovky produktov skladom. Dreven\u00fd jed\u00e1lensk\u00fd st\u00f4l Mammut X 97 - 106 x 240 cm \u2013 60 mm\u00a0\u00bb sa stane dominantou V\u00e1\u0161ho interi\u00e9ru. Internetov\u00fd obchod ikuchyne! pon\u00faka odber Dreven\u00fd jed\u00e1lensk\u00fd st\u00f4l Mammut X 97 - 106 x 240 cm \u2013 60 mm\u00a0\u00bb u\u017e od 1 kusu.","breadcrumb":{"@id":"https:\/\/www.ikuchyne.sk\/eshop\/produkt\/dreveny-jedalensky-stol-mammut-x-97-106-x-240-cm-60-mm\/#breadcrumb"},"inLanguage":"sk-SK","potentialAction":[{"@type":"ReadAction","target":["https:\/\/www.ikuchyne.sk\/eshop\/produkt\/dreveny-jedalensky-stol-mammut-x-97-106-x-240-cm-60-mm\/"]}]},{"@type":"BreadcrumbList","@id":"https:\/\/www.ikuchyne.sk\/eshop\/produkt\/dreveny-jedalensky-stol-mammut-x-97-106-x-240-cm-60-mm\/#breadcrumb","itemListElement":[{"@type":"ListItem","position":1,"name":"Home","item":"https:\/\/www.ikuchyne.sk\/eshop\/"},{"@type":"ListItem","position":2,"name":"Obchod","item":"https:\/\/www.ikuchyne.sk\/eshop\/obchod\/"},{"@type":"ListItem","position":3,"name":"Dreven\u00fd jed\u00e1lensk\u00fd st\u00f4l Mammut X 97 &#8211; 106 x 240 cm \u2013 60 mm\u00a0\u00bb"}]},{"@type":"WebSite","@id":"https:\/\/www.ikuchyne.sk\/eshop\/#website","url":"https:\/\/www.ikuchyne.sk\/eshop\/","name":"iKuchyne iSHOP s n\u00e1bytkom","description":"Jed\u00e1lensk\u00e9 stoly, stoli\u010dky, n\u00e1bytok, svietidl\u00e1...","publisher":{"@id":"https:\/\/www.ikuchyne.sk\/eshop\/#organization"},"potentialAction":[{"@type":"SearchAction","target":{"@type":"EntryPoint","urlTemplate":"https:\/\/www.ikuchyne.sk\/eshop\/?s={search_term_string}"},"query-input":"required name=search_term_string"}],"inLanguage":"sk-SK"},{"@type":"Organization","@id":"https:\/\/www.ikuchyne.sk\/eshop\/#organization","name":"ikuchyne!","url":"https:\/\/www.ikuchyne.sk\/eshop\/","logo":{"@type":"ImageObject","inLanguage":"sk-SK","@id":"https:\/\/www.ikuchyne.sk\/eshop\/#\/schema\/logo\/image\/","url":"https:\/\/www.ikuchyne.sk\/eshop\/wp-content\/uploads\/2017\/04\/ikuchyne-logo.jpg","contentUrl":"https:\/\/www.ikuchyne.sk\/eshop\/wp-content\/uploads\/2017\/04\/ikuchyne-logo.jpg","width":200,"height":48,"caption":"ikuchyne!"},"image":{"@id":"https:\/\/www.ikuchyne.sk\/eshop\/#\/schema\/logo\/image\/"},"sameAs":["https:\/\/www.facebook.com\/ikuchyne\/","https:\/\/www.instagram.com\/ikuchyne.sk\/","https:\/\/sk.pinterest.com\/ikuchynesk\/"]}]}},"_links":{"self":[{"href":"https:\/\/www.ikuchyne.sk\/eshop\/wp-json\/wp\/v2\/product\/77628"}],"collection":[{"href":"https:\/\/www.ikuchyne.sk\/eshop\/wp-json\/wp\/v2\/product"}],"about":[{"href":"https:\/\/www.ikuchyne.sk\/eshop\/wp-json\/wp\/v2\/types\/product"}],"replies":[{"embeddable":true,"href":"https:\/\/www.ikuchyne.sk\/eshop\/wp-json\/wp\/v2\/comments?post=77628"}],"wp:featuredmedia":[{"embeddable":true,"href":"https:\/\/www.ikuchyne.sk\/eshop\/wp-json\/wp\/v2\/media\/77629"}],"wp:attachment":[{"href":"https:\/\/www.ikuchyne.sk\/eshop\/wp-json\/wp\/v2\/media?parent=77628"}],"wp:term":[{"taxonomy":"product_cat","embeddable":true,"href":"https:\/\/www.ikuchyne.sk\/eshop\/wp-json\/wp\/v2\/product_cat?post=77628"},{"taxonomy":"product_tag","embeddable":true,"href":"https:\/\/www.ikuchyne.sk\/eshop\/wp-json\/wp\/v2\/product_tag?post=77628"}],"curies":[{"name":"wp","href":"https:\/\/api.w.org\/{rel}","templated":true}]}}