{"id":77805,"date":"2018-07-04T18:49:23","date_gmt":"2018-07-04T16:49:23","guid":{"rendered":"https:\/\/ikuchyne.sk\/eshop\/?post_type=product&#038;p=77805"},"modified":"2024-03-10T19:20:05","modified_gmt":"2024-03-10T18:20:05","slug":"dreveny-pisaci-stol-black-desk-60-x-120-cm-40-mm","status":"publish","type":"product","link":"https:\/\/www.ikuchyne.sk\/eshop\/produkt\/dreveny-pisaci-stol-black-desk-60-x-120-cm-40-mm\/","title":{"rendered":"Dreven\u00fd p\u00edsac\u00ed st\u00f4l Black Desk 60 x 120 cm &#8211; 40 mm \u00bb"},"content":{"rendered":"<h1>Dreven\u00fd p\u00edsac\u00ed st\u00f4l Black Desk 60 x 120 cm &#8211; 40 mm<\/h1>\n<p><b><strong>V\u0161eobecn\u00fd opis p\u00edsacieho stola:<br \/>\n<\/strong><\/b>Dreven\u00fd p\u00edsac\u00ed st\u00f4l Black Desk je vyroben\u00fd v kombin\u00e1cii pr\u00edrodn\u00e9ho dubov\u00e9ho dreva a modernej industri\u00e1lnej kovovej kon\u0161trukcie. Industri\u00e1lny\u00a0dizajn r\u00e1d kombinuje rozli\u010dn\u00e9 materi\u00e1ly, \u010d\u00edm zv\u00fdraz\u0148uje rozli\u010dn\u00e9 kontrasty. V\u010faka tomu m\u00f4\u017ee by\u0165 st\u00f4l s\u00fa\u010das\u0165ou viacer\u00fdch interi\u00e9rov\u00fdch \u0161t\u00fdlov, napr\u00edklad ako s\u00fa\u010das\u0165 modern\u00e9ho mestsk\u00e9ho bytu, ale rovnako dok\u00e1\u017ee dotvori\u0165 aj \u00fatuln\u00fa atmosf\u00e9ru vidieckeho domu. Povrch p\u00edsacieho stola tvor\u00ed doska v dubovom dizajne s hr\u00fabkou 40 mm. Tmav\u00e1 podno\u017e stola pozost\u00e1va z kovov\u00e9ho ly\u017einov\u00e9ho podstavca v tmavej farbe. Tento p\u00edsac\u00ed st\u00f4l je ve\u013emi praktick\u00fd v\u010faka svoj\u00edm rozmerom.<\/p>\n<p><strong>Povrch stola:<br \/>\n<\/strong>Povrch p\u00edsacieho stola tvor\u00ed doska v dubovom dizajne s hr\u00fabkou 40 mm.<\/p>\n<p><strong>Podno\u017e stola:<br \/>\n<\/strong>Podno\u017e stola pozost\u00e1va z kovov\u00e9ho ly\u017einov\u00e9ho podstavca v tmavej farbe.<\/p>\n<p><strong>\u010eal\u0161ie inform\u00e1cie:<br \/>\n<\/strong>St\u00f4l je vyroben\u00fd z materi\u00e1lov, ktor\u00e9 sa \u013eahko udr\u017eiavaj\u00fa. Preto ho utierame len\u00a0handri\u010dkou mierne navlh\u010denou v jemnej mydlovej vode.<\/p>\n<p><b>Rozmery stola<\/b>:<br \/>\n\u0160\u00edrka stola: 60 cm<br \/>\nD\u013a\u017eka stola: 120 cm<br \/>\nV\u00fd\u0161ka stola: 75 cm<br \/>\n<strong>Hr\u00fabka dosky:<\/strong>\u00a040 mm<br \/>\n<strong>Nohy stola:<\/strong>\u00a05 x 2,5 cm<\/p>\n<p><strong>Tento st\u00f4l sa vyr\u00e1ba aj v tomto rozmere:<\/strong><br \/>\n40 x 120 cm \u2013 80 mm<\/p>\n<p><b>Materi\u00e1l:\u00a0<\/b> MDF, f\u00f3lia v dubovom dizajne, kov<\/p>\n<p><b>Farba:<\/b>\u00a0pr\u00edrodn\u00e1, \u010dierny podstavec \u2013 kovov\u00e9 nohy Vintage Look<\/p>\n","protected":false},"excerpt":{"rendered":"<p>Dreven\u00fd p\u00edsac\u00ed st\u00f4l Black Desk 60 x 120 cm &#8211; 40 mm V\u0161eobecn\u00fd opis p\u00edsacieho stola: Dreven\u00fd p\u00edsac\u00ed st\u00f4l Black Desk je vyroben\u00fd v kombin\u00e1cii pr\u00edrodn\u00e9ho dubov\u00e9ho dreva a modernej<\/p>\n","protected":false},"featured_media":77806,"comment_status":"closed","ping_status":"closed","template":"","meta":[],"product_cat":[300],"product_tag":[816],"yoast_head":"<!-- This site is optimized with the Yoast SEO plugin v22.1 - https:\/\/yoast.com\/wordpress\/plugins\/seo\/ -->\n<title>Dreven\u00fd p\u00edsac\u00ed st\u00f4l Black Desk 60 x 120 cm - 40 mm \u00bb &#187; iKuchyne iSHOP s n\u00e1bytkom<\/title>\n<meta name=\"description\" content=\"K\u00fapte si u n\u00e1s Dreven\u00fd p\u00edsac\u00ed st\u00f4l Black Desk 60 x 120 cm - 40 mm \u00bb za akciov\u00fa cenu. R\u00fdchle dodanie tovaru, odborn\u00e9 poradenstvo a stovky produktov skladom. Dreven\u00fd p\u00edsac\u00ed st\u00f4l Black Desk 60 x 120 cm - 40 mm \u00bb sa stane dominantou V\u00e1\u0161ho interi\u00e9ru. Internetov\u00fd obchod ikuchyne! pon\u00faka odber Dreven\u00fd p\u00edsac\u00ed st\u00f4l Black Desk 60 x 120 cm - 40 mm \u00bb u\u017e od 1 kusu.\" \/>\n<meta name=\"robots\" content=\"index, follow, max-snippet:-1, max-image-preview:large, max-video-preview:-1\" \/>\n<link rel=\"canonical\" href=\"https:\/\/www.ikuchyne.sk\/eshop\/produkt\/dreveny-pisaci-stol-black-desk-60-x-120-cm-40-mm\/\" \/>\n<meta property=\"og:locale\" content=\"sk_SK\" \/>\n<meta property=\"og:type\" content=\"article\" \/>\n<meta property=\"og:title\" content=\"Dreven\u00fd p\u00edsac\u00ed st\u00f4l Black Desk 60 x 120 cm - 40 mm \u00bb &#187; iKuchyne iSHOP s n\u00e1bytkom\" \/>\n<meta property=\"og:description\" content=\"K\u00fapte si u n\u00e1s Dreven\u00fd p\u00edsac\u00ed st\u00f4l Black Desk 60 x 120 cm - 40 mm \u00bb za akciov\u00fa cenu. R\u00fdchle dodanie tovaru, odborn\u00e9 poradenstvo a stovky produktov skladom. Dreven\u00fd p\u00edsac\u00ed st\u00f4l Black Desk 60 x 120 cm - 40 mm \u00bb sa stane dominantou V\u00e1\u0161ho interi\u00e9ru. Internetov\u00fd obchod ikuchyne! pon\u00faka odber Dreven\u00fd p\u00edsac\u00ed st\u00f4l Black Desk 60 x 120 cm - 40 mm \u00bb u\u017e od 1 kusu.\" \/>\n<meta property=\"og:url\" content=\"https:\/\/www.ikuchyne.sk\/eshop\/produkt\/dreveny-pisaci-stol-black-desk-60-x-120-cm-40-mm\/\" \/>\n<meta property=\"og:site_name\" content=\"iKuchyne iSHOP s n\u00e1bytkom\" \/>\n<meta property=\"article:publisher\" content=\"https:\/\/www.facebook.com\/ikuchyne\/\" \/>\n<meta property=\"article:modified_time\" content=\"2024-03-10T18:20:05+00:00\" \/>\n<meta property=\"og:image\" content=\"https:\/\/www.ikuchyne.sk\/eshop\/wp-content\/uploads\/2018\/06\/Pisaci-stol-Black-Desk-128cm-cierna-dub-38428.jpg\" \/>\n\t<meta property=\"og:image:width\" content=\"800\" \/>\n\t<meta property=\"og:image:height\" content=\"533\" \/>\n\t<meta property=\"og:image:type\" content=\"image\/jpeg\" \/>\n<meta name=\"twitter:card\" content=\"summary_large_image\" \/>\n<meta name=\"twitter:label1\" content=\"Predpokladan\u00fd \u010das \u010d\u00edtania\" \/>\n\t<meta name=\"twitter:data1\" content=\"1 min\u00fata\" \/>\n<script type=\"application\/ld+json\" class=\"yoast-schema-graph\">{\"@context\":\"https:\/\/schema.org\",\"@graph\":[{\"@type\":\"WebPage\",\"@id\":\"https:\/\/www.ikuchyne.sk\/eshop\/produkt\/dreveny-pisaci-stol-black-desk-60-x-120-cm-40-mm\/\",\"url\":\"https:\/\/www.ikuchyne.sk\/eshop\/produkt\/dreveny-pisaci-stol-black-desk-60-x-120-cm-40-mm\/\",\"name\":\"Dreven\u00fd p\u00edsac\u00ed st\u00f4l Black Desk 60 x 120 cm - 40 mm \u00bb &#187; iKuchyne iSHOP s n\u00e1bytkom\",\"isPartOf\":{\"@id\":\"https:\/\/www.ikuchyne.sk\/eshop\/#website\"},\"datePublished\":\"2018-07-04T16:49:23+00:00\",\"dateModified\":\"2024-03-10T18:20:05+00:00\",\"description\":\"K\u00fapte si u n\u00e1s Dreven\u00fd p\u00edsac\u00ed st\u00f4l Black Desk 60 x 120 cm - 40 mm \u00bb za akciov\u00fa cenu. R\u00fdchle dodanie tovaru, odborn\u00e9 poradenstvo a stovky produktov skladom. Dreven\u00fd p\u00edsac\u00ed st\u00f4l Black Desk 60 x 120 cm - 40 mm \u00bb sa stane dominantou V\u00e1\u0161ho interi\u00e9ru. Internetov\u00fd obchod ikuchyne! pon\u00faka odber Dreven\u00fd p\u00edsac\u00ed st\u00f4l Black Desk 60 x 120 cm - 40 mm \u00bb u\u017e od 1 kusu.\",\"breadcrumb\":{\"@id\":\"https:\/\/www.ikuchyne.sk\/eshop\/produkt\/dreveny-pisaci-stol-black-desk-60-x-120-cm-40-mm\/#breadcrumb\"},\"inLanguage\":\"sk-SK\",\"potentialAction\":[{\"@type\":\"ReadAction\",\"target\":[\"https:\/\/www.ikuchyne.sk\/eshop\/produkt\/dreveny-pisaci-stol-black-desk-60-x-120-cm-40-mm\/\"]}]},{\"@type\":\"BreadcrumbList\",\"@id\":\"https:\/\/www.ikuchyne.sk\/eshop\/produkt\/dreveny-pisaci-stol-black-desk-60-x-120-cm-40-mm\/#breadcrumb\",\"itemListElement\":[{\"@type\":\"ListItem\",\"position\":1,\"name\":\"Home\",\"item\":\"https:\/\/www.ikuchyne.sk\/eshop\/\"},{\"@type\":\"ListItem\",\"position\":2,\"name\":\"Obchod\",\"item\":\"https:\/\/www.ikuchyne.sk\/eshop\/obchod\/\"},{\"@type\":\"ListItem\",\"position\":3,\"name\":\"Dreven\u00fd p\u00edsac\u00ed st\u00f4l Black Desk 60 x 120 cm &#8211; 40 mm \u00bb\"}]},{\"@type\":\"WebSite\",\"@id\":\"https:\/\/www.ikuchyne.sk\/eshop\/#website\",\"url\":\"https:\/\/www.ikuchyne.sk\/eshop\/\",\"name\":\"iKuchyne iSHOP s n\u00e1bytkom\",\"description\":\"Jed\u00e1lensk\u00e9 stoly, stoli\u010dky, n\u00e1bytok, svietidl\u00e1...\",\"publisher\":{\"@id\":\"https:\/\/www.ikuchyne.sk\/eshop\/#organization\"},\"potentialAction\":[{\"@type\":\"SearchAction\",\"target\":{\"@type\":\"EntryPoint\",\"urlTemplate\":\"https:\/\/www.ikuchyne.sk\/eshop\/?s={search_term_string}\"},\"query-input\":\"required name=search_term_string\"}],\"inLanguage\":\"sk-SK\"},{\"@type\":\"Organization\",\"@id\":\"https:\/\/www.ikuchyne.sk\/eshop\/#organization\",\"name\":\"ikuchyne!\",\"url\":\"https:\/\/www.ikuchyne.sk\/eshop\/\",\"logo\":{\"@type\":\"ImageObject\",\"inLanguage\":\"sk-SK\",\"@id\":\"https:\/\/www.ikuchyne.sk\/eshop\/#\/schema\/logo\/image\/\",\"url\":\"https:\/\/www.ikuchyne.sk\/eshop\/wp-content\/uploads\/2017\/04\/ikuchyne-logo.jpg\",\"contentUrl\":\"https:\/\/www.ikuchyne.sk\/eshop\/wp-content\/uploads\/2017\/04\/ikuchyne-logo.jpg\",\"width\":200,\"height\":48,\"caption\":\"ikuchyne!\"},\"image\":{\"@id\":\"https:\/\/www.ikuchyne.sk\/eshop\/#\/schema\/logo\/image\/\"},\"sameAs\":[\"https:\/\/www.facebook.com\/ikuchyne\/\",\"https:\/\/www.instagram.com\/ikuchyne.sk\/\",\"https:\/\/sk.pinterest.com\/ikuchynesk\/\"]}]}<\/script>\n<!-- \/ Yoast SEO plugin. -->","yoast_head_json":{"title":"Dreven\u00fd p\u00edsac\u00ed st\u00f4l Black Desk 60 x 120 cm - 40 mm \u00bb &#187; iKuchyne iSHOP s n\u00e1bytkom","description":"K\u00fapte si u n\u00e1s Dreven\u00fd p\u00edsac\u00ed st\u00f4l Black Desk 60 x 120 cm - 40 mm \u00bb za akciov\u00fa cenu. R\u00fdchle dodanie tovaru, odborn\u00e9 poradenstvo a stovky produktov skladom. Dreven\u00fd p\u00edsac\u00ed st\u00f4l Black Desk 60 x 120 cm - 40 mm \u00bb sa stane dominantou V\u00e1\u0161ho interi\u00e9ru. Internetov\u00fd obchod ikuchyne! pon\u00faka odber Dreven\u00fd p\u00edsac\u00ed st\u00f4l Black Desk 60 x 120 cm - 40 mm \u00bb u\u017e od 1 kusu.","robots":{"index":"index","follow":"follow","max-snippet":"max-snippet:-1","max-image-preview":"max-image-preview:large","max-video-preview":"max-video-preview:-1"},"canonical":"https:\/\/www.ikuchyne.sk\/eshop\/produkt\/dreveny-pisaci-stol-black-desk-60-x-120-cm-40-mm\/","og_locale":"sk_SK","og_type":"article","og_title":"Dreven\u00fd p\u00edsac\u00ed st\u00f4l Black Desk 60 x 120 cm - 40 mm \u00bb &#187; iKuchyne iSHOP s n\u00e1bytkom","og_description":"K\u00fapte si u n\u00e1s Dreven\u00fd p\u00edsac\u00ed st\u00f4l Black Desk 60 x 120 cm - 40 mm \u00bb za akciov\u00fa cenu. R\u00fdchle dodanie tovaru, odborn\u00e9 poradenstvo a stovky produktov skladom. Dreven\u00fd p\u00edsac\u00ed st\u00f4l Black Desk 60 x 120 cm - 40 mm \u00bb sa stane dominantou V\u00e1\u0161ho interi\u00e9ru. Internetov\u00fd obchod ikuchyne! pon\u00faka odber Dreven\u00fd p\u00edsac\u00ed st\u00f4l Black Desk 60 x 120 cm - 40 mm \u00bb u\u017e od 1 kusu.","og_url":"https:\/\/www.ikuchyne.sk\/eshop\/produkt\/dreveny-pisaci-stol-black-desk-60-x-120-cm-40-mm\/","og_site_name":"iKuchyne iSHOP s n\u00e1bytkom","article_publisher":"https:\/\/www.facebook.com\/ikuchyne\/","article_modified_time":"2024-03-10T18:20:05+00:00","og_image":[{"width":800,"height":533,"url":"https:\/\/www.ikuchyne.sk\/eshop\/wp-content\/uploads\/2018\/06\/Pisaci-stol-Black-Desk-128cm-cierna-dub-38428.jpg","type":"image\/jpeg"}],"twitter_card":"summary_large_image","twitter_misc":{"Predpokladan\u00fd \u010das \u010d\u00edtania":"1 min\u00fata"},"schema":{"@context":"https:\/\/schema.org","@graph":[{"@type":"WebPage","@id":"https:\/\/www.ikuchyne.sk\/eshop\/produkt\/dreveny-pisaci-stol-black-desk-60-x-120-cm-40-mm\/","url":"https:\/\/www.ikuchyne.sk\/eshop\/produkt\/dreveny-pisaci-stol-black-desk-60-x-120-cm-40-mm\/","name":"Dreven\u00fd p\u00edsac\u00ed st\u00f4l Black Desk 60 x 120 cm - 40 mm \u00bb &#187; iKuchyne iSHOP s n\u00e1bytkom","isPartOf":{"@id":"https:\/\/www.ikuchyne.sk\/eshop\/#website"},"datePublished":"2018-07-04T16:49:23+00:00","dateModified":"2024-03-10T18:20:05+00:00","description":"K\u00fapte si u n\u00e1s Dreven\u00fd p\u00edsac\u00ed st\u00f4l Black Desk 60 x 120 cm - 40 mm \u00bb za akciov\u00fa cenu. R\u00fdchle dodanie tovaru, odborn\u00e9 poradenstvo a stovky produktov skladom. Dreven\u00fd p\u00edsac\u00ed st\u00f4l Black Desk 60 x 120 cm - 40 mm \u00bb sa stane dominantou V\u00e1\u0161ho interi\u00e9ru. Internetov\u00fd obchod ikuchyne! pon\u00faka odber Dreven\u00fd p\u00edsac\u00ed st\u00f4l Black Desk 60 x 120 cm - 40 mm \u00bb u\u017e od 1 kusu.","breadcrumb":{"@id":"https:\/\/www.ikuchyne.sk\/eshop\/produkt\/dreveny-pisaci-stol-black-desk-60-x-120-cm-40-mm\/#breadcrumb"},"inLanguage":"sk-SK","potentialAction":[{"@type":"ReadAction","target":["https:\/\/www.ikuchyne.sk\/eshop\/produkt\/dreveny-pisaci-stol-black-desk-60-x-120-cm-40-mm\/"]}]},{"@type":"BreadcrumbList","@id":"https:\/\/www.ikuchyne.sk\/eshop\/produkt\/dreveny-pisaci-stol-black-desk-60-x-120-cm-40-mm\/#breadcrumb","itemListElement":[{"@type":"ListItem","position":1,"name":"Home","item":"https:\/\/www.ikuchyne.sk\/eshop\/"},{"@type":"ListItem","position":2,"name":"Obchod","item":"https:\/\/www.ikuchyne.sk\/eshop\/obchod\/"},{"@type":"ListItem","position":3,"name":"Dreven\u00fd p\u00edsac\u00ed st\u00f4l Black Desk 60 x 120 cm &#8211; 40 mm \u00bb"}]},{"@type":"WebSite","@id":"https:\/\/www.ikuchyne.sk\/eshop\/#website","url":"https:\/\/www.ikuchyne.sk\/eshop\/","name":"iKuchyne iSHOP s n\u00e1bytkom","description":"Jed\u00e1lensk\u00e9 stoly, stoli\u010dky, n\u00e1bytok, svietidl\u00e1...","publisher":{"@id":"https:\/\/www.ikuchyne.sk\/eshop\/#organization"},"potentialAction":[{"@type":"SearchAction","target":{"@type":"EntryPoint","urlTemplate":"https:\/\/www.ikuchyne.sk\/eshop\/?s={search_term_string}"},"query-input":"required name=search_term_string"}],"inLanguage":"sk-SK"},{"@type":"Organization","@id":"https:\/\/www.ikuchyne.sk\/eshop\/#organization","name":"ikuchyne!","url":"https:\/\/www.ikuchyne.sk\/eshop\/","logo":{"@type":"ImageObject","inLanguage":"sk-SK","@id":"https:\/\/www.ikuchyne.sk\/eshop\/#\/schema\/logo\/image\/","url":"https:\/\/www.ikuchyne.sk\/eshop\/wp-content\/uploads\/2017\/04\/ikuchyne-logo.jpg","contentUrl":"https:\/\/www.ikuchyne.sk\/eshop\/wp-content\/uploads\/2017\/04\/ikuchyne-logo.jpg","width":200,"height":48,"caption":"ikuchyne!"},"image":{"@id":"https:\/\/www.ikuchyne.sk\/eshop\/#\/schema\/logo\/image\/"},"sameAs":["https:\/\/www.facebook.com\/ikuchyne\/","https:\/\/www.instagram.com\/ikuchyne.sk\/","https:\/\/sk.pinterest.com\/ikuchynesk\/"]}]}},"_links":{"self":[{"href":"https:\/\/www.ikuchyne.sk\/eshop\/wp-json\/wp\/v2\/product\/77805"}],"collection":[{"href":"https:\/\/www.ikuchyne.sk\/eshop\/wp-json\/wp\/v2\/product"}],"about":[{"href":"https:\/\/www.ikuchyne.sk\/eshop\/wp-json\/wp\/v2\/types\/product"}],"replies":[{"embeddable":true,"href":"https:\/\/www.ikuchyne.sk\/eshop\/wp-json\/wp\/v2\/comments?post=77805"}],"wp:featuredmedia":[{"embeddable":true,"href":"https:\/\/www.ikuchyne.sk\/eshop\/wp-json\/wp\/v2\/media\/77806"}],"wp:attachment":[{"href":"https:\/\/www.ikuchyne.sk\/eshop\/wp-json\/wp\/v2\/media?parent=77805"}],"wp:term":[{"taxonomy":"product_cat","embeddable":true,"href":"https:\/\/www.ikuchyne.sk\/eshop\/wp-json\/wp\/v2\/product_cat?post=77805"},{"taxonomy":"product_tag","embeddable":true,"href":"https:\/\/www.ikuchyne.sk\/eshop\/wp-json\/wp\/v2\/product_tag?post=77805"}],"curies":[{"name":"wp","href":"https:\/\/api.w.org\/{rel}","templated":true}]}}