{"id":77911,"date":"2018-07-04T18:37:47","date_gmt":"2018-07-04T16:37:47","guid":{"rendered":"https:\/\/ikuchyne.sk\/eshop\/?post_type=product&#038;p=77911"},"modified":"2024-03-10T19:20:05","modified_gmt":"2024-03-10T18:20:05","slug":"hneda-jedalenska-stolicka-supreme","status":"publish","type":"product","link":"https:\/\/www.ikuchyne.sk\/eshop\/produkt\/hneda-jedalenska-stolicka-supreme\/","title":{"rendered":"Hned\u00e1 jed\u00e1lensk\u00e1 stoli\u010dka Supreme \u00bb"},"content":{"rendered":"<h1>Hned\u00e1 jed\u00e1lensk\u00e1 stoli\u010dka Supreme \u00bb<\/h1>\n<h4><strong>V\u0161eobecn\u00fd popis:<\/strong><\/h4>\n<p>Hned\u00e1 jed\u00e1lensk\u00e1 stoli\u010dka Supreme s pohodln\u00fdm \u010dal\u00fanen\u00edm pre optim\u00e1lne pohodlie sedenia. Stabiln\u00e9 nohy z mas\u00edvneho dreva zais\u0165uj\u00fa bezpe\u010dn\u00e9 st\u00e1tie na akomko\u013evek povrchu. Jed\u00e1lensk\u00e1 stoli\u010dka dokonalo zapad\u00e1 do \u0161kandin\u00e1vskeho dizajnu. Pou\u017eite stoli\u010dku k svojmu jed\u00e1lensk\u00e9mu stolu alebo ako kancel\u00e1rsku stoli\u010dku!<\/p>\n<p>Pohodln\u00e9, komfortn\u00e9 sedenie a vynikaj\u00faci dizajn. T\u00e1to hned\u00e1 jed\u00e1lensk\u00e1 stoli\u010dka Supreme je skuto\u010dnou dizajnovou klasikou. Zaujme trendov\u00fdm \u0161kandin\u00e1vskym vzh\u013eadom, ktor\u00fd je mo\u017en\u00e9 \u0161ikovne integrova\u0165 do ka\u017ed\u00e9ho interi\u00e9ru. Z\u00e1rove\u0148 zaujme pohodlnou sedacou \u010das\u0165ou, ktor\u00e1 je pokryt\u00e1 vysoko kvalitn\u00fdm mikrovl\u00e1knom a vykazuje jasn\u00e9 l\u00ednie. Stoli\u010dka zais\u0165uje \u0161t\u00fdlov\u00fd, ale z\u00e1rove\u0148 modern\u00fd dizajn, ktor\u00fd zapadne do prostredia va\u0161ej dom\u00e1cnosti. V\u010faka \u010dal\u00faneniu a lak\u0165ov\u00fdm opierkam pon\u00faka sedadlo mimoriadne vysok\u00fd komfort a zais\u0165uje dlh\u00e9 a pohodln\u00e9 sedenie.<\/p>\n<p>Z\u00edskajte \u0161kandin\u00e1vsky dizajn vo svojom prostred\u00ed! Okrem nad\u010dasov\u00e9ho tvaru s\u00fa vizu\u00e1lnym vrcholom nohy z mas\u00edvneho dreva, ktor\u00e9 dokonale priliehaj\u00fa k \u010dal\u00fanenej sedacej \u010dasti. Dizajn rob\u00ed stoli\u010dku vhodnou vo\u013ebou pre ka\u017ed\u00fa miestnos\u0165 vo va\u0161om dome. Stoli\u010dku m\u00f4\u017eete pou\u017ei\u0165 v\u0161ade tam, kde je potrebn\u00e9 pohodln\u00e9 sedenie. Skuto\u010dn\u00fd p\u00fata\u010d o\u010d\u00ed, ktor\u00fd do v\u00e1\u0161ho domova vn\u00e1\u0161a seversk\u00fd sp\u00f4sob \u017eivota!<\/p>\n<p><strong>Detaily produktu:<\/strong><\/p>\n<p>Stabiln\u00e9 st\u00e1tie poskytuj\u00fa nohy z mas\u00edvneho dreva. Pohodln\u00e9 \u010dal\u00fanenie pre optim\u00e1lne pohodlie sedenia. Po\u0165ah z mikrovl\u00e1kna je obzvl\u00e1\u0161\u0165 odoln\u00fd.. Max. nosnos\u0165: cca 120 kg. Tento po\u0165ah je vyroben\u00fd z odoln\u00e9ho mikrovl\u00e1kna. Tkaniny z mikrovl\u00e1kien s\u00fa ve\u013emi m\u00e4kk\u00e9 a mimoriadne tvarovo st\u00e1le. Po\u0165ah r\u00fdchlo schne, ve\u013emi dobre sa \u010dist\u00ed. Vhodn\u00e9 bytov\u00e9 doplnky a n\u00e1bytok pre kombinovanie interi\u00e9ru s touto stoli\u010dkou n\u00e1jdete na na\u0161om e-shope v sekcii Bytov\u00e9 doplnky. Kontaktujte n\u00e1s a my v\u00e1m radi pom\u00f4\u017eeme s v\u00fdberom vhodn\u00fdch dekor\u00e1ci\u00ed a n\u00e1bytku do va\u0161ej dom\u00e1cnosti.<\/p>\n<p><strong>Rozmery (cca):<\/strong><br \/>\n57cm x 83cm x 62cm (\u0160xVxH)<\/p>\n<p><b>Farba:\u00a0<\/b>hned\u00e1, pr\u00edrodn\u00e1<br \/>\n<b>Materi\u00e1l: <\/b><br \/>\nPo\u0165ah: mikrovl\u00e1kno, 100% polyester<br \/>\nR\u00e1m: kov<\/p>\n<p>Dodato\u010dn\u00e9 inform\u00e1cie:<\/p>\n<p>V pr\u00edpade z\u00e1ujmu o in\u00e9 stoli\u010dky &#8211; jed\u00e1lensk\u00e9, barov\u00e9, kancel\u00e1rske, nav\u0161t\u00edvte sekciu stoli\u010dky na <a href=\"https:\/\/www.ikuchyne.sk\/eshop\/kategoria\/stolicky\/\">www.ikuchyne.sk\/eshop<\/a><br \/>\nV pr\u00edpade z\u00e1ujmu o n\u00e1bytok na mieru n\u00e1s kontaktuje na <a href=\"http:\/\/www.ikuchyne.sk\">www.ikuchyne.sk<\/a><\/p>\n","protected":false},"excerpt":{"rendered":"<p>Hned\u00e1 jed\u00e1lensk\u00e1 stoli\u010dka Supreme \u00bb V\u0161eobecn\u00fd popis: Hned\u00e1 jed\u00e1lensk\u00e1 stoli\u010dka Supreme s pohodln\u00fdm \u010dal\u00fanen\u00edm pre optim\u00e1lne pohodlie sedenia. Stabiln\u00e9 nohy z mas\u00edvneho dreva zais\u0165uj\u00fa bezpe\u010dn\u00e9 st\u00e1tie na akomko\u013evek povrchu. Jed\u00e1lensk\u00e1<\/p>\n","protected":false},"featured_media":77912,"comment_status":"open","ping_status":"closed","template":"","meta":[],"product_cat":[310,823,827,830,819],"product_tag":[192,261],"yoast_head":"<!-- This site is optimized with the Yoast SEO plugin v22.1 - https:\/\/yoast.com\/wordpress\/plugins\/seo\/ -->\n<title>Hned\u00e1 jed\u00e1lensk\u00e1 stoli\u010dka Supreme \u00bb &#187; iKuchyne iSHOP s n\u00e1bytkom<\/title>\n<meta name=\"description\" content=\"Hned\u00e1 jed\u00e1lensk\u00e1 stoli\u010dka Supreme \u00bb - r\u00fdchle dodanie, poradenstvo, n\u00e1bytok skladom v Bratislave s ikuchyne.sk - kuchyne na mieru.\" \/>\n<meta name=\"robots\" content=\"index, follow, max-snippet:-1, max-image-preview:large, max-video-preview:-1\" \/>\n<link rel=\"canonical\" href=\"https:\/\/www.ikuchyne.sk\/eshop\/produkt\/hneda-jedalenska-stolicka-supreme\/\" \/>\n<meta property=\"og:locale\" content=\"sk_SK\" \/>\n<meta property=\"og:type\" content=\"article\" \/>\n<meta property=\"og:title\" content=\"Hned\u00e1 jed\u00e1lensk\u00e1 stoli\u010dka Supreme \u00bb &#187; iKuchyne iSHOP s n\u00e1bytkom\" \/>\n<meta property=\"og:description\" content=\"Hned\u00e1 jed\u00e1lensk\u00e1 stoli\u010dka Supreme \u00bb - r\u00fdchle dodanie, poradenstvo, n\u00e1bytok skladom v Bratislave s ikuchyne.sk - kuchyne na mieru.\" \/>\n<meta property=\"og:url\" content=\"https:\/\/www.ikuchyne.sk\/eshop\/produkt\/hneda-jedalenska-stolicka-supreme\/\" \/>\n<meta property=\"og:site_name\" content=\"iKuchyne iSHOP s n\u00e1bytkom\" \/>\n<meta property=\"article:publisher\" content=\"https:\/\/www.facebook.com\/ikuchyne\/\" \/>\n<meta property=\"article:modified_time\" content=\"2024-03-10T18:20:05+00:00\" \/>\n<meta property=\"og:image\" content=\"https:\/\/www.ikuchyne.sk\/eshop\/wp-content\/uploads\/2018\/06\/Stolicka-Supreme-vintage-hneda-37871.jpg\" \/>\n\t<meta property=\"og:image:width\" content=\"800\" \/>\n\t<meta property=\"og:image:height\" content=\"533\" \/>\n\t<meta property=\"og:image:type\" content=\"image\/jpeg\" \/>\n<meta name=\"twitter:card\" content=\"summary_large_image\" \/>\n<meta name=\"twitter:label1\" content=\"Predpokladan\u00fd \u010das \u010d\u00edtania\" \/>\n\t<meta name=\"twitter:data1\" content=\"2 min\u00faty\" \/>\n<script type=\"application\/ld+json\" class=\"yoast-schema-graph\">{\"@context\":\"https:\/\/schema.org\",\"@graph\":[{\"@type\":\"WebPage\",\"@id\":\"https:\/\/www.ikuchyne.sk\/eshop\/produkt\/hneda-jedalenska-stolicka-supreme\/\",\"url\":\"https:\/\/www.ikuchyne.sk\/eshop\/produkt\/hneda-jedalenska-stolicka-supreme\/\",\"name\":\"Hned\u00e1 jed\u00e1lensk\u00e1 stoli\u010dka Supreme \u00bb &#187; iKuchyne iSHOP s n\u00e1bytkom\",\"isPartOf\":{\"@id\":\"https:\/\/www.ikuchyne.sk\/eshop\/#website\"},\"datePublished\":\"2018-07-04T16:37:47+00:00\",\"dateModified\":\"2024-03-10T18:20:05+00:00\",\"description\":\"Hned\u00e1 jed\u00e1lensk\u00e1 stoli\u010dka Supreme \u00bb - r\u00fdchle dodanie, poradenstvo, n\u00e1bytok skladom v Bratislave s ikuchyne.sk - kuchyne na mieru.\",\"breadcrumb\":{\"@id\":\"https:\/\/www.ikuchyne.sk\/eshop\/produkt\/hneda-jedalenska-stolicka-supreme\/#breadcrumb\"},\"inLanguage\":\"sk-SK\",\"potentialAction\":[{\"@type\":\"ReadAction\",\"target\":[\"https:\/\/www.ikuchyne.sk\/eshop\/produkt\/hneda-jedalenska-stolicka-supreme\/\"]}]},{\"@type\":\"BreadcrumbList\",\"@id\":\"https:\/\/www.ikuchyne.sk\/eshop\/produkt\/hneda-jedalenska-stolicka-supreme\/#breadcrumb\",\"itemListElement\":[{\"@type\":\"ListItem\",\"position\":1,\"name\":\"Home\",\"item\":\"https:\/\/www.ikuchyne.sk\/eshop\/\"},{\"@type\":\"ListItem\",\"position\":2,\"name\":\"Obchod\",\"item\":\"https:\/\/www.ikuchyne.sk\/eshop\/obchod\/\"},{\"@type\":\"ListItem\",\"position\":3,\"name\":\"Hned\u00e1 jed\u00e1lensk\u00e1 stoli\u010dka Supreme \u00bb\"}]},{\"@type\":\"WebSite\",\"@id\":\"https:\/\/www.ikuchyne.sk\/eshop\/#website\",\"url\":\"https:\/\/www.ikuchyne.sk\/eshop\/\",\"name\":\"iKuchyne iSHOP s n\u00e1bytkom\",\"description\":\"Jed\u00e1lensk\u00e9 stoly, stoli\u010dky, n\u00e1bytok, svietidl\u00e1...\",\"publisher\":{\"@id\":\"https:\/\/www.ikuchyne.sk\/eshop\/#organization\"},\"potentialAction\":[{\"@type\":\"SearchAction\",\"target\":{\"@type\":\"EntryPoint\",\"urlTemplate\":\"https:\/\/www.ikuchyne.sk\/eshop\/?s={search_term_string}\"},\"query-input\":\"required name=search_term_string\"}],\"inLanguage\":\"sk-SK\"},{\"@type\":\"Organization\",\"@id\":\"https:\/\/www.ikuchyne.sk\/eshop\/#organization\",\"name\":\"ikuchyne!\",\"url\":\"https:\/\/www.ikuchyne.sk\/eshop\/\",\"logo\":{\"@type\":\"ImageObject\",\"inLanguage\":\"sk-SK\",\"@id\":\"https:\/\/www.ikuchyne.sk\/eshop\/#\/schema\/logo\/image\/\",\"url\":\"https:\/\/www.ikuchyne.sk\/eshop\/wp-content\/uploads\/2017\/04\/ikuchyne-logo.jpg\",\"contentUrl\":\"https:\/\/www.ikuchyne.sk\/eshop\/wp-content\/uploads\/2017\/04\/ikuchyne-logo.jpg\",\"width\":200,\"height\":48,\"caption\":\"ikuchyne!\"},\"image\":{\"@id\":\"https:\/\/www.ikuchyne.sk\/eshop\/#\/schema\/logo\/image\/\"},\"sameAs\":[\"https:\/\/www.facebook.com\/ikuchyne\/\",\"https:\/\/www.instagram.com\/ikuchyne.sk\/\",\"https:\/\/sk.pinterest.com\/ikuchynesk\/\"]}]}<\/script>\n<!-- \/ Yoast SEO plugin. -->","yoast_head_json":{"title":"Hned\u00e1 jed\u00e1lensk\u00e1 stoli\u010dka Supreme \u00bb &#187; iKuchyne iSHOP s n\u00e1bytkom","description":"Hned\u00e1 jed\u00e1lensk\u00e1 stoli\u010dka Supreme \u00bb - r\u00fdchle dodanie, poradenstvo, n\u00e1bytok skladom v Bratislave s ikuchyne.sk - kuchyne na mieru.","robots":{"index":"index","follow":"follow","max-snippet":"max-snippet:-1","max-image-preview":"max-image-preview:large","max-video-preview":"max-video-preview:-1"},"canonical":"https:\/\/www.ikuchyne.sk\/eshop\/produkt\/hneda-jedalenska-stolicka-supreme\/","og_locale":"sk_SK","og_type":"article","og_title":"Hned\u00e1 jed\u00e1lensk\u00e1 stoli\u010dka Supreme \u00bb &#187; iKuchyne iSHOP s n\u00e1bytkom","og_description":"Hned\u00e1 jed\u00e1lensk\u00e1 stoli\u010dka Supreme \u00bb - r\u00fdchle dodanie, poradenstvo, n\u00e1bytok skladom v Bratislave s ikuchyne.sk - kuchyne na mieru.","og_url":"https:\/\/www.ikuchyne.sk\/eshop\/produkt\/hneda-jedalenska-stolicka-supreme\/","og_site_name":"iKuchyne iSHOP s n\u00e1bytkom","article_publisher":"https:\/\/www.facebook.com\/ikuchyne\/","article_modified_time":"2024-03-10T18:20:05+00:00","og_image":[{"width":800,"height":533,"url":"https:\/\/www.ikuchyne.sk\/eshop\/wp-content\/uploads\/2018\/06\/Stolicka-Supreme-vintage-hneda-37871.jpg","type":"image\/jpeg"}],"twitter_card":"summary_large_image","twitter_misc":{"Predpokladan\u00fd \u010das \u010d\u00edtania":"2 min\u00faty"},"schema":{"@context":"https:\/\/schema.org","@graph":[{"@type":"WebPage","@id":"https:\/\/www.ikuchyne.sk\/eshop\/produkt\/hneda-jedalenska-stolicka-supreme\/","url":"https:\/\/www.ikuchyne.sk\/eshop\/produkt\/hneda-jedalenska-stolicka-supreme\/","name":"Hned\u00e1 jed\u00e1lensk\u00e1 stoli\u010dka Supreme \u00bb &#187; iKuchyne iSHOP s n\u00e1bytkom","isPartOf":{"@id":"https:\/\/www.ikuchyne.sk\/eshop\/#website"},"datePublished":"2018-07-04T16:37:47+00:00","dateModified":"2024-03-10T18:20:05+00:00","description":"Hned\u00e1 jed\u00e1lensk\u00e1 stoli\u010dka Supreme \u00bb - r\u00fdchle dodanie, poradenstvo, n\u00e1bytok skladom v Bratislave s ikuchyne.sk - kuchyne na mieru.","breadcrumb":{"@id":"https:\/\/www.ikuchyne.sk\/eshop\/produkt\/hneda-jedalenska-stolicka-supreme\/#breadcrumb"},"inLanguage":"sk-SK","potentialAction":[{"@type":"ReadAction","target":["https:\/\/www.ikuchyne.sk\/eshop\/produkt\/hneda-jedalenska-stolicka-supreme\/"]}]},{"@type":"BreadcrumbList","@id":"https:\/\/www.ikuchyne.sk\/eshop\/produkt\/hneda-jedalenska-stolicka-supreme\/#breadcrumb","itemListElement":[{"@type":"ListItem","position":1,"name":"Home","item":"https:\/\/www.ikuchyne.sk\/eshop\/"},{"@type":"ListItem","position":2,"name":"Obchod","item":"https:\/\/www.ikuchyne.sk\/eshop\/obchod\/"},{"@type":"ListItem","position":3,"name":"Hned\u00e1 jed\u00e1lensk\u00e1 stoli\u010dka Supreme \u00bb"}]},{"@type":"WebSite","@id":"https:\/\/www.ikuchyne.sk\/eshop\/#website","url":"https:\/\/www.ikuchyne.sk\/eshop\/","name":"iKuchyne iSHOP s n\u00e1bytkom","description":"Jed\u00e1lensk\u00e9 stoly, stoli\u010dky, n\u00e1bytok, svietidl\u00e1...","publisher":{"@id":"https:\/\/www.ikuchyne.sk\/eshop\/#organization"},"potentialAction":[{"@type":"SearchAction","target":{"@type":"EntryPoint","urlTemplate":"https:\/\/www.ikuchyne.sk\/eshop\/?s={search_term_string}"},"query-input":"required name=search_term_string"}],"inLanguage":"sk-SK"},{"@type":"Organization","@id":"https:\/\/www.ikuchyne.sk\/eshop\/#organization","name":"ikuchyne!","url":"https:\/\/www.ikuchyne.sk\/eshop\/","logo":{"@type":"ImageObject","inLanguage":"sk-SK","@id":"https:\/\/www.ikuchyne.sk\/eshop\/#\/schema\/logo\/image\/","url":"https:\/\/www.ikuchyne.sk\/eshop\/wp-content\/uploads\/2017\/04\/ikuchyne-logo.jpg","contentUrl":"https:\/\/www.ikuchyne.sk\/eshop\/wp-content\/uploads\/2017\/04\/ikuchyne-logo.jpg","width":200,"height":48,"caption":"ikuchyne!"},"image":{"@id":"https:\/\/www.ikuchyne.sk\/eshop\/#\/schema\/logo\/image\/"},"sameAs":["https:\/\/www.facebook.com\/ikuchyne\/","https:\/\/www.instagram.com\/ikuchyne.sk\/","https:\/\/sk.pinterest.com\/ikuchynesk\/"]}]}},"_links":{"self":[{"href":"https:\/\/www.ikuchyne.sk\/eshop\/wp-json\/wp\/v2\/product\/77911"}],"collection":[{"href":"https:\/\/www.ikuchyne.sk\/eshop\/wp-json\/wp\/v2\/product"}],"about":[{"href":"https:\/\/www.ikuchyne.sk\/eshop\/wp-json\/wp\/v2\/types\/product"}],"replies":[{"embeddable":true,"href":"https:\/\/www.ikuchyne.sk\/eshop\/wp-json\/wp\/v2\/comments?post=77911"}],"wp:featuredmedia":[{"embeddable":true,"href":"https:\/\/www.ikuchyne.sk\/eshop\/wp-json\/wp\/v2\/media\/77912"}],"wp:attachment":[{"href":"https:\/\/www.ikuchyne.sk\/eshop\/wp-json\/wp\/v2\/media?parent=77911"}],"wp:term":[{"taxonomy":"product_cat","embeddable":true,"href":"https:\/\/www.ikuchyne.sk\/eshop\/wp-json\/wp\/v2\/product_cat?post=77911"},{"taxonomy":"product_tag","embeddable":true,"href":"https:\/\/www.ikuchyne.sk\/eshop\/wp-json\/wp\/v2\/product_tag?post=77911"}],"curies":[{"name":"wp","href":"https:\/\/api.w.org\/{rel}","templated":true}]}}